{"id":24946,"date":"2017-03-08T20:05:31","date_gmt":"2017-03-08T20:05:31","guid":{"rendered":"https:\/\/www.nordictrans.com\/?page_id=24946\/"},"modified":"2018-02-08T14:32:35","modified_gmt":"2018-02-08T14:32:35","slug":"oversattningstjanster-for-foretag","status":"publish","type":"page","link":"https:\/\/www.nordictrans.com\/sv\/undustriinriktning\/oversattningstjanster-for-foretag\/","title":{"rendered":"\u00d6vers\u00e4ttningstj\u00e4nster f\u00f6r f\u00f6retag"},"content":{"rendered":"<div class=\"wpb-content-wrapper\"><p>[vc_row][vc_column]\n\t\t\t<!-- START Business Translation REVOLUTION SLIDER 6.6.16 --><p class=\"rs-p-wp-fix\"><\/p>\n\t\t\t<rs-module-wrap id=\"rev_slider_22_1_wrapper\" data-source=\"gallery\" style=\"visibility:hidden;background:transparent;padding:0;margin:0px auto;margin-top:0;margin-bottom:0;\">\n\t\t\t\t<rs-module id=\"rev_slider_22_1\" style=\"\" data-version=\"6.6.16\">\n\t\t\t\t\t<rs-slides style=\"overflow: hidden; position: absolute;\">\n\t\t\t\t\t\t<rs-slide style=\"position: absolute;\" data-key=\"rs-134\" data-title=\"Slide\" data-anim=\"adpr:false;\">\n\t\t\t\t\t\t\t<img decoding=\"async\" src=\"\/\/www.nordictrans.com\/wp-content\/plugins\/revslider\/public\/assets\/assets\/dummy.png\" alt=\"\" title=\"\u00d6vers\u00e4ttningstj\u00e4nster f\u00f6r f\u00f6retag\" class=\"rev-slidebg tp-rs-img rs-lazyload\" data-lazyload=\"\/\/www.nordictrans.com\/wp-content\/uploads\/2018\/05\/business-translation-services.png\" data-parallax=\"15\" data-no-retina>\n<!--\n\t\t\t\t\t\t\t--><rs-layer\n\t\t\t\t\t\t\t\tid=\"slider-22-slide-134-layer-1\" \n\t\t\t\t\t\t\t\tdata-type=\"text\"\n\t\t\t\t\t\t\t\tdata-color=\"rgba(255,255,255,1)\"\n\t\t\t\t\t\t\t\tdata-rsp_ch=\"on\"\n\t\t\t\t\t\t\t\tdata-xy=\"x:l,l,l,c;y:m;\"\n\t\t\t\t\t\t\t\tdata-text=\"s:60,50,40,30;l:60,50,40,30;fw:700;a:left,left,left,center;\"\n\t\t\t\t\t\t\t\tdata-frame_0=\"tp:600;\"\n\t\t\t\t\t\t\t\tdata-frame_1=\"tp:600;st:0;\"\n\t\t\t\t\t\t\t\tdata-frame_999=\"o:0;tp:600;st:w;sR:8700.0006103516;\"\n\t\t\t\t\t\t\t\tstyle=\"z-index:5;font-family:'Open Sans';opacity:0.6;\"\n\t\t\t\t\t\t\t>\n\u00d6VERS\u00c4TTNINGSTJ\u00c4NSTER<br\/>\nF\u00d6R F\u00d6RETAG \n\t\t\t\t\t\t\t<\/rs-layer><!--\n-->\t\t\t\t\t\t<\/rs-slide>\n\t\t\t\t\t<\/rs-slides>\n\t\t\t\t<\/rs-module>\n\t\t\t\t<script>\n\t\t\t\t\tsetREVStartSize({c: 'rev_slider_22_1',rl:[1240,1024,778,480],el:[655,600,500,400],gw:[1240,1024,778,480],gh:[655,600,500,400],type:'hero',justify:'',layout:'fullwidth',mh:\"0\"});if (window.RS_MODULES!==undefined && window.RS_MODULES.modules!==undefined && window.RS_MODULES.modules[\"revslider221\"]!==undefined) {window.RS_MODULES.modules[\"revslider221\"].once = false;window.revapi22 = undefined;if (window.RS_MODULES.checkMinimal!==undefined) window.RS_MODULES.checkMinimal()}\n\t\t\t\t<\/script>\n\t\t\t<\/rs-module-wrap>\n\t\t\t<!-- END REVOLUTION SLIDER -->\n[\/vc_column][\/vc_row][vc_row][vc_column][vc_raw_html]JTNDZGl2JTIwaWQlM0QlMjJzZWNvbmRfYnJlZCUyMiUyMGNsYXNzJTNEJTIyd2YtdGQlMjIlM0UlM0MlMkZkaXYlM0U=[\/vc_raw_html][\/vc_column][\/vc_row][vc_row rowtype=&#8221;fullw&#8221; textalign=&#8221;center&#8221;][vc_column][vc_empty_space][vc_column_text]<\/p>\n<h1 style=\"text-align: center; color: #2c5a85; font-weight: bold;\">\u00d6vers\u00e4ttningstj\u00e4nster F\u00f6r F\u00f6retag<\/h1>\n<p>[\/vc_column_text][vc_empty_space][vc_row_inner][vc_column_inner][vc_column_text]Det finns ett riktigt bra sk\u00e4l till varf\u00f6r ni beh\u00f6ver t\u00e4nka p\u00e5 att anv\u00e4nda \u00f6vers\u00e4ttningstj\u00e4nster f\u00f6r f\u00f6retag idag. Idag \u00e4r det ett faktum att aff\u00e4rerna str\u00e4cker sig till alla h\u00f6rn av v\u00e4rlden, och tack vare detta finns det en stor chans att du n\u00e5gon g\u00e5ng tr\u00e4ffar p\u00e5 en partner eller en klient vars behov bara kan m\u00f6tas om du anv\u00e4nder dig av \u00f6vers\u00e4ttningstj\u00e4nster. Det \u00e4r d\u00e4rf\u00f6r vi erbjuder \u00f6vers\u00e4ttning \u00e5t f\u00f6retagskunder. Det h\u00e4r \u00e4r en tj\u00e4nst som du beh\u00f6ver g\u00f6ra det b\u00e4sta av, s\u00e4rskilt n\u00e4r du t\u00e4nker p\u00e5 det faktum att vi s\u00e5 h\u00e4r l\u00e5ngt \u00e4r en av de b\u00e4sta n\u00e4r det r\u00f6r f\u00f6retagsinriktade \u00f6vers\u00e4ttningsbyr\u00e5er.<\/p>\n<p>Det g\u00e5r inte att fokusera p\u00e5 allt samtidigt, s\u00e4rskilt n\u00e4r ni driver ett f\u00f6retag som verkar p\u00e5 en internationell niv\u00e5. F\u00f6retag har under l\u00e5ng tid tagit till sig f\u00f6r\u00e4ndring och m\u00e5ngfald, och om ert har den inst\u00e4llningen s\u00e5 kan ni k\u00e4nna er lugna. V\u00e5r k\u00e4rnverksamhet inom \u00f6vers\u00e4ttningstj\u00e4nster \u00e5t f\u00f6retag \u00e4r att se till att vi hj\u00e4lper er att levandeg\u00f6ra er verksamhet.[\/vc_column_text][\/vc_column_inner][\/vc_row_inner][\/vc_column][\/vc_row][vc_row padding=&#8221;20px 0&#8243;][vc_column][vc_empty_space height=&#8221;50px&#8221;][vc_row_inner][vc_column_inner width=&#8221;1\/2&#8243;][vc_single_image image=&#8221;6539&#8243; img_size=&#8221;full&#8221; alignment=&#8221;center&#8221; css_animation=&#8221;fadeInLeft&#8221;][vc_empty_space][\/vc_column_inner][vc_column_inner width=&#8221;1\/2&#8243;][vc_text_separator title=&#8221;\u00d6vers\u00e4ttningar f\u00f6r f\u00f6retag av h\u00f6gsta kvalitet&#8221; style=&#8221;double&#8221;][vc_empty_space][vc_column_text css_animation=&#8221;fadeInRight&#8221;]<\/p>\n<p style=\"text-align: left;\">Om ert f\u00f6retag marknadsf\u00f6r sina produkter p\u00e5 den internationella arenan vet ni redan att f\u00f6retagsm\u00e4ssiga \u00f6vers\u00e4ttningstj\u00e4nster \u00e4r ett m\u00e5ste. H\u00e4r kommer n\u00e5gra orsaker till varf\u00f6r ni skulle vilja samarbeta med den st\u00f6rsta nordiska \u00f6vers\u00e4ttningsbyr\u00e5n:<\/p>\n<div style=\"width: 250px; margin-right: auto; margin-left: auto; text-align: left;\">\n<p style=\"text-align: left;\"><i class=\"fa fa-check-circle fa-lg\" style=\"color: #81d742;\"><\/i><strong>\u00a0 Specialiserade p\u00e5 nordiska spr\u00e5k<\/strong><\/p>\n<p style=\"text-align: left;\"><i class=\"fa fa-check-circle fa-lg\" style=\"color: #81d742;\"><\/i><strong>\u00a0 H\u00f6gutbildade \u00f6vers\u00e4ttare<\/strong><\/p>\n<p style=\"text-align: left;\"><i class=\"fa fa-check-circle fa-lg\" style=\"color: #81d742;\"><\/i><strong>\u00a0 Kvalitetstj\u00e4nster inom \u00f6vers\u00e4ttning<\/strong><\/p>\n<p style=\"text-align: left;\"><i class=\"fa fa-check-circle fa-lg\" style=\"color: #81d742;\"><\/i><strong>\u00a0 Rimliga kostnader<\/strong><\/p>\n<p style=\"text-align: left;\"><i class=\"fa fa-check-circle fa-lg\" style=\"color: #81d742;\"><\/i><strong>\u00a0 Support dygnet runt<\/strong><\/p>\n<\/div>\n<p>[\/vc_column_text][\/vc_column_inner][\/vc_row_inner][vc_empty_space height=&#8221;50px&#8221;][\/vc_column][\/vc_row][vc_row rowtype=&#8221;fullw&#8221; padding=&#8221;20px 0&#8243;][vc_column][vc_empty_space][vc_custom_heading text=&#8221;Prisv\u00e4rda men \u00e4nd\u00e5 h\u00f6gkvalitativa tj\u00e4nster&#8221; font_container=&#8221;tag:h2|text_align:center|color:%23353535&#8243; google_fonts=&#8221;font_family:Roboto%20Slab%3A100%2C300%2Cregular%2C700|font_style:400%20regular%3A400%3Anormal&#8221;][vc_empty_space][vc_separator color=&#8221;custom&#8221; border_width=&#8221;2&#8243; el_width=&#8221;10&#8243; accent_color=&#8221;#999999&#8243;][vc_empty_space][vc_column_text]Om ni n\u00e5gonsin har letat efter en \u00f6vers\u00e4ttningsbyr\u00e5 f\u00f6r f\u00f6retag som har det som kr\u00e4vs f\u00f6r att ert f\u00f6retag ska f\u00e5 sk\u00f6rda f\u00f6rdelarna av en storskalig drift, s\u00e5 beh\u00f6ver ni inte leta vidare. Med tiden har vi kunnat f\u00f6rb\u00e4ttra v\u00e5r plattform, s\u00e5 n\u00e4rhelst ni beh\u00f6ver en \u00f6vers\u00e4ttning f\u00f6r f\u00f6retaget, s\u00e5 kan ni k\u00e4nna er s\u00e4kra p\u00e5 att ert projekt hanteras med noggrannhet.<\/p>\n<p>Vi f\u00f6rst\u00e5r och uppskattar verkligen ert behov av att endast f\u00e5 b\u00e4sta t\u00e4nkbara service, och av den anledningen har vi ocks\u00e5 \u00e5tagit oss att st\u00e4ndigt f\u00f6rb\u00e4ttra v\u00e5ra tj\u00e4nster, s\u00e5 att ni inte f\u00e5r n\u00e5got annat \u00e4n det b\u00e4sta bem\u00f6tandet. V\u00e5rt ideal \u00e4r att hj\u00e4lpa er att f\u00e5 f\u00f6retaget att v\u00e4xa. Avst\u00e5 inte fr\u00e5n aff\u00e4rsavtal p\u00e5 grund av spr\u00e5kbarri\u00e4rer; vi \u00e4r h\u00e4r f\u00f6r att ta hand om det hela \u00e5t er, och se till att ert f\u00f6retag kan drivas s\u00f6ml\u00f6st.[\/vc_column_text][vc_empty_space][\/vc_column][\/vc_row][vc_row padding=&#8221;20px 0&#8243;][vc_column][vc_text_separator title=&#8221;H\u00f6gutbildade, inf\u00f6dda \u00f6vers\u00e4ttare som specialiserat sig p\u00e5:&#8221; el_width=&#8221;80&#8243;][vc_empty_space][vc_custom_heading text=&#8221;\u00d6vers\u00e4ttningstj\u00e4nster inom nordiska spr\u00e5k f\u00f6r f\u00f6retag&#8221; font_container=&#8221;tag:h2|text_align:center|color:%23353535&#8243; google_fonts=&#8221;font_family:Roboto%20Slab%3A100%2C300%2Cregular%2C700|font_style:400%20regular%3A400%3Anormal&#8221;][vc_empty_space][vc_row_inner][vc_column_inner width=&#8221;1\/4&#8243;][\/vc_column_inner][vc_column_inner width=&#8221;1\/4&#8243;][vc_column_text css_animation=&#8221;fadeInLeft&#8221;]<\/p>\n<div style=\"width: 250px; margin-right: auto; margin-left: auto; text-align: center;\">\n<p style=\"text-align: left;\"><i class=\"fa fa-check-circle fa-lg\" style=\"color: #81d742;\"><\/i><strong>\u00a0 Danska<\/strong><\/p>\n<p style=\"text-align: left;\"><i class=\"fa fa-check-circle fa-lg\" style=\"color: #81d742;\"><\/i><strong>\u00a0 Holl\u00e4ndska<\/strong><\/p>\n<p style=\"text-align: left;\"><i class=\"fa fa-check-circle fa-lg\" style=\"color: #81d742;\"><\/i><strong>\u00a0 Finska<\/strong><\/p>\n<p style=\"text-align: left;\"><i class=\"fa fa-check-circle fa-lg\" style=\"color: #81d742;\"><\/i><strong>\u00a0 Norska<\/strong><\/p>\n<\/div>\n<p>[\/vc_column_text][\/vc_column_inner][vc_column_inner width=&#8221;1\/4&#8243;][vc_column_text css_animation=&#8221;fadeInRight&#8221;]<\/p>\n<div style=\"width: 250px; margin-right: auto; margin-left: auto; text-align: center;\">\n<p style=\"text-align: left;\"><i class=\"fa fa-check-circle fa-lg\" style=\"color: #81d742;\"><\/i><strong>\u00a0 Svenska<\/strong><\/p>\n<p style=\"text-align: left;\"><i class=\"fa fa-check-circle fa-lg\" style=\"color: #81d742;\"><\/i><strong>\u00a0 Isl\u00e4ndska<\/strong><\/p>\n<p style=\"text-align: left;\"><i class=\"fa fa-check-circle fa-lg\" style=\"color: #81d742;\"><\/i><strong>\u00a0 Tyska<\/strong><\/p>\n<p style=\"text-align: left;\"><i class=\"fa fa-check-circle fa-lg\" style=\"color: #81d742;\"><\/i><strong>\u00a0 och m\u00e5nga fler<\/strong><\/p>\n<\/div>\n<p>[\/vc_column_text][\/vc_column_inner][vc_column_inner width=&#8221;1\/4&#8243;][\/vc_column_inner][\/vc_row_inner][vc_empty_space height=&#8221;50&#8243;][\/vc_column][\/vc_row][vc_row type=&#8221;3&#8243; full_width_row=&#8221;true&#8221; el_class=&#8221;live-contact-btn-wrap&#8221;][vc_column][vc_cta h2=&#8221;\u00c4r du redo? D\u00e5 b\u00f6rjar vi: &#8221; txt_align=&#8221;center&#8221; style=&#8221;custom&#8221; add_button=&#8221;right&#8221; btn_title=&#8221;LIVEKONTAKT&#8221; btn_style=&#8221;custom&#8221; btn_custom_background=&#8221;#ffffff&#8221; btn_custom_text=&#8221;#2a4a8f&#8221; btn_shape=&#8221;round&#8221; btn_align=&#8221;center&#8221; btn_button_block=&#8221;true&#8221; btn_custom_onclick=&#8221;true&#8221; btn_smooth_scroll=&#8221;true&#8221; el_class=&#8221;live-contact-btn&#8221; btn_link=&#8221;url:https%3A%2F%2Fwww.nordictrans.com%2Fchat-popup%2F|||&#8221;][\/vc_cta][\/vc_column][\/vc_row]<\/p>\n<\/div>","protected":false},"excerpt":{"rendered":"<p>[vc_row][vc_column][\/vc_column][\/vc_row][vc_row][vc_column][vc_raw_html]JTNDZGl2JTIwaWQlM0QlMjJzZWNvbmRfYnJlZCUyMiUyMGNsYXNzJTNEJTIyd2YtdGQlMjIlM0UlM0MlMkZkaXYlM0U=[\/vc_raw_html][\/vc_column][\/vc_row][vc_row rowtype=&#8221;fullw&#8221; textalign=&#8221;center&#8221;][vc_column][vc_empty_space][vc_column_text] \u00d6vers\u00e4ttningstj\u00e4nster F\u00f6r F\u00f6retag [\/vc_column_text][vc_empty_space][vc_row_inner][vc_column_inner][vc_column_text]Det finns ett riktigt bra sk\u00e4l till varf\u00f6r ni beh\u00f6ver t\u00e4nka p\u00e5 att anv\u00e4nda \u00f6vers\u00e4ttningstj\u00e4nster f\u00f6r f\u00f6retag idag. Idag \u00e4r det ett faktum att aff\u00e4rerna str\u00e4cker sig till alla h\u00f6rn av v\u00e4rlden, och tack vare detta finns det en stor chans att du n\u00e5gon g\u00e5ng tr\u00e4ffar p\u00e5 en partner&hellip;<\/p>\n","protected":false},"author":1,"featured_media":33329,"parent":11110,"menu_order":0,"comment_status":"closed","ping_status":"closed","template":"","meta":{"_acf_changed":false,"footnotes":""},"class_list":["post-24946","page","type-page","status-publish","has-post-thumbnail","hentry","description-off"],"acf":[],"yoast_head":"<!-- This site is optimized with the Yoast SEO Premium plugin v26.5 (Yoast SEO v26.5) - https:\/\/yoast.com\/wordpress\/plugins\/seo\/ -->\n<title>Dokument \u00d6vers\u00e4ttningstj\u00e4nster f\u00f6r f\u00f6retag \u2013 NordicTrans<\/title>\n<meta name=\"description\" content=\"Om ni har planer p\u00e5 att expandera utomlands s\u00e5 vet ni att \u00f6vers\u00e4ttningstj\u00e4nster f\u00f6r f\u00f6retag \u00e4r ett m\u00e5ste, och vi kan leverera dem till ett riktigt bra pris.\" \/>\n<meta name=\"robots\" content=\"index, follow, max-snippet:-1, max-image-preview:large, max-video-preview:-1\" \/>\n<link rel=\"canonical\" href=\"https:\/\/www.nordictrans.com\/sv\/undustriinriktning\/oversattningstjanster-for-foretag\/\" \/>\n<meta property=\"og:locale\" content=\"sv_SE\" \/>\n<meta property=\"og:type\" content=\"article\" \/>\n<meta property=\"og:title\" content=\"\u00d6vers\u00e4ttningstj\u00e4nster f\u00f6r f\u00f6retag\" \/>\n<meta property=\"og:description\" content=\"Accurate business translation services for your documents or website are highly important and we are able to help you 24\/7 at the lowest rates one can find.\" \/>\n<meta property=\"og:url\" content=\"https:\/\/www.nordictrans.com\/sv\/undustriinriktning\/oversattningstjanster-for-foretag\/\" \/>\n<meta property=\"og:site_name\" content=\"Nordictrans.com\" \/>\n<meta property=\"article:publisher\" content=\"https:\/\/www.facebook.com\/NordicTrans\" \/>\n<meta property=\"article:modified_time\" content=\"2018-02-08T14:32:35+00:00\" \/>\n<meta property=\"og:image\" content=\"https:\/\/www.nordictrans.com\/wp-content\/uploads\/2018\/05\/business-translation-services.png\" \/>\n\t<meta property=\"og:image:width\" content=\"1903\" \/>\n\t<meta property=\"og:image:height\" content=\"670\" \/>\n\t<meta property=\"og:image:type\" content=\"image\/png\" \/>\n<meta name=\"twitter:card\" content=\"summary_large_image\" \/>\n<meta name=\"twitter:description\" content=\"JTNDZGl2JTIwaWQlM0QlMjJzZWNvbmRfYnJlZCUyMiUyMGNsYXNzJTNEJTIyd2YtdGQlMjIlM0UlM0MlMkZkaXYlM0U= \u00d6vers\u00e4ttningstj\u00e4nster F\u00f6r F\u00f6retag Det finns ett riktigt bra\" \/>\n<meta name=\"twitter:site\" content=\"@NordicTrans\" \/>\n<meta name=\"twitter:label1\" content=\"Ber\u00e4knad l\u00e4stid\" \/>\n\t<meta name=\"twitter:data1\" content=\"5 minuter\" \/>\n<!-- \/ Yoast SEO Premium plugin. -->","yoast_head_json":{"title":"Dokument \u00d6vers\u00e4ttningstj\u00e4nster f\u00f6r f\u00f6retag \u2013 NordicTrans","description":"Om ni har planer p\u00e5 att expandera utomlands s\u00e5 vet ni att \u00f6vers\u00e4ttningstj\u00e4nster f\u00f6r f\u00f6retag \u00e4r ett m\u00e5ste, och vi kan leverera dem till ett riktigt bra pris.","robots":{"index":"index","follow":"follow","max-snippet":"max-snippet:-1","max-image-preview":"max-image-preview:large","max-video-preview":"max-video-preview:-1"},"canonical":"https:\/\/www.nordictrans.com\/sv\/undustriinriktning\/oversattningstjanster-for-foretag\/","og_locale":"sv_SE","og_type":"article","og_title":"\u00d6vers\u00e4ttningstj\u00e4nster f\u00f6r f\u00f6retag","og_description":"Accurate business translation services for your documents or website are highly important and we are able to help you 24\/7 at the lowest rates one can find.","og_url":"https:\/\/www.nordictrans.com\/sv\/undustriinriktning\/oversattningstjanster-for-foretag\/","og_site_name":"Nordictrans.com","article_publisher":"https:\/\/www.facebook.com\/NordicTrans","article_modified_time":"2018-02-08T14:32:35+00:00","og_image":[{"width":1903,"height":670,"url":"https:\/\/www.nordictrans.com\/wp-content\/uploads\/2018\/05\/business-translation-services.png","type":"image\/png"}],"twitter_card":"summary_large_image","twitter_description":"JTNDZGl2JTIwaWQlM0QlMjJzZWNvbmRfYnJlZCUyMiUyMGNsYXNzJTNEJTIyd2YtdGQlMjIlM0UlM0MlMkZkaXYlM0U= \u00d6vers\u00e4ttningstj\u00e4nster F\u00f6r F\u00f6retag Det finns ett riktigt bra","twitter_site":"@NordicTrans","twitter_misc":{"Ber\u00e4knad l\u00e4stid":"5 minuter"},"schema":{"@context":"https:\/\/schema.org","@graph":[{"@type":"WebPage","@id":"https:\/\/www.nordictrans.com\/sv\/undustriinriktning\/oversattningstjanster-for-foretag\/","url":"https:\/\/www.nordictrans.com\/sv\/undustriinriktning\/oversattningstjanster-for-foretag\/","name":"Dokument \u00d6vers\u00e4ttningstj\u00e4nster f\u00f6r f\u00f6retag \u2013 NordicTrans","isPartOf":{"@id":"https:\/\/www.nordictrans.com\/sv\/#website"},"primaryImageOfPage":{"@id":"https:\/\/www.nordictrans.com\/sv\/undustriinriktning\/oversattningstjanster-for-foretag\/#primaryimage"},"image":{"@id":"https:\/\/www.nordictrans.com\/sv\/undustriinriktning\/oversattningstjanster-for-foretag\/#primaryimage"},"thumbnailUrl":"https:\/\/www.nordictrans.com\/wp-content\/uploads\/2018\/05\/business-translation-services.png","datePublished":"2017-03-08T20:05:31+00:00","dateModified":"2018-02-08T14:32:35+00:00","description":"Om ni har planer p\u00e5 att expandera utomlands s\u00e5 vet ni att \u00f6vers\u00e4ttningstj\u00e4nster f\u00f6r f\u00f6retag \u00e4r ett m\u00e5ste, och vi kan leverera dem till ett riktigt bra pris.","breadcrumb":{"@id":"https:\/\/www.nordictrans.com\/sv\/undustriinriktning\/oversattningstjanster-for-foretag\/#breadcrumb"},"inLanguage":"sv-SE","potentialAction":[{"@type":"ReadAction","target":["https:\/\/www.nordictrans.com\/sv\/undustriinriktning\/oversattningstjanster-for-foretag\/"]}]},{"@type":"ImageObject","inLanguage":"sv-SE","@id":"https:\/\/www.nordictrans.com\/sv\/undustriinriktning\/oversattningstjanster-for-foretag\/#primaryimage","url":"https:\/\/www.nordictrans.com\/wp-content\/uploads\/2018\/05\/business-translation-services.png","contentUrl":"https:\/\/www.nordictrans.com\/wp-content\/uploads\/2018\/05\/business-translation-services.png","width":1903,"height":670,"caption":"business translation services"},{"@type":"BreadcrumbList","@id":"https:\/\/www.nordictrans.com\/sv\/undustriinriktning\/oversattningstjanster-for-foretag\/#breadcrumb","itemListElement":[{"@type":"ListItem","position":1,"name":"Home","item":"https:\/\/www.nordictrans.com\/sv\/"},{"@type":"ListItem","position":2,"name":"Undustriinriktning","item":"https:\/\/www.nordictrans.com\/sv\/undustriinriktning\/"},{"@type":"ListItem","position":3,"name":"\u00d6vers\u00e4ttningstj\u00e4nster f\u00f6r f\u00f6retag"}]},{"@type":"WebSite","@id":"https:\/\/www.nordictrans.com\/sv\/#website","url":"https:\/\/www.nordictrans.com\/sv\/","name":"Nordictrans.com","description":"Translation Agency specialized in Nordic Languages","publisher":{"@id":"https:\/\/www.nordictrans.com\/sv\/#organization"},"potentialAction":[{"@type":"SearchAction","target":{"@type":"EntryPoint","urlTemplate":"https:\/\/www.nordictrans.com\/sv\/?s={search_term_string}"},"query-input":{"@type":"PropertyValueSpecification","valueRequired":true,"valueName":"search_term_string"}}],"inLanguage":"sv-SE"},{"@type":"Organization","@id":"https:\/\/www.nordictrans.com\/sv\/#organization","name":"NordicTrans","url":"https:\/\/www.nordictrans.com\/sv\/","logo":{"@type":"ImageObject","inLanguage":"sv-SE","@id":"https:\/\/www.nordictrans.com\/sv\/#\/schema\/logo\/image\/","url":"https:\/\/www.nordictrans.com\/wp-content\/uploads\/2015\/02\/logoNT.png","contentUrl":"https:\/\/www.nordictrans.com\/wp-content\/uploads\/2015\/02\/logoNT.png","width":272,"height":92,"caption":"NordicTrans"},"image":{"@id":"https:\/\/www.nordictrans.com\/sv\/#\/schema\/logo\/image\/"},"sameAs":["https:\/\/www.facebook.com\/NordicTrans","https:\/\/x.com\/NordicTrans","https:\/\/www.instagram.com\/NordictransUS","https:\/\/www.linkedin.com\/company\/nordictrans","https:\/\/www.pinterest.com\/nordictrans01","https:\/\/www.youtube.com\/c\/nordictrans"]}]}},"_links":{"self":[{"href":"https:\/\/www.nordictrans.com\/sv\/wp-json\/wp\/v2\/pages\/24946","targetHints":{"allow":["GET"]}}],"collection":[{"href":"https:\/\/www.nordictrans.com\/sv\/wp-json\/wp\/v2\/pages"}],"about":[{"href":"https:\/\/www.nordictrans.com\/sv\/wp-json\/wp\/v2\/types\/page"}],"author":[{"embeddable":true,"href":"https:\/\/www.nordictrans.com\/sv\/wp-json\/wp\/v2\/users\/1"}],"replies":[{"embeddable":true,"href":"https:\/\/www.nordictrans.com\/sv\/wp-json\/wp\/v2\/comments?post=24946"}],"version-history":[{"count":4,"href":"https:\/\/www.nordictrans.com\/sv\/wp-json\/wp\/v2\/pages\/24946\/revisions"}],"predecessor-version":[{"id":27013,"href":"https:\/\/www.nordictrans.com\/sv\/wp-json\/wp\/v2\/pages\/24946\/revisions\/27013"}],"up":[{"embeddable":true,"href":"https:\/\/www.nordictrans.com\/sv\/wp-json\/wp\/v2\/pages\/11110"}],"wp:featuredmedia":[{"embeddable":true,"href":"https:\/\/www.nordictrans.com\/sv\/wp-json\/wp\/v2\/media\/33329"}],"wp:attachment":[{"href":"https:\/\/www.nordictrans.com\/sv\/wp-json\/wp\/v2\/media?parent=24946"}],"curies":[{"name":"wp","href":"https:\/\/api.w.org\/{rel}","templated":true}]}}