{"id":23896,"date":"2016-12-28T14:59:52","date_gmt":"2016-12-28T14:59:52","guid":{"rendered":"http:\/\/dev.nordictrans.com\/hoegkvalitativa-spraak-oeversaettningstjaenster\/"},"modified":"2020-06-30T10:19:53","modified_gmt":"2020-06-30T10:19:53","slug":"sprak-oversattningstjanster","status":"publish","type":"page","link":"https:\/\/www.nordictrans.com\/sv\/sprak-oversattningstjanster\/","title":{"rendered":"H\u00d6GKVALITATIVA SPR\u00c5K \u00d6VERS\u00c4TTNINGSTJ\u00c4NSTER"},"content":{"rendered":"<div class=\"wpb-content-wrapper\"><p>[vc_row][vc_column]\n\t\t\t<!-- START HQL Translation REVOLUTION SLIDER 6.6.16 --><p class=\"rs-p-wp-fix\"><\/p>\n\t\t\t<rs-module-wrap id=\"rev_slider_32_1_wrapper\" data-source=\"gallery\" style=\"visibility:hidden;background:transparent;padding:0;margin:0px auto;margin-top:0;margin-bottom:0;\">\n\t\t\t\t<rs-module id=\"rev_slider_32_1\" style=\"\" data-version=\"6.6.16\">\n\t\t\t\t\t<rs-slides style=\"overflow: hidden; position: absolute;\">\n\t\t\t\t\t\t<rs-slide style=\"position: absolute;\" data-key=\"rs-84\" data-title=\"Slide\" data-anim=\"adpr:false;\">\n\t\t\t\t\t\t\t<img decoding=\"async\" src=\"\/\/www.nordictrans.com\/wp-content\/plugins\/revslider\/public\/assets\/assets\/dummy.png\" alt=\"\" title=\"H\u00d6GKVALITATIVA SPR\u00c5K \u00d6VERS\u00c4TTNINGSTJ\u00c4NSTER\" class=\"rev-slidebg tp-rs-img rs-lazyload\" data-lazyload=\"\/\/www.nordictrans.com\/wp-content\/uploads\/2018\/04\/high-quality-language-translation-services.png\" data-parallax=\"15\" data-no-retina>\n<!--\n\t\t\t\t\t\t\t--><rs-layer\n\t\t\t\t\t\t\t\tid=\"slider-32-slide-84-layer-1\" \n\t\t\t\t\t\t\t\tdata-type=\"text\"\n\t\t\t\t\t\t\t\tdata-color=\"rgba(255,255,255,1)||rgba(153,153,153,1)||rgba(153,153,153,1)||rgba(153,153,153,1)\"\n\t\t\t\t\t\t\t\tdata-rsp_ch=\"on\"\n\t\t\t\t\t\t\t\tdata-xy=\"xo:9px;yo:273px,294px,294px,294px;\"\n\t\t\t\t\t\t\t\tdata-text=\"s:50,60,40,30;l:50,60,40,30;fw:700;a:inherit;\"\n\t\t\t\t\t\t\t\tdata-frame_0=\"tp:600;\"\n\t\t\t\t\t\t\t\tdata-frame_1=\"tp:600;st:0;\"\n\t\t\t\t\t\t\t\tdata-frame_999=\"o:0;tp:600;st:w;sR:8700.0006103516;\"\n\t\t\t\t\t\t\t\tstyle=\"z-index:5;font-family:'Open Sans';opacity:0.6;\"\n\t\t\t\t\t\t\t>\nSPR\u00c5K<br\/>\n\u00d6VERS\u00c4TTNINGSTJ\u00c4NSTER \n\t\t\t\t\t\t\t<\/rs-layer><!--\n-->\t\t\t\t\t\t<\/rs-slide>\n\t\t\t\t\t<\/rs-slides>\n\t\t\t\t<\/rs-module>\n\t\t\t\t<script>\n\t\t\t\t\tsetREVStartSize({c: 'rev_slider_32_1',rl:[1240,1024,778,480],el:[655,600,500,400],gw:[1240,1024,778,480],gh:[655,600,500,400],type:'hero',justify:'',layout:'fullwidth',mh:\"0\"});if (window.RS_MODULES!==undefined && window.RS_MODULES.modules!==undefined && window.RS_MODULES.modules[\"revslider321\"]!==undefined) {window.RS_MODULES.modules[\"revslider321\"].once = false;window.revapi32 = undefined;if (window.RS_MODULES.checkMinimal!==undefined) window.RS_MODULES.checkMinimal()}\n\t\t\t\t<\/script>\n\t\t\t<\/rs-module-wrap>\n\t\t\t<!-- END REVOLUTION SLIDER -->\n[\/vc_column][\/vc_row][vc_row][vc_column][vc_raw_html]JTNDZGl2JTIwaWQlM0QlMjJzZWNvbmRfYnJlZCUyMiUyMGNsYXNzJTNEJTIyd2YtdGQlMjIlM0UlM0MlMkZkaXYlM0U=[\/vc_raw_html][\/vc_column][\/vc_row][vc_row rowtype=&#8221;fullw&#8221;][vc_column][vc_empty_space][vc_column_text]<\/p>\n<h1 style=\"text-align: center; color: #2a4a8f;\"><strong>H\u00d6GKVALITATIVA SPR\u00c5K \u00d6VERS\u00c4TTNINGSTJ\u00c4NSTER<\/strong><\/h1>\n<p>\u00c4r det n\u00e5got ni beh\u00f6ver anv\u00e4nda f\u00f6r era internetaff\u00e4rer nu f\u00f6r tiden, s\u00e5 m\u00e5ste det vara spr\u00e5k- och \u00f6vers\u00e4ttningstj\u00e4nster. Med tiden har det blivit allt viktigare f\u00f6r f\u00f6retag att g\u00f6ra sitt yttersta f\u00f6r att f\u00f6rse sina kunder med r\u00e4tt tj\u00e4nster. Det kr\u00e4ver ett h\u00e5rt arbete att bygga upp en verksamhet, och det \u00e4r i det ljuset ni b\u00f6r f\u00f6rs\u00e4kra er om att ni har en plattform som med r\u00e5ge uppfyller era anv\u00e4ndares behov.[\/vc_column_text][vc_column_text css_animation=&#8221;appear&#8221;]I h\u00e4ndelse av att ni \u00e4ger en hemsida eller ett f\u00f6retag i den nordiska regionen kan ni v\u00e4nda er till oss f\u00f6r nordiska \u00f6vers\u00e4ttningstj\u00e4nster. Det finns m\u00e5nga f\u00f6rdelar att h\u00e4mta ur detta, och det kommer vara v\u00e4l v\u00e4rt er tid att anv\u00e4nda v\u00e5ra spr\u00e5k- och \u00f6vers\u00e4ttningstj\u00e4nster. Vi har flera team som \u00e4r engagerade i att arbeta med er \u00f6vers\u00e4ttning till de nordiska spr\u00e5ken, och de ser till att era behov alltid uppfylls efter b\u00e4sta f\u00f6rm\u00e5ga.[\/vc_column_text][vc_empty_space height=&#8221;50px&#8221;][vc_row_inner][vc_column_inner width=&#8221;1\/4&#8243;][vc_single_image image=&#8221;23858&#8243; img_size=&#8221;full&#8221; alignment=&#8221;center&#8221; css_animation=&#8221;fadeInUpBig&#8221;][vc_column_text css_animation=&#8221;fadeInUpBig&#8221;]<\/p>\n<h3 style=\"text-align: center;\">Dansk \u00f6vers\u00e4ttning<\/h3>\n<p style=\"text-align: left;\">NordicTrans samarbetar enbart med inf\u00f6dda danska medarbetare f\u00f6r \u00f6vers\u00e4ttning av olika spr\u00e5k till danska, och s\u00e4krar d\u00e4rigenom att ert budskap \u00f6vers\u00e4tts korrekt till m\u00e5lspr\u00e5ket. Ytterligare korrekturl\u00e4sning av en andra dansk medarbetare och kontroller av v\u00e5rt KS-team s\u00e4krar att ni endast f\u00e5r b\u00e4sta m\u00f6jliga service.<\/p>\n<p>[\/vc_column_text][\/vc_column_inner][vc_column_inner width=&#8221;1\/4&#8243;][vc_single_image image=&#8221;23864&#8243; img_size=&#8221;full&#8221; alignment=&#8221;center&#8221; css_animation=&#8221;fadeInUpBig&#8221;][vc_column_text css_animation=&#8221;fadeInUpBig&#8221;]<\/p>\n<h3 style=\"text-align: center;\">Finsk \u00f6vers\u00e4ttning<\/h3>\n<p style=\"text-align: left;\">N\u00e4r ett dokument beh\u00f6ver \u00f6vers\u00e4ttas till finska ser vi till att de b\u00e4sta lingvisterna arbetar med det. Vi v\u00e4ljer \u00f6vers\u00e4ttare utifr\u00e5n att de m\u00e5ste ha verifierad erfarenhet av omr\u00e5det. Ni f\u00e5r korrekta \u00f6vers\u00e4ttningar oavsett \u00e4mnesomr\u00e5de, d\u00e5 vi har specialiserade lingvister f\u00f6r n\u00e4rap\u00e5 varje bransch som finns.<\/p>\n<p>[\/vc_column_text][\/vc_column_inner][vc_column_inner width=&#8221;1\/4&#8243;][vc_single_image image=&#8221;23869&#8243; img_size=&#8221;full&#8221; alignment=&#8221;center&#8221; css_animation=&#8221;fadeInUpBig&#8221;][vc_column_text css_animation=&#8221;fadeInUpBig&#8221;]<\/p>\n<h3 style=\"text-align: center;\">Svensk \u00f6vers\u00e4ttning<\/h3>\n<p style=\"text-align: left;\">N\u00e4r det g\u00e4ller svenska \u00f6vers\u00e4ttningar ser v\u00e5ra projekthandledare till att r\u00e4tt \u00f6vers\u00e4ttare v\u00e4ljs f\u00f6r jobbet. V\u00e5rt huvudm\u00e5l \u00e4r kvalitet, och d\u00e4rf\u00f6r kan ni lugnt lita p\u00e5 att ni inte f\u00e5r n\u00e5got annat \u00e4n kvalitets\u00f6vers\u00e4ttningar. V\u00e5ra korrekturl\u00e4sare och v\u00e5rt kvalitetss\u00e4kringsteam ser till att ni inte beh\u00f6ver n\u00f6ja er med mindre.<\/p>\n<p>[\/vc_column_text][\/vc_column_inner][vc_column_inner width=&#8221;1\/4&#8243;][vc_single_image image=&#8221;23874&#8243; img_size=&#8221;full&#8221; alignment=&#8221;center&#8221; css_animation=&#8221;fadeInUpBig&#8221;][vc_column_text css_animation=&#8221;fadeInUpBig&#8221;]<\/p>\n<h3 style=\"text-align: center;\">Norsk \u00f6vers\u00e4ttning<\/h3>\n<p style=\"text-align: left;\">Vid en f\u00f6rsta anblick ser det ut som att en stor del av de norska \u00f6vers\u00e4ttningar vi har gjort s\u00e5 h\u00e4r l\u00e5ngt handlar om import-\/exporthantering, men det inneb\u00e4r inte att vi inte kan utf\u00f6ra juridiska eller medicinska \u00f6vers\u00e4ttningar ocks\u00e5 till och fr\u00e5n norska. Vi har specialiserade \u00f6vers\u00e4ttare som v\u00e4ntar p\u00e5 n\u00e4sta projekt; blir det ert?<\/p>\n<p>[\/vc_column_text][\/vc_column_inner][\/vc_row_inner][vc_row_inner][vc_column_inner][vc_empty_space height=&#8221;70px&#8221;][vc_column_text]<\/p>\n<h3 class=\"custom_title title_center txt_maincolor title_center default\" style=\"text-align: center;\" data-animation=\"fadeInRight\" data-anim-target=\"self\" data-delay=\"100\" data-speed=\"800\" data-ease=\"easeInOutQuart\"><span style=\"color: #2a4a8f;\">\u00d6vers\u00e4ttning till och fr\u00e5n alla spr\u00e5k<\/span><\/h3>\n<p>[\/vc_column_text][vc_empty_space height=&#8221;70px&#8221;][\/vc_column_inner][\/vc_row_inner][vc_row_inner][vc_column_inner width=&#8221;1\/2&#8243;][vc_single_image image=&#8221;23853&#8243; img_size=&#8221;full&#8221; alignment=&#8221;center&#8221; css_animation=&#8221;fadeInLeftBig&#8221;][\/vc_column_inner][vc_column_inner width=&#8221;1\/2&#8243;][vc_column_text css_animation=&#8221;fadeInRightBig&#8221;]Ut\u00f6ver v\u00e5r specialisering p\u00e5 nordiska spr\u00e5k- och \u00f6vers\u00e4ttningstj\u00e4nster s\u00e5 str\u00e4var vi ocks\u00e5 efter att omfatta mer och erbjuda er \u00f6vers\u00e4ttning till s\u00e5 m\u00e5nga andra spr\u00e5k idag. Det h\u00e4r \u00e4r n\u00e5got ni definitivt kommer att ha nytta av, och kan anv\u00e4nda till er f\u00f6rdel.<\/p>\n<p>S\u00e5 m\u00e5nga av de aff\u00e4rsavtal ni st\u00f6ter p\u00e5 \u00e4r beroende av en god f\u00f6rst\u00e5else mellan klienterna och f\u00f6retagen, och det \u00e4r d\u00e4rf\u00f6r ni beh\u00f6ver ha en duktig \u00f6vers\u00e4ttare som arbetar \u00e5t er.<\/p>\n<h2><strong>N\u00e5gra orsaker att arbeta med oss:<\/strong><\/h2>\n<div style=\"width: 250px; margin-right: auto; margin-left: auto; text-align: left;\">\n<p style=\"text-align: left;\"><i class=\"fa fa-check-circle fa-lg\" style=\"color: #81d742;\"><\/i><strong>\u00a0 Vi \u00f6vers\u00e4tter \u00f6ver 80 spr\u00e5k<\/strong><\/p>\n<p style=\"text-align: left;\"><i class=\"fa fa-check-circle fa-lg\" style=\"color: #81d742;\"><\/i><strong>\u00a0 500 spr\u00e5kkombinationer<\/strong><\/p>\n<p style=\"text-align: left;\"><i class=\"fa fa-check-circle fa-lg\" style=\"color: #81d742;\"><\/i><strong>\u00a0 Endast inf\u00f6dda \u00f6vers\u00e4ttare<\/strong><\/p>\n<p style=\"text-align: left;\"><i class=\"fa fa-check-circle fa-lg\" style=\"color: #81d742;\"><\/i><strong>\u00a0 En andra inf\u00f6dd korrekturl\u00e4sare<\/strong><\/p>\n<p style=\"text-align: left;\"><i class=\"fa fa-check-circle fa-lg\" style=\"color: #81d742;\"><\/i><strong>\u00a0 Snabb oms\u00e4ttning<\/strong><\/p>\n<\/div>\n<p>[\/vc_column_text][\/vc_column_inner][\/vc_row_inner][vc_row_inner][vc_column_inner][vc_empty_space height=&#8221;50px&#8221;][vc_column_text css_animation=&#8221;appear&#8221;]<span lang=\"SV\">Hur kommer det sig att v\u00e5ra spr\u00e5k- och \u00f6vers\u00e4ttningstj\u00e4nster \u00e4r de b\u00e4sta p\u00e5 marknaden, kanske ni undrar? Vi uppm\u00e4rksammar era behov och ser till att n\u00e4r ni s\u00e4nder ert arbete till oss, s\u00e5 har vi inte n\u00e5got annat \u00e4n det b\u00e4sta teamet som arbetar med det. Det h\u00e4r utm\u00e4rker v\u00e5rt \u00e5tagande att leverera h\u00f6gkvalitativa tj\u00e4nster, vilket har gjort det l\u00e4ttare att inte bara uppfylla de l\u00f6ften vi ger vad g\u00e4ller utf\u00f6randet av v\u00e5ra tj\u00e4nster, utan det \u00e4r ocks\u00e5 inriktat p\u00e5 att s\u00e4kra att ert f\u00f6retag gynnas av n\u00e5gra av de b\u00e4sta tj\u00e4nsteleverant\u00f6rerna i branschen i dagsl\u00e4get.<\/span><\/p>\n<p><span lang=\"SV\">Ta er tid och ta kontakt med oss f\u00f6r att f\u00e5 h\u00f6gkvalitativa \u00f6vers\u00e4ttningstj\u00e4nster till \u00f6verkomligt pris.<\/span>[\/vc_column_text][vc_empty_space height=&#8221;50px&#8221;][\/vc_column_inner][\/vc_row_inner][\/vc_column][\/vc_row][vc_row type=&#8221;3&#8243; full_width_row=&#8221;true&#8221; el_class=&#8221;live-contact-btn-wrap&#8221;][vc_column][vc_cta h2=&#8221;&#8221; txt_align=&#8221;center&#8221; add_button=&#8221;right&#8221; btn_title=&#8221;LIVEKONTAKT&#8221; btn_style=&#8221;custom&#8221; btn_custom_background=&#8221;#ffffff&#8221; btn_custom_text=&#8221;#2a4a8f&#8221; btn_shape=&#8221;round&#8221; btn_align=&#8221;center&#8221; btn_button_block=&#8221;true&#8221; btn_link=&#8221;url:https%3A%2F%2Fwww.nordictrans.com%2Fchat-popup%2F|||&#8221; el_class=&#8221;live-contact-btn&#8221;]<\/p>\n<h3 style=\"font-size: 28px; line-height: 40px;\">\u00c4r du redo? D\u00e5 b\u00f6rjar vi:<\/h3>\n<p>[\/vc_cta][\/vc_column][\/vc_row]<\/p>\n<\/div>","protected":false},"excerpt":{"rendered":"<p>[vc_row][vc_column][\/vc_column][\/vc_row][vc_row][vc_column][vc_raw_html]JTNDZGl2JTIwaWQlM0QlMjJzZWNvbmRfYnJlZCUyMiUyMGNsYXNzJTNEJTIyd2YtdGQlMjIlM0UlM0MlMkZkaXYlM0U=[\/vc_raw_html][\/vc_column][\/vc_row][vc_row rowtype=&#8221;fullw&#8221;][vc_column][vc_empty_space][vc_column_text] H\u00d6GKVALITATIVA SPR\u00c5K \u00d6VERS\u00c4TTNINGSTJ\u00c4NSTER \u00c4r det n\u00e5got ni beh\u00f6ver anv\u00e4nda f\u00f6r era internetaff\u00e4rer nu f\u00f6r tiden, s\u00e5 m\u00e5ste det vara spr\u00e5k- och \u00f6vers\u00e4ttningstj\u00e4nster. Med tiden har det blivit allt viktigare f\u00f6r f\u00f6retag att g\u00f6ra sitt yttersta f\u00f6r att f\u00f6rse sina kunder med r\u00e4tt tj\u00e4nster. Det kr\u00e4ver ett h\u00e5rt arbete att bygga upp en verksamhet,&hellip;<\/p>\n","protected":false},"author":1,"featured_media":31831,"parent":0,"menu_order":0,"comment_status":"closed","ping_status":"closed","template":"","meta":{"_acf_changed":false,"footnotes":""},"class_list":["post-23896","page","type-page","status-publish","has-post-thumbnail","hentry","description-off"],"acf":[],"yoast_head":"<!-- This site is optimized with the Yoast SEO Premium plugin v26.5 (Yoast SEO v26.5) - https:\/\/yoast.com\/wordpress\/plugins\/seo\/ -->\n<title>H\u00f6gkvalitativa spr\u00e5k \u00f6vers\u00e4ttningstj\u00e4nster - NordicTrans<\/title>\n<meta name=\"description\" content=\"Varf\u00f6r \u00e4r v\u00e5ra spr\u00e5k \u00f6vers\u00e4ttningstj\u00e4nster b\u00e4st? N\u00e4r ni s\u00e4nder ert arbete till oss, s\u00e5 har vi inte n\u00e5got annat \u00e4n det b\u00e4sta teamet som arbetar med det.\" \/>\n<meta name=\"robots\" content=\"index, follow, max-snippet:-1, max-image-preview:large, max-video-preview:-1\" \/>\n<link rel=\"canonical\" href=\"https:\/\/www.nordictrans.com\/sv\/sprak-oversattningstjanster\/\" \/>\n<meta property=\"og:locale\" content=\"sv_SE\" \/>\n<meta property=\"og:type\" content=\"article\" \/>\n<meta property=\"og:title\" content=\"H\u00d6GKVALITATIVA SPR\u00c5K \u00d6VERS\u00c4TTNINGSTJ\u00c4NSTER\" \/>\n<meta property=\"og:description\" content=\"We provide high quality language translation services and we make sure that when you send your work to us, we have none but the best team working on it.\" \/>\n<meta property=\"og:url\" content=\"https:\/\/www.nordictrans.com\/sv\/sprak-oversattningstjanster\/\" \/>\n<meta property=\"og:site_name\" content=\"Nordictrans.com\" \/>\n<meta property=\"article:publisher\" content=\"https:\/\/www.facebook.com\/NordicTrans\" \/>\n<meta property=\"article:modified_time\" content=\"2020-06-30T10:19:53+00:00\" \/>\n<meta property=\"og:image\" content=\"https:\/\/www.nordictrans.com\/wp-content\/uploads\/2018\/04\/high-quality-language-translation-services.png\" \/>\n\t<meta property=\"og:image:width\" content=\"1903\" \/>\n\t<meta property=\"og:image:height\" content=\"670\" \/>\n\t<meta property=\"og:image:type\" content=\"image\/png\" \/>\n<meta name=\"twitter:card\" content=\"summary_large_image\" \/>\n<meta name=\"twitter:title\" content=\"High Quality Language Translation Services - NordicTrans\" \/>\n<meta name=\"twitter:description\" content=\"Nordictrans provide high-quality language translation services in over 100 languages. Overcome the communication barrier and operate at a global level!\" \/>\n<meta name=\"twitter:site\" content=\"@NordicTrans\" \/>\n<meta name=\"twitter:label1\" content=\"Ber\u00e4knad l\u00e4stid\" \/>\n\t<meta name=\"twitter:data1\" content=\"6 minuter\" \/>\n<!-- \/ Yoast SEO Premium plugin. -->","yoast_head_json":{"title":"H\u00f6gkvalitativa spr\u00e5k \u00f6vers\u00e4ttningstj\u00e4nster - NordicTrans","description":"Varf\u00f6r \u00e4r v\u00e5ra spr\u00e5k \u00f6vers\u00e4ttningstj\u00e4nster b\u00e4st? N\u00e4r ni s\u00e4nder ert arbete till oss, s\u00e5 har vi inte n\u00e5got annat \u00e4n det b\u00e4sta teamet som arbetar med det.","robots":{"index":"index","follow":"follow","max-snippet":"max-snippet:-1","max-image-preview":"max-image-preview:large","max-video-preview":"max-video-preview:-1"},"canonical":"https:\/\/www.nordictrans.com\/sv\/sprak-oversattningstjanster\/","og_locale":"sv_SE","og_type":"article","og_title":"H\u00d6GKVALITATIVA SPR\u00c5K \u00d6VERS\u00c4TTNINGSTJ\u00c4NSTER","og_description":"We provide high quality language translation services and we make sure that when you send your work to us, we have none but the best team working on it.","og_url":"https:\/\/www.nordictrans.com\/sv\/sprak-oversattningstjanster\/","og_site_name":"Nordictrans.com","article_publisher":"https:\/\/www.facebook.com\/NordicTrans","article_modified_time":"2020-06-30T10:19:53+00:00","og_image":[{"width":1903,"height":670,"url":"https:\/\/www.nordictrans.com\/wp-content\/uploads\/2018\/04\/high-quality-language-translation-services.png","type":"image\/png"}],"twitter_card":"summary_large_image","twitter_title":"High Quality Language Translation Services - NordicTrans","twitter_description":"Nordictrans provide high-quality language translation services in over 100 languages. Overcome the communication barrier and operate at a global level!","twitter_site":"@NordicTrans","twitter_misc":{"Ber\u00e4knad l\u00e4stid":"6 minuter"},"schema":{"@context":"https:\/\/schema.org","@graph":[{"@type":"WebPage","@id":"https:\/\/www.nordictrans.com\/sv\/sprak-oversattningstjanster\/","url":"https:\/\/www.nordictrans.com\/sv\/sprak-oversattningstjanster\/","name":"H\u00f6gkvalitativa spr\u00e5k \u00f6vers\u00e4ttningstj\u00e4nster - NordicTrans","isPartOf":{"@id":"https:\/\/www.nordictrans.com\/sv\/#website"},"primaryImageOfPage":{"@id":"https:\/\/www.nordictrans.com\/sv\/sprak-oversattningstjanster\/#primaryimage"},"image":{"@id":"https:\/\/www.nordictrans.com\/sv\/sprak-oversattningstjanster\/#primaryimage"},"thumbnailUrl":"https:\/\/www.nordictrans.com\/wp-content\/uploads\/2018\/04\/high-quality-language-translation-services.png","datePublished":"2016-12-28T14:59:52+00:00","dateModified":"2020-06-30T10:19:53+00:00","description":"Varf\u00f6r \u00e4r v\u00e5ra spr\u00e5k \u00f6vers\u00e4ttningstj\u00e4nster b\u00e4st? N\u00e4r ni s\u00e4nder ert arbete till oss, s\u00e5 har vi inte n\u00e5got annat \u00e4n det b\u00e4sta teamet som arbetar med det.","breadcrumb":{"@id":"https:\/\/www.nordictrans.com\/sv\/sprak-oversattningstjanster\/#breadcrumb"},"inLanguage":"sv-SE","potentialAction":[{"@type":"ReadAction","target":["https:\/\/www.nordictrans.com\/sv\/sprak-oversattningstjanster\/"]}]},{"@type":"ImageObject","inLanguage":"sv-SE","@id":"https:\/\/www.nordictrans.com\/sv\/sprak-oversattningstjanster\/#primaryimage","url":"https:\/\/www.nordictrans.com\/wp-content\/uploads\/2018\/04\/high-quality-language-translation-services.png","contentUrl":"https:\/\/www.nordictrans.com\/wp-content\/uploads\/2018\/04\/high-quality-language-translation-services.png","width":1903,"height":670,"caption":"high quality language translation services"},{"@type":"BreadcrumbList","@id":"https:\/\/www.nordictrans.com\/sv\/sprak-oversattningstjanster\/#breadcrumb","itemListElement":[{"@type":"ListItem","position":1,"name":"Home","item":"https:\/\/www.nordictrans.com\/sv\/"},{"@type":"ListItem","position":2,"name":"H\u00d6GKVALITATIVA SPR\u00c5K \u00d6VERS\u00c4TTNINGSTJ\u00c4NSTER"}]},{"@type":"WebSite","@id":"https:\/\/www.nordictrans.com\/sv\/#website","url":"https:\/\/www.nordictrans.com\/sv\/","name":"Nordictrans.com","description":"Translation Agency specialized in Nordic Languages","publisher":{"@id":"https:\/\/www.nordictrans.com\/sv\/#organization"},"potentialAction":[{"@type":"SearchAction","target":{"@type":"EntryPoint","urlTemplate":"https:\/\/www.nordictrans.com\/sv\/?s={search_term_string}"},"query-input":{"@type":"PropertyValueSpecification","valueRequired":true,"valueName":"search_term_string"}}],"inLanguage":"sv-SE"},{"@type":"Organization","@id":"https:\/\/www.nordictrans.com\/sv\/#organization","name":"NordicTrans","url":"https:\/\/www.nordictrans.com\/sv\/","logo":{"@type":"ImageObject","inLanguage":"sv-SE","@id":"https:\/\/www.nordictrans.com\/sv\/#\/schema\/logo\/image\/","url":"https:\/\/www.nordictrans.com\/wp-content\/uploads\/2015\/02\/logoNT.png","contentUrl":"https:\/\/www.nordictrans.com\/wp-content\/uploads\/2015\/02\/logoNT.png","width":272,"height":92,"caption":"NordicTrans"},"image":{"@id":"https:\/\/www.nordictrans.com\/sv\/#\/schema\/logo\/image\/"},"sameAs":["https:\/\/www.facebook.com\/NordicTrans","https:\/\/x.com\/NordicTrans","https:\/\/www.instagram.com\/NordictransUS","https:\/\/www.linkedin.com\/company\/nordictrans","https:\/\/www.pinterest.com\/nordictrans01","https:\/\/www.youtube.com\/c\/nordictrans"]}]}},"_links":{"self":[{"href":"https:\/\/www.nordictrans.com\/sv\/wp-json\/wp\/v2\/pages\/23896","targetHints":{"allow":["GET"]}}],"collection":[{"href":"https:\/\/www.nordictrans.com\/sv\/wp-json\/wp\/v2\/pages"}],"about":[{"href":"https:\/\/www.nordictrans.com\/sv\/wp-json\/wp\/v2\/types\/page"}],"author":[{"embeddable":true,"href":"https:\/\/www.nordictrans.com\/sv\/wp-json\/wp\/v2\/users\/1"}],"replies":[{"embeddable":true,"href":"https:\/\/www.nordictrans.com\/sv\/wp-json\/wp\/v2\/comments?post=23896"}],"version-history":[{"count":5,"href":"https:\/\/www.nordictrans.com\/sv\/wp-json\/wp\/v2\/pages\/23896\/revisions"}],"predecessor-version":[{"id":48981,"href":"https:\/\/www.nordictrans.com\/sv\/wp-json\/wp\/v2\/pages\/23896\/revisions\/48981"}],"wp:featuredmedia":[{"embeddable":true,"href":"https:\/\/www.nordictrans.com\/sv\/wp-json\/wp\/v2\/media\/31831"}],"wp:attachment":[{"href":"https:\/\/www.nordictrans.com\/sv\/wp-json\/wp\/v2\/media?parent=23896"}],"curies":[{"name":"wp","href":"https:\/\/api.w.org\/{rel}","templated":true}]}}