{"id":23815,"date":"2016-12-28T12:54:02","date_gmt":"2016-12-28T12:54:02","guid":{"rendered":"http:\/\/dev.nordictrans.com\/programlokaliseringstjaenster\/"},"modified":"2018-02-08T14:31:28","modified_gmt":"2018-02-08T14:31:28","slug":"programlokaliseringstjanster","status":"publish","type":"page","link":"https:\/\/www.nordictrans.com\/sv\/oversattningstjanster\/programlokaliseringstjanster\/","title":{"rendered":"Programlokaliseringstj\u00e4nster"},"content":{"rendered":"<div class=\"wpb-content-wrapper\"><p>[vc_row][vc_column]\n\t\t\t<!-- START Software Localization REVOLUTION SLIDER 6.6.16 --><p class=\"rs-p-wp-fix\"><\/p>\n\t\t\t<rs-module-wrap id=\"rev_slider_6_1_wrapper\" data-source=\"gallery\" style=\"visibility:hidden;background:transparent;padding:0;margin:0px auto;margin-top:0;margin-bottom:0;\">\n\t\t\t\t<rs-module id=\"rev_slider_6_1\" style=\"\" data-version=\"6.6.16\">\n\t\t\t\t\t<rs-slides style=\"overflow: hidden; position: absolute;\">\n\t\t\t\t\t\t<rs-slide style=\"position: absolute;\" data-key=\"rs-10\" data-title=\"Slide\" data-anim=\"adpr:false;\" data-in=\"o:0;\" data-out=\"a:false;\">\n\t\t\t\t\t\t\t<img decoding=\"async\" src=\"\/\/www.nordictrans.com\/wp-content\/plugins\/revslider\/public\/assets\/assets\/dummy.png\" alt=\"\" title=\"Programlokaliseringstj\u00e4nster\" class=\"rev-slidebg tp-rs-img rs-lazyload\" data-lazyload=\"\/\/www.nordictrans.com\/wp-content\/uploads\/2018\/07\/software-localization-services.png\" data-parallax=\"15\" data-no-retina>\n<!--\n\t\t\t\t\t\t\t--><rs-layer\n\t\t\t\t\t\t\t\tid=\"slider-6-slide-10-layer-0\" \n\t\t\t\t\t\t\t\tdata-type=\"text\"\n\t\t\t\t\t\t\t\tdata-color=\"#fff\"\n\t\t\t\t\t\t\t\tdata-rsp_ch=\"on\"\n\t\t\t\t\t\t\t\tdata-xy=\"xo:341px,281px,213px,131px;yo:46px,37px,28px,17px;\"\n\t\t\t\t\t\t\t\tdata-text=\"w:normal;s:40,33,25,15;l:50,41,31,19;fw:900;\"\n\t\t\t\t\t\t\t\tdata-dim=\"minh:0px,none,none,none;\"\n\t\t\t\t\t\t\t\tdata-frame_999=\"o:0;st:w;\"\n\t\t\t\t\t\t\t\tstyle=\"z-index:5;font-family:'Roboto';text-transform:uppercase;\"\n\t\t\t\t\t\t\t>SOFTWARE LOCALIZATION \n\t\t\t\t\t\t\t<\/rs-layer><!--\n-->\t\t\t\t\t\t<\/rs-slide>\n\t\t\t\t\t<\/rs-slides>\n\t\t\t\t<\/rs-module>\n\t\t\t\t<script>\n\t\t\t\t\tsetREVStartSize({c: 'rev_slider_6_1',rl:[1240,1024,778,480],el:[655,600,500,400],gw:[1240,1024,778,480],gh:[655,600,500,400],type:'hero',justify:'',layout:'fullwidth',mh:\"0\"});if (window.RS_MODULES!==undefined && window.RS_MODULES.modules!==undefined && window.RS_MODULES.modules[\"revslider61\"]!==undefined) {window.RS_MODULES.modules[\"revslider61\"].once = false;window.revapi6 = undefined;if (window.RS_MODULES.checkMinimal!==undefined) window.RS_MODULES.checkMinimal()}\n\t\t\t\t<\/script>\n\t\t\t<\/rs-module-wrap>\n\t\t\t<!-- END REVOLUTION SLIDER -->\n[\/vc_column][\/vc_row][vc_row][vc_column][vc_raw_html]JTNDZGl2JTIwaWQlM0QlMjJzZWNvbmRfYnJlZCUyMiUyMGNsYXNzJTNEJTIyd2YtdGQlMjIlM0UlM0MlMkZkaXYlM0U=[\/vc_raw_html][\/vc_column][\/vc_row][vc_row rowtype=&#8221;fullw&#8221; textalign=&#8221;center&#8221;][vc_column][vc_empty_space][vc_column_text css_animation=&#8221;zoomIn&#8221;]<\/p>\n<h1 style=\"text-align: center; color: #2c5a85;\"><strong>Programlokaliseringstj\u00e4nster<\/strong><\/h1>\n<p>[\/vc_column_text][vc_empty_space][vc_row_inner][vc_column_inner][vc_column_text css_animation=&#8221;zoomInUp&#8221;]<\/p>\n<p style=\"text-align: center;\">Nu f\u00f6r tiden har varje f\u00f6retag sina egna unika behov. Det \u00e4r viktigt att <strong>f\u00f6rst\u00e5 var tj\u00e4nster som programlokalisering passar<\/strong> in bland era behov. N\u00e4r ni driver ett f\u00f6retag p\u00e5 internationell niv\u00e5, till exempel, s\u00e5 beh\u00f6ver ni anv\u00e4nda ett programlokaliseringsf\u00f6retag d\u00e5 och d\u00e5. Detta \u00e4r viktigt s\u00e5 att ni kan ge era kunder n\u00e5got verkligt, n\u00e5got genuint att se fram mot. Genom att anv\u00e4nda dessa tj\u00e4nster kan era kunder kommunicera med er i realtid, utan att beh\u00f6va bekymra sig om n\u00e5got p\u00e5 v\u00e4gen.<\/p>\n<p style=\"text-align: center;\">F\u00f6r stunden \u00e4r det ganska m\u00e5nga som s\u00f6ker efter lokalisering p\u00e5 marknaden, och inte s\u00e5 m\u00e5nga som kan leverera dessa enligt deras behov. Om ni n\u00e5gonsin har letat efter n\u00e5got s\u00e5dant s\u00e5 beh\u00f6ver ni se till att ni anv\u00e4nder ett f\u00f6retag f\u00f6r programlokalisering som klarar att uppfylla era behov. Ni beh\u00f6ver se till att ni anv\u00e4nder ett f\u00f6retag som \u00e4r professionella i allt de g\u00f6r. Det \u00e4r detta som g\u00f6r att ert projekt garanterat sticker ut.<\/p>\n<p>[\/vc_column_text][\/vc_column_inner][\/vc_row_inner][\/vc_column][\/vc_row][vc_row rowtype=&#8221;fullw&#8221; padding=&#8221;20px 0&#8243;][vc_column][vc_empty_space height=&#8221;70px&#8221;][vc_row_inner][vc_column_inner width=&#8221;1\/4&#8243;][vc_single_image image=&#8221;9918&#8243; img_size=&#8221;full&#8221; css_animation=&#8221;fadeInLeft&#8221;][vc_empty_space][\/vc_column_inner][vc_column_inner width=&#8221;3\/4&#8243;][vc_text_separator title=&#8221;Professionella programlokaliseringstj\u00e4nster&#8221; style=&#8221;double&#8221;][vc_empty_space][vc_column_text css_animation=&#8221;fadeInRight&#8221;]<span lang=\"SV\">Programlokalisering har funnits ganska l\u00e4nge, \u00e4nda sedan internationella programvaruf\u00f6retag r\u00e4knade ut att de kunde \u00f6ka f\u00f6rs\u00e4ljningen genom att \u00f6vers\u00e4tta och lokalisera sina program mot specifika marknader. En del gjorde ett riktigt bra jobb med att lokalisera sina produkter och lyckades \u00f6ka sin f\u00f6rs\u00e4ljning, men inte alla.<\/span><\/p>\n<p><span lang=\"SV\">Det finns bara ett f\u00e5tal f\u00f6retag d\u00e4rute som kan leverera perfekt lokalisering av era program eller appar. Det finns ocks\u00e5 alla m\u00f6jliga program som kan hj\u00e4lpa er att lokalisera en programprodukt mot en specifik marknad, men d\u00e4remot \u00e4r inte resultatet det ni beh\u00f6ver.<\/span><\/p>\n<p><span lang=\"SV\">NordicTrans har de b\u00e4sta specialisterna p\u00e5 marknaden och levererar h\u00f6gkvalitativa lokaliseringstj\u00e4nster. Oavsett om ni bara har en liten app eller en hel programsvit, s\u00e5 kan vi tillhandah\u00e5lla lokalisering av dem alla.<\/span><\/p>\n<p><span lang=\"SV\">Hur det fungerar? Kort sagt s\u00e5 extraherar v\u00e5ra specialister f\u00f6rst vilka \u00f6vers\u00e4ttningsbehov som finns och de skickar det sedan till v\u00e5ra \u00f6vers\u00e4ttare. N\u00e4r \u00f6vers\u00e4ttningen v\u00e4l \u00e4r gjord infogar dem den i er produkt. I slut\u00e4nden \u00f6vers\u00e4tts och anpassas b\u00e5de front- och backenddelen av er produkt efter kulturella och tekniska krav p\u00e5 den tillt\u00e4nkta marknaden. Er programvara g\u00e5r sedan igenom en rigor\u00f6s testprocess f\u00f6r att s\u00e4kra att slutprodukten \u00e4r perfekt.<\/span>[\/vc_column_text][\/vc_column_inner][\/vc_row_inner][vc_empty_space][\/vc_column][\/vc_row][vc_row type=&#8221;vc_default&#8221; bg_type=&#8221;bg_color&#8221; bg_override=&#8221;full&#8221; rowtype=&#8221;fullw&#8221; padding=&#8221;20px 0&#8243; css=&#8221;.vc_custom_1478765602542{padding-top: 20px !important;padding-right: 0px !important;padding-bottom: 20px !important;padding-left: 0px !important;}&#8221; bg_color_value=&#8221;#ebebeb&#8221;][vc_column][vc_empty_space][vc_custom_heading text=&#8221;Fel i programlokaliseringen leder till s\u00e4mre resultat&#8221; font_container=&#8221;tag:h2|text_align:center|color:%232c5a85&#8243; google_fonts=&#8221;font_family:Roboto%3A100%2C100italic%2C300%2C300italic%2Cregular%2Citalic%2C500%2C500italic%2C700%2C700italic%2C900%2C900italic|font_style:400%20regular%3A400%3Anormal&#8221;][vc_empty_space][vc_separator color=&#8221;custom&#8221; border_width=&#8221;5&#8243; el_width=&#8221;10&#8243; accent_color=&#8221;#999999&#8243;][vc_empty_space][vc_column_text css_animation=&#8221;zoomIn&#8221;]<\/p>\n<p style=\"text-align: center; background: #EBEBEB;\" align=\"center\"><span lang=\"SV\">N\u00e4r det g\u00e4ller serviceleverans, i synnerhet vad g\u00e4ller onlineverksamheter, s\u00e5 \u00e4r ert behov av ett riktigt bra programlokaliseringsf\u00f6retag n\u00e5got ni inte kan ta f\u00f6r givet. Det \u00e4r av yttersta vikt att ni ser till att ni inte samarbetar med n\u00e5gon annan \u00e4n de b\u00e4sta i branschen f\u00f6r att ni ska f\u00e5 b\u00e4sta m\u00f6jliga framg\u00e5ng ur det hela. Ett enda misstag kan f\u00e5 katastrofala f\u00f6ljder eftersom era anv\u00e4ndare ifr\u00e5gas\u00e4tter kvaliteten p\u00e5 er produkt och s\u00f6ker efter alternativ.<\/span><\/p>\n<p style=\"text-align: center; background: #EBEBEB;\" align=\"center\"><span lang=\"SV\">Vi erbjuder n\u00e5got av det b\u00e4sta vad g\u00e4ller lokaliseringstj\u00e4nster i dagsl\u00e4get. Allt ni beh\u00f6ver finns precis h\u00e4r. Det finns en hel del ni beh\u00f6ver g\u00f6ra f\u00f6r att \u00f6ka sannolikheten f\u00f6r att ni enbart ska f\u00e5 f\u00f6rdelar av det h\u00e4r. Det \u00e4r emellertid av yttersta vikt att ni ser till att ha en lista \u00f6ver saker som ni beh\u00f6ver, korrekt angivna, och delar den med oss. D\u00e4rifr\u00e5n kan vi s\u00e4tta ig\u00e5ng direkt och f\u00f6rbereda allting p\u00e5 det s\u00e4tt ni beh\u00f6ver ha det p\u00e5, s\u00e5 att ni kan driva ert f\u00f6retag s\u00f6ml\u00f6st.<\/span><\/p>\n<p>[\/vc_column_text][vc_empty_space height=&#8221;50px&#8221;][\/vc_column][\/vc_row][vc_row rowtype=&#8221;fullw&#8221; padding=&#8221;20px 0&#8243;][vc_column][vc_empty_space][vc_custom_heading text=&#8221;Om ni beh\u00f6ver kvalitetstj\u00e4nster inom programlokalisering, kontakta oss idag&#8221; font_container=&#8221;tag:h2|text_align:center|color:%232c5a85&#8243; google_fonts=&#8221;font_family:Roboto%3A100%2C100italic%2C300%2C300italic%2Cregular%2Citalic%2C500%2C500italic%2C700%2C700italic%2C900%2C900italic|font_style:400%20regular%3A400%3Anormal&#8221;][vc_empty_space][vc_column_text css_animation=&#8221;zoomInUp&#8221;]<\/p>\n<p style=\"text-align: center;\" align=\"center\"><span lang=\"SV\">Vi arbetar hela dygnet, veckan runt. Det \u00e4r enkelt att beg\u00e4ra en offert eller f\u00e5 mer information och det kan g\u00f6ras via telefon, e-post eller en livechatt. V\u00e5ra projekthandledare befinner sig alltid online f\u00f6r er!<\/span><\/p>\n<p>[\/vc_column_text][vc_empty_space height=&#8221;50px&#8221;][\/vc_column][\/vc_row][vc_row type=&#8221;3&#8243; margin_bottom=&#8221;0px&#8221; full_width_row=&#8221;true&#8221; rowtype=&#8221;fullw&#8221; textalign=&#8221;center&#8221; padding=&#8221;30px 0px&#8221; css=&#8221;.vc_custom_1479125373281{margin-bottom: 0px !important;padding-top: 30px !important;padding-right: 0px !important;padding-bottom: 30px !important;padding-left: 0px !important;}&#8221; el_class=&#8221;live-contact-btn-wrap&#8221;][vc_column][vc_cta h2=&#8221;\u00c4r du redo? D\u00e5 b\u00f6rjar vi: &#8221; add_button=&#8221;right&#8221; btn_title=&#8221;LIVEKONTAKT&#8221; btn_style=&#8221;custom&#8221; btn_custom_background=&#8221;#ffffff&#8221; btn_custom_text=&#8221;#2a4a8f&#8221; btn_shape=&#8221;round&#8221; btn_align=&#8221;center&#8221; btn_custom_onclick=&#8221;true&#8221; btn_smooth_scroll=&#8221;true&#8221; btn_link=&#8221;url:https%3A%2F%2Fwww.nordictrans.com%2Fchat-popup%2F|||&#8221; el_class=&#8221;live-contact-btn&#8221;][\/vc_cta][\/vc_column][\/vc_row]<\/p>\n<\/div>","protected":false},"excerpt":{"rendered":"<p>[vc_row][vc_column][\/vc_column][\/vc_row][vc_row][vc_column][vc_raw_html]JTNDZGl2JTIwaWQlM0QlMjJzZWNvbmRfYnJlZCUyMiUyMGNsYXNzJTNEJTIyd2YtdGQlMjIlM0UlM0MlMkZkaXYlM0U=[\/vc_raw_html][\/vc_column][\/vc_row][vc_row rowtype=&#8221;fullw&#8221; textalign=&#8221;center&#8221;][vc_column][vc_empty_space][vc_column_text css_animation=&#8221;zoomIn&#8221;] Programlokaliseringstj\u00e4nster [\/vc_column_text][vc_empty_space][vc_row_inner][vc_column_inner][vc_column_text css_animation=&#8221;zoomInUp&#8221;] Nu f\u00f6r tiden har varje f\u00f6retag sina egna unika behov. Det \u00e4r viktigt att f\u00f6rst\u00e5 var tj\u00e4nster som programlokalisering passar in bland era behov. N\u00e4r ni driver ett f\u00f6retag p\u00e5 internationell niv\u00e5, till exempel, s\u00e5 beh\u00f6ver ni anv\u00e4nda ett programlokaliseringsf\u00f6retag d\u00e5 och d\u00e5. Detta \u00e4r viktigt s\u00e5 att&hellip;<\/p>\n","protected":false},"author":1,"featured_media":34631,"parent":23674,"menu_order":0,"comment_status":"closed","ping_status":"closed","template":"","meta":{"_acf_changed":false,"footnotes":""},"class_list":["post-23815","page","type-page","status-publish","has-post-thumbnail","hentry","description-off"],"acf":[],"yoast_head":"<!-- This site is optimized with the Yoast SEO Premium plugin v26.5 (Yoast SEO v26.5) - https:\/\/yoast.com\/wordpress\/plugins\/seo\/ -->\n<title>P\u00e5litliga programlokaliseringstj\u00e4nster - NordicTrans<\/title>\n<meta name=\"description\" content=\"NordicTrans levererar h\u00f6gkvalitativa programlokaliseringstj\u00e4nster, oavsett om ni bara har en liten app eller en hel programsvit s\u00e5 kan vi g\u00f6ra det.\" \/>\n<meta name=\"robots\" content=\"index, follow, max-snippet:-1, max-image-preview:large, max-video-preview:-1\" \/>\n<link rel=\"canonical\" href=\"https:\/\/www.nordictrans.com\/sv\/oversattningstjanster\/programlokaliseringstjanster\/\" \/>\n<meta property=\"og:locale\" content=\"sv_SE\" \/>\n<meta property=\"og:type\" content=\"article\" \/>\n<meta property=\"og:title\" content=\"Software Localization Services Company | NordicTrans\" \/>\n<meta property=\"og:description\" content=\"NordicTrans is a company which provides high quality software localization services, if you have a small app or a full software suite, we can do it.\" \/>\n<meta property=\"og:url\" content=\"https:\/\/www.nordictrans.com\/sv\/oversattningstjanster\/programlokaliseringstjanster\/\" \/>\n<meta property=\"og:site_name\" content=\"Nordictrans.com\" \/>\n<meta property=\"article:publisher\" content=\"https:\/\/www.facebook.com\/NordicTrans\" \/>\n<meta property=\"article:modified_time\" content=\"2018-02-08T14:31:28+00:00\" \/>\n<meta property=\"og:image\" content=\"https:\/\/www.nordictrans.com\/wp-content\/uploads\/2018\/07\/software-localization-services.png\" \/>\n\t<meta property=\"og:image:width\" content=\"1903\" \/>\n\t<meta property=\"og:image:height\" content=\"670\" \/>\n\t<meta property=\"og:image:type\" content=\"image\/png\" \/>\n<meta name=\"twitter:card\" content=\"summary_large_image\" \/>\n<meta name=\"twitter:title\" content=\"Software Localization Services Company | NordicTrans\" \/>\n<meta name=\"twitter:description\" content=\"Software localization services are providing by Nordictrans Company. If you have a small app or a full software suite, we can do it.\" \/>\n<meta name=\"twitter:site\" content=\"@NordicTrans\" \/>\n<meta name=\"twitter:label1\" content=\"Ber\u00e4knad l\u00e4stid\" \/>\n\t<meta name=\"twitter:data1\" content=\"6 minuter\" \/>\n<!-- \/ Yoast SEO Premium plugin. -->","yoast_head_json":{"title":"P\u00e5litliga programlokaliseringstj\u00e4nster - NordicTrans","description":"NordicTrans levererar h\u00f6gkvalitativa programlokaliseringstj\u00e4nster, oavsett om ni bara har en liten app eller en hel programsvit s\u00e5 kan vi g\u00f6ra det.","robots":{"index":"index","follow":"follow","max-snippet":"max-snippet:-1","max-image-preview":"max-image-preview:large","max-video-preview":"max-video-preview:-1"},"canonical":"https:\/\/www.nordictrans.com\/sv\/oversattningstjanster\/programlokaliseringstjanster\/","og_locale":"sv_SE","og_type":"article","og_title":"Software Localization Services Company | NordicTrans","og_description":"NordicTrans is a company which provides high quality software localization services, if you have a small app or a full software suite, we can do it.","og_url":"https:\/\/www.nordictrans.com\/sv\/oversattningstjanster\/programlokaliseringstjanster\/","og_site_name":"Nordictrans.com","article_publisher":"https:\/\/www.facebook.com\/NordicTrans","article_modified_time":"2018-02-08T14:31:28+00:00","og_image":[{"width":1903,"height":670,"url":"https:\/\/www.nordictrans.com\/wp-content\/uploads\/2018\/07\/software-localization-services.png","type":"image\/png"}],"twitter_card":"summary_large_image","twitter_title":"Software Localization Services Company | NordicTrans","twitter_description":"Software localization services are providing by Nordictrans Company. If you have a small app or a full software suite, we can do it.","twitter_site":"@NordicTrans","twitter_misc":{"Ber\u00e4knad l\u00e4stid":"6 minuter"},"schema":{"@context":"https:\/\/schema.org","@graph":[{"@type":"WebPage","@id":"https:\/\/www.nordictrans.com\/sv\/oversattningstjanster\/programlokaliseringstjanster\/","url":"https:\/\/www.nordictrans.com\/sv\/oversattningstjanster\/programlokaliseringstjanster\/","name":"P\u00e5litliga programlokaliseringstj\u00e4nster - NordicTrans","isPartOf":{"@id":"https:\/\/www.nordictrans.com\/sv\/#website"},"primaryImageOfPage":{"@id":"https:\/\/www.nordictrans.com\/sv\/oversattningstjanster\/programlokaliseringstjanster\/#primaryimage"},"image":{"@id":"https:\/\/www.nordictrans.com\/sv\/oversattningstjanster\/programlokaliseringstjanster\/#primaryimage"},"thumbnailUrl":"https:\/\/www.nordictrans.com\/wp-content\/uploads\/2018\/07\/software-localization-services.png","datePublished":"2016-12-28T12:54:02+00:00","dateModified":"2018-02-08T14:31:28+00:00","description":"NordicTrans levererar h\u00f6gkvalitativa programlokaliseringstj\u00e4nster, oavsett om ni bara har en liten app eller en hel programsvit s\u00e5 kan vi g\u00f6ra det.","breadcrumb":{"@id":"https:\/\/www.nordictrans.com\/sv\/oversattningstjanster\/programlokaliseringstjanster\/#breadcrumb"},"inLanguage":"sv-SE","potentialAction":[{"@type":"ReadAction","target":["https:\/\/www.nordictrans.com\/sv\/oversattningstjanster\/programlokaliseringstjanster\/"]}]},{"@type":"ImageObject","inLanguage":"sv-SE","@id":"https:\/\/www.nordictrans.com\/sv\/oversattningstjanster\/programlokaliseringstjanster\/#primaryimage","url":"https:\/\/www.nordictrans.com\/wp-content\/uploads\/2018\/07\/software-localization-services.png","contentUrl":"https:\/\/www.nordictrans.com\/wp-content\/uploads\/2018\/07\/software-localization-services.png","width":1903,"height":670,"caption":"Software Localization Services"},{"@type":"BreadcrumbList","@id":"https:\/\/www.nordictrans.com\/sv\/oversattningstjanster\/programlokaliseringstjanster\/#breadcrumb","itemListElement":[{"@type":"ListItem","position":1,"name":"Home","item":"https:\/\/www.nordictrans.com\/sv\/"},{"@type":"ListItem","position":2,"name":"\u00d6vers\u00e4ttningstj\u00e4nster","item":"https:\/\/www.nordictrans.com\/sv\/oversattningstjanster\/"},{"@type":"ListItem","position":3,"name":"Programlokaliseringstj\u00e4nster"}]},{"@type":"WebSite","@id":"https:\/\/www.nordictrans.com\/sv\/#website","url":"https:\/\/www.nordictrans.com\/sv\/","name":"Nordictrans.com","description":"Translation Agency specialized in Nordic Languages","publisher":{"@id":"https:\/\/www.nordictrans.com\/sv\/#organization"},"potentialAction":[{"@type":"SearchAction","target":{"@type":"EntryPoint","urlTemplate":"https:\/\/www.nordictrans.com\/sv\/?s={search_term_string}"},"query-input":{"@type":"PropertyValueSpecification","valueRequired":true,"valueName":"search_term_string"}}],"inLanguage":"sv-SE"},{"@type":"Organization","@id":"https:\/\/www.nordictrans.com\/sv\/#organization","name":"NordicTrans","url":"https:\/\/www.nordictrans.com\/sv\/","logo":{"@type":"ImageObject","inLanguage":"sv-SE","@id":"https:\/\/www.nordictrans.com\/sv\/#\/schema\/logo\/image\/","url":"https:\/\/www.nordictrans.com\/wp-content\/uploads\/2015\/02\/logoNT.png","contentUrl":"https:\/\/www.nordictrans.com\/wp-content\/uploads\/2015\/02\/logoNT.png","width":272,"height":92,"caption":"NordicTrans"},"image":{"@id":"https:\/\/www.nordictrans.com\/sv\/#\/schema\/logo\/image\/"},"sameAs":["https:\/\/www.facebook.com\/NordicTrans","https:\/\/x.com\/NordicTrans","https:\/\/www.instagram.com\/NordictransUS","https:\/\/www.linkedin.com\/company\/nordictrans","https:\/\/www.pinterest.com\/nordictrans01","https:\/\/www.youtube.com\/c\/nordictrans"]}]}},"_links":{"self":[{"href":"https:\/\/www.nordictrans.com\/sv\/wp-json\/wp\/v2\/pages\/23815","targetHints":{"allow":["GET"]}}],"collection":[{"href":"https:\/\/www.nordictrans.com\/sv\/wp-json\/wp\/v2\/pages"}],"about":[{"href":"https:\/\/www.nordictrans.com\/sv\/wp-json\/wp\/v2\/types\/page"}],"author":[{"embeddable":true,"href":"https:\/\/www.nordictrans.com\/sv\/wp-json\/wp\/v2\/users\/1"}],"replies":[{"embeddable":true,"href":"https:\/\/www.nordictrans.com\/sv\/wp-json\/wp\/v2\/comments?post=23815"}],"version-history":[{"count":5,"href":"https:\/\/www.nordictrans.com\/sv\/wp-json\/wp\/v2\/pages\/23815\/revisions"}],"predecessor-version":[{"id":27004,"href":"https:\/\/www.nordictrans.com\/sv\/wp-json\/wp\/v2\/pages\/23815\/revisions\/27004"}],"up":[{"embeddable":true,"href":"https:\/\/www.nordictrans.com\/sv\/wp-json\/wp\/v2\/pages\/23674"}],"wp:featuredmedia":[{"embeddable":true,"href":"https:\/\/www.nordictrans.com\/sv\/wp-json\/wp\/v2\/media\/34631"}],"wp:attachment":[{"href":"https:\/\/www.nordictrans.com\/sv\/wp-json\/wp\/v2\/media?parent=23815"}],"curies":[{"name":"wp","href":"https:\/\/api.w.org\/{rel}","templated":true}]}}