{"id":23769,"date":"2016-12-23T22:04:53","date_gmt":"2016-12-23T22:04:53","guid":{"rendered":"http:\/\/dev.nordictrans.com\/oeversaettningstjaenster-foer-hemsidor\/"},"modified":"2018-02-08T14:31:16","modified_gmt":"2018-02-08T14:31:16","slug":"oversattningstjanster-for-hemsidor","status":"publish","type":"page","link":"https:\/\/www.nordictrans.com\/sv\/oversattningstjanster\/oversattningstjanster-for-hemsidor\/","title":{"rendered":"\u00d6vers\u00e4ttningstj\u00e4nster f\u00f6r hemsidor"},"content":{"rendered":"<div class=\"wpb-content-wrapper\"><p>[vc_row][vc_column]\n\t\t\t<!-- START Website Translation REVOLUTION SLIDER 6.6.16 --><p class=\"rs-p-wp-fix\"><\/p>\n\t\t\t<rs-module-wrap id=\"rev_slider_5_1_wrapper\" data-source=\"gallery\" style=\"visibility:hidden;background:transparent;padding:0;margin:0px auto;margin-top:0;margin-bottom:0;\">\n\t\t\t\t<rs-module id=\"rev_slider_5_1\" style=\"\" data-version=\"6.6.16\">\n\t\t\t\t\t<rs-slides style=\"overflow: hidden; position: absolute;\">\n\t\t\t\t\t\t<rs-slide style=\"position: absolute;\" data-key=\"rs-81\" data-title=\"Slide\" data-anim=\"adpr:false;\">\n\t\t\t\t\t\t\t<img decoding=\"async\" src=\"\/\/www.nordictrans.com\/wp-content\/plugins\/revslider\/public\/assets\/assets\/dummy.png\" alt=\"\" title=\"\u00d6vers\u00e4ttningstj\u00e4nster f\u00f6r hemsidor\" class=\"rev-slidebg tp-rs-img rs-lazyload\" data-lazyload=\"\/\/www.nordictrans.com\/wp-content\/uploads\/2018\/04\/website-translation-services-1.png\" data-parallax=\"15\" data-no-retina>\n<!--\n\t\t\t\t\t\t\t--><rs-layer\n\t\t\t\t\t\t\t\tid=\"slider-5-slide-81-layer-1\" \n\t\t\t\t\t\t\t\tdata-type=\"text\"\n\t\t\t\t\t\t\t\tdata-color=\"rgba(153,153,153,1)\"\n\t\t\t\t\t\t\t\tdata-rsp_ch=\"on\"\n\t\t\t\t\t\t\t\tdata-xy=\"xo:109px,11px,9px,14px;yo:323px,256px,230px,182px;\"\n\t\t\t\t\t\t\t\tdata-text=\"s:50,60,40,30;l:50,60,40,30;fw:700;a:inherit;\"\n\t\t\t\t\t\t\t\tdata-frame_0=\"tp:600;\"\n\t\t\t\t\t\t\t\tdata-frame_1=\"tp:600;st:0;\"\n\t\t\t\t\t\t\t\tdata-frame_999=\"o:0;tp:600;st:w;sR:8700.0006103516;\"\n\t\t\t\t\t\t\t\tstyle=\"z-index:5;font-family:'Open Sans';opacity:0.6;\"\n\t\t\t\t\t\t\t>\n\u00d6VERS\u00c4TTNINGSTJ\u00c4NSTER<br\/>\nF\u00d6R HEMSIDOR \n\t\t\t\t\t\t\t<\/rs-layer><!--\n-->\t\t\t\t\t\t<\/rs-slide>\n\t\t\t\t\t<\/rs-slides>\n\t\t\t\t<\/rs-module>\n\t\t\t\t<script>\n\t\t\t\t\tsetREVStartSize({c: 'rev_slider_5_1',rl:[1240,1024,778,480],el:[655,600,500,400],gw:[1240,1024,778,480],gh:[655,600,500,400],type:'hero',justify:'',layout:'fullwidth',mh:\"0\"});if (window.RS_MODULES!==undefined && window.RS_MODULES.modules!==undefined && window.RS_MODULES.modules[\"revslider51\"]!==undefined) {window.RS_MODULES.modules[\"revslider51\"].once = false;window.revapi5 = undefined;if (window.RS_MODULES.checkMinimal!==undefined) window.RS_MODULES.checkMinimal()}\n\t\t\t\t<\/script>\n\t\t\t<\/rs-module-wrap>\n\t\t\t<!-- END REVOLUTION SLIDER -->\n[\/vc_column][\/vc_row][vc_row][vc_column][vc_raw_html]JTNDZGl2JTIwaWQlM0QlMjJzZWNvbmRfYnJlZCUyMiUyMGNsYXNzJTNEJTIyd2YtdGQlMjIlM0UlM0MlMkZkaXYlM0U=[\/vc_raw_html][\/vc_column][\/vc_row][vc_row rowtype=&#8221;fullw&#8221; textalign=&#8221;center&#8221;][vc_column][vc_empty_space][vc_column_text]<\/p>\n<h1 style=\"text-align: center; color: #2c5a85;\"><strong>\u00d6vers\u00e4ttningstj\u00e4nster F\u00f6r Hemsidor <\/strong><\/h1>\n<p>[\/vc_column_text][vc_empty_space][vc_row_inner][vc_column_inner][vc_column_text]<\/p>\n<p style=\"text-align: center;\">Om ni n\u00e5gonsin beh\u00f6ver \u00f6vers\u00e4ttningstj\u00e4nster f\u00f6r hemsidor \u00e4r det viktigt att ni ser till att ni samarbetar med professionella leverant\u00f6rer i branschen. Det finns s\u00e5 m\u00e5nga orsaker till varf\u00f6r professionella tj\u00e4nsteleverant\u00f6rer kommer att hj\u00e4lpa er. Ett av de goda sk\u00e4len till varf\u00f6r det \u00e4r s\u00e5 \u00e4r att professionella partners erbjuder hemsideslokalisering. I dagens aff\u00e4rsv\u00e4rld \u00e4r hemsideslokalisering n\u00e5gonting som inte kan tas f\u00f6r givet. Ni beh\u00f6ver se till att ni har en l\u00e4mpligt organiserad hemsida s\u00e5 att ni \u00f6kar chansen f\u00f6r att f\u00e5 ett bra resultat tillbaka av densamma.<\/p>\n<p style=\"text-align: center;\">Aff\u00e4rer via internet \u00e4r i dagsl\u00e4get en av de vanligaste int\u00e4ktsk\u00e4llorna f\u00f6r de flesta entrepren\u00f6rer. Av den orsaken skulle det vara en god id\u00e9 med en \u00f6vers\u00e4ttningstj\u00e4nst f\u00f6r hemsidor, eftersom ni d\u00e5 har en m\u00f6jlighet att ta er ut p\u00e5 djupare vatten utan att beh\u00f6va bekymra er om n\u00e5got. F\u00f6retag bryter gr\u00e4nserna och n\u00e5r ut f\u00f6r att er\u00f6vra nya territorier. Det h\u00e4r \u00e4r en av de b\u00e4sta framg\u00e5ngsmetoderna i dagsl\u00e4get.<\/p>\n<p>[\/vc_column_text][\/vc_column_inner][\/vc_row_inner][\/vc_column][\/vc_row][vc_row rowtype=&#8221;fullw&#8221; padding=&#8221;20px 0&#8243;][vc_column][vc_empty_space height=&#8221;70px&#8221;][vc_row_inner][vc_column_inner width=&#8221;1\/2&#8243;][vc_single_image image=&#8221;9902&#8243; img_size=&#8221;full&#8221; css_animation=&#8221;fadeInLeft&#8221;][vc_empty_space][\/vc_column_inner][vc_column_inner width=&#8221;1\/2&#8243;][vc_text_separator title=&#8221;Beh\u00f6ver ni lokaliseringstj\u00e4nster f\u00f6r er hemsida?&#8221; style=&#8221;double&#8221;][vc_empty_space][vc_column_text css_animation=&#8221;fadeInRight&#8221;]<\/p>\n<p style=\"text-align: left;\">Er hemsida \u00e4r ert f\u00f6retags ansikte ut\u00e5t i internetv\u00e4rlden, och d\u00e4rf\u00f6r beh\u00f6ver den fokuseras p\u00e5 att samla nya klienter fr\u00e5n hela v\u00e4rlden. En enspr\u00e5kig hemsida sticker inte ut, ni beh\u00f6ver \u00f6vers\u00e4tta er hemsida till s\u00e5 m\u00e5nga spr\u00e5k som m\u00f6jligt f\u00f6r att attrahera alla de kunder som inte f\u00f6rst\u00e5r engelska tillr\u00e4ckligt v\u00e4l. Det \u00e4r ett k\u00e4nt faktum att bes\u00f6kare \u00e4r mer ben\u00e4gna att l\u00e4sa p\u00e5 er hemsida eller k\u00f6pa era produkter om hemsidan \u00e4r skriven p\u00e5 deras modersm\u00e5l. Om ni inte vill missa den h\u00e4r m\u00f6jligheten s\u00e5 kan v\u00e5ra \u00f6vers\u00e4ttningstj\u00e4nster f\u00f6r hemsidor hj\u00e4lpa er.<\/p>\n<p style=\"text-align: left;\">Vi har s\u00e4rskilda team med professionella lingvister, webbingenj\u00f6rer och webbdesigners som \u00e4r redo att ta sig an vilket uppdrag som helst! Om ni beh\u00f6ver f\u00e5 er hemsida \u00f6versatt och lokaliserad mot en specifik marknad, s\u00e5 kan vi ordna detta \u00e5t er.<\/p>\n<p style=\"text-align: left;\">Med oss beh\u00f6ver ni inte oroa er f\u00f6r n\u00e5got p\u00e5 v\u00e4gen. Det tar bara minuter att beg\u00e4ra en gratis offert d\u00e5 v\u00e5ra projekthandledare alltid finns tillg\u00e4ngliga via livechatt eller via n\u00e5got annat kommunikationss\u00e4tt. V\u00e5ra webbingenj\u00f6rer studerar sedan er hemsida och ger ett bud. N\u00e4r ni v\u00e4l har accepterat budet i offerten b\u00f6rjar v\u00e5ra team arbeta med ert projekt. N\u00e4r allt \u00e4r gjort och har laddats upp p\u00e5 er hemsida, s\u00e5 p\u00e5b\u00f6rjar v\u00e5rt KS-team sin slutliga kontroll och ser till att allting fungerar som det ska.<\/p>\n<p style=\"text-align: left;\">Ni kan f\u00e5 uppdateringar om ert uppdrag n\u00e4r som helst genom att chatta med v\u00e5r livesupport, s\u00e5 f\u00e5r ni all information ni beh\u00f6ver fr\u00e5n er projekthandledare.<\/p>\n<p>[\/vc_column_text][\/vc_column_inner][\/vc_row_inner][vc_empty_space][\/vc_column][\/vc_row][vc_row type=&#8221;vc_default&#8221; bg_type=&#8221;bg_color&#8221; bg_override=&#8221;full&#8221; rowtype=&#8221;fullw&#8221; padding=&#8221;20px 0&#8243; css=&#8221;.vc_custom_1478765602542{padding-top: 20px !important;padding-right: 0px !important;padding-bottom: 20px !important;padding-left: 0px !important;}&#8221; bg_color_value=&#8221;#ebebeb&#8221;][vc_column][vc_empty_space][vc_custom_heading text=&#8221;Hemsideslokalisering f\u00f6r att n\u00e5 \u00f6ver spr\u00e5kbarri\u00e4rerna?&#8221; font_container=&#8221;tag:h2|text_align:center|color:%232c5a85&#8243; google_fonts=&#8221;font_family:Roboto%3A100%2C100italic%2C300%2C300italic%2Cregular%2Citalic%2C500%2C500italic%2C700%2C700italic%2C900%2C900italic|font_style:400%20regular%3A400%3Anormal&#8221;][vc_empty_space][vc_separator color=&#8221;custom&#8221; border_width=&#8221;5&#8243; el_width=&#8221;10&#8243; accent_color=&#8221;#999999&#8243;][vc_empty_space][vc_column_text css_animation=&#8221;zoomIn&#8221;]<\/p>\n<p style=\"text-align: center;\">Hemsideslokalisering f\u00f6r att n\u00e5 \u00f6ver spr\u00e5kbarri\u00e4rerna?<br \/>\nBehovet av en bra \u00f6vers\u00e4ttningstj\u00e4nst f\u00f6r hemsidor \u00e4r av yttersta vikt, s\u00e4rskilt f\u00f6r de som beh\u00f6ver n\u00e5 \u00f6ver barri\u00e4rer vid intr\u00e4det p\u00e5 nya marknader. Det g\u00f6r att ni kan kommunicera med era bes\u00f6kare och kunder, utan att beh\u00f6va bekymra er \u00f6ver f\u00f6rluster eller brister i f\u00f6rst\u00e5elsen under kommunikationsprocessen. En av de st\u00f6rsta utmaningar som anv\u00e4ndare har i dagsl\u00e4get \u00e4r det faktum att de vanligen vill f\u00e5 dessa \u00f6vers\u00e4ttningstj\u00e4nster gjorda v\u00e4ldigt snabbt.<\/p>\n<p style=\"text-align: center;\">Det \u00e4r inget fel med det. I sj\u00e4lva verket \u00e4r v\u00e5r specialitet inom \u00f6vers\u00e4ttning till de nordiska spr\u00e5ken n\u00e5got som ni verkligen kan dra f\u00f6rdel av. Vi klarar inte bara att f\u00e5 \u00f6vers\u00e4ttningen och hemsideslokaliseringen gjord \u00e5t er, vi har ocks\u00e5 kapaciteten att s\u00e4kra att n\u00e4r ni best\u00e4ller dessa tj\u00e4nster s\u00e5 levererar vi dem \u00e5t er p\u00e5 rekordtid. Med detta i \u00e5tanke s\u00e5 \u00e4r det sista ni beh\u00f6ver bekymra er f\u00f6r att det ska finnas n\u00e5gra brister i era f\u00f6retagsprocesser, eftersom vi b\u00e5de uppfyller och \u00f6verskrider era f\u00f6rv\u00e4ntningar.<\/p>\n<p>[\/vc_column_text][vc_empty_space height=&#8221;50px&#8221;][\/vc_column][\/vc_row][vc_row rowtype=&#8221;fullw&#8221; padding=&#8221;20px 0&#8243;][vc_column][vc_empty_space][vc_custom_heading text=&#8221;Vet ni inte hur? Med oss beh\u00f6ver ni inte veta!&#8221; font_container=&#8221;tag:h2|text_align:center|color:%232c5a85&#8243; google_fonts=&#8221;font_family:Roboto%3A100%2C100italic%2C300%2C300italic%2Cregular%2Citalic%2C500%2C500italic%2C700%2C700italic%2C900%2C900italic|font_style:400%20regular%3A400%3Anormal&#8221;][vc_empty_space][vc_column_text css_animation=&#8221;zoomInUp&#8221;]<\/p>\n<p style=\"text-align: center;\">Om ni \u00e4r oroliga \u00f6ver att inte kunna ladda upp det \u00f6versatta inneh\u00e5llet p\u00e5 er hemsida, s\u00e5 kan ni slappna av. V\u00e5rt team \u00f6vers\u00e4tter, lokaliserar och korrekturl\u00e4ser ert inneh\u00e5ll, v\u00e5ra designers modifierar och \u00e4ndrar alla bilder som inneh\u00e5ller texter och v\u00e5ra webbingenj\u00f6rer laddar upp allting p\u00e5 er hemsida och ser till att allt \u00e4r p\u00e5 plats och fungerar.<\/p>\n<p style=\"text-align: center;\">Vi l\u00e4mnar inte ifr\u00e5n oss of\u00e4rdiga jobb, s\u00e5 n\u00e4r ni anv\u00e4nder er av v\u00e5ra \u00f6vers\u00e4ttningstj\u00e4nster f\u00f6r hemsidor, kan ni lugnt lita p\u00e5 att VI g\u00f6r allt jobb!<\/p>\n<p>[\/vc_column_text][vc_empty_space height=&#8221;50px&#8221;][\/vc_column][\/vc_row][vc_row type=&#8221;3&#8243; margin_bottom=&#8221;0px&#8221; full_width_row=&#8221;true&#8221; rowtype=&#8221;fullw&#8221; textalign=&#8221;center&#8221; padding=&#8221;30px 0px&#8221; css=&#8221;.vc_custom_1479125368276{margin-bottom: 0px !important;padding-top: 30px !important;padding-right: 0px !important;padding-bottom: 30px !important;padding-left: 0px !important;}&#8221; el_class=&#8221;live-contact-btn-wrap&#8221;][vc_column][vc_cta h2=&#8221;\u00c4r du redo? D\u00e5 b\u00f6rjar vi: &#8221; add_button=&#8221;right&#8221; btn_title=&#8221;LIVEKONTAKT&#8221; btn_style=&#8221;custom&#8221; btn_custom_background=&#8221;#ffffff&#8221; btn_custom_text=&#8221;#2a4a8f&#8221; btn_shape=&#8221;round&#8221; btn_align=&#8221;center&#8221; btn_custom_onclick=&#8221;true&#8221; btn_smooth_scroll=&#8221;true&#8221; btn_link=&#8221;url:https%3A%2F%2Fwww.nordictrans.com%2Fchat-popup%2F|||&#8221; el_class=&#8221;live-contact-btn&#8221;][\/vc_cta][\/vc_column][\/vc_row]<\/p>\n<\/div>","protected":false},"excerpt":{"rendered":"<p>[vc_row][vc_column][\/vc_column][\/vc_row][vc_row][vc_column][vc_raw_html]JTNDZGl2JTIwaWQlM0QlMjJzZWNvbmRfYnJlZCUyMiUyMGNsYXNzJTNEJTIyd2YtdGQlMjIlM0UlM0MlMkZkaXYlM0U=[\/vc_raw_html][\/vc_column][\/vc_row][vc_row rowtype=&#8221;fullw&#8221; textalign=&#8221;center&#8221;][vc_column][vc_empty_space][vc_column_text] \u00d6vers\u00e4ttningstj\u00e4nster F\u00f6r Hemsidor [\/vc_column_text][vc_empty_space][vc_row_inner][vc_column_inner][vc_column_text] Om ni n\u00e5gonsin beh\u00f6ver \u00f6vers\u00e4ttningstj\u00e4nster f\u00f6r hemsidor \u00e4r det viktigt att ni ser till att ni samarbetar med professionella leverant\u00f6rer i branschen. Det finns s\u00e5 m\u00e5nga orsaker till varf\u00f6r professionella tj\u00e4nsteleverant\u00f6rer kommer att hj\u00e4lpa er. Ett av de goda sk\u00e4len till varf\u00f6r det \u00e4r s\u00e5 \u00e4r att professionella&hellip;<\/p>\n","protected":false},"author":1,"featured_media":32150,"parent":23674,"menu_order":0,"comment_status":"closed","ping_status":"closed","template":"","meta":{"_acf_changed":false,"footnotes":""},"class_list":["post-23769","page","type-page","status-publish","has-post-thumbnail","hentry","description-off"],"acf":[],"yoast_head":"<!-- This site is optimized with the Yoast SEO Premium plugin v26.5 (Yoast SEO v26.5) - https:\/\/yoast.com\/wordpress\/plugins\/seo\/ -->\n<title>\u00d6vers\u00e4ttningstj\u00e4nster f\u00f6r hemsidor - Hemsideslokalisering<\/title>\n<meta name=\"description\" content=\"Vi l\u00e4mnar inte ifr\u00e5n oss of\u00e4rdiga jobb, s\u00e5 n\u00e4r ni anv\u00e4nder er av v\u00e5r \u00f6vers\u00e4ttningstj\u00e4nster f\u00f6r hemsidor, kan ni lugnt lita p\u00e5 att VI g\u00f6r allt jobb!\" \/>\n<meta name=\"robots\" content=\"index, follow, max-snippet:-1, max-image-preview:large, max-video-preview:-1\" \/>\n<link rel=\"canonical\" href=\"https:\/\/www.nordictrans.com\/sv\/oversattningstjanster\/oversattningstjanster-for-hemsidor\/\" \/>\n<meta property=\"og:locale\" content=\"sv_SE\" \/>\n<meta property=\"og:type\" content=\"article\" \/>\n<meta property=\"og:title\" content=\"Website Translation Services | Nordictrans\" \/>\n<meta property=\"og:description\" content=\"We don&#039;t leave a job unfinished, so when you use our website localization or website translation services, you can rest assured WE are doing all the work!\" \/>\n<meta property=\"og:url\" content=\"https:\/\/www.nordictrans.com\/sv\/oversattningstjanster\/oversattningstjanster-for-hemsidor\/\" \/>\n<meta property=\"og:site_name\" content=\"Nordictrans.com\" \/>\n<meta property=\"article:publisher\" content=\"https:\/\/www.facebook.com\/NordicTrans\" \/>\n<meta property=\"article:modified_time\" content=\"2018-02-08T14:31:16+00:00\" \/>\n<meta property=\"og:image\" content=\"https:\/\/www.nordictrans.com\/wp-content\/uploads\/2018\/04\/website-translation-services-1.png\" \/>\n\t<meta property=\"og:image:width\" content=\"1903\" \/>\n\t<meta property=\"og:image:height\" content=\"670\" \/>\n\t<meta property=\"og:image:type\" content=\"image\/png\" \/>\n<meta name=\"twitter:card\" content=\"summary_large_image\" \/>\n<meta name=\"twitter:title\" content=\"Website Translation Services | Nordictrans\" \/>\n<meta name=\"twitter:description\" content=\"We provide high-quality translation services for any websites. Globalize your business with Nordictrans. Call us now! ????+1-786-539-4774.\" \/>\n<meta name=\"twitter:site\" content=\"@NordicTrans\" \/>\n<meta name=\"twitter:label1\" content=\"Ber\u00e4knad l\u00e4stid\" \/>\n\t<meta name=\"twitter:data1\" content=\"6 minuter\" \/>\n<!-- \/ Yoast SEO Premium plugin. -->","yoast_head_json":{"title":"\u00d6vers\u00e4ttningstj\u00e4nster f\u00f6r hemsidor - Hemsideslokalisering","description":"Vi l\u00e4mnar inte ifr\u00e5n oss of\u00e4rdiga jobb, s\u00e5 n\u00e4r ni anv\u00e4nder er av v\u00e5r \u00f6vers\u00e4ttningstj\u00e4nster f\u00f6r hemsidor, kan ni lugnt lita p\u00e5 att VI g\u00f6r allt jobb!","robots":{"index":"index","follow":"follow","max-snippet":"max-snippet:-1","max-image-preview":"max-image-preview:large","max-video-preview":"max-video-preview:-1"},"canonical":"https:\/\/www.nordictrans.com\/sv\/oversattningstjanster\/oversattningstjanster-for-hemsidor\/","og_locale":"sv_SE","og_type":"article","og_title":"Website Translation Services | Nordictrans","og_description":"We don't leave a job unfinished, so when you use our website localization or website translation services, you can rest assured WE are doing all the work!","og_url":"https:\/\/www.nordictrans.com\/sv\/oversattningstjanster\/oversattningstjanster-for-hemsidor\/","og_site_name":"Nordictrans.com","article_publisher":"https:\/\/www.facebook.com\/NordicTrans","article_modified_time":"2018-02-08T14:31:16+00:00","og_image":[{"width":1903,"height":670,"url":"https:\/\/www.nordictrans.com\/wp-content\/uploads\/2018\/04\/website-translation-services-1.png","type":"image\/png"}],"twitter_card":"summary_large_image","twitter_title":"Website Translation Services | Nordictrans","twitter_description":"We provide high-quality translation services for any websites. Globalize your business with Nordictrans. Call us now! ????+1-786-539-4774.","twitter_site":"@NordicTrans","twitter_misc":{"Ber\u00e4knad l\u00e4stid":"6 minuter"},"schema":{"@context":"https:\/\/schema.org","@graph":[{"@type":"WebPage","@id":"https:\/\/www.nordictrans.com\/sv\/oversattningstjanster\/oversattningstjanster-for-hemsidor\/","url":"https:\/\/www.nordictrans.com\/sv\/oversattningstjanster\/oversattningstjanster-for-hemsidor\/","name":"\u00d6vers\u00e4ttningstj\u00e4nster f\u00f6r hemsidor - Hemsideslokalisering","isPartOf":{"@id":"https:\/\/www.nordictrans.com\/sv\/#website"},"primaryImageOfPage":{"@id":"https:\/\/www.nordictrans.com\/sv\/oversattningstjanster\/oversattningstjanster-for-hemsidor\/#primaryimage"},"image":{"@id":"https:\/\/www.nordictrans.com\/sv\/oversattningstjanster\/oversattningstjanster-for-hemsidor\/#primaryimage"},"thumbnailUrl":"https:\/\/www.nordictrans.com\/wp-content\/uploads\/2018\/04\/website-translation-services-1.png","datePublished":"2016-12-23T22:04:53+00:00","dateModified":"2018-02-08T14:31:16+00:00","description":"Vi l\u00e4mnar inte ifr\u00e5n oss of\u00e4rdiga jobb, s\u00e5 n\u00e4r ni anv\u00e4nder er av v\u00e5r \u00f6vers\u00e4ttningstj\u00e4nster f\u00f6r hemsidor, kan ni lugnt lita p\u00e5 att VI g\u00f6r allt jobb!","breadcrumb":{"@id":"https:\/\/www.nordictrans.com\/sv\/oversattningstjanster\/oversattningstjanster-for-hemsidor\/#breadcrumb"},"inLanguage":"sv-SE","potentialAction":[{"@type":"ReadAction","target":["https:\/\/www.nordictrans.com\/sv\/oversattningstjanster\/oversattningstjanster-for-hemsidor\/"]}]},{"@type":"ImageObject","inLanguage":"sv-SE","@id":"https:\/\/www.nordictrans.com\/sv\/oversattningstjanster\/oversattningstjanster-for-hemsidor\/#primaryimage","url":"https:\/\/www.nordictrans.com\/wp-content\/uploads\/2018\/04\/website-translation-services-1.png","contentUrl":"https:\/\/www.nordictrans.com\/wp-content\/uploads\/2018\/04\/website-translation-services-1.png","width":1903,"height":670,"caption":"Website Translation Services"},{"@type":"BreadcrumbList","@id":"https:\/\/www.nordictrans.com\/sv\/oversattningstjanster\/oversattningstjanster-for-hemsidor\/#breadcrumb","itemListElement":[{"@type":"ListItem","position":1,"name":"Home","item":"https:\/\/www.nordictrans.com\/sv\/"},{"@type":"ListItem","position":2,"name":"\u00d6vers\u00e4ttningstj\u00e4nster","item":"https:\/\/www.nordictrans.com\/sv\/oversattningstjanster\/"},{"@type":"ListItem","position":3,"name":"\u00d6vers\u00e4ttningstj\u00e4nster f\u00f6r hemsidor"}]},{"@type":"WebSite","@id":"https:\/\/www.nordictrans.com\/sv\/#website","url":"https:\/\/www.nordictrans.com\/sv\/","name":"Nordictrans.com","description":"Translation Agency specialized in Nordic Languages","publisher":{"@id":"https:\/\/www.nordictrans.com\/sv\/#organization"},"potentialAction":[{"@type":"SearchAction","target":{"@type":"EntryPoint","urlTemplate":"https:\/\/www.nordictrans.com\/sv\/?s={search_term_string}"},"query-input":{"@type":"PropertyValueSpecification","valueRequired":true,"valueName":"search_term_string"}}],"inLanguage":"sv-SE"},{"@type":"Organization","@id":"https:\/\/www.nordictrans.com\/sv\/#organization","name":"NordicTrans","url":"https:\/\/www.nordictrans.com\/sv\/","logo":{"@type":"ImageObject","inLanguage":"sv-SE","@id":"https:\/\/www.nordictrans.com\/sv\/#\/schema\/logo\/image\/","url":"https:\/\/www.nordictrans.com\/wp-content\/uploads\/2015\/02\/logoNT.png","contentUrl":"https:\/\/www.nordictrans.com\/wp-content\/uploads\/2015\/02\/logoNT.png","width":272,"height":92,"caption":"NordicTrans"},"image":{"@id":"https:\/\/www.nordictrans.com\/sv\/#\/schema\/logo\/image\/"},"sameAs":["https:\/\/www.facebook.com\/NordicTrans","https:\/\/x.com\/NordicTrans","https:\/\/www.instagram.com\/NordictransUS","https:\/\/www.linkedin.com\/company\/nordictrans","https:\/\/www.pinterest.com\/nordictrans01","https:\/\/www.youtube.com\/c\/nordictrans"]}]}},"_links":{"self":[{"href":"https:\/\/www.nordictrans.com\/sv\/wp-json\/wp\/v2\/pages\/23769","targetHints":{"allow":["GET"]}}],"collection":[{"href":"https:\/\/www.nordictrans.com\/sv\/wp-json\/wp\/v2\/pages"}],"about":[{"href":"https:\/\/www.nordictrans.com\/sv\/wp-json\/wp\/v2\/types\/page"}],"author":[{"embeddable":true,"href":"https:\/\/www.nordictrans.com\/sv\/wp-json\/wp\/v2\/users\/1"}],"replies":[{"embeddable":true,"href":"https:\/\/www.nordictrans.com\/sv\/wp-json\/wp\/v2\/comments?post=23769"}],"version-history":[{"count":5,"href":"https:\/\/www.nordictrans.com\/sv\/wp-json\/wp\/v2\/pages\/23769\/revisions"}],"predecessor-version":[{"id":27003,"href":"https:\/\/www.nordictrans.com\/sv\/wp-json\/wp\/v2\/pages\/23769\/revisions\/27003"}],"up":[{"embeddable":true,"href":"https:\/\/www.nordictrans.com\/sv\/wp-json\/wp\/v2\/pages\/23674"}],"wp:featuredmedia":[{"embeddable":true,"href":"https:\/\/www.nordictrans.com\/sv\/wp-json\/wp\/v2\/media\/32150"}],"wp:attachment":[{"href":"https:\/\/www.nordictrans.com\/sv\/wp-json\/wp\/v2\/media?parent=23769"}],"curies":[{"name":"wp","href":"https:\/\/api.w.org\/{rel}","templated":true}]}}