{"id":23737,"date":"2016-12-23T14:37:11","date_gmt":"2016-12-23T14:37:11","guid":{"rendered":"http:\/\/dev.nordictrans.com\/oeversaettningstjaenster-foer-dokument\/"},"modified":"2018-02-08T14:31:03","modified_gmt":"2018-02-08T14:31:03","slug":"oversattningstjanster-for-dokument","status":"publish","type":"page","link":"https:\/\/www.nordictrans.com\/sv\/oversattningstjanster\/oversattningstjanster-for-dokument\/","title":{"rendered":"\u00d6vers\u00e4ttningstj\u00e4nster f\u00f6r dokument"},"content":{"rendered":"<div class=\"wpb-content-wrapper\"><p>[vc_row][vc_column]\n\t\t\t<!-- START Document Translation REVOLUTION SLIDER 6.6.16 --><p class=\"rs-p-wp-fix\"><\/p>\n\t\t\t<rs-module-wrap id=\"rev_slider_4_1_wrapper\" data-source=\"gallery\" style=\"visibility:hidden;background:transparent;padding:0;margin:0px auto;margin-top:0;margin-bottom:0;\">\n\t\t\t\t<rs-module id=\"rev_slider_4_1\" style=\"\" data-version=\"6.6.16\">\n\t\t\t\t\t<rs-slides style=\"overflow: hidden; position: absolute;\">\n\t\t\t\t\t\t<rs-slide style=\"position: absolute;\" data-key=\"rs-79\" data-title=\"Slide\" data-anim=\"adpr:false;\">\n\t\t\t\t\t\t\t<img decoding=\"async\" src=\"\/\/www.nordictrans.com\/wp-content\/plugins\/revslider\/public\/assets\/assets\/dummy.png\" alt=\"document-translation-2200x1440\" title=\"document-translation-2200&#215;1440\" width=\"1903\" height=\"670\" class=\"rev-slidebg tp-rs-img rs-lazyload\" data-lazyload=\"\/\/www.nordictrans.com\/wp-content\/uploads\/2016\/02\/document-translation-2200x1440-1-1903x670.jpg\" data-parallax=\"15\" data-no-retina>\n<!--\n\t\t\t\t\t\t\t--><rs-layer\n\t\t\t\t\t\t\t\tid=\"slider-4-slide-79-layer-1\" \n\t\t\t\t\t\t\t\tdata-type=\"text\"\n\t\t\t\t\t\t\t\tdata-color=\"rgba(153,153,153,1)\"\n\t\t\t\t\t\t\t\tdata-rsp_ch=\"on\"\n\t\t\t\t\t\t\t\tdata-xy=\"xo:55px,43px,28px,25px;yo:273px,245px,202px,177px;\"\n\t\t\t\t\t\t\t\tdata-text=\"s:50,60,40,30;l:50,60,40,30;fw:700;a:inherit;\"\n\t\t\t\t\t\t\t\tdata-frame_0=\"tp:600;\"\n\t\t\t\t\t\t\t\tdata-frame_1=\"tp:600;st:0;\"\n\t\t\t\t\t\t\t\tdata-frame_999=\"o:0;tp:600;st:w;sR:8699.99969482;\"\n\t\t\t\t\t\t\t\tstyle=\"z-index:5;font-family:'Open Sans';opacity:0.6;\"\n\t\t\t\t\t\t\t>\n\u00d6VERS\u00c4TTNINGSTJ\u00c4NSTER<br\/>\nF\u00d6R DOKUMENT \n\t\t\t\t\t\t\t<\/rs-layer><!--\n-->\t\t\t\t\t\t<\/rs-slide>\n\t\t\t\t\t<\/rs-slides>\n\t\t\t\t<\/rs-module>\n\t\t\t\t<script>\n\t\t\t\t\tsetREVStartSize({c: 'rev_slider_4_1',rl:[1240,1024,778,480],el:[655,600,500,400],gw:[1240,1024,778,480],gh:[655,600,500,400],type:'hero',justify:'',layout:'fullwidth',mh:\"0\"});if (window.RS_MODULES!==undefined && window.RS_MODULES.modules!==undefined && window.RS_MODULES.modules[\"revslider41\"]!==undefined) {window.RS_MODULES.modules[\"revslider41\"].once = false;window.revapi4 = undefined;if (window.RS_MODULES.checkMinimal!==undefined) window.RS_MODULES.checkMinimal()}\n\t\t\t\t<\/script>\n\t\t\t<\/rs-module-wrap>\n\t\t\t<!-- END REVOLUTION SLIDER -->\n[\/vc_column][\/vc_row][vc_row][vc_column][vc_raw_html]JTNDZGl2JTIwaWQlM0QlMjJzZWNvbmRfYnJlZCUyMiUyMGNsYXNzJTNEJTIyd2YtdGQlMjIlM0UlM0MlMkZkaXYlM0U=[\/vc_raw_html][\/vc_column][\/vc_row][vc_row rowtype=&#8221;fullw&#8221; textalign=&#8221;center&#8221;][vc_column][vc_empty_space][vc_column_text css_animation=&#8221;zoomIn&#8221;]<\/p>\n<h1 style=\"text-align: center; color: #2c5a85;\"><strong>\u00d6vers\u00e4ttningstj\u00e4nster f\u00f6r dokument<\/strong><\/h1>\n<p>[\/vc_column_text][vc_empty_space][vc_row_inner][vc_column_inner][vc_column_text]<\/p>\n<p style=\"text-align: center;\">D\u00e5 och d\u00e5 tr\u00e4ffar vi p\u00e5 personer som beh\u00f6ver f\u00e5 sina dokument \u00f6versatta fr\u00e5n ett annat spr\u00e5k. Det h\u00e4r \u00e4r n\u00e5got som \u00e4r h\u00f6gst f\u00f6rst\u00e5eligt, eftersom f\u00f6retag p\u00e5 sistone verkligen har b\u00f6rjat n\u00e5 ut i hela v\u00e4rlden. Behovet av \u00f6vers\u00e4ttningstj\u00e4nster f\u00f6r f\u00f6retags- eller juridiska dokument \u00e4r s\u00e4rskilt uppenbart och viktigt, med tanke p\u00e5 allt ni kan f\u00e5 gjort om ni f\u00f6ljer upp det behovet. Det finns n\u00e5gra saker ni beh\u00f6ver ha i \u00e5tanke n\u00e4r ni s\u00f6ker efter det b\u00e4sta s\u00e4ttet att anv\u00e4nda de \u00f6vers\u00e4ttningstj\u00e4nster f\u00f6r dokument som vi erbjuder.<\/p>\n<p>[\/vc_column_text][\/vc_column_inner][\/vc_row_inner][\/vc_column][\/vc_row][vc_row rowtype=&#8221;fullw&#8221; padding=&#8221;20px 0&#8243;][vc_column][vc_empty_space height=&#8221;70px&#8221;][vc_row_inner][vc_column_inner width=&#8221;1\/2&#8243;][vc_single_image image=&#8221;9894&#8243; img_size=&#8221;full&#8221; css_animation=&#8221;fadeInLeft&#8221;][vc_empty_space][\/vc_column_inner][vc_column_inner width=&#8221;1\/2&#8243;][vc_text_separator title=&#8221;Professionell dokument\u00f6vers\u00e4ttning&#8221; style=&#8221;double&#8221;][vc_empty_space][vc_column_text css_animation=&#8221;fadeInRight&#8221;]<\/p>\n<p style=\"text-align: left;\">NordicTrans erbjuder kvalitets\u00f6vers\u00e4ttningar av dokument oavsett typ. Vi har specialiserade lingvister f\u00f6r s\u00e5 gott som alla omr\u00e5den och vi v\u00e4ljer noga lingvist utifr\u00e5n hans eller hennes erfarenhet av den bransch som dokumentet h\u00f6r hemma i. Hos oss \u00e4r det aldrig en medicinsk \u00f6vers\u00e4ttare som arbetar med ett aff\u00e4rsdokument!<\/p>\n<p style=\"text-align: left;\">Vi tillhandah\u00e5ller \u00f6vers\u00e4ttningstj\u00e4nster f\u00f6r dokument inom f\u00f6ljande omr\u00e5den:<\/p>\n<div style=\"width: 250px; margin-right: auto; margin-left: auto; text-align: left;\">\n<p style=\"text-align: left;\"><i class=\"fa fa-check-circle fa-lg\" style=\"color: #81d742;\"><\/i><strong>\u00a0 F\u00f6retags\u00f6vers\u00e4ttningar<\/strong><\/p>\n<p style=\"text-align: left;\"><i class=\"fa fa-check-circle fa-lg\" style=\"color: #81d742;\"><\/i><strong>\u00a0 Tekniska \u00f6vers\u00e4ttningar<\/strong><\/p>\n<p style=\"text-align: left;\"><i class=\"fa fa-check-circle fa-lg\" style=\"color: #81d742;\"><\/i><strong>\u00a0 Medicinska \u00f6vers\u00e4ttningar<\/strong><\/p>\n<p style=\"text-align: left;\"><i class=\"fa fa-check-circle fa-lg\" style=\"color: #81d742;\"><br \/>\n<\/i><strong>\u00a0 Juridiska \u00f6vers\u00e4ttningar<\/strong><\/p>\n<p style=\"text-align: left;\"><i class=\"fa fa-check-circle fa-lg\" style=\"color: #81d742;\"><\/i><strong>\u00a0 Certifierade \u00f6vers\u00e4ttningar<\/strong><\/p>\n<p style=\"text-align: left;\"><i class=\"fa fa-check-circle fa-lg\" style=\"color: #81d742;\"><\/i><strong>\u00a0 Attesterade \u00f6vers\u00e4ttningar<\/strong><\/p>\n<p style=\"text-align: left;\"><i class=\"fa fa-check-circle fa-lg\" style=\"color: #81d742;\"><\/i><strong>\u00a0 Och m\u00e5nga fler&#8230;<\/strong><\/p>\n<\/div>\n<p>[\/vc_column_text][\/vc_column_inner][\/vc_row_inner][vc_empty_space][\/vc_column][\/vc_row][vc_row type=&#8221;vc_default&#8221; bg_type=&#8221;bg_color&#8221; bg_override=&#8221;full&#8221; rowtype=&#8221;fullw&#8221; padding=&#8221;20px 0&#8243; css=&#8221;.vc_custom_1478765602542{padding-top: 20px !important;padding-right: 0px !important;padding-bottom: 20px !important;padding-left: 0px !important;}&#8221; bg_color_value=&#8221;#ebebeb&#8221;][vc_column][vc_empty_space][vc_custom_heading text=&#8221;Ha exakt koll p\u00e5 vad ni betalar f\u00f6r&#8221; font_container=&#8221;tag:h2|text_align:center|color:%232c5a85&#8243; google_fonts=&#8221;font_family:Roboto%3A100%2C100italic%2C300%2C300italic%2Cregular%2Citalic%2C500%2C500italic%2C700%2C700italic%2C900%2C900italic|font_style:400%20regular%3A400%3Anormal&#8221;][vc_empty_space][vc_separator color=&#8221;custom&#8221; border_width=&#8221;5&#8243; el_width=&#8221;10&#8243; accent_color=&#8221;#999999&#8243;][vc_empty_space][vc_column_text css_animation=&#8221;zoomIn&#8221;]<\/p>\n<p style=\"text-align: center;\">Vi tillbringar mycket tid och l\u00e4gger mycket arbete p\u00e5 att ge er b\u00e4sta m\u00f6jliga resultat, och det \u00e4r d\u00e4rf\u00f6r vi har regelbundna \u00f6verl\u00e4ggningar med v\u00e5ra klienter. V\u00e5rt koncept \u00e4r att s\u00e4kra att d\u00e5 vi erbjuder er v\u00e5ra \u00f6vers\u00e4ttningstj\u00e4nster f\u00f6r dokument, s\u00e5 kan ni samtidigt f\u00f6rst\u00e5 de n\u00f6dv\u00e4ndiga ramarna f\u00f6r den typ av arbete vi utf\u00f6r \u00e5t er. Det handlar inte enbart om att ni f\u00e5r de tj\u00e4nster ni vill ha utf\u00f6rda, utan ocks\u00e5 om att se till att ni f\u00f6rst\u00e5r och uppskattar det arbete vi g\u00f6r.<\/p>\n<p style=\"text-align: center;\">Det handlar ocks\u00e5 om att se till att medan vi arbetar tillsammans s\u00e5 vet ni vad ni betalar f\u00f6r. N\u00e4r ni ser p\u00e5 offerten som vi samtalar kring och skickar er f\u00f6r dokument\u00f6vers\u00e4ttningarna vi utf\u00f6r \u00e5t er, s\u00e5 \u00e4r det v\u00e5r f\u00f6rv\u00e4ntning att ni f\u00f6rst\u00e5r inneh\u00e5llet, och uppskattar varf\u00f6r och vad ni betalar f\u00f6r. Det h\u00e4r sker i en anda av att vara s\u00e5 \u00f6ppna och r\u00e4ttvisa som m\u00f6jligt. Erfarenheten s\u00e4ger att det alltid \u00e4r en god id\u00e9 att klienten k\u00e4nner till vad den debiteras f\u00f6r, och varf\u00f6r. Det h\u00e4r \u00e4r ocks\u00e5 en god hj\u00e4lp f\u00f6r er att f\u00f6rst\u00e5 behovet ni har av att anv\u00e4nda de tj\u00e4nster vi erbjuder, och varf\u00f6r vi \u00e4r b\u00e4st p\u00e5 dessa tj\u00e4nster s\u00e5 h\u00e4r l\u00e5ngt.<\/p>\n<p style=\"text-align: center;\">En sak vi emellertid kan garantera \u00e4r det faktum att ingenting \u00e4r f\u00f6r sv\u00e5rt f\u00f6r oss att hantera. N\u00e4r ni v\u00e4l har gett oss ett uppdrag att utf\u00f6ra s\u00e5 ser vi till att leverera efter v\u00e5r b\u00e4sta f\u00f6rm\u00e5ga.<\/p>\n<p>[\/vc_column_text][vc_empty_space height=&#8221;50px&#8221;][\/vc_column][\/vc_row][vc_row rowtype=&#8221;fullw&#8221; padding=&#8221;20px 0&#8243;][vc_column][vc_empty_space][vc_custom_heading text=&#8221;\u00d6vers\u00e4ttningstj\u00e4nster f\u00f6r dokument p\u00e5 n\u00e4stan vilket spr\u00e5k som helst&#8221; font_container=&#8221;tag:h2|text_align:center|color:%232c5a85&#8243; google_fonts=&#8221;font_family:Roboto%3A100%2C100italic%2C300%2C300italic%2Cregular%2Citalic%2C500%2C500italic%2C700%2C700italic%2C900%2C900italic|font_style:400%20regular%3A400%3Anormal&#8221;][vc_empty_space height=&#8221;20px&#8221;][vc_text_separator title=&#8221;H\u00e4r f\u00f6ljer n\u00e5gra av v\u00e5ra starka punkter:&#8221; el_width=&#8221;60&#8243;][vc_empty_space][vc_column_text css_animation=&#8221;zoomInUp&#8221;]<\/p>\n<div style=\"width: 250px; margin-right: auto; margin-left: auto; text-align: center;\">\n<p style=\"text-align: left;\"><i class=\"fa fa-check-circle fa-lg\" style=\"color: #81d742;\"><\/i><strong>\u00a0 Alla spr\u00e5kkombinationer<\/strong><\/p>\n<p style=\"text-align: left;\"><i class=\"fa fa-check-circle fa-lg\" style=\"color: #81d742;\"><\/i><strong>\u00a0 Kvalitetstj\u00e4nster<\/strong><\/p>\n<p style=\"text-align: left;\"><i class=\"fa fa-check-circle fa-lg\" style=\"color: #81d742;\"><\/i><strong>\u00a0 Inf\u00f6dda \u00f6vers\u00e4ttare<\/strong><\/p>\n<p style=\"text-align: left;\"><i class=\"fa fa-check-circle fa-lg\" style=\"color: #81d742;\"><\/i><strong>\u00a0 Extra korrekturl\u00e4sning<\/strong><\/p>\n<p style=\"text-align: left;\"><i class=\"fa fa-check-circle fa-lg\" style=\"color: #81d742;\"><\/i><strong>\u00a0 Snabb oms\u00e4ttning<\/strong><\/p>\n<p style=\"text-align: left;\"><i class=\"fa fa-check-circle fa-lg\" style=\"color: #81d742;\"><\/i><strong>\u00a0 Rimliga kostnader<\/strong><\/p>\n<p style=\"text-align: left;\"><i class=\"fa fa-check-circle fa-lg\" style=\"color: #81d742;\"><\/i><strong>\u00a0 Tillg\u00e4nglighet dygnet runt<\/strong><\/p>\n<\/div>\n<p>[\/vc_column_text][vc_empty_space height=&#8221;50px&#8221;][\/vc_column][\/vc_row][vc_row type=&#8221;3&#8243; margin_bottom=&#8221;0px&#8221; full_width_row=&#8221;true&#8221; rowtype=&#8221;fullw&#8221; textalign=&#8221;center&#8221; padding=&#8221;30px 0px&#8221; css=&#8221;.vc_custom_1479125193731{margin-bottom: 0px !important;padding-top: 30px !important;padding-right: 0px !important;padding-bottom: 30px !important;padding-left: 0px !important;}&#8221; el_class=&#8221;live-contact-btn-wrap&#8221;][vc_column][vc_cta h2=&#8221;\u00c4r du redo? D\u00e5 b\u00f6rjar vi: &#8221; add_button=&#8221;right&#8221; btn_title=&#8221;LIVEKONTAKT&#8221; btn_style=&#8221;custom&#8221; btn_custom_background=&#8221;#ffffff&#8221; btn_custom_text=&#8221;#2a4a8f&#8221; btn_shape=&#8221;round&#8221; btn_align=&#8221;center&#8221; btn_custom_onclick=&#8221;true&#8221; btn_smooth_scroll=&#8221;true&#8221; btn_link=&#8221;url:https%3A%2F%2Fwww.nordictrans.com%2Fchat-popup%2F|||&#8221; el_class=&#8221;live-contact-btn&#8221;][\/vc_cta][\/vc_column][\/vc_row]<\/p>\n<\/div>","protected":false},"excerpt":{"rendered":"<p>[vc_row][vc_column][\/vc_column][\/vc_row][vc_row][vc_column][vc_raw_html]JTNDZGl2JTIwaWQlM0QlMjJzZWNvbmRfYnJlZCUyMiUyMGNsYXNzJTNEJTIyd2YtdGQlMjIlM0UlM0MlMkZkaXYlM0U=[\/vc_raw_html][\/vc_column][\/vc_row][vc_row rowtype=&#8221;fullw&#8221; textalign=&#8221;center&#8221;][vc_column][vc_empty_space][vc_column_text css_animation=&#8221;zoomIn&#8221;] \u00d6vers\u00e4ttningstj\u00e4nster f\u00f6r dokument [\/vc_column_text][vc_empty_space][vc_row_inner][vc_column_inner][vc_column_text] D\u00e5 och d\u00e5 tr\u00e4ffar vi p\u00e5 personer som beh\u00f6ver f\u00e5 sina dokument \u00f6versatta fr\u00e5n ett annat spr\u00e5k. Det h\u00e4r \u00e4r n\u00e5got som \u00e4r h\u00f6gst f\u00f6rst\u00e5eligt, eftersom f\u00f6retag p\u00e5 sistone verkligen har b\u00f6rjat n\u00e5 ut i hela v\u00e4rlden. Behovet av \u00f6vers\u00e4ttningstj\u00e4nster f\u00f6r f\u00f6retags- eller juridiska dokument \u00e4r s\u00e4rskilt&hellip;<\/p>\n","protected":false},"author":1,"featured_media":31780,"parent":23674,"menu_order":0,"comment_status":"closed","ping_status":"closed","template":"","meta":{"_acf_changed":false,"footnotes":""},"class_list":["post-23737","page","type-page","status-publish","has-post-thumbnail","hentry","description-off"],"acf":[],"yoast_head":"<!-- This site is optimized with the Yoast SEO Premium plugin v26.5 (Yoast SEO v26.5) - https:\/\/yoast.com\/wordpress\/plugins\/seo\/ -->\n<title>\u00d6vers\u00e4ttningstj\u00e4nster f\u00f6r dokument - Snabb oms\u00e4ttning<\/title>\n<meta name=\"description\" content=\"Behovet av \u00f6vers\u00e4ttningstj\u00e4nster f\u00f6r dokument \u00e4r speciellt anv\u00e4ndbart och viktigt, och vi levererar just detta till rimliga kostnader.\" \/>\n<meta name=\"robots\" content=\"index, follow, max-snippet:-1, max-image-preview:large, max-video-preview:-1\" \/>\n<link rel=\"canonical\" href=\"https:\/\/www.nordictrans.com\/sv\/oversattningstjanster\/oversattningstjanster-for-dokument\/\" \/>\n<meta property=\"og:locale\" content=\"sv_SE\" \/>\n<meta property=\"og:type\" content=\"article\" \/>\n<meta property=\"og:title\" content=\"\u00d6vers\u00e4ttningstj\u00e4nster f\u00f6r dokument\" \/>\n<meta property=\"og:description\" content=\"The need for business or legal document translation services is particularly useful and important, and we are providing just that at affordable rates.\" \/>\n<meta property=\"og:url\" content=\"https:\/\/www.nordictrans.com\/sv\/oversattningstjanster\/oversattningstjanster-for-dokument\/\" \/>\n<meta property=\"og:site_name\" content=\"Nordictrans.com\" \/>\n<meta property=\"article:publisher\" content=\"https:\/\/www.facebook.com\/NordicTrans\" \/>\n<meta property=\"article:modified_time\" content=\"2018-02-08T14:31:03+00:00\" \/>\n<meta property=\"og:image\" content=\"https:\/\/www.nordictrans.com\/wp-content\/uploads\/2018\/04\/document-translation-services.png\" \/>\n\t<meta property=\"og:image:width\" content=\"1903\" \/>\n\t<meta property=\"og:image:height\" content=\"670\" \/>\n\t<meta property=\"og:image:type\" content=\"image\/png\" \/>\n<meta name=\"twitter:card\" content=\"summary_large_image\" \/>\n<meta name=\"twitter:title\" content=\"Document Translation Services - High Quality &amp; Fast Turnaround\" \/>\n<meta name=\"twitter:description\" content=\"No matter if you need business or legal document translation services we are able to provide highly accurate translations for any language at low rates.\" \/>\n<meta name=\"twitter:site\" content=\"@NordicTrans\" \/>\n<meta name=\"twitter:label1\" content=\"Ber\u00e4knad l\u00e4stid\" \/>\n\t<meta name=\"twitter:data1\" content=\"5 minuter\" \/>\n<!-- \/ Yoast SEO Premium plugin. -->","yoast_head_json":{"title":"\u00d6vers\u00e4ttningstj\u00e4nster f\u00f6r dokument - Snabb oms\u00e4ttning","description":"Behovet av \u00f6vers\u00e4ttningstj\u00e4nster f\u00f6r dokument \u00e4r speciellt anv\u00e4ndbart och viktigt, och vi levererar just detta till rimliga kostnader.","robots":{"index":"index","follow":"follow","max-snippet":"max-snippet:-1","max-image-preview":"max-image-preview:large","max-video-preview":"max-video-preview:-1"},"canonical":"https:\/\/www.nordictrans.com\/sv\/oversattningstjanster\/oversattningstjanster-for-dokument\/","og_locale":"sv_SE","og_type":"article","og_title":"\u00d6vers\u00e4ttningstj\u00e4nster f\u00f6r dokument","og_description":"The need for business or legal document translation services is particularly useful and important, and we are providing just that at affordable rates.","og_url":"https:\/\/www.nordictrans.com\/sv\/oversattningstjanster\/oversattningstjanster-for-dokument\/","og_site_name":"Nordictrans.com","article_publisher":"https:\/\/www.facebook.com\/NordicTrans","article_modified_time":"2018-02-08T14:31:03+00:00","og_image":[{"width":1903,"height":670,"url":"https:\/\/www.nordictrans.com\/wp-content\/uploads\/2018\/04\/document-translation-services.png","type":"image\/png"}],"twitter_card":"summary_large_image","twitter_title":"Document Translation Services - High Quality & Fast Turnaround","twitter_description":"No matter if you need business or legal document translation services we are able to provide highly accurate translations for any language at low rates.","twitter_site":"@NordicTrans","twitter_misc":{"Ber\u00e4knad l\u00e4stid":"5 minuter"},"schema":{"@context":"https:\/\/schema.org","@graph":[{"@type":"WebPage","@id":"https:\/\/www.nordictrans.com\/sv\/oversattningstjanster\/oversattningstjanster-for-dokument\/","url":"https:\/\/www.nordictrans.com\/sv\/oversattningstjanster\/oversattningstjanster-for-dokument\/","name":"\u00d6vers\u00e4ttningstj\u00e4nster f\u00f6r dokument - Snabb oms\u00e4ttning","isPartOf":{"@id":"https:\/\/www.nordictrans.com\/sv\/#website"},"primaryImageOfPage":{"@id":"https:\/\/www.nordictrans.com\/sv\/oversattningstjanster\/oversattningstjanster-for-dokument\/#primaryimage"},"image":{"@id":"https:\/\/www.nordictrans.com\/sv\/oversattningstjanster\/oversattningstjanster-for-dokument\/#primaryimage"},"thumbnailUrl":"https:\/\/www.nordictrans.com\/wp-content\/uploads\/2018\/04\/document-translation-services.png","datePublished":"2016-12-23T14:37:11+00:00","dateModified":"2018-02-08T14:31:03+00:00","description":"Behovet av \u00f6vers\u00e4ttningstj\u00e4nster f\u00f6r dokument \u00e4r speciellt anv\u00e4ndbart och viktigt, och vi levererar just detta till rimliga kostnader.","breadcrumb":{"@id":"https:\/\/www.nordictrans.com\/sv\/oversattningstjanster\/oversattningstjanster-for-dokument\/#breadcrumb"},"inLanguage":"sv-SE","potentialAction":[{"@type":"ReadAction","target":["https:\/\/www.nordictrans.com\/sv\/oversattningstjanster\/oversattningstjanster-for-dokument\/"]}]},{"@type":"ImageObject","inLanguage":"sv-SE","@id":"https:\/\/www.nordictrans.com\/sv\/oversattningstjanster\/oversattningstjanster-for-dokument\/#primaryimage","url":"https:\/\/www.nordictrans.com\/wp-content\/uploads\/2018\/04\/document-translation-services.png","contentUrl":"https:\/\/www.nordictrans.com\/wp-content\/uploads\/2018\/04\/document-translation-services.png","width":1903,"height":670,"caption":"Document Translation Services"},{"@type":"BreadcrumbList","@id":"https:\/\/www.nordictrans.com\/sv\/oversattningstjanster\/oversattningstjanster-for-dokument\/#breadcrumb","itemListElement":[{"@type":"ListItem","position":1,"name":"Home","item":"https:\/\/www.nordictrans.com\/sv\/"},{"@type":"ListItem","position":2,"name":"\u00d6vers\u00e4ttningstj\u00e4nster","item":"https:\/\/www.nordictrans.com\/sv\/oversattningstjanster\/"},{"@type":"ListItem","position":3,"name":"\u00d6vers\u00e4ttningstj\u00e4nster f\u00f6r dokument"}]},{"@type":"WebSite","@id":"https:\/\/www.nordictrans.com\/sv\/#website","url":"https:\/\/www.nordictrans.com\/sv\/","name":"Nordictrans.com","description":"Translation Agency specialized in Nordic Languages","publisher":{"@id":"https:\/\/www.nordictrans.com\/sv\/#organization"},"potentialAction":[{"@type":"SearchAction","target":{"@type":"EntryPoint","urlTemplate":"https:\/\/www.nordictrans.com\/sv\/?s={search_term_string}"},"query-input":{"@type":"PropertyValueSpecification","valueRequired":true,"valueName":"search_term_string"}}],"inLanguage":"sv-SE"},{"@type":"Organization","@id":"https:\/\/www.nordictrans.com\/sv\/#organization","name":"NordicTrans","url":"https:\/\/www.nordictrans.com\/sv\/","logo":{"@type":"ImageObject","inLanguage":"sv-SE","@id":"https:\/\/www.nordictrans.com\/sv\/#\/schema\/logo\/image\/","url":"https:\/\/www.nordictrans.com\/wp-content\/uploads\/2015\/02\/logoNT.png","contentUrl":"https:\/\/www.nordictrans.com\/wp-content\/uploads\/2015\/02\/logoNT.png","width":272,"height":92,"caption":"NordicTrans"},"image":{"@id":"https:\/\/www.nordictrans.com\/sv\/#\/schema\/logo\/image\/"},"sameAs":["https:\/\/www.facebook.com\/NordicTrans","https:\/\/x.com\/NordicTrans","https:\/\/www.instagram.com\/NordictransUS","https:\/\/www.linkedin.com\/company\/nordictrans","https:\/\/www.pinterest.com\/nordictrans01","https:\/\/www.youtube.com\/c\/nordictrans"]}]}},"_links":{"self":[{"href":"https:\/\/www.nordictrans.com\/sv\/wp-json\/wp\/v2\/pages\/23737","targetHints":{"allow":["GET"]}}],"collection":[{"href":"https:\/\/www.nordictrans.com\/sv\/wp-json\/wp\/v2\/pages"}],"about":[{"href":"https:\/\/www.nordictrans.com\/sv\/wp-json\/wp\/v2\/types\/page"}],"author":[{"embeddable":true,"href":"https:\/\/www.nordictrans.com\/sv\/wp-json\/wp\/v2\/users\/1"}],"replies":[{"embeddable":true,"href":"https:\/\/www.nordictrans.com\/sv\/wp-json\/wp\/v2\/comments?post=23737"}],"version-history":[{"count":5,"href":"https:\/\/www.nordictrans.com\/sv\/wp-json\/wp\/v2\/pages\/23737\/revisions"}],"predecessor-version":[{"id":27002,"href":"https:\/\/www.nordictrans.com\/sv\/wp-json\/wp\/v2\/pages\/23737\/revisions\/27002"}],"up":[{"embeddable":true,"href":"https:\/\/www.nordictrans.com\/sv\/wp-json\/wp\/v2\/pages\/23674"}],"wp:featuredmedia":[{"embeddable":true,"href":"https:\/\/www.nordictrans.com\/sv\/wp-json\/wp\/v2\/media\/31780"}],"wp:attachment":[{"href":"https:\/\/www.nordictrans.com\/sv\/wp-json\/wp\/v2\/media?parent=23737"}],"curies":[{"name":"wp","href":"https:\/\/api.w.org\/{rel}","templated":true}]}}