{"id":23674,"date":"2016-12-22T21:04:23","date_gmt":"2016-12-22T21:04:23","guid":{"rendered":"http:\/\/dev.nordictrans.com\/?page_id=23674\/"},"modified":"2020-06-29T10:31:07","modified_gmt":"2020-06-29T10:31:07","slug":"oversattningstjanster","status":"publish","type":"page","link":"https:\/\/www.nordictrans.com\/sv\/oversattningstjanster\/","title":{"rendered":"\u00d6vers\u00e4ttningstj\u00e4nster"},"content":{"rendered":"<div class=\"wpb-content-wrapper\"><p>[vc_row type=&#8221;vc_default&#8221; full_height=&#8221;yes&#8221; bg_type=&#8221;image&#8221; parallax_style=&#8221;vcpb-vz-jquery&#8221; bg_image_new=&#8221;id^9886|url^https:\/\/www.nordictrans.com\/wp-content\/uploads\/2016\/01\/we-understand-deadlines-2200&#215;792-1.jpg|caption^null|alt^null|title^we-understand-deadlines-2200&#215;792|description^null&#8221; bg_image_repeat=&#8221;no-repeat&#8221; bg_img_attach=&#8221;fixed&#8221; parallax_sense=&#8221;1.5&#8243; bg_override=&#8221;full&#8221; disable_on_mobile_img_parallax=&#8221;disable_on_mobile_img_parallax_value&#8221;][vc_column][\/vc_column][\/vc_row][vc_row type=&#8221;vc_default&#8221; full_height=&#8221;yes&#8221; bg_type=&#8221;image&#8221; parallax_style=&#8221;vcpb-vz-jquery&#8221; bg_image_new=&#8221;id^9886|url^https:\/\/www.nordictrans.com\/wp-content\/uploads\/2016\/01\/we-understand-deadlines-2200&#215;792-1.jpg|caption^null|alt^null|title^we-understand-deadlines-2200&#215;792|description^null&#8221; bg_image_repeat=&#8221;no-repeat&#8221; bg_img_attach=&#8221;fixed&#8221; parallax_sense=&#8221;1.5&#8243; bg_override=&#8221;full&#8221; disable_on_mobile_img_parallax=&#8221;disable_on_mobile_img_parallax_value&#8221;][vc_column][vc_raw_html]JTNDZGl2JTIwaWQlM0QlMjJzZWNvbmRfYnJlZCUyMiUyMGNsYXNzJTNEJTIyd2YtdGQlMjIlM0UlM0MlMkZkaXYlM0U=[\/vc_raw_html][\/vc_column][\/vc_row][vc_row gap=&#8221;30&#8243; margin_top=&#8221;70&#8243; margin_bottom=&#8221;70&#8243; rowtype=&#8221;fullw&#8221; padding=&#8221;40px 0px&#8221; css=&#8221;.vc_custom_1478759966076{margin-bottom: 0px !important;padding-top: 40px !important;padding-right: 0px !important;padding-bottom: 40px !important;padding-left: 0px !important;}&#8221;][vc_column][vc_column_text css_animation=&#8221;zoomIn&#8221;]<\/p>\n<h1 style=\"text-align: center;\"><span style=\"color: #2a4a8f;\"><strong>Kvalitativa \u00f6vers\u00e4ttningstj\u00e4nster till \u00f6verkomligt pris<\/strong><\/span><\/h1>\n<p>[\/vc_column_text][vc_empty_space][vc_separator style=&#8221;double&#8221;][vc_empty_space][vc_row_inner][vc_column_inner width=&#8221;1\/2&#8243;][vc_single_image image=&#8221;23337&#8243; img_size=&#8221;full&#8221; alignment=&#8221;center&#8221; css_animation=&#8221;fadeInLeft&#8221;][\/vc_column_inner][vc_column_inner width=&#8221;1\/2&#8243;][vc_column_text css_animation=&#8221;fadeInRight&#8221;]<\/p>\n<h3 style=\"text-align: center;\">\u00d6vers\u00e4ttningstj\u00e4nster f\u00f6r dokument<\/h3>\n<p style=\"text-align: justify;\">NordicTrans \u00e4r det st\u00f6rsta nordiska \u00f6vers\u00e4ttningsf\u00f6retaget och vi levererar h\u00f6gkvalitativa \u00f6vers\u00e4ttningstj\u00e4nster fr\u00e5n och till alla nordiska spr\u00e5k.<\/p>\n<p style=\"text-align: justify;\">Vi har ett stort team med \u00f6ver 1 500 professionella \u00f6vers\u00e4ttare som har specialiserat sig p\u00e5 olika omr\u00e5den och detta g\u00f6r att vi kan \u00f6vers\u00e4tta alla slags dokument till och fr\u00e5n i princip alla spr\u00e5k.<\/p>\n<p style=\"text-align: justify;\">N\u00f6jda klienter \u00e4r v\u00e5rt fr\u00e4msta m\u00e5l; d\u00e4rf\u00f6r g\u00f6r vi v\u00e5rt b\u00e4sta f\u00f6r att leverera snabbt, med h\u00f6gkvalitativa \u00f6vers\u00e4ttningstj\u00e4nster f\u00f6r dokument till \u00f6verkomliga priser.<\/p>\n<div style=\"width: 250px; margin-right: auto; margin-left: auto; text-align: left;\">\n<p><i class=\"fa fa-check-circle fa-lg\" style=\"color: #81d742;\"><\/i><strong>\u00a0 Inf\u00f6dda \u00f6vers\u00e4ttare<br \/>\n<\/strong><\/p>\n<p><i class=\"fa fa-check-circle fa-lg\" style=\"color: #81d742;\"><\/i><strong>\u00a0 Snabb oms\u00e4ttning<br \/>\n<\/strong><\/p>\n<p><i class=\"fa fa-check-circle fa-lg\" style=\"color: #81d742;\"><\/i><strong>\u00a0 Rimliga kostnader<br \/>\n<\/strong><\/p>\n<p><i class=\"fa fa-check-circle fa-lg\" style=\"color: #81d742;\"><\/i><strong>\u00a0 Support dygnet runt<br \/>\n<\/strong><\/p>\n<\/div>\n<p>[\/vc_column_text][\/vc_column_inner][\/vc_row_inner][vc_empty_space][\/vc_column][\/vc_row][vc_row type=&#8221;vc_default&#8221; margin_top=&#8221;70&#8243; margin_bottom=&#8221;70&#8243; bg_type=&#8221;image&#8221; parallax_style=&#8221;vcpb-vz-jquery&#8221; bg_image_new=&#8221;id^9910|url^https:\/\/www.nordictrans.com\/wp-content\/uploads\/2016\/01\/chicago_night_-2200&#215;722-2200&#215;722.jpg|caption^null|alt^null|title^chicago_night_-2200&#215;722-2200&#215;722|description^null&#8221; bg_image_repeat=&#8221;no-repeat&#8221; bg_image_size=&#8221;initial&#8221; bg_img_attach=&#8221;fixed&#8221; parallax_sense=&#8221;1.5&#8243; bg_override=&#8221;full&#8221; enable_overlay=&#8221;enable_overlay_value&#8221; overlay_color=&#8221;#3a3e3f&#8221; overlay_pattern=&#8221;transperant&#8221; overlay_pattern_opacity=&#8221;85&#8243; rowtype=&#8221;fullw&#8221; contentcolor=&#8221;light&#8221; bg_pos=&#8221;center center&#8221; use_overlay=&#8221;yes&#8221; overlay_opacity=&#8221;0.85&#8243; padding=&#8221;40px 0px&#8221; css=&#8221;.vc_custom_1478760763208{padding-top: 40px !important;padding-right: 0px !important;padding-bottom: 40px !important;padding-left: 0px !important;background: #ededed url(https:\/\/www.nordictrans.com\/wp-content\/uploads\/2015\/07\/chicago_night_-2200&#215;722.jpg?id=3080) !important;}&#8221;][vc_column][vc_empty_space][vc_row_inner][vc_column_inner width=&#8221;1\/2&#8243;][vc_column_text css_animation=&#8221;fadeInLeft&#8221;]<\/p>\n<h3 style=\"text-align: center;\"><span style=\"color: #ffffff;\">\u00d6vers\u00e4ttningstj\u00e4nster f\u00f6r hemsidor<\/span><\/h3>\n<p><span style=\"color: #ffffff;\">Nyligen utf\u00f6rda studier visar att internetanv\u00e4ndare tillbringar 3 g\u00e5nger s\u00e5 l\u00e5ng tid p\u00e5 er hemsida om den \u00e4r \u00f6versatt till deras modersm\u00e5l. Dessutom \u00e4r bes\u00f6karna 4 g\u00e5nger s\u00e5 villiga att k\u00f6pa era produkter eller tj\u00e4nster om er hemsida kommunicerar p\u00e5 deras hemspr\u00e5k.<\/span><\/p>\n<p><span style=\"color: #ffffff;\">\u00c4ven om det verkar som att hela v\u00e4rlden kan prata engelska, s\u00e5 \u00e4r det bara ungef\u00e4r 20 % av v\u00e4rldens totala befolkning som f\u00f6rst\u00e5r engelska. Den procentandelen inkluderar b\u00e5de inf\u00f6dda och de som har det som andraspr\u00e5k. Genom att \u00f6vers\u00e4tta er hemsida kan ni n\u00e5 ut till v\u00e4rldens \u00f6vriga 80 %.<\/span><\/p>\n<div class=\"wpb_text_column wpb_content_element \">\n<div class=\"wpb_wrapper\">\n<p><span style=\"color: #ffffff;\">NordicTrans har den arbetsstyrka och kunskap som beh\u00f6vs f\u00f6r att leverera \u00f6vers\u00e4ttningstj\u00e4nster f\u00f6r hemsidor f\u00f6r alla webbplatser, fr\u00e5n alla spr\u00e5k till alla nordiska spr\u00e5k. V\u00e5ra webbingenj\u00f6rer och lokaliseringsproffs st\u00e5r redo att arbeta med v\u00e5ra \u00f6vers\u00e4ttare f\u00f6r att g\u00f6ra alla n\u00f6dv\u00e4ndiga modifieringar p\u00e5 er hemsida s\u00e5 att ni inte beh\u00f6ver l\u00e4gga in alla \u00f6vers\u00e4ttningar sj\u00e4lva.<\/span><\/p>\n<p><span style=\"color: #ffffff;\">Om ni \u00e4r intresserade av att f\u00e5 kvalitetstj\u00e4nster inom \u00f6vers\u00e4ttning f\u00f6r alla slags projekt s\u00e5 ta kontakt &#8211; vi g\u00f6r er inte besvikna!<\/span><\/p>\n<\/div>\n<\/div>\n<p>[\/vc_column_text][vc_separator][\/vc_column_inner][vc_column_inner width=&#8221;1\/2&#8243;][vc_single_image image=&#8221;23308&#8243; img_size=&#8221;full&#8221; alignment=&#8221;right&#8221; css_animation=&#8221;fadeInUp&#8221;][\/vc_column_inner][\/vc_row_inner][vc_empty_space][\/vc_column][\/vc_row][vc_row margin_top=&#8221;70&#8243; margin_bottom=&#8221;70&#8243;][vc_column width=&#8221;1\/2&#8243;][vc_single_image image=&#8221;23358&#8243; img_size=&#8221;full&#8221; alignment=&#8221;right&#8221; css_animation=&#8221;fadeInLeft&#8221;][\/vc_column][vc_column width=&#8221;1\/2&#8243;][vc_column_text css_animation=&#8221;fadeInRight&#8221;]<\/p>\n<h3 style=\"text-align: center;\">Programlokalisering<\/h3>\n<p>Om ni s\u00e4ljer programvara eller n\u00e5gon slags appar s\u00e5 vet ni redan att lokalisering av era programapplikationer \u00e4r ett av de b\u00e4sta s\u00e4tten att \u00f6ka f\u00f6rs\u00e4ljningen.<\/p>\n<p>Med NordicTrans blir det en enkel sak med programlokalisering . V\u00e5ra lokaliseringsspecialister och \u00f6vers\u00e4ttare sitter redo i v\u00e5ra lokaler att bist\u00e5 er med h\u00f6gkvalitativ \u00f6vers\u00e4ttning av anv\u00e4ndargr\u00e4nssnitt och programlokaliseringstj\u00e4nster till \u00f6ver 80 spr\u00e5k.<\/p>\n<p>N\u00e4r det v\u00e4l \u00e4r gjort kontrollerar v\u00e5rt kvalitetss\u00e4kringsteam slutversionen av ert program och ser till att det \u00e4r perfekt anpassat till er m\u00e5lmarknad.<\/p>\n<p>N\u00e5gra sk\u00e4l till varf\u00f6r ni skulle vilja samarbeta med oss:<\/p>\n<div style=\"width: 250px; margin-right: auto; margin-left: auto; text-align: left;\">\n<p><i class=\"fa fa-check-circle fa-lg\" style=\"color: #81d742;\"><\/i><strong>\u00a0 Kvalitets\u00f6vers\u00e4ttning<br \/>\n<\/strong><\/p>\n<p><i class=\"fa fa-check-circle fa-lg\" style=\"color: #81d742;\"><\/i><strong>\u00a0 Perfekt lokalisering<br \/>\n<\/strong><\/p>\n<p><i class=\"fa fa-check-circle fa-lg\" style=\"color: #81d742;\"><\/i><strong>\u00a0 Support dygnet runt<br \/>\n<\/strong><\/p>\n<\/div>\n<p>[\/vc_column_text][\/vc_column][\/vc_row][vc_row type=&#8221;3&#8243; margin_bottom=&#8221;0px&#8221; full_width_row=&#8221;true&#8221; rowtype=&#8221;fullw&#8221; textalign=&#8221;center&#8221; padding=&#8221;30px 0px&#8221; css=&#8221;.vc_custom_1478830295833{margin-bottom: 0px !important;padding-top: 30px !important;padding-right: 0px !important;padding-bottom: 30px !important;padding-left: 0px !important;background-color: #ccffcc !important;}&#8221; el_class=&#8221;live-contact-btn-wrap&#8221;][vc_column][vc_cta h2=&#8221;&#8221; txt_align=&#8221;center&#8221; style=&#8221;custom&#8221; add_button=&#8221;right&#8221; btn_title=&#8221;LIVEKONTAKT&#8221; btn_style=&#8221;custom&#8221; btn_custom_background=&#8221;#ffffff&#8221; btn_custom_text=&#8221;#2a4a8f&#8221; btn_shape=&#8221;round&#8221; btn_align=&#8221;center&#8221; btn_button_block=&#8221;true&#8221; btn_link=&#8221;url:https%3A%2F%2Fwww.nordictrans.com%2Fchat-popup%2F|||&#8221; el_class=&#8221;live-contact-btn&#8221; custom_background=&#8221;rgba(255,255,255,0.01)&#8221; custom_text=&#8221;#2c5a85&#8243;]<\/p>\n<h3 style=\"font-size: 28px; line-height: 40px;\">\u00c4r du redo? D\u00e5 b\u00f6rjar vi:<\/h3>\n<p>[\/vc_cta][\/vc_column][\/vc_row]<\/p>\n<\/div>","protected":false},"excerpt":{"rendered":"<p>[vc_row type=&#8221;vc_default&#8221; full_height=&#8221;yes&#8221; bg_type=&#8221;image&#8221; parallax_style=&#8221;vcpb-vz-jquery&#8221; bg_image_new=&#8221;id^9886|url^https:\/\/www.nordictrans.com\/wp-content\/uploads\/2016\/01\/we-understand-deadlines-2200&#215;792-1.jpg|caption^null|alt^null|title^we-understand-deadlines-2200&#215;792|description^null&#8221; bg_image_repeat=&#8221;no-repeat&#8221; bg_img_attach=&#8221;fixed&#8221; parallax_sense=&#8221;1.5&#8243; bg_override=&#8221;full&#8221; disable_on_mobile_img_parallax=&#8221;disable_on_mobile_img_parallax_value&#8221;][vc_column][\/vc_column][\/vc_row][vc_row type=&#8221;vc_default&#8221; full_height=&#8221;yes&#8221; bg_type=&#8221;image&#8221; parallax_style=&#8221;vcpb-vz-jquery&#8221; bg_image_new=&#8221;id^9886|url^https:\/\/www.nordictrans.com\/wp-content\/uploads\/2016\/01\/we-understand-deadlines-2200&#215;792-1.jpg|caption^null|alt^null|title^we-understand-deadlines-2200&#215;792|description^null&#8221; bg_image_repeat=&#8221;no-repeat&#8221; bg_img_attach=&#8221;fixed&#8221; parallax_sense=&#8221;1.5&#8243; bg_override=&#8221;full&#8221; disable_on_mobile_img_parallax=&#8221;disable_on_mobile_img_parallax_value&#8221;][vc_column][vc_raw_html]JTNDZGl2JTIwaWQlM0QlMjJzZWNvbmRfYnJlZCUyMiUyMGNsYXNzJTNEJTIyd2YtdGQlMjIlM0UlM0MlMkZkaXYlM0U=[\/vc_raw_html][\/vc_column][\/vc_row][vc_row gap=&#8221;30&#8243; margin_top=&#8221;70&#8243; margin_bottom=&#8221;70&#8243; rowtype=&#8221;fullw&#8221; padding=&#8221;40px 0px&#8221; css=&#8221;.vc_custom_1478759966076{margin-bottom: 0px !important;padding-top: 40px !important;padding-right: 0px !important;padding-bottom: 40px !important;padding-left: 0px !important;}&#8221;][vc_column][vc_column_text css_animation=&#8221;zoomIn&#8221;] Kvalitativa \u00f6vers\u00e4ttningstj\u00e4nster till \u00f6verkomligt pris [\/vc_column_text][vc_empty_space][vc_separator style=&#8221;double&#8221;][vc_empty_space][vc_row_inner][vc_column_inner width=&#8221;1\/2&#8243;][vc_single_image image=&#8221;23337&#8243; img_size=&#8221;full&#8221; alignment=&#8221;center&#8221; css_animation=&#8221;fadeInLeft&#8221;][\/vc_column_inner][vc_column_inner width=&#8221;1\/2&#8243;][vc_column_text css_animation=&#8221;fadeInRight&#8221;] \u00d6vers\u00e4ttningstj\u00e4nster f\u00f6r&hellip;<\/p>\n","protected":false},"author":1,"featured_media":31788,"parent":0,"menu_order":0,"comment_status":"closed","ping_status":"closed","template":"","meta":{"_acf_changed":false,"footnotes":""},"class_list":["post-23674","page","type-page","status-publish","has-post-thumbnail","hentry","description-off"],"acf":[],"yoast_head":"<!-- This site is optimized with the Yoast SEO Premium plugin v26.5 (Yoast SEO v26.5) - https:\/\/yoast.com\/wordpress\/plugins\/seo\/ -->\n<title>Kvalitativa \u00f6vers\u00e4ttningstj\u00e4nster f\u00f6r dokument och hemsidor<\/title>\n<meta name=\"description\" content=\"NordicTrans levererar kvalitativa \u00f6vers\u00e4ttningstj\u00e4nster f\u00f6r dokument, hemside\u00f6vers\u00e4ttning och programlokalisering fr\u00e5n och till alla nordiska spr\u00e5k.\" \/>\n<meta name=\"robots\" content=\"index, follow, max-snippet:-1, max-image-preview:large, max-video-preview:-1\" \/>\n<link rel=\"canonical\" href=\"https:\/\/www.nordictrans.com\/sv\/oversattningstjanster\/\" \/>\n<meta property=\"og:locale\" content=\"sv_SE\" \/>\n<meta property=\"og:type\" content=\"article\" \/>\n<meta property=\"og:title\" content=\"Translation Services for Documents and Websites | NordicTrans\" \/>\n<meta property=\"og:description\" content=\"NordicTrans provides quality translation services for documents, website translation and software localization at fair prices, from and into any language.\" \/>\n<meta property=\"og:url\" content=\"https:\/\/www.nordictrans.com\/sv\/oversattningstjanster\/\" \/>\n<meta property=\"og:site_name\" content=\"Nordictrans.com\" \/>\n<meta property=\"article:publisher\" content=\"https:\/\/www.facebook.com\/NordicTrans\" \/>\n<meta property=\"article:modified_time\" content=\"2020-06-29T10:31:07+00:00\" \/>\n<meta property=\"og:image\" content=\"https:\/\/www.nordictrans.com\/wp-content\/uploads\/2018\/04\/quality-translation-services.png\" \/>\n\t<meta property=\"og:image:width\" content=\"1903\" \/>\n\t<meta property=\"og:image:height\" content=\"670\" \/>\n\t<meta property=\"og:image:type\" content=\"image\/png\" \/>\n<meta name=\"twitter:card\" content=\"summary_large_image\" \/>\n<meta name=\"twitter:title\" content=\"Quality Translation Services for Documents and Websites - NordicTrans\" \/>\n<meta name=\"twitter:description\" content=\"NordicTrans provides quality translation services for documents, website translation and software localization at fair prices, from and into any language.\" \/>\n<meta name=\"twitter:site\" content=\"@NordicTrans\" \/>\n<meta name=\"twitter:label1\" content=\"Ber\u00e4knad l\u00e4stid\" \/>\n\t<meta name=\"twitter:data1\" content=\"5 minuter\" \/>\n<!-- \/ Yoast SEO Premium plugin. -->","yoast_head_json":{"title":"Kvalitativa \u00f6vers\u00e4ttningstj\u00e4nster f\u00f6r dokument och hemsidor","description":"NordicTrans levererar kvalitativa \u00f6vers\u00e4ttningstj\u00e4nster f\u00f6r dokument, hemside\u00f6vers\u00e4ttning och programlokalisering fr\u00e5n och till alla nordiska spr\u00e5k.","robots":{"index":"index","follow":"follow","max-snippet":"max-snippet:-1","max-image-preview":"max-image-preview:large","max-video-preview":"max-video-preview:-1"},"canonical":"https:\/\/www.nordictrans.com\/sv\/oversattningstjanster\/","og_locale":"sv_SE","og_type":"article","og_title":"Translation Services for Documents and Websites | NordicTrans","og_description":"NordicTrans provides quality translation services for documents, website translation and software localization at fair prices, from and into any language.","og_url":"https:\/\/www.nordictrans.com\/sv\/oversattningstjanster\/","og_site_name":"Nordictrans.com","article_publisher":"https:\/\/www.facebook.com\/NordicTrans","article_modified_time":"2020-06-29T10:31:07+00:00","og_image":[{"width":1903,"height":670,"url":"https:\/\/www.nordictrans.com\/wp-content\/uploads\/2018\/04\/quality-translation-services.png","type":"image\/png"}],"twitter_card":"summary_large_image","twitter_title":"Quality Translation Services for Documents and Websites - NordicTrans","twitter_description":"NordicTrans provides quality translation services for documents, website translation and software localization at fair prices, from and into any language.","twitter_site":"@NordicTrans","twitter_misc":{"Ber\u00e4knad l\u00e4stid":"5 minuter"},"schema":{"@context":"https:\/\/schema.org","@graph":[{"@type":"WebPage","@id":"https:\/\/www.nordictrans.com\/sv\/oversattningstjanster\/","url":"https:\/\/www.nordictrans.com\/sv\/oversattningstjanster\/","name":"Kvalitativa \u00f6vers\u00e4ttningstj\u00e4nster f\u00f6r dokument och hemsidor","isPartOf":{"@id":"https:\/\/www.nordictrans.com\/sv\/#website"},"primaryImageOfPage":{"@id":"https:\/\/www.nordictrans.com\/sv\/oversattningstjanster\/#primaryimage"},"image":{"@id":"https:\/\/www.nordictrans.com\/sv\/oversattningstjanster\/#primaryimage"},"thumbnailUrl":"https:\/\/www.nordictrans.com\/wp-content\/uploads\/2018\/04\/quality-translation-services.png","datePublished":"2016-12-22T21:04:23+00:00","dateModified":"2020-06-29T10:31:07+00:00","description":"NordicTrans levererar kvalitativa \u00f6vers\u00e4ttningstj\u00e4nster f\u00f6r dokument, hemside\u00f6vers\u00e4ttning och programlokalisering fr\u00e5n och till alla nordiska spr\u00e5k.","breadcrumb":{"@id":"https:\/\/www.nordictrans.com\/sv\/oversattningstjanster\/#breadcrumb"},"inLanguage":"sv-SE","potentialAction":[{"@type":"ReadAction","target":["https:\/\/www.nordictrans.com\/sv\/oversattningstjanster\/"]}]},{"@type":"ImageObject","inLanguage":"sv-SE","@id":"https:\/\/www.nordictrans.com\/sv\/oversattningstjanster\/#primaryimage","url":"https:\/\/www.nordictrans.com\/wp-content\/uploads\/2018\/04\/quality-translation-services.png","contentUrl":"https:\/\/www.nordictrans.com\/wp-content\/uploads\/2018\/04\/quality-translation-services.png","width":1903,"height":670,"caption":"Quality Translation Services"},{"@type":"BreadcrumbList","@id":"https:\/\/www.nordictrans.com\/sv\/oversattningstjanster\/#breadcrumb","itemListElement":[{"@type":"ListItem","position":1,"name":"Home","item":"https:\/\/www.nordictrans.com\/sv\/"},{"@type":"ListItem","position":2,"name":"\u00d6vers\u00e4ttningstj\u00e4nster"}]},{"@type":"WebSite","@id":"https:\/\/www.nordictrans.com\/sv\/#website","url":"https:\/\/www.nordictrans.com\/sv\/","name":"Nordictrans.com","description":"Translation Agency specialized in Nordic Languages","publisher":{"@id":"https:\/\/www.nordictrans.com\/sv\/#organization"},"potentialAction":[{"@type":"SearchAction","target":{"@type":"EntryPoint","urlTemplate":"https:\/\/www.nordictrans.com\/sv\/?s={search_term_string}"},"query-input":{"@type":"PropertyValueSpecification","valueRequired":true,"valueName":"search_term_string"}}],"inLanguage":"sv-SE"},{"@type":"Organization","@id":"https:\/\/www.nordictrans.com\/sv\/#organization","name":"NordicTrans","url":"https:\/\/www.nordictrans.com\/sv\/","logo":{"@type":"ImageObject","inLanguage":"sv-SE","@id":"https:\/\/www.nordictrans.com\/sv\/#\/schema\/logo\/image\/","url":"https:\/\/www.nordictrans.com\/wp-content\/uploads\/2015\/02\/logoNT.png","contentUrl":"https:\/\/www.nordictrans.com\/wp-content\/uploads\/2015\/02\/logoNT.png","width":272,"height":92,"caption":"NordicTrans"},"image":{"@id":"https:\/\/www.nordictrans.com\/sv\/#\/schema\/logo\/image\/"},"sameAs":["https:\/\/www.facebook.com\/NordicTrans","https:\/\/x.com\/NordicTrans","https:\/\/www.instagram.com\/NordictransUS","https:\/\/www.linkedin.com\/company\/nordictrans","https:\/\/www.pinterest.com\/nordictrans01","https:\/\/www.youtube.com\/c\/nordictrans"]}]}},"_links":{"self":[{"href":"https:\/\/www.nordictrans.com\/sv\/wp-json\/wp\/v2\/pages\/23674","targetHints":{"allow":["GET"]}}],"collection":[{"href":"https:\/\/www.nordictrans.com\/sv\/wp-json\/wp\/v2\/pages"}],"about":[{"href":"https:\/\/www.nordictrans.com\/sv\/wp-json\/wp\/v2\/types\/page"}],"author":[{"embeddable":true,"href":"https:\/\/www.nordictrans.com\/sv\/wp-json\/wp\/v2\/users\/1"}],"replies":[{"embeddable":true,"href":"https:\/\/www.nordictrans.com\/sv\/wp-json\/wp\/v2\/comments?post=23674"}],"version-history":[{"count":5,"href":"https:\/\/www.nordictrans.com\/sv\/wp-json\/wp\/v2\/pages\/23674\/revisions"}],"predecessor-version":[{"id":48865,"href":"https:\/\/www.nordictrans.com\/sv\/wp-json\/wp\/v2\/pages\/23674\/revisions\/48865"}],"wp:featuredmedia":[{"embeddable":true,"href":"https:\/\/www.nordictrans.com\/sv\/wp-json\/wp\/v2\/media\/31788"}],"wp:attachment":[{"href":"https:\/\/www.nordictrans.com\/sv\/wp-json\/wp\/v2\/media?parent=23674"}],"curies":[{"name":"wp","href":"https:\/\/api.w.org\/{rel}","templated":true}]}}