{"id":23281,"date":"2016-12-14T12:35:44","date_gmt":"2016-12-14T12:35:44","guid":{"rendered":"http:\/\/dev.nordictrans.com\/legal-translation-services\/"},"modified":"2018-02-08T14:32:22","modified_gmt":"2018-02-08T14:32:22","slug":"juridiska-oversattningstjanster","status":"publish","type":"page","link":"https:\/\/www.nordictrans.com\/sv\/undustriinriktning\/juridiska-oversattningstjanster\/","title":{"rendered":"Juridiska \u00f6vers\u00e4ttningstj\u00e4nster"},"content":{"rendered":"<div class=\"wpb-content-wrapper\"><p>[vc_row][vc_column]\n\t\t\t<!-- START Legal Translation REVOLUTION SLIDER 6.6.16 --><p class=\"rs-p-wp-fix\"><\/p>\n\t\t\t<rs-module-wrap id=\"rev_slider_25_1_wrapper\" data-source=\"gallery\" style=\"visibility:hidden;background:transparent;padding:0;margin:0px auto;margin-top:0;margin-bottom:0;\">\n\t\t\t\t<rs-module id=\"rev_slider_25_1\" style=\"\" data-version=\"6.6.16\">\n\t\t\t\t\t<rs-slides style=\"overflow: hidden; position: absolute;\">\n\t\t\t\t\t\t<rs-slide style=\"position: absolute;\" data-key=\"rs-129\" data-title=\"Slide\" data-anim=\"adpr:false;\">\n\t\t\t\t\t\t\t<img decoding=\"async\" src=\"\/\/www.nordictrans.com\/wp-content\/plugins\/revslider\/public\/assets\/assets\/dummy.png\" alt=\"\" title=\"Juridiska \u00f6vers\u00e4ttningstj\u00e4nster\" class=\"rev-slidebg tp-rs-img rs-lazyload\" data-lazyload=\"\/\/www.nordictrans.com\/wp-content\/uploads\/2018\/05\/legal-translation-services.png\" data-parallax=\"15\" data-no-retina>\n<!--\n\t\t\t\t\t\t\t--><rs-layer\n\t\t\t\t\t\t\t\tid=\"slider-25-slide-129-layer-1\" \n\t\t\t\t\t\t\t\tdata-type=\"text\"\n\t\t\t\t\t\t\t\tdata-color=\"rgba(255,255,255,1)\"\n\t\t\t\t\t\t\t\tdata-rsp_ch=\"on\"\n\t\t\t\t\t\t\t\tdata-xy=\"x:l,l,l,c;xo:106px,0,0,0;y:m;\"\n\t\t\t\t\t\t\t\tdata-text=\"s:50,50,40,30;l:50,50,40,30;fw:700;a:left,left,left,center;\"\n\t\t\t\t\t\t\t\tdata-frame_0=\"tp:600;\"\n\t\t\t\t\t\t\t\tdata-frame_1=\"tp:600;st:0;\"\n\t\t\t\t\t\t\t\tdata-frame_999=\"o:0;tp:600;st:w;sR:8700.0006103516;\"\n\t\t\t\t\t\t\t\tstyle=\"z-index:5;font-family:'Open Sans';opacity:0.6;\"\n\t\t\t\t\t\t\t>\nJURIDISKA<br\/>\n\u00d6VERS\u00c4TTNINGSTJ\u00c4NSTER \n\t\t\t\t\t\t\t<\/rs-layer><!--\n-->\t\t\t\t\t\t<\/rs-slide>\n\t\t\t\t\t<\/rs-slides>\n\t\t\t\t<\/rs-module>\n\t\t\t\t<script>\n\t\t\t\t\tsetREVStartSize({c: 'rev_slider_25_1',rl:[1240,1024,778,480],el:[655,600,500,400],gw:[1240,1024,778,480],gh:[655,600,500,400],type:'hero',justify:'',layout:'fullwidth',mh:\"0\"});if (window.RS_MODULES!==undefined && window.RS_MODULES.modules!==undefined && window.RS_MODULES.modules[\"revslider251\"]!==undefined) {window.RS_MODULES.modules[\"revslider251\"].once = false;window.revapi25 = undefined;if (window.RS_MODULES.checkMinimal!==undefined) window.RS_MODULES.checkMinimal()}\n\t\t\t\t<\/script>\n\t\t\t<\/rs-module-wrap>\n\t\t\t<!-- END REVOLUTION SLIDER -->\n[\/vc_column][\/vc_row][vc_row][vc_column][vc_raw_html]JTNDZGl2JTIwaWQlM0QlMjJzZWNvbmRfYnJlZCUyMiUyMGNsYXNzJTNEJTIyd2YtdGQlMjIlM0UlM0MlMkZkaXYlM0U=[\/vc_raw_html][\/vc_column][\/vc_row][vc_row rowtype=&#8221;fullw&#8221; textalign=&#8221;center&#8221;][vc_column][vc_empty_space][vc_column_text css_animation=&#8221;zoomIn&#8221;]<\/p>\n<h1 style=\"text-align: center; color: #2c5a85;\"><strong>Juridiska \u00f6vers\u00e4ttningstj\u00e4nster<\/strong><\/h1>\n<p>[\/vc_column_text][vc_empty_space][vc_row_inner][vc_column_inner][vc_column_text]<\/p>\n<p style=\"text-align: center;\">Om och om igen har vi m\u00f6tt personer som inte f\u00f6rst\u00e5r varf\u00f6r de har debiterats det de har debiterats. Det g\u00f6r arbetet \u00e4nnu sv\u00e5rare eftersom s\u00e5dana klienter inte kan uppskatta behovet av den tj\u00e4nst de anv\u00e4nder sig av. N\u00e4r ni s\u00f6ker efter juridiska \u00f6vers\u00e4ttningstj\u00e4nster, s\u00e5 \u00e4r en av de viktigaste sakerna ni beh\u00f6ver g\u00f6ra att se till att ni inte f\u00e5r n\u00e5got annat \u00e4n de b\u00e4sta leverant\u00f6rerna f\u00f6r att g\u00f6ra jobbet \u00e5t er. Ut\u00f6ver det beh\u00f6ver ni ha en god och tydlig f\u00f6rst\u00e5else f\u00f6r varf\u00f6r ni betalar f\u00f6r de tj\u00e4nster ni betalar f\u00f6r.<\/p>\n<p style=\"text-align: center;\">I \u00e4rlighetens namn \u00e4r juridiska \u00f6vers\u00e4ttningar s\u00e5dant som ni aldrig ska ta f\u00f6r givet. Resultaten ni f\u00e5r ut av det h\u00e4r arbetet r\u00e4cker en l\u00e5ng v\u00e4g f\u00f6r att avg\u00f6ra riktningen p\u00e5 vad det \u00e4n \u00e4r ni anv\u00e4nder \u00f6vers\u00e4ttningarna f\u00f6r. D\u00e4rf\u00f6r beh\u00f6ver ni se till att ni letar efter juridiska \u00f6vers\u00e4ttningstj\u00e4nster som \u00e4r v\u00e4rda varje timma och alla resurser ni l\u00e4gger p\u00e5 dem.<\/p>\n<p style=\"text-align: center;\">N\u00e4r ni letar efter n\u00e5gon eller ett f\u00f6retag som kan tillhandah\u00e5lla juridiska \u00f6vers\u00e4ttningar \u00e5t er, s\u00e5 \u00e4r det alltid n\u00f6dv\u00e4ndigt att ni ser till att f\u00e5 en leverant\u00f6r som f\u00f6rst\u00e5r era behov. F\u00f6r att g\u00f6ra det b\u00f6r ni f\u00f6rst f\u00f6rklara f\u00f6r dem vad ni beh\u00f6ver, och naturen eller s\u00e4ttet som ni beh\u00f6ver f\u00e5 detta gjort med. Ofta kan m\u00e5nga inte ge tillr\u00e4ckliga instruktioner om vad de beh\u00f6ver, och detta g\u00f6r uppgiften mycket sv\u00e5rare f\u00f6r de som ska arbeta med den.<\/p>\n<p>[\/vc_column_text][\/vc_column_inner][\/vc_row_inner][vc_empty_space height=&#8221;50px&#8221;][\/vc_column][\/vc_row][vc_row padding=&#8221;20px 0&#8243;][vc_column][vc_row_inner][vc_column_inner width=&#8221;1\/2&#8243;][vc_single_image image=&#8221;23442&#8243; img_size=&#8221;full&#8221; alignment=&#8221;center&#8221; css_animation=&#8221;fadeInLeft&#8221;][vc_empty_space][\/vc_column_inner][vc_column_inner width=&#8221;1\/2&#8243;][vc_text_separator title=&#8221;Juridiska dokument som vi \u00f6vers\u00e4tter&#8221; style=&#8221;double&#8221;][vc_empty_space][vc_column_text css_animation=&#8221;fadeInRight&#8221;]<\/p>\n<p style=\"text-align: left;\">NordicTrans anlitar h\u00f6gkvalificerade \u00f6vers\u00e4ttare med omfattande kunskap inom det juridiska omr\u00e5det f\u00f6r att kunna ge b\u00e4sta m\u00f6jliga \u00f6vers\u00e4ttningar av f\u00f6ljande juridiska dokument:<\/p>\n<p>[\/vc_column_text][vc_empty_space][vc_column_text css_animation=&#8221;fadeInRight&#8221;]<\/p>\n<div style=\"width: 250px; margin-right: auto; margin-left: auto; text-align: left;\">\n<p style=\"text-align: left;\"><i class=\"fa fa-check-circle fa-lg\" style=\"color: #81d742;\"><\/i><strong>\u00a0 Kontrakt<\/strong><\/p>\n<p style=\"text-align: left;\"><i class=\"fa fa-check-circle fa-lg\" style=\"color: #81d742;\"><\/i><strong>\u00a0 Patent<\/strong><\/p>\n<p style=\"text-align: left;\"><i class=\"fa fa-check-circle fa-lg\" style=\"color: #81d742;\"><\/i><strong>\u00a0 Juridiska marknadsf\u00f6ringsdokument<\/strong><\/p>\n<p style=\"text-align: left;\"><i class=\"fa fa-check-circle fa-lg\" style=\"color: #81d742;\"><\/i><strong>\u00a0 Juridiska skattedokument<\/strong><\/p>\n<p style=\"text-align: left;\"><i class=\"fa fa-check-circle fa-lg\" style=\"color: #81d742;\"><\/i><strong>\u00a0 Domstolsdokument<\/strong><\/p>\n<p style=\"text-align: left;\"><i class=\"fa fa-check-circle fa-lg\" style=\"color: #81d742;\"><\/i><strong>\u00a0 Sekretessavtal<\/strong><\/p>\n<p style=\"text-align: left;\"><i class=\"fa fa-check-circle fa-lg\" style=\"color: #81d742;\"><\/i><strong>\u00a0 Testamenten eller \u00f6verl\u00e5telser<\/strong><\/p>\n<\/div>\n<p>[\/vc_column_text][\/vc_column_inner][\/vc_row_inner][vc_empty_space height=&#8221;50px&#8221;][\/vc_column][\/vc_row][vc_row type=&#8221;vc_default&#8221; bg_type=&#8221;bg_color&#8221; bg_override=&#8221;full&#8221; rowtype=&#8221;fullw&#8221; padding=&#8221;20px 0&#8243; css=&#8221;.vc_custom_1478848968464{padding-top: 20px !important;padding-right: 0px !important;padding-bottom: 20px !important;padding-left: 0px !important;}&#8221; bg_color_value=&#8221;#ebebeb&#8221;][vc_column][vc_empty_space][vc_column_text css_animation=&#8221;zoomIn&#8221;]<\/p>\n<h2 class=\"custom_title title_center txt_maincolor title_center borderb\" style=\"text-align: center;\" data-animation=\"zoomIn\" data-anim-target=\"self\" data-delay=\"100\" data-speed=\"800\" data-ease=\"easeInOutQuart\"><span style=\"color: #2a4a8f;\">H\u00f6gkvalitativa, prisv\u00e4rda, snabba tj\u00e4nster<\/span><\/h2>\n<p>[\/vc_column_text][vc_empty_space][vc_separator color=&#8221;custom&#8221; border_width=&#8221;2&#8243; el_width=&#8221;10&#8243; accent_color=&#8221;#666666&#8243;][vc_empty_space][vc_column_text css_animation=&#8221;fadeInUp&#8221;]<\/p>\n<p style=\"text-align: center;\">F\u00f6r att f\u00e5 de b\u00e4sta juridiska \u00f6vers\u00e4ttningarna vore det en lysande id\u00e9 om ni kunde g\u00e5 igenom det ni beh\u00f6ver med de personer som levererar detta till er. Detta g\u00f6r b\u00e5de ert och v\u00e5rt arbete l\u00e4ttare. Dela med er av vilket sammanhang ni beh\u00f6ver t\u00e4cka i de juridiska \u00f6vers\u00e4ttningstj\u00e4nster ni s\u00f6ker, s\u00e5 kan vi hitta r\u00e4tt l\u00f6sning f\u00f6r just era behov.<\/p>\n<p style=\"text-align: center;\">Juridiska \u00f6vers\u00e4ttningar beh\u00f6ver inte vara alltf\u00f6r kostsamma, \u00e4ven om de \u00e4r specialiserade. Vi kan leverera \u00f6vers\u00e4ttningar av alla juridiska dokument, fr\u00e5n och till 50 spr\u00e5k till \u00f6verkomligt pris.<\/p>\n<p>[\/vc_column_text][vc_empty_space][\/vc_column][\/vc_row][vc_row][vc_column][vc_empty_space][vc_column_text css_animation=&#8221;zoomIn&#8221;]<\/p>\n<h2 class=\"custom_title title_center txt_maincolor title_center default\" style=\"text-align: center;\" data-animation=\"showUp\" data-anim-target=\"self\" data-delay=\"100\" data-speed=\"800\" data-ease=\"easeInOutQuart\"><span style=\"color: #2a4a8f;\">Juridiska \u00f6vers\u00e4ttningstj\u00e4nster f\u00f6r alla \u00e4ndam\u00e5l<\/span><\/h2>\n<p>[\/vc_column_text][vc_empty_space height=&#8221;10px&#8221;]<div class=\"dt-fancy-separator\" style=\"width: 70%;\"><div class=\"dt-fancy-title\"><span class=\"separator-holder separator-left\"><\/span>N\u00e5gra av v\u00e5ra klienter<span class=\"separator-holder separator-right\"><\/span><\/div><\/div>[vc_empty_space height=&#8221;20px&#8221;][vc_column_text css_animation=&#8221;zoomIn&#8221;]<\/p>\n<div style=\"width: 250px; margin-right: auto; margin-left: auto; text-align: center;\">\n<p style=\"text-align: left;\"><i class=\"fa fa-check-circle fa-lg\" style=\"color: #81d742;\"><\/i><strong>\u00a0 Advokatbyr\u00e5er<\/strong><\/p>\n<p style=\"text-align: left;\"><i class=\"fa fa-check-circle fa-lg\" style=\"color: #81d742;\"><\/i><strong>\u00a0 Juridiska avdelningar<\/strong><\/p>\n<p style=\"text-align: left;\"><i class=\"fa fa-check-circle fa-lg\" style=\"color: #81d742;\"><\/i><strong>\u00a0 Globala bolag<\/strong><\/p>\n<p style=\"text-align: left;\"><i class=\"fa fa-check-circle fa-lg\" style=\"color: #81d742;\"><\/i><strong>\u00a0 Sm\u00e5f\u00f6retag<\/strong><\/p>\n<p style=\"text-align: left;\"><i class=\"fa fa-check-circle fa-lg\" style=\"color: #81d742;\"><\/i><strong>\u00a0 Medelstora f\u00f6retag<\/strong><\/p>\n<p style=\"text-align: left;\"><i class=\"fa fa-check-circle fa-lg\" style=\"color: #81d742;\"><\/i><strong>\u00a0 Revisionsf\u00f6retag<\/strong><\/p>\n<p style=\"text-align: left;\"><i class=\"fa fa-check-circle fa-lg\" style=\"color: #81d742;\"><\/i><strong> Juridiska r\u00e5dgivare<\/strong><\/p>\n<\/div>\n<p>[\/vc_column_text][vc_empty_space height=&#8221;50px&#8221;][\/vc_column][\/vc_row][vc_row type=&#8221;3&#8243; margin_bottom=&#8221;0px&#8221; full_width_row=&#8221;true&#8221; rowtype=&#8221;fullw&#8221; textalign=&#8221;center&#8221; padding=&#8221;30px 0px&#8221; css=&#8221;.vc_custom_1478849030891{margin-bottom: 0px !important;padding-top: 30px !important;padding-right: 0px !important;padding-bottom: 30px !important;padding-left: 0px !important;}&#8221; el_class=&#8221;live-contact-btn-wrap&#8221;][vc_column][vc_cta h2=&#8221;\u00c4r du redo? D\u00e5 b\u00f6rjar vi:&#8221; txt_align=&#8221;center&#8221; add_button=&#8221;right&#8221; btn_title=&#8221;LIVEKONTAKT&#8221; btn_style=&#8221;custom&#8221; btn_custom_background=&#8221;#ffffff&#8221; btn_custom_text=&#8221;#2a4a8f&#8221; btn_shape=&#8221;round&#8221; btn_align=&#8221;center&#8221; btn_button_block=&#8221;true&#8221; btn_custom_onclick=&#8221;true&#8221; btn_smooth_scroll=&#8221;true&#8221; btn_link=&#8221;url:https%3A%2F%2Fwww.nordictrans.com%2Fchat-popup%2F|||&#8221; el_class=&#8221;live-contact-btn&#8221;][\/vc_cta][\/vc_column][\/vc_row]<\/p>\n<\/div>","protected":false},"excerpt":{"rendered":"<p>[vc_row][vc_column][\/vc_column][\/vc_row][vc_row][vc_column][vc_raw_html]JTNDZGl2JTIwaWQlM0QlMjJzZWNvbmRfYnJlZCUyMiUyMGNsYXNzJTNEJTIyd2YtdGQlMjIlM0UlM0MlMkZkaXYlM0U=[\/vc_raw_html][\/vc_column][\/vc_row][vc_row rowtype=&#8221;fullw&#8221; textalign=&#8221;center&#8221;][vc_column][vc_empty_space][vc_column_text css_animation=&#8221;zoomIn&#8221;] Juridiska \u00f6vers\u00e4ttningstj\u00e4nster [\/vc_column_text][vc_empty_space][vc_row_inner][vc_column_inner][vc_column_text] Om och om igen har vi m\u00f6tt personer som inte f\u00f6rst\u00e5r varf\u00f6r de har debiterats det de har debiterats. Det g\u00f6r arbetet \u00e4nnu sv\u00e5rare eftersom s\u00e5dana klienter inte kan uppskatta behovet av den tj\u00e4nst de anv\u00e4nder sig av. N\u00e4r ni s\u00f6ker efter juridiska \u00f6vers\u00e4ttningstj\u00e4nster, s\u00e5 \u00e4r en av&hellip;<\/p>\n","protected":false},"author":1,"featured_media":33382,"parent":11110,"menu_order":0,"comment_status":"closed","ping_status":"closed","template":"","meta":{"_acf_changed":false,"footnotes":""},"class_list":["post-23281","page","type-page","status-publish","has-post-thumbnail","hentry","description-off"],"acf":[],"yoast_head":"<!-- This site is optimized with the Yoast SEO Premium plugin v26.5 (Yoast SEO v26.5) - https:\/\/yoast.com\/wordpress\/plugins\/seo\/ -->\n<title>Juridiska \u00f6vers\u00e4ttningstj\u00e4nster f\u00f6r dokument \u2013 NordicTrans<\/title>\n<meta name=\"description\" content=\"NordicTrans kan leverera h\u00f6gkvalitativa juridiska \u00f6vers\u00e4ttningstj\u00e4nster f\u00f6r alla dokument, fr\u00e5n och till 50 spr\u00e5k, snabbt och till ett \u00f6verkomligt pris.\" \/>\n<meta name=\"robots\" content=\"index, follow, max-snippet:-1, max-image-preview:large, max-video-preview:-1\" \/>\n<link rel=\"canonical\" href=\"https:\/\/www.nordictrans.com\/sv\/undustriinriktning\/juridiska-oversattningstjanster\/\" \/>\n<meta property=\"og:locale\" content=\"sv_SE\" \/>\n<meta property=\"og:type\" content=\"article\" \/>\n<meta property=\"og:title\" content=\"Juridiska \u00f6vers\u00e4ttningstj\u00e4nster\" \/>\n<meta property=\"og:description\" content=\"NordicTrans is always available to provide accurate legal translation services for businesses or for individuals at the lowest rates you can find online.\" \/>\n<meta property=\"og:url\" content=\"https:\/\/www.nordictrans.com\/sv\/undustriinriktning\/juridiska-oversattningstjanster\/\" \/>\n<meta property=\"og:site_name\" content=\"Nordictrans.com\" \/>\n<meta property=\"article:publisher\" content=\"https:\/\/www.facebook.com\/NordicTrans\" \/>\n<meta property=\"article:modified_time\" content=\"2018-02-08T14:32:22+00:00\" \/>\n<meta property=\"og:image\" content=\"https:\/\/www.nordictrans.com\/wp-content\/uploads\/2018\/05\/legal-translation-services.png\" \/>\n\t<meta property=\"og:image:width\" content=\"1903\" \/>\n\t<meta property=\"og:image:height\" content=\"670\" \/>\n\t<meta property=\"og:image:type\" content=\"image\/png\" \/>\n<meta name=\"twitter:card\" content=\"summary_large_image\" \/>\n<meta name=\"twitter:description\" content=\"JTNDZGl2JTIwaWQlM0QlMjJzZWNvbmRfYnJlZCUyMiUyMGNsYXNzJTNEJTIyd2YtdGQlMjIlM0UlM0MlMkZkaXYlM0U= Juridiska \u00f6vers\u00e4ttningstj\u00e4nster Om och om igen har vi m\u00f6tt\" \/>\n<meta name=\"twitter:site\" content=\"@NordicTrans\" \/>\n<meta name=\"twitter:label1\" content=\"Ber\u00e4knad l\u00e4stid\" \/>\n\t<meta name=\"twitter:data1\" content=\"5 minuter\" \/>\n<!-- \/ Yoast SEO Premium plugin. -->","yoast_head_json":{"title":"Juridiska \u00f6vers\u00e4ttningstj\u00e4nster f\u00f6r dokument \u2013 NordicTrans","description":"NordicTrans kan leverera h\u00f6gkvalitativa juridiska \u00f6vers\u00e4ttningstj\u00e4nster f\u00f6r alla dokument, fr\u00e5n och till 50 spr\u00e5k, snabbt och till ett \u00f6verkomligt pris.","robots":{"index":"index","follow":"follow","max-snippet":"max-snippet:-1","max-image-preview":"max-image-preview:large","max-video-preview":"max-video-preview:-1"},"canonical":"https:\/\/www.nordictrans.com\/sv\/undustriinriktning\/juridiska-oversattningstjanster\/","og_locale":"sv_SE","og_type":"article","og_title":"Juridiska \u00f6vers\u00e4ttningstj\u00e4nster","og_description":"NordicTrans is always available to provide accurate legal translation services for businesses or for individuals at the lowest rates you can find online.","og_url":"https:\/\/www.nordictrans.com\/sv\/undustriinriktning\/juridiska-oversattningstjanster\/","og_site_name":"Nordictrans.com","article_publisher":"https:\/\/www.facebook.com\/NordicTrans","article_modified_time":"2018-02-08T14:32:22+00:00","og_image":[{"width":1903,"height":670,"url":"https:\/\/www.nordictrans.com\/wp-content\/uploads\/2018\/05\/legal-translation-services.png","type":"image\/png"}],"twitter_card":"summary_large_image","twitter_description":"JTNDZGl2JTIwaWQlM0QlMjJzZWNvbmRfYnJlZCUyMiUyMGNsYXNzJTNEJTIyd2YtdGQlMjIlM0UlM0MlMkZkaXYlM0U= Juridiska \u00f6vers\u00e4ttningstj\u00e4nster Om och om igen har vi m\u00f6tt","twitter_site":"@NordicTrans","twitter_misc":{"Ber\u00e4knad l\u00e4stid":"5 minuter"},"schema":{"@context":"https:\/\/schema.org","@graph":[{"@type":"WebPage","@id":"https:\/\/www.nordictrans.com\/sv\/undustriinriktning\/juridiska-oversattningstjanster\/","url":"https:\/\/www.nordictrans.com\/sv\/undustriinriktning\/juridiska-oversattningstjanster\/","name":"Juridiska \u00f6vers\u00e4ttningstj\u00e4nster f\u00f6r dokument \u2013 NordicTrans","isPartOf":{"@id":"https:\/\/www.nordictrans.com\/sv\/#website"},"primaryImageOfPage":{"@id":"https:\/\/www.nordictrans.com\/sv\/undustriinriktning\/juridiska-oversattningstjanster\/#primaryimage"},"image":{"@id":"https:\/\/www.nordictrans.com\/sv\/undustriinriktning\/juridiska-oversattningstjanster\/#primaryimage"},"thumbnailUrl":"https:\/\/www.nordictrans.com\/wp-content\/uploads\/2018\/05\/legal-translation-services.png","datePublished":"2016-12-14T12:35:44+00:00","dateModified":"2018-02-08T14:32:22+00:00","description":"NordicTrans kan leverera h\u00f6gkvalitativa juridiska \u00f6vers\u00e4ttningstj\u00e4nster f\u00f6r alla dokument, fr\u00e5n och till 50 spr\u00e5k, snabbt och till ett \u00f6verkomligt pris.","breadcrumb":{"@id":"https:\/\/www.nordictrans.com\/sv\/undustriinriktning\/juridiska-oversattningstjanster\/#breadcrumb"},"inLanguage":"sv-SE","potentialAction":[{"@type":"ReadAction","target":["https:\/\/www.nordictrans.com\/sv\/undustriinriktning\/juridiska-oversattningstjanster\/"]}]},{"@type":"ImageObject","inLanguage":"sv-SE","@id":"https:\/\/www.nordictrans.com\/sv\/undustriinriktning\/juridiska-oversattningstjanster\/#primaryimage","url":"https:\/\/www.nordictrans.com\/wp-content\/uploads\/2018\/05\/legal-translation-services.png","contentUrl":"https:\/\/www.nordictrans.com\/wp-content\/uploads\/2018\/05\/legal-translation-services.png","width":1903,"height":670,"caption":"legal translation services"},{"@type":"BreadcrumbList","@id":"https:\/\/www.nordictrans.com\/sv\/undustriinriktning\/juridiska-oversattningstjanster\/#breadcrumb","itemListElement":[{"@type":"ListItem","position":1,"name":"Home","item":"https:\/\/www.nordictrans.com\/sv\/"},{"@type":"ListItem","position":2,"name":"Undustriinriktning","item":"https:\/\/www.nordictrans.com\/sv\/undustriinriktning\/"},{"@type":"ListItem","position":3,"name":"Juridiska \u00f6vers\u00e4ttningstj\u00e4nster"}]},{"@type":"WebSite","@id":"https:\/\/www.nordictrans.com\/sv\/#website","url":"https:\/\/www.nordictrans.com\/sv\/","name":"Nordictrans.com","description":"Translation Agency specialized in Nordic Languages","publisher":{"@id":"https:\/\/www.nordictrans.com\/sv\/#organization"},"potentialAction":[{"@type":"SearchAction","target":{"@type":"EntryPoint","urlTemplate":"https:\/\/www.nordictrans.com\/sv\/?s={search_term_string}"},"query-input":{"@type":"PropertyValueSpecification","valueRequired":true,"valueName":"search_term_string"}}],"inLanguage":"sv-SE"},{"@type":"Organization","@id":"https:\/\/www.nordictrans.com\/sv\/#organization","name":"NordicTrans","url":"https:\/\/www.nordictrans.com\/sv\/","logo":{"@type":"ImageObject","inLanguage":"sv-SE","@id":"https:\/\/www.nordictrans.com\/sv\/#\/schema\/logo\/image\/","url":"https:\/\/www.nordictrans.com\/wp-content\/uploads\/2015\/02\/logoNT.png","contentUrl":"https:\/\/www.nordictrans.com\/wp-content\/uploads\/2015\/02\/logoNT.png","width":272,"height":92,"caption":"NordicTrans"},"image":{"@id":"https:\/\/www.nordictrans.com\/sv\/#\/schema\/logo\/image\/"},"sameAs":["https:\/\/www.facebook.com\/NordicTrans","https:\/\/x.com\/NordicTrans","https:\/\/www.instagram.com\/NordictransUS","https:\/\/www.linkedin.com\/company\/nordictrans","https:\/\/www.pinterest.com\/nordictrans01","https:\/\/www.youtube.com\/c\/nordictrans"]}]}},"_links":{"self":[{"href":"https:\/\/www.nordictrans.com\/sv\/wp-json\/wp\/v2\/pages\/23281","targetHints":{"allow":["GET"]}}],"collection":[{"href":"https:\/\/www.nordictrans.com\/sv\/wp-json\/wp\/v2\/pages"}],"about":[{"href":"https:\/\/www.nordictrans.com\/sv\/wp-json\/wp\/v2\/types\/page"}],"author":[{"embeddable":true,"href":"https:\/\/www.nordictrans.com\/sv\/wp-json\/wp\/v2\/users\/1"}],"replies":[{"embeddable":true,"href":"https:\/\/www.nordictrans.com\/sv\/wp-json\/wp\/v2\/comments?post=23281"}],"version-history":[{"count":5,"href":"https:\/\/www.nordictrans.com\/sv\/wp-json\/wp\/v2\/pages\/23281\/revisions"}],"predecessor-version":[{"id":27011,"href":"https:\/\/www.nordictrans.com\/sv\/wp-json\/wp\/v2\/pages\/23281\/revisions\/27011"}],"up":[{"embeddable":true,"href":"https:\/\/www.nordictrans.com\/sv\/wp-json\/wp\/v2\/pages\/11110"}],"wp:featuredmedia":[{"embeddable":true,"href":"https:\/\/www.nordictrans.com\/sv\/wp-json\/wp\/v2\/media\/33382"}],"wp:attachment":[{"href":"https:\/\/www.nordictrans.com\/sv\/wp-json\/wp\/v2\/media?parent=23281"}],"curies":[{"name":"wp","href":"https:\/\/api.w.org\/{rel}","templated":true}]}}