{"id":11634,"date":"2011-09-15T03:40:21","date_gmt":"2011-09-15T03:40:21","guid":{"rendered":"http:\/\/dev.nordictrans.com\/contact\/"},"modified":"2020-06-29T10:26:30","modified_gmt":"2020-06-29T10:26:30","slug":"kontakta","status":"publish","type":"page","link":"https:\/\/www.nordictrans.com\/sv\/kontakta\/","title":{"rendered":"Kontakta"},"content":{"rendered":"<div class=\"wpb-content-wrapper\"><p>[vc_row rowtype=&#8221;fullwnc&#8221;][vc_column]\n\t\t\t<!-- START Contact Us REVOLUTION SLIDER 6.6.16 --><p class=\"rs-p-wp-fix\"><\/p>\n\t\t\t<rs-module-wrap id=\"rev_slider_33_1_wrapper\" data-source=\"gallery\" style=\"visibility:hidden;background:transparent;padding:0;margin:0px auto;margin-top:0;margin-bottom:0;\">\n\t\t\t\t<rs-module id=\"rev_slider_33_1\" style=\"\" data-version=\"6.6.16\">\n\t\t\t\t\t<rs-slides style=\"overflow: hidden; position: absolute;\">\n\t\t\t\t\t\t<rs-slide style=\"position: absolute;\" data-key=\"rs-37\" data-title=\"Slide\" data-anim=\"adpr:false;\" data-in=\"o:0;\" data-out=\"a:false;\">\n\t\t\t\t\t\t\t<img decoding=\"async\" src=\"\/\/www.nordictrans.com\/wp-content\/plugins\/revslider\/public\/assets\/assets\/dummy.png\" alt=\"\" title=\"Kontakta\" class=\"rev-slidebg tp-rs-img rs-lazyload\" data-lazyload=\"\/\/www.nordictrans.com\/wp-content\/uploads\/2018\/06\/translation-company-in-uk-and-us.png\" data-parallax=\"15\" data-no-retina>\n<!--\n\t\t\t\t\t\t\t--><rs-layer\n\t\t\t\t\t\t\t\tid=\"slider-33-slide-37-layer-0\" \n\t\t\t\t\t\t\t\tdata-type=\"text\"\n\t\t\t\t\t\t\t\tdata-color=\"#fff\"\n\t\t\t\t\t\t\t\tdata-rsp_ch=\"on\"\n\t\t\t\t\t\t\t\tdata-xy=\"xo:394px,325px,246px,151px;yo:229px,189px,143px,88px;\"\n\t\t\t\t\t\t\t\tdata-text=\"w:normal;s:40,33,25,15;l:50,41,31,19;fw:900;\"\n\t\t\t\t\t\t\t\tdata-dim=\"minh:0px,none,none,none;\"\n\t\t\t\t\t\t\t\tdata-frame_999=\"o:0;st:w;\"\n\t\t\t\t\t\t\t\tstyle=\"z-index:5;font-family:'Roboto';text-transform:uppercase;\"\n\t\t\t\t\t\t\t>CONTACT US \n\t\t\t\t\t\t\t<\/rs-layer><!--\n-->\t\t\t\t\t\t<\/rs-slide>\n\t\t\t\t\t<\/rs-slides>\n\t\t\t\t<\/rs-module>\n\t\t\t\t<script>\n\t\t\t\t\tsetREVStartSize({c: 'rev_slider_33_1',rl:[1240,1024,778,480],el:[655,600,500,400],gw:[1240,1024,778,480],gh:[655,600,500,400],type:'hero',justify:'',layout:'fullwidth',mh:\"0\"});if (window.RS_MODULES!==undefined && window.RS_MODULES.modules!==undefined && window.RS_MODULES.modules[\"revslider331\"]!==undefined) {window.RS_MODULES.modules[\"revslider331\"].once = false;window.revapi33 = undefined;if (window.RS_MODULES.checkMinimal!==undefined) window.RS_MODULES.checkMinimal()}\n\t\t\t\t<\/script>\n\t\t\t<\/rs-module-wrap>\n\t\t\t<!-- END REVOLUTION SLIDER -->\n[\/vc_column][\/vc_row][vc_row rowtype=&#8221;fullwnc&#8221;][vc_column][vc_raw_html]JTNDZGl2JTIwaWQlM0QlMjJzZWNvbmRfYnJlZCUyMiUyMGNsYXNzJTNEJTIyd2YtdGQlMjIlM0UlM0MlMkZkaXYlM0U=[\/vc_raw_html][\/vc_column][\/vc_row][vc_row type=&#8221;vc_default&#8221; full_width=&#8221;stretch_row_content_no_spaces&#8221; content_placement=&#8221;top&#8221; full_width_row=&#8221;true&#8221; el_class=&#8221;google-map-wrap&#8221;][vc_column][vc_column_text el_class=&#8221;google-map&#8221;]<\/p>\n<p style=\"text-align: center;\"><div id=\"wpgmza_map\" class=\"wpgmza_map\" data-settings='{\"id\":\"1\",\"map_title\":\"Our Offices\",\"map_width\":\"100\",\"map_height\":\"400\",\"map_start_lat\":\"47.760735\",\"map_start_lng\":\"-50.869035\",\"map_start_location\":\"47.76073545358378,-50.869035193242475\",\"map_start_zoom\":\"3\",\"default_marker\":\"0\",\"type\":\"3\",\"alignment\":\"2\",\"directions_enabled\":\"1\",\"styling_enabled\":\"0\",\"styling_json\":\"\",\"active\":\"0\",\"kml\":\"\",\"bicycle\":\"0\",\"traffic\":\"0\",\"dbox\":\"1\",\"dbox_width\":\"250\",\"listmarkers\":\"0\",\"listmarkers_advanced\":\"0\",\"filterbycat\":\"0\",\"ugm_enabled\":\"0\",\"ugm_category_enabled\":\"0\",\"fusion\":\"\",\"map_width_type\":\"\\\\%\",\"map_height_type\":\"px\",\"mass_marker_support\":\"1\",\"ugm_access\":\"0\",\"order_markers_by\":\"1\",\"order_markers_choice\":\"2\",\"show_user_location\":\"0\",\"default_to\":\"\",\"other_settings\":{\"store_locator_enabled\":2,\"store_locator_distance\":2,\"store_locator_default_radius\":\"10\",\"store_locator_not_found_message\":\"No results found in this location. Please try again.\",\"store_locator_bounce\":1,\"store_locator_query_string\":\"ZIP \\\/ Address:\",\"store_locator_default_address\":\"\",\"wpgmza_store_locator_restrict\":\"\",\"store_locator_style\":\"legacy\",\"wpgmza_store_locator_radius_style\":\"legacy\",\"map_max_zoom\":\"1\",\"transport_layer\":0,\"wpgmza_show_points_of_interest\":0,\"bicycle\":\"0\",\"traffic\":\"0\"}}' data-map-id='1' Data-maps-engine='google-maps' data-shortcode-attributes='{\"id\":\"1\"}' style=\"display:block; overflow:auto; width:100%; height:400px; float:left;\"><\/div>\n<p>[\/vc_column_text][\/vc_column][\/vc_row][vc_row margin_bottom=&#8221;0px&#8221; rowtype=&#8221;fullw&#8221;][vc_column width=&#8221;2\/3&#8243; animation=&#8221;fadeInLeft&#8221; enable_animation=&#8221;true&#8221;][vc_empty_space height=&#8221;50&#8243;][vc_column_text]Kom i kontakt med oss genom att anv\u00e4nda formul\u00e4ret nedan. Du kan \u00e4ven ringa eller chatta med oss genom att anv\u00e4nda v\u00e5r livechatt. Du kan kontakta oss n\u00e4r som helst, dag eller natt spelar ingen roll, d\u00e5 vi arbetar 24 timmar om dygnet, sju dagar i veckan.<\/p>\n<p><p class=\"wpcf7-contact-form-not-found\"><strong>Fel:<\/strong> Kontaktformul\u00e4r hittades inte.<\/p>[\/vc_column_text][\/vc_column][vc_column width=&#8221;1\/3&#8243;][vc_column_text css_animation=&#8221;left-to-right&#8221;]<\/p>\n<h3 style=\"text-align: center;\">Vi finns h\u00e4r f\u00f6r att hj\u00e4lpa till. Ring oss!<\/h3>\n<p><img decoding=\"async\" class=\"aligncenter wp-image-3216 \" src=\"https:\/\/www.nordictrans.com\/wp-content\/uploads\/2011\/09\/foto_modelo1-3.png\" alt=\"\u00d6vers\u00e4ttningsf\u00f6retag i UK och USA\" width=\"296\" height=\"244\" srcset=\"https:\/\/www.nordictrans.com\/wp-content\/uploads\/2011\/09\/foto_modelo1-3.png 400w, https:\/\/www.nordictrans.com\/wp-content\/uploads\/2011\/09\/foto_modelo1-3-300x248.png 300w, https:\/\/www.nordictrans.com\/wp-content\/uploads\/2011\/09\/foto_modelo1-3-250x206.png 250w, https:\/\/www.nordictrans.com\/wp-content\/uploads\/2011\/09\/foto_modelo1-3-364x300.png 364w\" sizes=\"(max-width: 296px) 100vw, 296px\" \/>[\/vc_column_text][vc_row_inner][vc_column_inner width=&#8221;1\/2&#8243;][vc_single_image image=&#8221;25384&#8243; img_size=&#8221;&#8221;][vc_column_text]<span style=\"color: #2c5a85;\"><strong>\u00d6vers\u00e4ttningsf\u00f6retag i USA:<\/strong><\/span><br \/>\n<span style=\"color: #2c5a85;\">2332 Galiano Street<br \/>\n2nd Floor<br \/>\nCoral Gables, FL<br \/>\n33134<\/span><br \/>\n<span style=\"color: #2c5a85;\">United States<\/span><\/p>\n<p><span style=\"color: #2c5a85;\"><strong>Phone<\/strong><br \/>\n+1-786-539-4774<br \/>\n<\/span><\/p>\n<p><span style=\"color: #2c5a85;\"><strong>Email<\/strong><br \/>\nmiami@nordictrans.com<br \/>\n<\/span>[\/vc_column_text][\/vc_column_inner][vc_column_inner width=&#8221;1\/2&#8243;][vc_single_image image=&#8221;25392&#8243; img_size=&#8221;&#8221;][vc_column_text]<span style=\"color: #2c5a85;\"><strong>\u00d6vers\u00e4ttningsf\u00f6retag i UK:<\/strong><\/span><br \/>\n<span style=\"color: #2c5a85;\"> 4200 Waterside Centre<\/span><br \/>\n<span style=\"color: #2c5a85;\"> Solihull Parkway<\/span><br \/>\n<span style=\"color: #2c5a85;\"> Birmingham<\/span><br \/>\n<span style=\"color: #2c5a85;\"> B37 7YN<\/span><br \/>\n<span style=\"color: #2c5a85;\"> United Kingdom<\/span><\/p>\n<p><span style=\"color: #2c5a85;\"><strong>Phone:<\/strong><\/span><br \/>\n<span style=\"color: #2c5a85;\">+44-121-31-482-53<\/span><\/p>\n<p><span style=\"color: #2c5a85;\"><strong>Email<\/strong><br \/>\nbirmingham@nordictrans.com<br \/>\n<\/span>[\/vc_column_text][\/vc_column_inner][\/vc_row_inner][vc_column_text]<\/p>\n<p style=\"text-align: center;\"><span style=\"color: #2c5a85;\"><strong>Email:<\/strong><\/span><br \/>\n<span style=\"color: #2c5a85;\"> info@nordictrans.com<strong><br \/>\n<\/strong><\/span><\/p>\n<p>[\/vc_column_text][\/vc_column][\/vc_row][vc_row margin_bottom=&#8221;0px&#8221; rowtype=&#8221;fullwnc&#8221;][vc_column][vc_separator][vc_column_text]<\/p>\n<h1 style=\"text-align: center;\"><span style=\"color: #2c5a85;\">\u00d6vers\u00e4ttningsf\u00f6retag i UK och USA<\/span><\/h1>\n<p>[\/vc_column_text][\/vc_column][\/vc_row][vc_row][vc_column width=&#8221;1\/4&#8243;][vc_single_image image=&#8221;25401&#8243; img_size=&#8221;&#8221; css_animation=&#8221;fadeInLeft&#8221;][\/vc_column][vc_column width=&#8221;3\/4&#8243;][vc_column_text css_animation=&#8221;fadeInRight&#8221;]<strong>NordicTrans \u00e4r ett \u00f6vers\u00e4ttningsf\u00f6retag som finns i UK och USA. Vi \u00e4r specialiserade p\u00e5 de nordiska spr\u00e5ken.<\/strong> V\u00e5ra professionella \u00f6vers\u00e4ttare in-house \u00e4r kvalificerade f\u00f6r att \u00f6vers\u00e4tta olika typer av dokument fr\u00e5n och till danska, holl\u00e4ndska, svenska, finska, norska, isl\u00e4ndska och tyska men vi har \u00e4ven 80 andra spr\u00e5k som ing\u00e5r i v\u00e5r \u00f6vers\u00e4ttningsverksamhet.<\/p>\n<p>V\u00e5rt \u00f6vers\u00e4ttningskontor i Birmingham \u00e4r \u00f6ppen dygnet runt samt helger. Det finns alltid en projektledare tillg\u00e4nglig f\u00f6r att hj\u00e4lpa dig med alla dokument, fr\u00e5n och till alla spr\u00e5k, och detta oavsett vilken typ av dokument det handlar om: fr\u00e5n aff\u00e4rsdokument till medicinska, juridiska och tekniska, vi g\u00f6r det snabbt och vi g\u00f6r det till ett \u00f6verkomligt pris.<\/p>\n<p>V\u00e5ra kunder \u00e4r v\u00e5r b\u00e4sta tillg\u00e5ng; d\u00e4rf\u00f6r str\u00e4var vi alltid efter att g\u00f6ra v\u00e5ra kunder n\u00f6jda med deras \u00f6vers\u00e4ttningar, oavsett om det \u00e4r ett stort eller litet projekt. Det kommer alltid att finnas en inf\u00f6dd professionell \u00f6vers\u00e4ttare p\u00e5 just ditt m\u00e5lspr\u00e5k som dessutom \u00e4r specialiserad inom ditt omr\u00e5de eller bransch. D\u00e4refter tar ytterligare en professionell lingvist \u00f6ver f\u00f6r att korrekturl\u00e4sa och redigera din \u00f6vers\u00e4ttning. Slutligen tar v\u00e5rt kvalitetsteam \u00f6ver och g\u00f6r en sista kontroll av ditt dokument samt bifogar en slutlig kvalitetsrapport n\u00e4r ditt dokument \u00e4r f\u00e4rdigst\u00e4llt.<\/p>\n<p>Vi har nyligen \u00f6ppnat ytterligare ett kontor i USA d\u00e4r vi kan erbjuda certifierade \u00f6vers\u00e4ttningar f\u00f6r immigranter i USA. V\u00e5rt \u00f6vers\u00e4ttningskontor i Miami tillhandah\u00e5ller certifierade \u00f6vers\u00e4ttningar f\u00f6r endast $20 per sida. V\u00e5ra \u00f6vers\u00e4ttningar \u00e4r \u00e4ven 100% godk\u00e4nda av USCIS. Vi kan \u00e4ven erbjuda notarieregistrerade samt auktoriserade \u00f6vers\u00e4ttningar (attesterade \u00f6vers\u00e4ttningar) inom USA.<\/p>\n<p>V\u00e5r personal arbetar i treskift f\u00f6r att vi s\u00e5 snabbt som m\u00f6jligt ska kunna besvara dina fr\u00e5gor och funderingar kring din \u00f6vers\u00e4ttning. Du \u00e4r v\u00e4lkommen att <a href=\"https:\/\/www.nordictrans.com\/chat-popup\/\" target=\"_blank\" rel=\"noopener noreferrer\">chatta med oss live<\/a> n\u00e4r som helst om du har funderingar kring en \u00f6vers\u00e4ttning eller f\u00f6r att g\u00f6ra en prisf\u00f6rfr\u00e5gan \u2013 vi lovar att du kommer f\u00e5 svar inom n\u00e5gra minuter![\/vc_column_text][\/vc_column][\/vc_row][vc_row type=&#8221;3&#8243; margin_bottom=&#8221;0px&#8221; full_width_row=&#8221;true&#8221; rowtype=&#8221;fullw&#8221; textalign=&#8221;center&#8221; padding=&#8221;30px 0px&#8221; css=&#8221;.vc_custom_1478830295833{margin-bottom: 0px !important;padding-top: 30px !important;padding-right: 0px !important;padding-bottom: 30px !important;padding-left: 0px !important;background-color: #ccffcc !important;}&#8221; el_class=&#8221;live-contact-btn-wrap&#8221;][vc_column][vc_cta h2=&#8221;&#8221; txt_align=&#8221;center&#8221; style=&#8221;custom&#8221; add_button=&#8221;right&#8221; btn_title=&#8221;LIVEKONTAKT&#8221; btn_style=&#8221;custom&#8221; btn_custom_background=&#8221;#ffffff&#8221; btn_custom_text=&#8221;#2a4a8f&#8221; btn_shape=&#8221;round&#8221; btn_align=&#8221;center&#8221; btn_button_block=&#8221;true&#8221; btn_link=&#8221;url:https%3A%2F%2Fwww.nordictrans.com%2Fchat-popup%2F|||&#8221; el_class=&#8221;live-contact-btn&#8221; custom_background=&#8221;rgba(255,255,255,0.01)&#8221; custom_text=&#8221;#2c5a85&#8243;]<\/p>\n<h3 style=\"font-size: 28px; line-height: 40px;\">\u00c4r du redo? D\u00e5 b\u00f6rjar vi:<\/h3>\n<p>[\/vc_cta][\/vc_column][\/vc_row]<\/p>\n<\/div>","protected":false},"excerpt":{"rendered":"<p>[vc_row rowtype=&#8221;fullwnc&#8221;][vc_column][\/vc_column][\/vc_row][vc_row rowtype=&#8221;fullwnc&#8221;][vc_column][vc_raw_html]JTNDZGl2JTIwaWQlM0QlMjJzZWNvbmRfYnJlZCUyMiUyMGNsYXNzJTNEJTIyd2YtdGQlMjIlM0UlM0MlMkZkaXYlM0U=[\/vc_raw_html][\/vc_column][\/vc_row][vc_row type=&#8221;vc_default&#8221; full_width=&#8221;stretch_row_content_no_spaces&#8221; content_placement=&#8221;top&#8221; full_width_row=&#8221;true&#8221; el_class=&#8221;google-map-wrap&#8221;][vc_column][vc_column_text el_class=&#8221;google-map&#8221;] [\/vc_column_text][\/vc_column][\/vc_row][vc_row margin_bottom=&#8221;0px&#8221; rowtype=&#8221;fullw&#8221;][vc_column width=&#8221;2\/3&#8243; animation=&#8221;fadeInLeft&#8221; enable_animation=&#8221;true&#8221;][vc_empty_space height=&#8221;50&#8243;][vc_column_text]Kom i kontakt med oss genom att anv\u00e4nda formul\u00e4ret nedan. Du kan \u00e4ven ringa eller chatta med oss genom att anv\u00e4nda v\u00e5r livechatt. Du kan kontakta oss n\u00e4r som helst, dag eller natt spelar ingen roll, d\u00e5 vi arbetar 24&hellip;<\/p>\n","protected":false},"author":1,"featured_media":26318,"parent":0,"menu_order":0,"comment_status":"closed","ping_status":"closed","template":"","meta":{"_acf_changed":false,"footnotes":""},"class_list":["post-11634","page","type-page","status-publish","has-post-thumbnail","hentry","description-off"],"acf":[],"yoast_head":"<!-- This site is optimized with the Yoast SEO Premium plugin v26.5 (Yoast SEO v26.5) - https:\/\/yoast.com\/wordpress\/plugins\/seo\/ -->\n<title>Kontakta oss - \u00f6vers\u00e4ttningsf\u00f6retag i UK och USA \u00f6ppet 24\/7<\/title>\n<meta name=\"description\" content=\"NordicTrans \u00e4r ett \u00f6vers\u00e4ttningsf\u00f6retag i UK och USA \u00f6ppet 24\/7 som tillhandah\u00e5ller \u00f6vers\u00e4ttningar av h\u00f6g kvalit\u00e9 till l\u00e5ga priser!\" \/>\n<meta name=\"robots\" content=\"index, follow, max-snippet:-1, max-image-preview:large, max-video-preview:-1\" \/>\n<link rel=\"canonical\" href=\"https:\/\/www.nordictrans.com\/sv\/kontakta\/\" \/>\n<meta property=\"og:locale\" content=\"sv_SE\" \/>\n<meta property=\"og:type\" content=\"article\" \/>\n<meta property=\"og:title\" content=\"Kontakta\" \/>\n<meta property=\"og:description\" content=\"NordicTrans is a leading UK and US translation company which provides accurate translation services for business ad for immigration at affordable rates.\" \/>\n<meta property=\"og:url\" content=\"https:\/\/www.nordictrans.com\/sv\/kontakta\/\" \/>\n<meta property=\"og:site_name\" content=\"Nordictrans.com\" \/>\n<meta property=\"article:publisher\" content=\"https:\/\/www.facebook.com\/NordicTrans\" \/>\n<meta property=\"article:modified_time\" content=\"2020-06-29T10:26:30+00:00\" \/>\n<meta property=\"og:image\" content=\"https:\/\/www.nordictrans.com\/wp-content\/uploads\/2016\/11\/call-us-new.jpg\" \/>\n\t<meta property=\"og:image:width\" content=\"1903\" \/>\n\t<meta property=\"og:image:height\" content=\"670\" \/>\n\t<meta property=\"og:image:type\" content=\"image\/jpeg\" \/>\n<meta name=\"twitter:card\" content=\"summary_large_image\" \/>\n<meta name=\"twitter:description\" content=\"JTNDZGl2JTIwaWQlM0QlMjJzZWNvbmRfYnJlZCUyMiUyMGNsYXNzJTNEJTIyd2YtdGQlMjIlM0UlM0MlMkZkaXYlM0U= Kom i kontakt med oss genom att anv\u00e4nda formul\u00e4ret nedan. Du\" \/>\n<meta name=\"twitter:site\" content=\"@NordicTrans\" \/>\n<meta name=\"twitter:label1\" content=\"Ber\u00e4knad l\u00e4stid\" \/>\n\t<meta name=\"twitter:data1\" content=\"4 minuter\" \/>\n<!-- \/ Yoast SEO Premium plugin. -->","yoast_head_json":{"title":"Kontakta oss - \u00f6vers\u00e4ttningsf\u00f6retag i UK och USA \u00f6ppet 24\/7","description":"NordicTrans \u00e4r ett \u00f6vers\u00e4ttningsf\u00f6retag i UK och USA \u00f6ppet 24\/7 som tillhandah\u00e5ller \u00f6vers\u00e4ttningar av h\u00f6g kvalit\u00e9 till l\u00e5ga priser!","robots":{"index":"index","follow":"follow","max-snippet":"max-snippet:-1","max-image-preview":"max-image-preview:large","max-video-preview":"max-video-preview:-1"},"canonical":"https:\/\/www.nordictrans.com\/sv\/kontakta\/","og_locale":"sv_SE","og_type":"article","og_title":"Kontakta","og_description":"NordicTrans is a leading UK and US translation company which provides accurate translation services for business ad for immigration at affordable rates.","og_url":"https:\/\/www.nordictrans.com\/sv\/kontakta\/","og_site_name":"Nordictrans.com","article_publisher":"https:\/\/www.facebook.com\/NordicTrans","article_modified_time":"2020-06-29T10:26:30+00:00","og_image":[{"width":1903,"height":670,"url":"https:\/\/www.nordictrans.com\/wp-content\/uploads\/2016\/11\/call-us-new.jpg","type":"image\/jpeg"}],"twitter_card":"summary_large_image","twitter_description":"JTNDZGl2JTIwaWQlM0QlMjJzZWNvbmRfYnJlZCUyMiUyMGNsYXNzJTNEJTIyd2YtdGQlMjIlM0UlM0MlMkZkaXYlM0U= Kom i kontakt med oss genom att anv\u00e4nda formul\u00e4ret nedan. Du","twitter_site":"@NordicTrans","twitter_misc":{"Ber\u00e4knad l\u00e4stid":"4 minuter"},"schema":{"@context":"https:\/\/schema.org","@graph":[{"@type":"WebPage","@id":"https:\/\/www.nordictrans.com\/sv\/kontakta\/","url":"https:\/\/www.nordictrans.com\/sv\/kontakta\/","name":"Kontakta oss - \u00f6vers\u00e4ttningsf\u00f6retag i UK och USA \u00f6ppet 24\/7","isPartOf":{"@id":"https:\/\/www.nordictrans.com\/sv\/#website"},"primaryImageOfPage":{"@id":"https:\/\/www.nordictrans.com\/sv\/kontakta\/#primaryimage"},"image":{"@id":"https:\/\/www.nordictrans.com\/sv\/kontakta\/#primaryimage"},"thumbnailUrl":"https:\/\/www.nordictrans.com\/wp-content\/uploads\/2016\/11\/call-us-new.jpg","datePublished":"2011-09-15T03:40:21+00:00","dateModified":"2020-06-29T10:26:30+00:00","description":"NordicTrans \u00e4r ett \u00f6vers\u00e4ttningsf\u00f6retag i UK och USA \u00f6ppet 24\/7 som tillhandah\u00e5ller \u00f6vers\u00e4ttningar av h\u00f6g kvalit\u00e9 till l\u00e5ga priser!","breadcrumb":{"@id":"https:\/\/www.nordictrans.com\/sv\/kontakta\/#breadcrumb"},"inLanguage":"sv-SE","potentialAction":[{"@type":"ReadAction","target":["https:\/\/www.nordictrans.com\/sv\/kontakta\/"]}]},{"@type":"ImageObject","inLanguage":"sv-SE","@id":"https:\/\/www.nordictrans.com\/sv\/kontakta\/#primaryimage","url":"https:\/\/www.nordictrans.com\/wp-content\/uploads\/2016\/11\/call-us-new.jpg","contentUrl":"https:\/\/www.nordictrans.com\/wp-content\/uploads\/2016\/11\/call-us-new.jpg","width":1903,"height":670},{"@type":"BreadcrumbList","@id":"https:\/\/www.nordictrans.com\/sv\/kontakta\/#breadcrumb","itemListElement":[{"@type":"ListItem","position":1,"name":"Home","item":"https:\/\/www.nordictrans.com\/sv\/"},{"@type":"ListItem","position":2,"name":"Kontakta"}]},{"@type":"WebSite","@id":"https:\/\/www.nordictrans.com\/sv\/#website","url":"https:\/\/www.nordictrans.com\/sv\/","name":"Nordictrans.com","description":"Translation Agency specialized in Nordic Languages","publisher":{"@id":"https:\/\/www.nordictrans.com\/sv\/#organization"},"potentialAction":[{"@type":"SearchAction","target":{"@type":"EntryPoint","urlTemplate":"https:\/\/www.nordictrans.com\/sv\/?s={search_term_string}"},"query-input":{"@type":"PropertyValueSpecification","valueRequired":true,"valueName":"search_term_string"}}],"inLanguage":"sv-SE"},{"@type":"Organization","@id":"https:\/\/www.nordictrans.com\/sv\/#organization","name":"NordicTrans","url":"https:\/\/www.nordictrans.com\/sv\/","logo":{"@type":"ImageObject","inLanguage":"sv-SE","@id":"https:\/\/www.nordictrans.com\/sv\/#\/schema\/logo\/image\/","url":"https:\/\/www.nordictrans.com\/wp-content\/uploads\/2015\/02\/logoNT.png","contentUrl":"https:\/\/www.nordictrans.com\/wp-content\/uploads\/2015\/02\/logoNT.png","width":272,"height":92,"caption":"NordicTrans"},"image":{"@id":"https:\/\/www.nordictrans.com\/sv\/#\/schema\/logo\/image\/"},"sameAs":["https:\/\/www.facebook.com\/NordicTrans","https:\/\/x.com\/NordicTrans","https:\/\/www.instagram.com\/NordictransUS","https:\/\/www.linkedin.com\/company\/nordictrans","https:\/\/www.pinterest.com\/nordictrans01","https:\/\/www.youtube.com\/c\/nordictrans"]}]}},"_links":{"self":[{"href":"https:\/\/www.nordictrans.com\/sv\/wp-json\/wp\/v2\/pages\/11634","targetHints":{"allow":["GET"]}}],"collection":[{"href":"https:\/\/www.nordictrans.com\/sv\/wp-json\/wp\/v2\/pages"}],"about":[{"href":"https:\/\/www.nordictrans.com\/sv\/wp-json\/wp\/v2\/types\/page"}],"author":[{"embeddable":true,"href":"https:\/\/www.nordictrans.com\/sv\/wp-json\/wp\/v2\/users\/1"}],"replies":[{"embeddable":true,"href":"https:\/\/www.nordictrans.com\/sv\/wp-json\/wp\/v2\/comments?post=11634"}],"version-history":[{"count":5,"href":"https:\/\/www.nordictrans.com\/sv\/wp-json\/wp\/v2\/pages\/11634\/revisions"}],"predecessor-version":[{"id":48863,"href":"https:\/\/www.nordictrans.com\/sv\/wp-json\/wp\/v2\/pages\/11634\/revisions\/48863"}],"wp:featuredmedia":[{"embeddable":true,"href":"https:\/\/www.nordictrans.com\/sv\/wp-json\/wp\/v2\/media\/26318"}],"wp:attachment":[{"href":"https:\/\/www.nordictrans.com\/sv\/wp-json\/wp\/v2\/media?parent=11634"}],"curies":[{"name":"wp","href":"https:\/\/api.w.org\/{rel}","templated":true}]}}