{"id":11477,"date":"2011-09-15T03:41:36","date_gmt":"2011-09-15T03:41:36","guid":{"rendered":"http:\/\/dev.nordictrans.com\/prices\/"},"modified":"2020-06-29T10:28:46","modified_gmt":"2020-06-29T10:28:46","slug":"pris-2","status":"publish","type":"page","link":"https:\/\/www.nordictrans.com\/sv\/pris-2\/","title":{"rendered":"Pris"},"content":{"rendered":"<div class=\"wpb-content-wrapper\"><p>[vc_row][vc_column]\n\t\t\t<!-- START Pricing Slider REVOLUTION SLIDER 6.6.16 --><p class=\"rs-p-wp-fix\"><\/p>\n\t\t\t<rs-module-wrap id=\"rev_slider_17_1_wrapper\" data-source=\"gallery\" style=\"visibility:hidden;background:transparent;padding:0;margin:0px auto;margin-top:0;margin-bottom:0;\">\n\t\t\t\t<rs-module id=\"rev_slider_17_1\" style=\"\" data-version=\"6.6.16\">\n\t\t\t\t\t<rs-slides style=\"overflow: hidden; position: absolute;\">\n\t\t\t\t\t\t<rs-slide style=\"position: absolute;\" data-key=\"rs-93\" data-title=\"Slide\" data-anim=\"adpr:false;\">\n\t\t\t\t\t\t\t<img decoding=\"async\" src=\"\/\/www.nordictrans.com\/wp-content\/plugins\/revslider\/public\/assets\/assets\/dummy.png\" alt=\"\" title=\"Pris\" class=\"rev-slidebg tp-rs-img rs-lazyload\" data-lazyload=\"\/\/www.nordictrans.com\/wp-content\/uploads\/2016\/11\/make-money-online.jpg\" data-parallax=\"15\" data-no-retina>\n<!--\n\t\t\t\t\t\t\t--><rs-layer\n\t\t\t\t\t\t\t\tid=\"slider-17-slide-93-layer-1\" \n\t\t\t\t\t\t\t\tdata-type=\"text\"\n\t\t\t\t\t\t\t\tdata-color=\"rgba(255,255,255,1)\"\n\t\t\t\t\t\t\t\tdata-rsp_ch=\"on\"\n\t\t\t\t\t\t\t\tdata-xy=\"x:c;xo:-2px,0,0,0;y:m;yo:1px,0,0,0;\"\n\t\t\t\t\t\t\t\tdata-text=\"s:35,35,30,24;l:40,40,35,24;fw:400,700,700,700;a:center;\"\n\t\t\t\t\t\t\t\tdata-frame_0=\"tp:600;\"\n\t\t\t\t\t\t\t\tdata-frame_1=\"tp:600;st:0;\"\n\t\t\t\t\t\t\t\tdata-frame_999=\"o:0;tp:600;st:w;sR:8699.99969482;\"\n\t\t\t\t\t\t\t\tstyle=\"z-index:5;font-family:'Roboto Slab';opacity:0.6;\"\n\t\t\t\t\t\t\t>\nVi \u00e4r det enda \u00f6vers\u00e4ttningsf\u00f6retaget<br\/> p\u00e5 jorden som kan erbjuda<br\/> dig det b\u00e4sta priset<br\/> f\u00f6r nordiska spr\u00e5k. \n\t\t\t\t\t\t\t<\/rs-layer><!--\n-->\t\t\t\t\t\t<\/rs-slide>\n\t\t\t\t\t<\/rs-slides>\n\t\t\t\t<\/rs-module>\n\t\t\t\t<script>\n\t\t\t\t\tsetREVStartSize({c: 'rev_slider_17_1',rl:[1240,1024,778,480],el:[655,600,500,400],gw:[1240,1024,778,480],gh:[655,600,500,400],type:'hero',justify:'',layout:'fullwidth',mh:\"0\"});if (window.RS_MODULES!==undefined && window.RS_MODULES.modules!==undefined && window.RS_MODULES.modules[\"revslider171\"]!==undefined) {window.RS_MODULES.modules[\"revslider171\"].once = false;window.revapi17 = undefined;if (window.RS_MODULES.checkMinimal!==undefined) window.RS_MODULES.checkMinimal()}\n\t\t\t\t<\/script>\n\t\t\t<\/rs-module-wrap>\n\t\t\t<!-- END REVOLUTION SLIDER -->\n[\/vc_column][\/vc_row][vc_row][vc_column][vc_raw_html]JTNDZGl2JTIwaWQlM0QlMjJzZWNvbmRfYnJlZCUyMiUyMGNsYXNzJTNEJTIyd2YtdGQlMjIlM0UlM0MlMkZkaXYlM0U=[\/vc_raw_html][\/vc_column][\/vc_row][vc_row margin_bottom=&#8221;0px&#8221; textalign=&#8221;center&#8221; padding=&#8221;50px 0px 30px&#8221;][vc_column][vc_empty_space][vc_column_text]<\/p>\n<h1 style=\"text-align: center; color: #2c5a85;\">\u00d6vers\u00e4ttningspriser \u2013 hur ni kan kapa era \u00f6vers\u00e4ttningskostnader<\/h1>\n<p>[\/vc_column_text][vc_empty_space][vc_column_text css_animation=&#8221;appear&#8221;]<\/p>\n<p style=\"text-align: center;\">Vi tar betalt baserat p\u00e5 det totala antalet ord I ett dokument, pdf-text eller html-text eller vilket format du \u00e4n har.<\/p>\n<p>[\/vc_column_text][vc_empty_space][vc_row_inner][vc_column_inner width=&#8221;1\/3&#8243;][vc_icon icon_fontawesome=&#8221;fa fa-scissors&#8221; color=&#8221;custom&#8221; background_style=&#8221;rounded&#8221; background_color=&#8221;blue&#8221; size=&#8221;lg&#8221; align=&#8221;center&#8221; css_animation=&#8221;left-to-right&#8221; custom_color=&#8221;#ccffcc&#8221;][vc_empty_space][vc_column_text css_animation=&#8221;bounceInLeft&#8221;]<\/p>\n<h3 style=\"text-align: center;\">Vi erbjuder \u00e4ven<\/h3>\n<div class=\"inner\">\n<p style=\"text-align: center;\"><strong>rabatt p\u00e5 Paketl\u00f6sningar \u2013 t.ex. Trados<\/strong><br \/>\n<strong> eller<\/strong><br \/>\n<strong> \u00f6vers\u00e4ttningar av stora textvolymer<\/strong><\/p>\n<\/div>\n<p>[\/vc_column_text][\/vc_column_inner][vc_column_inner width=&#8221;1\/3&#8243;][vc_icon icon_fontawesome=&#8221;fa fa-money&#8221; color=&#8221;custom&#8221; background_style=&#8221;rounded&#8221; background_color=&#8221;blue&#8221; size=&#8221;lg&#8221; align=&#8221;center&#8221; css_animation=&#8221;appear&#8221; custom_color=&#8221;#ccffcc&#8221;][vc_empty_space][vc_column_text css_animation=&#8221;bounceIn&#8221;]<\/p>\n<h3 style=\"text-align: center;\"><strong>V\u00e5rt standardpris ligger p\u00e5 mellan<\/strong><\/h3>\n<p style=\"text-align: center;\"><strong>0.12 \u2013 0.14 Euro per<br \/>\nord<\/strong><br \/>\n<strong> inklusive korrekturl\u00e4sning av en andra \u00f6vers\u00e4ttare med spr\u00e5ket som modersm\u00e5l<\/strong><\/p>\n<p>[\/vc_column_text][\/vc_column_inner][vc_column_inner width=&#8221;1\/3&#8243;][vc_icon icon_fontawesome=&#8221;fa fa-gift&#8221; color=&#8221;custom&#8221; background_style=&#8221;rounded&#8221; background_color=&#8221;blue&#8221; size=&#8221;lg&#8221; align=&#8221;center&#8221; css_animation=&#8221;right-to-left&#8221; custom_color=&#8221;#ccffcc&#8221;][vc_empty_space][vc_column_text css_animation=&#8221;bounceInRight&#8221;]<\/p>\n<h3 style=\"text-align: center;\"><strong>Vi tar inte extra betat f\u00f6r<\/strong><\/h3>\n<p style=\"text-align: center;\"><strong>Snabb\u00f6vers\u00e4ttningar <\/strong><\/p>\n<p style=\"text-align: center;\"><strong>24 timmars arbete\/service 7 dagar I veckan<\/strong><\/p>\n<p>[\/vc_column_text][\/vc_column_inner][\/vc_row_inner][vc_empty_space][\/vc_column][\/vc_row][vc_row type=&#8221;vc_default&#8221; bg_type=&#8221;bg_color&#8221; bg_override=&#8221;full&#8221; bg_color_value=&#8221;#ebebeb&#8221;][vc_column][vc_empty_space][vc_row_inner][vc_column_inner width=&#8221;1\/2&#8243;][vc_single_image image=&#8221;11481&#8243; img_size=&#8221;full&#8221; alignment=&#8221;center&#8221; css_animation=&#8221;fadeInLeftBig&#8221;][\/vc_column_inner][vc_column_inner width=&#8221;1\/2&#8243;][vc_column_text css_animation=&#8221;fadeInRightBig&#8221; css=&#8221;.vc_custom_1479123271397{padding-right: 50px !important;padding-left: 50px !important;}&#8221;]<\/p>\n<h4 style=\"text-align: center;\">Tveka inte att ta kontakt med oss f\u00f6r att fr\u00e5ga om andra rabatter. Klicka h\u00e4r f\u00f6r att kontakta oss.<\/h4>\n<h4 style=\"text-align: center;\">Sj\u00e4lvklart kan du \u00e4ven anv\u00e4nda v\u00e5rt webbaserade projektledningssystem f\u00f6r att beg\u00e4ra en prisuppgift.<br \/>\nDetta system \u00e4r snabbt och du kommer p\u00e5 ett \u00f6gonblick att f\u00e5 en prisuppgift genom att du registrerar dig gratis och skapa ditt konto online.<\/h4>\n<p>[\/vc_column_text][\/vc_column_inner][\/vc_row_inner][vc_empty_space][\/vc_column][\/vc_row][vc_row rowtype=&#8221;fullwnc&#8221; padding=&#8221;20px 0px 20px 0px&#8221;][vc_column][vc_empty_space][vc_separator][vc_empty_space][vc_separator][vc_empty_space][\/vc_column][\/vc_row][vc_row][vc_column][vc_column_text css_animation=&#8221;fadeInUp&#8221;]Ett annat s\u00e4tt att fr\u00e5ga om specifika \u00f6vers\u00e4ttningspriser \u00e4r att kontakta oss via v\u00e5r livechatt d\u00e4r en projekthandledare finns till hands f\u00f6r att ge er mer information.<\/p>\n<p>S\u00e5 snart ni beg\u00e4r en \u00f6vers\u00e4ttningsoffert s\u00e5 skapas ett konto \u00e5t er i v\u00e5rt administrationssystem. H\u00e4r kan ni prata med den projekthandledare som ansvarar f\u00f6r ert uppdrag, ni kan l\u00e4gga till k\u00e4lldokument och ge ytterligare anvisningar till v\u00e5ra \u00f6vers\u00e4ttare. Samma system ser till att ni alltid h\u00e5lls informerade om statusen p\u00e5 ert projekt.<\/p>\n<h3 style=\"text-align: center;\">Hur ni kan kapa era \u00f6vers\u00e4ttningskostnader<\/h3>\n<p>Det finns flera s\u00e4tt att kapa era totala \u00f6vers\u00e4ttningskostnader. Ett av dem \u00e4r att anv\u00e4nda ett \u00f6vers\u00e4ttningsminne (TM), som anv\u00e4nder tidigare \u00f6vers\u00e4ttningar till nya projekt. P\u00e5 s\u00e5 vis sparar ni pengar p\u00e5 l\u00e4ngre sikt. Ni kan ocks\u00e5 l\u00e4sa igenom <a href=\"https:\/\/www.nordictrans.com\/10-tips-to-reduce-your-translation-budget\/\" target=\"_blank\" rel=\"noopener\">f\u00f6ljande tips f\u00f6r att reducera ert \u00f6vers\u00e4ttningspris<\/a>.[\/vc_column_text][vc_empty_space][\/vc_column][\/vc_row][vc_row type=&#8221;3&#8243; margin_bottom=&#8221;0px&#8221; full_width_row=&#8221;true&#8221; rowtype=&#8221;fullw&#8221; textalign=&#8221;center&#8221; padding=&#8221;30px 0px&#8221; css=&#8221;.vc_custom_1478830295833{margin-bottom: 0px !important;padding-top: 30px !important;padding-right: 0px !important;padding-bottom: 30px !important;padding-left: 0px !important;background-color: #ccffcc !important;}&#8221; el_class=&#8221;live-contact-btn-wrap&#8221;][vc_column][vc_cta h2=&#8221;&#8221; txt_align=&#8221;center&#8221; style=&#8221;custom&#8221; add_button=&#8221;right&#8221; btn_title=&#8221;LIVEKONTAKT&#8221; btn_style=&#8221;custom&#8221; btn_custom_background=&#8221;#ffffff&#8221; btn_custom_text=&#8221;#2a4a8f&#8221; btn_shape=&#8221;round&#8221; btn_align=&#8221;center&#8221; btn_button_block=&#8221;true&#8221; btn_link=&#8221;url:https%3A%2F%2Fwww.nordictrans.com%2Fchat-popup%2F|||&#8221; el_class=&#8221;live-contact-btn&#8221; custom_background=&#8221;rgba(255,255,255,0.01)&#8221; custom_text=&#8221;#2c5a85&#8243;]<\/p>\n<h3 style=\"font-size: 28px; line-height: 40px;\">\u00c4r du redo? D\u00e5 b\u00f6rjar vi:<\/h3>\n<p>[\/vc_cta][\/vc_column][\/vc_row]<\/p>\n<\/div>","protected":false},"excerpt":{"rendered":"<p>[vc_row][vc_column][\/vc_column][\/vc_row][vc_row][vc_column][vc_raw_html]JTNDZGl2JTIwaWQlM0QlMjJzZWNvbmRfYnJlZCUyMiUyMGNsYXNzJTNEJTIyd2YtdGQlMjIlM0UlM0MlMkZkaXYlM0U=[\/vc_raw_html][\/vc_column][\/vc_row][vc_row margin_bottom=&#8221;0px&#8221; textalign=&#8221;center&#8221; padding=&#8221;50px 0px 30px&#8221;][vc_column][vc_empty_space][vc_column_text] \u00d6vers\u00e4ttningspriser \u2013 hur ni kan kapa era \u00f6vers\u00e4ttningskostnader [\/vc_column_text][vc_empty_space][vc_column_text css_animation=&#8221;appear&#8221;] Vi tar betalt baserat p\u00e5 det totala antalet ord I ett dokument, pdf-text eller html-text eller vilket format du \u00e4n har. [\/vc_column_text][vc_empty_space][vc_row_inner][vc_column_inner width=&#8221;1\/3&#8243;][vc_icon icon_fontawesome=&#8221;fa fa-scissors&#8221; color=&#8221;custom&#8221; background_style=&#8221;rounded&#8221; background_color=&#8221;blue&#8221; size=&#8221;lg&#8221; align=&#8221;center&#8221; css_animation=&#8221;left-to-right&#8221; custom_color=&#8221;#ccffcc&#8221;][vc_empty_space][vc_column_text css_animation=&#8221;bounceInLeft&#8221;] Vi erbjuder \u00e4ven rabatt p\u00e5 Paketl\u00f6sningar&hellip;<\/p>\n","protected":false},"author":1,"featured_media":32984,"parent":0,"menu_order":0,"comment_status":"closed","ping_status":"closed","template":"","meta":{"_acf_changed":false,"footnotes":""},"class_list":["post-11477","page","type-page","status-publish","has-post-thumbnail","hentry","description-off"],"acf":[],"yoast_head":"<!-- This site is optimized with the Yoast SEO Premium plugin v26.5 (Yoast SEO v26.5) - https:\/\/yoast.com\/wordpress\/plugins\/seo\/ -->\n<title>\u00d6vers\u00e4ttningspriser - Spr\u00e5k\u00f6vers\u00e4ttningskostnad - NordicTrans<\/title>\n<meta name=\"description\" content=\"V\u00e5ra \u00f6verkomliga \u00f6vers\u00e4ttningspriser omfattar \u00f6vers\u00e4ttning och korrekturl\u00e4sning av en andra \u00f6vers\u00e4ttare med spr\u00e5ket som modersm\u00e5l.\" \/>\n<meta name=\"robots\" content=\"index, follow, max-snippet:-1, max-image-preview:large, max-video-preview:-1\" \/>\n<link rel=\"canonical\" href=\"https:\/\/www.nordictrans.com\/sv\/pris-2\/\" \/>\n<meta property=\"og:locale\" content=\"sv_SE\" \/>\n<meta property=\"og:type\" content=\"article\" \/>\n<meta property=\"og:title\" content=\"The Best Prices for Translations Services | NordicTrans\" \/>\n<meta property=\"og:description\" content=\"NordicTrans provides affordable translation prices and quick turnaround times without compromising on quality. Lower your translation cost with us!\" \/>\n<meta property=\"og:url\" content=\"https:\/\/www.nordictrans.com\/sv\/pris-2\/\" \/>\n<meta property=\"og:site_name\" content=\"Nordictrans.com\" \/>\n<meta property=\"article:publisher\" content=\"https:\/\/www.facebook.com\/NordicTrans\" \/>\n<meta property=\"article:modified_time\" content=\"2020-06-29T10:28:46+00:00\" \/>\n<meta property=\"og:image\" content=\"https:\/\/www.nordictrans.com\/wp-content\/uploads\/2018\/05\/translation-prices.png\" \/>\n\t<meta property=\"og:image:width\" content=\"1903\" \/>\n\t<meta property=\"og:image:height\" content=\"670\" \/>\n\t<meta property=\"og:image:type\" content=\"image\/png\" \/>\n<meta name=\"twitter:card\" content=\"summary_large_image\" \/>\n<meta name=\"twitter:title\" content=\"The Best Prices for Translations Services | NordicTrans\" \/>\n<meta name=\"twitter:description\" content=\"NordicTrans provides affordable translation prices and quick turnaround times without compromising on quality. Lower your translation cost with us!\" \/>\n<meta name=\"twitter:site\" content=\"@NordicTrans\" \/>\n<meta name=\"twitter:label1\" content=\"Ber\u00e4knad l\u00e4stid\" \/>\n\t<meta name=\"twitter:data1\" content=\"4 minuter\" \/>\n<!-- \/ Yoast SEO Premium plugin. -->","yoast_head_json":{"title":"\u00d6vers\u00e4ttningspriser - Spr\u00e5k\u00f6vers\u00e4ttningskostnad - NordicTrans","description":"V\u00e5ra \u00f6verkomliga \u00f6vers\u00e4ttningspriser omfattar \u00f6vers\u00e4ttning och korrekturl\u00e4sning av en andra \u00f6vers\u00e4ttare med spr\u00e5ket som modersm\u00e5l.","robots":{"index":"index","follow":"follow","max-snippet":"max-snippet:-1","max-image-preview":"max-image-preview:large","max-video-preview":"max-video-preview:-1"},"canonical":"https:\/\/www.nordictrans.com\/sv\/pris-2\/","og_locale":"sv_SE","og_type":"article","og_title":"The Best Prices for Translations Services | NordicTrans","og_description":"NordicTrans provides affordable translation prices and quick turnaround times without compromising on quality. Lower your translation cost with us!","og_url":"https:\/\/www.nordictrans.com\/sv\/pris-2\/","og_site_name":"Nordictrans.com","article_publisher":"https:\/\/www.facebook.com\/NordicTrans","article_modified_time":"2020-06-29T10:28:46+00:00","og_image":[{"width":1903,"height":670,"url":"https:\/\/www.nordictrans.com\/wp-content\/uploads\/2018\/05\/translation-prices.png","type":"image\/png"}],"twitter_card":"summary_large_image","twitter_title":"The Best Prices for Translations Services | NordicTrans","twitter_description":"NordicTrans provides affordable translation prices and quick turnaround times without compromising on quality. Lower your translation cost with us!","twitter_site":"@NordicTrans","twitter_misc":{"Ber\u00e4knad l\u00e4stid":"4 minuter"},"schema":{"@context":"https:\/\/schema.org","@graph":[{"@type":"WebPage","@id":"https:\/\/www.nordictrans.com\/sv\/pris-2\/","url":"https:\/\/www.nordictrans.com\/sv\/pris-2\/","name":"\u00d6vers\u00e4ttningspriser - Spr\u00e5k\u00f6vers\u00e4ttningskostnad - NordicTrans","isPartOf":{"@id":"https:\/\/www.nordictrans.com\/sv\/#website"},"primaryImageOfPage":{"@id":"https:\/\/www.nordictrans.com\/sv\/pris-2\/#primaryimage"},"image":{"@id":"https:\/\/www.nordictrans.com\/sv\/pris-2\/#primaryimage"},"thumbnailUrl":"https:\/\/www.nordictrans.com\/wp-content\/uploads\/2018\/05\/translation-prices.png","datePublished":"2011-09-15T03:41:36+00:00","dateModified":"2020-06-29T10:28:46+00:00","description":"V\u00e5ra \u00f6verkomliga \u00f6vers\u00e4ttningspriser omfattar \u00f6vers\u00e4ttning och korrekturl\u00e4sning av en andra \u00f6vers\u00e4ttare med spr\u00e5ket som modersm\u00e5l.","breadcrumb":{"@id":"https:\/\/www.nordictrans.com\/sv\/pris-2\/#breadcrumb"},"inLanguage":"sv-SE","potentialAction":[{"@type":"ReadAction","target":["https:\/\/www.nordictrans.com\/sv\/pris-2\/"]}]},{"@type":"ImageObject","inLanguage":"sv-SE","@id":"https:\/\/www.nordictrans.com\/sv\/pris-2\/#primaryimage","url":"https:\/\/www.nordictrans.com\/wp-content\/uploads\/2018\/05\/translation-prices.png","contentUrl":"https:\/\/www.nordictrans.com\/wp-content\/uploads\/2018\/05\/translation-prices.png","width":1903,"height":670,"caption":"Translation Prices"},{"@type":"BreadcrumbList","@id":"https:\/\/www.nordictrans.com\/sv\/pris-2\/#breadcrumb","itemListElement":[{"@type":"ListItem","position":1,"name":"Home","item":"https:\/\/www.nordictrans.com\/sv\/"},{"@type":"ListItem","position":2,"name":"Pris"}]},{"@type":"WebSite","@id":"https:\/\/www.nordictrans.com\/sv\/#website","url":"https:\/\/www.nordictrans.com\/sv\/","name":"Nordictrans.com","description":"Translation Agency specialized in Nordic Languages","publisher":{"@id":"https:\/\/www.nordictrans.com\/sv\/#organization"},"potentialAction":[{"@type":"SearchAction","target":{"@type":"EntryPoint","urlTemplate":"https:\/\/www.nordictrans.com\/sv\/?s={search_term_string}"},"query-input":{"@type":"PropertyValueSpecification","valueRequired":true,"valueName":"search_term_string"}}],"inLanguage":"sv-SE"},{"@type":"Organization","@id":"https:\/\/www.nordictrans.com\/sv\/#organization","name":"NordicTrans","url":"https:\/\/www.nordictrans.com\/sv\/","logo":{"@type":"ImageObject","inLanguage":"sv-SE","@id":"https:\/\/www.nordictrans.com\/sv\/#\/schema\/logo\/image\/","url":"https:\/\/www.nordictrans.com\/wp-content\/uploads\/2015\/02\/logoNT.png","contentUrl":"https:\/\/www.nordictrans.com\/wp-content\/uploads\/2015\/02\/logoNT.png","width":272,"height":92,"caption":"NordicTrans"},"image":{"@id":"https:\/\/www.nordictrans.com\/sv\/#\/schema\/logo\/image\/"},"sameAs":["https:\/\/www.facebook.com\/NordicTrans","https:\/\/x.com\/NordicTrans","https:\/\/www.instagram.com\/NordictransUS","https:\/\/www.linkedin.com\/company\/nordictrans","https:\/\/www.pinterest.com\/nordictrans01","https:\/\/www.youtube.com\/c\/nordictrans"]}]}},"_links":{"self":[{"href":"https:\/\/www.nordictrans.com\/sv\/wp-json\/wp\/v2\/pages\/11477","targetHints":{"allow":["GET"]}}],"collection":[{"href":"https:\/\/www.nordictrans.com\/sv\/wp-json\/wp\/v2\/pages"}],"about":[{"href":"https:\/\/www.nordictrans.com\/sv\/wp-json\/wp\/v2\/types\/page"}],"author":[{"embeddable":true,"href":"https:\/\/www.nordictrans.com\/sv\/wp-json\/wp\/v2\/users\/1"}],"replies":[{"embeddable":true,"href":"https:\/\/www.nordictrans.com\/sv\/wp-json\/wp\/v2\/comments?post=11477"}],"version-history":[{"count":5,"href":"https:\/\/www.nordictrans.com\/sv\/wp-json\/wp\/v2\/pages\/11477\/revisions"}],"predecessor-version":[{"id":48864,"href":"https:\/\/www.nordictrans.com\/sv\/wp-json\/wp\/v2\/pages\/11477\/revisions\/48864"}],"wp:featuredmedia":[{"embeddable":true,"href":"https:\/\/www.nordictrans.com\/sv\/wp-json\/wp\/v2\/media\/32984"}],"wp:attachment":[{"href":"https:\/\/www.nordictrans.com\/sv\/wp-json\/wp\/v2\/media?parent=11477"}],"curies":[{"name":"wp","href":"https:\/\/api.w.org\/{rel}","templated":true}]}}