{"id":11402,"date":"2011-09-15T03:41:50","date_gmt":"2011-09-15T03:41:50","guid":{"rendered":"http:\/\/dev.nordictrans.com\/project\/"},"modified":"2023-11-15T08:13:42","modified_gmt":"2023-11-15T08:13:42","slug":"projektflode","status":"publish","type":"page","link":"https:\/\/www.nordictrans.com\/sv\/projektflode\/","title":{"rendered":"Projektfl\u00f6de"},"content":{"rendered":"<div class=\"wpb-content-wrapper\"><p>[vc_row][vc_column]\n\t\t\t<!-- START Project Flow REVOLUTION SLIDER 6.6.16 --><p class=\"rs-p-wp-fix\"><\/p>\n\t\t\t<rs-module-wrap id=\"rev_slider_18_1_wrapper\" data-source=\"gallery\" style=\"visibility:hidden;background:transparent;padding:0;margin:0px auto;margin-top:0;margin-bottom:0;\">\n\t\t\t\t<rs-module id=\"rev_slider_18_1\" style=\"\" data-version=\"6.6.16\">\n\t\t\t\t\t<rs-slides style=\"overflow: hidden; position: absolute;\">\n\t\t\t\t\t\t<rs-slide style=\"position: absolute;\" data-key=\"rs-101\" data-title=\"Slide\" data-anim=\"adpr:false;\">\n\t\t\t\t\t\t\t<img decoding=\"async\" src=\"\/\/www.nordictrans.com\/wp-content\/plugins\/revslider\/public\/assets\/assets\/dummy.png\" alt=\"\" title=\"Projektfl\u00f6de\" class=\"rev-slidebg tp-rs-img rs-lazyload\" data-lazyload=\"\/\/www.nordictrans.com\/wp-content\/uploads\/2016\/11\/viking-boat-1.jpg\" data-parallax=\"15\" data-no-retina>\n<!--\n\t\t\t\t\t\t\t--><rs-layer\n\t\t\t\t\t\t\t\tid=\"slider-18-slide-101-layer-1\" \n\t\t\t\t\t\t\t\tdata-type=\"text\"\n\t\t\t\t\t\t\t\tdata-color=\"rgba(255,255,255,1)\"\n\t\t\t\t\t\t\t\tdata-rsp_ch=\"on\"\n\t\t\t\t\t\t\t\tdata-xy=\"x:c;xo:3px,0,0,-1px;y:m;yo:-35px,-12px,-109px,-41px;\"\n\t\t\t\t\t\t\t\tdata-text=\"s:50,45,45,35;l:50,45,45,35;fw:800,700,700,700;a:center;\"\n\t\t\t\t\t\t\t\tdata-frame_0=\"tp:600;\"\n\t\t\t\t\t\t\t\tdata-frame_1=\"tp:600;st:0;\"\n\t\t\t\t\t\t\t\tdata-frame_999=\"o:0;tp:600;st:w;sR:8699.99969482;\"\n\t\t\t\t\t\t\t\tstyle=\"z-index:5;font-family:'Open Sans';opacity:0.6;\"\n\t\t\t\t\t\t\t>TRANSWISE \n\t\t\t\t\t\t\t<\/rs-layer><!--\n\n\t\t\t\t\t\t\t--><rs-layer\n\t\t\t\t\t\t\t\tid=\"slider-18-slide-101-layer-3\" \n\t\t\t\t\t\t\t\tdata-type=\"text\"\n\t\t\t\t\t\t\t\tdata-color=\"rgba(255,255,255,1)\"\n\t\t\t\t\t\t\t\tdata-rsp_ch=\"on\"\n\t\t\t\t\t\t\t\tdata-xy=\"x:c;yo:242px,242px,242px,339px;\"\n\t\t\t\t\t\t\t\tdata-text=\"l:22;a:inherit;\"\n\t\t\t\t\t\t\t\tdata-frame_0=\"tp:600;\"\n\t\t\t\t\t\t\t\tdata-frame_1=\"tp:600;st:0;\"\n\t\t\t\t\t\t\t\tdata-frame_999=\"o:0;tp:600;st:w;sR:8699.99969482;\"\n\t\t\t\t\t\t\t\tstyle=\"z-index:6;font-family:'Open Sans';font-style:italic;\"\n\t\t\t\t\t\t\t>F\u00f6r \u00f6vers\u00e4ttningshantering anv\u00e4nder vi  \n\t\t\t\t\t\t\t<\/rs-layer><!--\n\n\t\t\t\t\t\t\t--><rs-layer\n\t\t\t\t\t\t\t\tid=\"slider-18-slide-101-layer-4\" \n\t\t\t\t\t\t\t\tdata-type=\"text\"\n\t\t\t\t\t\t\t\tdata-color=\"rgba(255,255,255,1)\"\n\t\t\t\t\t\t\t\tdata-rsp_ch=\"on\"\n\t\t\t\t\t\t\t\tdata-xy=\"x:c;y:m;yo:12px,31px,-67px,-67px;\"\n\t\t\t\t\t\t\t\tdata-text=\"s:20,20,20,16;l:22,22,22,16;a:inherit;\"\n\t\t\t\t\t\t\t\tdata-frame_0=\"tp:600;\"\n\t\t\t\t\t\t\t\tdata-frame_1=\"tp:600;st:0;\"\n\t\t\t\t\t\t\t\tdata-frame_999=\"o:0;tp:600;st:w;sR:8699.99969482;\"\n\t\t\t\t\t\t\t\tstyle=\"z-index:7;font-family:'Open Sans';\"\n\t\t\t\t\t\t\t>f\u00f6r optimal och s\u00e4ker hantering av dina projekt \n\t\t\t\t\t\t\t<\/rs-layer><!--\n-->\t\t\t\t\t\t<\/rs-slide>\n\t\t\t\t\t<\/rs-slides>\n\t\t\t\t<\/rs-module>\n\t\t\t\t<script>\n\t\t\t\t\tsetREVStartSize({c: 'rev_slider_18_1',rl:[1240,1024,778,480],el:[655,600,500,400],gw:[1240,1024,778,480],gh:[655,600,500,400],type:'hero',justify:'',layout:'fullwidth',mh:\"0\"});if (window.RS_MODULES!==undefined && window.RS_MODULES.modules!==undefined && window.RS_MODULES.modules[\"revslider181\"]!==undefined) {window.RS_MODULES.modules[\"revslider181\"].once = false;window.revapi18 = undefined;if (window.RS_MODULES.checkMinimal!==undefined) window.RS_MODULES.checkMinimal()}\n\t\t\t\t<\/script>\n\t\t\t<\/rs-module-wrap>\n\t\t\t<!-- END REVOLUTION SLIDER -->\n[\/vc_column][\/vc_row][vc_row][vc_column][vc_raw_html]JTNDZGl2JTIwaWQlM0QlMjJzZWNvbmRfYnJlZCUyMiUyMGNsYXNzJTNEJTIyd2YtdGQlMjIlM0UlM0MlMkZkaXYlM0U=[\/vc_raw_html][\/vc_column][\/vc_row][vc_row textalign=&#8221;center&#8221; padding=&#8221;75px 40px 40px&#8221;][vc_column animation=&#8221;zoomIn&#8221; enable_animation=&#8221;true&#8221; delay=&#8221;300&#8243; speed=&#8221;1400&#8243;][vc_empty_space height=&#8221;50px&#8221;][vc_column_text]<\/p>\n<h1 style=\"text-align: center;\"><span style=\"color: #2c5a85;\"><strong>\u00d6vers\u00e4ttningsprojektets fl\u00f6de \u2013 \u00d6vers\u00e4ttningsprocess<\/strong><\/span><\/h1>\n<h3 style=\"text-align: center;\"><span style=\"color: #2c5a85;\"><strong>NordicTrans har tillg\u00e5ng till den senaste och mest passande terminologin som industrirelaterade lexikon. V\u00e5ra \u00f6vers\u00e4ttare \u00e4r ocks\u00e5 f\u00f6rsedda med online och l\u00e4tthanterliga terminologiresurser. Detta hj\u00e4lper till att f\u00f6rb\u00e4ttra och garantera kvalitet, sk\u00e4ra ner redigeringstiden och f\u00f6rb\u00e4ttra effekten av meddelandet fr\u00e5n de f\u00f6rsta stegen av projektet.<\/strong><\/span><\/h3>\n<p>[\/vc_column_text][vc_empty_space height=&#8221;70px&#8221;][\/vc_column][\/vc_row][vc_row type=&#8221;vc_default&#8221; margin_bottom=&#8221;0px&#8221; full_width_row=&#8221;true&#8221; bg_type=&#8221;bg_color&#8221; bg_override=&#8221;full&#8221; rowtype=&#8221;fullw&#8221; padding=&#8221;50px 0px 50px 0px&#8221; css=&#8221;.vc_custom_1478829454535{margin-bottom: 0px !important;padding-top: 50px !important;padding-right: 0px !important;padding-bottom: 50px !important;padding-left: 0px !important;background-color: #f7f8f9 !important;}&#8221; bg_color_value=&#8221;#ebebeb&#8221;][vc_column animation=&#8221;fadeInLeft&#8221; enable_animation=&#8221;true&#8221; animease=&#8221;easeInOutQuad&#8221; target=&#8221;children&#8221;][vc_empty_space height=&#8221;50px&#8221;][vc_row_inner][vc_column_inner width=&#8221;1\/2&#8243;]<div class=\"dt-fancy-separator\" style=\"width: 100%;\"><div class=\"dt-fancy-title\"><span class=\"separator-holder separator-left\" style=\"border-color: #5472d2;\"><\/span>N\u00e4r NordicTrans f\u00e5r ett projekt fr\u00e5n en kund anv\u00e4nds:<span class=\"separator-holder separator-right\" style=\"border-color: #5472d2;\"><\/span><\/div><\/div>[vc_empty_space][vc_column_text css_animation=&#8221;fadeInLeft&#8221;]<\/p>\n<p style=\"text-align: center;\"><span style=\"color: #2c5a85;\"><strong>\u2022 Terminologihanteringsverktyg<\/strong><\/span><\/p>\n<p style=\"text-align: center;\"><span style=\"color: #2c5a85;\"><strong>\u2022 \u00d6vers\u00e4ttningsminnesteknologi<\/strong><\/span><\/p>\n<p style=\"text-align: justify;\">f\u00f6r att framg\u00e5ngsrikt fullf\u00f6lja projektet.<br \/>\nDessa m\u00f6jligg\u00f6r uppr\u00e4tth\u00e5llandet av en h\u00f6g niv\u00e5 p\u00e5 b\u00e5de kvalitet och \u00f6verensst\u00e4mmelse.<\/p>\n<p>B\u00e5da teknologierna \u00e4r webbuppkopplade och integrerade i NordicTrans Globala Valv; ett utvecklat verktyg som till\u00e5ter total konsolidering av projektdokument:<\/p>\n<p style=\"text-align: center;\"><span style=\"color: #2c5a85;\"><strong>\u2022\u00a0Omedelbar online-tillg\u00e4nglighet till projektplanering<\/strong><\/span><\/p>\n<p style=\"text-align: center;\"><span style=\"color: #2c5a85;\"><strong> \u2022\u00a0Statusrapporter<\/strong><\/span><\/p>\n<p style=\"text-align: center;\"><span style=\"color: #2c5a85;\"><strong>\u2022\u00a0Ordlistor och \u00f6vers\u00e4ttningar<\/strong><\/span><\/p>\n<p>[\/vc_column_text][\/vc_column_inner][vc_column_inner width=&#8221;1\/2&#8243;][vc_empty_space][vc_single_image image=&#8221;11410&#8243; img_size=&#8221;full&#8221; alignment=&#8221;center&#8221; css_animation=&#8221;fadeInRightBig&#8221;][\/vc_column_inner][\/vc_row_inner][vc_empty_space height=&#8221;50px&#8221;][\/vc_column][\/vc_row][vc_row rowtype=&#8221;fullwnc&#8221; textalign=&#8221;center&#8221; padding=&#8221;50px 80px&#8221;][vc_column][vc_empty_space height=&#8221;50px&#8221;][vc_column_text css_animation=&#8221;zoomInUp&#8221;]<\/p>\n<h3 style=\"text-align: center;\"><span style=\"color: #2c5a85;\">NORDICTRANS MINNESTEKNOLOGI TILL\u00c5TER ATT TIDIGARE \u00d6VERSATT MATERIAL KAN \u00c5TERANV\u00c4NDAS.<\/span><\/h3>\n<p>[\/vc_column_text][vc_empty_space][vc_separator el_width=&#8221;70&#8243;][vc_empty_space][vc_column_text]<\/p>\n<p style=\"text-align: center;\"><strong>Detta sparar kunden tid och pengar.<br \/>\nN\u00e4r NordicTans f\u00e5r ett projekt fr\u00e5n en kund, indelas projektfl\u00f6det i f\u00f6ljande steg:<\/strong><\/p>\n<p>[\/vc_column_text][vc_empty_space][vc_row_inner][vc_column_inner width=&#8221;1\/4&#8243;][\/vc_column_inner][vc_column_inner width=&#8221;1\/2&#8243;][vc_progress_bar values=&#8221;%5B%7B%22label%22%3A%22URSPRUNGSTEXTEN%20%C3%96VERS%C3%84TTS%20AV%20EN%20AV%20V%C3%85RA%20PROFESSIONELLA%20LINGVISTER.%22%2C%22value%22%3A%22100%22%2C%22color%22%3A%22custom%22%2C%22customcolor%22%3A%22%232a4a8f%22%2C%22customtxtcolor%22%3A%22%23666666%22%7D%2C%7B%22label%22%3A%22REDIGERAREN%20GRANSKAR%20OCH%20F%C3%96RB%C3%84TTRAR%20DEN%20%C3%96VERSATTA%20TEXTEN%20F%C3%96R%20ATT%20F%C3%96RS%C3%84KRA%20ATT%20DEN%20%C3%84R%20LIKA%20L%C3%84SBAR%20SOM%20P%C3%85%20ORIGINALSPR%C3%85KET.%22%2C%22value%22%3A%22100%22%2C%22color%22%3A%22custom%22%2C%22customcolor%22%3A%22%232a4a8f%22%2C%22customtxtcolor%22%3A%22%23666666%22%7D%2C%7B%22label%22%3A%22D%C3%84REFTER%20ST%C3%85R%20KORREKTURL%C3%84SAREN%20F%C3%96R%20EN%20EXTRA%20NIV%C3%85%20AV%20KVALITETSKONTROLL.%22%2C%22value%22%3A%22100%22%2C%22color%22%3A%22custom%22%2C%22customcolor%22%3A%22%232a4a8f%22%2C%22customtxtcolor%22%3A%22%23666666%22%7D%2C%7B%22label%22%3A%22F%C3%96RE%20IMPLEMENTERINGEN%2C%20GENOMG%C3%85R%20VARJE%20PROJEKT%20STRIKT%20TEKNISK%20OCH%20LINGVISTISK%20KVALITETSF%C3%96RS%C3%84KRINGSKONTROLL.%22%2C%22value%22%3A%22100%22%2C%22color%22%3A%22custom%22%2C%22customcolor%22%3A%22%232a4a8f%22%2C%22customtxtcolor%22%3A%22%23666666%22%7D%5D&#8221; options=&#8221;animated&#8221; caption_pos=&#8221;top&#8221; units=&#8221;%&#8221; el_class=&#8221;project-flow-process&#8221;][\/vc_column_inner][vc_column_inner width=&#8221;1\/4&#8243;][\/vc_column_inner][\/vc_row_inner][vc_empty_space height=&#8221;50px&#8221;][vc_column_text css_animation=&#8221;bottom-to-top&#8221;]<\/p>\n<p style=\"text-align: center;\"><strong>Genom att anv\u00e4nda avancerade projekthanteringsverktyg kan vi snabba upp processen och d\u00e4rigenom leverera p\u00e5 kortare tid. V\u00e5rt \u00f6vers\u00e4ttningsprocess har optimerats f\u00f6r att s\u00e4kra att varje deadline h\u00e5lls samtidigt som slutprodukten \u00e4r av h\u00f6g kvalitet.<\/strong><\/p>\n<p>[\/vc_column_text][\/vc_column][\/vc_row][vc_row type=&#8221;3&#8243; margin_bottom=&#8221;0px&#8221; full_width_row=&#8221;true&#8221; rowtype=&#8221;fullw&#8221; textalign=&#8221;center&#8221; padding=&#8221;30px 0px&#8221; css=&#8221;.vc_custom_1478830295833{margin-bottom: 0px !important;padding-top: 30px !important;padding-right: 0px !important;padding-bottom: 30px !important;padding-left: 0px !important;background-color: #ccffcc !important;}&#8221; el_class=&#8221;live-contact-btn-wrap&#8221;][vc_column][vc_cta h2=&#8221;&#8221; txt_align=&#8221;center&#8221; style=&#8221;custom&#8221; add_button=&#8221;right&#8221; btn_title=&#8221;LIVEKONTAKT&#8221; btn_style=&#8221;custom&#8221; btn_custom_background=&#8221;#ffffff&#8221; btn_custom_text=&#8221;#2a4a8f&#8221; btn_shape=&#8221;round&#8221; btn_align=&#8221;center&#8221; btn_button_block=&#8221;true&#8221; btn_link=&#8221;url:https%3A%2F%2Fwww.nordictrans.com%2Fchat-popup%2F|||&#8221; el_class=&#8221;live-contact-btn&#8221; custom_background=&#8221;rgba(255,255,255,0.01)&#8221; custom_text=&#8221;#2c5a85&#8243;]<\/p>\n<h3 style=\"font-size: 28px; line-height: 40px;\">\u00c4r du redo? D\u00e5 b\u00f6rjar vi:<\/h3>\n<p>[\/vc_cta][\/vc_column][\/vc_row]<\/p>\n<\/div>","protected":false},"excerpt":{"rendered":"<p>[vc_row][vc_column][\/vc_column][\/vc_row][vc_row][vc_column][vc_raw_html]JTNDZGl2JTIwaWQlM0QlMjJzZWNvbmRfYnJlZCUyMiUyMGNsYXNzJTNEJTIyd2YtdGQlMjIlM0UlM0MlMkZkaXYlM0U=[\/vc_raw_html][\/vc_column][\/vc_row][vc_row textalign=&#8221;center&#8221; padding=&#8221;75px 40px 40px&#8221;][vc_column animation=&#8221;zoomIn&#8221; enable_animation=&#8221;true&#8221; delay=&#8221;300&#8243; speed=&#8221;1400&#8243;][vc_empty_space height=&#8221;50px&#8221;][vc_column_text] \u00d6vers\u00e4ttningsprojektets fl\u00f6de \u2013 \u00d6vers\u00e4ttningsprocess NordicTrans har tillg\u00e5ng till den senaste och mest passande terminologin som industrirelaterade lexikon. V\u00e5ra \u00f6vers\u00e4ttare \u00e4r ocks\u00e5 f\u00f6rsedda med online och l\u00e4tthanterliga terminologiresurser. Detta hj\u00e4lper till att f\u00f6rb\u00e4ttra och garantera kvalitet, sk\u00e4ra ner redigeringstiden och f\u00f6rb\u00e4ttra effekten av meddelandet fr\u00e5n de&hellip;<\/p>\n","protected":false},"author":1,"featured_media":32976,"parent":0,"menu_order":0,"comment_status":"closed","ping_status":"closed","template":"","meta":{"_acf_changed":false,"footnotes":""},"class_list":["post-11402","page","type-page","status-publish","has-post-thumbnail","hentry","description-off"],"acf":[],"yoast_head":"<!-- This site is optimized with the Yoast SEO Premium plugin v26.5 (Yoast SEO v26.5) - https:\/\/yoast.com\/wordpress\/plugins\/seo\/ -->\n<title>\u00d6vers\u00e4ttningsprojektets fl\u00f6de \u2013 \u00f6vers\u00e4ttningsprocess - NordicTrans<\/title>\n<meta name=\"description\" content=\"Effektiv och exakt \u00f6vers\u00e4ttningsprocess f\u00f6r kvalitativa spr\u00e5kl\u00f6sningar. F\u00f6rtroende och precision i varje \u00f6vers\u00e4ttning.\" \/>\n<meta name=\"robots\" content=\"index, follow, max-snippet:-1, max-image-preview:large, max-video-preview:-1\" \/>\n<link rel=\"canonical\" href=\"https:\/\/www.nordictrans.com\/sv\/projektflode\/\" \/>\n<meta property=\"og:locale\" content=\"sv_SE\" \/>\n<meta property=\"og:type\" content=\"article\" \/>\n<meta property=\"og:title\" content=\"Projektfl\u00f6de\" \/>\n<meta property=\"og:description\" content=\"How our translation project flow works? Using translation management tools, our translators are able to improve the quality of our translation services.\" \/>\n<meta property=\"og:url\" content=\"https:\/\/www.nordictrans.com\/sv\/projektflode\/\" \/>\n<meta property=\"og:site_name\" content=\"Nordictrans.com\" \/>\n<meta property=\"article:publisher\" content=\"https:\/\/www.facebook.com\/NordicTrans\" \/>\n<meta property=\"article:modified_time\" content=\"2023-11-15T08:13:42+00:00\" \/>\n<meta property=\"og:image\" content=\"https:\/\/www.nordictrans.com\/wp-content\/uploads\/2018\/05\/translation-project-flow.png\" \/>\n\t<meta property=\"og:image:width\" content=\"1903\" \/>\n\t<meta property=\"og:image:height\" content=\"670\" \/>\n\t<meta property=\"og:image:type\" content=\"image\/png\" \/>\n<meta name=\"twitter:card\" content=\"summary_large_image\" \/>\n<meta name=\"twitter:title\" content=\"Translation Management - Translation Project Flow | NordicTrans\" \/>\n<meta name=\"twitter:description\" content=\"How does our translation project flow work? Using translation management tools, our translators are able to improve the quality of our translation services.\" \/>\n<meta name=\"twitter:site\" content=\"@NordicTrans\" \/>\n<meta name=\"twitter:label1\" content=\"Ber\u00e4knad l\u00e4stid\" \/>\n\t<meta name=\"twitter:data1\" content=\"2 minuter\" \/>\n<!-- \/ Yoast SEO Premium plugin. -->","yoast_head_json":{"title":"\u00d6vers\u00e4ttningsprojektets fl\u00f6de \u2013 \u00f6vers\u00e4ttningsprocess - NordicTrans","description":"Effektiv och exakt \u00f6vers\u00e4ttningsprocess f\u00f6r kvalitativa spr\u00e5kl\u00f6sningar. F\u00f6rtroende och precision i varje \u00f6vers\u00e4ttning.","robots":{"index":"index","follow":"follow","max-snippet":"max-snippet:-1","max-image-preview":"max-image-preview:large","max-video-preview":"max-video-preview:-1"},"canonical":"https:\/\/www.nordictrans.com\/sv\/projektflode\/","og_locale":"sv_SE","og_type":"article","og_title":"Projektfl\u00f6de","og_description":"How our translation project flow works? Using translation management tools, our translators are able to improve the quality of our translation services.","og_url":"https:\/\/www.nordictrans.com\/sv\/projektflode\/","og_site_name":"Nordictrans.com","article_publisher":"https:\/\/www.facebook.com\/NordicTrans","article_modified_time":"2023-11-15T08:13:42+00:00","og_image":[{"width":1903,"height":670,"url":"https:\/\/www.nordictrans.com\/wp-content\/uploads\/2018\/05\/translation-project-flow.png","type":"image\/png"}],"twitter_card":"summary_large_image","twitter_title":"Translation Management - Translation Project Flow | NordicTrans","twitter_description":"How does our translation project flow work? Using translation management tools, our translators are able to improve the quality of our translation services.","twitter_site":"@NordicTrans","twitter_misc":{"Ber\u00e4knad l\u00e4stid":"2 minuter"},"schema":{"@context":"https:\/\/schema.org","@graph":[{"@type":"WebPage","@id":"https:\/\/www.nordictrans.com\/sv\/projektflode\/","url":"https:\/\/www.nordictrans.com\/sv\/projektflode\/","name":"\u00d6vers\u00e4ttningsprojektets fl\u00f6de \u2013 \u00f6vers\u00e4ttningsprocess - NordicTrans","isPartOf":{"@id":"https:\/\/www.nordictrans.com\/sv\/#website"},"primaryImageOfPage":{"@id":"https:\/\/www.nordictrans.com\/sv\/projektflode\/#primaryimage"},"image":{"@id":"https:\/\/www.nordictrans.com\/sv\/projektflode\/#primaryimage"},"thumbnailUrl":"https:\/\/www.nordictrans.com\/wp-content\/uploads\/2018\/05\/translation-project-flow.png","datePublished":"2011-09-15T03:41:50+00:00","dateModified":"2023-11-15T08:13:42+00:00","description":"Effektiv och exakt \u00f6vers\u00e4ttningsprocess f\u00f6r kvalitativa spr\u00e5kl\u00f6sningar. F\u00f6rtroende och precision i varje \u00f6vers\u00e4ttning.","breadcrumb":{"@id":"https:\/\/www.nordictrans.com\/sv\/projektflode\/#breadcrumb"},"inLanguage":"sv-SE","potentialAction":[{"@type":"ReadAction","target":["https:\/\/www.nordictrans.com\/sv\/projektflode\/"]}]},{"@type":"ImageObject","inLanguage":"sv-SE","@id":"https:\/\/www.nordictrans.com\/sv\/projektflode\/#primaryimage","url":"https:\/\/www.nordictrans.com\/wp-content\/uploads\/2018\/05\/translation-project-flow.png","contentUrl":"https:\/\/www.nordictrans.com\/wp-content\/uploads\/2018\/05\/translation-project-flow.png","width":1903,"height":670,"caption":"translation project flow"},{"@type":"BreadcrumbList","@id":"https:\/\/www.nordictrans.com\/sv\/projektflode\/#breadcrumb","itemListElement":[{"@type":"ListItem","position":1,"name":"Home","item":"https:\/\/www.nordictrans.com\/sv\/"},{"@type":"ListItem","position":2,"name":"Projektfl\u00f6de"}]},{"@type":"WebSite","@id":"https:\/\/www.nordictrans.com\/sv\/#website","url":"https:\/\/www.nordictrans.com\/sv\/","name":"Nordictrans.com","description":"Translation Agency specialized in Nordic Languages","publisher":{"@id":"https:\/\/www.nordictrans.com\/sv\/#organization"},"potentialAction":[{"@type":"SearchAction","target":{"@type":"EntryPoint","urlTemplate":"https:\/\/www.nordictrans.com\/sv\/?s={search_term_string}"},"query-input":{"@type":"PropertyValueSpecification","valueRequired":true,"valueName":"search_term_string"}}],"inLanguage":"sv-SE"},{"@type":"Organization","@id":"https:\/\/www.nordictrans.com\/sv\/#organization","name":"NordicTrans","url":"https:\/\/www.nordictrans.com\/sv\/","logo":{"@type":"ImageObject","inLanguage":"sv-SE","@id":"https:\/\/www.nordictrans.com\/sv\/#\/schema\/logo\/image\/","url":"https:\/\/www.nordictrans.com\/wp-content\/uploads\/2015\/02\/logoNT.png","contentUrl":"https:\/\/www.nordictrans.com\/wp-content\/uploads\/2015\/02\/logoNT.png","width":272,"height":92,"caption":"NordicTrans"},"image":{"@id":"https:\/\/www.nordictrans.com\/sv\/#\/schema\/logo\/image\/"},"sameAs":["https:\/\/www.facebook.com\/NordicTrans","https:\/\/x.com\/NordicTrans","https:\/\/www.instagram.com\/NordictransUS","https:\/\/www.linkedin.com\/company\/nordictrans","https:\/\/www.pinterest.com\/nordictrans01","https:\/\/www.youtube.com\/c\/nordictrans"]}]}},"_links":{"self":[{"href":"https:\/\/www.nordictrans.com\/sv\/wp-json\/wp\/v2\/pages\/11402","targetHints":{"allow":["GET"]}}],"collection":[{"href":"https:\/\/www.nordictrans.com\/sv\/wp-json\/wp\/v2\/pages"}],"about":[{"href":"https:\/\/www.nordictrans.com\/sv\/wp-json\/wp\/v2\/types\/page"}],"author":[{"embeddable":true,"href":"https:\/\/www.nordictrans.com\/sv\/wp-json\/wp\/v2\/users\/1"}],"replies":[{"embeddable":true,"href":"https:\/\/www.nordictrans.com\/sv\/wp-json\/wp\/v2\/comments?post=11402"}],"version-history":[{"count":5,"href":"https:\/\/www.nordictrans.com\/sv\/wp-json\/wp\/v2\/pages\/11402\/revisions"}],"predecessor-version":[{"id":48862,"href":"https:\/\/www.nordictrans.com\/sv\/wp-json\/wp\/v2\/pages\/11402\/revisions\/48862"}],"wp:featuredmedia":[{"embeddable":true,"href":"https:\/\/www.nordictrans.com\/sv\/wp-json\/wp\/v2\/media\/32976"}],"wp:attachment":[{"href":"https:\/\/www.nordictrans.com\/sv\/wp-json\/wp\/v2\/media?parent=11402"}],"curies":[{"name":"wp","href":"https:\/\/api.w.org\/{rel}","templated":true}]}}