{"id":11110,"date":"2011-09-15T03:42:21","date_gmt":"2011-09-15T03:42:21","guid":{"rendered":"http:\/\/dev.nordictrans.com\/focus\/"},"modified":"2018-02-08T14:32:07","modified_gmt":"2018-02-08T14:32:07","slug":"undustriinriktning","status":"publish","type":"page","link":"https:\/\/www.nordictrans.com\/sv\/undustriinriktning\/","title":{"rendered":"Undustriinriktning"},"content":{"rendered":"<div class=\"wpb-content-wrapper\"><p>[vc_row][vc_column]\n\t\t\t<!-- START Industry Focus REVOLUTION SLIDER 6.6.16 --><p class=\"rs-p-wp-fix\"><\/p>\n\t\t\t<rs-module-wrap id=\"rev_slider_20_1_wrapper\" data-source=\"gallery\" style=\"visibility:hidden;background:transparent;padding:0;margin:0px auto;margin-top:0;margin-bottom:0;\">\n\t\t\t\t<rs-module id=\"rev_slider_20_1\" style=\"\" data-version=\"6.6.16\">\n\t\t\t\t\t<rs-slides style=\"overflow: hidden; position: absolute;\">\n\t\t\t\t\t\t<rs-slide style=\"position: absolute;\" data-key=\"rs-108\" data-title=\"Slide\" data-anim=\"adpr:false;\">\n\t\t\t\t\t\t\t<img decoding=\"async\" src=\"\/\/www.nordictrans.com\/wp-content\/plugins\/revslider\/public\/assets\/assets\/dummy.png\" alt=\"\" title=\"Undustriinriktning\" class=\"rev-slidebg tp-rs-img rs-lazyload\" data-lazyload=\"\/\/www.nordictrans.com\/wp-content\/uploads\/2018\/05\/specialized-translation-fields.png\" data-parallax=\"15\" data-no-retina>\n<!--\n\t\t\t\t\t\t\t--><rs-layer\n\t\t\t\t\t\t\t\tid=\"slider-20-slide-108-layer-1\" \n\t\t\t\t\t\t\t\tdata-type=\"text\"\n\t\t\t\t\t\t\t\tdata-color=\"rgba(255,255,255,1)\"\n\t\t\t\t\t\t\t\tdata-rsp_ch=\"on\"\n\t\t\t\t\t\t\t\tdata-xy=\"x:c;xo:-4px,0,0,0;y:m;yo:-54px,0,0,0;\"\n\t\t\t\t\t\t\t\tdata-text=\"s:60,35,30,24;l:60,40,35,24;fw:700;a:center;\"\n\t\t\t\t\t\t\t\tdata-frame_0=\"tp:600;\"\n\t\t\t\t\t\t\t\tdata-frame_1=\"tp:600;st:0;\"\n\t\t\t\t\t\t\t\tdata-frame_999=\"o:0;tp:600;st:w;sR:8700.0006103516;\"\n\t\t\t\t\t\t\t\tstyle=\"z-index:5;font-family:'Open Sans';opacity:0.6;\"\n\t\t\t\t\t\t\t>\nVI HAR \u00d6PPET DYGNET <br\/>\nRUNT<br\/>\n \n\t\t\t\t\t\t\t<\/rs-layer><!--\n\n\t\t\t\t\t\t\t--><rs-layer\n\t\t\t\t\t\t\t\tid=\"slider-20-slide-108-layer-3\" \n\t\t\t\t\t\t\t\tdata-type=\"text\"\n\t\t\t\t\t\t\t\tdata-color=\"rgba(255,255,255,1)\"\n\t\t\t\t\t\t\t\tdata-rsp_ch=\"on\"\n\t\t\t\t\t\t\t\tdata-xy=\"x:c;xo:12px,12px,12px,0;y:m;yo:30px,30px,30px,56px;\"\n\t\t\t\t\t\t\t\tdata-text=\"s:30,30,30,28;l:30;a:inherit,inherit,inherit,center;\"\n\t\t\t\t\t\t\t\tdata-frame_0=\"tp:600;\"\n\t\t\t\t\t\t\t\tdata-frame_1=\"tp:600;st:0;\"\n\t\t\t\t\t\t\t\tdata-frame_999=\"o:0;tp:600;st:w;sR:8700.0006103516;\"\n\t\t\t\t\t\t\t\tstyle=\"z-index:6;font-family:'Roboto Slab';\"\n\t\t\t\t\t\t\t>f\u00f6r att hj\u00e4lpa dig med br\u00e5dskande <br\/> \u00f6vers\u00e4ttningsprojekt \n\t\t\t\t\t\t\t<\/rs-layer><!--\n-->\t\t\t\t\t\t<\/rs-slide>\n\t\t\t\t\t<\/rs-slides>\n\t\t\t\t<\/rs-module>\n\t\t\t\t<script>\n\t\t\t\t\tsetREVStartSize({c: 'rev_slider_20_1',rl:[1240,1024,778,480],el:[655,600,500,400],gw:[1240,1024,778,480],gh:[655,600,500,400],type:'hero',justify:'',layout:'fullwidth',mh:\"0\"});if (window.RS_MODULES!==undefined && window.RS_MODULES.modules!==undefined && window.RS_MODULES.modules[\"revslider201\"]!==undefined) {window.RS_MODULES.modules[\"revslider201\"].once = false;window.revapi20 = undefined;if (window.RS_MODULES.checkMinimal!==undefined) window.RS_MODULES.checkMinimal()}\n\t\t\t\t<\/script>\n\t\t\t<\/rs-module-wrap>\n\t\t\t<!-- END REVOLUTION SLIDER -->\n[\/vc_column][\/vc_row][vc_row][vc_column][vc_raw_html]JTNDZGl2JTIwaWQlM0QlMjJzZWNvbmRfYnJlZCUyMiUyMGNsYXNzJTNEJTIyd2YtdGQlMjIlM0UlM0MlMkZkaXYlM0U=[\/vc_raw_html][\/vc_column][\/vc_row][vc_row rowtype=&#8221;fullw&#8221; textalign=&#8221;center&#8221; padding=&#8221;50px&#8221;][vc_column][vc_empty_space height=&#8221;50px&#8221;][vc_column_text]<\/p>\n<h1 style=\"text-align: center; color: #2c5a85;\"><strong>Undustriinriktning &#8211; Industrifokus \u2013 specialiserade \u00f6vers\u00e4ttningsomr\u00e5den<\/strong><\/h1>\n<p>[\/vc_column_text][vc_empty_space][vc_separator][vc_empty_space][vc_column_text]<\/p>\n<h2 style=\"text-align: center;\">\u00d6vers\u00e4ttning \u00e4r v\u00e5r specialitet, oavsett \u00e4mne<\/h2>\n<p>[\/vc_column_text][vc_empty_space][\/vc_column][\/vc_row][vc_row][vc_column][vc_empty_space][vc_row_inner][vc_column_inner width=&#8221;1\/3&#8243;][vc_single_image image=&#8221;11124&#8243; img_size=&#8221;full&#8221; alignment=&#8221;center&#8221;][vc_column_text]<\/p>\n<h3 style=\"text-align: center;\">Marknadsf\u00f6ring<\/h3>\n<p>[\/vc_column_text][\/vc_column_inner][vc_column_inner width=&#8221;1\/3&#8243;][vc_single_image image=&#8221;11125&#8243; img_size=&#8221;full&#8221; alignment=&#8221;center&#8221;][vc_column_text]<\/p>\n<h3 style=\"text-align: center;\">Mediekommunikation<\/h3>\n<p>[\/vc_column_text][\/vc_column_inner][vc_column_inner width=&#8221;1\/3&#8243;][vc_single_image image=&#8221;11127&#8243; img_size=&#8221;full&#8221; alignment=&#8221;center&#8221;][vc_column_text]<\/p>\n<h3 style=\"text-align: center;\">Webbplatslokalisering<\/h3>\n<p>[\/vc_column_text][\/vc_column_inner][\/vc_row_inner][vc_empty_space][vc_row_inner][vc_column_inner width=&#8221;1\/3&#8243;][vc_single_image image=&#8221;11126&#8243; img_size=&#8221;full&#8221; alignment=&#8221;center&#8221;][vc_column_text]<\/p>\n<h3 style=\"text-align: center;\">Juridiska \u00f6vers\u00e4ttningar<\/h3>\n<p>[\/vc_column_text][\/vc_column_inner][vc_column_inner width=&#8221;1\/3&#8243;][vc_single_image image=&#8221;11128&#8243; img_size=&#8221;full&#8221; alignment=&#8221;center&#8221;][vc_column_text]<\/p>\n<h3 style=\"text-align: center;\">\u00d6vers\u00e4ttningar f\u00f6r e-handel<\/h3>\n<p>[\/vc_column_text][\/vc_column_inner][vc_column_inner width=&#8221;1\/3&#8243;][vc_single_image image=&#8221;11129&#8243; img_size=&#8221;full&#8221; alignment=&#8221;center&#8221;][vc_column_text]<\/p>\n<h3 style=\"text-align: center;\">Tekniska \u00f6vers\u00e4ttningar<\/h3>\n<p>[\/vc_column_text][\/vc_column_inner][\/vc_row_inner][vc_empty_space][vc_row_inner][vc_column_inner width=&#8221;1\/3&#8243;][vc_single_image image=&#8221;11130&#8243; img_size=&#8221;full&#8221; alignment=&#8221;center&#8221;][vc_column_text]<\/p>\n<h3 style=\"text-align: center;\">Telekommunikations\u00f6vers\u00e4ttningar<\/h3>\n<p>[\/vc_column_text][\/vc_column_inner][vc_column_inner width=&#8221;1\/3&#8243;][vc_single_image image=&#8221;11121&#8243; img_size=&#8221;full&#8221; alignment=&#8221;center&#8221;][vc_column_text]<\/p>\n<h3 style=\"text-align: center;\">\u00d6ppet dygnet runt<\/h3>\n<p>[\/vc_column_text][\/vc_column_inner][vc_column_inner width=&#8221;1\/3&#8243;][vc_single_image image=&#8221;11132&#8243; img_size=&#8221;full&#8221; alignment=&#8221;center&#8221;][vc_column_text]<\/p>\n<h3 style=\"text-align: center;\">Specialist p\u00e5 nordiska spr\u00e5k<\/h3>\n<p>[\/vc_column_text][\/vc_column_inner][\/vc_row_inner][vc_empty_space height=&#8221;50px&#8221;][vc_column_text]<\/p>\n<h3 style=\"text-align: center;\"><strong>Undustriinriktning<\/strong><\/h3>\n<p>[\/vc_column_text][\/vc_column][\/vc_row][vc_row][vc_column width=&#8221;1\/3&#8243;][vc_icon icon_fontawesome=&#8221;fa fa-usd&#8221; color=&#8221;custom&#8221; size=&#8221;lg&#8221; align=&#8221;center&#8221; custom_color=&#8221;#ccffcc&#8221;][vc_column_text]<\/p>\n<h4 class=\"custom-title\" style=\"text-align: center;\">Och alla aff\u00e4rsprocesser relaterade till IT-system i enlighet med alla lokala standarder<\/h4>\n<div class=\"inner\">\n<p style=\"text-align: center;\"><span style=\"color: #333333;\">Ekonomisk styrning<br \/>\nLageradministration<br \/>\nInk\u00f6psledning<br \/>\nProduktionsledning<br \/>\nS\u00e4ljledning<br \/>\nLeveranskedjeledning<br \/>\ne-handel och<br \/>\nAff\u00e4rsupplysning<\/span><\/p>\n<\/div>\n<p>[\/vc_column_text][\/vc_column][vc_column width=&#8221;1\/3&#8243;][vc_icon icon_fontawesome=&#8221;fa fa-globe&#8221; color=&#8221;custom&#8221; size=&#8221;lg&#8221; align=&#8221;center&#8221; custom_color=&#8221;#2c5a85&#8243;][vc_column_text]<\/p>\n<h4 class=\"custom-title\" style=\"text-align: center;\">IT &amp; Telekommunikationsomr\u00e5de<\/h4>\n<div class=\"inner\">\n<p style=\"text-align: center;\">ERP-l\u00f6sningar<br \/>\nInternet<br \/>\nMeddelande och s\u00e4kerhetsmjukvara<br \/>\nMjukvara och h\u00e5rdvaruapparater<br \/>\nN\u00e4tverksarbete &amp; Systemadministration<br \/>\nGrafik &amp; CAD (datorst\u00f6dd konstruktion)<br \/>\nTelekommunikation<\/p>\n<\/div>\n<p>[\/vc_column_text][\/vc_column][vc_column width=&#8221;1\/3&#8243;][vc_icon icon_fontawesome=&#8221;fa fa-briefcase&#8221; color=&#8221;custom&#8221; size=&#8221;lg&#8221; align=&#8221;center&#8221; custom_color=&#8221;#2c5a85&#8243;][vc_column_text]<\/p>\n<h4 class=\"custom-title\" style=\"text-align: center;\">Press &amp; Redaktionellt omr\u00e5de<\/h4>\n<div class=\"inner\">\n<p style=\"text-align: center;\">Tidskriftslokalisering<br \/>\nArtiklar<br \/>\nReportage<br \/>\nNotiser<br \/>\nIntervjuer<br \/>\nAnnonsering<br \/>\nIntervjuer<br \/>\nEss\u00e4er<br \/>\nPressmeddelanden<br \/>\nKataloger<br \/>\nBiografier<br \/>\nHandb\u00f6cker<\/p>\n<\/div>\n<p>[\/vc_column_text][\/vc_column][\/vc_row][vc_row][vc_column width=&#8221;1\/2&#8243;][vc_icon icon_fontawesome=&#8221;fa fa-wrench&#8221; color=&#8221;custom&#8221; size=&#8221;lg&#8221; align=&#8221;center&#8221; custom_color=&#8221;#ccffcc&#8221;][vc_column_text]<\/p>\n<h4 class=\"custom-title\" style=\"text-align: center;\">Industriell &amp; Tekniskt omr\u00e5de<\/h4>\n<div class=\"inner\" style=\"text-align: center;\">Tillverkningsprocesser<br \/>\nBruksanvisningar<br \/>\nKommersiella broschyrer<br \/>\nTekniska beskrivningar<br \/>\nStandardnormer<br \/>\nISO-certifikationsprocedurer<br \/>\nSpecifikationer<br \/>\nKataloger<br \/>\nRitningar<br \/>\nIntern kommunikation<br \/>\nAff\u00e4rscirkul\u00e4r<\/div>\n<p>[\/vc_column_text][\/vc_column][vc_column width=&#8221;1\/2&#8243;][vc_icon icon_fontawesome=&#8221;fa fa-bullhorn&#8221; color=&#8221;custom&#8221; size=&#8221;lg&#8221; align=&#8221;center&#8221; custom_color=&#8221;#8ebee2&#8243;][vc_column_text]<\/p>\n<h4 class=\"custom-title\" style=\"text-align: center;\">PR\/Marknadsf\u00f6ring &amp; Mediakommunikationsomr\u00e5de<\/h4>\n<div class=\"inner\">\n<p style=\"text-align: center;\">Kataloger<br \/>\nBroschyrer<br \/>\nPressmeddelande<br \/>\nMarknadsf\u00f6ringsunders\u00f6kningar<br \/>\nArtiklar<br \/>\nF\u00f6retagsclips<br \/>\nKonferensmaterial<br \/>\nS\u00e4ljstyrka &amp; Marknadsf\u00f6ringspresentationer<br \/>\nMediapresskit<\/p>\n<\/div>\n<p>[\/vc_column_text][\/vc_column][\/vc_row][vc_row rowtype=&#8221;fullw&#8221;][vc_column][vc_empty_space][vc_column_text]<\/p>\n<h3><span style=\"color: #2c5a85;\">Nordictrans har de n\u00f6dv\u00e4ndiga resurserna och arbetskraften f\u00f6r att leverera \u00f6vers\u00e4ttningstj\u00e4nster inom praktiskt taget alla omr\u00e5den. Vi har specialiserade \u00f6vers\u00e4ttare som \u00e4r fullt kapabla att leverera medicinska \u00f6vers\u00e4ttningar, tekniska \u00f6vers\u00e4ttningar, juridiska samt f\u00f6retags\u00f6vers\u00e4ttningar av dokument och hemsidor.<\/span><\/h3>\n<p>[\/vc_column_text][vc_empty_space][vc_row_inner][vc_column_inner][vc_empty_space][vc_custom_heading text=&#8221;Undustriinriktning: Specialiserade \u00f6vers\u00e4ttningsomr\u00e5den&#8221; font_container=&#8221;tag:h2|text_align:center|color:%23666666&#8243; google_fonts=&#8221;font_family:Roboto%20Slab%3A100%2C300%2Cregular%2C700|font_style:400%20regular%3A400%3Anormal&#8221;][vc_empty_space][vc_column_text]<\/p>\n<p style=\"text-align: center;\" align=\"center\"><span lang=\"SV\">Det finns ett mycket gott sk\u00e4l till varf\u00f6r du och ditt f\u00f6retag skulle \u00f6verv\u00e4ga f\u00f6rdelarna med att anv\u00e4nda de b\u00e4sta \u00f6vers\u00e4ttningstj\u00e4nsterna f\u00f6r f\u00f6retag p\u00e5 marknaden idag. N\u00e4r ni vill best\u00e4lla juridiska \u00f6vers\u00e4ttningar \u00e4r det klokt att beakta detta. Den typ av dokument ni anv\u00e4nder under s\u00e5dana aff\u00e4rstransaktioner kr\u00e4ver vanligen den h\u00f6gsta sekretessniv\u00e5n. Av det sk\u00e4let beh\u00f6ver era behov av juridisk \u00f6vers\u00e4ttning hanteras av professionella som medarbetarna i v\u00e5rt team.<\/span><\/p>\n<p style=\"text-align: center;\" align=\"center\"><span lang=\"SV\">Fr\u00e5n den stund d\u00e5 vi b\u00f6rjar arbeta med er i tekniska \u00f6vers\u00e4ttningar s\u00e5 kommer ni uppskatta arbetet vi utf\u00f6r. N\u00e4r det g\u00e4ller den h\u00e4r sortens aff\u00e4rstransaktioner s\u00e5 finns det inget som \u00e4r f\u00f6r tekniskt f\u00f6r v\u00e5rt team att hantera. Vi kan leverera tekniska \u00f6vers\u00e4ttningstj\u00e4nster \u00e5t er p\u00e5 mycket kort tid, s\u00e5 att ni kan \u00e5terg\u00e5 till aff\u00e4rerna och g\u00f6ra det ni brukar g\u00f6ra smidigt och enkelt.<\/span><\/p>\n<p style=\"text-align: center;\" align=\"center\"><span lang=\"SV\">Sedan vi b\u00f6rjade erbjuda v\u00e5ra \u00f6vers\u00e4ttningstj\u00e4nster har vi n\u00e5tt ut vitt och brett \u00f6ver hela regionen. Faktum \u00e4r att numera kan ni ocks\u00e5 f\u00e5 medicinska \u00f6vers\u00e4ttningar fr\u00e5n oss, s\u00e5 att alla era medicinska dokument blir l\u00e4ttare att f\u00f6rst\u00e5. Ni kan f\u00f6rest\u00e4lla er en situation d\u00e4r ni flyttar till ett nytt land, men ingen f\u00f6rst\u00e5r informationen p\u00e5 era medicinska papper. Det \u00e4r d\u00e4rf\u00f6r vi bist\u00e5r er med medicinsk \u00f6vers\u00e4ttning till de mest intrikata dialekterna s\u00e5 h\u00e4r l\u00e5ngt, s\u00e5 att ni inte f\u00e5r n\u00e5got annat \u00e4n de b\u00e4sta tj\u00e4nsterna utifr\u00e5n detsamma.<\/span><\/p>\n<p style=\"text-align: center;\" align=\"center\"><strong><span lang=\"SV\">Vi levererar kvalitets\u00f6vers\u00e4ttningar till \u00f6verkomliga priser f\u00f6r alla \u00f6vers\u00e4ttningsomr\u00e5den enligt ovan.<\/span><\/strong><span lang=\"SV\"> Om ni letar efter n\u00e5got som inte finns med i listan s\u00e5 kontakta oss &#8211; det finns goda m\u00f6jligheter att vi kan tillhandah\u00e5lla det ocks\u00e5!<\/span><\/p>\n<p>[\/vc_column_text][vc_empty_space height=&#8221;50px&#8221;][\/vc_column_inner][\/vc_row_inner][\/vc_column][\/vc_row][vc_row type=&#8221;3&#8243; margin_bottom=&#8221;0px&#8221; full_width_row=&#8221;true&#8221; rowtype=&#8221;fullw&#8221; textalign=&#8221;center&#8221; padding=&#8221;30px 0px&#8221; css=&#8221;.vc_custom_1479126782840{margin-bottom: 0px !important;padding-top: 30px !important;padding-right: 0px !important;padding-bottom: 30px !important;padding-left: 0px !important;background-color: #ccffcc !important;}&#8221; el_class=&#8221;live-contact-btn-wrap&#8221;][vc_column][vc_cta h2=&#8221;\u00c4r du redo? D\u00e5 b\u00f6rjar vi: &#8221; txt_align=&#8221;center&#8221; add_button=&#8221;right&#8221; btn_title=&#8221;LIVEKONTAKT&#8221; btn_style=&#8221;custom&#8221; btn_custom_background=&#8221;#ffffff&#8221; btn_custom_text=&#8221;#2a4a8f&#8221; btn_shape=&#8221;round&#8221; btn_align=&#8221;center&#8221; btn_button_block=&#8221;true&#8221; btn_custom_onclick=&#8221;true&#8221; btn_smooth_scroll=&#8221;true&#8221; btn_link=&#8221;url:https%3A%2F%2Fwww.nordictrans.com%2Fchat-popup%2F|||&#8221; el_class=&#8221;live-contact-btn&#8221;][\/vc_cta][\/vc_column][\/vc_row]<\/p>\n<\/div>","protected":false},"excerpt":{"rendered":"<p>[vc_row][vc_column][\/vc_column][\/vc_row][vc_row][vc_column][vc_raw_html]JTNDZGl2JTIwaWQlM0QlMjJzZWNvbmRfYnJlZCUyMiUyMGNsYXNzJTNEJTIyd2YtdGQlMjIlM0UlM0MlMkZkaXYlM0U=[\/vc_raw_html][\/vc_column][\/vc_row][vc_row rowtype=&#8221;fullw&#8221; textalign=&#8221;center&#8221; padding=&#8221;50px&#8221;][vc_column][vc_empty_space height=&#8221;50px&#8221;][vc_column_text] Undustriinriktning &#8211; Industrifokus \u2013 specialiserade \u00f6vers\u00e4ttningsomr\u00e5den [\/vc_column_text][vc_empty_space][vc_separator][vc_empty_space][vc_column_text] \u00d6vers\u00e4ttning \u00e4r v\u00e5r specialitet, oavsett \u00e4mne [\/vc_column_text][vc_empty_space][\/vc_column][\/vc_row][vc_row][vc_column][vc_empty_space][vc_row_inner][vc_column_inner width=&#8221;1\/3&#8243;][vc_single_image image=&#8221;11124&#8243; img_size=&#8221;full&#8221; alignment=&#8221;center&#8221;][vc_column_text] Marknadsf\u00f6ring [\/vc_column_text][\/vc_column_inner][vc_column_inner width=&#8221;1\/3&#8243;][vc_single_image image=&#8221;11125&#8243; img_size=&#8221;full&#8221; alignment=&#8221;center&#8221;][vc_column_text] Mediekommunikation [\/vc_column_text][\/vc_column_inner][vc_column_inner width=&#8221;1\/3&#8243;][vc_single_image image=&#8221;11127&#8243; img_size=&#8221;full&#8221; alignment=&#8221;center&#8221;][vc_column_text] Webbplatslokalisering [\/vc_column_text][\/vc_column_inner][\/vc_row_inner][vc_empty_space][vc_row_inner][vc_column_inner width=&#8221;1\/3&#8243;][vc_single_image image=&#8221;11126&#8243; img_size=&#8221;full&#8221; alignment=&#8221;center&#8221;][vc_column_text] Juridiska \u00f6vers\u00e4ttningar [\/vc_column_text][\/vc_column_inner][vc_column_inner width=&#8221;1\/3&#8243;][vc_single_image image=&#8221;11128&#8243; img_size=&#8221;full&#8221; alignment=&#8221;center&#8221;][vc_column_text] \u00d6vers\u00e4ttningar f\u00f6r e-handel [\/vc_column_text][\/vc_column_inner][vc_column_inner width=&#8221;1\/3&#8243;][vc_single_image image=&#8221;11129&#8243; img_size=&#8221;full&#8221;&hellip;<\/p>\n","protected":false},"author":1,"featured_media":33304,"parent":0,"menu_order":0,"comment_status":"closed","ping_status":"closed","template":"","meta":{"_acf_changed":false,"footnotes":""},"class_list":["post-11110","page","type-page","status-publish","has-post-thumbnail","hentry","description-off"],"acf":[],"yoast_head":"<!-- This site is optimized with the Yoast SEO Premium plugin v26.5 (Yoast SEO v26.5) - https:\/\/yoast.com\/wordpress\/plugins\/seo\/ -->\n<title>Undustriinriktning - specialiserade \u00f6vers\u00e4ttningsomr\u00e5den<\/title>\n<meta name=\"description\" content=\"Undustriinriktning: NordicTrans specialiserar sig p\u00e5 dokument\u00f6vers\u00e4ttning fr\u00e5n engelska till danska, nederl\u00e4ndska, svenska, finska, norska och tyska.\" \/>\n<meta name=\"robots\" content=\"index, follow, max-snippet:-1, max-image-preview:large, max-video-preview:-1\" \/>\n<link rel=\"canonical\" href=\"https:\/\/www.nordictrans.com\/sv\/undustriinriktning\/\" \/>\n<meta property=\"og:locale\" content=\"sv_SE\" \/>\n<meta property=\"og:type\" content=\"article\" \/>\n<meta property=\"og:title\" content=\"Undustriinriktning\" \/>\n<meta property=\"og:description\" content=\"NordicTrans works in the following specialized translation fields: medical, technical, legal and business and can translate from and into over 120 languages\" \/>\n<meta property=\"og:url\" content=\"https:\/\/www.nordictrans.com\/sv\/undustriinriktning\/\" \/>\n<meta property=\"og:site_name\" content=\"Nordictrans.com\" \/>\n<meta property=\"article:publisher\" content=\"https:\/\/www.facebook.com\/NordicTrans\" \/>\n<meta property=\"article:modified_time\" content=\"2018-02-08T14:32:07+00:00\" \/>\n<meta property=\"og:image\" content=\"https:\/\/www.nordictrans.com\/wp-content\/uploads\/2018\/05\/specialized-translation-fields.png\" \/>\n\t<meta property=\"og:image:width\" content=\"1903\" \/>\n\t<meta property=\"og:image:height\" content=\"670\" \/>\n\t<meta property=\"og:image:type\" content=\"image\/png\" \/>\n<meta name=\"twitter:card\" content=\"summary_large_image\" \/>\n<meta name=\"twitter:description\" content=\"JTNDZGl2JTIwaWQlM0QlMjJzZWNvbmRfYnJlZCUyMiUyMGNsYXNzJTNEJTIyd2YtdGQlMjIlM0UlM0MlMkZkaXYlM0U= Undustriinriktning - Industrifokus \u2013 specialiserade\" \/>\n<meta name=\"twitter:site\" content=\"@NordicTrans\" \/>\n<meta name=\"twitter:label1\" content=\"Ber\u00e4knad l\u00e4stid\" \/>\n\t<meta name=\"twitter:data1\" content=\"6 minuter\" \/>\n<!-- \/ Yoast SEO Premium plugin. -->","yoast_head_json":{"title":"Undustriinriktning - specialiserade \u00f6vers\u00e4ttningsomr\u00e5den","description":"Undustriinriktning: NordicTrans specialiserar sig p\u00e5 dokument\u00f6vers\u00e4ttning fr\u00e5n engelska till danska, nederl\u00e4ndska, svenska, finska, norska och tyska.","robots":{"index":"index","follow":"follow","max-snippet":"max-snippet:-1","max-image-preview":"max-image-preview:large","max-video-preview":"max-video-preview:-1"},"canonical":"https:\/\/www.nordictrans.com\/sv\/undustriinriktning\/","og_locale":"sv_SE","og_type":"article","og_title":"Undustriinriktning","og_description":"NordicTrans works in the following specialized translation fields: medical, technical, legal and business and can translate from and into over 120 languages","og_url":"https:\/\/www.nordictrans.com\/sv\/undustriinriktning\/","og_site_name":"Nordictrans.com","article_publisher":"https:\/\/www.facebook.com\/NordicTrans","article_modified_time":"2018-02-08T14:32:07+00:00","og_image":[{"width":1903,"height":670,"url":"https:\/\/www.nordictrans.com\/wp-content\/uploads\/2018\/05\/specialized-translation-fields.png","type":"image\/png"}],"twitter_card":"summary_large_image","twitter_description":"JTNDZGl2JTIwaWQlM0QlMjJzZWNvbmRfYnJlZCUyMiUyMGNsYXNzJTNEJTIyd2YtdGQlMjIlM0UlM0MlMkZkaXYlM0U= Undustriinriktning - Industrifokus \u2013 specialiserade","twitter_site":"@NordicTrans","twitter_misc":{"Ber\u00e4knad l\u00e4stid":"6 minuter"},"schema":{"@context":"https:\/\/schema.org","@graph":[{"@type":"WebPage","@id":"https:\/\/www.nordictrans.com\/sv\/undustriinriktning\/","url":"https:\/\/www.nordictrans.com\/sv\/undustriinriktning\/","name":"Undustriinriktning - specialiserade \u00f6vers\u00e4ttningsomr\u00e5den","isPartOf":{"@id":"https:\/\/www.nordictrans.com\/sv\/#website"},"primaryImageOfPage":{"@id":"https:\/\/www.nordictrans.com\/sv\/undustriinriktning\/#primaryimage"},"image":{"@id":"https:\/\/www.nordictrans.com\/sv\/undustriinriktning\/#primaryimage"},"thumbnailUrl":"https:\/\/www.nordictrans.com\/wp-content\/uploads\/2018\/05\/specialized-translation-fields.png","datePublished":"2011-09-15T03:42:21+00:00","dateModified":"2018-02-08T14:32:07+00:00","description":"Undustriinriktning: NordicTrans specialiserar sig p\u00e5 dokument\u00f6vers\u00e4ttning fr\u00e5n engelska till danska, nederl\u00e4ndska, svenska, finska, norska och tyska.","breadcrumb":{"@id":"https:\/\/www.nordictrans.com\/sv\/undustriinriktning\/#breadcrumb"},"inLanguage":"sv-SE","potentialAction":[{"@type":"ReadAction","target":["https:\/\/www.nordictrans.com\/sv\/undustriinriktning\/"]}]},{"@type":"ImageObject","inLanguage":"sv-SE","@id":"https:\/\/www.nordictrans.com\/sv\/undustriinriktning\/#primaryimage","url":"https:\/\/www.nordictrans.com\/wp-content\/uploads\/2018\/05\/specialized-translation-fields.png","contentUrl":"https:\/\/www.nordictrans.com\/wp-content\/uploads\/2018\/05\/specialized-translation-fields.png","width":1903,"height":670,"caption":"specialized translation fields"},{"@type":"BreadcrumbList","@id":"https:\/\/www.nordictrans.com\/sv\/undustriinriktning\/#breadcrumb","itemListElement":[{"@type":"ListItem","position":1,"name":"Home","item":"https:\/\/www.nordictrans.com\/sv\/"},{"@type":"ListItem","position":2,"name":"Undustriinriktning"}]},{"@type":"WebSite","@id":"https:\/\/www.nordictrans.com\/sv\/#website","url":"https:\/\/www.nordictrans.com\/sv\/","name":"Nordictrans.com","description":"Translation Agency specialized in Nordic Languages","publisher":{"@id":"https:\/\/www.nordictrans.com\/sv\/#organization"},"potentialAction":[{"@type":"SearchAction","target":{"@type":"EntryPoint","urlTemplate":"https:\/\/www.nordictrans.com\/sv\/?s={search_term_string}"},"query-input":{"@type":"PropertyValueSpecification","valueRequired":true,"valueName":"search_term_string"}}],"inLanguage":"sv-SE"},{"@type":"Organization","@id":"https:\/\/www.nordictrans.com\/sv\/#organization","name":"NordicTrans","url":"https:\/\/www.nordictrans.com\/sv\/","logo":{"@type":"ImageObject","inLanguage":"sv-SE","@id":"https:\/\/www.nordictrans.com\/sv\/#\/schema\/logo\/image\/","url":"https:\/\/www.nordictrans.com\/wp-content\/uploads\/2015\/02\/logoNT.png","contentUrl":"https:\/\/www.nordictrans.com\/wp-content\/uploads\/2015\/02\/logoNT.png","width":272,"height":92,"caption":"NordicTrans"},"image":{"@id":"https:\/\/www.nordictrans.com\/sv\/#\/schema\/logo\/image\/"},"sameAs":["https:\/\/www.facebook.com\/NordicTrans","https:\/\/x.com\/NordicTrans","https:\/\/www.instagram.com\/NordictransUS","https:\/\/www.linkedin.com\/company\/nordictrans","https:\/\/www.pinterest.com\/nordictrans01","https:\/\/www.youtube.com\/c\/nordictrans"]}]}},"_links":{"self":[{"href":"https:\/\/www.nordictrans.com\/sv\/wp-json\/wp\/v2\/pages\/11110","targetHints":{"allow":["GET"]}}],"collection":[{"href":"https:\/\/www.nordictrans.com\/sv\/wp-json\/wp\/v2\/pages"}],"about":[{"href":"https:\/\/www.nordictrans.com\/sv\/wp-json\/wp\/v2\/types\/page"}],"author":[{"embeddable":true,"href":"https:\/\/www.nordictrans.com\/sv\/wp-json\/wp\/v2\/users\/1"}],"replies":[{"embeddable":true,"href":"https:\/\/www.nordictrans.com\/sv\/wp-json\/wp\/v2\/comments?post=11110"}],"version-history":[{"count":5,"href":"https:\/\/www.nordictrans.com\/sv\/wp-json\/wp\/v2\/pages\/11110\/revisions"}],"predecessor-version":[{"id":27010,"href":"https:\/\/www.nordictrans.com\/sv\/wp-json\/wp\/v2\/pages\/11110\/revisions\/27010"}],"wp:featuredmedia":[{"embeddable":true,"href":"https:\/\/www.nordictrans.com\/sv\/wp-json\/wp\/v2\/media\/33304"}],"wp:attachment":[{"href":"https:\/\/www.nordictrans.com\/sv\/wp-json\/wp\/v2\/media?parent=11110"}],"curies":[{"name":"wp","href":"https:\/\/api.w.org\/{rel}","templated":true}]}}