{"id":24896,"date":"2017-03-08T13:27:13","date_gmt":"2017-03-08T13:27:13","guid":{"rendered":"https:\/\/www.nordictrans.com\/?page_id=24896\/"},"modified":"2018-02-08T14:25:06","modified_gmt":"2018-02-08T14:25:06","slug":"juridiske-oversettelsestjenester","status":"publish","type":"page","link":"https:\/\/www.nordictrans.com\/nb\/industrifokus\/juridiske-oversettelsestjenester\/","title":{"rendered":"Juridiske oversettelsestjenester"},"content":{"rendered":"<div class=\"wpb-content-wrapper\"><p>[vc_row][vc_column]\n\t\t\t<!-- START Legal Translation REVOLUTION SLIDER 6.6.16 --><p class=\"rs-p-wp-fix\"><\/p>\n\t\t\t<rs-module-wrap id=\"rev_slider_25_1_wrapper\" data-source=\"gallery\" style=\"visibility:hidden;background:transparent;padding:0;margin:0px auto;margin-top:0;margin-bottom:0;\">\n\t\t\t\t<rs-module id=\"rev_slider_25_1\" style=\"\" data-version=\"6.6.16\">\n\t\t\t\t\t<rs-slides style=\"overflow: hidden; position: absolute;\">\n\t\t\t\t\t\t<rs-slide style=\"position: absolute;\" data-key=\"rs-130\" data-title=\"Slide\" data-anim=\"adpr:false;\">\n\t\t\t\t\t\t\t<img decoding=\"async\" src=\"\/\/www.nordictrans.com\/wp-content\/plugins\/revslider\/public\/assets\/assets\/dummy.png\" alt=\"\" title=\"Juridiske oversettelsestjenester\" class=\"rev-slidebg tp-rs-img rs-lazyload\" data-lazyload=\"\/\/www.nordictrans.com\/wp-content\/uploads\/2018\/05\/legal-translation-services.png\" data-parallax=\"15\" data-no-retina>\n<!--\n\t\t\t\t\t\t\t--><rs-layer\n\t\t\t\t\t\t\t\tid=\"slider-25-slide-130-layer-1\" \n\t\t\t\t\t\t\t\tdata-type=\"text\"\n\t\t\t\t\t\t\t\tdata-color=\"rgba(255,255,255,1)\"\n\t\t\t\t\t\t\t\tdata-rsp_ch=\"on\"\n\t\t\t\t\t\t\t\tdata-xy=\"x:l,l,l,c;xo:106px,0,0,0;y:m;\"\n\t\t\t\t\t\t\t\tdata-text=\"s:50,50,40,30;l:50,50,40,30;fw:700;a:left,left,left,center;\"\n\t\t\t\t\t\t\t\tdata-frame_0=\"tp:600;\"\n\t\t\t\t\t\t\t\tdata-frame_1=\"tp:600;st:0;\"\n\t\t\t\t\t\t\t\tdata-frame_999=\"o:0;tp:600;st:w;sR:8700.0006103516;\"\n\t\t\t\t\t\t\t\tstyle=\"z-index:5;font-family:'Open Sans';opacity:0.6;\"\n\t\t\t\t\t\t\t>\nJURIDISKE <br\/>\nOVERSETTELSESTJENESTER \n\t\t\t\t\t\t\t<\/rs-layer><!--\n-->\t\t\t\t\t\t<\/rs-slide>\n\t\t\t\t\t<\/rs-slides>\n\t\t\t\t<\/rs-module>\n\t\t\t\t<script>\n\t\t\t\t\tsetREVStartSize({c: 'rev_slider_25_1',rl:[1240,1024,778,480],el:[655,600,500,400],gw:[1240,1024,778,480],gh:[655,600,500,400],type:'hero',justify:'',layout:'fullwidth',mh:\"0\"});if (window.RS_MODULES!==undefined && window.RS_MODULES.modules!==undefined && window.RS_MODULES.modules[\"revslider251\"]!==undefined) {window.RS_MODULES.modules[\"revslider251\"].once = false;window.revapi25 = undefined;if (window.RS_MODULES.checkMinimal!==undefined) window.RS_MODULES.checkMinimal()}\n\t\t\t\t<\/script>\n\t\t\t<\/rs-module-wrap>\n\t\t\t<!-- END REVOLUTION SLIDER -->\n[\/vc_column][\/vc_row][vc_row][vc_column][vc_raw_html]JTNDZGl2JTIwaWQlM0QlMjJzZWNvbmRfYnJlZCUyMiUyMGNsYXNzJTNEJTIyd2YtdGQlMjIlM0UlM0MlMkZkaXYlM0U=[\/vc_raw_html][\/vc_column][\/vc_row][vc_row rowtype=&#8221;fullw&#8221; textalign=&#8221;center&#8221;][vc_column][vc_empty_space][vc_column_text css_animation=&#8221;zoomIn&#8221;]<\/p>\n<h1 style=\"text-align: center; color: #2c5a85;\"><strong>Juridiske Oversettelsestjenester<\/strong><\/h1>\n<p>[\/vc_column_text][vc_empty_space][vc_row_inner][vc_column_inner][vc_column_text]<\/p>\n<p style=\"text-align: center;\">Gang p\u00e5 gang har vi kommet over folk som ikke forst\u00e5r hvorfor de blir belastet det de blir belastet. Dette gj\u00f8r arbeidet enda vanskeligere fordi disse klientene ikke kan sette pris p\u00e5 behovet for den tjenesten de mottar. N\u00e5r du er p\u00e5 jakt etter juridiske oversettelsestjenester er en av de viktigeste tingene som det er meningen at du skal gj\u00f8re er \u00e5 s\u00f8rge for at du ikke f\u00e5r noen andre enn de beste leverand\u00f8rene til \u00e5 gj\u00f8re det for deg. Annet enn det, m\u00e5 du f\u00e5 en god og klar forst\u00e5else for hvorfor du betaler for de tjenestene du betaler for.<\/p>\n<p style=\"text-align: center;\">For \u00e5 v\u00e6re \u00e6rlig, er juridiske oversettelser noes om du ikke b\u00f8r ta for gitt. Resultatene som du f\u00e5r fra dette arbeidet vil g\u00e5 en lang vei i \u00e5 bestemme l\u00f8pet av hva du skal bruke oversettelsene til. Det er av denne grunn derfor at du m\u00e5 s\u00f8rge for at du ser etter juridiske oversettelsestjenester som vil v\u00e6re verdt hver tid og ressurs som du bruker p\u00e5 det.<\/p>\n<p style=\"text-align: center;\">N\u00e5r du er p\u00e5 jakt etter noen eller et selskap som kan tilby juridiske oversettelser for deg, er det alltid n\u00f8dvendig at du ser p\u00e5 utsiktene til \u00e5 f\u00e5 en leverand\u00f8r som forst\u00e5r dine behov. For \u00e5 gj\u00f8re dette, b\u00f8r du f\u00f8rst forklare dem hva du trenger, og p\u00e5 hvilken m\u00e5te du m\u00e5 ha dette gjort. Mesteparten av tiden klarer ikke folk \u00e5 gi de n\u00f8dvendige instrukser om hva de trenger, og dette gj\u00f8r livet ganske mye vanskeligere for de som er ment \u00e5 skulle hjelpe.<\/p>\n<p>[\/vc_column_text][\/vc_column_inner][\/vc_row_inner][vc_empty_space height=&#8221;50px&#8221;][\/vc_column][\/vc_row][vc_row padding=&#8221;20px 0&#8243;][vc_column][vc_row_inner][vc_column_inner width=&#8221;1\/2&#8243;][vc_single_image image=&#8221;10297&#8243; img_size=&#8221;full&#8221; alignment=&#8221;center&#8221; css_animation=&#8221;fadeInLeft&#8221;][vc_empty_space][\/vc_column_inner][vc_column_inner width=&#8221;1\/2&#8243;][vc_text_separator title=&#8221;Juridiske dokumenter vi oversetter&#8221; style=&#8221;double&#8221;][vc_empty_space][vc_column_text css_animation=&#8221;fadeInRight&#8221;]NordicTrans sysselsetter h\u00f8yt kvalifiserte oversettere med omfattende kunnskap i det juridiske feltet for \u00e5 kunne gi den best mulige oversettelsen av f\u00f8lgende juridiske dokumenter:[\/vc_column_text][vc_empty_space][vc_column_text css_animation=&#8221;fadeInRight&#8221;]<\/p>\n<div style=\"width: 250px; margin-right: auto; margin-left: auto; text-align: left;\">\n<p style=\"text-align: left;\"><i class=\"fa fa-check-circle fa-lg\" style=\"color: #81d742;\"><\/i><strong>\u00a0 Kontrakter<\/strong><\/p>\n<p style=\"text-align: left;\"><i class=\"fa fa-check-circle fa-lg\" style=\"color: #81d742;\"><\/i><strong>\u00a0 Patenter<\/strong><\/p>\n<p style=\"text-align: left;\"><i class=\"fa fa-check-circle fa-lg\" style=\"color: #81d742;\"><\/i><strong>\u00a0 Juridiske markedsf\u00f8ringsdokumenter<\/strong><\/p>\n<p style=\"text-align: left;\"><i class=\"fa fa-check-circle fa-lg\" style=\"color: #81d742;\"><\/i><strong>\u00a0 Juridiske skattedokumenter<\/strong><\/p>\n<p style=\"text-align: left;\"><i class=\"fa fa-check-circle fa-lg\" style=\"color: #81d742;\"><\/i><strong>\u00a0 Rettsdokumenter<\/strong><\/p>\n<p style=\"text-align: left;\"><i class=\"fa fa-check-circle fa-lg\" style=\"color: #81d742;\"><\/i><strong>\u00a0 Retningslinjer for personvern<\/strong><\/p>\n<p style=\"text-align: left;\"><i class=\"fa fa-check-circle fa-lg\" style=\"color: #81d742;\"><\/i><strong>\u00a0 Testamenter og gjerninger<\/strong><\/p>\n<\/div>\n<p>[\/vc_column_text][\/vc_column_inner][\/vc_row_inner][vc_empty_space height=&#8221;50px&#8221;][\/vc_column][\/vc_row][vc_row type=&#8221;vc_default&#8221; bg_type=&#8221;bg_color&#8221; bg_override=&#8221;full&#8221; rowtype=&#8221;fullw&#8221; padding=&#8221;20px 0&#8243; css=&#8221;.vc_custom_1478848968464{padding-top: 20px !important;padding-right: 0px !important;padding-bottom: 20px !important;padding-left: 0px !important;}&#8221; bg_color_value=&#8221;#ebebeb&#8221;][vc_column][vc_empty_space][vc_column_text css_animation=&#8221;zoomIn&#8221;]<\/p>\n<h2 class=\"custom_title title_center txt_maincolor title_center borderb\" style=\"text-align: center;\" data-animation=\"zoomIn\" data-anim-target=\"self\" data-delay=\"100\" data-speed=\"800\" data-ease=\"easeInOutQuart\"><span style=\"color: #2a4a8f;\">H\u00f8y kvalitet, Rimelig, Raske tjenester<\/span><\/h2>\n<p>[\/vc_column_text][vc_empty_space][vc_separator color=&#8221;custom&#8221; border_width=&#8221;2&#8243; el_width=&#8221;10&#8243; accent_color=&#8221;#666666&#8243;][vc_empty_space][vc_column_text css_animation=&#8221;fadeInUp&#8221;]<\/p>\n<p style=\"text-align: center;\">For de beste oversettelsene vil det v\u00e6re en brilliant ide hvis du er i stand til \u00e5 diskutere tingene du trenger med menneskene som leverer de til deg. Dette vil faktisk gj\u00f8re b\u00e5de arbeidet ditto g v\u00e5rt enklere. Del sammenhengen som du trenger \u00e5 f\u00e5 dekket i de juridiske oversettelsestjenestene som du leter etter, og vi vil v\u00e6re i stand til \u00e5 komme opp med den riktige l\u00f8sningen for dine behov. Juridiske oversettelser, selv om sv\u00e6rt spesialisert, trenger ikke \u00e5 v\u00e6re dyrt. Vi er i stand til \u00e5 gi oversettelser for andre juridiske dokumenter fra og til 50 spr\u00e5k til en rimelig pris.<\/p>\n<p>[\/vc_column_text][vc_empty_space][\/vc_column][\/vc_row][vc_row][vc_column][vc_empty_space][vc_column_text css_animation=&#8221;zoomIn&#8221;]<\/p>\n<h2 class=\"custom_title title_center txt_maincolor title_center default\" style=\"text-align: center;\" data-animation=\"showUp\" data-anim-target=\"self\" data-delay=\"100\" data-speed=\"800\" data-ease=\"easeInOutQuart\"><span style=\"color: #2a4a8f;\">Juridisk oversettelsestjenester til ethvert form\u00e5l<\/span><\/h2>\n<p>[\/vc_column_text][vc_empty_space height=&#8221;10px&#8221;]<div class=\"dt-fancy-separator\" style=\"width: 70%;\"><div class=\"dt-fancy-title\"><span class=\"separator-holder separator-left\"><\/span>Noen Av V\u00e5re Kunder<span class=\"separator-holder separator-right\"><\/span><\/div><\/div>[vc_empty_space height=&#8221;20px&#8221;][vc_column_text css_animation=&#8221;zoomIn&#8221;]<\/p>\n<div style=\"width: 250px; margin-right: auto; margin-left: auto; text-align: center;\">\n<p style=\"text-align: left;\"><i class=\"fa fa-check-circle fa-lg\" style=\"color: #81d742;\"><\/i><strong>\u00a0 Advokatfirmaer<\/strong><\/p>\n<p style=\"text-align: left;\"><i class=\"fa fa-check-circle fa-lg\" style=\"color: #81d742;\"><\/i><strong>\u00a0 Juridiske avdelinger<\/strong><\/p>\n<p style=\"text-align: left;\"><i class=\"fa fa-check-circle fa-lg\" style=\"color: #81d742;\"><\/i><strong>\u00a0 Globale selskaper<\/strong><\/p>\n<p style=\"text-align: left;\"><i class=\"fa fa-check-circle fa-lg\" style=\"color: #81d742;\"><\/i><strong>\u00a0 Sm\u00e5 bedrifter<\/strong><\/p>\n<p style=\"text-align: left;\"><i class=\"fa fa-check-circle fa-lg\" style=\"color: #81d742;\"><\/i><strong>\u00a0 Mellomstore bedrifter<\/strong><\/p>\n<p style=\"text-align: left;\"><i class=\"fa fa-check-circle fa-lg\" style=\"color: #81d742;\"><\/i><strong>\u00a0 Regnskapsselskaper<\/strong><\/p>\n<p style=\"text-align: left;\"><i class=\"fa fa-check-circle fa-lg\" style=\"color: #81d742;\"><\/i><strong> Juridiske konsulenter<\/strong><\/p>\n<\/div>\n<p>[\/vc_column_text][vc_empty_space height=&#8221;50px&#8221;][\/vc_column][\/vc_row][vc_row type=&#8221;3&#8243; margin_bottom=&#8221;0px&#8221; full_width_row=&#8221;true&#8221; rowtype=&#8221;fullw&#8221; textalign=&#8221;center&#8221; padding=&#8221;30px 0px&#8221; css=&#8221;.vc_custom_1478849030891{margin-bottom: 0px !important;padding-top: 30px !important;padding-right: 0px !important;padding-bottom: 30px !important;padding-left: 0px !important;}&#8221; el_class=&#8221;live-contact-btn-wrap&#8221;][vc_column][vc_cta h2=&#8221;Er du klar? La oss komme i gang: &#8221; txt_align=&#8221;center&#8221; add_button=&#8221;right&#8221; btn_title=&#8221;LEVENDE KONTAKT&#8221; btn_style=&#8221;custom&#8221; btn_custom_background=&#8221;#ffffff&#8221; btn_custom_text=&#8221;#2a4a8f&#8221; btn_shape=&#8221;round&#8221; btn_align=&#8221;center&#8221; btn_button_block=&#8221;true&#8221; btn_custom_onclick=&#8221;true&#8221; btn_smooth_scroll=&#8221;true&#8221; btn_link=&#8221;url:https%3A%2F%2Fwww.nordictrans.com%2Fchat-popup%2F|||&#8221; el_class=&#8221;live-contact-btn&#8221;][\/vc_cta][\/vc_column][\/vc_row]<\/p>\n<\/div>","protected":false},"excerpt":{"rendered":"<p>[vc_row][vc_column][\/vc_column][\/vc_row][vc_row][vc_column][vc_raw_html]JTNDZGl2JTIwaWQlM0QlMjJzZWNvbmRfYnJlZCUyMiUyMGNsYXNzJTNEJTIyd2YtdGQlMjIlM0UlM0MlMkZkaXYlM0U=[\/vc_raw_html][\/vc_column][\/vc_row][vc_row rowtype=&#8221;fullw&#8221; textalign=&#8221;center&#8221;][vc_column][vc_empty_space][vc_column_text css_animation=&#8221;zoomIn&#8221;] Juridiske Oversettelsestjenester [\/vc_column_text][vc_empty_space][vc_row_inner][vc_column_inner][vc_column_text] Gang p\u00e5 gang har vi kommet over folk som ikke forst\u00e5r hvorfor de blir belastet det de blir belastet. Dette gj\u00f8r arbeidet enda vanskeligere fordi disse klientene ikke kan sette pris p\u00e5 behovet for den tjenesten de mottar. N\u00e5r du er p\u00e5 jakt etter juridiske oversettelsestjenester er en&hellip;<\/p>\n","protected":false},"author":1,"featured_media":33381,"parent":11087,"menu_order":0,"comment_status":"closed","ping_status":"closed","template":"","meta":{"_acf_changed":false,"footnotes":""},"class_list":["post-24896","page","type-page","status-publish","has-post-thumbnail","hentry","description-off"],"acf":[],"yoast_head":"<!-- This site is optimized with the Yoast SEO Premium plugin v26.5 (Yoast SEO v26.5) - https:\/\/yoast.com\/wordpress\/plugins\/seo\/ -->\n<title>Juridiske oversettelsestjenester for dokumenter \u2013 NordicTrans<\/title>\n<meta name=\"description\" content=\"NordicTrans er tilby juridiske oversettelsestjenester av h\u00f8y kvalitet for hvilket som helst dokument, fra og til 50 spr\u00e5k raskt og til en rimelig pris\" \/>\n<meta name=\"robots\" content=\"index, follow, max-snippet:-1, max-image-preview:large, max-video-preview:-1\" \/>\n<link rel=\"canonical\" href=\"https:\/\/www.nordictrans.com\/nb\/industrifokus\/juridiske-oversettelsestjenester\/\" \/>\n<meta property=\"og:locale\" content=\"nb_NO\" \/>\n<meta property=\"og:type\" content=\"article\" \/>\n<meta property=\"og:title\" content=\"Juridiske oversettelsestjenester\" \/>\n<meta property=\"og:description\" content=\"NordicTrans is always available to provide accurate legal translation services for businesses or for individuals at the lowest rates you can find online.\" \/>\n<meta property=\"og:url\" content=\"https:\/\/www.nordictrans.com\/nb\/industrifokus\/juridiske-oversettelsestjenester\/\" \/>\n<meta property=\"og:site_name\" content=\"Nordictrans.com\" \/>\n<meta property=\"article:publisher\" content=\"https:\/\/www.facebook.com\/NordicTrans\" \/>\n<meta property=\"article:modified_time\" content=\"2018-02-08T14:25:06+00:00\" \/>\n<meta property=\"og:image\" content=\"https:\/\/www.nordictrans.com\/wp-content\/uploads\/2018\/05\/legal-translation-services.png\" \/>\n\t<meta property=\"og:image:width\" content=\"1903\" \/>\n\t<meta property=\"og:image:height\" content=\"670\" \/>\n\t<meta property=\"og:image:type\" content=\"image\/png\" \/>\n<meta name=\"twitter:card\" content=\"summary_large_image\" \/>\n<meta name=\"twitter:description\" content=\"JTNDZGl2JTIwaWQlM0QlMjJzZWNvbmRfYnJlZCUyMiUyMGNsYXNzJTNEJTIyd2YtdGQlMjIlM0UlM0MlMkZkaXYlM0U= Juridiske Oversettelsestjenester Gang p\u00e5 gang har vi kommet\" \/>\n<meta name=\"twitter:site\" content=\"@NordicTrans\" \/>\n<meta name=\"twitter:label1\" content=\"Ansl. lesetid\" \/>\n\t<meta name=\"twitter:data1\" content=\"4 minutter\" \/>\n<!-- \/ Yoast SEO Premium plugin. -->","yoast_head_json":{"title":"Juridiske oversettelsestjenester for dokumenter \u2013 NordicTrans","description":"NordicTrans er tilby juridiske oversettelsestjenester av h\u00f8y kvalitet for hvilket som helst dokument, fra og til 50 spr\u00e5k raskt og til en rimelig pris","robots":{"index":"index","follow":"follow","max-snippet":"max-snippet:-1","max-image-preview":"max-image-preview:large","max-video-preview":"max-video-preview:-1"},"canonical":"https:\/\/www.nordictrans.com\/nb\/industrifokus\/juridiske-oversettelsestjenester\/","og_locale":"nb_NO","og_type":"article","og_title":"Juridiske oversettelsestjenester","og_description":"NordicTrans is always available to provide accurate legal translation services for businesses or for individuals at the lowest rates you can find online.","og_url":"https:\/\/www.nordictrans.com\/nb\/industrifokus\/juridiske-oversettelsestjenester\/","og_site_name":"Nordictrans.com","article_publisher":"https:\/\/www.facebook.com\/NordicTrans","article_modified_time":"2018-02-08T14:25:06+00:00","og_image":[{"width":1903,"height":670,"url":"https:\/\/www.nordictrans.com\/wp-content\/uploads\/2018\/05\/legal-translation-services.png","type":"image\/png"}],"twitter_card":"summary_large_image","twitter_description":"JTNDZGl2JTIwaWQlM0QlMjJzZWNvbmRfYnJlZCUyMiUyMGNsYXNzJTNEJTIyd2YtdGQlMjIlM0UlM0MlMkZkaXYlM0U= Juridiske Oversettelsestjenester Gang p\u00e5 gang har vi kommet","twitter_site":"@NordicTrans","twitter_misc":{"Ansl. lesetid":"4 minutter"},"schema":{"@context":"https:\/\/schema.org","@graph":[{"@type":"WebPage","@id":"https:\/\/www.nordictrans.com\/nb\/industrifokus\/juridiske-oversettelsestjenester\/","url":"https:\/\/www.nordictrans.com\/nb\/industrifokus\/juridiske-oversettelsestjenester\/","name":"Juridiske oversettelsestjenester for dokumenter \u2013 NordicTrans","isPartOf":{"@id":"https:\/\/www.nordictrans.com\/nb\/#website"},"primaryImageOfPage":{"@id":"https:\/\/www.nordictrans.com\/nb\/industrifokus\/juridiske-oversettelsestjenester\/#primaryimage"},"image":{"@id":"https:\/\/www.nordictrans.com\/nb\/industrifokus\/juridiske-oversettelsestjenester\/#primaryimage"},"thumbnailUrl":"https:\/\/www.nordictrans.com\/wp-content\/uploads\/2018\/05\/legal-translation-services.png","datePublished":"2017-03-08T13:27:13+00:00","dateModified":"2018-02-08T14:25:06+00:00","description":"NordicTrans er tilby juridiske oversettelsestjenester av h\u00f8y kvalitet for hvilket som helst dokument, fra og til 50 spr\u00e5k raskt og til en rimelig pris","breadcrumb":{"@id":"https:\/\/www.nordictrans.com\/nb\/industrifokus\/juridiske-oversettelsestjenester\/#breadcrumb"},"inLanguage":"nb-NO","potentialAction":[{"@type":"ReadAction","target":["https:\/\/www.nordictrans.com\/nb\/industrifokus\/juridiske-oversettelsestjenester\/"]}]},{"@type":"ImageObject","inLanguage":"nb-NO","@id":"https:\/\/www.nordictrans.com\/nb\/industrifokus\/juridiske-oversettelsestjenester\/#primaryimage","url":"https:\/\/www.nordictrans.com\/wp-content\/uploads\/2018\/05\/legal-translation-services.png","contentUrl":"https:\/\/www.nordictrans.com\/wp-content\/uploads\/2018\/05\/legal-translation-services.png","width":1903,"height":670,"caption":"legal translation services"},{"@type":"BreadcrumbList","@id":"https:\/\/www.nordictrans.com\/nb\/industrifokus\/juridiske-oversettelsestjenester\/#breadcrumb","itemListElement":[{"@type":"ListItem","position":1,"name":"Home","item":"https:\/\/www.nordictrans.com\/nb\/"},{"@type":"ListItem","position":2,"name":"Industrifokus","item":"https:\/\/www.nordictrans.com\/nb\/industrifokus\/"},{"@type":"ListItem","position":3,"name":"Juridiske oversettelsestjenester"}]},{"@type":"WebSite","@id":"https:\/\/www.nordictrans.com\/nb\/#website","url":"https:\/\/www.nordictrans.com\/nb\/","name":"Nordictrans.com","description":"Translation Agency specialized in Nordic Languages","publisher":{"@id":"https:\/\/www.nordictrans.com\/nb\/#organization"},"potentialAction":[{"@type":"SearchAction","target":{"@type":"EntryPoint","urlTemplate":"https:\/\/www.nordictrans.com\/nb\/?s={search_term_string}"},"query-input":{"@type":"PropertyValueSpecification","valueRequired":true,"valueName":"search_term_string"}}],"inLanguage":"nb-NO"},{"@type":"Organization","@id":"https:\/\/www.nordictrans.com\/nb\/#organization","name":"NordicTrans","url":"https:\/\/www.nordictrans.com\/nb\/","logo":{"@type":"ImageObject","inLanguage":"nb-NO","@id":"https:\/\/www.nordictrans.com\/nb\/#\/schema\/logo\/image\/","url":"https:\/\/www.nordictrans.com\/wp-content\/uploads\/2015\/02\/logoNT.png","contentUrl":"https:\/\/www.nordictrans.com\/wp-content\/uploads\/2015\/02\/logoNT.png","width":272,"height":92,"caption":"NordicTrans"},"image":{"@id":"https:\/\/www.nordictrans.com\/nb\/#\/schema\/logo\/image\/"},"sameAs":["https:\/\/www.facebook.com\/NordicTrans","https:\/\/x.com\/NordicTrans","https:\/\/www.instagram.com\/NordictransUS","https:\/\/www.linkedin.com\/company\/nordictrans","https:\/\/www.pinterest.com\/nordictrans01","https:\/\/www.youtube.com\/c\/nordictrans"]}]}},"_links":{"self":[{"href":"https:\/\/www.nordictrans.com\/nb\/wp-json\/wp\/v2\/pages\/24896","targetHints":{"allow":["GET"]}}],"collection":[{"href":"https:\/\/www.nordictrans.com\/nb\/wp-json\/wp\/v2\/pages"}],"about":[{"href":"https:\/\/www.nordictrans.com\/nb\/wp-json\/wp\/v2\/types\/page"}],"author":[{"embeddable":true,"href":"https:\/\/www.nordictrans.com\/nb\/wp-json\/wp\/v2\/users\/1"}],"replies":[{"embeddable":true,"href":"https:\/\/www.nordictrans.com\/nb\/wp-json\/wp\/v2\/comments?post=24896"}],"version-history":[{"count":2,"href":"https:\/\/www.nordictrans.com\/nb\/wp-json\/wp\/v2\/pages\/24896\/revisions"}],"predecessor-version":[{"id":26996,"href":"https:\/\/www.nordictrans.com\/nb\/wp-json\/wp\/v2\/pages\/24896\/revisions\/26996"}],"up":[{"embeddable":true,"href":"https:\/\/www.nordictrans.com\/nb\/wp-json\/wp\/v2\/pages\/11087"}],"wp:featuredmedia":[{"embeddable":true,"href":"https:\/\/www.nordictrans.com\/nb\/wp-json\/wp\/v2\/media\/33381"}],"wp:attachment":[{"href":"https:\/\/www.nordictrans.com\/nb\/wp-json\/wp\/v2\/media?parent=24896"}],"curies":[{"name":"wp","href":"https:\/\/api.w.org\/{rel}","templated":true}]}}