{"id":23881,"date":"2016-12-28T13:59:25","date_gmt":"2016-12-28T13:59:25","guid":{"rendered":"http:\/\/dev.nordictrans.com\/hoey-kvalitet-paa-spraaklige-oversettelsestjenester\/"},"modified":"2020-06-30T10:22:54","modified_gmt":"2020-06-30T10:22:54","slug":"spraklige-oversettelsestjenester","status":"publish","type":"page","link":"https:\/\/www.nordictrans.com\/nb\/spraklige-oversettelsestjenester\/","title":{"rendered":"H\u00f8y kvalitet p\u00e5 spr\u00e5klige oversettelsestjenester"},"content":{"rendered":"<div class=\"wpb-content-wrapper\"><p>[vc_row][vc_column]\n\t\t\t<!-- START HQL Translation REVOLUTION SLIDER 6.6.16 --><p class=\"rs-p-wp-fix\"><\/p>\n\t\t\t<rs-module-wrap id=\"rev_slider_32_1_wrapper\" data-source=\"gallery\" style=\"visibility:hidden;background:transparent;padding:0;margin:0px auto;margin-top:0;margin-bottom:0;\">\n\t\t\t\t<rs-module id=\"rev_slider_32_1\" style=\"\" data-version=\"6.6.16\">\n\t\t\t\t\t<rs-slides style=\"overflow: hidden; position: absolute;\">\n\t\t\t\t\t\t<rs-slide style=\"position: absolute;\" data-key=\"rs-83\" data-title=\"Slide\" data-anim=\"adpr:false;\">\n\t\t\t\t\t\t\t<img decoding=\"async\" src=\"\/\/www.nordictrans.com\/wp-content\/plugins\/revslider\/public\/assets\/assets\/dummy.png\" alt=\"\" title=\"H\u00f8y kvalitet p\u00e5 spr\u00e5klige oversettelsestjenester\" class=\"rev-slidebg tp-rs-img rs-lazyload\" data-lazyload=\"\/\/www.nordictrans.com\/wp-content\/uploads\/2018\/04\/high-quality-language-translation-services.png\" data-parallax=\"15\" data-no-retina>\n<!--\n\t\t\t\t\t\t\t--><rs-layer\n\t\t\t\t\t\t\t\tid=\"slider-32-slide-83-layer-1\" \n\t\t\t\t\t\t\t\tdata-type=\"text\"\n\t\t\t\t\t\t\t\tdata-color=\"rgba(255,255,255,1)||rgba(153,153,153,1)||rgba(153,153,153,1)||rgba(153,153,153,1)\"\n\t\t\t\t\t\t\t\tdata-rsp_ch=\"on\"\n\t\t\t\t\t\t\t\tdata-xy=\"xo:9px;yo:273px,294px,294px,294px;\"\n\t\t\t\t\t\t\t\tdata-text=\"s:50,60,40,30;l:50,60,40,30;fw:700;a:inherit;\"\n\t\t\t\t\t\t\t\tdata-frame_0=\"tp:600;\"\n\t\t\t\t\t\t\t\tdata-frame_1=\"tp:600;st:0;\"\n\t\t\t\t\t\t\t\tdata-frame_999=\"o:0;tp:600;st:w;sR:8700.0006103516;\"\n\t\t\t\t\t\t\t\tstyle=\"z-index:5;font-family:'Open Sans';opacity:0.6;\"\n\t\t\t\t\t\t\t>\nSPR\u00c5KLIGE<br\/>\nOVERSETTELSESTJENESTER \n\t\t\t\t\t\t\t<\/rs-layer><!--\n-->\t\t\t\t\t\t<\/rs-slide>\n\t\t\t\t\t<\/rs-slides>\n\t\t\t\t<\/rs-module>\n\t\t\t\t<script>\n\t\t\t\t\tsetREVStartSize({c: 'rev_slider_32_1',rl:[1240,1024,778,480],el:[655,600,500,400],gw:[1240,1024,778,480],gh:[655,600,500,400],type:'hero',justify:'',layout:'fullwidth',mh:\"0\"});if (window.RS_MODULES!==undefined && window.RS_MODULES.modules!==undefined && window.RS_MODULES.modules[\"revslider321\"]!==undefined) {window.RS_MODULES.modules[\"revslider321\"].once = false;window.revapi32 = undefined;if (window.RS_MODULES.checkMinimal!==undefined) window.RS_MODULES.checkMinimal()}\n\t\t\t\t<\/script>\n\t\t\t<\/rs-module-wrap>\n\t\t\t<!-- END REVOLUTION SLIDER -->\n[\/vc_column][\/vc_row][vc_row][vc_column][vc_raw_html]JTNDZGl2JTIwaWQlM0QlMjJzZWNvbmRfYnJlZCUyMiUyMGNsYXNzJTNEJTIyd2YtdGQlMjIlM0UlM0MlMkZkaXYlM0U=[\/vc_raw_html][\/vc_column][\/vc_row][vc_row rowtype=&#8221;fullw&#8221;][vc_column][vc_empty_space][vc_column_text]<\/p>\n<h1 style=\"text-align: center; color: #2a4a8f;\"><strong>H\u00d8Y KVALITET P\u00c5 SPR\u00c5KLIGE OVERSETTELSESTJENESTER<\/strong><\/h1>\n<p>Hvis det er en ting du trenger \u00e5 f\u00e5 til din internettforretning i disse dager, m\u00e5 det v\u00e6re spr\u00e5koversettelsestjenester. Over tid har behovet for bedrifter til \u00e5 g\u00e5 utover til \u00e5 tilby tjenester til sine kunder blitt enda viktigere. Det krever mye hardt arbeid \u00e5 bygge forretningen din, og det er i det samme lys som du b\u00f8r s\u00f8rge for at du har en plattform som treffende kan m\u00f8te behovene til kundene.[\/vc_column_text][vc_column_text css_animation=&#8221;appear&#8221;]I tilfelle du eier en nettside eller en hvilken som helst virksomhet i Norden, kan du komme til oss for nordiske oversettelsestjenester. Det er mange fordeler som du vil v\u00e6re i stand til \u00e5 utlede fra disse, og det vil v\u00e6re verdt din tid til \u00e5 ta i bruk v\u00e5re spr\u00e5klige oversettelsestjenester. Vi har flere lag som er dedikert til \u00e5 jobbe p\u00e5 din oversettelse til de nordiske spr\u00e5kene, for \u00e5 s\u00f8rge for at dine behov alltid blir m\u00f8tt etter beste evne.[\/vc_column_text][vc_empty_space height=&#8221;50px&#8221;][vc_row_inner][vc_column_inner width=&#8221;1\/4&#8243;][vc_single_image image=&#8221;23857&#8243; img_size=&#8221;full&#8221; alignment=&#8221;center&#8221; css_animation=&#8221;fadeInUpBig&#8221;][vc_column_text css_animation=&#8221;fadeInUpBig&#8221;]<\/p>\n<h3 style=\"text-align: center;\">Dansk oversettelse<\/h3>\n<p style=\"text-align: left;\">NordicTrans bruker bare mennesker som har dansk som morsm\u00e5l n\u00e5r det gjelder \u00e5 oversette fra et spr\u00e5k til dansk, og dermed sikrer en at meldingen er riktig oversatt til m\u00e5lspr\u00e5ket. Tilleggskorrekturlesing av en annen innf\u00f8dt og v\u00e5rt QA team sjekker at du bare f\u00e5r de beste tjenestene.<\/p>\n<p>[\/vc_column_text][\/vc_column_inner][vc_column_inner width=&#8221;1\/4&#8243;][vc_single_image image=&#8221;23863&#8243; img_size=&#8221;full&#8221; alignment=&#8221;center&#8221; css_animation=&#8221;fadeInUpBig&#8221;][vc_column_text css_animation=&#8221;fadeInUpBig&#8221;]<\/p>\n<h3 style=\"text-align: center;\">Finsk oversettelse<\/h3>\n<p style=\"text-align: left;\">N\u00e5r et dokument trenger \u00e5 bli oversatt til finsk, s\u00f8rger vi for at de beste lingivster jobber med saken. Vi velger oversettere med det i bakhodet at de m\u00e5 ha erfaring fra feltet. Du f\u00e5r n\u00f8yaktige oversettelser uansett felt, siden vi har spesialiserte lingvister for nesten hver industri.<\/p>\n<p>[\/vc_column_text][\/vc_column_inner][vc_column_inner width=&#8221;1\/4&#8243;][vc_single_image image=&#8221;23868&#8243; img_size=&#8221;full&#8221; alignment=&#8221;center&#8221; css_animation=&#8221;fadeInUpBig&#8221;][vc_column_text css_animation=&#8221;fadeInUpBig&#8221;]<\/p>\n<h3 style=\"text-align: center;\">Svensk oversettelse<\/h3>\n<p style=\"text-align: left;\">N\u00e5r det gjelder svenske oversettelser, vil v\u00e5re prosjektledere s\u00f8rge for at riktig oversetter blir valgt for jobben. V\u00e5rt hovedm\u00e5l er kvalitet, derfor kan du v\u00e6re sikker p\u00e5 at du ikke f\u00e5r noe annet enn kvalitetsoversettelser. V\u00e5re korrekturlesere og v\u00e5rt kvalitetssikringsteam vil s\u00f8rge for at du ikke f\u00e5r noe annet enn det.<\/p>\n<p>[\/vc_column_text][\/vc_column_inner][vc_column_inner width=&#8221;1\/4&#8243;][vc_single_image image=&#8221;23873&#8243; img_size=&#8221;full&#8221; alignment=&#8221;center&#8221; css_animation=&#8221;fadeInUpBig&#8221;][vc_column_text css_animation=&#8221;fadeInUpBig&#8221;]<\/p>\n<h3 style=\"text-align: center;\">Norsk oversettelse<\/h3>\n<p style=\"text-align: left;\">Et raskt blikk over oversettelsene s\u00e5 langt kan tyde p\u00e5 at de norske oversettelsene har tatt for seg import\/eksport-operasjoner, men det betyr ikke at vi ikke gj\u00f8r juridiske eller medisinske oversettelser fra og til norsk ogs\u00e5. Vi har spesialiserte oversettere som venter p\u00e5 det neste prosjektet, vil det bli ditt?<\/p>\n<p>[\/vc_column_text][\/vc_column_inner][\/vc_row_inner][vc_row_inner][vc_column_inner][vc_empty_space height=&#8221;70px&#8221;][vc_column_text]<\/p>\n<h3 class=\"custom_title title_center txt_maincolor title_center default\" style=\"text-align: center;\" data-animation=\"fadeInRight\" data-anim-target=\"self\" data-delay=\"100\" data-speed=\"800\" data-ease=\"easeInOutQuart\"><span style=\"color: #2a4a8f;\">Oversettelse fra og til alle spr\u00e5k<\/span><\/h3>\n<p>[\/vc_column_text][vc_empty_space height=&#8221;70px&#8221;][\/vc_column_inner][\/vc_row_inner][vc_row_inner][vc_column_inner width=&#8221;1\/2&#8243;][vc_single_image image=&#8221;23852&#8243; img_size=&#8221;full&#8221; alignment=&#8221;center&#8221; css_animation=&#8221;fadeInLeftBig&#8221;][\/vc_column_inner][vc_column_inner width=&#8221;1\/2&#8243;][vc_column_text css_animation=&#8221;fadeInRightBig&#8221;]Annet enn v\u00e5r spesialisering i nordiske spr\u00e5klige oversettelsestjenester, vil vi ogs\u00e5 fors\u00f8ke \u00e5 presse gjennom og tilby oversettelse i s\u00e5 mange andre spr\u00e5k i dag. Dette er noe som du sikkert vil kunne dra nytte av, og utnytte til din fordel.<\/p>\n<p>S\u00e5 mange av forretningskontraktene som du vil komme over er avhengig av god forst\u00e5else mellom klienter og n\u00e6ringslivet, og det er dette som er grunnen til at du trenger \u00e5 f\u00e5 en god oversetter til \u00e5 arbeide for deg.<\/p>\n<h2><strong>Noen grunner til \u00e5 arbeide med oss:<\/strong><\/h2>\n<div style=\"width: 250px; margin-right: auto; margin-left: auto; text-align: left;\">\n<p style=\"text-align: left;\"><i class=\"fa fa-check-circle fa-lg\" style=\"color: #81d742;\"><\/i><strong>\u00a0 Vi oversetter over 80 spr\u00e5k<\/strong><\/p>\n<p style=\"text-align: left;\"><i class=\"fa fa-check-circle fa-lg\" style=\"color: #81d742;\"><\/i><strong>\u00a0 500 spr\u00e5kkombinasjoner<\/strong><\/p>\n<p style=\"text-align: left;\"><i class=\"fa fa-check-circle fa-lg\" style=\"color: #81d742;\"><\/i><strong>\u00a0 Bare innf\u00f8dte oversettere<\/strong><\/p>\n<p style=\"text-align: left;\"><i class=\"fa fa-check-circle fa-lg\" style=\"color: #81d742;\"><\/i><strong>\u00a0 En annen innf\u00f8dt korrekturleser<\/strong><\/p>\n<p style=\"text-align: left;\"><i class=\"fa fa-check-circle fa-lg\" style=\"color: #81d742;\"><\/i><strong>\u00a0 Rask behandlingstid<\/strong><\/p>\n<\/div>\n<p>[\/vc_column_text][\/vc_column_inner][\/vc_row_inner][vc_row_inner][vc_column_inner][vc_empty_space height=&#8221;50px&#8221;][vc_column_text css_animation=&#8221;appear&#8221;]Hvorfor er det at v\u00e5re spr\u00e5klige oversettelsestjenester er de beste p\u00e5 markedet, lurer du kanskje p\u00e5? Vel, vi tar hensyn til dine behov, og s\u00f8rger for at n\u00e5r du sender ditt arbeid til oss, har vi kun det beste laget som jobber med saken. Dette er et tegn p\u00e5 v\u00e5r forpliktelse til h\u00f8y kvalitet p\u00e5 tjenestene, som har gjort det lettere \u00e5 ikke bare levere p\u00e5 l\u00f8ftene som vi gj\u00f8r n\u00e5r det gjelder levering av tjenester, men dette gj\u00f8r ogs\u00e5 at din virksomhet f\u00e5r dra nytte av de beste tjenesteleverand\u00f8rer i bransjen s\u00e5 langt.<\/p>\n<p>Ta deg god tid og ta kontakt med oss for h\u00f8y kvalitet p\u00e5 oversettelsestjenester til rimelige priser.[\/vc_column_text][vc_empty_space height=&#8221;50px&#8221;][\/vc_column_inner][\/vc_row_inner][\/vc_column][\/vc_row][vc_row type=&#8221;3&#8243; full_width_row=&#8221;true&#8221; el_class=&#8221;live-contact-btn-wrap&#8221;][vc_column][vc_cta h2=&#8221;&#8221; txt_align=&#8221;center&#8221; add_button=&#8221;right&#8221; btn_title=&#8221;LEVENDE KONTAKT&#8221; btn_style=&#8221;custom&#8221; btn_custom_background=&#8221;#ffffff&#8221; btn_custom_text=&#8221;#2a4a8f&#8221; btn_shape=&#8221;round&#8221; btn_align=&#8221;center&#8221; btn_button_block=&#8221;true&#8221; btn_link=&#8221;url:https%3A%2F%2Fwww.nordictrans.com%2Fchat-popup%2F|||&#8221; el_class=&#8221;live-contact-btn&#8221;]<\/p>\n<h3 style=\"font-size: 28px; line-height: 40px;\">Er du klar? La oss komme i gang:<\/h3>\n<p>[\/vc_cta][\/vc_column][\/vc_row]<\/p>\n<\/div>","protected":false},"excerpt":{"rendered":"<p>[vc_row][vc_column][\/vc_column][\/vc_row][vc_row][vc_column][vc_raw_html]JTNDZGl2JTIwaWQlM0QlMjJzZWNvbmRfYnJlZCUyMiUyMGNsYXNzJTNEJTIyd2YtdGQlMjIlM0UlM0MlMkZkaXYlM0U=[\/vc_raw_html][\/vc_column][\/vc_row][vc_row rowtype=&#8221;fullw&#8221;][vc_column][vc_empty_space][vc_column_text] H\u00d8Y KVALITET P\u00c5 SPR\u00c5KLIGE OVERSETTELSESTJENESTER Hvis det er en ting du trenger \u00e5 f\u00e5 til din internettforretning i disse dager, m\u00e5 det v\u00e6re spr\u00e5koversettelsestjenester. Over tid har behovet for bedrifter til \u00e5 g\u00e5 utover til \u00e5 tilby tjenester til sine kunder blitt enda viktigere. Det krever mye hardt arbeid \u00e5 bygge forretningen din,&hellip;<\/p>\n","protected":false},"author":1,"featured_media":31830,"parent":0,"menu_order":0,"comment_status":"closed","ping_status":"closed","template":"","meta":{"_acf_changed":false,"footnotes":""},"class_list":["post-23881","page","type-page","status-publish","has-post-thumbnail","hentry","description-off"],"acf":[],"yoast_head":"<!-- This site is optimized with the Yoast SEO Premium plugin v26.5 (Yoast SEO v26.5) - https:\/\/yoast.com\/wordpress\/plugins\/seo\/ -->\n<title>H\u00f8y kvalitet p\u00e5 spr\u00e5klige oversettelsestjenester \u2013 NordicTrans<\/title>\n<meta name=\"description\" content=\"Hvorfor v\u00e5re spr\u00e5klige oversettelsestjenester er best? N\u00e5r du sender arbeidet ditt til oss, har vi det beste teamet som arbeider med saken.\" \/>\n<meta name=\"robots\" content=\"index, follow, max-snippet:-1, max-image-preview:large, max-video-preview:-1\" \/>\n<link rel=\"canonical\" href=\"https:\/\/www.nordictrans.com\/nb\/spraklige-oversettelsestjenester\/\" \/>\n<meta property=\"og:locale\" content=\"nb_NO\" \/>\n<meta property=\"og:type\" content=\"article\" \/>\n<meta property=\"og:title\" content=\"H\u00f8y kvalitet p\u00e5 spr\u00e5klige oversettelsestjenester\" \/>\n<meta property=\"og:description\" content=\"We provide high quality language translation services and we make sure that when you send your work to us, we have none but the best team working on it.\" \/>\n<meta property=\"og:url\" content=\"https:\/\/www.nordictrans.com\/nb\/spraklige-oversettelsestjenester\/\" \/>\n<meta property=\"og:site_name\" content=\"Nordictrans.com\" \/>\n<meta property=\"article:publisher\" content=\"https:\/\/www.facebook.com\/NordicTrans\" \/>\n<meta property=\"article:modified_time\" content=\"2020-06-30T10:22:54+00:00\" \/>\n<meta property=\"og:image\" content=\"https:\/\/www.nordictrans.com\/wp-content\/uploads\/2018\/04\/high-quality-language-translation-services.png\" \/>\n\t<meta property=\"og:image:width\" content=\"1903\" \/>\n\t<meta property=\"og:image:height\" content=\"670\" \/>\n\t<meta property=\"og:image:type\" content=\"image\/png\" \/>\n<meta name=\"twitter:card\" content=\"summary_large_image\" \/>\n<meta name=\"twitter:title\" content=\"High Quality Language Translation Services - NordicTrans\" \/>\n<meta name=\"twitter:description\" content=\"Nordictrans provide high-quality language translation services in over 100 languages. Overcome the communication barrier and operate at a global level!\" \/>\n<meta name=\"twitter:site\" content=\"@NordicTrans\" \/>\n<meta name=\"twitter:label1\" content=\"Ansl. lesetid\" \/>\n\t<meta name=\"twitter:data1\" content=\"5 minutter\" \/>\n<!-- \/ Yoast SEO Premium plugin. -->","yoast_head_json":{"title":"H\u00f8y kvalitet p\u00e5 spr\u00e5klige oversettelsestjenester \u2013 NordicTrans","description":"Hvorfor v\u00e5re spr\u00e5klige oversettelsestjenester er best? N\u00e5r du sender arbeidet ditt til oss, har vi det beste teamet som arbeider med saken.","robots":{"index":"index","follow":"follow","max-snippet":"max-snippet:-1","max-image-preview":"max-image-preview:large","max-video-preview":"max-video-preview:-1"},"canonical":"https:\/\/www.nordictrans.com\/nb\/spraklige-oversettelsestjenester\/","og_locale":"nb_NO","og_type":"article","og_title":"H\u00f8y kvalitet p\u00e5 spr\u00e5klige oversettelsestjenester","og_description":"We provide high quality language translation services and we make sure that when you send your work to us, we have none but the best team working on it.","og_url":"https:\/\/www.nordictrans.com\/nb\/spraklige-oversettelsestjenester\/","og_site_name":"Nordictrans.com","article_publisher":"https:\/\/www.facebook.com\/NordicTrans","article_modified_time":"2020-06-30T10:22:54+00:00","og_image":[{"width":1903,"height":670,"url":"https:\/\/www.nordictrans.com\/wp-content\/uploads\/2018\/04\/high-quality-language-translation-services.png","type":"image\/png"}],"twitter_card":"summary_large_image","twitter_title":"High Quality Language Translation Services - NordicTrans","twitter_description":"Nordictrans provide high-quality language translation services in over 100 languages. Overcome the communication barrier and operate at a global level!","twitter_site":"@NordicTrans","twitter_misc":{"Ansl. lesetid":"5 minutter"},"schema":{"@context":"https:\/\/schema.org","@graph":[{"@type":"WebPage","@id":"https:\/\/www.nordictrans.com\/nb\/spraklige-oversettelsestjenester\/","url":"https:\/\/www.nordictrans.com\/nb\/spraklige-oversettelsestjenester\/","name":"H\u00f8y kvalitet p\u00e5 spr\u00e5klige oversettelsestjenester \u2013 NordicTrans","isPartOf":{"@id":"https:\/\/www.nordictrans.com\/nb\/#website"},"primaryImageOfPage":{"@id":"https:\/\/www.nordictrans.com\/nb\/spraklige-oversettelsestjenester\/#primaryimage"},"image":{"@id":"https:\/\/www.nordictrans.com\/nb\/spraklige-oversettelsestjenester\/#primaryimage"},"thumbnailUrl":"https:\/\/www.nordictrans.com\/wp-content\/uploads\/2018\/04\/high-quality-language-translation-services.png","datePublished":"2016-12-28T13:59:25+00:00","dateModified":"2020-06-30T10:22:54+00:00","description":"Hvorfor v\u00e5re spr\u00e5klige oversettelsestjenester er best? N\u00e5r du sender arbeidet ditt til oss, har vi det beste teamet som arbeider med saken.","breadcrumb":{"@id":"https:\/\/www.nordictrans.com\/nb\/spraklige-oversettelsestjenester\/#breadcrumb"},"inLanguage":"nb-NO","potentialAction":[{"@type":"ReadAction","target":["https:\/\/www.nordictrans.com\/nb\/spraklige-oversettelsestjenester\/"]}]},{"@type":"ImageObject","inLanguage":"nb-NO","@id":"https:\/\/www.nordictrans.com\/nb\/spraklige-oversettelsestjenester\/#primaryimage","url":"https:\/\/www.nordictrans.com\/wp-content\/uploads\/2018\/04\/high-quality-language-translation-services.png","contentUrl":"https:\/\/www.nordictrans.com\/wp-content\/uploads\/2018\/04\/high-quality-language-translation-services.png","width":1903,"height":670,"caption":"high quality language translation services"},{"@type":"BreadcrumbList","@id":"https:\/\/www.nordictrans.com\/nb\/spraklige-oversettelsestjenester\/#breadcrumb","itemListElement":[{"@type":"ListItem","position":1,"name":"Home","item":"https:\/\/www.nordictrans.com\/nb\/"},{"@type":"ListItem","position":2,"name":"H\u00f8y kvalitet p\u00e5 spr\u00e5klige oversettelsestjenester"}]},{"@type":"WebSite","@id":"https:\/\/www.nordictrans.com\/nb\/#website","url":"https:\/\/www.nordictrans.com\/nb\/","name":"Nordictrans.com","description":"Translation Agency specialized in Nordic Languages","publisher":{"@id":"https:\/\/www.nordictrans.com\/nb\/#organization"},"potentialAction":[{"@type":"SearchAction","target":{"@type":"EntryPoint","urlTemplate":"https:\/\/www.nordictrans.com\/nb\/?s={search_term_string}"},"query-input":{"@type":"PropertyValueSpecification","valueRequired":true,"valueName":"search_term_string"}}],"inLanguage":"nb-NO"},{"@type":"Organization","@id":"https:\/\/www.nordictrans.com\/nb\/#organization","name":"NordicTrans","url":"https:\/\/www.nordictrans.com\/nb\/","logo":{"@type":"ImageObject","inLanguage":"nb-NO","@id":"https:\/\/www.nordictrans.com\/nb\/#\/schema\/logo\/image\/","url":"https:\/\/www.nordictrans.com\/wp-content\/uploads\/2015\/02\/logoNT.png","contentUrl":"https:\/\/www.nordictrans.com\/wp-content\/uploads\/2015\/02\/logoNT.png","width":272,"height":92,"caption":"NordicTrans"},"image":{"@id":"https:\/\/www.nordictrans.com\/nb\/#\/schema\/logo\/image\/"},"sameAs":["https:\/\/www.facebook.com\/NordicTrans","https:\/\/x.com\/NordicTrans","https:\/\/www.instagram.com\/NordictransUS","https:\/\/www.linkedin.com\/company\/nordictrans","https:\/\/www.pinterest.com\/nordictrans01","https:\/\/www.youtube.com\/c\/nordictrans"]}]}},"_links":{"self":[{"href":"https:\/\/www.nordictrans.com\/nb\/wp-json\/wp\/v2\/pages\/23881","targetHints":{"allow":["GET"]}}],"collection":[{"href":"https:\/\/www.nordictrans.com\/nb\/wp-json\/wp\/v2\/pages"}],"about":[{"href":"https:\/\/www.nordictrans.com\/nb\/wp-json\/wp\/v2\/types\/page"}],"author":[{"embeddable":true,"href":"https:\/\/www.nordictrans.com\/nb\/wp-json\/wp\/v2\/users\/1"}],"replies":[{"embeddable":true,"href":"https:\/\/www.nordictrans.com\/nb\/wp-json\/wp\/v2\/comments?post=23881"}],"version-history":[{"count":5,"href":"https:\/\/www.nordictrans.com\/nb\/wp-json\/wp\/v2\/pages\/23881\/revisions"}],"predecessor-version":[{"id":48983,"href":"https:\/\/www.nordictrans.com\/nb\/wp-json\/wp\/v2\/pages\/23881\/revisions\/48983"}],"wp:featuredmedia":[{"embeddable":true,"href":"https:\/\/www.nordictrans.com\/nb\/wp-json\/wp\/v2\/media\/31830"}],"wp:attachment":[{"href":"https:\/\/www.nordictrans.com\/nb\/wp-json\/wp\/v2\/media?parent=23881"}],"curies":[{"name":"wp","href":"https:\/\/api.w.org\/{rel}","templated":true}]}}