{"id":23802,"date":"2016-12-28T12:44:50","date_gmt":"2016-12-28T12:44:50","guid":{"rendered":"http:\/\/dev.nordictrans.com\/programvarelokaliseringstjenester\/"},"modified":"2018-02-08T14:26:44","modified_gmt":"2018-02-08T14:26:44","slug":"programvarelokaliseringstjenester","status":"publish","type":"page","link":"https:\/\/www.nordictrans.com\/nb\/oversettelsestjenester\/programvarelokaliseringstjenester\/","title":{"rendered":"Programvarelokaliseringstjenester"},"content":{"rendered":"<div class=\"wpb-content-wrapper\"><p>[vc_row][vc_column]\n\t\t\t<!-- START Software Localization REVOLUTION SLIDER 6.6.16 --><p class=\"rs-p-wp-fix\"><\/p>\n\t\t\t<rs-module-wrap id=\"rev_slider_6_1_wrapper\" data-source=\"gallery\" style=\"visibility:hidden;background:transparent;padding:0;margin:0px auto;margin-top:0;margin-bottom:0;\">\n\t\t\t\t<rs-module id=\"rev_slider_6_1\" style=\"\" data-version=\"6.6.16\">\n\t\t\t\t\t<rs-slides style=\"overflow: hidden; position: absolute;\">\n\t\t\t\t\t\t<rs-slide style=\"position: absolute;\" data-key=\"rs-10\" data-title=\"Slide\" data-anim=\"adpr:false;\" data-in=\"o:0;\" data-out=\"a:false;\">\n\t\t\t\t\t\t\t<img decoding=\"async\" src=\"\/\/www.nordictrans.com\/wp-content\/plugins\/revslider\/public\/assets\/assets\/dummy.png\" alt=\"\" title=\"Programvarelokaliseringstjenester\" class=\"rev-slidebg tp-rs-img rs-lazyload\" data-lazyload=\"\/\/www.nordictrans.com\/wp-content\/uploads\/2018\/07\/software-localization-services.png\" data-parallax=\"15\" data-no-retina>\n<!--\n\t\t\t\t\t\t\t--><rs-layer\n\t\t\t\t\t\t\t\tid=\"slider-6-slide-10-layer-0\" \n\t\t\t\t\t\t\t\tdata-type=\"text\"\n\t\t\t\t\t\t\t\tdata-color=\"#fff\"\n\t\t\t\t\t\t\t\tdata-rsp_ch=\"on\"\n\t\t\t\t\t\t\t\tdata-xy=\"xo:341px,281px,213px,131px;yo:46px,37px,28px,17px;\"\n\t\t\t\t\t\t\t\tdata-text=\"w:normal;s:40,33,25,15;l:50,41,31,19;fw:900;\"\n\t\t\t\t\t\t\t\tdata-dim=\"minh:0px,none,none,none;\"\n\t\t\t\t\t\t\t\tdata-frame_999=\"o:0;st:w;\"\n\t\t\t\t\t\t\t\tstyle=\"z-index:5;font-family:'Roboto';text-transform:uppercase;\"\n\t\t\t\t\t\t\t>SOFTWARE LOCALIZATION \n\t\t\t\t\t\t\t<\/rs-layer><!--\n-->\t\t\t\t\t\t<\/rs-slide>\n\t\t\t\t\t<\/rs-slides>\n\t\t\t\t<\/rs-module>\n\t\t\t\t<script>\n\t\t\t\t\tsetREVStartSize({c: 'rev_slider_6_1',rl:[1240,1024,778,480],el:[655,600,500,400],gw:[1240,1024,778,480],gh:[655,600,500,400],type:'hero',justify:'',layout:'fullwidth',mh:\"0\"});if (window.RS_MODULES!==undefined && window.RS_MODULES.modules!==undefined && window.RS_MODULES.modules[\"revslider61\"]!==undefined) {window.RS_MODULES.modules[\"revslider61\"].once = false;window.revapi6 = undefined;if (window.RS_MODULES.checkMinimal!==undefined) window.RS_MODULES.checkMinimal()}\n\t\t\t\t<\/script>\n\t\t\t<\/rs-module-wrap>\n\t\t\t<!-- END REVOLUTION SLIDER -->\n[\/vc_column][\/vc_row][vc_row][vc_column][vc_raw_html]JTNDZGl2JTIwaWQlM0QlMjJzZWNvbmRfYnJlZCUyMiUyMGNsYXNzJTNEJTIyd2YtdGQlMjIlM0UlM0MlMkZkaXYlM0U=[\/vc_raw_html][\/vc_column][\/vc_row][vc_row rowtype=&#8221;fullw&#8221; textalign=&#8221;center&#8221;][vc_column][vc_empty_space][vc_column_text css_animation=&#8221;zoomIn&#8221;]<\/p>\n<h1 style=\"text-align: center; color: #2c5a85;\"><strong>Programvarelokaliseringstjenester<\/strong><\/h1>\n<p>[\/vc_column_text][vc_empty_space][vc_row_inner][vc_column_inner][vc_column_text css_animation=&#8221;zoomInUp&#8221;]<\/p>\n<p style=\"text-align: center;\">I disse dager har hver virksomhet sine egne unike behov. Det er viktig \u00e5 forst\u00e5 <strong>hvordan programvarelokaliseringstjenester blander seg inn<\/strong> med dine behov p\u00e5 denne m\u00e5ten. N\u00e5r du driver en bedrift p\u00e5 en internasjonal plattform for eksempel, m\u00e5 du bruke et programvarelokaliseringsselskap fra tid til annen. Dette er viktig slik at du er i stand til \u00e5 gi kundene noe sant, noe virkelig \u00e5 se fram til. Gjennom bruk av disse tjenestene, kan kundene kommunisere med deg i sanntid, uten \u00e5 m\u00e5tte bekymre seg om en ting.<\/p>\n<p style=\"text-align: center;\">I \u00f8yeblikket er det ganske mange mennesker som er ute etter lokalisering i markedet, og ikke s\u00e5 mange som kan gi disse i henhold til deres behov. Hvis du noensinne er p\u00e5 jakt etter disse, m\u00e5 du s\u00f8rge for at du bruker et programvarelokaliseringsselskap som er i stand til \u00e5 m\u00f8te dine behov. Du m\u00e5 s\u00f8rge for \u00e5 bruke et selskap som er profesjonelt i alt det gj\u00f8r. Dette er hva som helt sikkert vil f\u00f8re til at ditt arbeid skiller seg ut i mengden.<\/p>\n<p>[\/vc_column_text][\/vc_column_inner][\/vc_row_inner][\/vc_column][\/vc_row][vc_row rowtype=&#8221;fullw&#8221; padding=&#8221;20px 0&#8243;][vc_column][vc_empty_space height=&#8221;70px&#8221;][vc_row_inner][vc_column_inner width=&#8221;1\/4&#8243;][vc_single_image image=&#8221;9918&#8243; img_size=&#8221;full&#8221; css_animation=&#8221;fadeInLeft&#8221;][vc_empty_space][\/vc_column_inner][vc_column_inner width=&#8221;3\/4&#8243;][vc_text_separator title=&#8221;Profesjonelle programvarelokaliseringstjenester&#8221; style=&#8221;double&#8221;][vc_empty_space][vc_column_text css_animation=&#8221;fadeInRight&#8221;]Programvarelokalisering har eksistert i ganske lang tid, helt siden internasjonale programvareselskaper fant ut at de kunne \u00f8ke salget hvis de oversatte og lokaliserte sin programvare til bestemte markeder. Noen gjorde en god jobb med \u00e5 lokalisere sine produkter, og klarte \u00e5 \u00f8ke salget, andre ikke.<\/p>\n<p>Det er bare noen f\u00e5 selskaper der ute som kan gi perfekt lokalisering for dine programvarer eller apper. Det er ogs\u00e5 alle former for programvarer som kunne hjelpe deg i \u00e5 lokalisere ulike programvareprodukt til et spesifikt marked, men, resultatet er ikke hva du trenger.<\/p>\n<p>NordicTrans har de beste spesialister p\u00e5 markedet og gir lokaliseringstjenester av h\u00f8y kvalitet. Enten du bare har en liten app eller en full programvarepakke, kan vi tilby lokalisering for noen av dem<\/p>\n<p>Hvordan det fungerer? I et n\u00f8tteskall, vil v\u00e5re spesialister f\u00f8rst pakke det som skal oversettes og sende det til v\u00e5re oversettere. N\u00e5r oversettelsen er gjort, vil de legge det tilbake til ditt product. Til slutt blir b\u00e5de forsiden og baksiden av produktet oversatt og tilpasset de kulturelle og tekniske kravene i den tiltenkte markedet. Programvaren g\u00e5r deretter gjennom en streng testingsprosess for \u00e5 sikre at sluttproduktet er perfekt.[\/vc_column_text][\/vc_column_inner][\/vc_row_inner][vc_empty_space][\/vc_column][\/vc_row][vc_row type=&#8221;vc_default&#8221; bg_type=&#8221;bg_color&#8221; bg_override=&#8221;full&#8221; rowtype=&#8221;fullw&#8221; padding=&#8221;20px 0&#8243; css=&#8221;.vc_custom_1478765602542{padding-top: 20px !important;padding-right: 0px !important;padding-bottom: 20px !important;padding-left: 0px !important;}&#8221; bg_color_value=&#8221;#ebebeb&#8221;][vc_column][vc_empty_space][vc_custom_heading text=&#8221;Feil i programvarelokaliseringen f\u00f8rer til d\u00e5rlige resultat&#8221; font_container=&#8221;tag:h2|text_align:center|color:%232c5a85&#8243; google_fonts=&#8221;font_family:Roboto%3A100%2C100italic%2C300%2C300italic%2Cregular%2Citalic%2C500%2C500italic%2C700%2C700italic%2C900%2C900italic|font_style:400%20regular%3A400%3Anormal&#8221;][vc_empty_space][vc_separator color=&#8221;custom&#8221; border_width=&#8221;5&#8243; el_width=&#8221;10&#8243; accent_color=&#8221;#999999&#8243;][vc_empty_space][vc_column_text css_animation=&#8221;zoomIn&#8221;]<\/p>\n<p style=\"text-align: center;\">N\u00e5r det gjelder servicelevering spesielt med hensyn til en Internettbedrift, er behovet for \u00e5 f\u00e5 et virkelig godt programvarelokaliseringsselskap ikke noe du kan ta for gitt. Det er av st\u00f8rste betydning for deg \u00e5 s\u00f8rge for at du ikke arbeider med noen andre enn de beste i bransjen for at du skal ha den beste sjansen til \u00e5 lykkes. En enkelt feil kan f\u00e5 katastrofale resultater der brukerne vil stille sp\u00f8rsm\u00e5l ved kvaliteten p\u00e5 produktet og se etter alternativer.<\/p>\n<p style=\"text-align: center;\">Vi tilbyr noen av de beste n\u00e5r det gjelder lokalisering i \u00f8yeblikket. Alt du trenger er tilgjengelig her. Det er s\u00e5 mye du m\u00e5 s\u00f8rge for at du gj\u00f8r, for at du skal ha en bedre sjanse til \u00e5 dra nytte av dette. Av st\u00f8rste betydning er imidlertid \u00e5 s\u00f8rge for at du har en liste over ting som du trenger, og en ordentlig m\u00e5te \u00e5 dele det med oss p\u00e5. Derfra vil vi v\u00e6re i stand til \u00e5 g\u00e5 rett p\u00e5 og forberede alt slik du trenger det, slik at du kan drive virksomheten effektivt.<\/p>\n<p>[\/vc_column_text][vc_empty_space height=&#8221;50px&#8221;][\/vc_column][\/vc_row][vc_row rowtype=&#8221;fullw&#8221; padding=&#8221;20px 0&#8243;][vc_column][vc_empty_space][vc_custom_heading text=&#8221;Ta kontakt med oss i dag hvis du trenger programvarelokaliseringstjenester av h\u00f8y kvalitet&#8221; font_container=&#8221;tag:h2|text_align:center|color:%232c5a85&#8243; google_fonts=&#8221;font_family:Roboto%3A100%2C100italic%2C300%2C300italic%2Cregular%2Citalic%2C500%2C500italic%2C700%2C700italic%2C900%2C900italic|font_style:400%20regular%3A400%3Anormal&#8221;][vc_empty_space][vc_column_text css_animation=&#8221;zoomInUp&#8221;]<\/p>\n<p style=\"text-align: center;\">Vi jobber 24 timer per dag, 7 dager i uken. Det \u00e5 be om et tilbud eller om \u00e5 f\u00e5 flere detaljer er enkelt og kan gj\u00f8res via telefon, e-post eller live nettprat. V\u00e5re prosjektledere er alltid p\u00e5 nettet for deg!<\/p>\n<p>[\/vc_column_text][vc_empty_space height=&#8221;50px&#8221;][\/vc_column][\/vc_row][vc_row type=&#8221;3&#8243; margin_bottom=&#8221;0px&#8221; full_width_row=&#8221;true&#8221; rowtype=&#8221;fullw&#8221; textalign=&#8221;center&#8221; padding=&#8221;30px 0px&#8221; css=&#8221;.vc_custom_1479125373281{margin-bottom: 0px !important;padding-top: 30px !important;padding-right: 0px !important;padding-bottom: 30px !important;padding-left: 0px !important;}&#8221; el_class=&#8221;live-contact-btn-wrap&#8221;][vc_column][vc_cta h2=&#8221;Er du klar? La oss komme i gang: &#8221; add_button=&#8221;right&#8221; btn_title=&#8221;LEVENDE KONTAKT&#8221; btn_style=&#8221;custom&#8221; btn_custom_background=&#8221;#ffffff&#8221; btn_custom_text=&#8221;#2a4a8f&#8221; btn_shape=&#8221;round&#8221; btn_align=&#8221;center&#8221; btn_custom_onclick=&#8221;true&#8221; btn_smooth_scroll=&#8221;true&#8221; btn_link=&#8221;url:https%3A%2F%2Fwww.nordictrans.com%2Fchat-popup%2F|||&#8221; el_class=&#8221;live-contact-btn&#8221;][\/vc_cta][\/vc_column][\/vc_row]<\/p>\n<\/div>","protected":false},"excerpt":{"rendered":"<p>[vc_row][vc_column][\/vc_column][\/vc_row][vc_row][vc_column][vc_raw_html]JTNDZGl2JTIwaWQlM0QlMjJzZWNvbmRfYnJlZCUyMiUyMGNsYXNzJTNEJTIyd2YtdGQlMjIlM0UlM0MlMkZkaXYlM0U=[\/vc_raw_html][\/vc_column][\/vc_row][vc_row rowtype=&#8221;fullw&#8221; textalign=&#8221;center&#8221;][vc_column][vc_empty_space][vc_column_text css_animation=&#8221;zoomIn&#8221;] Programvarelokaliseringstjenester [\/vc_column_text][vc_empty_space][vc_row_inner][vc_column_inner][vc_column_text css_animation=&#8221;zoomInUp&#8221;] I disse dager har hver virksomhet sine egne unike behov. Det er viktig \u00e5 forst\u00e5 hvordan programvarelokaliseringstjenester blander seg inn med dine behov p\u00e5 denne m\u00e5ten. N\u00e5r du driver en bedrift p\u00e5 en internasjonal plattform for eksempel, m\u00e5 du bruke et programvarelokaliseringsselskap fra tid til annen. Dette er&hellip;<\/p>\n","protected":false},"author":1,"featured_media":34630,"parent":23684,"menu_order":0,"comment_status":"closed","ping_status":"closed","template":"","meta":{"_acf_changed":false,"footnotes":""},"class_list":["post-23802","page","type-page","status-publish","has-post-thumbnail","hentry","description-off"],"acf":[],"yoast_head":"<!-- This site is optimized with the Yoast SEO Premium plugin v26.5 (Yoast SEO v26.5) - https:\/\/yoast.com\/wordpress\/plugins\/seo\/ -->\n<title>P\u00e5litelige programvarelokaliseringstjenester \u2013 NordicTrans<\/title>\n<meta name=\"description\" content=\"NordicTrans gir programvarelokaliseringstjenester av h\u00f8y kvalitet, og uansett om du bare har en liten app eller en full programvarepakke, kan vi gj\u00f8re det.\" \/>\n<meta name=\"robots\" content=\"index, follow, max-snippet:-1, max-image-preview:large, max-video-preview:-1\" \/>\n<link rel=\"canonical\" href=\"https:\/\/www.nordictrans.com\/nb\/oversettelsestjenester\/programvarelokaliseringstjenester\/\" \/>\n<meta property=\"og:locale\" content=\"nb_NO\" \/>\n<meta property=\"og:type\" content=\"article\" \/>\n<meta property=\"og:title\" content=\"Software Localization Services Company | NordicTrans\" \/>\n<meta property=\"og:description\" content=\"NordicTrans is a company which provides high quality software localization services, if you have a small app or a full software suite, we can do it.\" \/>\n<meta property=\"og:url\" content=\"https:\/\/www.nordictrans.com\/nb\/oversettelsestjenester\/programvarelokaliseringstjenester\/\" \/>\n<meta property=\"og:site_name\" content=\"Nordictrans.com\" \/>\n<meta property=\"article:publisher\" content=\"https:\/\/www.facebook.com\/NordicTrans\" \/>\n<meta property=\"article:modified_time\" content=\"2018-02-08T14:26:44+00:00\" \/>\n<meta property=\"og:image\" content=\"https:\/\/www.nordictrans.com\/wp-content\/uploads\/2018\/07\/software-localization-services.png\" \/>\n\t<meta property=\"og:image:width\" content=\"1903\" \/>\n\t<meta property=\"og:image:height\" content=\"670\" \/>\n\t<meta property=\"og:image:type\" content=\"image\/png\" \/>\n<meta name=\"twitter:card\" content=\"summary_large_image\" \/>\n<meta name=\"twitter:title\" content=\"Software Localization Services Company | NordicTrans\" \/>\n<meta name=\"twitter:description\" content=\"Software localization services are providing by Nordictrans Company. If you have a small app or a full software suite, we can do it.\" \/>\n<meta name=\"twitter:site\" content=\"@NordicTrans\" \/>\n<meta name=\"twitter:label1\" content=\"Ansl. lesetid\" \/>\n\t<meta name=\"twitter:data1\" content=\"5 minutter\" \/>\n<!-- \/ Yoast SEO Premium plugin. -->","yoast_head_json":{"title":"P\u00e5litelige programvarelokaliseringstjenester \u2013 NordicTrans","description":"NordicTrans gir programvarelokaliseringstjenester av h\u00f8y kvalitet, og uansett om du bare har en liten app eller en full programvarepakke, kan vi gj\u00f8re det.","robots":{"index":"index","follow":"follow","max-snippet":"max-snippet:-1","max-image-preview":"max-image-preview:large","max-video-preview":"max-video-preview:-1"},"canonical":"https:\/\/www.nordictrans.com\/nb\/oversettelsestjenester\/programvarelokaliseringstjenester\/","og_locale":"nb_NO","og_type":"article","og_title":"Software Localization Services Company | NordicTrans","og_description":"NordicTrans is a company which provides high quality software localization services, if you have a small app or a full software suite, we can do it.","og_url":"https:\/\/www.nordictrans.com\/nb\/oversettelsestjenester\/programvarelokaliseringstjenester\/","og_site_name":"Nordictrans.com","article_publisher":"https:\/\/www.facebook.com\/NordicTrans","article_modified_time":"2018-02-08T14:26:44+00:00","og_image":[{"width":1903,"height":670,"url":"https:\/\/www.nordictrans.com\/wp-content\/uploads\/2018\/07\/software-localization-services.png","type":"image\/png"}],"twitter_card":"summary_large_image","twitter_title":"Software Localization Services Company | NordicTrans","twitter_description":"Software localization services are providing by Nordictrans Company. If you have a small app or a full software suite, we can do it.","twitter_site":"@NordicTrans","twitter_misc":{"Ansl. lesetid":"5 minutter"},"schema":{"@context":"https:\/\/schema.org","@graph":[{"@type":"WebPage","@id":"https:\/\/www.nordictrans.com\/nb\/oversettelsestjenester\/programvarelokaliseringstjenester\/","url":"https:\/\/www.nordictrans.com\/nb\/oversettelsestjenester\/programvarelokaliseringstjenester\/","name":"P\u00e5litelige programvarelokaliseringstjenester \u2013 NordicTrans","isPartOf":{"@id":"https:\/\/www.nordictrans.com\/nb\/#website"},"primaryImageOfPage":{"@id":"https:\/\/www.nordictrans.com\/nb\/oversettelsestjenester\/programvarelokaliseringstjenester\/#primaryimage"},"image":{"@id":"https:\/\/www.nordictrans.com\/nb\/oversettelsestjenester\/programvarelokaliseringstjenester\/#primaryimage"},"thumbnailUrl":"https:\/\/www.nordictrans.com\/wp-content\/uploads\/2018\/07\/software-localization-services.png","datePublished":"2016-12-28T12:44:50+00:00","dateModified":"2018-02-08T14:26:44+00:00","description":"NordicTrans gir programvarelokaliseringstjenester av h\u00f8y kvalitet, og uansett om du bare har en liten app eller en full programvarepakke, kan vi gj\u00f8re det.","breadcrumb":{"@id":"https:\/\/www.nordictrans.com\/nb\/oversettelsestjenester\/programvarelokaliseringstjenester\/#breadcrumb"},"inLanguage":"nb-NO","potentialAction":[{"@type":"ReadAction","target":["https:\/\/www.nordictrans.com\/nb\/oversettelsestjenester\/programvarelokaliseringstjenester\/"]}]},{"@type":"ImageObject","inLanguage":"nb-NO","@id":"https:\/\/www.nordictrans.com\/nb\/oversettelsestjenester\/programvarelokaliseringstjenester\/#primaryimage","url":"https:\/\/www.nordictrans.com\/wp-content\/uploads\/2018\/07\/software-localization-services.png","contentUrl":"https:\/\/www.nordictrans.com\/wp-content\/uploads\/2018\/07\/software-localization-services.png","width":1903,"height":670,"caption":"Software Localization Services"},{"@type":"BreadcrumbList","@id":"https:\/\/www.nordictrans.com\/nb\/oversettelsestjenester\/programvarelokaliseringstjenester\/#breadcrumb","itemListElement":[{"@type":"ListItem","position":1,"name":"Home","item":"https:\/\/www.nordictrans.com\/nb\/"},{"@type":"ListItem","position":2,"name":"Oversettelsestjenester","item":"https:\/\/www.nordictrans.com\/nb\/oversettelsestjenester\/"},{"@type":"ListItem","position":3,"name":"Programvarelokaliseringstjenester"}]},{"@type":"WebSite","@id":"https:\/\/www.nordictrans.com\/nb\/#website","url":"https:\/\/www.nordictrans.com\/nb\/","name":"Nordictrans.com","description":"Translation Agency specialized in Nordic Languages","publisher":{"@id":"https:\/\/www.nordictrans.com\/nb\/#organization"},"potentialAction":[{"@type":"SearchAction","target":{"@type":"EntryPoint","urlTemplate":"https:\/\/www.nordictrans.com\/nb\/?s={search_term_string}"},"query-input":{"@type":"PropertyValueSpecification","valueRequired":true,"valueName":"search_term_string"}}],"inLanguage":"nb-NO"},{"@type":"Organization","@id":"https:\/\/www.nordictrans.com\/nb\/#organization","name":"NordicTrans","url":"https:\/\/www.nordictrans.com\/nb\/","logo":{"@type":"ImageObject","inLanguage":"nb-NO","@id":"https:\/\/www.nordictrans.com\/nb\/#\/schema\/logo\/image\/","url":"https:\/\/www.nordictrans.com\/wp-content\/uploads\/2015\/02\/logoNT.png","contentUrl":"https:\/\/www.nordictrans.com\/wp-content\/uploads\/2015\/02\/logoNT.png","width":272,"height":92,"caption":"NordicTrans"},"image":{"@id":"https:\/\/www.nordictrans.com\/nb\/#\/schema\/logo\/image\/"},"sameAs":["https:\/\/www.facebook.com\/NordicTrans","https:\/\/x.com\/NordicTrans","https:\/\/www.instagram.com\/NordictransUS","https:\/\/www.linkedin.com\/company\/nordictrans","https:\/\/www.pinterest.com\/nordictrans01","https:\/\/www.youtube.com\/c\/nordictrans"]}]}},"_links":{"self":[{"href":"https:\/\/www.nordictrans.com\/nb\/wp-json\/wp\/v2\/pages\/23802","targetHints":{"allow":["GET"]}}],"collection":[{"href":"https:\/\/www.nordictrans.com\/nb\/wp-json\/wp\/v2\/pages"}],"about":[{"href":"https:\/\/www.nordictrans.com\/nb\/wp-json\/wp\/v2\/types\/page"}],"author":[{"embeddable":true,"href":"https:\/\/www.nordictrans.com\/nb\/wp-json\/wp\/v2\/users\/1"}],"replies":[{"embeddable":true,"href":"https:\/\/www.nordictrans.com\/nb\/wp-json\/wp\/v2\/comments?post=23802"}],"version-history":[{"count":5,"href":"https:\/\/www.nordictrans.com\/nb\/wp-json\/wp\/v2\/pages\/23802\/revisions"}],"predecessor-version":[{"id":26990,"href":"https:\/\/www.nordictrans.com\/nb\/wp-json\/wp\/v2\/pages\/23802\/revisions\/26990"}],"up":[{"embeddable":true,"href":"https:\/\/www.nordictrans.com\/nb\/wp-json\/wp\/v2\/pages\/23684"}],"wp:featuredmedia":[{"embeddable":true,"href":"https:\/\/www.nordictrans.com\/nb\/wp-json\/wp\/v2\/media\/34630"}],"wp:attachment":[{"href":"https:\/\/www.nordictrans.com\/nb\/wp-json\/wp\/v2\/media?parent=23802"}],"curies":[{"name":"wp","href":"https:\/\/api.w.org\/{rel}","templated":true}]}}