{"id":23756,"date":"2016-12-23T21:46:48","date_gmt":"2016-12-23T21:46:48","guid":{"rendered":"http:\/\/dev.nordictrans.com\/oversettelsestjenester-for-nettsider\/"},"modified":"2018-02-08T14:26:30","modified_gmt":"2018-02-08T14:26:30","slug":"oversettelsestjenester-for-nettsider","status":"publish","type":"page","link":"https:\/\/www.nordictrans.com\/nb\/oversettelsestjenester\/oversettelsestjenester-for-nettsider\/","title":{"rendered":"Oversettelsestjenester for nettsider"},"content":{"rendered":"<div class=\"wpb-content-wrapper\"><p>[vc_row][vc_column]\n\t\t\t<!-- START Website Translation REVOLUTION SLIDER 6.6.16 --><p class=\"rs-p-wp-fix\"><\/p>\n\t\t\t<rs-module-wrap id=\"rev_slider_5_1_wrapper\" data-source=\"gallery\" style=\"visibility:hidden;background:transparent;padding:0;margin:0px auto;margin-top:0;margin-bottom:0;\">\n\t\t\t\t<rs-module id=\"rev_slider_5_1\" style=\"\" data-version=\"6.6.16\">\n\t\t\t\t\t<rs-slides style=\"overflow: hidden; position: absolute;\">\n\t\t\t\t\t\t<rs-slide style=\"position: absolute;\" data-key=\"rs-80\" data-title=\"Slide\" data-anim=\"adpr:false;\">\n\t\t\t\t\t\t\t<img decoding=\"async\" src=\"\/\/www.nordictrans.com\/wp-content\/plugins\/revslider\/public\/assets\/assets\/dummy.png\" alt=\"\" title=\"Oversettelsestjenester for nettsider\" class=\"rev-slidebg tp-rs-img rs-lazyload\" data-lazyload=\"\/\/www.nordictrans.com\/wp-content\/uploads\/2018\/04\/website-translation-services-1.png\" data-parallax=\"15\" data-no-retina>\n<!--\n\t\t\t\t\t\t\t--><rs-layer\n\t\t\t\t\t\t\t\tid=\"slider-5-slide-80-layer-1\" \n\t\t\t\t\t\t\t\tdata-type=\"text\"\n\t\t\t\t\t\t\t\tdata-color=\"rgba(153,153,153,1)\"\n\t\t\t\t\t\t\t\tdata-rsp_ch=\"on\"\n\t\t\t\t\t\t\t\tdata-xy=\"xo:109px,11px,9px,14px;yo:324px,256px,230px,182px;\"\n\t\t\t\t\t\t\t\tdata-text=\"s:50,60,40,30;l:50,60,40,30;fw:700;a:inherit;\"\n\t\t\t\t\t\t\t\tdata-frame_0=\"tp:600;\"\n\t\t\t\t\t\t\t\tdata-frame_1=\"tp:600;st:0;\"\n\t\t\t\t\t\t\t\tdata-frame_999=\"o:0;tp:600;st:w;sR:8700.0006103516;\"\n\t\t\t\t\t\t\t\tstyle=\"z-index:5;font-family:'Open Sans';opacity:0.6;\"\n\t\t\t\t\t\t\t>\nOVERSETTELSESTJENESTER<br\/>\nFOR NETTSIDER \n\t\t\t\t\t\t\t<\/rs-layer><!--\n-->\t\t\t\t\t\t<\/rs-slide>\n\t\t\t\t\t<\/rs-slides>\n\t\t\t\t<\/rs-module>\n\t\t\t\t<script>\n\t\t\t\t\tsetREVStartSize({c: 'rev_slider_5_1',rl:[1240,1024,778,480],el:[655,600,500,400],gw:[1240,1024,778,480],gh:[655,600,500,400],type:'hero',justify:'',layout:'fullwidth',mh:\"0\"});if (window.RS_MODULES!==undefined && window.RS_MODULES.modules!==undefined && window.RS_MODULES.modules[\"revslider51\"]!==undefined) {window.RS_MODULES.modules[\"revslider51\"].once = false;window.revapi5 = undefined;if (window.RS_MODULES.checkMinimal!==undefined) window.RS_MODULES.checkMinimal()}\n\t\t\t\t<\/script>\n\t\t\t<\/rs-module-wrap>\n\t\t\t<!-- END REVOLUTION SLIDER -->\n[\/vc_column][\/vc_row][vc_row][vc_column][vc_raw_html]JTNDZGl2JTIwaWQlM0QlMjJzZWNvbmRfYnJlZCUyMiUyMGNsYXNzJTNEJTIyd2YtdGQlMjIlM0UlM0MlMkZkaXYlM0U=[\/vc_raw_html][\/vc_column][\/vc_row][vc_row rowtype=&#8221;fullw&#8221; textalign=&#8221;center&#8221;][vc_column][vc_empty_space][vc_column_text]<\/p>\n<h1 style=\"text-align: center; color: #2c5a85;\"><strong>Oversettelsestjenester For Nettsider<\/strong><\/h1>\n<p>[\/vc_column_text][vc_empty_space][vc_row_inner][vc_column_inner][vc_column_text]<\/p>\n<p style=\"text-align: center;\">Hvis du noen gang trenger oversettelsestjenester for nettsider er det viktig for deg \u00e5 s\u00f8rge for at du f\u00e5r disse tjenestene fra de profesjonelle leverand\u00f8rer i bransjen. Det er s\u00e5 mange grunner til at profesjonelle tjenesteleverand\u00f8rer vil hjelpe deg. En av de viktigeste grunnene til at du b\u00f8r ta i bruk tjenestene er at de tilbyr lokalisering av nettsider. I forretningsverden i dag er lokalisering av nettsider ikke noe du kan ta for gitt. Du m\u00e5 s\u00f8rge for at du har ditt nettsted riktig organisert slik at du har en bedre sjanse til \u00e5 f\u00e5 avkastning p\u00e5 det samme.<\/p>\n<p style=\"text-align: center;\">Internettforretningen er i dag en av de mest vanlige kildene til inntekt for de fleste grundere. Som en konsekvens av dette, vil oversettelsestjenester p\u00e5 nettet v\u00e6re en god ide, fordi du har sjansen til \u00e5 g\u00e5 inn i dypere omr\u00e5der uten \u00e5 bekymre deg om noe. Forretninger holder p\u00e5 \u00e5 bryte grensen til nye omr\u00e5der, og bedriftene senker ogs\u00e5 terskelen for \u00e5 kunne erobre nye omr\u00e5der. Dette er en av de beste utsiktene for \u00e5 lykkes i \u00f8yeblikket s\u00e5 langt.<\/p>\n<p>[\/vc_column_text][\/vc_column_inner][\/vc_row_inner][\/vc_column][\/vc_row][vc_row rowtype=&#8221;fullw&#8221; padding=&#8221;20px 0&#8243;][vc_column][vc_empty_space height=&#8221;70px&#8221;][vc_row_inner][vc_column_inner width=&#8221;1\/2&#8243;][vc_single_image image=&#8221;9902&#8243; img_size=&#8221;full&#8221; css_animation=&#8221;fadeInLeft&#8221;][vc_empty_space][\/vc_column_inner][vc_column_inner width=&#8221;1\/2&#8243;][vc_text_separator title=&#8221;Trenger nettstedet lokaliseringstjenester?&#8221; style=&#8221;double&#8221;][vc_empty_space][vc_column_text css_animation=&#8221;fadeInRight&#8221;]<\/p>\n<p style=\"text-align: left;\">Nettstedet ditt er ansiktet til forretningen din i den elektroniske verden, og derfor er det et behov for \u00e5 fokusere p\u00e5 \u00e5 samle inn nye kunder fra hele verden. En enspr\u00e5klig nettside er ikke nok, du m\u00e5 oversette nettstedet ditt p\u00e5 s\u00e5 mange spr\u00e5k som mulig for \u00e5 tiltrekke deg de kundene som ikke kan nok engelsk. Det er velkjent at bes\u00f8kende er mer villig til \u00e5 bes\u00f8ke din side eller kj\u00f8pe dine produkter hvis nettsiden er skrevet p\u00e5 deres eget spr\u00e5k. Hvis du ikke \u00f8nsker \u00e5 g\u00e5 glipp av denne muligheten kan v\u00e5re oversettelsestjenester p\u00e5 nettet hjelpe deg.<\/p>\n<p style=\"text-align: left;\">Vi har et spesielt team av profesjonelle lingvister, webingeni\u00f8rer og designere som er klare for \u00e5 ta tak i oppgaven! Hvis du trenger nettsiden din oversatt og lokalisert til et spesifikt marked, kan vi tilby det til deg.<\/p>\n<p style=\"text-align: left;\">Hos oss, trenger du ikke \u00e5 bekymre deg for noe. Det \u00e5 be om et gratis tilbud vil bare ta noen minutter siden v\u00e5re prosjektledere alltid er tilgjengelige p\u00e5 live nettprat eller andre former for kommunikasjon. V\u00e5re webingeni\u00f8rer vil deretter studere din nettside og vil komme opp med et tilbud. Etter at du har akseptert det, vil v\u00e5rt team starte med \u00e5 arbeide p\u00e5 ditt prosjekt. N\u00e5r alt er ferdig og lastet opp til din nettside, vil v\u00e5rt QA team begynne med \u00e5 se p\u00e5 de siste korrekturlesningene for \u00e5 s\u00f8rge for at alt fungerer slik det skal gj\u00f8re.<\/p>\n<p style=\"text-align: left;\">Du kan f\u00e5 oppdateringer p\u00e5 jobben v\u00e5r n\u00e5r som helst gjennom v\u00e5r live chat st\u00f8tte, og prosjektlederen som er ansvarlig for oppgaven vil gi deg den informasjonen du trenger og \u00f8nsker.<\/p>\n<p>[\/vc_column_text][\/vc_column_inner][\/vc_row_inner][vc_empty_space][\/vc_column][\/vc_row][vc_row type=&#8221;vc_default&#8221; bg_type=&#8221;bg_color&#8221; bg_override=&#8221;full&#8221; rowtype=&#8221;fullw&#8221; padding=&#8221;20px 0&#8243; css=&#8221;.vc_custom_1478765602542{padding-top: 20px !important;padding-right: 0px !important;padding-bottom: 20px !important;padding-left: 0px !important;}&#8221; bg_color_value=&#8221;#ebebeb&#8221;][vc_column][vc_empty_space][vc_custom_heading text=&#8221;Lokaliseringsnettsteder for \u00e5 bryte spr\u00e5kbarrieren?&#8221; font_container=&#8221;tag:h2|text_align:center|color:%232c5a85&#8243; google_fonts=&#8221;font_family:Roboto%3A100%2C100italic%2C300%2C300italic%2Cregular%2Citalic%2C500%2C500italic%2C700%2C700italic%2C900%2C900italic|font_style:400%20regular%3A400%3Anormal&#8221;][vc_empty_space][vc_separator color=&#8221;custom&#8221; border_width=&#8221;5&#8243; el_width=&#8221;10&#8243; accent_color=&#8221;#999999&#8243;][vc_empty_space][vc_column_text css_animation=&#8221;zoomIn&#8221;]<\/p>\n<p style=\"text-align: center;\">Lokaliseringsnettsteder for \u00e5 bryte spr\u00e5kbarrieren?<br \/>\nBehovet for en god oversettelsestjeneste av nettsider er sv\u00e6rt viktig, spesielt for de som trenger \u00e5 bryte barrierer for \u00e5 bryte gjennom nye markeder. Det gj\u00f8r at du er i stand til \u00e5 interagere med dine bes\u00f8kende og konsumentene, uten \u00e5 m\u00e5tte bekymre deg over tap eller bortfall i forst\u00e5else gjennom kommunikasjonsprosessen. En av de st\u00f8rste utfordringene som brukere har s\u00e5 langt i \u00f8yeblikket er det faktum at de normalt sett \u00f8nsker \u00e5 f\u00e5 gjort disse oversettelsestjenestene s\u00e5 fort.<\/p>\n<p style=\"text-align: center;\">Det er ikke noe galt med det. Faktisk er v\u00e5r spesialitet i \u00e5 oversette til de nordiske spr\u00e5kene noe som du virkelig vil dra nytte av. Ikke bare er vi i stand til \u00e5 f\u00e5 oversettelse og lokalisering av ulike nettsider gjort for deg, men vi har ogs\u00e5 kapasitet til \u00e5 sikre at n\u00e5r du ber om disse tjenestene, kan vi levere de for deg p\u00e5 rekordtid. Med dette i bakhodet er derfor det siste du noensinne trenger \u00e5 bekymre deg for er feil i prosessene i virksomheten din, fordi vi vil levere utover dine forventninger.<\/p>\n<p>[\/vc_column_text][vc_empty_space height=&#8221;50px&#8221;][\/vc_column][\/vc_row][vc_row rowtype=&#8221;fullw&#8221; padding=&#8221;20px 0&#8243;][vc_column][vc_empty_space][vc_custom_heading text=&#8221;Vet du ikke hvordan? Med oss trenger du ikke det!&#8221; font_container=&#8221;tag:h2|text_align:center|color:%232c5a85&#8243; google_fonts=&#8221;font_family:Roboto%3A100%2C100italic%2C300%2C300italic%2Cregular%2Citalic%2C500%2C500italic%2C700%2C700italic%2C900%2C900italic|font_style:400%20regular%3A400%3Anormal&#8221;][vc_empty_space][vc_column_text css_animation=&#8221;zoomInUp&#8221;]<\/p>\n<p style=\"text-align: center;\">Hvis du er bekymret for \u00e5 ikke kunne laste opp oversatt innhold til nettstedet ditt, trenger du ikke \u00e5 gj\u00f8re det. V\u00e5rt team vil oversette, lokalisere og korrekturlese innholdet, og v\u00e5re designere vil endre et bilde som inneholder tekst og v\u00e5re webingeni\u00f8rer vil laste opp alt til nettstedet ditt, og s\u00f8rge for at alt er p\u00e5 plass og fungerer.<\/p>\n<p style=\"text-align: center;\">Vi vil ikke forlate en jobb uferdig, s\u00e5 n\u00e5r du bruker v\u00e5re oversettelsestjenester for nettsider, kan du v\u00e6re trygg p\u00e5 at vi gj\u00f8r alt arbeidet!<\/p>\n<p>[\/vc_column_text][vc_empty_space height=&#8221;50px&#8221;][\/vc_column][\/vc_row][vc_row type=&#8221;3&#8243; margin_bottom=&#8221;0px&#8221; full_width_row=&#8221;true&#8221; rowtype=&#8221;fullw&#8221; textalign=&#8221;center&#8221; padding=&#8221;30px 0px&#8221; css=&#8221;.vc_custom_1479125368276{margin-bottom: 0px !important;padding-top: 30px !important;padding-right: 0px !important;padding-bottom: 30px !important;padding-left: 0px !important;}&#8221; el_class=&#8221;live-contact-btn-wrap&#8221;][vc_column][vc_cta h2=&#8221;Er du klar? La oss komme i gang: &#8221; add_button=&#8221;right&#8221; btn_title=&#8221;LEVENDE KONTAKT&#8221; btn_style=&#8221;custom&#8221; btn_custom_background=&#8221;#ffffff&#8221; btn_custom_text=&#8221;#2a4a8f&#8221; btn_shape=&#8221;round&#8221; btn_align=&#8221;center&#8221; btn_custom_onclick=&#8221;true&#8221; btn_smooth_scroll=&#8221;true&#8221; btn_link=&#8221;url:https%3A%2F%2Fwww.nordictrans.com%2Fchat-popup%2F|||&#8221; el_class=&#8221;live-contact-btn&#8221;][\/vc_cta][\/vc_column][\/vc_row]<\/p>\n<\/div>","protected":false},"excerpt":{"rendered":"<p>[vc_row][vc_column][\/vc_column][\/vc_row][vc_row][vc_column][vc_raw_html]JTNDZGl2JTIwaWQlM0QlMjJzZWNvbmRfYnJlZCUyMiUyMGNsYXNzJTNEJTIyd2YtdGQlMjIlM0UlM0MlMkZkaXYlM0U=[\/vc_raw_html][\/vc_column][\/vc_row][vc_row rowtype=&#8221;fullw&#8221; textalign=&#8221;center&#8221;][vc_column][vc_empty_space][vc_column_text] Oversettelsestjenester For Nettsider [\/vc_column_text][vc_empty_space][vc_row_inner][vc_column_inner][vc_column_text] Hvis du noen gang trenger oversettelsestjenester for nettsider er det viktig for deg \u00e5 s\u00f8rge for at du f\u00e5r disse tjenestene fra de profesjonelle leverand\u00f8rer i bransjen. Det er s\u00e5 mange grunner til at profesjonelle tjenesteleverand\u00f8rer vil hjelpe deg. En av de viktigeste grunnene til at du b\u00f8r&hellip;<\/p>\n","protected":false},"author":1,"featured_media":32149,"parent":23684,"menu_order":0,"comment_status":"closed","ping_status":"closed","template":"","meta":{"_acf_changed":false,"footnotes":""},"class_list":["post-23756","page","type-page","status-publish","has-post-thumbnail","hentry","description-off"],"acf":[],"yoast_head":"<!-- This site is optimized with the Yoast SEO Premium plugin v26.5 (Yoast SEO v26.5) - https:\/\/yoast.com\/wordpress\/plugins\/seo\/ -->\n<title>Oversettelsestjenester for nettsteder \u2013 lokalisering av nettsider<\/title>\n<meta name=\"description\" content=\"N\u00e5r du bruker v\u00e5re lokaliserings - og oversettelsestjenester for nettsteder, kan du v\u00e6re trygg p\u00e5 at vi gj\u00f8r alt arbeidet!\" \/>\n<meta name=\"robots\" content=\"index, follow, max-snippet:-1, max-image-preview:large, max-video-preview:-1\" \/>\n<link rel=\"canonical\" href=\"https:\/\/www.nordictrans.com\/nb\/oversettelsestjenester\/oversettelsestjenester-for-nettsider\/\" \/>\n<meta property=\"og:locale\" content=\"nb_NO\" \/>\n<meta property=\"og:type\" content=\"article\" \/>\n<meta property=\"og:title\" content=\"Website Translation Services | Nordictrans\" \/>\n<meta property=\"og:description\" content=\"We don&#039;t leave a job unfinished, so when you use our website localization or website translation services, you can rest assured WE are doing all the work!\" \/>\n<meta property=\"og:url\" content=\"https:\/\/www.nordictrans.com\/nb\/oversettelsestjenester\/oversettelsestjenester-for-nettsider\/\" \/>\n<meta property=\"og:site_name\" content=\"Nordictrans.com\" \/>\n<meta property=\"article:publisher\" content=\"https:\/\/www.facebook.com\/NordicTrans\" \/>\n<meta property=\"article:modified_time\" content=\"2018-02-08T14:26:30+00:00\" \/>\n<meta property=\"og:image\" content=\"https:\/\/www.nordictrans.com\/wp-content\/uploads\/2018\/04\/website-translation-services-1.png\" \/>\n\t<meta property=\"og:image:width\" content=\"1903\" \/>\n\t<meta property=\"og:image:height\" content=\"670\" \/>\n\t<meta property=\"og:image:type\" content=\"image\/png\" \/>\n<meta name=\"twitter:card\" content=\"summary_large_image\" \/>\n<meta name=\"twitter:title\" content=\"Website Translation Services | Nordictrans\" \/>\n<meta name=\"twitter:description\" content=\"We provide high-quality translation services for any websites. Globalize your business with Nordictrans. Call us now! ????+1-786-539-4774.\" \/>\n<meta name=\"twitter:site\" content=\"@NordicTrans\" \/>\n<meta name=\"twitter:label1\" content=\"Ansl. lesetid\" \/>\n\t<meta name=\"twitter:data1\" content=\"6 minutter\" \/>\n<!-- \/ Yoast SEO Premium plugin. -->","yoast_head_json":{"title":"Oversettelsestjenester for nettsteder \u2013 lokalisering av nettsider","description":"N\u00e5r du bruker v\u00e5re lokaliserings - og oversettelsestjenester for nettsteder, kan du v\u00e6re trygg p\u00e5 at vi gj\u00f8r alt arbeidet!","robots":{"index":"index","follow":"follow","max-snippet":"max-snippet:-1","max-image-preview":"max-image-preview:large","max-video-preview":"max-video-preview:-1"},"canonical":"https:\/\/www.nordictrans.com\/nb\/oversettelsestjenester\/oversettelsestjenester-for-nettsider\/","og_locale":"nb_NO","og_type":"article","og_title":"Website Translation Services | Nordictrans","og_description":"We don't leave a job unfinished, so when you use our website localization or website translation services, you can rest assured WE are doing all the work!","og_url":"https:\/\/www.nordictrans.com\/nb\/oversettelsestjenester\/oversettelsestjenester-for-nettsider\/","og_site_name":"Nordictrans.com","article_publisher":"https:\/\/www.facebook.com\/NordicTrans","article_modified_time":"2018-02-08T14:26:30+00:00","og_image":[{"width":1903,"height":670,"url":"https:\/\/www.nordictrans.com\/wp-content\/uploads\/2018\/04\/website-translation-services-1.png","type":"image\/png"}],"twitter_card":"summary_large_image","twitter_title":"Website Translation Services | Nordictrans","twitter_description":"We provide high-quality translation services for any websites. Globalize your business with Nordictrans. Call us now! ????+1-786-539-4774.","twitter_site":"@NordicTrans","twitter_misc":{"Ansl. lesetid":"6 minutter"},"schema":{"@context":"https:\/\/schema.org","@graph":[{"@type":"WebPage","@id":"https:\/\/www.nordictrans.com\/nb\/oversettelsestjenester\/oversettelsestjenester-for-nettsider\/","url":"https:\/\/www.nordictrans.com\/nb\/oversettelsestjenester\/oversettelsestjenester-for-nettsider\/","name":"Oversettelsestjenester for nettsteder \u2013 lokalisering av nettsider","isPartOf":{"@id":"https:\/\/www.nordictrans.com\/nb\/#website"},"primaryImageOfPage":{"@id":"https:\/\/www.nordictrans.com\/nb\/oversettelsestjenester\/oversettelsestjenester-for-nettsider\/#primaryimage"},"image":{"@id":"https:\/\/www.nordictrans.com\/nb\/oversettelsestjenester\/oversettelsestjenester-for-nettsider\/#primaryimage"},"thumbnailUrl":"https:\/\/www.nordictrans.com\/wp-content\/uploads\/2018\/04\/website-translation-services-1.png","datePublished":"2016-12-23T21:46:48+00:00","dateModified":"2018-02-08T14:26:30+00:00","description":"N\u00e5r du bruker v\u00e5re lokaliserings - og oversettelsestjenester for nettsteder, kan du v\u00e6re trygg p\u00e5 at vi gj\u00f8r alt arbeidet!","breadcrumb":{"@id":"https:\/\/www.nordictrans.com\/nb\/oversettelsestjenester\/oversettelsestjenester-for-nettsider\/#breadcrumb"},"inLanguage":"nb-NO","potentialAction":[{"@type":"ReadAction","target":["https:\/\/www.nordictrans.com\/nb\/oversettelsestjenester\/oversettelsestjenester-for-nettsider\/"]}]},{"@type":"ImageObject","inLanguage":"nb-NO","@id":"https:\/\/www.nordictrans.com\/nb\/oversettelsestjenester\/oversettelsestjenester-for-nettsider\/#primaryimage","url":"https:\/\/www.nordictrans.com\/wp-content\/uploads\/2018\/04\/website-translation-services-1.png","contentUrl":"https:\/\/www.nordictrans.com\/wp-content\/uploads\/2018\/04\/website-translation-services-1.png","width":1903,"height":670,"caption":"Website Translation Services"},{"@type":"BreadcrumbList","@id":"https:\/\/www.nordictrans.com\/nb\/oversettelsestjenester\/oversettelsestjenester-for-nettsider\/#breadcrumb","itemListElement":[{"@type":"ListItem","position":1,"name":"Home","item":"https:\/\/www.nordictrans.com\/nb\/"},{"@type":"ListItem","position":2,"name":"Oversettelsestjenester","item":"https:\/\/www.nordictrans.com\/nb\/oversettelsestjenester\/"},{"@type":"ListItem","position":3,"name":"Oversettelsestjenester for nettsider"}]},{"@type":"WebSite","@id":"https:\/\/www.nordictrans.com\/nb\/#website","url":"https:\/\/www.nordictrans.com\/nb\/","name":"Nordictrans.com","description":"Translation Agency specialized in Nordic Languages","publisher":{"@id":"https:\/\/www.nordictrans.com\/nb\/#organization"},"potentialAction":[{"@type":"SearchAction","target":{"@type":"EntryPoint","urlTemplate":"https:\/\/www.nordictrans.com\/nb\/?s={search_term_string}"},"query-input":{"@type":"PropertyValueSpecification","valueRequired":true,"valueName":"search_term_string"}}],"inLanguage":"nb-NO"},{"@type":"Organization","@id":"https:\/\/www.nordictrans.com\/nb\/#organization","name":"NordicTrans","url":"https:\/\/www.nordictrans.com\/nb\/","logo":{"@type":"ImageObject","inLanguage":"nb-NO","@id":"https:\/\/www.nordictrans.com\/nb\/#\/schema\/logo\/image\/","url":"https:\/\/www.nordictrans.com\/wp-content\/uploads\/2015\/02\/logoNT.png","contentUrl":"https:\/\/www.nordictrans.com\/wp-content\/uploads\/2015\/02\/logoNT.png","width":272,"height":92,"caption":"NordicTrans"},"image":{"@id":"https:\/\/www.nordictrans.com\/nb\/#\/schema\/logo\/image\/"},"sameAs":["https:\/\/www.facebook.com\/NordicTrans","https:\/\/x.com\/NordicTrans","https:\/\/www.instagram.com\/NordictransUS","https:\/\/www.linkedin.com\/company\/nordictrans","https:\/\/www.pinterest.com\/nordictrans01","https:\/\/www.youtube.com\/c\/nordictrans"]}]}},"_links":{"self":[{"href":"https:\/\/www.nordictrans.com\/nb\/wp-json\/wp\/v2\/pages\/23756","targetHints":{"allow":["GET"]}}],"collection":[{"href":"https:\/\/www.nordictrans.com\/nb\/wp-json\/wp\/v2\/pages"}],"about":[{"href":"https:\/\/www.nordictrans.com\/nb\/wp-json\/wp\/v2\/types\/page"}],"author":[{"embeddable":true,"href":"https:\/\/www.nordictrans.com\/nb\/wp-json\/wp\/v2\/users\/1"}],"replies":[{"embeddable":true,"href":"https:\/\/www.nordictrans.com\/nb\/wp-json\/wp\/v2\/comments?post=23756"}],"version-history":[{"count":5,"href":"https:\/\/www.nordictrans.com\/nb\/wp-json\/wp\/v2\/pages\/23756\/revisions"}],"predecessor-version":[{"id":26988,"href":"https:\/\/www.nordictrans.com\/nb\/wp-json\/wp\/v2\/pages\/23756\/revisions\/26988"}],"up":[{"embeddable":true,"href":"https:\/\/www.nordictrans.com\/nb\/wp-json\/wp\/v2\/pages\/23684"}],"wp:featuredmedia":[{"embeddable":true,"href":"https:\/\/www.nordictrans.com\/nb\/wp-json\/wp\/v2\/media\/32149"}],"wp:attachment":[{"href":"https:\/\/www.nordictrans.com\/nb\/wp-json\/wp\/v2\/media?parent=23756"}],"curies":[{"name":"wp","href":"https:\/\/api.w.org\/{rel}","templated":true}]}}