{"id":23722,"date":"2016-12-23T14:19:17","date_gmt":"2016-12-23T14:19:17","guid":{"rendered":"http:\/\/dev.nordictrans.com\/dokumentoversettelsestjenester\/"},"modified":"2018-02-08T14:26:14","modified_gmt":"2018-02-08T14:26:14","slug":"dokumentoversettelsestjenester","status":"publish","type":"page","link":"https:\/\/www.nordictrans.com\/nb\/oversettelsestjenester\/dokumentoversettelsestjenester\/","title":{"rendered":"Dokumentoversettelsestjenester"},"content":{"rendered":"<div class=\"wpb-content-wrapper\"><p>[vc_row][vc_column]\n\t\t\t<!-- START Document Translation REVOLUTION SLIDER 6.6.16 --><p class=\"rs-p-wp-fix\"><\/p>\n\t\t\t<rs-module-wrap id=\"rev_slider_4_1_wrapper\" data-source=\"gallery\" style=\"visibility:hidden;background:transparent;padding:0;margin:0px auto;margin-top:0;margin-bottom:0;\">\n\t\t\t\t<rs-module id=\"rev_slider_4_1\" style=\"\" data-version=\"6.6.16\">\n\t\t\t\t\t<rs-slides style=\"overflow: hidden; position: absolute;\">\n\t\t\t\t\t\t<rs-slide style=\"position: absolute;\" data-key=\"rs-78\" data-title=\"Slide\" data-anim=\"adpr:false;\">\n\t\t\t\t\t\t\t<img decoding=\"async\" src=\"\/\/www.nordictrans.com\/wp-content\/plugins\/revslider\/public\/assets\/assets\/dummy.png\" alt=\"document-translation-2200x1440\" title=\"document-translation-2200&#215;1440\" width=\"1903\" height=\"670\" class=\"rev-slidebg tp-rs-img rs-lazyload\" data-lazyload=\"\/\/www.nordictrans.com\/wp-content\/uploads\/2016\/02\/document-translation-2200x1440-1-1903x670.jpg\" data-parallax=\"15\" data-no-retina>\n<!--\n\t\t\t\t\t\t\t--><rs-layer\n\t\t\t\t\t\t\t\tid=\"slider-4-slide-78-layer-1\" \n\t\t\t\t\t\t\t\tdata-type=\"text\"\n\t\t\t\t\t\t\t\tdata-color=\"rgba(153,153,153,1)\"\n\t\t\t\t\t\t\t\tdata-rsp_ch=\"on\"\n\t\t\t\t\t\t\t\tdata-xy=\"xo:54px,43px,28px,25px;yo:273px,245px,202px,177px;\"\n\t\t\t\t\t\t\t\tdata-text=\"s:50,60,40,30;l:50,60,40,30;fw:700;a:inherit;\"\n\t\t\t\t\t\t\t\tdata-frame_0=\"tp:600;\"\n\t\t\t\t\t\t\t\tdata-frame_1=\"tp:600;st:0;\"\n\t\t\t\t\t\t\t\tdata-frame_999=\"o:0;tp:600;st:w;sR:8699.99969482;\"\n\t\t\t\t\t\t\t\tstyle=\"z-index:5;font-family:'Open Sans';opacity:0.6;\"\n\t\t\t\t\t\t\t>\nDOKUMENT<br\/>\nOVERSETTELSESTJENESTER \n\t\t\t\t\t\t\t<\/rs-layer><!--\n-->\t\t\t\t\t\t<\/rs-slide>\n\t\t\t\t\t<\/rs-slides>\n\t\t\t\t<\/rs-module>\n\t\t\t\t<script>\n\t\t\t\t\tsetREVStartSize({c: 'rev_slider_4_1',rl:[1240,1024,778,480],el:[655,600,500,400],gw:[1240,1024,778,480],gh:[655,600,500,400],type:'hero',justify:'',layout:'fullwidth',mh:\"0\"});if (window.RS_MODULES!==undefined && window.RS_MODULES.modules!==undefined && window.RS_MODULES.modules[\"revslider41\"]!==undefined) {window.RS_MODULES.modules[\"revslider41\"].once = false;window.revapi4 = undefined;if (window.RS_MODULES.checkMinimal!==undefined) window.RS_MODULES.checkMinimal()}\n\t\t\t\t<\/script>\n\t\t\t<\/rs-module-wrap>\n\t\t\t<!-- END REVOLUTION SLIDER -->\n[\/vc_column][\/vc_row][vc_row][vc_column][vc_raw_html]JTNDZGl2JTIwaWQlM0QlMjJzZWNvbmRfYnJlZCUyMiUyMGNsYXNzJTNEJTIyd2YtdGQlMjIlM0UlM0MlMkZkaXYlM0U=[\/vc_raw_html][\/vc_column][\/vc_row][vc_row rowtype=&#8221;fullw&#8221; textalign=&#8221;center&#8221;][vc_column][vc_empty_space][vc_column_text css_animation=&#8221;zoomIn&#8221;]<\/p>\n<h1 style=\"text-align: center; color: #2c5a85;\"><strong>Dokumentoversettelsestjenester<\/strong><\/h1>\n<p>[\/vc_column_text][vc_empty_space][vc_row_inner][vc_column_inner][vc_column_text]<\/p>\n<p style=\"text-align: center;\">Av og til kommer vi over mennesker som trenger \u00e5 f\u00e5 sine dokumenter oversatt fra et annet spr\u00e5k. Dette er noe som virkelig er fornuftig, med tanke p\u00e5 at forretningslivet har kommet full sirkel i det siste. Behovet for oversettelsestjenester av forretnings- eller juridiske dokument er spesielt nyttige, og viktige, med tanke p\u00e5 alle tingene du kan gj\u00f8re hvis du f\u00f8lger dette. Det er visse ting du m\u00e5 ha i bakhodet n\u00e5r du er ute etter \u00e5 gj\u00f8re god bruk av dokumentoversettelsestjenestene som vi tilbyr.<\/p>\n<p>[\/vc_column_text][\/vc_column_inner][\/vc_row_inner][\/vc_column][\/vc_row][vc_row rowtype=&#8221;fullw&#8221; padding=&#8221;20px 0&#8243;][vc_column][vc_empty_space height=&#8221;70px&#8221;][vc_row_inner][vc_column_inner width=&#8221;1\/2&#8243;][vc_single_image image=&#8221;9894&#8243; img_size=&#8221;full&#8221; css_animation=&#8221;fadeInLeft&#8221;][vc_empty_space][\/vc_column_inner][vc_column_inner width=&#8221;1\/2&#8243;][vc_text_separator title=&#8221;Profesjonell dokumentoversettelse&#8221; style=&#8221;double&#8221;][vc_empty_space][vc_column_text css_animation=&#8221;fadeInRight&#8221;]<\/p>\n<p style=\"text-align: left;\">NordicTrans tilbyr kvalitetsoversettelser av dokumenter uansett hvilken type de er. Vi har spesialiserte lingvister p\u00e5 nesten hvilket som helst felt og vi velger lingvistene n\u00f8ye ut basert p\u00e5 deres erfaringer i industrien som dokumentet vedr\u00f8rer. Med oss, vil du ikke f\u00e5 en medisinsk oversetter som arbeider med et forretningsdokument!<\/p>\n<p style=\"text-align: left;\">Vi tilbyr dokumentoversettelsestjenester til de f\u00f8lgende feltene:<\/p>\n<div style=\"width: 250px; margin-right: auto; margin-left: auto; text-align: left;\">\n<p style=\"text-align: left;\"><i class=\"fa fa-check-circle fa-lg\" style=\"color: #81d742;\"><\/i><strong>\u00a0 Forretningsoversettelser<\/strong><\/p>\n<p style=\"text-align: left;\"><i class=\"fa fa-check-circle fa-lg\" style=\"color: #81d742;\"><\/i><strong>\u00a0 Tekniske oversettelser<\/strong><\/p>\n<p style=\"text-align: left;\"><i class=\"fa fa-check-circle fa-lg\" style=\"color: #81d742;\"><\/i><strong>\u00a0 Medisinske oversettelser<\/strong><\/p>\n<p style=\"text-align: left;\"><i class=\"fa fa-check-circle fa-lg\" style=\"color: #81d742;\"><br \/>\n<\/i><strong>\u00a0 Juridiske oversettelser<\/strong><\/p>\n<p style=\"text-align: left;\"><i class=\"fa fa-check-circle fa-lg\" style=\"color: #81d742;\"><\/i><strong>\u00a0 Sertifiserte oversettelser<\/strong><\/p>\n<p style=\"text-align: left;\"><i class=\"fa fa-check-circle fa-lg\" style=\"color: #81d742;\"><\/i><strong>\u00a0 Attesterte oversettelser<\/strong><\/p>\n<p style=\"text-align: left;\"><i class=\"fa fa-check-circle fa-lg\" style=\"color: #81d742;\"><\/i><strong>\u00a0 Og mye mer\u2026<\/strong><\/p>\n<\/div>\n<p>[\/vc_column_text][\/vc_column_inner][\/vc_row_inner][vc_empty_space][\/vc_column][\/vc_row][vc_row type=&#8221;vc_default&#8221; bg_type=&#8221;bg_color&#8221; bg_override=&#8221;full&#8221; rowtype=&#8221;fullw&#8221; padding=&#8221;20px 0&#8243; css=&#8221;.vc_custom_1478765602542{padding-top: 20px !important;padding-right: 0px !important;padding-bottom: 20px !important;padding-left: 0px !important;}&#8221; bg_color_value=&#8221;#ebebeb&#8221;][vc_column][vc_empty_space][vc_custom_heading text=&#8221;Vit akkurat hva du betaler for&#8221; font_container=&#8221;tag:h2|text_align:center|color:%232c5a85&#8243; google_fonts=&#8221;font_family:Roboto%3A100%2C100italic%2C300%2C300italic%2Cregular%2Citalic%2C500%2C500italic%2C700%2C700italic%2C900%2C900italic|font_style:400%20regular%3A400%3Anormal&#8221;][vc_empty_space][vc_separator color=&#8221;custom&#8221; border_width=&#8221;5&#8243; el_width=&#8221;10&#8243; accent_color=&#8221;#999999&#8243;][vc_empty_space][vc_column_text css_animation=&#8221;zoomIn&#8221;]<\/p>\n<p style=\"text-align: center;\">Vi bruker mye tid og bruker mye krefter p\u00e5 \u00e5 gj\u00f8re slik at du f\u00e5r det beste resultatet, og dette er \u00e5rsaken til at vi snakker mye med kundene v\u00e5re. V\u00e5rt konsept er \u00e5 s\u00f8rge for at vi kan tilby deg v\u00e5re dokumentoversettelsestjenester, slik at du ogs\u00e5 er i stand til \u00e5 forst\u00e5 de n\u00f8dvendige rammene av den typen arbeid vi gj\u00f8r for deg. Dette er ikke bare for at du skal f\u00e5 de tjenestene du leter etter, men det er ogs\u00e5 for \u00e5 s\u00f8rge for at du forst\u00e5r og setter pris p\u00e5 det arbeidet vi gj\u00f8r.<\/p>\n<p style=\"text-align: center;\">Det er ogs\u00e5 for \u00e5 s\u00f8rge for at n\u00e5r vi arbeider sammen, vet du hva du betaler for. N\u00e5r du ser p\u00e5 sitatet vi diskuterer og sender deg for oversettelse av dokumenter som vi gj\u00f8r for deg, er det v\u00e5r forventning at du forst\u00e5r innholdet, og setter pris p\u00e5 hvorfor du betaler og hva du betaler for. Dette er i et fors\u00f8k p\u00e5 \u00e5 v\u00e6re s\u00e5 \u00e5pen og rettferdig som mulig. Erfaringsmessig er det alltid en god ide for kunden \u00e5 vite hva de blir belastet for, og hvorfor. Dette g\u00e5r ogs\u00e5 s\u00e5 langt i \u00e5 hjelpe deg med \u00e5 forst\u00e5 behovet for \u00e5 bruke tjenestene som vi tilbyr, og hvorfor vi er den beste i tjenestene s\u00e5 langt.<\/p>\n<p style=\"text-align: center;\">Likevel er en ting vi kan garantere deg det faktum at det er ikke noe som er for vanskelig for oss \u00e5 h\u00e5ndtere. N\u00e5r du gir ditt arbeid til oss, vil vi s\u00f8rge for at vi gj\u00f8r arbeidet p\u00e5 best mulig m\u00e5te.<\/p>\n<p>[\/vc_column_text][vc_empty_space height=&#8221;50px&#8221;][\/vc_column][\/vc_row][vc_row rowtype=&#8221;fullw&#8221; padding=&#8221;20px 0&#8243;][vc_column][vc_empty_space][vc_custom_heading text=&#8221;Dokumentoversettelsestjenester for omtrent alle spr\u00e5k&#8221; font_container=&#8221;tag:h2|text_align:center|color:%232c5a85&#8243; google_fonts=&#8221;font_family:Roboto%3A100%2C100italic%2C300%2C300italic%2Cregular%2Citalic%2C500%2C500italic%2C700%2C700italic%2C900%2C900italic|font_style:400%20regular%3A400%3Anormal&#8221;][vc_empty_space height=&#8221;20px&#8221;][vc_text_separator title=&#8221;Her er noen av v\u00e5re sterke sider:&#8221; el_width=&#8221;60&#8243;][vc_empty_space][vc_column_text css_animation=&#8221;zoomInUp&#8221;]<\/p>\n<div style=\"width: 250px; margin-right: auto; margin-left: auto; text-align: center;\">\n<p style=\"text-align: left;\"><i class=\"fa fa-check-circle fa-lg\" style=\"color: #81d742;\"><\/i><strong>\u00a0 Hvilken som helst spr\u00e5kkombinasjon<\/strong><\/p>\n<p style=\"text-align: left;\"><i class=\"fa fa-check-circle fa-lg\" style=\"color: #81d742;\"><\/i><strong>\u00a0 Kvalitetstjenester<\/strong><\/p>\n<p style=\"text-align: left;\"><i class=\"fa fa-check-circle fa-lg\" style=\"color: #81d742;\"><\/i><strong>\u00a0 Innf\u00f8dte oversettere<\/strong><\/p>\n<p style=\"text-align: left;\"><i class=\"fa fa-check-circle fa-lg\" style=\"color: #81d742;\"><\/i><strong>\u00a0 Ekstra korrekturlesing<\/strong><\/p>\n<p style=\"text-align: left;\"><i class=\"fa fa-check-circle fa-lg\" style=\"color: #81d742;\"><\/i><strong>\u00a0 Rask levering<\/strong><\/p>\n<p style=\"text-align: left;\"><i class=\"fa fa-check-circle fa-lg\" style=\"color: #81d742;\"><\/i><strong>\u00a0 Rimelige priser<\/strong><\/p>\n<p style=\"text-align: left;\"><i class=\"fa fa-check-circle fa-lg\" style=\"color: #81d742;\"><\/i><strong>\u00a0 Tilgjengelig 24\/7<\/strong><\/p>\n<\/div>\n<p>[\/vc_column_text][vc_empty_space height=&#8221;50px&#8221;][\/vc_column][\/vc_row][vc_row type=&#8221;3&#8243; margin_bottom=&#8221;0px&#8221; full_width_row=&#8221;true&#8221; rowtype=&#8221;fullw&#8221; textalign=&#8221;center&#8221; padding=&#8221;30px 0px&#8221; css=&#8221;.vc_custom_1479125193731{margin-bottom: 0px !important;padding-top: 30px !important;padding-right: 0px !important;padding-bottom: 30px !important;padding-left: 0px !important;}&#8221; el_class=&#8221;live-contact-btn-wrap&#8221;][vc_column][vc_cta h2=&#8221;Er du klar? La oss komme i gang:&#8221; add_button=&#8221;right&#8221; btn_title=&#8221;LEVENDE KONTAKT&#8221; btn_style=&#8221;custom&#8221; btn_custom_background=&#8221;#ffffff&#8221; btn_custom_text=&#8221;#2a4a8f&#8221; btn_shape=&#8221;round&#8221; btn_align=&#8221;center&#8221; btn_custom_onclick=&#8221;true&#8221; btn_smooth_scroll=&#8221;true&#8221; btn_link=&#8221;url:https%3A%2F%2Fwww.nordictrans.com%2Fchat-popup%2F|||&#8221; el_class=&#8221;live-contact-btn&#8221;][\/vc_cta][\/vc_column][\/vc_row]<\/p>\n<\/div>","protected":false},"excerpt":{"rendered":"<p>[vc_row][vc_column][\/vc_column][\/vc_row][vc_row][vc_column][vc_raw_html]JTNDZGl2JTIwaWQlM0QlMjJzZWNvbmRfYnJlZCUyMiUyMGNsYXNzJTNEJTIyd2YtdGQlMjIlM0UlM0MlMkZkaXYlM0U=[\/vc_raw_html][\/vc_column][\/vc_row][vc_row rowtype=&#8221;fullw&#8221; textalign=&#8221;center&#8221;][vc_column][vc_empty_space][vc_column_text css_animation=&#8221;zoomIn&#8221;] Dokumentoversettelsestjenester [\/vc_column_text][vc_empty_space][vc_row_inner][vc_column_inner][vc_column_text] Av og til kommer vi over mennesker som trenger \u00e5 f\u00e5 sine dokumenter oversatt fra et annet spr\u00e5k. Dette er noe som virkelig er fornuftig, med tanke p\u00e5 at forretningslivet har kommet full sirkel i det siste. Behovet for oversettelsestjenester av forretnings- eller juridiske dokument er spesielt nyttige, og&hellip;<\/p>\n","protected":false},"author":1,"featured_media":31779,"parent":23684,"menu_order":0,"comment_status":"closed","ping_status":"closed","template":"","meta":{"_acf_changed":false,"footnotes":""},"class_list":["post-23722","page","type-page","status-publish","has-post-thumbnail","hentry","description-off"],"acf":[],"yoast_head":"<!-- This site is optimized with the Yoast SEO Premium plugin v26.5 (Yoast SEO v26.5) - https:\/\/yoast.com\/wordpress\/plugins\/seo\/ -->\n<title>Dokumentoversettelsestjenester \u2013 rask levering - NordicTrans<\/title>\n<meta name=\"description\" content=\"Behovet for dokumentoversettelsestjenester av forretnings- eller juridiske dokumenter er spesielt nyttig og viktig, og vi gir deg dette til rimelige priser.\" \/>\n<meta name=\"robots\" content=\"index, follow, max-snippet:-1, max-image-preview:large, max-video-preview:-1\" \/>\n<link rel=\"canonical\" href=\"https:\/\/www.nordictrans.com\/nb\/oversettelsestjenester\/dokumentoversettelsestjenester\/\" \/>\n<meta property=\"og:locale\" content=\"nb_NO\" \/>\n<meta property=\"og:type\" content=\"article\" \/>\n<meta property=\"og:title\" content=\"Dokumentoversettelsestjenester\" \/>\n<meta property=\"og:description\" content=\"The need for business or legal document translation services is particularly useful and important, and we are providing just that at affordable rates.\" \/>\n<meta property=\"og:url\" content=\"https:\/\/www.nordictrans.com\/nb\/oversettelsestjenester\/dokumentoversettelsestjenester\/\" \/>\n<meta property=\"og:site_name\" content=\"Nordictrans.com\" \/>\n<meta property=\"article:publisher\" content=\"https:\/\/www.facebook.com\/NordicTrans\" \/>\n<meta property=\"article:modified_time\" content=\"2018-02-08T14:26:14+00:00\" \/>\n<meta property=\"og:image\" content=\"https:\/\/www.nordictrans.com\/wp-content\/uploads\/2018\/04\/document-translation-services.png\" \/>\n\t<meta property=\"og:image:width\" content=\"1903\" \/>\n\t<meta property=\"og:image:height\" content=\"670\" \/>\n\t<meta property=\"og:image:type\" content=\"image\/png\" \/>\n<meta name=\"twitter:card\" content=\"summary_large_image\" \/>\n<meta name=\"twitter:title\" content=\"Document Translation Services - High Quality &amp; Fast Turnaround\" \/>\n<meta name=\"twitter:description\" content=\"No matter if you need business or legal document translation services we are able to provide highly accurate translations for any language at low rates.\" \/>\n<meta name=\"twitter:site\" content=\"@NordicTrans\" \/>\n<meta name=\"twitter:label1\" content=\"Ansl. lesetid\" \/>\n\t<meta name=\"twitter:data1\" content=\"5 minutter\" \/>\n<!-- \/ Yoast SEO Premium plugin. -->","yoast_head_json":{"title":"Dokumentoversettelsestjenester \u2013 rask levering - NordicTrans","description":"Behovet for dokumentoversettelsestjenester av forretnings- eller juridiske dokumenter er spesielt nyttig og viktig, og vi gir deg dette til rimelige priser.","robots":{"index":"index","follow":"follow","max-snippet":"max-snippet:-1","max-image-preview":"max-image-preview:large","max-video-preview":"max-video-preview:-1"},"canonical":"https:\/\/www.nordictrans.com\/nb\/oversettelsestjenester\/dokumentoversettelsestjenester\/","og_locale":"nb_NO","og_type":"article","og_title":"Dokumentoversettelsestjenester","og_description":"The need for business or legal document translation services is particularly useful and important, and we are providing just that at affordable rates.","og_url":"https:\/\/www.nordictrans.com\/nb\/oversettelsestjenester\/dokumentoversettelsestjenester\/","og_site_name":"Nordictrans.com","article_publisher":"https:\/\/www.facebook.com\/NordicTrans","article_modified_time":"2018-02-08T14:26:14+00:00","og_image":[{"width":1903,"height":670,"url":"https:\/\/www.nordictrans.com\/wp-content\/uploads\/2018\/04\/document-translation-services.png","type":"image\/png"}],"twitter_card":"summary_large_image","twitter_title":"Document Translation Services - High Quality & Fast Turnaround","twitter_description":"No matter if you need business or legal document translation services we are able to provide highly accurate translations for any language at low rates.","twitter_site":"@NordicTrans","twitter_misc":{"Ansl. lesetid":"5 minutter"},"schema":{"@context":"https:\/\/schema.org","@graph":[{"@type":"WebPage","@id":"https:\/\/www.nordictrans.com\/nb\/oversettelsestjenester\/dokumentoversettelsestjenester\/","url":"https:\/\/www.nordictrans.com\/nb\/oversettelsestjenester\/dokumentoversettelsestjenester\/","name":"Dokumentoversettelsestjenester \u2013 rask levering - NordicTrans","isPartOf":{"@id":"https:\/\/www.nordictrans.com\/nb\/#website"},"primaryImageOfPage":{"@id":"https:\/\/www.nordictrans.com\/nb\/oversettelsestjenester\/dokumentoversettelsestjenester\/#primaryimage"},"image":{"@id":"https:\/\/www.nordictrans.com\/nb\/oversettelsestjenester\/dokumentoversettelsestjenester\/#primaryimage"},"thumbnailUrl":"https:\/\/www.nordictrans.com\/wp-content\/uploads\/2018\/04\/document-translation-services.png","datePublished":"2016-12-23T14:19:17+00:00","dateModified":"2018-02-08T14:26:14+00:00","description":"Behovet for dokumentoversettelsestjenester av forretnings- eller juridiske dokumenter er spesielt nyttig og viktig, og vi gir deg dette til rimelige priser.","breadcrumb":{"@id":"https:\/\/www.nordictrans.com\/nb\/oversettelsestjenester\/dokumentoversettelsestjenester\/#breadcrumb"},"inLanguage":"nb-NO","potentialAction":[{"@type":"ReadAction","target":["https:\/\/www.nordictrans.com\/nb\/oversettelsestjenester\/dokumentoversettelsestjenester\/"]}]},{"@type":"ImageObject","inLanguage":"nb-NO","@id":"https:\/\/www.nordictrans.com\/nb\/oversettelsestjenester\/dokumentoversettelsestjenester\/#primaryimage","url":"https:\/\/www.nordictrans.com\/wp-content\/uploads\/2018\/04\/document-translation-services.png","contentUrl":"https:\/\/www.nordictrans.com\/wp-content\/uploads\/2018\/04\/document-translation-services.png","width":1903,"height":670,"caption":"Document Translation Services"},{"@type":"BreadcrumbList","@id":"https:\/\/www.nordictrans.com\/nb\/oversettelsestjenester\/dokumentoversettelsestjenester\/#breadcrumb","itemListElement":[{"@type":"ListItem","position":1,"name":"Home","item":"https:\/\/www.nordictrans.com\/nb\/"},{"@type":"ListItem","position":2,"name":"Oversettelsestjenester","item":"https:\/\/www.nordictrans.com\/nb\/oversettelsestjenester\/"},{"@type":"ListItem","position":3,"name":"Dokumentoversettelsestjenester"}]},{"@type":"WebSite","@id":"https:\/\/www.nordictrans.com\/nb\/#website","url":"https:\/\/www.nordictrans.com\/nb\/","name":"Nordictrans.com","description":"Translation Agency specialized in Nordic Languages","publisher":{"@id":"https:\/\/www.nordictrans.com\/nb\/#organization"},"potentialAction":[{"@type":"SearchAction","target":{"@type":"EntryPoint","urlTemplate":"https:\/\/www.nordictrans.com\/nb\/?s={search_term_string}"},"query-input":{"@type":"PropertyValueSpecification","valueRequired":true,"valueName":"search_term_string"}}],"inLanguage":"nb-NO"},{"@type":"Organization","@id":"https:\/\/www.nordictrans.com\/nb\/#organization","name":"NordicTrans","url":"https:\/\/www.nordictrans.com\/nb\/","logo":{"@type":"ImageObject","inLanguage":"nb-NO","@id":"https:\/\/www.nordictrans.com\/nb\/#\/schema\/logo\/image\/","url":"https:\/\/www.nordictrans.com\/wp-content\/uploads\/2015\/02\/logoNT.png","contentUrl":"https:\/\/www.nordictrans.com\/wp-content\/uploads\/2015\/02\/logoNT.png","width":272,"height":92,"caption":"NordicTrans"},"image":{"@id":"https:\/\/www.nordictrans.com\/nb\/#\/schema\/logo\/image\/"},"sameAs":["https:\/\/www.facebook.com\/NordicTrans","https:\/\/x.com\/NordicTrans","https:\/\/www.instagram.com\/NordictransUS","https:\/\/www.linkedin.com\/company\/nordictrans","https:\/\/www.pinterest.com\/nordictrans01","https:\/\/www.youtube.com\/c\/nordictrans"]}]}},"_links":{"self":[{"href":"https:\/\/www.nordictrans.com\/nb\/wp-json\/wp\/v2\/pages\/23722","targetHints":{"allow":["GET"]}}],"collection":[{"href":"https:\/\/www.nordictrans.com\/nb\/wp-json\/wp\/v2\/pages"}],"about":[{"href":"https:\/\/www.nordictrans.com\/nb\/wp-json\/wp\/v2\/types\/page"}],"author":[{"embeddable":true,"href":"https:\/\/www.nordictrans.com\/nb\/wp-json\/wp\/v2\/users\/1"}],"replies":[{"embeddable":true,"href":"https:\/\/www.nordictrans.com\/nb\/wp-json\/wp\/v2\/comments?post=23722"}],"version-history":[{"count":5,"href":"https:\/\/www.nordictrans.com\/nb\/wp-json\/wp\/v2\/pages\/23722\/revisions"}],"predecessor-version":[{"id":26986,"href":"https:\/\/www.nordictrans.com\/nb\/wp-json\/wp\/v2\/pages\/23722\/revisions\/26986"}],"up":[{"embeddable":true,"href":"https:\/\/www.nordictrans.com\/nb\/wp-json\/wp\/v2\/pages\/23684"}],"wp:featuredmedia":[{"embeddable":true,"href":"https:\/\/www.nordictrans.com\/nb\/wp-json\/wp\/v2\/media\/31779"}],"wp:attachment":[{"href":"https:\/\/www.nordictrans.com\/nb\/wp-json\/wp\/v2\/media?parent=23722"}],"curies":[{"name":"wp","href":"https:\/\/api.w.org\/{rel}","templated":true}]}}