{"id":23684,"date":"2016-12-22T20:40:46","date_gmt":"2016-12-22T20:40:46","guid":{"rendered":"http:\/\/dev.nordictrans.com\/?page_id=23684\/"},"modified":"2023-11-15T11:17:29","modified_gmt":"2023-11-15T11:17:29","slug":"oversettelsestjenester","status":"publish","type":"page","link":"https:\/\/www.nordictrans.com\/nb\/oversettelsestjenester\/","title":{"rendered":"Oversettelsestjenester"},"content":{"rendered":"<div class=\"wpb-content-wrapper\"><p>[vc_row type=&#8221;vc_default&#8221; full_height=&#8221;yes&#8221; bg_type=&#8221;image&#8221; parallax_style=&#8221;vcpb-vz-jquery&#8221; bg_image_new=&#8221;id^9886|url^https:\/\/www.nordictrans.com\/wp-content\/uploads\/2016\/01\/we-understand-deadlines-2200&#215;792-1.jpg|caption^null|alt^null|title^we-understand-deadlines-2200&#215;792|description^null&#8221; bg_image_repeat=&#8221;no-repeat&#8221; bg_img_attach=&#8221;fixed&#8221; parallax_sense=&#8221;1.5&#8243; bg_override=&#8221;full&#8221; disable_on_mobile_img_parallax=&#8221;disable_on_mobile_img_parallax_value&#8221;][vc_column][\/vc_column][\/vc_row][vc_row type=&#8221;vc_default&#8221; full_height=&#8221;yes&#8221; bg_type=&#8221;image&#8221; parallax_style=&#8221;vcpb-vz-jquery&#8221; bg_image_new=&#8221;id^9886|url^https:\/\/www.nordictrans.com\/wp-content\/uploads\/2016\/01\/we-understand-deadlines-2200&#215;792-1.jpg|caption^null|alt^null|title^we-understand-deadlines-2200&#215;792|description^null&#8221; bg_image_repeat=&#8221;no-repeat&#8221; bg_img_attach=&#8221;fixed&#8221; parallax_sense=&#8221;1.5&#8243; bg_override=&#8221;full&#8221; disable_on_mobile_img_parallax=&#8221;disable_on_mobile_img_parallax_value&#8221;][vc_column][vc_raw_html]JTNDZGl2JTIwaWQlM0QlMjJzZWNvbmRfYnJlZCUyMiUyMGNsYXNzJTNEJTIyd2YtdGQlMjIlM0UlM0MlMkZkaXYlM0U=[\/vc_raw_html][\/vc_column][\/vc_row][vc_row gap=&#8221;30&#8243; margin_top=&#8221;70&#8243; margin_bottom=&#8221;70&#8243; rowtype=&#8221;fullw&#8221; padding=&#8221;40px 0px&#8221; css=&#8221;.vc_custom_1478759966076{margin-bottom: 0px !important;padding-top: 40px !important;padding-right: 0px !important;padding-bottom: 40px !important;padding-left: 0px !important;}&#8221;][vc_column][vc_column_text css_animation=&#8221;zoomIn&#8221;]<\/p>\n<h1 style=\"text-align: center;\"><span style=\"color: #2a4a8f;\"><strong>Kvalitetsoversettelsestjenester til rimelige priser<\/strong><\/span><\/h1>\n<p>[\/vc_column_text][vc_empty_space][vc_separator style=&#8221;double&#8221;][vc_empty_space][vc_row_inner][vc_column_inner width=&#8221;1\/2&#8243;][vc_single_image image=&#8221;23336&#8243; img_size=&#8221;full&#8221; alignment=&#8221;center&#8221; css_animation=&#8221;fadeInLeft&#8221;][\/vc_column_inner][vc_column_inner width=&#8221;1\/2&#8243;][vc_column_text css_animation=&#8221;fadeInRight&#8221;]<\/p>\n<h3 style=\"text-align: center;\">Dokumentoversettelsestjenester<\/h3>\n<p style=\"text-align: justify;\">NordicTrans er Nordens st\u00f8rste oversettelsesselskap og gir h\u00f8y kvalitet p\u00e5 oversettelsestjenester fra og til alle de nordiske spr\u00e5kene.<\/p>\n<p style=\"text-align: justify;\">Vi har et stort team med over 1500 profesjonelle oversettere som er spesialisert p\u00e5 ulike felt, og dette gir oss mulighet til \u00e5 oversette alle slags dokumenter fra og til omtrent alle spr\u00e5k.<\/p>\n<p style=\"text-align: justify;\">Kundetilfredshet er v\u00e5r st\u00f8rste bekymring; derfor gj\u00f8r vi v\u00e5rt beste for \u00e5 gi raske og likevel dokumentoversettelsestjenester av h\u00f8y kvalitet til rimelige priser.<\/p>\n<div style=\"width: 250px; margin-right: auto; margin-left: auto; text-align: left;\">\n<p><i class=\"fa fa-check-circle fa-lg\" style=\"color: #81d742;\"><\/i><strong>\u00a0 Innf\u00f8dte oversettere<br \/>\n<\/strong><\/p>\n<p><i class=\"fa fa-check-circle fa-lg\" style=\"color: #81d742;\"><\/i><strong>\u00a0 Rask behandlingstid<br \/>\n<\/strong><\/p>\n<p><i class=\"fa fa-check-circle fa-lg\" style=\"color: #81d742;\"><\/i><strong>\u00a0 Rimelige priser<br \/>\n<\/strong><\/p>\n<p><i class=\"fa fa-check-circle fa-lg\" style=\"color: #81d742;\"><\/i><strong>\u00a0 24\/7 24\/7 St\u00f8tte<br \/>\n<\/strong><\/p>\n<\/div>\n<p>[\/vc_column_text][\/vc_column_inner][\/vc_row_inner][vc_empty_space][\/vc_column][\/vc_row][vc_row type=&#8221;vc_default&#8221; margin_top=&#8221;70&#8243; margin_bottom=&#8221;70&#8243; bg_type=&#8221;image&#8221; parallax_style=&#8221;vcpb-vz-jquery&#8221; bg_image_new=&#8221;id^9910|url^https:\/\/www.nordictrans.com\/wp-content\/uploads\/2016\/01\/chicago_night_-2200&#215;722-2200&#215;722.jpg|caption^null|alt^null|title^chicago_night_-2200&#215;722-2200&#215;722|description^null&#8221; bg_image_repeat=&#8221;no-repeat&#8221; bg_image_size=&#8221;initial&#8221; bg_img_attach=&#8221;fixed&#8221; parallax_sense=&#8221;1.5&#8243; bg_override=&#8221;full&#8221; enable_overlay=&#8221;enable_overlay_value&#8221; overlay_color=&#8221;#3a3e3f&#8221; overlay_pattern=&#8221;transperant&#8221; overlay_pattern_opacity=&#8221;85&#8243; rowtype=&#8221;fullw&#8221; contentcolor=&#8221;light&#8221; bg_pos=&#8221;center center&#8221; use_overlay=&#8221;yes&#8221; overlay_opacity=&#8221;0.85&#8243; padding=&#8221;40px 0px&#8221; css=&#8221;.vc_custom_1478760763208{padding-top: 40px !important;padding-right: 0px !important;padding-bottom: 40px !important;padding-left: 0px !important;background: #ededed url(https:\/\/www.nordictrans.com\/wp-content\/uploads\/2015\/07\/chicago_night_-2200&#215;722.jpg?id=3080) !important;}&#8221;][vc_column][vc_empty_space][vc_row_inner][vc_column_inner width=&#8221;1\/2&#8243;][vc_column_text css_animation=&#8221;fadeInLeft&#8221;]<\/p>\n<h3 style=\"text-align: center;\"><span style=\"color: #ffffff;\">Oversettelsestjenester p\u00e5 nettet<\/span><\/h3>\n<p><span style=\"color: #ffffff;\">Nyere studier viser at Internettbrukere vil bruke 3 ganger s\u00e5 lang tid p\u00e5 nettstedet ditt hvis det er oversatt til brukerens eget morsm\u00e5l. Ogs\u00e5 bes\u00f8kende er 4 ganger mer ivrig etter \u00e5 kj\u00f8pe dine produkter eller tjenester hvis nettsiden snakker deres morsm\u00e5l. <\/span><\/p>\n<p><span style=\"color: #ffffff;\">Selv om det kan virke som om hele verden kan snakke engelsk, er det omtrent bare 20 % av verdens totale befolkning som kan forst\u00e5 engelsk. Denne prosenten inkluderer de som har engelsk som morsm\u00e5l og de som har spr\u00e5ket som et andre spr\u00e5k. Ved \u00e5 oversette nettsiden din vil du ha mulighet til \u00e5 n\u00e5 80 % av resten av verden. <\/span><\/p>\n<div class=\"wpb_text_column wpb_content_element \">\n<div class=\"wpb_wrapper\">\n<p><span style=\"color: #ffffff;\">NordicTrans har det n\u00f8dvendige arbeidskraften og kunnskapen til \u00e5 gi nettstedsoversettelsestjenester for alle nettsteder, fra alle spr\u00e5k til alle de nordiske spr\u00e5kene. V\u00e5re webingeni\u00f8rer og lokaliseringsfagfolk er klar til \u00e5 jobbe med v\u00e5re oversettere for \u00e5 gj\u00f8re alle n\u00f8dvendige endringer p\u00e5 nettstedet ditt slik at du slipper \u00e5 gj\u00f8re oversettelsene selv. <\/span><\/p>\n<p><span style=\"color: #ffffff;\">Hvis du er interessert i \u00e5 f\u00e5 oversettelsestjenester av h\u00f8y kvalitet til hvilket som helst prosjekt, kontakt oss, s\u00e5 vil vi ikke skuffe deg!<\/span><\/p>\n<\/div>\n<\/div>\n<p>[\/vc_column_text][vc_separator][\/vc_column_inner][vc_column_inner width=&#8221;1\/2&#8243;][vc_single_image image=&#8221;23307&#8243; img_size=&#8221;full&#8221; alignment=&#8221;right&#8221; css_animation=&#8221;fadeInUp&#8221;][\/vc_column_inner][\/vc_row_inner][vc_empty_space][\/vc_column][\/vc_row][vc_row margin_top=&#8221;70&#8243; margin_bottom=&#8221;70&#8243;][vc_column width=&#8221;1\/2&#8243;][vc_single_image image=&#8221;23357&#8243; img_size=&#8221;full&#8221; alignment=&#8221;right&#8221; css_animation=&#8221;fadeInLeft&#8221;][\/vc_column][vc_column width=&#8221;1\/2&#8243;][vc_column_text css_animation=&#8221;fadeInRight&#8221;]<\/p>\n<h3 style=\"text-align: center;\">Programvarelokalisering<\/h3>\n<p>Hvis du selger programvarer eller apper av noe slag da vet du allerede at det \u00e5 lokalisere dine programmer er en av de beste m\u00e5tene \u00e5 \u00f8ke salget p\u00e5.<\/p>\n<p>Med NordicTrans, er programvarelokalisering ikke lenger noe problem. V\u00e5re egne lokaliseringsspesialister og oversettere er klare til \u00e5 hjelpe deg med oversettelse av h\u00f8y kvalitet av brukergrensesnitt og programvarelokaliseringstjenester til over 80 spr\u00e5k.<\/p>\n<p>N\u00e5r dette er gjort, vil v\u00e5rt kvalitetssikringsteam sjekke den endelige versjonen av programvaren og s\u00f8rge for at den er perfekt tilpasset din m\u00e5lgruppe.<\/p>\n<p>Et par grunner til at du kunne \u00f8nske \u00e5 jobbe med oss:<\/p>\n<div style=\"width: 250px; margin-right: auto; margin-left: auto; text-align: left;\">\n<p><i class=\"fa fa-check-circle fa-lg\" style=\"color: #81d742;\"><\/i><strong>\u00a0 Kvalitetsoversettelser<br \/>\n<\/strong><\/p>\n<p><i class=\"fa fa-check-circle fa-lg\" style=\"color: #81d742;\"><\/i><strong>\u00a0 Perfekt lokalisering<br \/>\n<\/strong><\/p>\n<p><i class=\"fa fa-check-circle fa-lg\" style=\"color: #81d742;\"><\/i><strong>\u00a0 24\/7 St\u00f8tte<br \/>\n<\/strong><\/p>\n<\/div>\n<p>[\/vc_column_text][\/vc_column][\/vc_row][vc_row type=&#8221;3&#8243; margin_bottom=&#8221;0px&#8221; full_width_row=&#8221;true&#8221; rowtype=&#8221;fullw&#8221; textalign=&#8221;center&#8221; padding=&#8221;30px 0px&#8221; css=&#8221;.vc_custom_1479125175587{margin-bottom: 0px !important;padding-top: 30px !important;padding-right: 0px !important;padding-bottom: 30px !important;padding-left: 0px !important;background-color: #ccffcc !important;}&#8221; el_class=&#8221;live-contact-btn-wrap&#8221;][vc_column][vc_cta h2=&#8221;&#8221; txt_align=&#8221;center&#8221; add_button=&#8221;right&#8221; btn_title=&#8221;LEVENDE KONTAKT&#8221; btn_style=&#8221;custom&#8221; btn_custom_background=&#8221;#428bca&#8221; btn_custom_text=&#8221;#ffffff&#8221; btn_shape=&#8221;round&#8221; btn_align=&#8221;center&#8221; css_animation=&#8221;bottom-to-top&#8221; btn_button_block=&#8221;true&#8221; btn_custom_onclick=&#8221;true&#8221; btn_smooth_scroll=&#8221;true&#8221; btn_link=&#8221;url:https%3A%2F%2Fwww.nordictrans.com%2Fchat-popup%2F|||&#8221; el_class=&#8221;live-contact-btn&#8221;]<\/p>\n<h3 style=\"font-size: 28px; line-height: 40px;\">Er du klar? Lad os komme i gang:<\/h3>\n<p>[\/vc_cta][\/vc_column][\/vc_row]<\/p>\n<\/div>","protected":false},"excerpt":{"rendered":"<p>[vc_row type=&#8221;vc_default&#8221; full_height=&#8221;yes&#8221; bg_type=&#8221;image&#8221; parallax_style=&#8221;vcpb-vz-jquery&#8221; bg_image_new=&#8221;id^9886|url^https:\/\/www.nordictrans.com\/wp-content\/uploads\/2016\/01\/we-understand-deadlines-2200&#215;792-1.jpg|caption^null|alt^null|title^we-understand-deadlines-2200&#215;792|description^null&#8221; bg_image_repeat=&#8221;no-repeat&#8221; bg_img_attach=&#8221;fixed&#8221; parallax_sense=&#8221;1.5&#8243; bg_override=&#8221;full&#8221; disable_on_mobile_img_parallax=&#8221;disable_on_mobile_img_parallax_value&#8221;][vc_column][\/vc_column][\/vc_row][vc_row type=&#8221;vc_default&#8221; full_height=&#8221;yes&#8221; bg_type=&#8221;image&#8221; parallax_style=&#8221;vcpb-vz-jquery&#8221; bg_image_new=&#8221;id^9886|url^https:\/\/www.nordictrans.com\/wp-content\/uploads\/2016\/01\/we-understand-deadlines-2200&#215;792-1.jpg|caption^null|alt^null|title^we-understand-deadlines-2200&#215;792|description^null&#8221; bg_image_repeat=&#8221;no-repeat&#8221; bg_img_attach=&#8221;fixed&#8221; parallax_sense=&#8221;1.5&#8243; bg_override=&#8221;full&#8221; disable_on_mobile_img_parallax=&#8221;disable_on_mobile_img_parallax_value&#8221;][vc_column][vc_raw_html]JTNDZGl2JTIwaWQlM0QlMjJzZWNvbmRfYnJlZCUyMiUyMGNsYXNzJTNEJTIyd2YtdGQlMjIlM0UlM0MlMkZkaXYlM0U=[\/vc_raw_html][\/vc_column][\/vc_row][vc_row gap=&#8221;30&#8243; margin_top=&#8221;70&#8243; margin_bottom=&#8221;70&#8243; rowtype=&#8221;fullw&#8221; padding=&#8221;40px 0px&#8221; css=&#8221;.vc_custom_1478759966076{margin-bottom: 0px !important;padding-top: 40px !important;padding-right: 0px !important;padding-bottom: 40px !important;padding-left: 0px !important;}&#8221;][vc_column][vc_column_text css_animation=&#8221;zoomIn&#8221;] Kvalitetsoversettelsestjenester til rimelige priser [\/vc_column_text][vc_empty_space][vc_separator style=&#8221;double&#8221;][vc_empty_space][vc_row_inner][vc_column_inner width=&#8221;1\/2&#8243;][vc_single_image image=&#8221;23336&#8243; img_size=&#8221;full&#8221; alignment=&#8221;center&#8221; css_animation=&#8221;fadeInLeft&#8221;][\/vc_column_inner][vc_column_inner width=&#8221;1\/2&#8243;][vc_column_text css_animation=&#8221;fadeInRight&#8221;] Dokumentoversettelsestjenester NordicTrans er&hellip;<\/p>\n","protected":false},"author":1,"featured_media":31787,"parent":0,"menu_order":0,"comment_status":"closed","ping_status":"closed","template":"","meta":{"_acf_changed":false,"footnotes":""},"class_list":["post-23684","page","type-page","status-publish","has-post-thumbnail","hentry","description-off"],"acf":[],"yoast_head":"<!-- This site is optimized with the Yoast SEO Premium plugin v26.5 (Yoast SEO v26.5) - https:\/\/yoast.com\/wordpress\/plugins\/seo\/ -->\n<title>Oversettelsestjenester av h\u00f8y kvalitet av dokumenter og nettsider<\/title>\n<meta name=\"description\" content=\"P\u00e5litelige oversettelsestjenester for n\u00f8yaktige og kulturelt tilpassede l\u00f8sninger. Optimaliser kommunikasjonen med v\u00e5re spr\u00e5kspesialister.\" \/>\n<meta name=\"robots\" content=\"index, follow, max-snippet:-1, max-image-preview:large, max-video-preview:-1\" \/>\n<link rel=\"canonical\" href=\"https:\/\/www.nordictrans.com\/nb\/oversettelsestjenester\/\" \/>\n<meta property=\"og:locale\" content=\"nb_NO\" \/>\n<meta property=\"og:type\" content=\"article\" \/>\n<meta property=\"og:title\" content=\"Translation Services for Documents and Websites | NordicTrans\" \/>\n<meta property=\"og:description\" content=\"NordicTrans provides quality translation services for documents, website translation and software localization at fair prices, from and into any language.\" \/>\n<meta property=\"og:url\" content=\"https:\/\/www.nordictrans.com\/nb\/oversettelsestjenester\/\" \/>\n<meta property=\"og:site_name\" content=\"Nordictrans.com\" \/>\n<meta property=\"article:publisher\" content=\"https:\/\/www.facebook.com\/NordicTrans\" \/>\n<meta property=\"article:modified_time\" content=\"2023-11-15T11:17:29+00:00\" \/>\n<meta property=\"og:image\" content=\"https:\/\/www.nordictrans.com\/wp-content\/uploads\/2018\/04\/quality-translation-services.png\" \/>\n\t<meta property=\"og:image:width\" content=\"1903\" \/>\n\t<meta property=\"og:image:height\" content=\"670\" \/>\n\t<meta property=\"og:image:type\" content=\"image\/png\" \/>\n<meta name=\"twitter:card\" content=\"summary_large_image\" \/>\n<meta name=\"twitter:title\" content=\"Quality Translation Services for Documents and Websites - NordicTrans\" \/>\n<meta name=\"twitter:description\" content=\"NordicTrans provides quality translation services for documents, website translation and software localization at fair prices, from and into any language.\" \/>\n<meta name=\"twitter:site\" content=\"@NordicTrans\" \/>\n<meta name=\"twitter:label1\" content=\"Ansl. lesetid\" \/>\n\t<meta name=\"twitter:data1\" content=\"3 minutter\" \/>\n<!-- \/ Yoast SEO Premium plugin. -->","yoast_head_json":{"title":"Oversettelsestjenester av h\u00f8y kvalitet av dokumenter og nettsider","description":"P\u00e5litelige oversettelsestjenester for n\u00f8yaktige og kulturelt tilpassede l\u00f8sninger. Optimaliser kommunikasjonen med v\u00e5re spr\u00e5kspesialister.","robots":{"index":"index","follow":"follow","max-snippet":"max-snippet:-1","max-image-preview":"max-image-preview:large","max-video-preview":"max-video-preview:-1"},"canonical":"https:\/\/www.nordictrans.com\/nb\/oversettelsestjenester\/","og_locale":"nb_NO","og_type":"article","og_title":"Translation Services for Documents and Websites | NordicTrans","og_description":"NordicTrans provides quality translation services for documents, website translation and software localization at fair prices, from and into any language.","og_url":"https:\/\/www.nordictrans.com\/nb\/oversettelsestjenester\/","og_site_name":"Nordictrans.com","article_publisher":"https:\/\/www.facebook.com\/NordicTrans","article_modified_time":"2023-11-15T11:17:29+00:00","og_image":[{"width":1903,"height":670,"url":"https:\/\/www.nordictrans.com\/wp-content\/uploads\/2018\/04\/quality-translation-services.png","type":"image\/png"}],"twitter_card":"summary_large_image","twitter_title":"Quality Translation Services for Documents and Websites - NordicTrans","twitter_description":"NordicTrans provides quality translation services for documents, website translation and software localization at fair prices, from and into any language.","twitter_site":"@NordicTrans","twitter_misc":{"Ansl. lesetid":"3 minutter"},"schema":{"@context":"https:\/\/schema.org","@graph":[{"@type":"WebPage","@id":"https:\/\/www.nordictrans.com\/nb\/oversettelsestjenester\/","url":"https:\/\/www.nordictrans.com\/nb\/oversettelsestjenester\/","name":"Oversettelsestjenester av h\u00f8y kvalitet av dokumenter og nettsider","isPartOf":{"@id":"https:\/\/www.nordictrans.com\/nb\/#website"},"primaryImageOfPage":{"@id":"https:\/\/www.nordictrans.com\/nb\/oversettelsestjenester\/#primaryimage"},"image":{"@id":"https:\/\/www.nordictrans.com\/nb\/oversettelsestjenester\/#primaryimage"},"thumbnailUrl":"https:\/\/www.nordictrans.com\/wp-content\/uploads\/2018\/04\/quality-translation-services.png","datePublished":"2016-12-22T20:40:46+00:00","dateModified":"2023-11-15T11:17:29+00:00","description":"P\u00e5litelige oversettelsestjenester for n\u00f8yaktige og kulturelt tilpassede l\u00f8sninger. Optimaliser kommunikasjonen med v\u00e5re spr\u00e5kspesialister.","breadcrumb":{"@id":"https:\/\/www.nordictrans.com\/nb\/oversettelsestjenester\/#breadcrumb"},"inLanguage":"nb-NO","potentialAction":[{"@type":"ReadAction","target":["https:\/\/www.nordictrans.com\/nb\/oversettelsestjenester\/"]}]},{"@type":"ImageObject","inLanguage":"nb-NO","@id":"https:\/\/www.nordictrans.com\/nb\/oversettelsestjenester\/#primaryimage","url":"https:\/\/www.nordictrans.com\/wp-content\/uploads\/2018\/04\/quality-translation-services.png","contentUrl":"https:\/\/www.nordictrans.com\/wp-content\/uploads\/2018\/04\/quality-translation-services.png","width":1903,"height":670,"caption":"Quality Translation Services"},{"@type":"BreadcrumbList","@id":"https:\/\/www.nordictrans.com\/nb\/oversettelsestjenester\/#breadcrumb","itemListElement":[{"@type":"ListItem","position":1,"name":"Home","item":"https:\/\/www.nordictrans.com\/nb\/"},{"@type":"ListItem","position":2,"name":"Oversettelsestjenester"}]},{"@type":"WebSite","@id":"https:\/\/www.nordictrans.com\/nb\/#website","url":"https:\/\/www.nordictrans.com\/nb\/","name":"Nordictrans.com","description":"Translation Agency specialized in Nordic Languages","publisher":{"@id":"https:\/\/www.nordictrans.com\/nb\/#organization"},"potentialAction":[{"@type":"SearchAction","target":{"@type":"EntryPoint","urlTemplate":"https:\/\/www.nordictrans.com\/nb\/?s={search_term_string}"},"query-input":{"@type":"PropertyValueSpecification","valueRequired":true,"valueName":"search_term_string"}}],"inLanguage":"nb-NO"},{"@type":"Organization","@id":"https:\/\/www.nordictrans.com\/nb\/#organization","name":"NordicTrans","url":"https:\/\/www.nordictrans.com\/nb\/","logo":{"@type":"ImageObject","inLanguage":"nb-NO","@id":"https:\/\/www.nordictrans.com\/nb\/#\/schema\/logo\/image\/","url":"https:\/\/www.nordictrans.com\/wp-content\/uploads\/2015\/02\/logoNT.png","contentUrl":"https:\/\/www.nordictrans.com\/wp-content\/uploads\/2015\/02\/logoNT.png","width":272,"height":92,"caption":"NordicTrans"},"image":{"@id":"https:\/\/www.nordictrans.com\/nb\/#\/schema\/logo\/image\/"},"sameAs":["https:\/\/www.facebook.com\/NordicTrans","https:\/\/x.com\/NordicTrans","https:\/\/www.instagram.com\/NordictransUS","https:\/\/www.linkedin.com\/company\/nordictrans","https:\/\/www.pinterest.com\/nordictrans01","https:\/\/www.youtube.com\/c\/nordictrans"]}]}},"_links":{"self":[{"href":"https:\/\/www.nordictrans.com\/nb\/wp-json\/wp\/v2\/pages\/23684","targetHints":{"allow":["GET"]}}],"collection":[{"href":"https:\/\/www.nordictrans.com\/nb\/wp-json\/wp\/v2\/pages"}],"about":[{"href":"https:\/\/www.nordictrans.com\/nb\/wp-json\/wp\/v2\/types\/page"}],"author":[{"embeddable":true,"href":"https:\/\/www.nordictrans.com\/nb\/wp-json\/wp\/v2\/users\/1"}],"replies":[{"embeddable":true,"href":"https:\/\/www.nordictrans.com\/nb\/wp-json\/wp\/v2\/comments?post=23684"}],"version-history":[{"count":5,"href":"https:\/\/www.nordictrans.com\/nb\/wp-json\/wp\/v2\/pages\/23684\/revisions"}],"predecessor-version":[{"id":48879,"href":"https:\/\/www.nordictrans.com\/nb\/wp-json\/wp\/v2\/pages\/23684\/revisions\/48879"}],"wp:featuredmedia":[{"embeddable":true,"href":"https:\/\/www.nordictrans.com\/nb\/wp-json\/wp\/v2\/media\/31787"}],"wp:attachment":[{"href":"https:\/\/www.nordictrans.com\/nb\/wp-json\/wp\/v2\/media?parent=23684"}],"curies":[{"name":"wp","href":"https:\/\/api.w.org\/{rel}","templated":true}]}}