{"id":11393,"date":"2011-09-15T03:41:50","date_gmt":"2011-09-15T03:41:50","guid":{"rendered":"http:\/\/dev.nordictrans.com\/project\/"},"modified":"2020-06-29T13:01:48","modified_gmt":"2020-06-29T13:01:48","slug":"prosjektflyt","status":"publish","type":"page","link":"https:\/\/www.nordictrans.com\/nb\/prosjektflyt\/","title":{"rendered":"Prosjektflyt"},"content":{"rendered":"<div class=\"wpb-content-wrapper\"><p>[vc_row][vc_column]\n\t\t\t<!-- START Project Flow REVOLUTION SLIDER 6.6.16 --><p class=\"rs-p-wp-fix\"><\/p>\n\t\t\t<rs-module-wrap id=\"rev_slider_18_1_wrapper\" data-source=\"gallery\" style=\"visibility:hidden;background:transparent;padding:0;margin:0px auto;margin-top:0;margin-bottom:0;\">\n\t\t\t\t<rs-module id=\"rev_slider_18_1\" style=\"\" data-version=\"6.6.16\">\n\t\t\t\t\t<rs-slides style=\"overflow: hidden; position: absolute;\">\n\t\t\t\t\t\t<rs-slide style=\"position: absolute;\" data-key=\"rs-100\" data-title=\"Slide\" data-anim=\"adpr:false;\">\n\t\t\t\t\t\t\t<img decoding=\"async\" src=\"\/\/www.nordictrans.com\/wp-content\/plugins\/revslider\/public\/assets\/assets\/dummy.png\" alt=\"\" title=\"Prosjektflyt\" class=\"rev-slidebg tp-rs-img rs-lazyload\" data-lazyload=\"\/\/www.nordictrans.com\/wp-content\/uploads\/2016\/11\/viking-boat-1.jpg\" data-parallax=\"15\" data-no-retina>\n<!--\n\t\t\t\t\t\t\t--><rs-layer\n\t\t\t\t\t\t\t\tid=\"slider-18-slide-100-layer-1\" \n\t\t\t\t\t\t\t\tdata-type=\"text\"\n\t\t\t\t\t\t\t\tdata-color=\"rgba(255,255,255,1)\"\n\t\t\t\t\t\t\t\tdata-rsp_ch=\"on\"\n\t\t\t\t\t\t\t\tdata-xy=\"x:c;xo:3px,0,0,-1px;y:m;yo:-35px,-12px,-109px,-41px;\"\n\t\t\t\t\t\t\t\tdata-text=\"s:50,45,45,35;l:50,45,45,35;fw:800,700,700,700;a:center;\"\n\t\t\t\t\t\t\t\tdata-frame_0=\"tp:600;\"\n\t\t\t\t\t\t\t\tdata-frame_1=\"tp:600;st:0;\"\n\t\t\t\t\t\t\t\tdata-frame_999=\"o:0;tp:600;st:w;sR:8699.99969482;\"\n\t\t\t\t\t\t\t\tstyle=\"z-index:5;font-family:'Open Sans';opacity:0.6;\"\n\t\t\t\t\t\t\t>TRANSWISE \n\t\t\t\t\t\t\t<\/rs-layer><!--\n\n\t\t\t\t\t\t\t--><rs-layer\n\t\t\t\t\t\t\t\tid=\"slider-18-slide-100-layer-3\" \n\t\t\t\t\t\t\t\tdata-type=\"text\"\n\t\t\t\t\t\t\t\tdata-color=\"rgba(255,255,255,1)\"\n\t\t\t\t\t\t\t\tdata-rsp_ch=\"on\"\n\t\t\t\t\t\t\t\tdata-xy=\"x:c;yo:242px,242px,242px,339px;\"\n\t\t\t\t\t\t\t\tdata-text=\"l:22;a:inherit;\"\n\t\t\t\t\t\t\t\tdata-frame_0=\"tp:600;\"\n\t\t\t\t\t\t\t\tdata-frame_1=\"tp:600;st:0;\"\n\t\t\t\t\t\t\t\tdata-frame_999=\"o:0;tp:600;st:w;sR:8699.99969482;\"\n\t\t\t\t\t\t\t\tstyle=\"z-index:6;font-family:'Open Sans';font-style:italic;\"\n\t\t\t\t\t\t\t>Vi bruker \n\t\t\t\t\t\t\t<\/rs-layer><!--\n\n\t\t\t\t\t\t\t--><rs-layer\n\t\t\t\t\t\t\t\tid=\"slider-18-slide-100-layer-4\" \n\t\t\t\t\t\t\t\tdata-type=\"text\"\n\t\t\t\t\t\t\t\tdata-color=\"rgba(255,255,255,1)\"\n\t\t\t\t\t\t\t\tdata-rsp_ch=\"on\"\n\t\t\t\t\t\t\t\tdata-xy=\"x:c;y:m;yo:12px,31px,-67px,-67px;\"\n\t\t\t\t\t\t\t\tdata-text=\"s:20,20,20,16;l:22,22,22,16;a:inherit;\"\n\t\t\t\t\t\t\t\tdata-frame_0=\"tp:600;\"\n\t\t\t\t\t\t\t\tdata-frame_1=\"tp:600;st:0;\"\n\t\t\t\t\t\t\t\tdata-frame_999=\"o:0;tp:600;st:w;sR:8699.99969482;\"\n\t\t\t\t\t\t\t\tstyle=\"z-index:7;font-family:'Open Sans';\"\n\t\t\t\t\t\t\t>til optimal koordinasjon og sikker administrasjon av dine prosjekter \n\t\t\t\t\t\t\t<\/rs-layer><!--\n-->\t\t\t\t\t\t<\/rs-slide>\n\t\t\t\t\t<\/rs-slides>\n\t\t\t\t<\/rs-module>\n\t\t\t\t<script>\n\t\t\t\t\tsetREVStartSize({c: 'rev_slider_18_1',rl:[1240,1024,778,480],el:[655,600,500,400],gw:[1240,1024,778,480],gh:[655,600,500,400],type:'hero',justify:'',layout:'fullwidth',mh:\"0\"});if (window.RS_MODULES!==undefined && window.RS_MODULES.modules!==undefined && window.RS_MODULES.modules[\"revslider181\"]!==undefined) {window.RS_MODULES.modules[\"revslider181\"].once = false;window.revapi18 = undefined;if (window.RS_MODULES.checkMinimal!==undefined) window.RS_MODULES.checkMinimal()}\n\t\t\t\t<\/script>\n\t\t\t<\/rs-module-wrap>\n\t\t\t<!-- END REVOLUTION SLIDER -->\n[\/vc_column][\/vc_row][vc_row][vc_column][vc_raw_html]JTNDZGl2JTIwaWQlM0QlMjJzZWNvbmRfYnJlZCUyMiUyMGNsYXNzJTNEJTIyd2YtdGQlMjIlM0UlM0MlMkZkaXYlM0U=[\/vc_raw_html][\/vc_column][\/vc_row][vc_row textalign=&#8221;center&#8221; padding=&#8221;75px 40px 40px&#8221;][vc_column animation=&#8221;zoomIn&#8221; enable_animation=&#8221;true&#8221; delay=&#8221;300&#8243; speed=&#8221;1400&#8243;][vc_empty_space height=&#8221;50px&#8221;][vc_column_text]<\/p>\n<h1 style=\"text-align: center;\"><span style=\"color: #2c5a85;\"><strong>Oversettelsesprosjektflyt \u2013 Oversettelsesprosess<\/strong><\/span><\/h1>\n<h3 style=\"text-align: center;\"><span style=\"color: #2c5a85;\"><strong>NordicTrans har tilgang til den mest aktuelle og tilpassede terminologien, som f. eks industrirelaterte leksika. Oversetterne er ogs\u00e5 utstyrt med online og brukervennlige terminologihjelpemidler. Dette bidrar til \u00e5 forbedre og garantere kvalitet, reduserer redigeringstid og forbedre effektiviteten i budskapet, fra de f\u00f8rste fasene av prosjektet.<\/strong><\/span><\/h3>\n<p>[\/vc_column_text][vc_empty_space height=&#8221;70px&#8221;][\/vc_column][\/vc_row][vc_row type=&#8221;vc_default&#8221; margin_bottom=&#8221;0px&#8221; full_width_row=&#8221;true&#8221; bg_type=&#8221;bg_color&#8221; bg_override=&#8221;full&#8221; rowtype=&#8221;fullw&#8221; padding=&#8221;50px 0px 50px 0px&#8221; css=&#8221;.vc_custom_1478829454535{margin-bottom: 0px !important;padding-top: 50px !important;padding-right: 0px !important;padding-bottom: 50px !important;padding-left: 0px !important;background-color: #f7f8f9 !important;}&#8221; bg_color_value=&#8221;#ebebeb&#8221;][vc_column animation=&#8221;fadeInLeft&#8221; enable_animation=&#8221;true&#8221; animease=&#8221;easeInOutQuad&#8221; target=&#8221;children&#8221;][vc_empty_space height=&#8221;50px&#8221;][vc_row_inner][vc_column_inner width=&#8221;1\/2&#8243;]<div class=\"dt-fancy-separator\" style=\"width: 100%;\"><div class=\"dt-fancy-title\"><span class=\"separator-holder separator-left\" style=\"border-color: #5472d2;\"><\/span>N\u00e5r NordicTrans mottar et prosjekt fra en klient vi bruker:<span class=\"separator-holder separator-right\" style=\"border-color: #5472d2;\"><\/span><\/div><\/div>[vc_empty_space][vc_column_text css_animation=&#8221;fadeInLeft&#8221;]<\/p>\n<p style=\"text-align: center;\"><span style=\"color: #2c5a85;\"><strong>\u2022 Terminologiverkt\u00f8y<\/strong><\/span><\/p>\n<p style=\"text-align: center;\"><span style=\"color: #2c5a85;\"><strong>\u2022 Minneteknologi for oversettelse<\/strong><\/span><\/p>\n<p style=\"text-align: justify;\">for \u00e5 kunne gjennomf\u00f8re prosjektet p\u00e5 den beste m\u00e5ten.<br \/>\nDette ivaretar b\u00e5de et h\u00f8yt kvalitetsniv\u00e5 og et h\u00f8yt niv\u00e5 av konsekvens.<\/p>\n<p>Begge teknologiene er webbaserte og inkorporert i NordicTrans\u2019s Global Vault, et utviklet verkt\u00f8y som tillater full konsolidering av prosjektdokumenter:<\/p>\n<p style=\"text-align: center;\"><span style=\"color: #2c5a85;\"><strong>\u2022\u00a0\u00d8yeblikkelig online tilgang til prosjektplaner<\/strong><\/span><\/p>\n<p style=\"text-align: center;\"><span style=\"color: #2c5a85;\"><strong> \u2022\u00a0Statusrapporter<\/strong><\/span><\/p>\n<p style=\"text-align: center;\"><span style=\"color: #2c5a85;\"><strong>\u2022\u00a0Ordb\u00f8ker og oversettelse<\/strong><\/span><\/p>\n<p>[\/vc_column_text][\/vc_column_inner][vc_column_inner width=&#8221;1\/2&#8243;][vc_empty_space][vc_single_image image=&#8221;11401&#8243; img_size=&#8221;full&#8221; alignment=&#8221;center&#8221; css_animation=&#8221;fadeInRightBig&#8221;][\/vc_column_inner][\/vc_row_inner][vc_empty_space height=&#8221;50px&#8221;][\/vc_column][\/vc_row][vc_row rowtype=&#8221;fullwnc&#8221; textalign=&#8221;center&#8221; padding=&#8221;50px 80px&#8221;][vc_column][vc_empty_space height=&#8221;50px&#8221;][vc_column_text css_animation=&#8221;zoomInUp&#8221;]<\/p>\n<h2 style=\"text-align: center;\"><span style=\"color: #2c5a85;\">NORDICTRANS MINNETEKNOLOGI MULIGGJ\u00d8R INNFLYTELSE FRA TIDLIGERE OVERSATT MATERIALE.<\/span><\/h2>\n<p>[\/vc_column_text][vc_empty_space][vc_separator el_width=&#8221;70&#8243;][vc_empty_space][vc_column_text]<\/p>\n<p style=\"text-align: center;\"><strong>Dette sparer tid og penger for klienten.<br \/>\nS\u00e5 snart NordicTrans mottar et prosjekt fra en klient, deles prosjektet inn i f\u00f8lgende trinn:<\/strong><\/p>\n<p>[\/vc_column_text][vc_empty_space][vc_row_inner][vc_column_inner width=&#8221;1\/4&#8243;][\/vc_column_inner][vc_column_inner width=&#8221;1\/2&#8243;][vc_progress_bar values=&#8221;%5B%7B%22label%22%3A%22KILDETEKSTEN%20BLIR%20OVERSATT%20AV%20EN%20AV%20V%C3%85RE%20PROFESJONELLE%20OVERSETTERE.%22%2C%22value%22%3A%22100%22%2C%22color%22%3A%22custom%22%2C%22customcolor%22%3A%22%232a4a8f%22%2C%22customtxtcolor%22%3A%22%23666666%22%7D%2C%7B%22label%22%3A%22REDAKT%C3%98REN%20VURDERER%20OG%20BEHANDLER%20DEN%20OVERSATTE%20TEKSTEN%20FOR%20%C3%85%20SIKRE%20AT%20DEN%20ER%20LESBAR%20SOM%20I%20ORIGINALTEKSTEN.%22%2C%22value%22%3A%22100%22%2C%22color%22%3A%22custom%22%2C%22customcolor%22%3A%22%232a4a8f%22%2C%22customtxtcolor%22%3A%22%23666666%22%7D%2C%7B%22label%22%3A%22DERETTER%20VIL%20KORREKTURLESEREN%20S%C3%98RGE%20FOR%20EN%20YTTERLIGERE%20KVALITETSKONTROLL.%22%2C%22value%22%3A%22100%22%2C%22color%22%3A%22custom%22%2C%22customcolor%22%3A%22%232a4a8f%22%2C%22customtxtcolor%22%3A%22%23666666%22%7D%2C%7B%22label%22%3A%22F%C3%98R%20LEVERING%20VILL%20ALLE%20PROSJEKTER%20GJENNOMG%C3%85%20ER%20STRENG%20TEKNISK%20OG%20SPR%C3%85KLIG%20KVALITETSTEST.%22%2C%22value%22%3A%22100%22%2C%22color%22%3A%22custom%22%2C%22customcolor%22%3A%22%232a4a8f%22%2C%22customtxtcolor%22%3A%22%23666666%22%7D%5D&#8221; options=&#8221;animated&#8221; caption_pos=&#8221;top&#8221; units=&#8221;%&#8221; el_class=&#8221;project-flow-process&#8221;][\/vc_column_inner][vc_column_inner width=&#8221;1\/4&#8243;][\/vc_column_inner][\/vc_row_inner][vc_empty_space height=&#8221;50px&#8221;][vc_column_text css_animation=&#8221;bottom-to-top&#8221;]<\/p>\n<p style=\"text-align: center;\"><strong>NordicTrans\u2019s Desktop Publishing personale har full kompetanse i st\u00f8rre pakker. Ikke n\u00f8l med \u00e5 kontakte NordicTrans om de ulike pakkel\u00f8sningene som er tilgjengelige.<\/strong><\/p>\n<p>[\/vc_column_text][\/vc_column][\/vc_row][vc_row][vc_column][vc_empty_space height=&#8221;50px&#8221;][vc_column_text]Ved \u00e5 bruke avanserte prosjektstyringsverkt\u00f8y, er vi i stand til \u00e5 framskynde prosessen, og derfor gi korte tidsfrister. V\u00e5r oversettelsesprosess har blitt optimalisert for \u00e5 sikre tidsfrister blir holdt mens sluttproduktet er av h\u00f8y kvalitet.[\/vc_column_text][vc_empty_space height=&#8221;50px&#8221;][\/vc_column][\/vc_row][vc_row type=&#8221;3&#8243; margin_bottom=&#8221;0px&#8221; full_width_row=&#8221;true&#8221; rowtype=&#8221;fullw&#8221; textalign=&#8221;center&#8221; padding=&#8221;30px 0px&#8221; css=&#8221;.vc_custom_1478830295833{margin-bottom: 0px !important;padding-top: 30px !important;padding-right: 0px !important;padding-bottom: 30px !important;padding-left: 0px !important;background-color: #ccffcc !important;}&#8221; el_class=&#8221;live-contact-btn-wrap&#8221;][vc_column][vc_cta h2=&#8221;&#8221; txt_align=&#8221;center&#8221; add_button=&#8221;right&#8221; btn_title=&#8221;LEVENDE KONTAKT&#8221; btn_style=&#8221;custom&#8221; btn_custom_background=&#8221;#ffffff&#8221; btn_custom_text=&#8221;#2a4a8f&#8221; btn_shape=&#8221;round&#8221; btn_align=&#8221;center&#8221; btn_button_block=&#8221;true&#8221; btn_link=&#8221;url:https%3A%2F%2Fwww.nordictrans.com%2Fchat-popup%2F|||&#8221; el_class=&#8221;live-contact-btn&#8221;]<\/p>\n<h3 style=\"font-size: 28px; line-height: 40px;\">Er du klar? Lad os komme i gang:<\/h3>\n<p>[\/vc_cta][\/vc_column][\/vc_row]<\/p>\n<\/div>","protected":false},"excerpt":{"rendered":"<p>[vc_row][vc_column][\/vc_column][\/vc_row][vc_row][vc_column][vc_raw_html]JTNDZGl2JTIwaWQlM0QlMjJzZWNvbmRfYnJlZCUyMiUyMGNsYXNzJTNEJTIyd2YtdGQlMjIlM0UlM0MlMkZkaXYlM0U=[\/vc_raw_html][\/vc_column][\/vc_row][vc_row textalign=&#8221;center&#8221; padding=&#8221;75px 40px 40px&#8221;][vc_column animation=&#8221;zoomIn&#8221; enable_animation=&#8221;true&#8221; delay=&#8221;300&#8243; speed=&#8221;1400&#8243;][vc_empty_space height=&#8221;50px&#8221;][vc_column_text] Oversettelsesprosjektflyt \u2013 Oversettelsesprosess NordicTrans har tilgang til den mest aktuelle og tilpassede terminologien, som f. eks industrirelaterte leksika. Oversetterne er ogs\u00e5 utstyrt med online og brukervennlige terminologihjelpemidler. Dette bidrar til \u00e5 forbedre og garantere kvalitet, reduserer redigeringstid og forbedre effektiviteten i budskapet, fra de f\u00f8rste&hellip;<\/p>\n","protected":false},"author":1,"featured_media":32975,"parent":0,"menu_order":0,"comment_status":"closed","ping_status":"closed","template":"","meta":{"_acf_changed":false,"footnotes":""},"class_list":["post-11393","page","type-page","status-publish","has-post-thumbnail","hentry","description-off"],"acf":[],"yoast_head":"<!-- This site is optimized with the Yoast SEO Premium plugin v26.5 (Yoast SEO v26.5) - https:\/\/yoast.com\/wordpress\/plugins\/seo\/ -->\n<title>Oversettelsesprosjektflyt - Oversettelsesprosess - NordicTrans<\/title>\n<meta name=\"description\" content=\"Oversettelser som gj\u00f8res av profesjonelle oversettere kombinert med v\u00e5r oversettelsesprosess, sikrer en h\u00f8y kvalitet til en lav pris.\" \/>\n<meta name=\"robots\" content=\"index, follow, max-snippet:-1, max-image-preview:large, max-video-preview:-1\" \/>\n<link rel=\"canonical\" href=\"https:\/\/www.nordictrans.com\/nb\/prosjektflyt\/\" \/>\n<meta property=\"og:locale\" content=\"nb_NO\" \/>\n<meta property=\"og:type\" content=\"article\" \/>\n<meta property=\"og:title\" content=\"Prosjektflyt\" \/>\n<meta property=\"og:description\" content=\"How our translation project flow works? Using translation management tools, our translators are able to improve the quality of our translation services.\" \/>\n<meta property=\"og:url\" content=\"https:\/\/www.nordictrans.com\/nb\/prosjektflyt\/\" \/>\n<meta property=\"og:site_name\" content=\"Nordictrans.com\" \/>\n<meta property=\"article:publisher\" content=\"https:\/\/www.facebook.com\/NordicTrans\" \/>\n<meta property=\"article:modified_time\" content=\"2020-06-29T13:01:48+00:00\" \/>\n<meta property=\"og:image\" content=\"https:\/\/www.nordictrans.com\/wp-content\/uploads\/2018\/05\/translation-project-flow.png\" \/>\n\t<meta property=\"og:image:width\" content=\"1903\" \/>\n\t<meta property=\"og:image:height\" content=\"670\" \/>\n\t<meta property=\"og:image:type\" content=\"image\/png\" \/>\n<meta name=\"twitter:card\" content=\"summary_large_image\" \/>\n<meta name=\"twitter:title\" content=\"Translation Management - Translation Project Flow | NordicTrans\" \/>\n<meta name=\"twitter:description\" content=\"How does our translation project flow work? Using translation management tools, our translators are able to improve the quality of our translation services.\" \/>\n<meta name=\"twitter:site\" content=\"@NordicTrans\" \/>\n<meta name=\"twitter:label1\" content=\"Ansl. lesetid\" \/>\n\t<meta name=\"twitter:data1\" content=\"4 minutter\" \/>\n<!-- \/ Yoast SEO Premium plugin. -->","yoast_head_json":{"title":"Oversettelsesprosjektflyt - Oversettelsesprosess - NordicTrans","description":"Oversettelser som gj\u00f8res av profesjonelle oversettere kombinert med v\u00e5r oversettelsesprosess, sikrer en h\u00f8y kvalitet til en lav pris.","robots":{"index":"index","follow":"follow","max-snippet":"max-snippet:-1","max-image-preview":"max-image-preview:large","max-video-preview":"max-video-preview:-1"},"canonical":"https:\/\/www.nordictrans.com\/nb\/prosjektflyt\/","og_locale":"nb_NO","og_type":"article","og_title":"Prosjektflyt","og_description":"How our translation project flow works? Using translation management tools, our translators are able to improve the quality of our translation services.","og_url":"https:\/\/www.nordictrans.com\/nb\/prosjektflyt\/","og_site_name":"Nordictrans.com","article_publisher":"https:\/\/www.facebook.com\/NordicTrans","article_modified_time":"2020-06-29T13:01:48+00:00","og_image":[{"width":1903,"height":670,"url":"https:\/\/www.nordictrans.com\/wp-content\/uploads\/2018\/05\/translation-project-flow.png","type":"image\/png"}],"twitter_card":"summary_large_image","twitter_title":"Translation Management - Translation Project Flow | NordicTrans","twitter_description":"How does our translation project flow work? Using translation management tools, our translators are able to improve the quality of our translation services.","twitter_site":"@NordicTrans","twitter_misc":{"Ansl. lesetid":"4 minutter"},"schema":{"@context":"https:\/\/schema.org","@graph":[{"@type":"WebPage","@id":"https:\/\/www.nordictrans.com\/nb\/prosjektflyt\/","url":"https:\/\/www.nordictrans.com\/nb\/prosjektflyt\/","name":"Oversettelsesprosjektflyt - Oversettelsesprosess - NordicTrans","isPartOf":{"@id":"https:\/\/www.nordictrans.com\/nb\/#website"},"primaryImageOfPage":{"@id":"https:\/\/www.nordictrans.com\/nb\/prosjektflyt\/#primaryimage"},"image":{"@id":"https:\/\/www.nordictrans.com\/nb\/prosjektflyt\/#primaryimage"},"thumbnailUrl":"https:\/\/www.nordictrans.com\/wp-content\/uploads\/2018\/05\/translation-project-flow.png","datePublished":"2011-09-15T03:41:50+00:00","dateModified":"2020-06-29T13:01:48+00:00","description":"Oversettelser som gj\u00f8res av profesjonelle oversettere kombinert med v\u00e5r oversettelsesprosess, sikrer en h\u00f8y kvalitet til en lav pris.","breadcrumb":{"@id":"https:\/\/www.nordictrans.com\/nb\/prosjektflyt\/#breadcrumb"},"inLanguage":"nb-NO","potentialAction":[{"@type":"ReadAction","target":["https:\/\/www.nordictrans.com\/nb\/prosjektflyt\/"]}]},{"@type":"ImageObject","inLanguage":"nb-NO","@id":"https:\/\/www.nordictrans.com\/nb\/prosjektflyt\/#primaryimage","url":"https:\/\/www.nordictrans.com\/wp-content\/uploads\/2018\/05\/translation-project-flow.png","contentUrl":"https:\/\/www.nordictrans.com\/wp-content\/uploads\/2018\/05\/translation-project-flow.png","width":1903,"height":670,"caption":"translation project flow"},{"@type":"BreadcrumbList","@id":"https:\/\/www.nordictrans.com\/nb\/prosjektflyt\/#breadcrumb","itemListElement":[{"@type":"ListItem","position":1,"name":"Home","item":"https:\/\/www.nordictrans.com\/nb\/"},{"@type":"ListItem","position":2,"name":"Prosjektflyt"}]},{"@type":"WebSite","@id":"https:\/\/www.nordictrans.com\/nb\/#website","url":"https:\/\/www.nordictrans.com\/nb\/","name":"Nordictrans.com","description":"Translation Agency specialized in Nordic Languages","publisher":{"@id":"https:\/\/www.nordictrans.com\/nb\/#organization"},"potentialAction":[{"@type":"SearchAction","target":{"@type":"EntryPoint","urlTemplate":"https:\/\/www.nordictrans.com\/nb\/?s={search_term_string}"},"query-input":{"@type":"PropertyValueSpecification","valueRequired":true,"valueName":"search_term_string"}}],"inLanguage":"nb-NO"},{"@type":"Organization","@id":"https:\/\/www.nordictrans.com\/nb\/#organization","name":"NordicTrans","url":"https:\/\/www.nordictrans.com\/nb\/","logo":{"@type":"ImageObject","inLanguage":"nb-NO","@id":"https:\/\/www.nordictrans.com\/nb\/#\/schema\/logo\/image\/","url":"https:\/\/www.nordictrans.com\/wp-content\/uploads\/2015\/02\/logoNT.png","contentUrl":"https:\/\/www.nordictrans.com\/wp-content\/uploads\/2015\/02\/logoNT.png","width":272,"height":92,"caption":"NordicTrans"},"image":{"@id":"https:\/\/www.nordictrans.com\/nb\/#\/schema\/logo\/image\/"},"sameAs":["https:\/\/www.facebook.com\/NordicTrans","https:\/\/x.com\/NordicTrans","https:\/\/www.instagram.com\/NordictransUS","https:\/\/www.linkedin.com\/company\/nordictrans","https:\/\/www.pinterest.com\/nordictrans01","https:\/\/www.youtube.com\/c\/nordictrans"]}]}},"_links":{"self":[{"href":"https:\/\/www.nordictrans.com\/nb\/wp-json\/wp\/v2\/pages\/11393","targetHints":{"allow":["GET"]}}],"collection":[{"href":"https:\/\/www.nordictrans.com\/nb\/wp-json\/wp\/v2\/pages"}],"about":[{"href":"https:\/\/www.nordictrans.com\/nb\/wp-json\/wp\/v2\/types\/page"}],"author":[{"embeddable":true,"href":"https:\/\/www.nordictrans.com\/nb\/wp-json\/wp\/v2\/users\/1"}],"replies":[{"embeddable":true,"href":"https:\/\/www.nordictrans.com\/nb\/wp-json\/wp\/v2\/comments?post=11393"}],"version-history":[{"count":5,"href":"https:\/\/www.nordictrans.com\/nb\/wp-json\/wp\/v2\/pages\/11393\/revisions"}],"predecessor-version":[{"id":48883,"href":"https:\/\/www.nordictrans.com\/nb\/wp-json\/wp\/v2\/pages\/11393\/revisions\/48883"}],"wp:featuredmedia":[{"embeddable":true,"href":"https:\/\/www.nordictrans.com\/nb\/wp-json\/wp\/v2\/media\/32975"}],"wp:attachment":[{"href":"https:\/\/www.nordictrans.com\/nb\/wp-json\/wp\/v2\/media?parent=11393"}],"curies":[{"name":"wp","href":"https:\/\/api.w.org\/{rel}","templated":true}]}}