{"id":11350,"date":"2011-09-15T03:42:03","date_gmt":"2011-09-15T03:42:03","guid":{"rendered":"http:\/\/dev.nordictrans.com\/quality\/"},"modified":"2018-02-08T14:25:26","modified_gmt":"2018-02-08T14:25:26","slug":"kvalitet-3","status":"publish","type":"page","link":"https:\/\/www.nordictrans.com\/nb\/kvalitet-3\/","title":{"rendered":"Kvalitet"},"content":{"rendered":"<div class=\"wpb-content-wrapper\"><p>[vc_row full_height=&#8221;yes&#8221; equal_height=&#8221;yes&#8221; content_placement=&#8221;top&#8221; bg_type=&#8221;image&#8221; parallax_style=&#8221;vcpb-vz-jquery&#8221; bg_image_repeat=&#8221;no-repeat&#8221; bg_image_size=&#8221;contain&#8221; bg_img_attach=&#8221;fixed&#8221; parallax_sense=&#8221;1.5&#8243; bg_override=&#8221;full&#8221; enable_overlay=&#8221;enable_overlay_value&#8221; overlay_color=&#8221;#609cce&#8221; overlay_pattern_opacity=&#8221;27&#8243; overlay_pattern_attachment=&#8221;fixed&#8221;][vc_column]\n\t\t\t<!-- START Quality REVOLUTION SLIDER 6.6.16 --><p class=\"rs-p-wp-fix\"><\/p>\n\t\t\t<rs-module-wrap id=\"rev_slider_19_1_wrapper\" data-source=\"gallery\" style=\"visibility:hidden;background:transparent;padding:0;margin:0px auto;margin-top:0;margin-bottom:0;\">\n\t\t\t\t<rs-module id=\"rev_slider_19_1\" style=\"\" data-version=\"6.6.16\">\n\t\t\t\t\t<rs-slides style=\"overflow: hidden; position: absolute;\">\n\t\t\t\t\t\t<rs-slide style=\"position: absolute;\" data-key=\"rs-23\" data-title=\"Slide\" data-anim=\"adpr:false;\" data-in=\"o:0;\" data-out=\"a:false;\">\n\t\t\t\t\t\t\t<img decoding=\"async\" src=\"\/\/www.nordictrans.com\/wp-content\/plugins\/revslider\/public\/assets\/assets\/dummy.png\" alt=\"\" title=\"Kvalitet\" class=\"rev-slidebg tp-rs-img rs-lazyload\" data-lazyload=\"\/\/www.nordictrans.com\/wp-content\/uploads\/2018\/05\/translation-quality-assurance.png\" data-parallax=\"15\" data-no-retina>\n<!--\n\t\t\t\t\t\t\t--><rs-layer\n\t\t\t\t\t\t\t\tid=\"slider-19-slide-23-layer-0\" \n\t\t\t\t\t\t\t\tdata-type=\"text\"\n\t\t\t\t\t\t\t\tdata-color=\"#fff\"\n\t\t\t\t\t\t\t\tdata-rsp_ch=\"on\"\n\t\t\t\t\t\t\t\tdata-xy=\"xo:484px,399px,303px,186px;yo:52px,42px,31px,19px;\"\n\t\t\t\t\t\t\t\tdata-text=\"w:normal;s:40,33,25,15;l:50,41,31,19;fw:900;\"\n\t\t\t\t\t\t\t\tdata-dim=\"minh:0px,none,none,none;\"\n\t\t\t\t\t\t\t\tdata-frame_999=\"o:0;st:w;\"\n\t\t\t\t\t\t\t\tstyle=\"z-index:5;font-family:'Roboto';text-transform:uppercase;\"\n\t\t\t\t\t\t\t>QUALITY \n\t\t\t\t\t\t\t<\/rs-layer><!--\n-->\t\t\t\t\t\t<\/rs-slide>\n\t\t\t\t\t<\/rs-slides>\n\t\t\t\t<\/rs-module>\n\t\t\t\t<script>\n\t\t\t\t\tsetREVStartSize({c: 'rev_slider_19_1',rl:[1240,1024,778,480],el:[655,600,500,400],gw:[1240,1024,778,480],gh:[655,600,500,400],type:'hero',justify:'',layout:'fullwidth',mh:\"0\"});if (window.RS_MODULES!==undefined && window.RS_MODULES.modules!==undefined && window.RS_MODULES.modules[\"revslider191\"]!==undefined) {window.RS_MODULES.modules[\"revslider191\"].once = false;window.revapi19 = undefined;if (window.RS_MODULES.checkMinimal!==undefined) window.RS_MODULES.checkMinimal()}\n\t\t\t\t<\/script>\n\t\t\t<\/rs-module-wrap>\n\t\t\t<!-- END REVOLUTION SLIDER -->\n[\/vc_column][\/vc_row][vc_row full_height=&#8221;yes&#8221; equal_height=&#8221;yes&#8221; content_placement=&#8221;top&#8221; bg_type=&#8221;image&#8221; parallax_style=&#8221;vcpb-vz-jquery&#8221; bg_image_repeat=&#8221;no-repeat&#8221; bg_image_size=&#8221;contain&#8221; bg_img_attach=&#8221;fixed&#8221; parallax_sense=&#8221;1.5&#8243; bg_override=&#8221;full&#8221; enable_overlay=&#8221;enable_overlay_value&#8221; overlay_color=&#8221;#609cce&#8221; overlay_pattern_opacity=&#8221;27&#8243; overlay_pattern_attachment=&#8221;fixed&#8221;][vc_column][vc_raw_html]JTNDZGl2JTIwaWQlM0QlMjJzZWNvbmRfYnJlZCUyMiUyMGNsYXNzJTNEJTIyd2YtdGQlMjIlM0UlM0MlMkZkaXYlM0U=[\/vc_raw_html][\/vc_column][\/vc_row][vc_row margin_bottom=&#8221;40&#8243; rowtype=&#8221;fullw&#8221; textalign=&#8221;center&#8221; padding=&#8221;50px 0px 0px&#8221;][vc_column][vc_empty_space height=&#8221;50px&#8221;][vc_column_text]<\/p>\n<h1 style=\"text-align: center; color: #2c5a85;\"><strong>Kvalitetssikring av Oversettelsene (QA)<\/strong><\/h1>\n<p>[\/vc_column_text][vc_empty_space][vc_row_inner][vc_column_inner width=&#8221;1\/4&#8243;][vc_single_image image=&#8221;9784&#8243; img_size=&#8221;medium&#8221; alignment=&#8221;center&#8221; css_animation=&#8221;fadeInUpBig&#8221;][vc_column_text css_animation=&#8221;fadeInUpBig&#8221;]<\/p>\n<h4 class=\"custom-title\" style=\"text-align: center;\"><span style=\"color: #333333;\">KVALITETSSIKRING ER ET SV\u00c6RT VIKTIG ASPEKT FOR V\u00c5RT OVERSETTELSESBYR\u00c5. DET ER EN AV DE VIKTIGSTE FAKTORENE FOR V\u00c5R SUKSESS.<\/span><\/h4>\n<div class=\"inner\">\n<p style=\"text-align: center;\">P\u00e5 grunn av de standardene oversettelsesbyr\u00e5ene er p\u00e5lagt \u00e5 f\u00f8lge i sin virksomhet, finnes kvalitetssikkerhet som aldri skal settes p\u00e5 spill.<\/p>\n<p style=\"text-align: center;\">Det er \u00e5rsaken til at et av de f\u00f8rste stegene vi her p\u00e5 NordicTrans gj\u00f8r p\u00e5 veien mote en profesjonell oversettelse, er \u00e5 forst\u00e5 og analysere deres behov, slik at vi oppfyller deres forventninger ved levering.<\/p>\n<\/div>\n<p>[\/vc_column_text][\/vc_column_inner][vc_column_inner width=&#8221;1\/4&#8243;][vc_single_image image=&#8221;10101&#8243; img_size=&#8221;medium&#8221; alignment=&#8221;center&#8221; css_animation=&#8221;fadeInUpBig&#8221;][vc_column_text css_animation=&#8221;fadeInUpBig&#8221;]<\/p>\n<h4 class=\"custom-title\" style=\"text-align: center;\"><span style=\"color: #333333;\">OPP GJENNOM \u00c5RENE HAR DET BLITT ANTATT AT OVERSETTEREN HAR EN ETISK OG JURIDISK FORPLIKTELSE OVERFOR SINE KUNDER OG ARBEIDSGIVER.<\/span><\/h4>\n<div class=\"inner\">\n<p style=\"text-align: center;\">Over tid har denne tankegangen v\u00e6rt sv\u00e6rt viktig i forbindelse med utviklingen av spr\u00e5kbransjen i et globalt aspekt, samt kunnskap om gjeldende standarder. Det er slik viktigheten av kvalitetssikring av oversettelser har gjort seg gjeldende i oversettelsesindustrien og samfunnet.<\/p>\n<p style=\"text-align: center;\">NordicTrans ansetter bare sv\u00e6rt profesjonelle oversettere, som har ratingsystemer basert p\u00e5 resultater fra kvalitetssikring, tilbakemeldinger fra kunder og som best\u00e5r v\u00e5r test. Alle disse kravene utgj\u00f8r en stor forskjell fra et kvalitetssynspunkt. Vi har ogs\u00e5 implementert et kvalitetsstyringsystem som en del av kvalitetssikringen.<\/p>\n<\/div>\n<p>[\/vc_column_text][\/vc_column_inner][vc_column_inner width=&#8221;1\/4&#8243;][vc_single_image image=&#8221;10109&#8243; img_size=&#8221;medium&#8221; alignment=&#8221;center&#8221; css_animation=&#8221;fadeInUpBig&#8221;][vc_column_text css_animation=&#8221;fadeInUpBig&#8221;]<\/p>\n<h4 class=\"custom-title\" style=\"text-align: center;\"><span style=\"color: #333333;\">MED TQA VERKT\u00d8Y, BLIR KVALITETEN P\u00c5 OVERSETTELSEN FORBEDRET VED \u00c5 REDUSERE FEIL. MEN DET ER IKKE NOK TIL \u00c5 GARANTERE KVALITET!<\/span><\/h4>\n<div class=\"inner\">\n<p style=\"text-align: center;\">Arbeidet er fremdeles fullf\u00f8rt av v\u00e5re oversettere, fordi disse verkt\u00f8yene ikke kan oppdage feil som skyldes feil forst\u00e5else av kildeteksten eller upassende valg av spr\u00e5kregister. P\u00e5 grunn av utviklingen av spr\u00e5kbransjen p\u00e5 en global skala, har kunnskap om standarder gjort betydningen av kvalitetssikring i oversettelse viktig, og har gjort at dette har kommet inn i oversettelsesbransjen og samfunnet.<\/p>\n<\/div>\n<p>[\/vc_column_text][\/vc_column_inner][vc_column_inner width=&#8221;1\/4&#8243;][vc_single_image image=&#8221;10117&#8243; img_size=&#8221;medium&#8221; alignment=&#8221;center&#8221; css_animation=&#8221;fadeInUpBig&#8221;][vc_column_text css_animation=&#8221;fadeInUpBig&#8221;]<\/p>\n<h4 class=\"custom-title\" style=\"text-align: center;\"><span style=\"color: #333333;\">HVORFOR ER INNF\u00d8DTE OVERSETTERE DE BESTE? INNF\u00d8DTE SOM HAR DET AKTUELLE SPR\u00c5KET SOM MORSM\u00c5L HAR ET ST\u00d8RRE ORDFORR\u00c5D, OG EN BEDRE FORST\u00c5ELSE AV M\u00c5LSPR\u00c5KET<\/span><\/h4>\n<div class=\"inner\">\n<p style=\"text-align: center;\">Og for ikke \u00e5 glemme en bedre kunnskap om grammatikk. Vi samarbeider med sv\u00e6rt profesjonelle oversettere for \u00e5 gi deg h\u00f8y kvalitet p\u00e5 oversettelsestjenestene til rimelige priser. Men det er like viktig \u00e5 ha et validerings- og verifiseringssystem for \u00e5 fjerne enhver tvil om avvik. NordicTrans utviklet et slikt integrert system for \u00e5 gi den beste kvaliteten til v\u00e5re kunder.<\/p>\n<\/div>\n<p>[\/vc_column_text][\/vc_column_inner][\/vc_row_inner][vc_empty_space height=&#8221;50px&#8221;][\/vc_column][\/vc_row][vc_row textalign=&#8221;center&#8221; padding=&#8221;40px&#8221;][vc_column][vc_column_text]<\/p>\n<h2 class=\"custom_title \" style=\"text-align: center;\">V\u00e5rt validerings- og verifikasjonssystem avhjelpes av mange oversettelsesverkt\u00f8y for kvalitetssikkerhet, slik som:<\/h2>\n<p>[\/vc_column_text][vc_empty_space height=&#8221;50px&#8221;][vc_row_inner][vc_column_inner width=&#8221;1\/4&#8243;][vc_icon icon_fontawesome=&#8221;fa fa-archive&#8221; color=&#8221;custom&#8221; size=&#8221;lg&#8221; align=&#8221;center&#8221; css_animation=&#8221;bottom-to-top&#8221; custom_color=&#8221;#2c5a85&#8243;][vc_empty_space height=&#8221;10px&#8221;][vc_column_text css_animation=&#8221;fadeInUpBig&#8221;]<\/p>\n<p class=\"custom-title\" style=\"text-align: center;\"><strong>XBench<\/strong>, som er hovedverkt\u00f8yet vi har innf\u00f8rt, og som er et integrert referanseverkt\u00f8y, som drar sikte p\u00e5 \u00e5 gi en tydelig og strukturert oversikt over terminologien i et hvert oversettelsesprosjekt. Dette verkt\u00f8yet gir en enhetlig og praktisk oversikt over tospr\u00e5klig informasjon, som brukeren kan prioritere etter behov. Xbench kan blant sine kvalitetssikringsegenskaper sjekke blant annet konsistens, numeriske verdier med mer.<\/p>\n<p>[\/vc_column_text][\/vc_column_inner][vc_column_inner width=&#8221;1\/4&#8243;][vc_icon icon_fontawesome=&#8221;fa fa-files-o&#8221; color=&#8221;custom&#8221; size=&#8221;lg&#8221; align=&#8221;center&#8221; css_animation=&#8221;bottom-to-top&#8221; custom_color=&#8221;#a4cbe7&#8243;][vc_empty_space height=&#8221;10px&#8221;][vc_column_text css_animation=&#8221;fadeInUpBig&#8221;]<\/p>\n<p style=\"text-align: center;\">SDL Trados terminologikontroll og kvalitetssikring (referert til som <strong>Trados<\/strong>).<\/p>\n<p style=\"text-align: center;\">Disse QA verkt\u00f8yene er utrolig nyttige i \u00e5 forbedre produktiviteten til oversettere n\u00e5r det kommer til store oversettelsesprosjekter. Slike verkt\u00f8y kan faktisk bist\u00e5 oversettere ved \u00e5 sjekke oversettelsen mot en ordliste, og passe p\u00e5 at de riktige begrepene alltid blir brukt i oversettelsen.<\/p>\n<p>[\/vc_column_text][\/vc_column_inner][vc_column_inner width=&#8221;1\/4&#8243;][vc_icon icon_fontawesome=&#8221;fa fa-tasks&#8221; color=&#8221;custom&#8221; size=&#8221;lg&#8221; align=&#8221;center&#8221; css_animation=&#8221;bottom-to-top&#8221; custom_color=&#8221;#ccffcc&#8221;][vc_empty_space height=&#8221;10px&#8221;][vc_column_text css_animation=&#8221;fadeInUpBig&#8221;]<\/p>\n<p style=\"text-align: center;\">Wordfast funksjoner for kvalitetskontroll (<strong>WF<\/strong>) er best for \u00e5 kontrollere terminologi og \u201cuoversettelige ord\u201d. Det gir brukeren sv\u00e6rt god teknisk st\u00f8tte.<\/p>\n<p style=\"text-align: center;\">Denne funksjonen advarer oversettere n\u00e5r eventuelle feil oppst\u00e5r under arbeidet som skrivefeil, tegnsetting, generell grammatikk, men ogs\u00e5 konsistensen av terminologien som brukes.<\/p>\n<p>[\/vc_column_text][\/vc_column_inner][vc_column_inner width=&#8221;1\/4&#8243;][vc_icon icon_fontawesome=&#8221;fa fa-file-text-o&#8221; color=&#8221;custom&#8221; size=&#8221;lg&#8221; align=&#8221;center&#8221; css_animation=&#8221;bottom-to-top&#8221; custom_color=&#8221;#a4cbe7&#8243;][vc_empty_space height=&#8221;10px&#8221;][vc_column_text css_animation=&#8221;fadeInUpBig&#8221;]<\/p>\n<p style=\"text-align: center;\">QA Distiller (<strong>QAD<\/strong>) tilbyr en stor fordel ved \u00e5 ha batch-modus.<\/p>\n<p style=\"text-align: center;\">Dette spesielle verkt\u00f8yet st\u00f8tter over 90 spr\u00e5k, og det kan oppdage vanlige feil som feil tallformater eller doble mellomrom, men det er ogs\u00e5 et flott verkt\u00f8y for \u00e5 se etter utelatelser mellom kildefilen og den faktiske oversettelse. Verkt\u00f8yet kan ogs\u00e5 sjekke om uoverensstemmelser mellom spr\u00e5k og formateringsfeil.<\/p>\n<p>[\/vc_column_text][\/vc_column_inner][\/vc_row_inner][vc_empty_space height=&#8221;50px&#8221;][\/vc_column][\/vc_row][vc_row type=&#8221;vc_default&#8221; margin_bottom=&#8221;0px&#8221; bg_type=&#8221;image&#8221; parallax_style=&#8221;vcpb-vz-jquery&#8221; bg_image_new=&#8221;id^10128|url^https:\/\/www.nordictrans.com\/wp-content\/uploads\/2011\/09\/bg402-2200&#215;1466-2200&#215;1466.jpg|caption^null|alt^null|title^bg402-2200&#215;1466-2200&#215;1466|description^null&#8221; bg_image_repeat=&#8221;no-repeat&#8221; bg_image_size=&#8221;initial&#8221; bg_img_attach=&#8221;fixed&#8221; parallax_sense=&#8221;1.5&#8243; bg_override=&#8221;full&#8221; enable_overlay=&#8221;enable_overlay_value&#8221; overlay_color=&#8221;#737373&#8243; overlay_pattern_opacity=&#8221;70&#8243; overlay_pattern_attachment=&#8221;fixed&#8221; rowtype=&#8221;fullw&#8221; contentcolor=&#8221;light&#8221; bg_pos=&#8221;center center&#8221; bg_size=&#8221;cover&#8221; use_overlay=&#8221;yes&#8221; overlay_opacity=&#8221;0.7&#8243; textalign=&#8221;center&#8221; padding=&#8221;50px 40px 50px&#8221; css=&#8221;.vc_custom_1478833319583{margin-bottom: 0px !important;padding-top: 50px !important;padding-right: 40px !important;padding-bottom: 50px !important;padding-left: 40px !important;}&#8221;][vc_column][vc_empty_space height=&#8221;50px&#8221;][vc_custom_heading text=&#8221;Kvalitetssikring er et av NordicTrans viktigste steg p\u00e5 veien mot \u00e5 levere dere produktet dere trenger.&#8221; font_container=&#8221;tag:h2|text_align:center|color:%23ffffff&#8221; google_fonts=&#8221;font_family:Roboto%20Slab%3A100%2C300%2Cregular%2C700|font_style:400%20regular%3A400%3Anormal&#8221;][vc_empty_space][vc_row_inner][vc_column_inner width=&#8221;1\/2&#8243;][vc_icon icon_fontawesome=&#8221;fa fa-users&#8221; color=&#8221;custom&#8221; size=&#8221;lg&#8221; align=&#8221;center&#8221; css_animation=&#8221;left-to-right&#8221; custom_color=&#8221;#a4cbe7&#8243;][vc_column_text]<\/p>\n<h3 style=\"text-align: center;\"><span style=\"color: #ffffff;\">Bruk av oversettelsesverkt\u00f8y har forbedret kvaliteten p\u00e5 v\u00e5re oversettelser ved \u00e5 redusere antall feil. Arbeidet utf\u00f8res fortsatt av v\u00e5re oversettere, fordi disse verkt\u00f8yene ikke kan oppdage feil, som oppst\u00e5r, som f\u00f8lge av feil forst\u00e5else av kildeteksten eller feil ordvalg i spr\u00e5kregisteret.<\/span><\/h3>\n<p>[\/vc_column_text][\/vc_column_inner][vc_column_inner width=&#8221;1\/2&#8243;][vc_icon icon_fontawesome=&#8221;fa fa-keyboard-o&#8221; color=&#8221;custom&#8221; size=&#8221;lg&#8221; align=&#8221;center&#8221; css_animation=&#8221;left-to-right&#8221; custom_color=&#8221;#ccffcc&#8221;][vc_column_text]<\/p>\n<h3 style=\"text-align: center;\"><span style=\"color: #ffffff;\">Vi samarbeider med profesjonelle oversettere for \u00e5 gi dere oversettelsestjenester av h\u00f8y kvalitet til rimelige priser. Det er imidlertid like viktig \u00e5 ha et kvalitetssikringssystem for \u00e5 fjerne enhver tvil vedr\u00f8rende avvik. NordicTrans har utviklet et slikt integrert system for \u00e5 kunne levere den beste kvaliteten til v\u00e5re kunder.<\/span><\/h3>\n<p>[\/vc_column_text][\/vc_column_inner][\/vc_row_inner][vc_empty_space height=&#8221;50px&#8221;][\/vc_column][\/vc_row][vc_row type=&#8221;3&#8243; margin_bottom=&#8221;0px&#8221; full_width_row=&#8221;true&#8221; rowtype=&#8221;fullw&#8221; textalign=&#8221;center&#8221; padding=&#8221;30px 0px&#8221; css=&#8221;.vc_custom_1479126654315{margin-bottom: 0px !important;padding-top: 30px !important;padding-right: 0px !important;padding-bottom: 30px !important;padding-left: 0px !important;}&#8221; el_class=&#8221;live-contact-btn-wrap&#8221;][vc_column][vc_cta h2=&#8221;Er du klar? La oss komme i gang: &#8221; txt_align=&#8221;center&#8221; add_button=&#8221;right&#8221; btn_title=&#8221;LEVENDE KONTAKT&#8221; btn_style=&#8221;custom&#8221; btn_custom_background=&#8221;#ffffff&#8221; btn_custom_text=&#8221;#2a4a8f&#8221; btn_shape=&#8221;round&#8221; btn_align=&#8221;center&#8221; btn_button_block=&#8221;true&#8221; el_class=&#8221;live-contact-btn&#8221; btn_link=&#8221;url:https%3A%2F%2Fwww.nordictrans.com%2Fchat-popup%2F|||&#8221;][\/vc_cta][\/vc_column][\/vc_row]<\/p>\n<\/div>","protected":false},"excerpt":{"rendered":"<p>[vc_row full_height=&#8221;yes&#8221; equal_height=&#8221;yes&#8221; content_placement=&#8221;top&#8221; bg_type=&#8221;image&#8221; parallax_style=&#8221;vcpb-vz-jquery&#8221; bg_image_repeat=&#8221;no-repeat&#8221; bg_image_size=&#8221;contain&#8221; bg_img_attach=&#8221;fixed&#8221; parallax_sense=&#8221;1.5&#8243; bg_override=&#8221;full&#8221; enable_overlay=&#8221;enable_overlay_value&#8221; overlay_color=&#8221;#609cce&#8221; overlay_pattern_opacity=&#8221;27&#8243; overlay_pattern_attachment=&#8221;fixed&#8221;][vc_column][\/vc_column][\/vc_row][vc_row full_height=&#8221;yes&#8221; equal_height=&#8221;yes&#8221; content_placement=&#8221;top&#8221; bg_type=&#8221;image&#8221; parallax_style=&#8221;vcpb-vz-jquery&#8221; bg_image_repeat=&#8221;no-repeat&#8221; bg_image_size=&#8221;contain&#8221; bg_img_attach=&#8221;fixed&#8221; parallax_sense=&#8221;1.5&#8243; bg_override=&#8221;full&#8221; enable_overlay=&#8221;enable_overlay_value&#8221; overlay_color=&#8221;#609cce&#8221; overlay_pattern_opacity=&#8221;27&#8243; overlay_pattern_attachment=&#8221;fixed&#8221;][vc_column][vc_raw_html]JTNDZGl2JTIwaWQlM0QlMjJzZWNvbmRfYnJlZCUyMiUyMGNsYXNzJTNEJTIyd2YtdGQlMjIlM0UlM0MlMkZkaXYlM0U=[\/vc_raw_html][\/vc_column][\/vc_row][vc_row margin_bottom=&#8221;40&#8243; rowtype=&#8221;fullw&#8221; textalign=&#8221;center&#8221; padding=&#8221;50px 0px 0px&#8221;][vc_column][vc_empty_space height=&#8221;50px&#8221;][vc_column_text] Kvalitetssikring av Oversettelsene (QA) [\/vc_column_text][vc_empty_space][vc_row_inner][vc_column_inner width=&#8221;1\/4&#8243;][vc_single_image image=&#8221;9784&#8243; img_size=&#8221;medium&#8221; alignment=&#8221;center&#8221; css_animation=&#8221;fadeInUpBig&#8221;][vc_column_text css_animation=&#8221;fadeInUpBig&#8221;] KVALITETSSIKRING ER ET SV\u00c6RT VIKTIG ASPEKT FOR V\u00c5RT&hellip;<\/p>\n","protected":false},"author":1,"featured_media":33311,"parent":0,"menu_order":0,"comment_status":"closed","ping_status":"closed","template":"","meta":{"_acf_changed":false,"footnotes":""},"class_list":["post-11350","page","type-page","status-publish","has-post-thumbnail","hentry","description-off"],"acf":[],"yoast_head":"<!-- This site is optimized with the Yoast SEO Premium plugin v26.5 (Yoast SEO v26.5) - https:\/\/yoast.com\/wordpress\/plugins\/seo\/ -->\n<title>Oversettelser av h\u00f8y kvalitet - skandinavisk oversettelsesbyr\u00e5<\/title>\n<meta name=\"description\" content=\"Vi er et skandinavisk oversettelsesbyr\u00e5 som leverer oversettelser av h\u00f8y kvalitet. Vi er ISO-sertifisert og bruker kun profesjonelle oversettere.\" \/>\n<meta name=\"robots\" content=\"index, follow, max-snippet:-1, max-image-preview:large, max-video-preview:-1\" \/>\n<link rel=\"canonical\" href=\"https:\/\/www.nordictrans.com\/nb\/kvalitet-3\/\" \/>\n<meta property=\"og:locale\" content=\"nb_NO\" \/>\n<meta property=\"og:type\" content=\"article\" \/>\n<meta property=\"og:title\" content=\"Translation Quality Assurance - High-Quality Translation | NordicTrans\" \/>\n<meta property=\"og:description\" content=\"NordicTrans makes use of advanced translation quality assurance tools such as XBench in order to provide high quality translation services.\" \/>\n<meta property=\"og:url\" content=\"https:\/\/www.nordictrans.com\/nb\/kvalitet-3\/\" \/>\n<meta property=\"og:site_name\" content=\"Nordictrans.com\" \/>\n<meta property=\"article:publisher\" content=\"https:\/\/www.facebook.com\/NordicTrans\" \/>\n<meta property=\"article:modified_time\" content=\"2018-02-08T14:25:26+00:00\" \/>\n<meta property=\"og:image\" content=\"https:\/\/www.nordictrans.com\/wp-content\/uploads\/2018\/05\/translation-quality-assurance.png\" \/>\n\t<meta property=\"og:image:width\" content=\"1903\" \/>\n\t<meta property=\"og:image:height\" content=\"670\" \/>\n\t<meta property=\"og:image:type\" content=\"image\/png\" \/>\n<meta name=\"twitter:card\" content=\"summary_large_image\" \/>\n<meta name=\"twitter:title\" content=\"Translation Quality Assurance - High-Quality Translation | NordicTrans\" \/>\n<meta name=\"twitter:description\" content=\"NordicTrans makes use of advanced translation quality assurance tools such as XBench in order to provide high-quality translation services.\" \/>\n<meta name=\"twitter:site\" content=\"@NordicTrans\" \/>\n<meta name=\"twitter:label1\" content=\"Ansl. lesetid\" \/>\n\t<meta name=\"twitter:data1\" content=\"8 minutter\" \/>\n<!-- \/ Yoast SEO Premium plugin. -->","yoast_head_json":{"title":"Oversettelser av h\u00f8y kvalitet - skandinavisk oversettelsesbyr\u00e5","description":"Vi er et skandinavisk oversettelsesbyr\u00e5 som leverer oversettelser av h\u00f8y kvalitet. Vi er ISO-sertifisert og bruker kun profesjonelle oversettere.","robots":{"index":"index","follow":"follow","max-snippet":"max-snippet:-1","max-image-preview":"max-image-preview:large","max-video-preview":"max-video-preview:-1"},"canonical":"https:\/\/www.nordictrans.com\/nb\/kvalitet-3\/","og_locale":"nb_NO","og_type":"article","og_title":"Translation Quality Assurance - High-Quality Translation | NordicTrans","og_description":"NordicTrans makes use of advanced translation quality assurance tools such as XBench in order to provide high quality translation services.","og_url":"https:\/\/www.nordictrans.com\/nb\/kvalitet-3\/","og_site_name":"Nordictrans.com","article_publisher":"https:\/\/www.facebook.com\/NordicTrans","article_modified_time":"2018-02-08T14:25:26+00:00","og_image":[{"width":1903,"height":670,"url":"https:\/\/www.nordictrans.com\/wp-content\/uploads\/2018\/05\/translation-quality-assurance.png","type":"image\/png"}],"twitter_card":"summary_large_image","twitter_title":"Translation Quality Assurance - High-Quality Translation | NordicTrans","twitter_description":"NordicTrans makes use of advanced translation quality assurance tools such as XBench in order to provide high-quality translation services.","twitter_site":"@NordicTrans","twitter_misc":{"Ansl. lesetid":"8 minutter"},"schema":{"@context":"https:\/\/schema.org","@graph":[{"@type":"WebPage","@id":"https:\/\/www.nordictrans.com\/nb\/kvalitet-3\/","url":"https:\/\/www.nordictrans.com\/nb\/kvalitet-3\/","name":"Oversettelser av h\u00f8y kvalitet - skandinavisk oversettelsesbyr\u00e5","isPartOf":{"@id":"https:\/\/www.nordictrans.com\/nb\/#website"},"primaryImageOfPage":{"@id":"https:\/\/www.nordictrans.com\/nb\/kvalitet-3\/#primaryimage"},"image":{"@id":"https:\/\/www.nordictrans.com\/nb\/kvalitet-3\/#primaryimage"},"thumbnailUrl":"https:\/\/www.nordictrans.com\/wp-content\/uploads\/2018\/05\/translation-quality-assurance.png","datePublished":"2011-09-15T03:42:03+00:00","dateModified":"2018-02-08T14:25:26+00:00","description":"Vi er et skandinavisk oversettelsesbyr\u00e5 som leverer oversettelser av h\u00f8y kvalitet. Vi er ISO-sertifisert og bruker kun profesjonelle oversettere.","breadcrumb":{"@id":"https:\/\/www.nordictrans.com\/nb\/kvalitet-3\/#breadcrumb"},"inLanguage":"nb-NO","potentialAction":[{"@type":"ReadAction","target":["https:\/\/www.nordictrans.com\/nb\/kvalitet-3\/"]}]},{"@type":"ImageObject","inLanguage":"nb-NO","@id":"https:\/\/www.nordictrans.com\/nb\/kvalitet-3\/#primaryimage","url":"https:\/\/www.nordictrans.com\/wp-content\/uploads\/2018\/05\/translation-quality-assurance.png","contentUrl":"https:\/\/www.nordictrans.com\/wp-content\/uploads\/2018\/05\/translation-quality-assurance.png","width":1903,"height":670,"caption":"Translation Quality Assurance"},{"@type":"BreadcrumbList","@id":"https:\/\/www.nordictrans.com\/nb\/kvalitet-3\/#breadcrumb","itemListElement":[{"@type":"ListItem","position":1,"name":"Home","item":"https:\/\/www.nordictrans.com\/nb\/"},{"@type":"ListItem","position":2,"name":"Kvalitet"}]},{"@type":"WebSite","@id":"https:\/\/www.nordictrans.com\/nb\/#website","url":"https:\/\/www.nordictrans.com\/nb\/","name":"Nordictrans.com","description":"Translation Agency specialized in Nordic Languages","publisher":{"@id":"https:\/\/www.nordictrans.com\/nb\/#organization"},"potentialAction":[{"@type":"SearchAction","target":{"@type":"EntryPoint","urlTemplate":"https:\/\/www.nordictrans.com\/nb\/?s={search_term_string}"},"query-input":{"@type":"PropertyValueSpecification","valueRequired":true,"valueName":"search_term_string"}}],"inLanguage":"nb-NO"},{"@type":"Organization","@id":"https:\/\/www.nordictrans.com\/nb\/#organization","name":"NordicTrans","url":"https:\/\/www.nordictrans.com\/nb\/","logo":{"@type":"ImageObject","inLanguage":"nb-NO","@id":"https:\/\/www.nordictrans.com\/nb\/#\/schema\/logo\/image\/","url":"https:\/\/www.nordictrans.com\/wp-content\/uploads\/2015\/02\/logoNT.png","contentUrl":"https:\/\/www.nordictrans.com\/wp-content\/uploads\/2015\/02\/logoNT.png","width":272,"height":92,"caption":"NordicTrans"},"image":{"@id":"https:\/\/www.nordictrans.com\/nb\/#\/schema\/logo\/image\/"},"sameAs":["https:\/\/www.facebook.com\/NordicTrans","https:\/\/x.com\/NordicTrans","https:\/\/www.instagram.com\/NordictransUS","https:\/\/www.linkedin.com\/company\/nordictrans","https:\/\/www.pinterest.com\/nordictrans01","https:\/\/www.youtube.com\/c\/nordictrans"]}]}},"_links":{"self":[{"href":"https:\/\/www.nordictrans.com\/nb\/wp-json\/wp\/v2\/pages\/11350","targetHints":{"allow":["GET"]}}],"collection":[{"href":"https:\/\/www.nordictrans.com\/nb\/wp-json\/wp\/v2\/pages"}],"about":[{"href":"https:\/\/www.nordictrans.com\/nb\/wp-json\/wp\/v2\/types\/page"}],"author":[{"embeddable":true,"href":"https:\/\/www.nordictrans.com\/nb\/wp-json\/wp\/v2\/users\/1"}],"replies":[{"embeddable":true,"href":"https:\/\/www.nordictrans.com\/nb\/wp-json\/wp\/v2\/comments?post=11350"}],"version-history":[{"count":5,"href":"https:\/\/www.nordictrans.com\/nb\/wp-json\/wp\/v2\/pages\/11350\/revisions"}],"predecessor-version":[{"id":26994,"href":"https:\/\/www.nordictrans.com\/nb\/wp-json\/wp\/v2\/pages\/11350\/revisions\/26994"}],"wp:featuredmedia":[{"embeddable":true,"href":"https:\/\/www.nordictrans.com\/nb\/wp-json\/wp\/v2\/media\/33311"}],"wp:attachment":[{"href":"https:\/\/www.nordictrans.com\/nb\/wp-json\/wp\/v2\/media?parent=11350"}],"curies":[{"name":"wp","href":"https:\/\/api.w.org\/{rel}","templated":true}]}}