{"id":11087,"date":"2011-09-15T03:42:21","date_gmt":"2011-09-15T03:42:21","guid":{"rendered":"http:\/\/dev.nordictrans.com\/focus\/"},"modified":"2018-02-08T14:24:34","modified_gmt":"2018-02-08T14:24:34","slug":"industrifokus","status":"publish","type":"page","link":"https:\/\/www.nordictrans.com\/nb\/industrifokus\/","title":{"rendered":"Industrifokus"},"content":{"rendered":"<div class=\"wpb-content-wrapper\"><p>[vc_row][vc_column]\n\t\t\t<!-- START Industry Focus REVOLUTION SLIDER 6.6.16 --><p class=\"rs-p-wp-fix\"><\/p>\n\t\t\t<rs-module-wrap id=\"rev_slider_20_1_wrapper\" data-source=\"gallery\" style=\"visibility:hidden;background:transparent;padding:0;margin:0px auto;margin-top:0;margin-bottom:0;\">\n\t\t\t\t<rs-module id=\"rev_slider_20_1\" style=\"\" data-version=\"6.6.16\">\n\t\t\t\t\t<rs-slides style=\"overflow: hidden; position: absolute;\">\n\t\t\t\t\t\t<rs-slide style=\"position: absolute;\" data-key=\"rs-107\" data-title=\"Slide\" data-anim=\"adpr:false;\">\n\t\t\t\t\t\t\t<img decoding=\"async\" src=\"\/\/www.nordictrans.com\/wp-content\/plugins\/revslider\/public\/assets\/assets\/dummy.png\" alt=\"\" title=\"Industrifokus\" class=\"rev-slidebg tp-rs-img rs-lazyload\" data-lazyload=\"\/\/www.nordictrans.com\/wp-content\/uploads\/2018\/05\/specialized-translation-fields.png\" data-parallax=\"15\" data-no-retina>\n<!--\n\t\t\t\t\t\t\t--><rs-layer\n\t\t\t\t\t\t\t\tid=\"slider-20-slide-107-layer-1\" \n\t\t\t\t\t\t\t\tdata-type=\"text\"\n\t\t\t\t\t\t\t\tdata-color=\"rgba(255,255,255,1)\"\n\t\t\t\t\t\t\t\tdata-rsp_ch=\"on\"\n\t\t\t\t\t\t\t\tdata-xy=\"x:c;xo:-4px,0,0,0;y:m;yo:-54px,0,0,0;\"\n\t\t\t\t\t\t\t\tdata-text=\"s:60,35,30,24;l:60,40,35,24;fw:700;a:center;\"\n\t\t\t\t\t\t\t\tdata-frame_0=\"tp:600;\"\n\t\t\t\t\t\t\t\tdata-frame_1=\"tp:600;st:0;\"\n\t\t\t\t\t\t\t\tdata-frame_999=\"o:0;tp:600;st:w;sR:8700.0006103516;\"\n\t\t\t\t\t\t\t\tstyle=\"z-index:5;font-family:'Open Sans';opacity:0.6;\"\n\t\t\t\t\t\t\t>\nVI HOLDER \u00c5PENT 24 TIMER<br\/>\nI D\u00d8GNET<br\/>\n \n\t\t\t\t\t\t\t<\/rs-layer><!--\n\n\t\t\t\t\t\t\t--><rs-layer\n\t\t\t\t\t\t\t\tid=\"slider-20-slide-107-layer-3\" \n\t\t\t\t\t\t\t\tdata-type=\"text\"\n\t\t\t\t\t\t\t\tdata-color=\"rgba(255,255,255,1)\"\n\t\t\t\t\t\t\t\tdata-rsp_ch=\"on\"\n\t\t\t\t\t\t\t\tdata-xy=\"x:c;xo:12px,12px,12px,0;y:m;yo:30px,30px,30px,56px;\"\n\t\t\t\t\t\t\t\tdata-text=\"s:30,30,30,28;l:30;a:inherit,inherit,inherit,center;\"\n\t\t\t\t\t\t\t\tdata-frame_0=\"tp:600;\"\n\t\t\t\t\t\t\t\tdata-frame_1=\"tp:600;st:0;\"\n\t\t\t\t\t\t\t\tdata-frame_999=\"o:0;tp:600;st:w;sR:8700.0006103516;\"\n\t\t\t\t\t\t\t\tstyle=\"z-index:6;font-family:'Roboto Slab';\"\n\t\t\t\t\t\t\t>for \u00e5 hjelpe deg med oversettelsesprosjekter<br\/> som haster \n\t\t\t\t\t\t\t<\/rs-layer><!--\n-->\t\t\t\t\t\t<\/rs-slide>\n\t\t\t\t\t<\/rs-slides>\n\t\t\t\t<\/rs-module>\n\t\t\t\t<script>\n\t\t\t\t\tsetREVStartSize({c: 'rev_slider_20_1',rl:[1240,1024,778,480],el:[655,600,500,400],gw:[1240,1024,778,480],gh:[655,600,500,400],type:'hero',justify:'',layout:'fullwidth',mh:\"0\"});if (window.RS_MODULES!==undefined && window.RS_MODULES.modules!==undefined && window.RS_MODULES.modules[\"revslider201\"]!==undefined) {window.RS_MODULES.modules[\"revslider201\"].once = false;window.revapi20 = undefined;if (window.RS_MODULES.checkMinimal!==undefined) window.RS_MODULES.checkMinimal()}\n\t\t\t\t<\/script>\n\t\t\t<\/rs-module-wrap>\n\t\t\t<!-- END REVOLUTION SLIDER -->\n[\/vc_column][\/vc_row][vc_row][vc_column][vc_raw_html]JTNDZGl2JTIwaWQlM0QlMjJzZWNvbmRfYnJlZCUyMiUyMGNsYXNzJTNEJTIyd2YtdGQlMjIlM0UlM0MlMkZkaXYlM0U=[\/vc_raw_html][\/vc_column][\/vc_row][vc_row rowtype=&#8221;fullw&#8221; textalign=&#8221;center&#8221; padding=&#8221;50px&#8221;][vc_column][vc_empty_space height=&#8221;50px&#8221;][vc_column_text]<\/p>\n<h1 style=\"text-align: center; color: #2c5a85;\"><strong>Industrifokus<\/strong><\/h1>\n<p>[\/vc_column_text][vc_empty_space][vc_separator][vc_empty_space][vc_column_text]<\/p>\n<h2 style=\"text-align: center;\">NordicTrans har kompetanse til \u00e5 kunne tilby oversettelse fra f\u00f8lgende industrier:<\/h2>\n<p>[\/vc_column_text][vc_empty_space][\/vc_column][\/vc_row][vc_row][vc_column][vc_empty_space][vc_row_inner][vc_column_inner width=&#8221;1\/3&#8243;][vc_single_image image=&#8221;10149&#8243; img_size=&#8221;full&#8221; alignment=&#8221;center&#8221;][vc_column_text]<\/p>\n<h3 style=\"text-align: center;\">PR Markedsf\u00f8ring<\/h3>\n<p>[\/vc_column_text][\/vc_column_inner][vc_column_inner width=&#8221;1\/3&#8243;][vc_single_image image=&#8221;10157&#8243; img_size=&#8221;full&#8221; alignment=&#8221;center&#8221;][vc_column_text]<\/p>\n<h3 style=\"text-align: center;\">Mediekommunikasjon<\/h3>\n<p>[\/vc_column_text][\/vc_column_inner][vc_column_inner width=&#8221;1\/3&#8243;][vc_single_image image=&#8221;3577&#8243; img_size=&#8221;full&#8221; alignment=&#8221;center&#8221;][vc_column_text]<\/p>\n<h3 style=\"text-align: center;\">Lokalisering av websider<\/h3>\n<p>[\/vc_column_text][\/vc_column_inner][\/vc_row_inner][vc_empty_space][vc_row_inner][vc_column_inner width=&#8221;1\/3&#8243;][vc_single_image image=&#8221;10165&#8243; img_size=&#8221;full&#8221; alignment=&#8221;center&#8221;][vc_column_text]<\/p>\n<h3 style=\"text-align: center;\">Juridiske oversettelser<\/h3>\n<p>[\/vc_column_text][\/vc_column_inner][vc_column_inner width=&#8221;1\/3&#8243;][vc_single_image image=&#8221;10181&#8243; img_size=&#8221;full&#8221; alignment=&#8221;center&#8221;][vc_column_text]<\/p>\n<h3 style=\"text-align: center;\">E-handel oversettelser<\/h3>\n<p>[\/vc_column_text][\/vc_column_inner][vc_column_inner width=&#8221;1\/3&#8243;][vc_single_image image=&#8221;10189&#8243; img_size=&#8221;full&#8221; alignment=&#8221;center&#8221;][vc_column_text]<\/p>\n<h3 style=\"text-align: center;\">Tekniske oversettelser<\/h3>\n<p>[\/vc_column_text][\/vc_column_inner][\/vc_row_inner][vc_empty_space][vc_row_inner][vc_column_inner width=&#8221;1\/3&#8243;][vc_single_image image=&#8221;10197&#8243; img_size=&#8221;full&#8221; alignment=&#8221;center&#8221;][vc_column_text]<\/p>\n<h3 style=\"text-align: center;\">Telekommunikasjon oversettelser<\/h3>\n<p>[\/vc_column_text][\/vc_column_inner][vc_column_inner width=&#8221;1\/3&#8243;][vc_single_image image=&#8221;10205&#8243; img_size=&#8221;full&#8221; alignment=&#8221;center&#8221;][vc_column_text]<\/p>\n<h3 style=\"text-align: center;\">Medisinske Oversettelser<\/h3>\n<p>[\/vc_column_text][\/vc_column_inner][vc_column_inner width=&#8221;1\/3&#8243;][vc_single_image image=&#8221;10213&#8243; img_size=&#8221;full&#8221; alignment=&#8221;center&#8221;][vc_column_text]<\/p>\n<h3 style=\"text-align: center;\">Forretningsoversettelsestjenestene<\/h3>\n<p>[\/vc_column_text][\/vc_column_inner][\/vc_row_inner][vc_empty_space height=&#8221;50px&#8221;][\/vc_column][\/vc_row][vc_row][vc_column width=&#8221;1\/3&#8243;][vc_icon icon_fontawesome=&#8221;fa fa-usd&#8221; color=&#8221;custom&#8221; size=&#8221;lg&#8221; align=&#8221;center&#8221; custom_color=&#8221;#ccffcc&#8221;][vc_column_text]<\/p>\n<h4 class=\"custom-title\" style=\"text-align: center;\">Og alle forretningsprosesser relatert til IT systemer i samsvar med alle lokale standarder<\/h4>\n<div class=\"inner\">\n<p style=\"text-align: center;\"><span style=\"color: #333333;\">Finansiell ledelse<\/span><br \/>\n<span style=\"color: #333333;\">Lagerledelse<\/span><br \/>\n<span style=\"color: #333333;\">Produksjonsledelse<\/span><br \/>\n<span style=\"color: #333333;\">Salgsledelse<\/span><br \/>\n<span style=\"color: #333333;\">Forsyningskjedeledelse<\/span><br \/>\n<span style=\"color: #333333;\">Leveranskedjeledning<\/span><br \/>\n<span style=\"color: #333333;\">e-forretning og<\/span><br \/>\n<span style=\"color: #333333;\">Forretningsintelligens<\/span><\/p>\n<\/div>\n<p>[\/vc_column_text][\/vc_column][vc_column width=&#8221;1\/3&#8243;][vc_icon icon_fontawesome=&#8221;fa fa-globe&#8221; color=&#8221;custom&#8221; size=&#8221;lg&#8221; align=&#8221;center&#8221; custom_color=&#8221;#2c5a85&#8243;][vc_column_text]<\/p>\n<h4 class=\"custom-title\" style=\"text-align: center;\">IT &amp; Telekommunikationsomr\u00e5de<\/h4>\n<div class=\"inner\">\n<p style=\"text-align: center;\">ERP L\u00f8sninger<br \/>\nInternet<br \/>\nMessaging og Sikkerhetssoftware<br \/>\nSoftware og hardwareinnretninger<br \/>\nNetverk &amp; Systemadministrasjon<br \/>\nGrafikk og CAD<br \/>\nTelekommunikasjon<\/p>\n<\/div>\n<p>[\/vc_column_text][\/vc_column][vc_column width=&#8221;1\/3&#8243;][vc_icon icon_fontawesome=&#8221;fa fa-desktop&#8221; color=&#8221;custom&#8221; size=&#8221;lg&#8221; align=&#8221;center&#8221; custom_color=&#8221;#8ebee2&#8243;][vc_column_text]<\/p>\n<h4 class=\"custom-title\" style=\"text-align: center;\">PR\/Markedsf\u00f8ring &amp; Mediakommunikasjonsomr\u00e5de<\/h4>\n<div class=\"inner\">\n<p style=\"text-align: center;\">Kataloger<br \/>\nBrosjyrer<br \/>\nPresseutgivelser<br \/>\nMarkedsunders\u00f8kelser<br \/>\nArtikler<br \/>\nFirmaklipp<br \/>\nKonferansemateriale<br \/>\nSalgskraft &amp; Markedspresentasjoner<br \/>\nKonferansemateriale<br \/>\nMediapresseutstyr<\/p>\n<\/div>\n<p>[\/vc_column_text][\/vc_column][\/vc_row][vc_row][vc_column width=&#8221;1\/2&#8243;][vc_icon icon_fontawesome=&#8221;fa fa-desktop&#8221; color=&#8221;custom&#8221; size=&#8221;lg&#8221; align=&#8221;center&#8221; custom_color=&#8221;#8ebee2&#8243;][vc_column_text]<\/p>\n<h4 class=\"custom-title\" style=\"text-align: center;\">PR\/Markedsf\u00f8ring &amp; Mediakommunikasjonsomr\u00e5de<\/h4>\n<div class=\"inner\">\n<p style=\"text-align: center;\">Kataloger<br \/>\nBrosjyrer<br \/>\nPresseutgivelser<br \/>\nMarkedsunders\u00f8kelser<br \/>\nArtikler<br \/>\nFirmaklipp<br \/>\nKonferansemateriale<br \/>\nSalgskraft &amp; Markedspresentasjoner<br \/>\nKonferansemateriale<br \/>\nMediapresseutstyr<\/p>\n<\/div>\n<p>[\/vc_column_text][\/vc_column][vc_column width=&#8221;1\/2&#8243;][vc_icon icon_fontawesome=&#8221;fa fa-briefcase&#8221; color=&#8221;custom&#8221; size=&#8221;lg&#8221; align=&#8221;center&#8221; custom_color=&#8221;#2c5a85&#8243;][vc_column_text]<\/p>\n<h4 class=\"custom-title\" style=\"text-align: center;\">Industriell &amp; Teknisk omr\u00e5de<\/h4>\n<div class=\"inner\">\n<p style=\"text-align: center;\">Produksjonsprosedyrer<br \/>\nBrukermanualer<br \/>\nReklamebrosjyrer<br \/>\nTeknisk beskrivelse<br \/>\nStandarder<br \/>\nISO Sertifiseringsprosedyre<br \/>\nSpesifikasjoner<br \/>\nKataloger<br \/>\nBl\u00e5kopi<br \/>\nIntern kommunikasjon<br \/>\nForretningsmessige nyhetsbrev<\/p>\n<\/div>\n<p>[\/vc_column_text][\/vc_column][\/vc_row][vc_row rowtype=&#8221;fullw&#8221;][vc_column][vc_empty_space][vc_column_text]<\/p>\n<h3><span style=\"color: #2c5a85;\">NordicTrans har de n\u00f8dvendige ressursene og arbeidskraften for \u00e5 gi oversettelsestjenester I omtrent alle felt. Vi har spesialiserte oversettere som er fullt i stand til \u00e5 foreta medisinske oversettelser, tekniske oversettelser, juridiske og forretningsmessige oversettelser for dokumenter og nettsteder.<\/span><\/h3>\n<p>[\/vc_column_text][vc_empty_space][vc_row_inner][vc_column_inner][vc_empty_space][vc_custom_heading text=&#8221;V\u00e5re oversettelsesomr\u00e5der&#8221; font_container=&#8221;tag:h2|text_align:center|color:%23666666&#8243; google_fonts=&#8221;font_family:Roboto%20Slab%3A100%2C300%2Cregular%2C700|font_style:400%20regular%3A400%3Anormal&#8221;][vc_empty_space][vc_column_text]<\/p>\n<p style=\"text-align: center;\">Det er en veldig god grunn for deg og din virksomhet \u00e5 vurdere fordelene ved \u00e5 bruke de beste forretningsoversettelsestjenestene som eksisterer p\u00e5 markedet i dag. Det er fornuftig for deg \u00e5 vurdere dette, spesielt n\u00e5r du er ute etter juridiske oversettelser. Den slags dokumenter som du skal bruke i l\u00f8pet av slike forretningstransaksjoner krever normalt den h\u00f8yeste grad av skj\u00f8nn. Som en konsekvens av dette m\u00e5 du f\u00e5 dine juridiske oversettelsesbehov dekket av fagfolk som det laget som vi har.<\/p>\n<p style=\"text-align: center;\">Fra det \u00f8yeblikket vi begynner \u00e5 jobbe med deg med tekniske oversettelser, vil du komme til \u00e5 sette pris p\u00e5 det arbeidet vi gj\u00f8r. N\u00e5r det kommer til denne virksomhetsoversettelser er det ikke noe som er for teknisk for v\u00e5re medarbeidere \u00e5 h\u00e5ndtere. Vi er i stand til \u00e5 gi tekniske oversettelsestjenester for deg i l\u00f8pet av sv\u00e6rt kort tid, slik at du kan komme tilbake til virksomheten og gj\u00f8re det du vanligvis gj\u00f8r med letthet.<\/p>\n<p style=\"text-align: center;\">Siden vi begynte \u00e5 tilby v\u00e5re oversettelsestjenester, har v\u00e5r rekkevidde v\u00e6rt utbredt over hele regionen. Faktum er at du n\u00e5 ogs\u00e5 kan f\u00e5 medisinske oversettelser fra oss, slik at alle dine medisinske dokumenter er lettere \u00e5 forst\u00e5. Du kan forestille deg en situasjon der du flytter til et nytt land, men der ingen kan forst\u00e5 den informasjonen som finnes p\u00e5 dine medisinske papirer. Dette er \u00e5rsaken til at vi vil hjelpe deg med medisinsk oversettelse til de mest intrikate dialekter s\u00e5 langt, slik at du er i stand til \u00e5 f\u00e5 ikke noe annet enn de beste tjenestene basert p\u00e5 det samme.<\/p>\n<p style=\"text-align: center;\"><strong>Vi tilbyr kvalitetsbaserte oversettelser til rimelige priser for alle oversettelsesfeltene over.<\/strong> Hvis du er ute etter noe som ikke er p\u00e5 listen, ta kontakt med oss, det er en stor sjanse for at vi kan gi det til deg!<\/p>\n<p>[\/vc_column_text][vc_empty_space height=&#8221;50px&#8221;][\/vc_column_inner][\/vc_row_inner][\/vc_column][\/vc_row][vc_row type=&#8221;3&#8243; margin_bottom=&#8221;0px&#8221; full_width_row=&#8221;true&#8221; rowtype=&#8221;fullw&#8221; textalign=&#8221;center&#8221; padding=&#8221;30px 0px&#8221; css=&#8221;.vc_custom_1479126782840{margin-bottom: 0px !important;padding-top: 30px !important;padding-right: 0px !important;padding-bottom: 30px !important;padding-left: 0px !important;background-color: #ccffcc !important;}&#8221; el_class=&#8221;live-contact-btn-wrap&#8221;][vc_column][vc_cta h2=&#8221;Er du klar? La oss komme i gang: &#8221; txt_align=&#8221;center&#8221; add_button=&#8221;right&#8221; btn_title=&#8221;LEVENDE KONTAKT&#8221; btn_style=&#8221;custom&#8221; btn_custom_background=&#8221;#ffffff&#8221; btn_custom_text=&#8221;#2a4a8f&#8221; btn_shape=&#8221;round&#8221; btn_align=&#8221;center&#8221; btn_button_block=&#8221;true&#8221; btn_custom_onclick=&#8221;true&#8221; btn_smooth_scroll=&#8221;true&#8221; btn_link=&#8221;url:https%3A%2F%2Fwww.nordictrans.com%2Fchat-popup%2F|||&#8221; el_class=&#8221;live-contact-btn&#8221;][\/vc_cta][\/vc_column][\/vc_row]<\/p>\n<\/div>","protected":false},"excerpt":{"rendered":"<p>[vc_row][vc_column][\/vc_column][\/vc_row][vc_row][vc_column][vc_raw_html]JTNDZGl2JTIwaWQlM0QlMjJzZWNvbmRfYnJlZCUyMiUyMGNsYXNzJTNEJTIyd2YtdGQlMjIlM0UlM0MlMkZkaXYlM0U=[\/vc_raw_html][\/vc_column][\/vc_row][vc_row rowtype=&#8221;fullw&#8221; textalign=&#8221;center&#8221; padding=&#8221;50px&#8221;][vc_column][vc_empty_space height=&#8221;50px&#8221;][vc_column_text] Industrifokus [\/vc_column_text][vc_empty_space][vc_separator][vc_empty_space][vc_column_text] NordicTrans har kompetanse til \u00e5 kunne tilby oversettelse fra f\u00f8lgende industrier: [\/vc_column_text][vc_empty_space][\/vc_column][\/vc_row][vc_row][vc_column][vc_empty_space][vc_row_inner][vc_column_inner width=&#8221;1\/3&#8243;][vc_single_image image=&#8221;10149&#8243; img_size=&#8221;full&#8221; alignment=&#8221;center&#8221;][vc_column_text] PR Markedsf\u00f8ring [\/vc_column_text][\/vc_column_inner][vc_column_inner width=&#8221;1\/3&#8243;][vc_single_image image=&#8221;10157&#8243; img_size=&#8221;full&#8221; alignment=&#8221;center&#8221;][vc_column_text] Mediekommunikasjon [\/vc_column_text][\/vc_column_inner][vc_column_inner width=&#8221;1\/3&#8243;][vc_single_image image=&#8221;3577&#8243; img_size=&#8221;full&#8221; alignment=&#8221;center&#8221;][vc_column_text] Lokalisering av websider [\/vc_column_text][\/vc_column_inner][\/vc_row_inner][vc_empty_space][vc_row_inner][vc_column_inner width=&#8221;1\/3&#8243;][vc_single_image image=&#8221;10165&#8243; img_size=&#8221;full&#8221; alignment=&#8221;center&#8221;][vc_column_text] Juridiske oversettelser [\/vc_column_text][\/vc_column_inner][vc_column_inner width=&#8221;1\/3&#8243;][vc_single_image image=&#8221;10181&#8243; img_size=&#8221;full&#8221; alignment=&#8221;center&#8221;][vc_column_text] E-handel oversettelser [\/vc_column_text][\/vc_column_inner][vc_column_inner width=&#8221;1\/3&#8243;][vc_single_image&hellip;<\/p>\n","protected":false},"author":1,"featured_media":33303,"parent":0,"menu_order":0,"comment_status":"closed","ping_status":"closed","template":"","meta":{"_acf_changed":false,"footnotes":""},"class_list":["post-11087","page","type-page","status-publish","has-post-thumbnail","hentry","description-off"],"acf":[],"yoast_head":"<!-- This site is optimized with the Yoast SEO Premium plugin v26.5 (Yoast SEO v26.5) - https:\/\/yoast.com\/wordpress\/plugins\/seo\/ -->\n<title>Industrifokus - Bransjefokus - spesialfelt innen oversetting<\/title>\n<meta name=\"description\" content=\"Industrifokus: NordicTrans spesialiserer seg p\u00e5 dokumentoversettelser fra engelsk til dansk, nederlandsk, svensk, finsk, norsk og tysk.\" \/>\n<meta name=\"robots\" content=\"index, follow, max-snippet:-1, max-image-preview:large, max-video-preview:-1\" \/>\n<link rel=\"canonical\" href=\"https:\/\/www.nordictrans.com\/nb\/industrifokus\/\" \/>\n<meta property=\"og:locale\" content=\"nb_NO\" \/>\n<meta property=\"og:type\" content=\"article\" \/>\n<meta property=\"og:title\" content=\"Industrifokus\" \/>\n<meta property=\"og:description\" content=\"NordicTrans works in the following specialized translation fields: medical, technical, legal and business and can translate from and into over 120 languages\" \/>\n<meta property=\"og:url\" content=\"https:\/\/www.nordictrans.com\/nb\/industrifokus\/\" \/>\n<meta property=\"og:site_name\" content=\"Nordictrans.com\" \/>\n<meta property=\"article:publisher\" content=\"https:\/\/www.facebook.com\/NordicTrans\" \/>\n<meta property=\"article:modified_time\" content=\"2018-02-08T14:24:34+00:00\" \/>\n<meta property=\"og:image\" content=\"https:\/\/www.nordictrans.com\/wp-content\/uploads\/2018\/05\/specialized-translation-fields.png\" \/>\n\t<meta property=\"og:image:width\" content=\"1903\" \/>\n\t<meta property=\"og:image:height\" content=\"670\" \/>\n\t<meta property=\"og:image:type\" content=\"image\/png\" \/>\n<meta name=\"twitter:card\" content=\"summary_large_image\" \/>\n<meta name=\"twitter:description\" content=\"JTNDZGl2JTIwaWQlM0QlMjJzZWNvbmRfYnJlZCUyMiUyMGNsYXNzJTNEJTIyd2YtdGQlMjIlM0UlM0MlMkZkaXYlM0U= Industrifokus NordicTrans har kompetanse til \u00e5 kunne tilby\" \/>\n<meta name=\"twitter:site\" content=\"@NordicTrans\" \/>\n<meta name=\"twitter:label1\" content=\"Ansl. lesetid\" \/>\n\t<meta name=\"twitter:data1\" content=\"6 minutter\" \/>\n<!-- \/ Yoast SEO Premium plugin. -->","yoast_head_json":{"title":"Industrifokus - Bransjefokus - spesialfelt innen oversetting","description":"Industrifokus: NordicTrans spesialiserer seg p\u00e5 dokumentoversettelser fra engelsk til dansk, nederlandsk, svensk, finsk, norsk og tysk.","robots":{"index":"index","follow":"follow","max-snippet":"max-snippet:-1","max-image-preview":"max-image-preview:large","max-video-preview":"max-video-preview:-1"},"canonical":"https:\/\/www.nordictrans.com\/nb\/industrifokus\/","og_locale":"nb_NO","og_type":"article","og_title":"Industrifokus","og_description":"NordicTrans works in the following specialized translation fields: medical, technical, legal and business and can translate from and into over 120 languages","og_url":"https:\/\/www.nordictrans.com\/nb\/industrifokus\/","og_site_name":"Nordictrans.com","article_publisher":"https:\/\/www.facebook.com\/NordicTrans","article_modified_time":"2018-02-08T14:24:34+00:00","og_image":[{"width":1903,"height":670,"url":"https:\/\/www.nordictrans.com\/wp-content\/uploads\/2018\/05\/specialized-translation-fields.png","type":"image\/png"}],"twitter_card":"summary_large_image","twitter_description":"JTNDZGl2JTIwaWQlM0QlMjJzZWNvbmRfYnJlZCUyMiUyMGNsYXNzJTNEJTIyd2YtdGQlMjIlM0UlM0MlMkZkaXYlM0U= Industrifokus NordicTrans har kompetanse til \u00e5 kunne tilby","twitter_site":"@NordicTrans","twitter_misc":{"Ansl. lesetid":"6 minutter"},"schema":{"@context":"https:\/\/schema.org","@graph":[{"@type":"WebPage","@id":"https:\/\/www.nordictrans.com\/nb\/industrifokus\/","url":"https:\/\/www.nordictrans.com\/nb\/industrifokus\/","name":"Industrifokus - Bransjefokus - spesialfelt innen oversetting","isPartOf":{"@id":"https:\/\/www.nordictrans.com\/nb\/#website"},"primaryImageOfPage":{"@id":"https:\/\/www.nordictrans.com\/nb\/industrifokus\/#primaryimage"},"image":{"@id":"https:\/\/www.nordictrans.com\/nb\/industrifokus\/#primaryimage"},"thumbnailUrl":"https:\/\/www.nordictrans.com\/wp-content\/uploads\/2018\/05\/specialized-translation-fields.png","datePublished":"2011-09-15T03:42:21+00:00","dateModified":"2018-02-08T14:24:34+00:00","description":"Industrifokus: NordicTrans spesialiserer seg p\u00e5 dokumentoversettelser fra engelsk til dansk, nederlandsk, svensk, finsk, norsk og tysk.","breadcrumb":{"@id":"https:\/\/www.nordictrans.com\/nb\/industrifokus\/#breadcrumb"},"inLanguage":"nb-NO","potentialAction":[{"@type":"ReadAction","target":["https:\/\/www.nordictrans.com\/nb\/industrifokus\/"]}]},{"@type":"ImageObject","inLanguage":"nb-NO","@id":"https:\/\/www.nordictrans.com\/nb\/industrifokus\/#primaryimage","url":"https:\/\/www.nordictrans.com\/wp-content\/uploads\/2018\/05\/specialized-translation-fields.png","contentUrl":"https:\/\/www.nordictrans.com\/wp-content\/uploads\/2018\/05\/specialized-translation-fields.png","width":1903,"height":670,"caption":"specialized translation fields"},{"@type":"BreadcrumbList","@id":"https:\/\/www.nordictrans.com\/nb\/industrifokus\/#breadcrumb","itemListElement":[{"@type":"ListItem","position":1,"name":"Home","item":"https:\/\/www.nordictrans.com\/nb\/"},{"@type":"ListItem","position":2,"name":"Industrifokus"}]},{"@type":"WebSite","@id":"https:\/\/www.nordictrans.com\/nb\/#website","url":"https:\/\/www.nordictrans.com\/nb\/","name":"Nordictrans.com","description":"Translation Agency specialized in Nordic Languages","publisher":{"@id":"https:\/\/www.nordictrans.com\/nb\/#organization"},"potentialAction":[{"@type":"SearchAction","target":{"@type":"EntryPoint","urlTemplate":"https:\/\/www.nordictrans.com\/nb\/?s={search_term_string}"},"query-input":{"@type":"PropertyValueSpecification","valueRequired":true,"valueName":"search_term_string"}}],"inLanguage":"nb-NO"},{"@type":"Organization","@id":"https:\/\/www.nordictrans.com\/nb\/#organization","name":"NordicTrans","url":"https:\/\/www.nordictrans.com\/nb\/","logo":{"@type":"ImageObject","inLanguage":"nb-NO","@id":"https:\/\/www.nordictrans.com\/nb\/#\/schema\/logo\/image\/","url":"https:\/\/www.nordictrans.com\/wp-content\/uploads\/2015\/02\/logoNT.png","contentUrl":"https:\/\/www.nordictrans.com\/wp-content\/uploads\/2015\/02\/logoNT.png","width":272,"height":92,"caption":"NordicTrans"},"image":{"@id":"https:\/\/www.nordictrans.com\/nb\/#\/schema\/logo\/image\/"},"sameAs":["https:\/\/www.facebook.com\/NordicTrans","https:\/\/x.com\/NordicTrans","https:\/\/www.instagram.com\/NordictransUS","https:\/\/www.linkedin.com\/company\/nordictrans","https:\/\/www.pinterest.com\/nordictrans01","https:\/\/www.youtube.com\/c\/nordictrans"]}]}},"_links":{"self":[{"href":"https:\/\/www.nordictrans.com\/nb\/wp-json\/wp\/v2\/pages\/11087","targetHints":{"allow":["GET"]}}],"collection":[{"href":"https:\/\/www.nordictrans.com\/nb\/wp-json\/wp\/v2\/pages"}],"about":[{"href":"https:\/\/www.nordictrans.com\/nb\/wp-json\/wp\/v2\/types\/page"}],"author":[{"embeddable":true,"href":"https:\/\/www.nordictrans.com\/nb\/wp-json\/wp\/v2\/users\/1"}],"replies":[{"embeddable":true,"href":"https:\/\/www.nordictrans.com\/nb\/wp-json\/wp\/v2\/comments?post=11087"}],"version-history":[{"count":5,"href":"https:\/\/www.nordictrans.com\/nb\/wp-json\/wp\/v2\/pages\/11087\/revisions"}],"predecessor-version":[{"id":27643,"href":"https:\/\/www.nordictrans.com\/nb\/wp-json\/wp\/v2\/pages\/11087\/revisions\/27643"}],"wp:featuredmedia":[{"embeddable":true,"href":"https:\/\/www.nordictrans.com\/nb\/wp-json\/wp\/v2\/media\/33303"}],"wp:attachment":[{"href":"https:\/\/www.nordictrans.com\/nb\/wp-json\/wp\/v2\/media?parent=11087"}],"curies":[{"name":"wp","href":"https:\/\/api.w.org\/{rel}","templated":true}]}}