{"id":11642,"date":"2011-09-15T03:40:21","date_gmt":"2011-09-15T03:40:21","guid":{"rendered":"http:\/\/dev.nordictrans.com\/contact\/"},"modified":"2023-11-15T10:01:16","modified_gmt":"2023-11-15T10:01:16","slug":"contact-3","status":"publish","type":"page","link":"https:\/\/www.nordictrans.com\/fr\/contact-3\/","title":{"rendered":"Contactez-nous"},"content":{"rendered":"<div class=\"wpb-content-wrapper\"><p>[vc_row rowtype=&#8221;fullwnc&#8221;][vc_column]\n\t\t\t<!-- START Contact Us REVOLUTION SLIDER 6.6.16 --><p class=\"rs-p-wp-fix\"><\/p>\n\t\t\t<rs-module-wrap id=\"rev_slider_33_1_wrapper\" data-source=\"gallery\" style=\"visibility:hidden;background:transparent;padding:0;margin:0px auto;margin-top:0;margin-bottom:0;\">\n\t\t\t\t<rs-module id=\"rev_slider_33_1\" style=\"\" data-version=\"6.6.16\">\n\t\t\t\t\t<rs-slides style=\"overflow: hidden; position: absolute;\">\n\t\t\t\t\t\t<rs-slide style=\"position: absolute;\" data-key=\"rs-37\" data-title=\"Slide\" data-anim=\"adpr:false;\" data-in=\"o:0;\" data-out=\"a:false;\">\n\t\t\t\t\t\t\t<img decoding=\"async\" src=\"\/\/www.nordictrans.com\/wp-content\/plugins\/revslider\/public\/assets\/assets\/dummy.png\" alt=\"\" title=\"Contactez-nous\" class=\"rev-slidebg tp-rs-img rs-lazyload\" data-lazyload=\"\/\/www.nordictrans.com\/wp-content\/uploads\/2018\/06\/translation-company-in-uk-and-us.png\" data-parallax=\"15\" data-no-retina>\n<!--\n\t\t\t\t\t\t\t--><rs-layer\n\t\t\t\t\t\t\t\tid=\"slider-33-slide-37-layer-0\" \n\t\t\t\t\t\t\t\tdata-type=\"text\"\n\t\t\t\t\t\t\t\tdata-color=\"#fff\"\n\t\t\t\t\t\t\t\tdata-rsp_ch=\"on\"\n\t\t\t\t\t\t\t\tdata-xy=\"xo:394px,325px,246px,151px;yo:229px,189px,143px,88px;\"\n\t\t\t\t\t\t\t\tdata-text=\"w:normal;s:40,33,25,15;l:50,41,31,19;fw:900;\"\n\t\t\t\t\t\t\t\tdata-dim=\"minh:0px,none,none,none;\"\n\t\t\t\t\t\t\t\tdata-frame_999=\"o:0;st:w;\"\n\t\t\t\t\t\t\t\tstyle=\"z-index:5;font-family:'Roboto';text-transform:uppercase;\"\n\t\t\t\t\t\t\t>CONTACT US \n\t\t\t\t\t\t\t<\/rs-layer><!--\n-->\t\t\t\t\t\t<\/rs-slide>\n\t\t\t\t\t<\/rs-slides>\n\t\t\t\t<\/rs-module>\n\t\t\t\t<script>\n\t\t\t\t\tsetREVStartSize({c: 'rev_slider_33_1',rl:[1240,1024,778,480],el:[655,600,500,400],gw:[1240,1024,778,480],gh:[655,600,500,400],type:'hero',justify:'',layout:'fullwidth',mh:\"0\"});if (window.RS_MODULES!==undefined && window.RS_MODULES.modules!==undefined && window.RS_MODULES.modules[\"revslider331\"]!==undefined) {window.RS_MODULES.modules[\"revslider331\"].once = false;window.revapi33 = undefined;if (window.RS_MODULES.checkMinimal!==undefined) window.RS_MODULES.checkMinimal()}\n\t\t\t\t<\/script>\n\t\t\t<\/rs-module-wrap>\n\t\t\t<!-- END REVOLUTION SLIDER -->\n[\/vc_column][\/vc_row][vc_row rowtype=&#8221;fullwnc&#8221;][vc_column][vc_raw_html]JTNDZGl2JTIwaWQlM0QlMjJzZWNvbmRfYnJlZCUyMiUyMGNsYXNzJTNEJTIyd2YtdGQlMjIlM0UlM0MlMkZkaXYlM0U=[\/vc_raw_html][\/vc_column][\/vc_row][vc_row type=&#8221;vc_default&#8221; full_width=&#8221;stretch_row_content_no_spaces&#8221; content_placement=&#8221;top&#8221; full_width_row=&#8221;true&#8221; el_class=&#8221;google-map-wrap&#8221;][vc_column][vc_column_text el_class=&#8221;google-map&#8221;]<\/p>\n<p style=\"text-align: center;\"><div id=\"wpgmza_map\" class=\"wpgmza_map\" data-settings='{\"id\":\"1\",\"map_title\":\"Our Offices\",\"map_width\":\"100\",\"map_height\":\"400\",\"map_start_lat\":\"47.760735\",\"map_start_lng\":\"-50.869035\",\"map_start_location\":\"47.76073545358378,-50.869035193242475\",\"map_start_zoom\":\"3\",\"default_marker\":\"0\",\"type\":\"3\",\"alignment\":\"2\",\"directions_enabled\":\"1\",\"styling_enabled\":\"0\",\"styling_json\":\"\",\"active\":\"0\",\"kml\":\"\",\"bicycle\":\"0\",\"traffic\":\"0\",\"dbox\":\"1\",\"dbox_width\":\"250\",\"listmarkers\":\"0\",\"listmarkers_advanced\":\"0\",\"filterbycat\":\"0\",\"ugm_enabled\":\"0\",\"ugm_category_enabled\":\"0\",\"fusion\":\"\",\"map_width_type\":\"\\\\%\",\"map_height_type\":\"px\",\"mass_marker_support\":\"1\",\"ugm_access\":\"0\",\"order_markers_by\":\"1\",\"order_markers_choice\":\"2\",\"show_user_location\":\"0\",\"default_to\":\"\",\"other_settings\":{\"store_locator_enabled\":2,\"store_locator_distance\":2,\"store_locator_default_radius\":\"10\",\"store_locator_not_found_message\":\"No results found in this location. Please try again.\",\"store_locator_bounce\":1,\"store_locator_query_string\":\"ZIP \\\/ Address:\",\"store_locator_default_address\":\"\",\"wpgmza_store_locator_restrict\":\"\",\"store_locator_style\":\"legacy\",\"wpgmza_store_locator_radius_style\":\"legacy\",\"map_max_zoom\":\"1\",\"transport_layer\":0,\"wpgmza_show_points_of_interest\":0,\"bicycle\":\"0\",\"traffic\":\"0\"}}' data-map-id='1' Data-maps-engine='google-maps' data-shortcode-attributes='{\"id\":\"1\"}' style=\"display:block; overflow:auto; width:100%; height:400px; float:left;\"><\/div>\n<p>[\/vc_column_text][\/vc_column][\/vc_row][vc_row margin_bottom=&#8221;0px&#8221; rowtype=&#8221;fullw&#8221;][vc_column width=&#8221;2\/3&#8243; animation=&#8221;fadeInLeft&#8221; enable_animation=&#8221;true&#8221;][vc_empty_space height=&#8221;50&#8243;][vc_column_text]<\/p>\n<h1>Contactez-nous<\/h1>\n<p><span id=\"result_box\" class=\"\" lang=\"fr\"><span class=\"\">Contactez-nous en utilisant le formulaire ci-dessous ou par chat en direct pour obtenir un devis en ligne ou pour question sur nos services de traduction.<\/span><\/span><\/p>\n<p><p class=\"wpcf7-contact-form-not-found\"><strong>Erreur\u00a0:<\/strong> Formulaire de contact non trouv\u00e9\u00a0!<\/p>[\/vc_column_text][\/vc_column][vc_column width=&#8221;1\/3&#8243;][vc_empty_space height=&#8221;50&#8243;][vc_column_text css_animation=&#8221;left-to-right&#8221;]<\/p>\n<h3>Appelez-nous ! Nous serons heureux de vous aider.<\/h3>\n<p><img decoding=\"async\" class=\"aligncenter wp-image-3216 \" src=\"https:\/\/www.nordictrans.com\/wp-content\/uploads\/2011\/09\/foto_modelo1-3.png\" alt=\"Soci\u00e9t\u00e9 de traduction au Royaume-Uni et aux \u00c9tats-Unis\" width=\"296\" height=\"244\" srcset=\"https:\/\/www.nordictrans.com\/wp-content\/uploads\/2011\/09\/foto_modelo1-3.png 400w, https:\/\/www.nordictrans.com\/wp-content\/uploads\/2011\/09\/foto_modelo1-3-300x248.png 300w, https:\/\/www.nordictrans.com\/wp-content\/uploads\/2011\/09\/foto_modelo1-3-250x206.png 250w, https:\/\/www.nordictrans.com\/wp-content\/uploads\/2011\/09\/foto_modelo1-3-364x300.png 364w\" sizes=\"(max-width: 296px) 100vw, 296px\" \/>[\/vc_column_text][vc_row_inner][vc_column_inner width=&#8221;1\/2&#8243;][vc_column_text]<span style=\"color: #2c5a85;\"><strong>USA Office:<\/strong><\/span><\/p>\n<p><span style=\"color: #2c5a85;\">2332 Galiano Street<br \/>\n2nd Floor<br \/>\nCoral Gables, FL<br \/>\n33134<\/span><\/p>\n<p><span style=\"color: #2c5a85;\"><strong>Phone<\/strong><br \/>\n+1-786-539-4774<br \/>\n<\/span>[\/vc_column_text][\/vc_column_inner][vc_column_inner width=&#8221;1\/2&#8243;][vc_column_text]<span style=\"color: #2c5a85;\"><strong>UK Office:<\/strong><\/span><br \/>\n<span style=\"color: #2c5a85;\"> 4200 Waterside Centre<\/span><br \/>\n<span style=\"color: #2c5a85;\"> Solihull Parkway<\/span><br \/>\n<span style=\"color: #2c5a85;\"> Birmingham<\/span><br \/>\n<span style=\"color: #2c5a85;\"> B37 7YN<\/span><\/p>\n<p><span style=\"color: #2c5a85;\"><strong>Phone<\/strong><\/span><br \/>\n<span style=\"color: #2c5a85;\">+44-121-31-482-53<\/span><\/p>\n<p>[\/vc_column_text][\/vc_column_inner][\/vc_row_inner][vc_column_text]<\/p>\n<p style=\"text-align: center;\"><span style=\"color: #2c5a85;\"><strong>Email:<\/strong><\/span><br \/>\n<span style=\"color: #2c5a85;\"> info@nordictrans.com<strong><br \/>\n<\/strong><\/span><\/p>\n<p>[\/vc_column_text][\/vc_column][\/vc_row][vc_row margin_bottom=&#8221;0px&#8221; rowtype=&#8221;fullwnc&#8221;][vc_column][vc_empty_space height=&#8221;50px&#8221;][vc_separator][vc_empty_space height=&#8221;50px&#8221;][\/vc_column][\/vc_row][vc_row][vc_column][vc_column_text]<\/p>\n<h2 style=\"text-align: center;\"><span style=\"color: #2c5a85;\">Soci\u00e9t\u00e9 de traduction au Royaume-Uni et aux \u00c9tats-Unis<\/span><\/h2>\n<p><span id=\"result_box\" class=\"\" lang=\"fr\">Nordictrans est une soci\u00e9t\u00e9 de traduction au Royaume-Uni et aux \u00c9tats-Unis sp\u00e9cialis\u00e9e dans les langues nordiques. Nos traducteurs professionnels et internes sont qualifi\u00e9s pour traduire tout type de document en Danois, N\u00e9erlandais, Su\u00e9dois, Finnois, Norv\u00e9gien, Islandais, Allemand, mais aussi dans et dans plus de 80 langues.<\/span><\/p>\n<p>Nous avons r\u00e9cemment ouvert un autre bureau aux \u00c9tats-Unis et nous pouvons \u00e9galement fournir une traduction certifi\u00e9e pour l&#8217;immigration aux \u00c9tats-Unis.<\/p>\n<p><span class=\"\">Notre personnel travaille dans trois quarts de travail afin de pouvoir r\u00e9pondre rapidement \u00e0 toute demande de traduction que vous pourriez avoir.<\/span> <span class=\"\">N&#8217;h\u00e9sitez pas \u00e0 <a href=\"https:\/\/www.nordictrans.com\/chat-popup\/\" target=\"_blank\" rel=\"noopener noreferrer\">parler en direct<\/a> \u00e0 tout moment pour un devis de traduction gratuit, vous recevrez le prix de votre traduction en quelques minutes!<\/span>[\/vc_column_text][vc_empty_space height=&#8221;50px&#8221;][\/vc_column][\/vc_row][vc_row type=&#8221;3&#8243; margin_bottom=&#8221;0px&#8221; full_width_row=&#8221;true&#8221; bg_cover=&#8221;true&#8221; rowtype=&#8221;fullw&#8221; textalign=&#8221;center&#8221; padding=&#8221;30px 0px&#8221; css=&#8221;.vc_custom_1479355059316{margin-bottom: 0px !important;padding-top: 30px !important;padding-right: 0px !important;padding-bottom: 30px !important;padding-left: 0px !important;}&#8221; el_class=&#8221;live-contact-btn-wrap&#8221;][vc_column][vc_cta h2=&#8221;&#8221; txt_align=&#8221;center&#8221; add_button=&#8221;right&#8221; btn_title=&#8221;CLIQUEZ ICI!&#8221; btn_style=&#8221;custom&#8221; btn_custom_background=&#8221;#ffffff&#8221; btn_custom_text=&#8221;#2a4a8f&#8221; btn_shape=&#8221;round&#8221; btn_align=&#8221;center&#8221; btn_button_block=&#8221;true&#8221; btn_link=&#8221;url:https%3A%2F%2Fwww.nordictrans.com%2Fchat-popup%2F|||&#8221; el_class=&#8221;live-contact-btn&#8221;]<\/p>\n<h3 style=\"font-size: 28px; line-height: 40px;\">\u00cates-vous pr\u00eat? Commen\u00e7ons:<\/h3>\n<p>[\/vc_cta][\/vc_column][\/vc_row]<\/p>\n<\/div>","protected":false},"excerpt":{"rendered":"<p>[vc_row rowtype=&#8221;fullwnc&#8221;][vc_column][\/vc_column][\/vc_row][vc_row rowtype=&#8221;fullwnc&#8221;][vc_column][vc_raw_html]JTNDZGl2JTIwaWQlM0QlMjJzZWNvbmRfYnJlZCUyMiUyMGNsYXNzJTNEJTIyd2YtdGQlMjIlM0UlM0MlMkZkaXYlM0U=[\/vc_raw_html][\/vc_column][\/vc_row][vc_row type=&#8221;vc_default&#8221; full_width=&#8221;stretch_row_content_no_spaces&#8221; content_placement=&#8221;top&#8221; full_width_row=&#8221;true&#8221; el_class=&#8221;google-map-wrap&#8221;][vc_column][vc_column_text el_class=&#8221;google-map&#8221;] [\/vc_column_text][\/vc_column][\/vc_row][vc_row margin_bottom=&#8221;0px&#8221; rowtype=&#8221;fullw&#8221;][vc_column width=&#8221;2\/3&#8243; animation=&#8221;fadeInLeft&#8221; enable_animation=&#8221;true&#8221;][vc_empty_space height=&#8221;50&#8243;][vc_column_text] Contactez-nous Contactez-nous en utilisant le formulaire ci-dessous ou par chat en direct pour obtenir un devis en ligne ou pour question sur nos services de traduction. [\/vc_column_text][\/vc_column][vc_column width=&#8221;1\/3&#8243;][vc_empty_space height=&#8221;50&#8243;][vc_column_text css_animation=&#8221;left-to-right&#8221;] Appelez-nous ! Nous serons heureux de vous aider. [\/vc_column_text][vc_row_inner][vc_column_inner&hellip;<\/p>\n","protected":false},"author":1,"featured_media":0,"parent":0,"menu_order":0,"comment_status":"closed","ping_status":"closed","template":"","meta":{"_acf_changed":false,"footnotes":""},"class_list":["post-11642","page","type-page","status-publish","hentry","description-off"],"acf":[],"yoast_head":"<!-- This site is optimized with the Yoast SEO Premium plugin v26.5 (Yoast SEO v26.5) - https:\/\/yoast.com\/wordpress\/plugins\/seo\/ -->\n<title>Soci\u00e9t\u00e9 de traduction au Royaume-Uni: Services Expert<\/title>\n<meta name=\"description\" content=\"NordicTrans est une soci\u00e9t\u00e9 de traduction au Royaume-Uni et aux \u00c9tats-Unis qui fournit des traductions de qualit\u00e9 \u00e0 des taux bas.\" \/>\n<meta name=\"robots\" content=\"index, follow, max-snippet:-1, max-image-preview:large, max-video-preview:-1\" \/>\n<link rel=\"canonical\" href=\"https:\/\/www.nordictrans.com\/fr\/contact-3\/\" \/>\n<meta property=\"og:locale\" content=\"fr_FR\" \/>\n<meta property=\"og:type\" content=\"article\" \/>\n<meta property=\"og:title\" content=\"Contactez-nous\" \/>\n<meta property=\"og:description\" content=\"NordicTrans is a leading UK and US translation company which provides accurate translation services for business ad for immigration at affordable rates.\" \/>\n<meta property=\"og:url\" content=\"https:\/\/www.nordictrans.com\/fr\/contact-3\/\" \/>\n<meta property=\"og:site_name\" content=\"Nordictrans.com\" \/>\n<meta property=\"article:publisher\" content=\"https:\/\/www.facebook.com\/NordicTrans\" \/>\n<meta property=\"article:modified_time\" content=\"2023-11-15T10:01:16+00:00\" \/>\n<meta property=\"og:image\" content=\"https:\/\/www.nordictrans.com\/wp-content\/uploads\/2011\/09\/foto_modelo1-3.png\" \/>\n<meta name=\"twitter:card\" content=\"summary_large_image\" \/>\n<meta name=\"twitter:description\" content=\"JTNDZGl2JTIwaWQlM0QlMjJzZWNvbmRfYnJlZCUyMiUyMGNsYXNzJTNEJTIyd2YtdGQlMjIlM0UlM0MlMkZkaXYlM0U= Contactez-nous Contactez-nous en utilisant le formulaire\" \/>\n<meta name=\"twitter:site\" content=\"@NordicTrans\" \/>\n<meta name=\"twitter:label1\" content=\"Dur\u00e9e de lecture estim\u00e9e\" \/>\n\t<meta name=\"twitter:data1\" content=\"2 minutes\" \/>\n<!-- \/ Yoast SEO Premium plugin. -->","yoast_head_json":{"title":"Soci\u00e9t\u00e9 de traduction au Royaume-Uni: Services Expert","description":"NordicTrans est une soci\u00e9t\u00e9 de traduction au Royaume-Uni et aux \u00c9tats-Unis qui fournit des traductions de qualit\u00e9 \u00e0 des taux bas.","robots":{"index":"index","follow":"follow","max-snippet":"max-snippet:-1","max-image-preview":"max-image-preview:large","max-video-preview":"max-video-preview:-1"},"canonical":"https:\/\/www.nordictrans.com\/fr\/contact-3\/","og_locale":"fr_FR","og_type":"article","og_title":"Contactez-nous","og_description":"NordicTrans is a leading UK and US translation company which provides accurate translation services for business ad for immigration at affordable rates.","og_url":"https:\/\/www.nordictrans.com\/fr\/contact-3\/","og_site_name":"Nordictrans.com","article_publisher":"https:\/\/www.facebook.com\/NordicTrans","article_modified_time":"2023-11-15T10:01:16+00:00","og_image":[{"url":"https:\/\/www.nordictrans.com\/wp-content\/uploads\/2011\/09\/foto_modelo1-3.png","type":"","width":"","height":""}],"twitter_card":"summary_large_image","twitter_description":"JTNDZGl2JTIwaWQlM0QlMjJzZWNvbmRfYnJlZCUyMiUyMGNsYXNzJTNEJTIyd2YtdGQlMjIlM0UlM0MlMkZkaXYlM0U= Contactez-nous Contactez-nous en utilisant le formulaire","twitter_site":"@NordicTrans","twitter_misc":{"Dur\u00e9e de lecture estim\u00e9e":"2 minutes"},"schema":{"@context":"https:\/\/schema.org","@graph":[{"@type":"WebPage","@id":"https:\/\/www.nordictrans.com\/fr\/contact-3\/","url":"https:\/\/www.nordictrans.com\/fr\/contact-3\/","name":"Soci\u00e9t\u00e9 de traduction au Royaume-Uni: Services Expert","isPartOf":{"@id":"https:\/\/www.nordictrans.com\/fr\/#website"},"primaryImageOfPage":{"@id":"https:\/\/www.nordictrans.com\/fr\/contact-3\/#primaryimage"},"image":{"@id":"https:\/\/www.nordictrans.com\/fr\/contact-3\/#primaryimage"},"thumbnailUrl":"https:\/\/www.nordictrans.com\/wp-content\/uploads\/2011\/09\/foto_modelo1-3.png","datePublished":"2011-09-15T03:40:21+00:00","dateModified":"2023-11-15T10:01:16+00:00","description":"NordicTrans est une soci\u00e9t\u00e9 de traduction au Royaume-Uni et aux \u00c9tats-Unis qui fournit des traductions de qualit\u00e9 \u00e0 des taux bas.","breadcrumb":{"@id":"https:\/\/www.nordictrans.com\/fr\/contact-3\/#breadcrumb"},"inLanguage":"fr-FR","potentialAction":[{"@type":"ReadAction","target":["https:\/\/www.nordictrans.com\/fr\/contact-3\/"]}]},{"@type":"ImageObject","inLanguage":"fr-FR","@id":"https:\/\/www.nordictrans.com\/fr\/contact-3\/#primaryimage","url":"https:\/\/www.nordictrans.com\/wp-content\/uploads\/2011\/09\/foto_modelo1-3.png","contentUrl":"https:\/\/www.nordictrans.com\/wp-content\/uploads\/2011\/09\/foto_modelo1-3.png"},{"@type":"BreadcrumbList","@id":"https:\/\/www.nordictrans.com\/fr\/contact-3\/#breadcrumb","itemListElement":[{"@type":"ListItem","position":1,"name":"Home","item":"https:\/\/www.nordictrans.com\/fr\/"},{"@type":"ListItem","position":2,"name":"Contactez-nous"}]},{"@type":"WebSite","@id":"https:\/\/www.nordictrans.com\/fr\/#website","url":"https:\/\/www.nordictrans.com\/fr\/","name":"Nordictrans.com","description":"Translation Agency specialized in Nordic Languages","publisher":{"@id":"https:\/\/www.nordictrans.com\/fr\/#organization"},"potentialAction":[{"@type":"SearchAction","target":{"@type":"EntryPoint","urlTemplate":"https:\/\/www.nordictrans.com\/fr\/?s={search_term_string}"},"query-input":{"@type":"PropertyValueSpecification","valueRequired":true,"valueName":"search_term_string"}}],"inLanguage":"fr-FR"},{"@type":"Organization","@id":"https:\/\/www.nordictrans.com\/fr\/#organization","name":"NordicTrans","url":"https:\/\/www.nordictrans.com\/fr\/","logo":{"@type":"ImageObject","inLanguage":"fr-FR","@id":"https:\/\/www.nordictrans.com\/fr\/#\/schema\/logo\/image\/","url":"https:\/\/www.nordictrans.com\/wp-content\/uploads\/2015\/02\/logoNT.png","contentUrl":"https:\/\/www.nordictrans.com\/wp-content\/uploads\/2015\/02\/logoNT.png","width":272,"height":92,"caption":"NordicTrans"},"image":{"@id":"https:\/\/www.nordictrans.com\/fr\/#\/schema\/logo\/image\/"},"sameAs":["https:\/\/www.facebook.com\/NordicTrans","https:\/\/x.com\/NordicTrans","https:\/\/www.instagram.com\/NordictransUS","https:\/\/www.linkedin.com\/company\/nordictrans","https:\/\/www.pinterest.com\/nordictrans01","https:\/\/www.youtube.com\/c\/nordictrans"]}]}},"_links":{"self":[{"href":"https:\/\/www.nordictrans.com\/fr\/wp-json\/wp\/v2\/pages\/11642","targetHints":{"allow":["GET"]}}],"collection":[{"href":"https:\/\/www.nordictrans.com\/fr\/wp-json\/wp\/v2\/pages"}],"about":[{"href":"https:\/\/www.nordictrans.com\/fr\/wp-json\/wp\/v2\/types\/page"}],"author":[{"embeddable":true,"href":"https:\/\/www.nordictrans.com\/fr\/wp-json\/wp\/v2\/users\/1"}],"replies":[{"embeddable":true,"href":"https:\/\/www.nordictrans.com\/fr\/wp-json\/wp\/v2\/comments?post=11642"}],"version-history":[{"count":5,"href":"https:\/\/www.nordictrans.com\/fr\/wp-json\/wp\/v2\/pages\/11642\/revisions"}],"predecessor-version":[{"id":51310,"href":"https:\/\/www.nordictrans.com\/fr\/wp-json\/wp\/v2\/pages\/11642\/revisions\/51310"}],"wp:attachment":[{"href":"https:\/\/www.nordictrans.com\/fr\/wp-json\/wp\/v2\/media?parent=11642"}],"curies":[{"name":"wp","href":"https:\/\/api.w.org\/{rel}","templated":true}]}}