{"id":24914,"date":"2017-03-08T15:10:50","date_gmt":"2017-03-08T15:10:50","guid":{"rendered":"https:\/\/www.nordictrans.com\/?page_id=24914\/"},"modified":"2018-02-08T14:02:48","modified_gmt":"2018-02-08T14:02:48","slug":"liike-elaman-kaannospalvelut","status":"publish","type":"page","link":"https:\/\/www.nordictrans.com\/fi\/industrie\/liike-elaman-kaannospalvelut\/","title":{"rendered":"Liike-el\u00e4m\u00e4n K\u00e4\u00e4nn\u00f6spalvelut"},"content":{"rendered":"<div class=\"wpb-content-wrapper\"><p>[vc_row][vc_column]\n\t\t\t<!-- START Business Translation REVOLUTION SLIDER 6.6.16 --><p class=\"rs-p-wp-fix\"><\/p>\n\t\t\t<rs-module-wrap id=\"rev_slider_22_1_wrapper\" data-source=\"gallery\" style=\"visibility:hidden;background:transparent;padding:0;margin:0px auto;margin-top:0;margin-bottom:0;\">\n\t\t\t\t<rs-module id=\"rev_slider_22_1\" style=\"\" data-version=\"6.6.16\">\n\t\t\t\t\t<rs-slides style=\"overflow: hidden; position: absolute;\">\n\t\t\t\t\t\t<rs-slide style=\"position: absolute;\" data-key=\"rs-132\" data-title=\"Slide\" data-anim=\"adpr:false;\">\n\t\t\t\t\t\t\t<img decoding=\"async\" src=\"\/\/www.nordictrans.com\/wp-content\/plugins\/revslider\/public\/assets\/assets\/dummy.png\" alt=\"\" title=\"Liike-el\u00e4m\u00e4n K\u00e4\u00e4nn\u00f6spalvelut\" class=\"rev-slidebg tp-rs-img rs-lazyload\" data-lazyload=\"\/\/www.nordictrans.com\/wp-content\/uploads\/2018\/05\/business-translation-services.png\" data-parallax=\"15\" data-no-retina>\n<!--\n\t\t\t\t\t\t\t--><rs-layer\n\t\t\t\t\t\t\t\tid=\"slider-22-slide-132-layer-1\" \n\t\t\t\t\t\t\t\tdata-type=\"text\"\n\t\t\t\t\t\t\t\tdata-color=\"rgba(255,255,255,1)\"\n\t\t\t\t\t\t\t\tdata-rsp_ch=\"on\"\n\t\t\t\t\t\t\t\tdata-xy=\"x:l,l,l,c;xo:-1px,0,0,0;y:m;yo:-1px,0,0,0;\"\n\t\t\t\t\t\t\t\tdata-text=\"s:60,50,40,30;l:60,50,40,30;fw:700;a:left,left,left,center;\"\n\t\t\t\t\t\t\t\tdata-frame_0=\"tp:600;\"\n\t\t\t\t\t\t\t\tdata-frame_1=\"tp:600;st:0;\"\n\t\t\t\t\t\t\t\tdata-frame_999=\"o:0;tp:600;st:w;sR:8700.0006103516;\"\n\t\t\t\t\t\t\t\tstyle=\"z-index:5;font-family:'Open Sans';opacity:0.6;\"\n\t\t\t\t\t\t\t>\nLIIKE-EL\u00c4M\u00c4N<br\/>\nK\u00c4\u00c4NN\u00d6SPALVELUT \n\t\t\t\t\t\t\t<\/rs-layer><!--\n-->\t\t\t\t\t\t<\/rs-slide>\n\t\t\t\t\t<\/rs-slides>\n\t\t\t\t<\/rs-module>\n\t\t\t\t<script>\n\t\t\t\t\tsetREVStartSize({c: 'rev_slider_22_1',rl:[1240,1024,778,480],el:[655,600,500,400],gw:[1240,1024,778,480],gh:[655,600,500,400],type:'hero',justify:'',layout:'fullwidth',mh:\"0\"});if (window.RS_MODULES!==undefined && window.RS_MODULES.modules!==undefined && window.RS_MODULES.modules[\"revslider221\"]!==undefined) {window.RS_MODULES.modules[\"revslider221\"].once = false;window.revapi22 = undefined;if (window.RS_MODULES.checkMinimal!==undefined) window.RS_MODULES.checkMinimal()}\n\t\t\t\t<\/script>\n\t\t\t<\/rs-module-wrap>\n\t\t\t<!-- END REVOLUTION SLIDER -->\n[\/vc_column][\/vc_row][vc_row][vc_column][vc_raw_html]JTNDZGl2JTIwaWQlM0QlMjJzZWNvbmRfYnJlZCUyMiUyMGNsYXNzJTNEJTIyd2YtdGQlMjIlM0UlM0MlMkZkaXYlM0U=[\/vc_raw_html][\/vc_column][\/vc_row][vc_row rowtype=&#8221;fullw&#8221; textalign=&#8221;center&#8221;][vc_column][vc_empty_space][vc_column_text]<\/p>\n<h1 style=\"text-align: center; color: #2c5a85; font-weight: bold;\">Liike-el\u00e4m\u00e4n K\u00e4\u00e4nn\u00f6spalvelut<\/h1>\n<p>[\/vc_column_text][vc_empty_space][vc_row_inner][vc_column_inner][vc_column_text]<\/p>\n<p style=\"text-align: center;\">Nyky\u00e4\u00e4n on todella syyt\u00e4 harkita liike-el\u00e4m\u00e4\u00e4n erikoistuneiden k\u00e4\u00e4nn\u00f6spalvelujen k\u00e4ytt\u00e4mist\u00e4. Liike-el\u00e4m\u00e4ss\u00e4 ympyr\u00e4 on sulkeutunut, ja t\u00e4st\u00e4 syyst\u00e4 on hyvinkin mahdollista, ett\u00e4 jossakin vaiheessa vastaasi tulee kumppani tai asiakas, jonka tarpeita et pysty t\u00e4ytt\u00e4m\u00e4\u00e4n ilman k\u00e4\u00e4nn\u00f6spalveluja. T\u00e4m\u00e4n vuoksi tarjoamme k\u00e4\u00e4nn\u00f6ksi\u00e4 yritysasiakkaille. T\u00e4t\u00e4 palvelua tarvitset hy\u00f6dynt\u00e4\u00e4ksesi yrityst\u00e4si parhaiten \u2013 erityisesti, kun otat huomioon sen, ett\u00e4 olemme toistaiseksi er\u00e4s parhaista liike keskittyneist\u00e4 k\u00e4\u00e4nn\u00f6stoimistoista.<\/p>\n<p style=\"text-align: center;\">Yritykseen liittyy paljon pohdittavaa erityisesti, jos kyseess\u00e4 on kansainv\u00e4linen yritystoiminta. Yritykset ovat pitk\u00e4\u00e4n olleet muutosten ja monimuotoisuuden alaisia, ja jos n\u00e4in on my\u00f6s sinun kohdallasi, sinun ei tarvitse huolehtia mist\u00e4\u00e4n. Ydinliiketoimintaamme liike-el\u00e4m\u00e4n k\u00e4\u00e4nn\u00f6sten suhteen on auttaa varmistamaan, ett\u00e4 yrityksesi her\u00e4\u00e4 eloon.<\/p>\n<p>[\/vc_column_text][\/vc_column_inner][\/vc_row_inner][\/vc_column][\/vc_row][vc_row padding=&#8221;20px 0&#8243;][vc_column][vc_empty_space height=&#8221;50px&#8221;][vc_row_inner][vc_column_inner width=&#8221;1\/2&#8243;][vc_single_image image=&#8221;24917&#8243; img_size=&#8221;full&#8221; alignment=&#8221;center&#8221; css_animation=&#8221;fadeInLeft&#8221;][vc_empty_space][\/vc_column_inner][vc_column_inner width=&#8221;1\/2&#8243;][vc_text_separator title=&#8221;Ensiluokkaisia k\u00e4\u00e4nn\u00f6ksi\u00e4 yrityksille&#8221; style=&#8221;double&#8221;][vc_empty_space][vc_column_text css_animation=&#8221;fadeInRight&#8221;]<\/p>\n<p style=\"text-align: left;\">Jos yrityksesi markkinoi tuotteitaan kansainv\u00e4lisesti, olet varmasti jo tietoinen, ett\u00e4 k\u00e4\u00e4nn\u00f6spalvelut ovat v\u00e4ltt\u00e4m\u00e4tt\u00f6mi\u00e4. Seuraavassa muutamia syit\u00e4, miksi sinun kannattaa tehd\u00e4 yhteisty\u00f6t\u00e4 suurimman pohjoismaisiin kieliin keskittyneen k\u00e4\u00e4nn\u00f6stoimiston kanssa:<\/p>\n<div style=\"width: 250px; margin-right: auto; margin-left: auto; text-align: left;\">\n<p style=\"text-align: left;\"><i class=\"fa fa-check-circle fa-lg\" style=\"color: #81d742;\"><\/i><strong>\u00a0 Keskittynyt pohjoismaisiin kieliin<\/strong><\/p>\n<p style=\"text-align: left;\"><i class=\"fa fa-check-circle fa-lg\" style=\"color: #81d742;\"><\/i><strong>\u00a0 Koulutetut k\u00e4\u00e4nt\u00e4j\u00e4t<\/strong><\/p>\n<p style=\"text-align: left;\"><i class=\"fa fa-check-circle fa-lg\" style=\"color: #81d742;\"><\/i><strong>\u00a0 Laadukkaat k\u00e4\u00e4nn\u00f6spalvelut<\/strong><\/p>\n<p style=\"text-align: left;\"><i class=\"fa fa-check-circle fa-lg\" style=\"color: #81d742;\"><\/i><strong>\u00a0 Edulliset hinnat<\/strong><\/p>\n<p style=\"text-align: left;\"><i class=\"fa fa-check-circle fa-lg\" style=\"color: #81d742;\"><\/i><strong>\u00a0 Kokoaikainen tuki<\/strong><\/p>\n<\/div>\n<p>[\/vc_column_text][\/vc_column_inner][\/vc_row_inner][vc_empty_space height=&#8221;50px&#8221;][\/vc_column][\/vc_row][vc_row rowtype=&#8221;fullw&#8221; padding=&#8221;20px 0&#8243;][vc_column][vc_empty_space][vc_custom_heading text=&#8221;Edullisia, mutta laadukkaita palveluja&#8221; font_container=&#8221;tag:h2|text_align:center|color:%23353535&#8243; google_fonts=&#8221;font_family:Roboto%20Slab%3A100%2C300%2Cregular%2C700|font_style:400%20regular%3A400%3Anormal&#8221;][vc_empty_space][vc_separator color=&#8221;custom&#8221; border_width=&#8221;2&#8243; el_width=&#8221;10&#8243; accent_color=&#8221;#999999&#8243;][vc_empty_space][vc_column_text]K\u00e4\u00e4nny meid\u00e4n puoleemme, jos haet liike-el\u00e4m\u00e4\u00e4n keskittynytt\u00e4 k\u00e4\u00e4nn\u00f6stoimistoa, jolla on kaikki tarvittava, jotta yrityksesi hy\u00f6tyisi laaja-alaisesta toiminnastaan. Ajan mittaan olemme kehitt\u00e4neet alustaamme, ja voit milloin tahansa yrityksesi tarvitessa k\u00e4\u00e4nn\u00f6st\u00e4 olla varma siit\u00e4, ett\u00e4 toimeksiantosi k\u00e4sitell\u00e4\u00e4n t\u00e4sm\u00e4llisesti.<\/p>\n<p>Ymm\u00e4rr\u00e4mme ja arvostamme tarvettasi saada vain parhaita palveluja. Haluamme jatkuvasti parantaa palvelujamme, jotta saat vain parasta kohtelua jatkossakin. Ihanteenamme on auttaa sinua kasvattamaan yrityst\u00e4si. \u00c4l\u00e4 karta liikesopimuksia kielimuurien vuoksi, sill\u00e4 me huolehdimme niist\u00e4 puolestasi ja varmistamme, ett\u00e4 yrityksesi toiminta sujuu vaivatta.[\/vc_column_text][vc_empty_space][\/vc_column][\/vc_row][vc_row padding=&#8221;20px 0&#8243;][vc_column][vc_text_separator title=&#8221;Koulutetut, \u00e4idinkieliset k\u00e4\u00e4nt\u00e4j\u00e4t, jotka ovat erikoistuneet seuraaviin kieliin:&#8221; el_width=&#8221;80&#8243;][vc_empty_space][vc_custom_heading text=&#8221;Liike-el\u00e4m\u00e4n k\u00e4\u00e4nn\u00f6spalvelut pohjoismaisille kielille&#8221; font_container=&#8221;tag:h2|text_align:center|color:%23353535&#8243; google_fonts=&#8221;font_family:Roboto%20Slab%3A100%2C300%2Cregular%2C700|font_style:400%20regular%3A400%3Anormal&#8221;][vc_empty_space][vc_row_inner][vc_column_inner width=&#8221;1\/4&#8243;][\/vc_column_inner][vc_column_inner width=&#8221;1\/4&#8243;][vc_column_text css_animation=&#8221;fadeInLeft&#8221;]<\/p>\n<div style=\"width: 250px; margin-right: auto; margin-left: auto; text-align: center;\">\n<p style=\"text-align: left;\"><i class=\"fa fa-check-circle fa-lg\" style=\"color: #81d742;\"><\/i><strong>\u00a0 Tanska<\/strong><\/p>\n<p style=\"text-align: left;\"><i class=\"fa fa-check-circle fa-lg\" style=\"color: #81d742;\"><\/i><strong>\u00a0 Hollanti<\/strong><\/p>\n<p style=\"text-align: left;\"><i class=\"fa fa-check-circle fa-lg\" style=\"color: #81d742;\"><\/i><strong>\u00a0 Suomi<\/strong><\/p>\n<p style=\"text-align: left;\"><i class=\"fa fa-check-circle fa-lg\" style=\"color: #81d742;\"><\/i><strong>\u00a0 Norja<\/strong><\/p>\n<\/div>\n<p>[\/vc_column_text][\/vc_column_inner][vc_column_inner width=&#8221;1\/4&#8243;][vc_column_text css_animation=&#8221;fadeInRight&#8221;]<\/p>\n<div style=\"width: 250px; margin-right: auto; margin-left: auto; text-align: center;\">\n<p style=\"text-align: left;\"><i class=\"fa fa-check-circle fa-lg\" style=\"color: #81d742;\"><\/i><strong>\u00a0 Ruotsi<\/strong><\/p>\n<p style=\"text-align: left;\"><i class=\"fa fa-check-circle fa-lg\" style=\"color: #81d742;\"><\/i><strong>\u00a0 Islanti<\/strong><\/p>\n<p style=\"text-align: left;\"><i class=\"fa fa-check-circle fa-lg\" style=\"color: #81d742;\"><\/i><strong>\u00a0 Saksa<\/strong><\/p>\n<p style=\"text-align: left;\"><i class=\"fa fa-check-circle fa-lg\" style=\"color: #81d742;\"><\/i><strong>\u00a0 ja monet muut<\/strong><\/p>\n<\/div>\n<p>[\/vc_column_text][\/vc_column_inner][vc_column_inner width=&#8221;1\/4&#8243;][\/vc_column_inner][\/vc_row_inner][vc_empty_space height=&#8221;50&#8243;][\/vc_column][\/vc_row][vc_row type=&#8221;3&#8243; full_width_row=&#8221;true&#8221; el_class=&#8221;live-contact-btn-wrap&#8221;][vc_column][vc_cta h2=&#8221;Oletko valmis? Aloitetaan: &#8221; txt_align=&#8221;center&#8221; style=&#8221;custom&#8221; add_button=&#8221;right&#8221; btn_title=&#8221;LIVE-YHTEYS&#8221; btn_style=&#8221;custom&#8221; btn_custom_background=&#8221;#ffffff&#8221; btn_custom_text=&#8221;#2a4a8f&#8221; btn_shape=&#8221;round&#8221; btn_align=&#8221;center&#8221; btn_button_block=&#8221;true&#8221; btn_custom_onclick=&#8221;true&#8221; btn_smooth_scroll=&#8221;true&#8221; el_class=&#8221;live-contact-btn&#8221; btn_link=&#8221;url:https%3A%2F%2Fwww.nordictrans.com%2Fchat-popup%2F|||&#8221;][\/vc_cta][\/vc_column][\/vc_row]<\/p>\n<\/div>","protected":false},"excerpt":{"rendered":"<p>[vc_row][vc_column][\/vc_column][\/vc_row][vc_row][vc_column][vc_raw_html]JTNDZGl2JTIwaWQlM0QlMjJzZWNvbmRfYnJlZCUyMiUyMGNsYXNzJTNEJTIyd2YtdGQlMjIlM0UlM0MlMkZkaXYlM0U=[\/vc_raw_html][\/vc_column][\/vc_row][vc_row rowtype=&#8221;fullw&#8221; textalign=&#8221;center&#8221;][vc_column][vc_empty_space][vc_column_text] Liike-el\u00e4m\u00e4n K\u00e4\u00e4nn\u00f6spalvelut [\/vc_column_text][vc_empty_space][vc_row_inner][vc_column_inner][vc_column_text] Nyky\u00e4\u00e4n on todella syyt\u00e4 harkita liike-el\u00e4m\u00e4\u00e4n erikoistuneiden k\u00e4\u00e4nn\u00f6spalvelujen k\u00e4ytt\u00e4mist\u00e4. Liike-el\u00e4m\u00e4ss\u00e4 ympyr\u00e4 on sulkeutunut, ja t\u00e4st\u00e4 syyst\u00e4 on hyvinkin mahdollista, ett\u00e4 jossakin vaiheessa vastaasi tulee kumppani tai asiakas, jonka tarpeita et pysty t\u00e4ytt\u00e4m\u00e4\u00e4n ilman k\u00e4\u00e4nn\u00f6spalveluja. T\u00e4m\u00e4n vuoksi tarjoamme k\u00e4\u00e4nn\u00f6ksi\u00e4 yritysasiakkaille. T\u00e4t\u00e4 palvelua tarvitset hy\u00f6dynt\u00e4\u00e4ksesi yrityst\u00e4si parhaiten \u2013 erityisesti, kun otat&hellip;<\/p>\n","protected":false},"author":1,"featured_media":33325,"parent":11179,"menu_order":0,"comment_status":"closed","ping_status":"closed","template":"","meta":{"_acf_changed":false,"footnotes":""},"class_list":["post-24914","page","type-page","status-publish","has-post-thumbnail","hentry","description-off"],"acf":[],"yoast_head":"<!-- This site is optimized with the Yoast SEO Premium plugin v26.5 (Yoast SEO v26.5) - https:\/\/yoast.com\/wordpress\/plugins\/seo\/ -->\n<title>Liike-el\u00e4m\u00e4n k\u00e4\u00e4nn\u00f6spalvelut - Yritysasiakirjojen k\u00e4\u00e4nn\u00f6spalvelut<\/title>\n<meta name=\"description\" content=\"Kansainv\u00e4list\u00e4 laajentumista? Tied\u00e4t, ett\u00e4 liike-el\u00e4m\u00e4n k\u00e4\u00e4nn\u00f6spalvelut ovat v\u00e4ltt\u00e4m\u00e4tt\u00f6mi\u00e4, ja me autamme sinua niiss\u00e4 erinomaiseen hintaan.\" \/>\n<meta name=\"robots\" content=\"index, follow, max-snippet:-1, max-image-preview:large, max-video-preview:-1\" \/>\n<link rel=\"canonical\" href=\"https:\/\/www.nordictrans.com\/fi\/industrie\/liike-elaman-kaannospalvelut\/\" \/>\n<meta property=\"og:locale\" content=\"fi_FI\" \/>\n<meta property=\"og:type\" content=\"article\" \/>\n<meta property=\"og:title\" content=\"Liike-el\u00e4m\u00e4n K\u00e4\u00e4nn\u00f6spalvelut\" \/>\n<meta property=\"og:description\" content=\"Accurate business translation services for your documents or website are highly important and we are able to help you 24\/7 at the lowest rates one can find.\" \/>\n<meta property=\"og:url\" content=\"https:\/\/www.nordictrans.com\/fi\/industrie\/liike-elaman-kaannospalvelut\/\" \/>\n<meta property=\"og:site_name\" content=\"Nordictrans.com\" \/>\n<meta property=\"article:publisher\" content=\"https:\/\/www.facebook.com\/NordicTrans\" \/>\n<meta property=\"article:modified_time\" content=\"2018-02-08T14:02:48+00:00\" \/>\n<meta property=\"og:image\" content=\"https:\/\/www.nordictrans.com\/wp-content\/uploads\/2018\/05\/business-translation-services.png\" \/>\n\t<meta property=\"og:image:width\" content=\"1903\" \/>\n\t<meta property=\"og:image:height\" content=\"670\" \/>\n\t<meta property=\"og:image:type\" content=\"image\/png\" \/>\n<meta name=\"twitter:card\" content=\"summary_large_image\" \/>\n<meta name=\"twitter:description\" content=\"JTNDZGl2JTIwaWQlM0QlMjJzZWNvbmRfYnJlZCUyMiUyMGNsYXNzJTNEJTIyd2YtdGQlMjIlM0UlM0MlMkZkaXYlM0U= Liike-el\u00e4m\u00e4n K\u00e4\u00e4nn\u00f6spalvelut Nyky\u00e4\u00e4n on todella syyt\u00e4 harkita\" \/>\n<meta name=\"twitter:site\" content=\"@NordicTrans\" \/>\n<meta name=\"twitter:label1\" content=\"Arvioitu lukuaika\" \/>\n\t<meta name=\"twitter:data1\" content=\"4 minuuttia\" \/>\n<!-- \/ Yoast SEO Premium plugin. -->","yoast_head_json":{"title":"Liike-el\u00e4m\u00e4n k\u00e4\u00e4nn\u00f6spalvelut - Yritysasiakirjojen k\u00e4\u00e4nn\u00f6spalvelut","description":"Kansainv\u00e4list\u00e4 laajentumista? Tied\u00e4t, ett\u00e4 liike-el\u00e4m\u00e4n k\u00e4\u00e4nn\u00f6spalvelut ovat v\u00e4ltt\u00e4m\u00e4tt\u00f6mi\u00e4, ja me autamme sinua niiss\u00e4 erinomaiseen hintaan.","robots":{"index":"index","follow":"follow","max-snippet":"max-snippet:-1","max-image-preview":"max-image-preview:large","max-video-preview":"max-video-preview:-1"},"canonical":"https:\/\/www.nordictrans.com\/fi\/industrie\/liike-elaman-kaannospalvelut\/","og_locale":"fi_FI","og_type":"article","og_title":"Liike-el\u00e4m\u00e4n K\u00e4\u00e4nn\u00f6spalvelut","og_description":"Accurate business translation services for your documents or website are highly important and we are able to help you 24\/7 at the lowest rates one can find.","og_url":"https:\/\/www.nordictrans.com\/fi\/industrie\/liike-elaman-kaannospalvelut\/","og_site_name":"Nordictrans.com","article_publisher":"https:\/\/www.facebook.com\/NordicTrans","article_modified_time":"2018-02-08T14:02:48+00:00","og_image":[{"width":1903,"height":670,"url":"https:\/\/www.nordictrans.com\/wp-content\/uploads\/2018\/05\/business-translation-services.png","type":"image\/png"}],"twitter_card":"summary_large_image","twitter_description":"JTNDZGl2JTIwaWQlM0QlMjJzZWNvbmRfYnJlZCUyMiUyMGNsYXNzJTNEJTIyd2YtdGQlMjIlM0UlM0MlMkZkaXYlM0U= Liike-el\u00e4m\u00e4n K\u00e4\u00e4nn\u00f6spalvelut Nyky\u00e4\u00e4n on todella syyt\u00e4 harkita","twitter_site":"@NordicTrans","twitter_misc":{"Arvioitu lukuaika":"4 minuuttia"},"schema":{"@context":"https:\/\/schema.org","@graph":[{"@type":"WebPage","@id":"https:\/\/www.nordictrans.com\/fi\/industrie\/liike-elaman-kaannospalvelut\/","url":"https:\/\/www.nordictrans.com\/fi\/industrie\/liike-elaman-kaannospalvelut\/","name":"Liike-el\u00e4m\u00e4n k\u00e4\u00e4nn\u00f6spalvelut - Yritysasiakirjojen k\u00e4\u00e4nn\u00f6spalvelut","isPartOf":{"@id":"https:\/\/www.nordictrans.com\/fi\/#website"},"primaryImageOfPage":{"@id":"https:\/\/www.nordictrans.com\/fi\/industrie\/liike-elaman-kaannospalvelut\/#primaryimage"},"image":{"@id":"https:\/\/www.nordictrans.com\/fi\/industrie\/liike-elaman-kaannospalvelut\/#primaryimage"},"thumbnailUrl":"https:\/\/www.nordictrans.com\/wp-content\/uploads\/2018\/05\/business-translation-services.png","datePublished":"2017-03-08T15:10:50+00:00","dateModified":"2018-02-08T14:02:48+00:00","description":"Kansainv\u00e4list\u00e4 laajentumista? Tied\u00e4t, ett\u00e4 liike-el\u00e4m\u00e4n k\u00e4\u00e4nn\u00f6spalvelut ovat v\u00e4ltt\u00e4m\u00e4tt\u00f6mi\u00e4, ja me autamme sinua niiss\u00e4 erinomaiseen hintaan.","breadcrumb":{"@id":"https:\/\/www.nordictrans.com\/fi\/industrie\/liike-elaman-kaannospalvelut\/#breadcrumb"},"inLanguage":"fi","potentialAction":[{"@type":"ReadAction","target":["https:\/\/www.nordictrans.com\/fi\/industrie\/liike-elaman-kaannospalvelut\/"]}]},{"@type":"ImageObject","inLanguage":"fi","@id":"https:\/\/www.nordictrans.com\/fi\/industrie\/liike-elaman-kaannospalvelut\/#primaryimage","url":"https:\/\/www.nordictrans.com\/wp-content\/uploads\/2018\/05\/business-translation-services.png","contentUrl":"https:\/\/www.nordictrans.com\/wp-content\/uploads\/2018\/05\/business-translation-services.png","width":1903,"height":670,"caption":"business translation services"},{"@type":"BreadcrumbList","@id":"https:\/\/www.nordictrans.com\/fi\/industrie\/liike-elaman-kaannospalvelut\/#breadcrumb","itemListElement":[{"@type":"ListItem","position":1,"name":"Home","item":"https:\/\/www.nordictrans.com\/fi\/"},{"@type":"ListItem","position":2,"name":"Industrie","item":"https:\/\/www.nordictrans.com\/fi\/industrie\/"},{"@type":"ListItem","position":3,"name":"Liike-el\u00e4m\u00e4n K\u00e4\u00e4nn\u00f6spalvelut"}]},{"@type":"WebSite","@id":"https:\/\/www.nordictrans.com\/fi\/#website","url":"https:\/\/www.nordictrans.com\/fi\/","name":"Nordictrans.com","description":"Translation Agency specialized in Nordic Languages","publisher":{"@id":"https:\/\/www.nordictrans.com\/fi\/#organization"},"potentialAction":[{"@type":"SearchAction","target":{"@type":"EntryPoint","urlTemplate":"https:\/\/www.nordictrans.com\/fi\/?s={search_term_string}"},"query-input":{"@type":"PropertyValueSpecification","valueRequired":true,"valueName":"search_term_string"}}],"inLanguage":"fi"},{"@type":"Organization","@id":"https:\/\/www.nordictrans.com\/fi\/#organization","name":"NordicTrans","url":"https:\/\/www.nordictrans.com\/fi\/","logo":{"@type":"ImageObject","inLanguage":"fi","@id":"https:\/\/www.nordictrans.com\/fi\/#\/schema\/logo\/image\/","url":"https:\/\/www.nordictrans.com\/wp-content\/uploads\/2015\/02\/logoNT.png","contentUrl":"https:\/\/www.nordictrans.com\/wp-content\/uploads\/2015\/02\/logoNT.png","width":272,"height":92,"caption":"NordicTrans"},"image":{"@id":"https:\/\/www.nordictrans.com\/fi\/#\/schema\/logo\/image\/"},"sameAs":["https:\/\/www.facebook.com\/NordicTrans","https:\/\/x.com\/NordicTrans","https:\/\/www.instagram.com\/NordictransUS","https:\/\/www.linkedin.com\/company\/nordictrans","https:\/\/www.pinterest.com\/nordictrans01","https:\/\/www.youtube.com\/c\/nordictrans"]}]}},"_links":{"self":[{"href":"https:\/\/www.nordictrans.com\/fi\/wp-json\/wp\/v2\/pages\/24914","targetHints":{"allow":["GET"]}}],"collection":[{"href":"https:\/\/www.nordictrans.com\/fi\/wp-json\/wp\/v2\/pages"}],"about":[{"href":"https:\/\/www.nordictrans.com\/fi\/wp-json\/wp\/v2\/types\/page"}],"author":[{"embeddable":true,"href":"https:\/\/www.nordictrans.com\/fi\/wp-json\/wp\/v2\/users\/1"}],"replies":[{"embeddable":true,"href":"https:\/\/www.nordictrans.com\/fi\/wp-json\/wp\/v2\/comments?post=24914"}],"version-history":[{"count":4,"href":"https:\/\/www.nordictrans.com\/fi\/wp-json\/wp\/v2\/pages\/24914\/revisions"}],"predecessor-version":[{"id":26982,"href":"https:\/\/www.nordictrans.com\/fi\/wp-json\/wp\/v2\/pages\/24914\/revisions\/26982"}],"up":[{"embeddable":true,"href":"https:\/\/www.nordictrans.com\/fi\/wp-json\/wp\/v2\/pages\/11179"}],"wp:featuredmedia":[{"embeddable":true,"href":"https:\/\/www.nordictrans.com\/fi\/wp-json\/wp\/v2\/media\/33325"}],"wp:attachment":[{"href":"https:\/\/www.nordictrans.com\/fi\/wp-json\/wp\/v2\/media?parent=24914"}],"curies":[{"name":"wp","href":"https:\/\/api.w.org\/{rel}","templated":true}]}}