{"id":24908,"date":"2017-03-08T14:23:14","date_gmt":"2017-03-08T14:23:14","guid":{"rendered":"https:\/\/www.nordictrans.com\/?page_id=24908\/"},"modified":"2018-02-08T14:03:02","modified_gmt":"2018-02-08T14:03:02","slug":"oikeustieteelliset-kaannospalvelut","status":"publish","type":"page","link":"https:\/\/www.nordictrans.com\/fi\/industrie\/oikeustieteelliset-kaannospalvelut\/","title":{"rendered":"Oikeustieteelliset k\u00e4\u00e4nn\u00f6spalvelut"},"content":{"rendered":"<div class=\"wpb-content-wrapper\"><p>[vc_row][vc_column]\n\t\t\t<!-- START Legal Translation REVOLUTION SLIDER 6.6.16 --><p class=\"rs-p-wp-fix\"><\/p>\n\t\t\t<rs-module-wrap id=\"rev_slider_25_1_wrapper\" data-source=\"gallery\" style=\"visibility:hidden;background:transparent;padding:0;margin:0px auto;margin-top:0;margin-bottom:0;\">\n\t\t\t\t<rs-module id=\"rev_slider_25_1\" style=\"\" data-version=\"6.6.16\">\n\t\t\t\t\t<rs-slides style=\"overflow: hidden; position: absolute;\">\n\t\t\t\t\t\t<rs-slide style=\"position: absolute;\" data-key=\"rs-131\" data-title=\"Slide\" data-anim=\"adpr:false;\">\n\t\t\t\t\t\t\t<img decoding=\"async\" src=\"\/\/www.nordictrans.com\/wp-content\/plugins\/revslider\/public\/assets\/assets\/dummy.png\" alt=\"\" title=\"Oikeustieteelliset k\u00e4\u00e4nn\u00f6spalvelut\" class=\"rev-slidebg tp-rs-img rs-lazyload\" data-lazyload=\"\/\/www.nordictrans.com\/wp-content\/uploads\/2018\/05\/legal-translation-services.png\" data-parallax=\"15\" data-no-retina>\n<!--\n\t\t\t\t\t\t\t--><rs-layer\n\t\t\t\t\t\t\t\tid=\"slider-25-slide-131-layer-1\" \n\t\t\t\t\t\t\t\tdata-type=\"text\"\n\t\t\t\t\t\t\t\tdata-color=\"rgba(255,255,255,1)\"\n\t\t\t\t\t\t\t\tdata-rsp_ch=\"on\"\n\t\t\t\t\t\t\t\tdata-xy=\"x:l,l,l,c;xo:106px,0,0,0;y:m;\"\n\t\t\t\t\t\t\t\tdata-text=\"s:50,50,40,30;l:50,50,40,30;fw:700;a:left,left,left,center;\"\n\t\t\t\t\t\t\t\tdata-frame_0=\"tp:600;\"\n\t\t\t\t\t\t\t\tdata-frame_1=\"tp:600;st:0;\"\n\t\t\t\t\t\t\t\tdata-frame_999=\"o:0;tp:600;st:w;sR:8700.0006103516;\"\n\t\t\t\t\t\t\t\tstyle=\"z-index:5;font-family:'Open Sans';opacity:0.6;\"\n\t\t\t\t\t\t\t>\nOIKEUSTIETEELLISET<br\/>\nK\u00c4\u00c4NN\u00d6SPALVELUT \n\t\t\t\t\t\t\t<\/rs-layer><!--\n-->\t\t\t\t\t\t<\/rs-slide>\n\t\t\t\t\t<\/rs-slides>\n\t\t\t\t<\/rs-module>\n\t\t\t\t<script>\n\t\t\t\t\tsetREVStartSize({c: 'rev_slider_25_1',rl:[1240,1024,778,480],el:[655,600,500,400],gw:[1240,1024,778,480],gh:[655,600,500,400],type:'hero',justify:'',layout:'fullwidth',mh:\"0\"});if (window.RS_MODULES!==undefined && window.RS_MODULES.modules!==undefined && window.RS_MODULES.modules[\"revslider251\"]!==undefined) {window.RS_MODULES.modules[\"revslider251\"].once = false;window.revapi25 = undefined;if (window.RS_MODULES.checkMinimal!==undefined) window.RS_MODULES.checkMinimal()}\n\t\t\t\t<\/script>\n\t\t\t<\/rs-module-wrap>\n\t\t\t<!-- END REVOLUTION SLIDER -->\n[\/vc_column][\/vc_row][vc_row][vc_column][vc_raw_html]JTNDZGl2JTIwaWQlM0QlMjJzZWNvbmRfYnJlZCUyMiUyMGNsYXNzJTNEJTIyd2YtdGQlMjIlM0UlM0MlMkZkaXYlM0U=[\/vc_raw_html][\/vc_column][\/vc_row][vc_row rowtype=&#8221;fullw&#8221; textalign=&#8221;center&#8221;][vc_column][vc_empty_space][vc_column_text css_animation=&#8221;zoomIn&#8221;]<\/p>\n<h1 style=\"text-align: center; color: #2c5a85;\"><strong>Oikeustieteelliset K\u00e4\u00e4nn\u00f6spalvelut<\/strong><\/h1>\n<p>[\/vc_column_text][vc_empty_space][vc_row_inner][vc_column_inner][vc_column_text]<\/p>\n<p style=\"text-align: center;\">Aika ajoin t\u00f6rm\u00e4\u00e4mme asiakkaisiin, jotka eiv\u00e4t ymm\u00e4rr\u00e4, miksi heilt\u00e4 veloitetaan se, mik\u00e4 veloitetaan. T\u00e4m\u00e4 vaikeuttaa ty\u00f6t\u00e4mme, sill\u00e4 t\u00e4llaiset asiakkaat eiv\u00e4t arvosta saamaansa palvelua. Etsiess\u00e4si oikeustieteellisi\u00e4 k\u00e4\u00e4nn\u00f6spalveluja, er\u00e4s t\u00e4rkeimmist\u00e4 seikoista on varmistaa, ett\u00e4 saat parhaat palveluntarjoajat. Lis\u00e4ksi sinulla on oltava hyv\u00e4 ja selke\u00e4 k\u00e4sitys, miksi maksat saamistasi palveluista.<\/p>\n<p style=\"text-align: center;\">Oikeustieteellisi\u00e4 k\u00e4\u00e4nn\u00f6ksi\u00e4 ei saa koskaan pit\u00e4\u00e4 itsest\u00e4\u00e4nselvyyksin\u00e4. Ty\u00f6n tulokset m\u00e4\u00e4ritt\u00e4v\u00e4t pitk\u00e4lti suunnan siin\u00e4, mihin k\u00e4\u00e4nn\u00f6ksi\u00e4 k\u00e4ytet\u00e4\u00e4n. T\u00e4st\u00e4 syyst\u00e4 sinun on huolehdittava siit\u00e4, ett\u00e4 saat sellaisia oikeustieteellisi\u00e4 k\u00e4\u00e4nn\u00f6spalveluja, jotka ovat kaiken kuluttamasi ajan ja rahan arvoisia.<\/p>\n<p style=\"text-align: center;\">Hakiessasi k\u00e4\u00e4nt\u00e4j\u00e4\u00e4 tai yrityst\u00e4 oikeustieteelliselle tekstillesi on aina tarpeen ottaa selv\u00e4\u00e4 ehdokkaasta, jotta saat tarpeitasi ymm\u00e4rt\u00e4v\u00e4n palveluntarjoajan. Kerro, mit\u00e4, mihin ja miksi tarvitset k\u00e4\u00e4nn\u00f6st\u00e4. Moni unohtaa kertoa, mit\u00e4 tarvitsee, ja se hankaloittaa niit\u00e4, jotka yritt\u00e4v\u00e4t olla avuksi.<\/p>\n<p>[\/vc_column_text][\/vc_column_inner][\/vc_row_inner][vc_empty_space height=&#8221;50px&#8221;][\/vc_column][\/vc_row][vc_row padding=&#8221;20px 0&#8243;][vc_column][vc_row_inner][vc_column_inner width=&#8221;1\/2&#8243;][vc_single_image image=&#8221;24899&#8243; img_size=&#8221;full&#8221; alignment=&#8221;center&#8221; css_animation=&#8221;fadeInLeft&#8221;][vc_empty_space][\/vc_column_inner][vc_column_inner width=&#8221;1\/2&#8243;][vc_text_separator title=&#8221;Oikeustieteelliset asiakirjat, joita k\u00e4\u00e4nn\u00e4mme&#8221; style=&#8221;double&#8221;][vc_empty_space][vc_column_text css_animation=&#8221;fadeInRight&#8221;]NordicTransin ty\u00f6ntekij\u00f6in\u00e4 on eritt\u00e4in p\u00e4tevi\u00e4 k\u00e4\u00e4nt\u00e4ji\u00e4, joilla on laaja tiet\u00e4mys oikeustieteest\u00e4. N\u00e4in voimme tarjota parhaat mahdolliset k\u00e4\u00e4nn\u00f6kset seuraaville oikeustieteellisille asiakirjoille:[\/vc_column_text][vc_empty_space][vc_column_text css_animation=&#8221;fadeInRight&#8221;]<\/p>\n<div style=\"width: 250px; margin-right: auto; margin-left: auto; text-align: left;\">\n<p style=\"text-align: left;\"><i class=\"fa fa-check-circle fa-lg\" style=\"color: #81d742;\"><\/i><strong>\u00a0 Sopimukset<\/strong><\/p>\n<p style=\"text-align: left;\"><i class=\"fa fa-check-circle fa-lg\" style=\"color: #81d742;\"><\/i><strong>\u00a0 Patentit<\/strong><\/p>\n<p style=\"text-align: left;\"><i class=\"fa fa-check-circle fa-lg\" style=\"color: #81d742;\"><\/i><strong>\u00a0 Lailliset markkinointiasiakirjat<\/strong><\/p>\n<p style=\"text-align: left;\"><i class=\"fa fa-check-circle fa-lg\" style=\"color: #81d742;\"><\/i><strong>\u00a0 Lailliset veroasiakirjat<\/strong><\/p>\n<p style=\"text-align: left;\"><i class=\"fa fa-check-circle fa-lg\" style=\"color: #81d742;\"><\/i><strong>\u00a0 Oikeudenk\u00e4yntiasiakirjat<\/strong><\/p>\n<p style=\"text-align: left;\"><i class=\"fa fa-check-circle fa-lg\" style=\"color: #81d742;\"><\/i><strong>\u00a0 Yksityisyydensuojak\u00e4yt\u00e4nn\u00f6t<\/strong><\/p>\n<p style=\"text-align: left;\"><i class=\"fa fa-check-circle fa-lg\" style=\"color: #81d742;\"><\/i><strong>\u00a0 Testamentit ja luovutuskirjat<\/strong><\/p>\n<\/div>\n<p>[\/vc_column_text][\/vc_column_inner][\/vc_row_inner][vc_empty_space height=&#8221;50px&#8221;][\/vc_column][\/vc_row][vc_row type=&#8221;vc_default&#8221; bg_type=&#8221;bg_color&#8221; bg_override=&#8221;full&#8221; rowtype=&#8221;fullw&#8221; padding=&#8221;20px 0&#8243; css=&#8221;.vc_custom_1478848968464{padding-top: 20px !important;padding-right: 0px !important;padding-bottom: 20px !important;padding-left: 0px !important;}&#8221; bg_color_value=&#8221;#ebebeb&#8221;][vc_column][vc_empty_space][vc_column_text css_animation=&#8221;zoomIn&#8221;]<\/p>\n<h2 class=\"custom_title title_center txt_maincolor title_center borderb\" style=\"text-align: center;\" data-animation=\"zoomIn\" data-anim-target=\"self\" data-delay=\"100\" data-speed=\"800\" data-ease=\"easeInOutQuart\"><span style=\"color: #2a4a8f;\">Laadukkaat, edulliset ja nopeat palvelut<\/span><\/h2>\n<p>[\/vc_column_text][vc_empty_space][vc_separator color=&#8221;custom&#8221; border_width=&#8221;2&#8243; el_width=&#8221;10&#8243; accent_color=&#8221;#666666&#8243;][vc_empty_space][vc_column_text css_animation=&#8221;fadeInUp&#8221;]<\/p>\n<p style=\"text-align: center;\">Jotta saisit parhaat mahdolliset oikeustieteelliset k\u00e4\u00e4nn\u00f6spalvelut, palveluntarjoajien kanssa kannattaa ehdottomasti keskustella tarpeistasi. Se helpottaa sek\u00e4 omaa ty\u00f6t\u00e4si ett\u00e4 meid\u00e4n ty\u00f6t\u00e4mme. Kerro niist\u00e4 asia- ja k\u00e4ytt\u00f6yhteyksist\u00e4, jotka sis\u00e4ltyv\u00e4t etsimiisi oikeustieteellisiin k\u00e4\u00e4nn\u00f6spalveluihin. N\u00e4in voimme p\u00e4\u00e4st\u00e4 oikeaan ratkaisuun nimenomaisissa tarpeissasi.<\/p>\n<p style=\"text-align: center;\">Oikeustieteellisten k\u00e4\u00e4nn\u00f6sten ei erikoisalastaan huolimatta tarvitse olla kalliita. Tarjoamme edullisesti k\u00e4\u00e4nn\u00f6ksen mille tahansa oikeustieteelliselle asiakirjalle 50 kielen v\u00e4lill\u00e4.<\/p>\n<p>[\/vc_column_text][vc_empty_space][\/vc_column][\/vc_row][vc_row][vc_column][vc_empty_space][vc_column_text css_animation=&#8221;zoomIn&#8221;]<\/p>\n<h2 class=\"custom_title title_center txt_maincolor title_center default\" style=\"text-align: center;\" data-animation=\"showUp\" data-anim-target=\"self\" data-delay=\"100\" data-speed=\"800\" data-ease=\"easeInOutQuart\"><span style=\"color: #2a4a8f;\">Oikeudelliset k\u00e4\u00e4nn\u00f6spalvelut mihin tahansa tarkoitukseen<\/span><\/h2>\n<p>[\/vc_column_text][vc_empty_space height=&#8221;10px&#8221;]<div class=\"dt-fancy-separator\" style=\"width: 70%;\"><div class=\"dt-fancy-title\"><span class=\"separator-holder separator-left\"><\/span>Asiakkaitamme<span class=\"separator-holder separator-right\"><\/span><\/div><\/div>[vc_empty_space height=&#8221;20px&#8221;][vc_column_text css_animation=&#8221;zoomIn&#8221;]<\/p>\n<div style=\"width: 250px; margin-right: auto; margin-left: auto; text-align: center;\">\n<p style=\"text-align: left;\"><i class=\"fa fa-check-circle fa-lg\" style=\"color: #81d742;\"><\/i><strong>\u00a0 Asianajotoimistot<\/strong><\/p>\n<p style=\"text-align: left;\"><i class=\"fa fa-check-circle fa-lg\" style=\"color: #81d742;\"><\/i><strong>\u00a0 Yritysten oikeudelliset yksik\u00f6t<\/strong><\/p>\n<p style=\"text-align: left;\"><i class=\"fa fa-check-circle fa-lg\" style=\"color: #81d742;\"><\/i><strong>\u00a0 Globaalit yhti\u00f6t<\/strong><\/p>\n<p style=\"text-align: left;\"><i class=\"fa fa-check-circle fa-lg\" style=\"color: #81d742;\"><\/i><strong>\u00a0 Pienyritykset<\/strong><\/p>\n<p style=\"text-align: left;\"><i class=\"fa fa-check-circle fa-lg\" style=\"color: #81d742;\"><\/i><strong>\u00a0 Keskisuuret yritykset<\/strong><\/p>\n<p style=\"text-align: left;\"><i class=\"fa fa-check-circle fa-lg\" style=\"color: #81d742;\"><\/i><strong>\u00a0 Tilitoimistot<\/strong><\/p>\n<p style=\"text-align: left;\"><i class=\"fa fa-check-circle fa-lg\" style=\"color: #81d742;\"><\/i><strong> Oikeusneuvojat<\/strong><\/p>\n<\/div>\n<p>[\/vc_column_text][vc_empty_space height=&#8221;50px&#8221;][\/vc_column][\/vc_row][vc_row type=&#8221;3&#8243; margin_bottom=&#8221;0px&#8221; full_width_row=&#8221;true&#8221; rowtype=&#8221;fullw&#8221; textalign=&#8221;center&#8221; padding=&#8221;30px 0px&#8221; css=&#8221;.vc_custom_1478849030891{margin-bottom: 0px !important;padding-top: 30px !important;padding-right: 0px !important;padding-bottom: 30px !important;padding-left: 0px !important;}&#8221; el_class=&#8221;live-contact-btn-wrap&#8221;][vc_column][vc_cta h2=&#8221;Oletko valmis? Aloitetaan: &#8221; txt_align=&#8221;center&#8221; add_button=&#8221;right&#8221; btn_title=&#8221;LIVE-YHTEYS&#8221; btn_style=&#8221;custom&#8221; btn_custom_background=&#8221;#ffffff&#8221; btn_custom_text=&#8221;#2a4a8f&#8221; btn_shape=&#8221;round&#8221; btn_align=&#8221;center&#8221; btn_button_block=&#8221;true&#8221; btn_custom_onclick=&#8221;true&#8221; btn_smooth_scroll=&#8221;true&#8221; btn_link=&#8221;url:https%3A%2F%2Fwww.nordictrans.com%2Fchat-popup%2F|||&#8221; el_class=&#8221;live-contact-btn&#8221;][\/vc_cta][\/vc_column][\/vc_row]<\/p>\n<\/div>","protected":false},"excerpt":{"rendered":"<p>[vc_row][vc_column][\/vc_column][\/vc_row][vc_row][vc_column][vc_raw_html]JTNDZGl2JTIwaWQlM0QlMjJzZWNvbmRfYnJlZCUyMiUyMGNsYXNzJTNEJTIyd2YtdGQlMjIlM0UlM0MlMkZkaXYlM0U=[\/vc_raw_html][\/vc_column][\/vc_row][vc_row rowtype=&#8221;fullw&#8221; textalign=&#8221;center&#8221;][vc_column][vc_empty_space][vc_column_text css_animation=&#8221;zoomIn&#8221;] Oikeustieteelliset K\u00e4\u00e4nn\u00f6spalvelut [\/vc_column_text][vc_empty_space][vc_row_inner][vc_column_inner][vc_column_text] Aika ajoin t\u00f6rm\u00e4\u00e4mme asiakkaisiin, jotka eiv\u00e4t ymm\u00e4rr\u00e4, miksi heilt\u00e4 veloitetaan se, mik\u00e4 veloitetaan. T\u00e4m\u00e4 vaikeuttaa ty\u00f6t\u00e4mme, sill\u00e4 t\u00e4llaiset asiakkaat eiv\u00e4t arvosta saamaansa palvelua. Etsiess\u00e4si oikeustieteellisi\u00e4 k\u00e4\u00e4nn\u00f6spalveluja, er\u00e4s t\u00e4rkeimmist\u00e4 seikoista on varmistaa, ett\u00e4 saat parhaat palveluntarjoajat. Lis\u00e4ksi sinulla on oltava hyv\u00e4 ja selke\u00e4 k\u00e4sitys, miksi maksat saamistasi palveluista. Oikeustieteellisi\u00e4&hellip;<\/p>\n","protected":false},"author":1,"featured_media":33378,"parent":11179,"menu_order":0,"comment_status":"closed","ping_status":"closed","template":"","meta":{"_acf_changed":false,"footnotes":""},"class_list":["post-24908","page","type-page","status-publish","has-post-thumbnail","hentry","description-off"],"acf":[],"yoast_head":"<!-- This site is optimized with the Yoast SEO Premium plugin v26.5 (Yoast SEO v26.5) - https:\/\/yoast.com\/wordpress\/plugins\/seo\/ -->\n<title>Oikeustieteelliset k\u00e4\u00e4nn\u00f6spalvelut 24\/7 \u2013 NordicTrans<\/title>\n<meta name=\"description\" content=\"NordicTrans tarjoaa laadukkaita oikeustieteelliset k\u00e4\u00e4nn\u00f6spalvelut mille tahansa asiakirjalle 50 kielen v\u00e4lill\u00e4 nopeasti ja edullisesti.\" \/>\n<meta name=\"robots\" content=\"index, follow, max-snippet:-1, max-image-preview:large, max-video-preview:-1\" \/>\n<link rel=\"canonical\" href=\"https:\/\/www.nordictrans.com\/fi\/industrie\/oikeustieteelliset-kaannospalvelut\/\" \/>\n<meta property=\"og:locale\" content=\"fi_FI\" \/>\n<meta property=\"og:type\" content=\"article\" \/>\n<meta property=\"og:title\" content=\"Oikeustieteelliset k\u00e4\u00e4nn\u00f6spalvelut\" \/>\n<meta property=\"og:description\" content=\"NordicTrans is always available to provide accurate legal translation services for businesses or for individuals at the lowest rates you can find online.\" \/>\n<meta property=\"og:url\" content=\"https:\/\/www.nordictrans.com\/fi\/industrie\/oikeustieteelliset-kaannospalvelut\/\" \/>\n<meta property=\"og:site_name\" content=\"Nordictrans.com\" \/>\n<meta property=\"article:publisher\" content=\"https:\/\/www.facebook.com\/NordicTrans\" \/>\n<meta property=\"article:modified_time\" content=\"2018-02-08T14:03:02+00:00\" \/>\n<meta property=\"og:image\" content=\"https:\/\/www.nordictrans.com\/wp-content\/uploads\/2018\/05\/legal-translation-services.png\" \/>\n\t<meta property=\"og:image:width\" content=\"1903\" \/>\n\t<meta property=\"og:image:height\" content=\"670\" \/>\n\t<meta property=\"og:image:type\" content=\"image\/png\" \/>\n<meta name=\"twitter:card\" content=\"summary_large_image\" \/>\n<meta name=\"twitter:description\" content=\"JTNDZGl2JTIwaWQlM0QlMjJzZWNvbmRfYnJlZCUyMiUyMGNsYXNzJTNEJTIyd2YtdGQlMjIlM0UlM0MlMkZkaXYlM0U= Oikeustieteelliset K\u00e4\u00e4nn\u00f6spalvelut Aika ajoin t\u00f6rm\u00e4\u00e4mme\" \/>\n<meta name=\"twitter:site\" content=\"@NordicTrans\" \/>\n<meta name=\"twitter:label1\" content=\"Arvioitu lukuaika\" \/>\n\t<meta name=\"twitter:data1\" content=\"4 minuuttia\" \/>\n<!-- \/ Yoast SEO Premium plugin. -->","yoast_head_json":{"title":"Oikeustieteelliset k\u00e4\u00e4nn\u00f6spalvelut 24\/7 \u2013 NordicTrans","description":"NordicTrans tarjoaa laadukkaita oikeustieteelliset k\u00e4\u00e4nn\u00f6spalvelut mille tahansa asiakirjalle 50 kielen v\u00e4lill\u00e4 nopeasti ja edullisesti.","robots":{"index":"index","follow":"follow","max-snippet":"max-snippet:-1","max-image-preview":"max-image-preview:large","max-video-preview":"max-video-preview:-1"},"canonical":"https:\/\/www.nordictrans.com\/fi\/industrie\/oikeustieteelliset-kaannospalvelut\/","og_locale":"fi_FI","og_type":"article","og_title":"Oikeustieteelliset k\u00e4\u00e4nn\u00f6spalvelut","og_description":"NordicTrans is always available to provide accurate legal translation services for businesses or for individuals at the lowest rates you can find online.","og_url":"https:\/\/www.nordictrans.com\/fi\/industrie\/oikeustieteelliset-kaannospalvelut\/","og_site_name":"Nordictrans.com","article_publisher":"https:\/\/www.facebook.com\/NordicTrans","article_modified_time":"2018-02-08T14:03:02+00:00","og_image":[{"width":1903,"height":670,"url":"https:\/\/www.nordictrans.com\/wp-content\/uploads\/2018\/05\/legal-translation-services.png","type":"image\/png"}],"twitter_card":"summary_large_image","twitter_description":"JTNDZGl2JTIwaWQlM0QlMjJzZWNvbmRfYnJlZCUyMiUyMGNsYXNzJTNEJTIyd2YtdGQlMjIlM0UlM0MlMkZkaXYlM0U= Oikeustieteelliset K\u00e4\u00e4nn\u00f6spalvelut Aika ajoin t\u00f6rm\u00e4\u00e4mme","twitter_site":"@NordicTrans","twitter_misc":{"Arvioitu lukuaika":"4 minuuttia"},"schema":{"@context":"https:\/\/schema.org","@graph":[{"@type":"WebPage","@id":"https:\/\/www.nordictrans.com\/fi\/industrie\/oikeustieteelliset-kaannospalvelut\/","url":"https:\/\/www.nordictrans.com\/fi\/industrie\/oikeustieteelliset-kaannospalvelut\/","name":"Oikeustieteelliset k\u00e4\u00e4nn\u00f6spalvelut 24\/7 \u2013 NordicTrans","isPartOf":{"@id":"https:\/\/www.nordictrans.com\/fi\/#website"},"primaryImageOfPage":{"@id":"https:\/\/www.nordictrans.com\/fi\/industrie\/oikeustieteelliset-kaannospalvelut\/#primaryimage"},"image":{"@id":"https:\/\/www.nordictrans.com\/fi\/industrie\/oikeustieteelliset-kaannospalvelut\/#primaryimage"},"thumbnailUrl":"https:\/\/www.nordictrans.com\/wp-content\/uploads\/2018\/05\/legal-translation-services.png","datePublished":"2017-03-08T14:23:14+00:00","dateModified":"2018-02-08T14:03:02+00:00","description":"NordicTrans tarjoaa laadukkaita oikeustieteelliset k\u00e4\u00e4nn\u00f6spalvelut mille tahansa asiakirjalle 50 kielen v\u00e4lill\u00e4 nopeasti ja edullisesti.","breadcrumb":{"@id":"https:\/\/www.nordictrans.com\/fi\/industrie\/oikeustieteelliset-kaannospalvelut\/#breadcrumb"},"inLanguage":"fi","potentialAction":[{"@type":"ReadAction","target":["https:\/\/www.nordictrans.com\/fi\/industrie\/oikeustieteelliset-kaannospalvelut\/"]}]},{"@type":"ImageObject","inLanguage":"fi","@id":"https:\/\/www.nordictrans.com\/fi\/industrie\/oikeustieteelliset-kaannospalvelut\/#primaryimage","url":"https:\/\/www.nordictrans.com\/wp-content\/uploads\/2018\/05\/legal-translation-services.png","contentUrl":"https:\/\/www.nordictrans.com\/wp-content\/uploads\/2018\/05\/legal-translation-services.png","width":1903,"height":670,"caption":"legal translation services"},{"@type":"BreadcrumbList","@id":"https:\/\/www.nordictrans.com\/fi\/industrie\/oikeustieteelliset-kaannospalvelut\/#breadcrumb","itemListElement":[{"@type":"ListItem","position":1,"name":"Home","item":"https:\/\/www.nordictrans.com\/fi\/"},{"@type":"ListItem","position":2,"name":"Industrie","item":"https:\/\/www.nordictrans.com\/fi\/industrie\/"},{"@type":"ListItem","position":3,"name":"Oikeustieteelliset k\u00e4\u00e4nn\u00f6spalvelut"}]},{"@type":"WebSite","@id":"https:\/\/www.nordictrans.com\/fi\/#website","url":"https:\/\/www.nordictrans.com\/fi\/","name":"Nordictrans.com","description":"Translation Agency specialized in Nordic Languages","publisher":{"@id":"https:\/\/www.nordictrans.com\/fi\/#organization"},"potentialAction":[{"@type":"SearchAction","target":{"@type":"EntryPoint","urlTemplate":"https:\/\/www.nordictrans.com\/fi\/?s={search_term_string}"},"query-input":{"@type":"PropertyValueSpecification","valueRequired":true,"valueName":"search_term_string"}}],"inLanguage":"fi"},{"@type":"Organization","@id":"https:\/\/www.nordictrans.com\/fi\/#organization","name":"NordicTrans","url":"https:\/\/www.nordictrans.com\/fi\/","logo":{"@type":"ImageObject","inLanguage":"fi","@id":"https:\/\/www.nordictrans.com\/fi\/#\/schema\/logo\/image\/","url":"https:\/\/www.nordictrans.com\/wp-content\/uploads\/2015\/02\/logoNT.png","contentUrl":"https:\/\/www.nordictrans.com\/wp-content\/uploads\/2015\/02\/logoNT.png","width":272,"height":92,"caption":"NordicTrans"},"image":{"@id":"https:\/\/www.nordictrans.com\/fi\/#\/schema\/logo\/image\/"},"sameAs":["https:\/\/www.facebook.com\/NordicTrans","https:\/\/x.com\/NordicTrans","https:\/\/www.instagram.com\/NordictransUS","https:\/\/www.linkedin.com\/company\/nordictrans","https:\/\/www.pinterest.com\/nordictrans01","https:\/\/www.youtube.com\/c\/nordictrans"]}]}},"_links":{"self":[{"href":"https:\/\/www.nordictrans.com\/fi\/wp-json\/wp\/v2\/pages\/24908","targetHints":{"allow":["GET"]}}],"collection":[{"href":"https:\/\/www.nordictrans.com\/fi\/wp-json\/wp\/v2\/pages"}],"about":[{"href":"https:\/\/www.nordictrans.com\/fi\/wp-json\/wp\/v2\/types\/page"}],"author":[{"embeddable":true,"href":"https:\/\/www.nordictrans.com\/fi\/wp-json\/wp\/v2\/users\/1"}],"replies":[{"embeddable":true,"href":"https:\/\/www.nordictrans.com\/fi\/wp-json\/wp\/v2\/comments?post=24908"}],"version-history":[{"count":3,"href":"https:\/\/www.nordictrans.com\/fi\/wp-json\/wp\/v2\/pages\/24908\/revisions"}],"predecessor-version":[{"id":26981,"href":"https:\/\/www.nordictrans.com\/fi\/wp-json\/wp\/v2\/pages\/24908\/revisions\/26981"}],"up":[{"embeddable":true,"href":"https:\/\/www.nordictrans.com\/fi\/wp-json\/wp\/v2\/pages\/11179"}],"wp:featuredmedia":[{"embeddable":true,"href":"https:\/\/www.nordictrans.com\/fi\/wp-json\/wp\/v2\/media\/33378"}],"wp:attachment":[{"href":"https:\/\/www.nordictrans.com\/fi\/wp-json\/wp\/v2\/media?parent=24908"}],"curies":[{"name":"wp","href":"https:\/\/api.w.org\/{rel}","templated":true}]}}