{"id":23829,"date":"2016-12-28T13:25:08","date_gmt":"2016-12-28T13:25:08","guid":{"rendered":"http:\/\/dev.nordictrans.com\/laadukkaita-kaeaennoespalveluja\/"},"modified":"2020-06-30T09:26:37","modified_gmt":"2020-06-30T09:26:37","slug":"laadukkaita-kaannoespalveluja","status":"publish","type":"page","link":"https:\/\/www.nordictrans.com\/fi\/laadukkaita-kaannoespalveluja\/","title":{"rendered":"Laadukkaita K\u00e4\u00e4nn\u00f6spalveluja"},"content":{"rendered":"<div class=\"wpb-content-wrapper\"><p>[vc_row][vc_column]\n\t\t\t<!-- START HQL Translation REVOLUTION SLIDER 6.6.16 --><p class=\"rs-p-wp-fix\"><\/p>\n\t\t\t<rs-module-wrap id=\"rev_slider_32_1_wrapper\" data-source=\"gallery\" style=\"visibility:hidden;background:transparent;padding:0;margin:0px auto;margin-top:0;margin-bottom:0;\">\n\t\t\t\t<rs-module id=\"rev_slider_32_1\" style=\"\" data-version=\"6.6.16\">\n\t\t\t\t\t<rs-slides style=\"overflow: hidden; position: absolute;\">\n\t\t\t\t\t\t<rs-slide style=\"position: absolute;\" data-key=\"rs-82\" data-title=\"Slide\" data-anim=\"adpr:false;\">\n\t\t\t\t\t\t\t<img decoding=\"async\" src=\"\/\/www.nordictrans.com\/wp-content\/plugins\/revslider\/public\/assets\/assets\/dummy.png\" alt=\"\" title=\"Laadukkaita K\u00e4\u00e4nn\u00f6spalveluja\" class=\"rev-slidebg tp-rs-img rs-lazyload\" data-lazyload=\"\/\/www.nordictrans.com\/wp-content\/uploads\/2018\/04\/high-quality-language-translation-services.png\" data-parallax=\"15\" data-no-retina>\n<!--\n\t\t\t\t\t\t\t--><rs-layer\n\t\t\t\t\t\t\t\tid=\"slider-32-slide-82-layer-1\" \n\t\t\t\t\t\t\t\tdata-type=\"text\"\n\t\t\t\t\t\t\t\tdata-color=\"rgba(255,255,255,1)||rgba(153,153,153,1)||rgba(153,153,153,1)||rgba(153,153,153,1)\"\n\t\t\t\t\t\t\t\tdata-rsp_ch=\"on\"\n\t\t\t\t\t\t\t\tdata-xy=\"xo:9px;yo:273px,294px,294px,294px;\"\n\t\t\t\t\t\t\t\tdata-text=\"s:50,60,40,30;l:50,60,40,30;fw:700;a:inherit;\"\n\t\t\t\t\t\t\t\tdata-frame_0=\"tp:600;\"\n\t\t\t\t\t\t\t\tdata-frame_1=\"tp:600;st:0;\"\n\t\t\t\t\t\t\t\tdata-frame_999=\"o:0;tp:600;st:w;sR:8700.0006103516;\"\n\t\t\t\t\t\t\t\tstyle=\"z-index:5;font-family:'Open Sans';opacity:0.6;\"\n\t\t\t\t\t\t\t>\nLAADUKKAITA<br\/>\nK\u00c4\u00c4NN\u00d6SPALVELUJA \n\t\t\t\t\t\t\t<\/rs-layer><!--\n-->\t\t\t\t\t\t<\/rs-slide>\n\t\t\t\t\t<\/rs-slides>\n\t\t\t\t<\/rs-module>\n\t\t\t\t<script>\n\t\t\t\t\tsetREVStartSize({c: 'rev_slider_32_1',rl:[1240,1024,778,480],el:[655,600,500,400],gw:[1240,1024,778,480],gh:[655,600,500,400],type:'hero',justify:'',layout:'fullwidth',mh:\"0\"});if (window.RS_MODULES!==undefined && window.RS_MODULES.modules!==undefined && window.RS_MODULES.modules[\"revslider321\"]!==undefined) {window.RS_MODULES.modules[\"revslider321\"].once = false;window.revapi32 = undefined;if (window.RS_MODULES.checkMinimal!==undefined) window.RS_MODULES.checkMinimal()}\n\t\t\t\t<\/script>\n\t\t\t<\/rs-module-wrap>\n\t\t\t<!-- END REVOLUTION SLIDER -->\n[\/vc_column][\/vc_row][vc_row][vc_column][vc_raw_html]JTNDZGl2JTIwaWQlM0QlMjJzZWNvbmRfYnJlZCUyMiUyMGNsYXNzJTNEJTIyd2YtdGQlMjIlM0UlM0MlMkZkaXYlM0U=[\/vc_raw_html][\/vc_column][\/vc_row][vc_row rowtype=&#8221;fullw&#8221;][vc_column][vc_empty_space][vc_column_text]<\/p>\n<h1 style=\"text-align: center; color: #2a4a8f;\"><strong>LAADUKKAITA K\u00c4\u00c4NN\u00d6SPALVELUJA<\/strong><\/h1>\n<p>Jos verkkoyrityksesi jotakin nyky\u00e4\u00e4n tarvitsee, niin ilman muuta k\u00e4\u00e4nn\u00f6spalveluja. Ajan mittaan yritysten tarve ylitt\u00e4\u00e4 asiakkaiden odotukset palveluja tarjotessaan on korostunut entisest\u00e4\u00e4n. Yrityksen rakentaminen vaatii paljon kovaa ty\u00f6t\u00e4, ja samoin on varmistettava, ett\u00e4 alusta t\u00e4ytt\u00e4\u00e4 k\u00e4ytt\u00e4jiens\u00e4 tarpeet.[\/vc_column_text][vc_column_text css_animation=&#8221;appear&#8221;]Jos sinulla on verkkosivusto tai Pohjoismaissa toimiva yritys, voit k\u00e4\u00e4nty\u00e4 puoleemme pohjoismaisiin kieliin keskittyneiss\u00e4 k\u00e4\u00e4nn\u00f6spalveluissa. Hy\u00f6dyt niist\u00e4 suuresti, ja k\u00e4\u00e4nn\u00f6spalvelujemme k\u00e4ytt\u00e4minen on varmasti aikasi arvoista. Meill\u00e4 on useita ty\u00f6ryhmi\u00e4, jotka ovat keskittyneet k\u00e4\u00e4nt\u00e4m\u00e4\u00e4n tekstisi pohjoismaisille kielille. N\u00e4in voimme varmistaa, ett\u00e4 t\u00e4yt\u00e4mme aina tarpeesi parhaan kykymme mukaan.[\/vc_column_text][vc_empty_space height=&#8221;50px&#8221;][vc_row_inner][vc_column_inner width=&#8221;1\/4&#8243;][vc_single_image image=&#8221;23831&#8243; img_size=&#8221;full&#8221; alignment=&#8221;center&#8221; css_animation=&#8221;fadeInUpBig&#8221;][vc_column_text css_animation=&#8221;fadeInUpBig&#8221;]<\/p>\n<h2 style=\"text-align: center;\">Tanskan k\u00e4\u00e4nn\u00f6kset<\/h2>\n<p style=\"text-align: left;\">NordicTrans k\u00e4ytt\u00e4\u00e4 vain tanskaa \u00e4idinkielen\u00e4\u00e4n puhuvia k\u00e4\u00e4nt\u00e4ji\u00e4 k\u00e4\u00e4nnett\u00e4ess\u00e4 milt\u00e4 tahansa kielelt\u00e4 tanskaksi. N\u00e4in varmistamme, ett\u00e4 viestisi k\u00e4\u00e4nnet\u00e4\u00e4n asianmukaisesti kohdekielelle. Toisen \u00e4idinkielisen k\u00e4\u00e4nt\u00e4j\u00e4n suorittaman oikoluvun ja laadunvarmistusty\u00f6ryhm\u00e4mme tarkastusten ansiosta saat aina parhaan palvelun.<\/p>\n<p>[\/vc_column_text][\/vc_column_inner][vc_column_inner width=&#8221;1\/4&#8243;][vc_single_image image=&#8221;23832&#8243; img_size=&#8221;full&#8221; alignment=&#8221;center&#8221; css_animation=&#8221;fadeInUpBig&#8221;][vc_column_text css_animation=&#8221;fadeInUpBig&#8221;]<\/p>\n<h2 style=\"text-align: center;\">Suomen k\u00e4\u00e4nn\u00f6kset<\/h2>\n<p style=\"text-align: left;\">Aina, kun asiakirja on k\u00e4\u00e4nnett\u00e4v\u00e4 suomeksi, varmistamme, ett\u00e4 sen tekev\u00e4t parhaat k\u00e4\u00e4nt\u00e4j\u00e4t. Valikoimme k\u00e4\u00e4nt\u00e4j\u00e4t pit\u00e4en mieless\u00e4, ett\u00e4 heill\u00e4 on kokemusta alalta. Saat t\u00e4sm\u00e4lliset k\u00e4\u00e4nn\u00f6kset alasta riippumatta, sill\u00e4 meill\u00e4 ty\u00f6skentelee erikoisalan osaajia l\u00e4hes alalla kuin alalla.<\/p>\n<p>[\/vc_column_text][\/vc_column_inner][vc_column_inner width=&#8221;1\/4&#8243;][vc_single_image image=&#8221;23834&#8243; img_size=&#8221;full&#8221; alignment=&#8221;center&#8221; css_animation=&#8221;fadeInUpBig&#8221;][vc_column_text css_animation=&#8221;fadeInUpBig&#8221;]<\/p>\n<h2 style=\"text-align: center;\">Ruotsin k\u00e4\u00e4nn\u00f6kset<\/h2>\n<p style=\"text-align: left;\">Projektip\u00e4\u00e4llikk\u00f6mme valitsevat oikeat k\u00e4\u00e4nt\u00e4j\u00e4t ruotsin k\u00e4\u00e4nn\u00f6ksiin. P\u00e4\u00e4tavoitteenamme on laatu, ja voit olla varma, ett\u00e4 saat vain laadukkaita k\u00e4\u00e4nn\u00f6ksi\u00e4. T\u00e4m\u00e4n varmistavat oikolukijamme ja laadunvarmistusty\u00f6ryhm\u00e4mme.<\/p>\n<p>[\/vc_column_text][\/vc_column_inner][vc_column_inner width=&#8221;1\/4&#8243;][vc_single_image image=&#8221;23833&#8243; img_size=&#8221;full&#8221; alignment=&#8221;center&#8221; css_animation=&#8221;fadeInUpBig&#8221;][vc_column_text css_animation=&#8221;fadeInUpBig&#8221;]<\/p>\n<h2 style=\"text-align: center;\">Norjan k\u00e4\u00e4nn\u00f6kset<\/h2>\n<p style=\"text-align: left;\">Pikaisella vilkaisulla voi vaikuttaa silt\u00e4, ett\u00e4 suuri osa t\u00e4h\u00e4nastisista norjan k\u00e4\u00e4nn\u00f6ksist\u00e4mme ovat edellytt\u00e4neet tuontia\/vienti\u00e4. Se ei kuitenkaan merkitse sit\u00e4, ett\u00e4 emme pystyisi k\u00e4\u00e4nt\u00e4m\u00e4\u00e4n oikeus- tai l\u00e4\u00e4ketieteellisi\u00e4 k\u00e4\u00e4nn\u00f6ksi\u00e4 norjasta ja norjaksi. Erikoistuneet k\u00e4\u00e4nt\u00e4j\u00e4mme odottavat seuraavaa projektia, onko se sinun?<\/p>\n<p>[\/vc_column_text][\/vc_column_inner][\/vc_row_inner][vc_row_inner][vc_column_inner][vc_empty_space height=&#8221;70px&#8221;][vc_column_text]<\/p>\n<h3 class=\"custom_title title_center txt_maincolor title_center default\" style=\"text-align: center;\" data-animation=\"fadeInRight\" data-anim-target=\"self\" data-delay=\"100\" data-speed=\"800\" data-ease=\"easeInOutQuart\"><span style=\"color: #2a4a8f;\">K\u00e4\u00e4nn\u00f6kset mist\u00e4 tahansa kielest\u00e4 mille tahansa kielelle<\/span><\/h3>\n<p>[\/vc_column_text][vc_empty_space height=&#8221;70px&#8221;][\/vc_column_inner][\/vc_row_inner][vc_row_inner][vc_column_inner width=&#8221;1\/2&#8243;][vc_single_image image=&#8221;23830&#8243; img_size=&#8221;full&#8221; alignment=&#8221;center&#8221; css_animation=&#8221;fadeInLeftBig&#8221;][\/vc_column_inner][vc_column_inner width=&#8221;1\/2&#8243;][vc_column_text css_animation=&#8221;fadeInRightBig&#8221;]Sen lis\u00e4ksi, ett\u00e4 olemme erikoistuneet pohjoismaisten kielten k\u00e4\u00e4nn\u00f6spalveluihin, olemme kovasti panostaneet siihen, ett\u00e4 pystymme tarjoamaan sinulle k\u00e4\u00e4nn\u00f6ksi\u00e4 nyky\u00e4\u00e4n my\u00f6s monella muulla kielell\u00e4. T\u00e4st\u00e4 hy\u00f6dyt aivan varmasti, ja voit k\u00e4ytt\u00e4\u00e4 palveluja eduksesi.<\/p>\n<p>Monet liikesopimukset ovat riippuvaisia hyv\u00e4st\u00e4 ymm\u00e4rryksest\u00e4 asiakkaiden ja yrityksen v\u00e4lill\u00e4, ja t\u00e4m\u00e4n vuoksi tarvitset hyv\u00e4n k\u00e4\u00e4nt\u00e4j\u00e4n.<\/p>\n<p><strong>Seuraavassa joitakin syit\u00e4 ty\u00f6skennell\u00e4 kanssamme:<\/strong><\/p>\n<div style=\"width: 250px; margin-right: auto; margin-left: auto; text-align: left;\">\n<p style=\"text-align: left;\"><i class=\"fa fa-check-circle fa-lg\" style=\"color: #81d742;\"><\/i><strong>\u00a0 K\u00e4\u00e4nn\u00e4mme yli 80 kielt\u00e4<\/strong><\/p>\n<p style=\"text-align: left;\"><i class=\"fa fa-check-circle fa-lg\" style=\"color: #81d742;\"><\/i><strong>\u00a0 500 kieliyhdistelm\u00e4\u00e4<\/strong><\/p>\n<p style=\"text-align: left;\"><i class=\"fa fa-check-circle fa-lg\" style=\"color: #81d742;\"><\/i><strong>\u00a0 Vain \u00e4idinkieliset k\u00e4\u00e4nt\u00e4j\u00e4t<\/strong><\/p>\n<p style=\"text-align: left;\"><i class=\"fa fa-check-circle fa-lg\" style=\"color: #81d742;\"><\/i><strong>\u00a0 Toinen \u00e4idinkielinen oikolukija<\/strong><\/p>\n<p style=\"text-align: left;\"><i class=\"fa fa-check-circle fa-lg\" style=\"color: #81d742;\"><\/i><strong>\u00a0 Nopeat toimitusajat<\/strong><\/p>\n<\/div>\n<p>[\/vc_column_text][\/vc_column_inner][\/vc_row_inner][vc_row_inner][vc_column_inner][vc_empty_space height=&#8221;50px&#8221;][vc_column_text css_animation=&#8221;appear&#8221;]Saatat pohtia, miksi meid\u00e4n k\u00e4\u00e4nn\u00f6spalvelumme ovat markkinoiden parhaat. Kiinnit\u00e4mme huomiota tarpeisiisi ja huolehdimme siit\u00e4, ett\u00e4 kun l\u00e4het\u00e4t toimeksiantosi meille, vain parhaat k\u00e4\u00e4nt\u00e4j\u00e4t ty\u00f6skentelev\u00e4t sen parissa. T\u00e4m\u00e4 on merkki sitoutumisestamme laadukkaisiin palveluihin. Se on auttanut meit\u00e4 t\u00e4ytt\u00e4m\u00e4\u00e4n lupaukset, joita annamme koskien palveluntarjontaamme, mutta my\u00f6s helpottanut pyrkimyst\u00e4mme varmistaa, ett\u00e4 yrityksesi hy\u00f6tyy er\u00e4\u00e4st\u00e4 parhaimmasta alalla toistaiseksi toimivasta palveluntarjoajasta.<\/p>\n<p>Tutustu rauhassa ja ota yhteytt\u00e4 saadaksesi laadukkaita k\u00e4\u00e4nn\u00f6spalveluja edulliseen hintaan.[\/vc_column_text][vc_empty_space height=&#8221;50px&#8221;][\/vc_column_inner][\/vc_row_inner][\/vc_column][\/vc_row][vc_row type=&#8221;3&#8243; full_width_row=&#8221;true&#8221; el_class=&#8221;live-contact-btn-wrap&#8221;][vc_column][vc_cta h2=&#8221;&#8221; txt_align=&#8221;center&#8221; add_button=&#8221;right&#8221; btn_title=&#8221;LIVE-YHTEYS&#8221; btn_style=&#8221;custom&#8221; btn_custom_background=&#8221;#ffffff&#8221; btn_custom_text=&#8221;#2a4a8f&#8221; btn_shape=&#8221;round&#8221; btn_align=&#8221;center&#8221; btn_button_block=&#8221;true&#8221; btn_link=&#8221;url:https%3A%2F%2Fwww.nordictrans.com%2Fchat-popup%2F|||&#8221; el_class=&#8221;live-contact-btn&#8221;]<\/p>\n<h3 style=\"font-size: 28px; line-height: 40px;\">Oletko valmis? Aloitetaan:<\/h3>\n<p>[\/vc_cta][\/vc_column][\/vc_row]<\/p>\n<\/div>","protected":false},"excerpt":{"rendered":"<p>[vc_row][vc_column][\/vc_column][\/vc_row][vc_row][vc_column][vc_raw_html]JTNDZGl2JTIwaWQlM0QlMjJzZWNvbmRfYnJlZCUyMiUyMGNsYXNzJTNEJTIyd2YtdGQlMjIlM0UlM0MlMkZkaXYlM0U=[\/vc_raw_html][\/vc_column][\/vc_row][vc_row rowtype=&#8221;fullw&#8221;][vc_column][vc_empty_space][vc_column_text] LAADUKKAITA K\u00c4\u00c4NN\u00d6SPALVELUJA Jos verkkoyrityksesi jotakin nyky\u00e4\u00e4n tarvitsee, niin ilman muuta k\u00e4\u00e4nn\u00f6spalveluja. Ajan mittaan yritysten tarve ylitt\u00e4\u00e4 asiakkaiden odotukset palveluja tarjotessaan on korostunut entisest\u00e4\u00e4n. Yrityksen rakentaminen vaatii paljon kovaa ty\u00f6t\u00e4, ja samoin on varmistettava, ett\u00e4 alusta t\u00e4ytt\u00e4\u00e4 k\u00e4ytt\u00e4jiens\u00e4 tarpeet.[\/vc_column_text][vc_column_text css_animation=&#8221;appear&#8221;]Jos sinulla on verkkosivusto tai Pohjoismaissa toimiva yritys, voit k\u00e4\u00e4nty\u00e4 puoleemme pohjoismaisiin kieliin keskittyneiss\u00e4 k\u00e4\u00e4nn\u00f6spalveluissa.&hellip;<\/p>\n","protected":false},"author":1,"featured_media":31827,"parent":0,"menu_order":0,"comment_status":"closed","ping_status":"closed","template":"","meta":{"_acf_changed":false,"footnotes":""},"class_list":["post-23829","page","type-page","status-publish","has-post-thumbnail","hentry","description-off"],"acf":[],"yoast_head":"<!-- This site is optimized with the Yoast SEO Premium plugin v26.5 (Yoast SEO v26.5) - https:\/\/yoast.com\/wordpress\/plugins\/seo\/ -->\n<title>Laadukkaita K\u00e4\u00e4nn\u00f6spalveluja 24\/7 \u2013 NordicTrans<\/title>\n<meta name=\"description\" content=\"Miksi laadukkaita k\u00e4\u00e4nn\u00f6spalveluja ovat parhaat? Kun l\u00e4het\u00e4t toimeksiantosi meille, vain parhaat k\u00e4\u00e4nt\u00e4j\u00e4t ty\u00f6skentelev\u00e4t sen parissa.\" \/>\n<meta name=\"robots\" content=\"index, follow, max-snippet:-1, max-image-preview:large, max-video-preview:-1\" \/>\n<link rel=\"canonical\" href=\"https:\/\/www.nordictrans.com\/fi\/laadukkaita-kaannoespalveluja\/\" \/>\n<meta property=\"og:locale\" content=\"fi_FI\" \/>\n<meta property=\"og:type\" content=\"article\" \/>\n<meta property=\"og:title\" content=\"Laadukkaita K\u00e4\u00e4nn\u00f6spalveluja\" \/>\n<meta property=\"og:description\" content=\"We provide high quality language translation services and we make sure that when you send your work to us, we have none but the best team working on it.\" \/>\n<meta property=\"og:url\" content=\"https:\/\/www.nordictrans.com\/fi\/laadukkaita-kaannoespalveluja\/\" \/>\n<meta property=\"og:site_name\" content=\"Nordictrans.com\" \/>\n<meta property=\"article:publisher\" content=\"https:\/\/www.facebook.com\/NordicTrans\" \/>\n<meta property=\"article:modified_time\" content=\"2020-06-30T09:26:37+00:00\" \/>\n<meta property=\"og:image\" content=\"https:\/\/www.nordictrans.com\/wp-content\/uploads\/2018\/04\/high-quality-language-translation-services.png\" \/>\n\t<meta property=\"og:image:width\" content=\"1903\" \/>\n\t<meta property=\"og:image:height\" content=\"670\" \/>\n\t<meta property=\"og:image:type\" content=\"image\/png\" \/>\n<meta name=\"twitter:card\" content=\"summary_large_image\" \/>\n<meta name=\"twitter:title\" content=\"High Quality Language Translation Services - NordicTrans\" \/>\n<meta name=\"twitter:description\" content=\"Nordictrans provide high-quality language translation services in over 100 languages. Overcome the communication barrier and operate at a global level!\" \/>\n<meta name=\"twitter:site\" content=\"@NordicTrans\" \/>\n<meta name=\"twitter:label1\" content=\"Arvioitu lukuaika\" \/>\n\t<meta name=\"twitter:data1\" content=\"4 minuuttia\" \/>\n<!-- \/ Yoast SEO Premium plugin. -->","yoast_head_json":{"title":"Laadukkaita K\u00e4\u00e4nn\u00f6spalveluja 24\/7 \u2013 NordicTrans","description":"Miksi laadukkaita k\u00e4\u00e4nn\u00f6spalveluja ovat parhaat? Kun l\u00e4het\u00e4t toimeksiantosi meille, vain parhaat k\u00e4\u00e4nt\u00e4j\u00e4t ty\u00f6skentelev\u00e4t sen parissa.","robots":{"index":"index","follow":"follow","max-snippet":"max-snippet:-1","max-image-preview":"max-image-preview:large","max-video-preview":"max-video-preview:-1"},"canonical":"https:\/\/www.nordictrans.com\/fi\/laadukkaita-kaannoespalveluja\/","og_locale":"fi_FI","og_type":"article","og_title":"Laadukkaita K\u00e4\u00e4nn\u00f6spalveluja","og_description":"We provide high quality language translation services and we make sure that when you send your work to us, we have none but the best team working on it.","og_url":"https:\/\/www.nordictrans.com\/fi\/laadukkaita-kaannoespalveluja\/","og_site_name":"Nordictrans.com","article_publisher":"https:\/\/www.facebook.com\/NordicTrans","article_modified_time":"2020-06-30T09:26:37+00:00","og_image":[{"width":1903,"height":670,"url":"https:\/\/www.nordictrans.com\/wp-content\/uploads\/2018\/04\/high-quality-language-translation-services.png","type":"image\/png"}],"twitter_card":"summary_large_image","twitter_title":"High Quality Language Translation Services - NordicTrans","twitter_description":"Nordictrans provide high-quality language translation services in over 100 languages. Overcome the communication barrier and operate at a global level!","twitter_site":"@NordicTrans","twitter_misc":{"Arvioitu lukuaika":"4 minuuttia"},"schema":{"@context":"https:\/\/schema.org","@graph":[{"@type":"WebPage","@id":"https:\/\/www.nordictrans.com\/fi\/laadukkaita-kaannoespalveluja\/","url":"https:\/\/www.nordictrans.com\/fi\/laadukkaita-kaannoespalveluja\/","name":"Laadukkaita K\u00e4\u00e4nn\u00f6spalveluja 24\/7 \u2013 NordicTrans","isPartOf":{"@id":"https:\/\/www.nordictrans.com\/fi\/#website"},"primaryImageOfPage":{"@id":"https:\/\/www.nordictrans.com\/fi\/laadukkaita-kaannoespalveluja\/#primaryimage"},"image":{"@id":"https:\/\/www.nordictrans.com\/fi\/laadukkaita-kaannoespalveluja\/#primaryimage"},"thumbnailUrl":"https:\/\/www.nordictrans.com\/wp-content\/uploads\/2018\/04\/high-quality-language-translation-services.png","datePublished":"2016-12-28T13:25:08+00:00","dateModified":"2020-06-30T09:26:37+00:00","description":"Miksi laadukkaita k\u00e4\u00e4nn\u00f6spalveluja ovat parhaat? Kun l\u00e4het\u00e4t toimeksiantosi meille, vain parhaat k\u00e4\u00e4nt\u00e4j\u00e4t ty\u00f6skentelev\u00e4t sen parissa.","breadcrumb":{"@id":"https:\/\/www.nordictrans.com\/fi\/laadukkaita-kaannoespalveluja\/#breadcrumb"},"inLanguage":"fi","potentialAction":[{"@type":"ReadAction","target":["https:\/\/www.nordictrans.com\/fi\/laadukkaita-kaannoespalveluja\/"]}]},{"@type":"ImageObject","inLanguage":"fi","@id":"https:\/\/www.nordictrans.com\/fi\/laadukkaita-kaannoespalveluja\/#primaryimage","url":"https:\/\/www.nordictrans.com\/wp-content\/uploads\/2018\/04\/high-quality-language-translation-services.png","contentUrl":"https:\/\/www.nordictrans.com\/wp-content\/uploads\/2018\/04\/high-quality-language-translation-services.png","width":1903,"height":670,"caption":"high quality language translation services"},{"@type":"BreadcrumbList","@id":"https:\/\/www.nordictrans.com\/fi\/laadukkaita-kaannoespalveluja\/#breadcrumb","itemListElement":[{"@type":"ListItem","position":1,"name":"Home","item":"https:\/\/www.nordictrans.com\/fi\/"},{"@type":"ListItem","position":2,"name":"Laadukkaita K\u00e4\u00e4nn\u00f6spalveluja"}]},{"@type":"WebSite","@id":"https:\/\/www.nordictrans.com\/fi\/#website","url":"https:\/\/www.nordictrans.com\/fi\/","name":"Nordictrans.com","description":"Translation Agency specialized in Nordic Languages","publisher":{"@id":"https:\/\/www.nordictrans.com\/fi\/#organization"},"potentialAction":[{"@type":"SearchAction","target":{"@type":"EntryPoint","urlTemplate":"https:\/\/www.nordictrans.com\/fi\/?s={search_term_string}"},"query-input":{"@type":"PropertyValueSpecification","valueRequired":true,"valueName":"search_term_string"}}],"inLanguage":"fi"},{"@type":"Organization","@id":"https:\/\/www.nordictrans.com\/fi\/#organization","name":"NordicTrans","url":"https:\/\/www.nordictrans.com\/fi\/","logo":{"@type":"ImageObject","inLanguage":"fi","@id":"https:\/\/www.nordictrans.com\/fi\/#\/schema\/logo\/image\/","url":"https:\/\/www.nordictrans.com\/wp-content\/uploads\/2015\/02\/logoNT.png","contentUrl":"https:\/\/www.nordictrans.com\/wp-content\/uploads\/2015\/02\/logoNT.png","width":272,"height":92,"caption":"NordicTrans"},"image":{"@id":"https:\/\/www.nordictrans.com\/fi\/#\/schema\/logo\/image\/"},"sameAs":["https:\/\/www.facebook.com\/NordicTrans","https:\/\/x.com\/NordicTrans","https:\/\/www.instagram.com\/NordictransUS","https:\/\/www.linkedin.com\/company\/nordictrans","https:\/\/www.pinterest.com\/nordictrans01","https:\/\/www.youtube.com\/c\/nordictrans"]}]}},"_links":{"self":[{"href":"https:\/\/www.nordictrans.com\/fi\/wp-json\/wp\/v2\/pages\/23829","targetHints":{"allow":["GET"]}}],"collection":[{"href":"https:\/\/www.nordictrans.com\/fi\/wp-json\/wp\/v2\/pages"}],"about":[{"href":"https:\/\/www.nordictrans.com\/fi\/wp-json\/wp\/v2\/types\/page"}],"author":[{"embeddable":true,"href":"https:\/\/www.nordictrans.com\/fi\/wp-json\/wp\/v2\/users\/1"}],"replies":[{"embeddable":true,"href":"https:\/\/www.nordictrans.com\/fi\/wp-json\/wp\/v2\/comments?post=23829"}],"version-history":[{"count":5,"href":"https:\/\/www.nordictrans.com\/fi\/wp-json\/wp\/v2\/pages\/23829\/revisions"}],"predecessor-version":[{"id":48959,"href":"https:\/\/www.nordictrans.com\/fi\/wp-json\/wp\/v2\/pages\/23829\/revisions\/48959"}],"wp:featuredmedia":[{"embeddable":true,"href":"https:\/\/www.nordictrans.com\/fi\/wp-json\/wp\/v2\/media\/31827"}],"wp:attachment":[{"href":"https:\/\/www.nordictrans.com\/fi\/wp-json\/wp\/v2\/media?parent=23829"}],"curies":[{"name":"wp","href":"https:\/\/api.w.org\/{rel}","templated":true}]}}