{"id":23788,"date":"2016-12-28T12:31:25","date_gmt":"2016-12-28T12:31:25","guid":{"rendered":"http:\/\/dev.nordictrans.com\/ohjelmistojen-lokalisointipalvelut\/"},"modified":"2018-02-08T14:03:55","modified_gmt":"2018-02-08T14:03:55","slug":"ohjelmistojen-lokalisointipalvelut","status":"publish","type":"page","link":"https:\/\/www.nordictrans.com\/fi\/kaannospalveluja\/ohjelmistojen-lokalisointipalvelut\/","title":{"rendered":"Ohjelmistojen lokalisointipalvelut"},"content":{"rendered":"<div class=\"wpb-content-wrapper\"><p>[vc_row][vc_column]\n\t\t\t<!-- START Software Localization REVOLUTION SLIDER 6.6.16 --><p class=\"rs-p-wp-fix\"><\/p>\n\t\t\t<rs-module-wrap id=\"rev_slider_6_1_wrapper\" data-source=\"gallery\" style=\"visibility:hidden;background:transparent;padding:0;margin:0px auto;margin-top:0;margin-bottom:0;\">\n\t\t\t\t<rs-module id=\"rev_slider_6_1\" style=\"\" data-version=\"6.6.16\">\n\t\t\t\t\t<rs-slides style=\"overflow: hidden; position: absolute;\">\n\t\t\t\t\t\t<rs-slide style=\"position: absolute;\" data-key=\"rs-10\" data-title=\"Slide\" data-anim=\"adpr:false;\" data-in=\"o:0;\" data-out=\"a:false;\">\n\t\t\t\t\t\t\t<img decoding=\"async\" src=\"\/\/www.nordictrans.com\/wp-content\/plugins\/revslider\/public\/assets\/assets\/dummy.png\" alt=\"\" title=\"Ohjelmistojen lokalisointipalvelut\" class=\"rev-slidebg tp-rs-img rs-lazyload\" data-lazyload=\"\/\/www.nordictrans.com\/wp-content\/uploads\/2018\/07\/software-localization-services.png\" data-parallax=\"15\" data-no-retina>\n<!--\n\t\t\t\t\t\t\t--><rs-layer\n\t\t\t\t\t\t\t\tid=\"slider-6-slide-10-layer-0\" \n\t\t\t\t\t\t\t\tdata-type=\"text\"\n\t\t\t\t\t\t\t\tdata-color=\"#fff\"\n\t\t\t\t\t\t\t\tdata-rsp_ch=\"on\"\n\t\t\t\t\t\t\t\tdata-xy=\"xo:341px,281px,213px,131px;yo:46px,37px,28px,17px;\"\n\t\t\t\t\t\t\t\tdata-text=\"w:normal;s:40,33,25,15;l:50,41,31,19;fw:900;\"\n\t\t\t\t\t\t\t\tdata-dim=\"minh:0px,none,none,none;\"\n\t\t\t\t\t\t\t\tdata-frame_999=\"o:0;st:w;\"\n\t\t\t\t\t\t\t\tstyle=\"z-index:5;font-family:'Roboto';text-transform:uppercase;\"\n\t\t\t\t\t\t\t>SOFTWARE LOCALIZATION \n\t\t\t\t\t\t\t<\/rs-layer><!--\n-->\t\t\t\t\t\t<\/rs-slide>\n\t\t\t\t\t<\/rs-slides>\n\t\t\t\t<\/rs-module>\n\t\t\t\t<script>\n\t\t\t\t\tsetREVStartSize({c: 'rev_slider_6_1',rl:[1240,1024,778,480],el:[655,600,500,400],gw:[1240,1024,778,480],gh:[655,600,500,400],type:'hero',justify:'',layout:'fullwidth',mh:\"0\"});if (window.RS_MODULES!==undefined && window.RS_MODULES.modules!==undefined && window.RS_MODULES.modules[\"revslider61\"]!==undefined) {window.RS_MODULES.modules[\"revslider61\"].once = false;window.revapi6 = undefined;if (window.RS_MODULES.checkMinimal!==undefined) window.RS_MODULES.checkMinimal()}\n\t\t\t\t<\/script>\n\t\t\t<\/rs-module-wrap>\n\t\t\t<!-- END REVOLUTION SLIDER -->\n[\/vc_column][\/vc_row][vc_row][vc_column][vc_raw_html]JTNDZGl2JTIwaWQlM0QlMjJzZWNvbmRfYnJlZCUyMiUyMGNsYXNzJTNEJTIyd2YtdGQlMjIlM0UlM0MlMkZkaXYlM0U=[\/vc_raw_html][\/vc_column][\/vc_row][vc_row rowtype=&#8221;fullw&#8221; textalign=&#8221;center&#8221;][vc_column][vc_empty_space][vc_column_text css_animation=&#8221;zoomIn&#8221;]<\/p>\n<h1 style=\"text-align: center; color: #2c5a85;\"><strong>Ohjelmistojen Lokalisointipalvelut<\/strong><\/h1>\n<p>[\/vc_column_text][vc_empty_space][vc_row_inner][vc_column_inner][vc_column_text css_animation=&#8221;zoomInUp&#8221;]<\/p>\n<p style=\"text-align: center;\">Nyky\u00e4\u00e4n jokaisella yrityksell\u00e4 on omat ainutlaatuiset tarpeensa. On t\u00e4rke\u00e4\u00e4 ymm\u00e4rt\u00e4\u00e4, miten ohjelmistojen lokalisointipalvelut liittyv\u00e4t tarpeisiisi. Jos yrityksesi toimii kansainv\u00e4lisesti, tarvitset aika ajoin ohjelmistojen lokalisointiyrityksen palveluja. T\u00e4m\u00e4 on t\u00e4rke\u00e4\u00e4, jotta voit antaa asiakkaillesi jotakin todellista ja konkreettista, jota he voivat innokkaasti odottaa. N\u00e4it\u00e4 palveluja k\u00e4ytt\u00e4m\u00e4ll\u00e4 asiakkaasi voivat olla vuorovaikutuksessa kanssasi reaaliaikaisesti tarvitsematta huolehtia mist\u00e4\u00e4n.<\/p>\n<p style=\"text-align: center;\">T\u00e4ll\u00e4 hetkell\u00e4 markkinoilla on paljon lokalisointia tarvitsevia, mutta vain v\u00e4h\u00e4n tarjoajia, jotka pystyv\u00e4t vastaamaan n\u00e4iden tarpeisiin. Etsiess\u00e4si lokalisointipalvelujen tarjoajaa sinun on varmistettava, ett\u00e4 se t\u00e4ytt\u00e4\u00e4 tarpeesi. Sinun on huolehdittava siit\u00e4, ett\u00e4 k\u00e4yt\u00e4t yrityst\u00e4, joka on ammattilainen kaikissa toimissaan. Sen ansiosta ty\u00f6si tulee varmasti erottumaan muista.<\/p>\n<p>[\/vc_column_text][\/vc_column_inner][\/vc_row_inner][\/vc_column][\/vc_row][vc_row rowtype=&#8221;fullw&#8221; padding=&#8221;20px 0&#8243;][vc_column][vc_empty_space height=&#8221;70px&#8221;][vc_row_inner][vc_column_inner width=&#8221;1\/4&#8243;][vc_single_image image=&#8221;9918&#8243; img_size=&#8221;full&#8221; css_animation=&#8221;fadeInLeft&#8221;][vc_empty_space][\/vc_column_inner][vc_column_inner width=&#8221;3\/4&#8243;][vc_text_separator title=&#8221;Ohjelmistojen lokalisointipalveluja tarjoavat ammattilaiset&#8221; style=&#8221;double&#8221;][vc_empty_space][vc_column_text css_animation=&#8221;fadeInRight&#8221;]<\/p>\n<p style=\"text-align: left;\">Ohjelmistoja on lokalisoitu jo jonkin aikaa, aina siit\u00e4 l\u00e4htien, kun kansainv\u00e4liset ohjelmistoyritykset ymm\u00e4rsiv\u00e4t, ett\u00e4 ne voisivat lis\u00e4t\u00e4 myynti\u00e4, jos niiden ohjelmisto k\u00e4\u00e4nnett\u00e4isiin ja lokalisoitaisiin tietyille markkinoille. Jotkin menestyiv\u00e4t erinomaisesti tuotteidensa lokalisoinnissa onnistuen kasvattamaan myynti\u00e4\u00e4n, toiset heikommin.<\/p>\n<p style=\"text-align: left;\">Vain muutamat yritykset pystyv\u00e4t lokalisoimaan ohjelmistosi tai sovelluksesi t\u00e4ydellisesti. Ohjelmistotuotteesi lokalisointiin tietyille markkinoille on my\u00f6s erilaisia ohjelmistoja.; Niill\u00e4 saavutettu tulos on kuitenkin harvoin toivotunlainen.<\/p>\n<p style=\"text-align: left;\">NordicTransilla on markkinoiden parhaat asiantuntijat, ja se tarjoaa laadukkaita lokalisointipalveluja. Olipa kyseess\u00e4 pieni sovellus tai t\u00e4ydellinen ohjelmistopaketti, me voimme lokalisoida sen.<\/p>\n<p style=\"text-align: left;\">Kuinka? Lyhyesti ja ytimekk\u00e4\u00e4sti, asiantuntijamme poimivat ensin kaiken, mik\u00e4 edellytt\u00e4\u00e4 k\u00e4\u00e4nt\u00e4mist\u00e4, ja l\u00e4hett\u00e4v\u00e4t sen k\u00e4\u00e4nt\u00e4jillemme. Kun k\u00e4\u00e4nn\u00f6kset on tehty, ne lis\u00e4t\u00e4\u00e4n takaisin tuotteeseesi. Loppujen lopuksi tuotteesi sek\u00e4 front end ett\u00e4 back end k\u00e4\u00e4nnet\u00e4\u00e4n ja mukautetaan vastaamaan kohdemarkkinoiden kulttuurisia ja teknisi\u00e4 vaatimuksia. T\u00e4m\u00e4n j\u00e4lkeen ohjelmistosi k\u00e4y l\u00e4pi tiukan testiprosessin sen varmistamiseksi, ett\u00e4 lopputuote on t\u00e4ydellinen.<\/p>\n<p>[\/vc_column_text][\/vc_column_inner][\/vc_row_inner][vc_empty_space][\/vc_column][\/vc_row][vc_row type=&#8221;vc_default&#8221; bg_type=&#8221;bg_color&#8221; bg_override=&#8221;full&#8221; rowtype=&#8221;fullw&#8221; padding=&#8221;20px 0&#8243; css=&#8221;.vc_custom_1478765602542{padding-top: 20px !important;padding-right: 0px !important;padding-bottom: 20px !important;padding-left: 0px !important;}&#8221; bg_color_value=&#8221;#ebebeb&#8221;][vc_column][vc_empty_space][vc_custom_heading text=&#8221;Virheet ohjelmiston lokalisoinnissa johtavat huonoihin tuloksiin&#8221; font_container=&#8221;tag:h2|text_align:center|color:%232c5a85&#8243; google_fonts=&#8221;font_family:Roboto%3A100%2C100italic%2C300%2C300italic%2Cregular%2Citalic%2C500%2C500italic%2C700%2C700italic%2C900%2C900italic|font_style:400%20regular%3A400%3Anormal&#8221;][vc_empty_space][vc_separator color=&#8221;custom&#8221; border_width=&#8221;5&#8243; el_width=&#8221;10&#8243; accent_color=&#8221;#999999&#8243;][vc_empty_space][vc_column_text css_animation=&#8221;zoomIn&#8221;]<\/p>\n<p style=\"text-align: center;\">Erityisesti verkkoyritys tarvitsee palvelun toimitukseen erinomaisen ohjelmistojen lokalisointiyrityksen, jota ei voi pit\u00e4\u00e4 itsest\u00e4\u00e4nselvyyten\u00e4. Sinun on eritt\u00e4in t\u00e4rke\u00e4\u00e4 varmistaa, ett\u00e4 ty\u00f6skentelet vain alan parhaan kanssa, jotta saat paremman mahdollisuuden menestykseen. Yhdell\u00e4 virheell\u00e4 voi olla tuhoisia seurauksia, sill\u00e4 k\u00e4ytt\u00e4j\u00e4si kyseenalaistavat tuotteesi laadun ja etsiv\u00e4t vaihtoehtoja muualta.<\/p>\n<p style=\"text-align: center;\">Me tarjoamme er\u00e4it\u00e4 parhaita lokalisointipalveluja t\u00e4ll\u00e4 hetkell\u00e4. Saat meilt\u00e4 kaiken tarvitsemasi. Sinulla on paljon teht\u00e4v\u00e4\u00e4 saadaksesi parhaan hy\u00f6ty\u00e4 meist\u00e4. T\u00e4rkeint\u00e4 on kuitenkin kirjoittaa luettelo tarvitsemistasi asioista ja kertoa ne meille. Siit\u00e4 voimme l\u00e4hte\u00e4 liikkeelle ja tehd\u00e4 kaiken tavalla, jota tarvitset yrityksesi tehokkaaseen toimintaan.<\/p>\n<p>[\/vc_column_text][vc_empty_space height=&#8221;50px&#8221;][\/vc_column][\/vc_row][vc_row rowtype=&#8221;fullw&#8221; padding=&#8221;20px 0&#8243;][vc_column][vc_empty_space][vc_custom_heading text=&#8221;Jos tarvitset laadukkaita ohjelmistojen lokalisointipalveluja, ota yhteytt\u00e4 meihin jo t\u00e4n\u00e4\u00e4n&#8221; font_container=&#8221;tag:h2|text_align:center|color:%232c5a85&#8243; google_fonts=&#8221;font_family:Roboto%3A100%2C100italic%2C300%2C300italic%2Cregular%2Citalic%2C500%2C500italic%2C700%2C700italic%2C900%2C900italic|font_style:400%20regular%3A400%3Anormal&#8221;][vc_empty_space][vc_column_text css_animation=&#8221;zoomInUp&#8221;]<\/p>\n<p style=\"text-align: center;\">Ty\u00f6skentelemme 24 tuntia p\u00e4iv\u00e4ss\u00e4, 7 p\u00e4iv\u00e4\u00e4 viikossa. Tarjouksen tai lis\u00e4tietojen pyyt\u00e4minen on helppoa joko puhelimitse, s\u00e4hk\u00f6postitse tai live chatissa. Projektip\u00e4\u00e4llikk\u00f6mme ovat aina online-tilassa palvellakseen sinua!<\/p>\n<p>[\/vc_column_text][vc_empty_space height=&#8221;50px&#8221;][\/vc_column][\/vc_row][vc_row type=&#8221;3&#8243; margin_bottom=&#8221;0px&#8221; full_width_row=&#8221;true&#8221; rowtype=&#8221;fullw&#8221; textalign=&#8221;center&#8221; padding=&#8221;30px 0px&#8221; css=&#8221;.vc_custom_1479125373281{margin-bottom: 0px !important;padding-top: 30px !important;padding-right: 0px !important;padding-bottom: 30px !important;padding-left: 0px !important;}&#8221; el_class=&#8221;live-contact-btn-wrap&#8221;][vc_column][vc_cta h2=&#8221;Oletko valmis? Aloitetaan: &#8221; add_button=&#8221;right&#8221; btn_title=&#8221;LIVE-YHTEYS&#8221; btn_style=&#8221;custom&#8221; btn_custom_background=&#8221;#ffffff&#8221; btn_custom_text=&#8221;#2a4a8f&#8221; btn_shape=&#8221;round&#8221; btn_align=&#8221;center&#8221; btn_custom_onclick=&#8221;true&#8221; btn_smooth_scroll=&#8221;true&#8221; btn_link=&#8221;url:https%3A%2F%2Fwww.nordictrans.com%2Fchat-popup%2F|||&#8221; el_class=&#8221;live-contact-btn&#8221;][\/vc_cta][\/vc_column][\/vc_row]<\/p>\n<\/div>","protected":false},"excerpt":{"rendered":"<p>[vc_row][vc_column][\/vc_column][\/vc_row][vc_row][vc_column][vc_raw_html]JTNDZGl2JTIwaWQlM0QlMjJzZWNvbmRfYnJlZCUyMiUyMGNsYXNzJTNEJTIyd2YtdGQlMjIlM0UlM0MlMkZkaXYlM0U=[\/vc_raw_html][\/vc_column][\/vc_row][vc_row rowtype=&#8221;fullw&#8221; textalign=&#8221;center&#8221;][vc_column][vc_empty_space][vc_column_text css_animation=&#8221;zoomIn&#8221;] Ohjelmistojen Lokalisointipalvelut [\/vc_column_text][vc_empty_space][vc_row_inner][vc_column_inner][vc_column_text css_animation=&#8221;zoomInUp&#8221;] Nyky\u00e4\u00e4n jokaisella yrityksell\u00e4 on omat ainutlaatuiset tarpeensa. On t\u00e4rke\u00e4\u00e4 ymm\u00e4rt\u00e4\u00e4, miten ohjelmistojen lokalisointipalvelut liittyv\u00e4t tarpeisiisi. Jos yrityksesi toimii kansainv\u00e4lisesti, tarvitset aika ajoin ohjelmistojen lokalisointiyrityksen palveluja. T\u00e4m\u00e4 on t\u00e4rke\u00e4\u00e4, jotta voit antaa asiakkaillesi jotakin todellista ja konkreettista, jota he voivat innokkaasti odottaa. N\u00e4it\u00e4 palveluja k\u00e4ytt\u00e4m\u00e4ll\u00e4 asiakkaasi voivat olla&hellip;<\/p>\n","protected":false},"author":1,"featured_media":34627,"parent":23652,"menu_order":0,"comment_status":"closed","ping_status":"closed","template":"","meta":{"_acf_changed":false,"footnotes":""},"class_list":["post-23788","page","type-page","status-publish","has-post-thumbnail","hentry","description-off"],"acf":[],"yoast_head":"<!-- This site is optimized with the Yoast SEO Premium plugin v26.5 (Yoast SEO v26.5) - https:\/\/yoast.com\/wordpress\/plugins\/seo\/ -->\n<title>Luotettavia ohjelmistojen lokalisointipalvelut \u2013 NordicTrans<\/title>\n<meta name=\"description\" content=\"NordicTrans tarjoaa laadukkaita ohjelmistojen lokalisointipalvelut; Olipa kyseess\u00e4 pieni sovellus tai t\u00e4ydellinen ohjelmistopaketti, me hoidamme sen.\" \/>\n<meta name=\"robots\" content=\"index, follow, max-snippet:-1, max-image-preview:large, max-video-preview:-1\" \/>\n<link rel=\"canonical\" href=\"https:\/\/www.nordictrans.com\/fi\/kaannospalveluja\/ohjelmistojen-lokalisointipalvelut\/\" \/>\n<meta property=\"og:locale\" content=\"fi_FI\" \/>\n<meta property=\"og:type\" content=\"article\" \/>\n<meta property=\"og:title\" content=\"Software Localization Services Company | NordicTrans\" \/>\n<meta property=\"og:description\" content=\"NordicTrans is a company which provides high quality software localization services, if you have a small app or a full software suite, we can do it.\" \/>\n<meta property=\"og:url\" content=\"https:\/\/www.nordictrans.com\/fi\/kaannospalveluja\/ohjelmistojen-lokalisointipalvelut\/\" \/>\n<meta property=\"og:site_name\" content=\"Nordictrans.com\" \/>\n<meta property=\"article:publisher\" content=\"https:\/\/www.facebook.com\/NordicTrans\" \/>\n<meta property=\"article:modified_time\" content=\"2018-02-08T14:03:55+00:00\" \/>\n<meta property=\"og:image\" content=\"https:\/\/www.nordictrans.com\/wp-content\/uploads\/2018\/07\/software-localization-services.png\" \/>\n\t<meta property=\"og:image:width\" content=\"1903\" \/>\n\t<meta property=\"og:image:height\" content=\"670\" \/>\n\t<meta property=\"og:image:type\" content=\"image\/png\" \/>\n<meta name=\"twitter:card\" content=\"summary_large_image\" \/>\n<meta name=\"twitter:title\" content=\"Software Localization Services Company | NordicTrans\" \/>\n<meta name=\"twitter:description\" content=\"Software localization services are providing by Nordictrans Company. If you have a small app or a full software suite, we can do it.\" \/>\n<meta name=\"twitter:site\" content=\"@NordicTrans\" \/>\n<meta name=\"twitter:label1\" content=\"Arvioitu lukuaika\" \/>\n\t<meta name=\"twitter:data1\" content=\"4 minuuttia\" \/>\n<!-- \/ Yoast SEO Premium plugin. -->","yoast_head_json":{"title":"Luotettavia ohjelmistojen lokalisointipalvelut \u2013 NordicTrans","description":"NordicTrans tarjoaa laadukkaita ohjelmistojen lokalisointipalvelut; Olipa kyseess\u00e4 pieni sovellus tai t\u00e4ydellinen ohjelmistopaketti, me hoidamme sen.","robots":{"index":"index","follow":"follow","max-snippet":"max-snippet:-1","max-image-preview":"max-image-preview:large","max-video-preview":"max-video-preview:-1"},"canonical":"https:\/\/www.nordictrans.com\/fi\/kaannospalveluja\/ohjelmistojen-lokalisointipalvelut\/","og_locale":"fi_FI","og_type":"article","og_title":"Software Localization Services Company | NordicTrans","og_description":"NordicTrans is a company which provides high quality software localization services, if you have a small app or a full software suite, we can do it.","og_url":"https:\/\/www.nordictrans.com\/fi\/kaannospalveluja\/ohjelmistojen-lokalisointipalvelut\/","og_site_name":"Nordictrans.com","article_publisher":"https:\/\/www.facebook.com\/NordicTrans","article_modified_time":"2018-02-08T14:03:55+00:00","og_image":[{"width":1903,"height":670,"url":"https:\/\/www.nordictrans.com\/wp-content\/uploads\/2018\/07\/software-localization-services.png","type":"image\/png"}],"twitter_card":"summary_large_image","twitter_title":"Software Localization Services Company | NordicTrans","twitter_description":"Software localization services are providing by Nordictrans Company. If you have a small app or a full software suite, we can do it.","twitter_site":"@NordicTrans","twitter_misc":{"Arvioitu lukuaika":"4 minuuttia"},"schema":{"@context":"https:\/\/schema.org","@graph":[{"@type":"WebPage","@id":"https:\/\/www.nordictrans.com\/fi\/kaannospalveluja\/ohjelmistojen-lokalisointipalvelut\/","url":"https:\/\/www.nordictrans.com\/fi\/kaannospalveluja\/ohjelmistojen-lokalisointipalvelut\/","name":"Luotettavia ohjelmistojen lokalisointipalvelut \u2013 NordicTrans","isPartOf":{"@id":"https:\/\/www.nordictrans.com\/fi\/#website"},"primaryImageOfPage":{"@id":"https:\/\/www.nordictrans.com\/fi\/kaannospalveluja\/ohjelmistojen-lokalisointipalvelut\/#primaryimage"},"image":{"@id":"https:\/\/www.nordictrans.com\/fi\/kaannospalveluja\/ohjelmistojen-lokalisointipalvelut\/#primaryimage"},"thumbnailUrl":"https:\/\/www.nordictrans.com\/wp-content\/uploads\/2018\/07\/software-localization-services.png","datePublished":"2016-12-28T12:31:25+00:00","dateModified":"2018-02-08T14:03:55+00:00","description":"NordicTrans tarjoaa laadukkaita ohjelmistojen lokalisointipalvelut; Olipa kyseess\u00e4 pieni sovellus tai t\u00e4ydellinen ohjelmistopaketti, me hoidamme sen.","breadcrumb":{"@id":"https:\/\/www.nordictrans.com\/fi\/kaannospalveluja\/ohjelmistojen-lokalisointipalvelut\/#breadcrumb"},"inLanguage":"fi","potentialAction":[{"@type":"ReadAction","target":["https:\/\/www.nordictrans.com\/fi\/kaannospalveluja\/ohjelmistojen-lokalisointipalvelut\/"]}]},{"@type":"ImageObject","inLanguage":"fi","@id":"https:\/\/www.nordictrans.com\/fi\/kaannospalveluja\/ohjelmistojen-lokalisointipalvelut\/#primaryimage","url":"https:\/\/www.nordictrans.com\/wp-content\/uploads\/2018\/07\/software-localization-services.png","contentUrl":"https:\/\/www.nordictrans.com\/wp-content\/uploads\/2018\/07\/software-localization-services.png","width":1903,"height":670,"caption":"Software Localization Services"},{"@type":"BreadcrumbList","@id":"https:\/\/www.nordictrans.com\/fi\/kaannospalveluja\/ohjelmistojen-lokalisointipalvelut\/#breadcrumb","itemListElement":[{"@type":"ListItem","position":1,"name":"Home","item":"https:\/\/www.nordictrans.com\/fi\/"},{"@type":"ListItem","position":2,"name":"Kaannospalveluja","item":"https:\/\/www.nordictrans.com\/fi\/kaannospalveluja\/"},{"@type":"ListItem","position":3,"name":"Ohjelmistojen lokalisointipalvelut"}]},{"@type":"WebSite","@id":"https:\/\/www.nordictrans.com\/fi\/#website","url":"https:\/\/www.nordictrans.com\/fi\/","name":"Nordictrans.com","description":"Translation Agency specialized in Nordic Languages","publisher":{"@id":"https:\/\/www.nordictrans.com\/fi\/#organization"},"potentialAction":[{"@type":"SearchAction","target":{"@type":"EntryPoint","urlTemplate":"https:\/\/www.nordictrans.com\/fi\/?s={search_term_string}"},"query-input":{"@type":"PropertyValueSpecification","valueRequired":true,"valueName":"search_term_string"}}],"inLanguage":"fi"},{"@type":"Organization","@id":"https:\/\/www.nordictrans.com\/fi\/#organization","name":"NordicTrans","url":"https:\/\/www.nordictrans.com\/fi\/","logo":{"@type":"ImageObject","inLanguage":"fi","@id":"https:\/\/www.nordictrans.com\/fi\/#\/schema\/logo\/image\/","url":"https:\/\/www.nordictrans.com\/wp-content\/uploads\/2015\/02\/logoNT.png","contentUrl":"https:\/\/www.nordictrans.com\/wp-content\/uploads\/2015\/02\/logoNT.png","width":272,"height":92,"caption":"NordicTrans"},"image":{"@id":"https:\/\/www.nordictrans.com\/fi\/#\/schema\/logo\/image\/"},"sameAs":["https:\/\/www.facebook.com\/NordicTrans","https:\/\/x.com\/NordicTrans","https:\/\/www.instagram.com\/NordictransUS","https:\/\/www.linkedin.com\/company\/nordictrans","https:\/\/www.pinterest.com\/nordictrans01","https:\/\/www.youtube.com\/c\/nordictrans"]}]}},"_links":{"self":[{"href":"https:\/\/www.nordictrans.com\/fi\/wp-json\/wp\/v2\/pages\/23788","targetHints":{"allow":["GET"]}}],"collection":[{"href":"https:\/\/www.nordictrans.com\/fi\/wp-json\/wp\/v2\/pages"}],"about":[{"href":"https:\/\/www.nordictrans.com\/fi\/wp-json\/wp\/v2\/types\/page"}],"author":[{"embeddable":true,"href":"https:\/\/www.nordictrans.com\/fi\/wp-json\/wp\/v2\/users\/1"}],"replies":[{"embeddable":true,"href":"https:\/\/www.nordictrans.com\/fi\/wp-json\/wp\/v2\/comments?post=23788"}],"version-history":[{"count":5,"href":"https:\/\/www.nordictrans.com\/fi\/wp-json\/wp\/v2\/pages\/23788\/revisions"}],"predecessor-version":[{"id":26975,"href":"https:\/\/www.nordictrans.com\/fi\/wp-json\/wp\/v2\/pages\/23788\/revisions\/26975"}],"up":[{"embeddable":true,"href":"https:\/\/www.nordictrans.com\/fi\/wp-json\/wp\/v2\/pages\/23652"}],"wp:featuredmedia":[{"embeddable":true,"href":"https:\/\/www.nordictrans.com\/fi\/wp-json\/wp\/v2\/media\/34627"}],"wp:attachment":[{"href":"https:\/\/www.nordictrans.com\/fi\/wp-json\/wp\/v2\/media?parent=23788"}],"curies":[{"name":"wp","href":"https:\/\/api.w.org\/{rel}","templated":true}]}}