{"id":23705,"date":"2016-12-23T13:58:37","date_gmt":"2016-12-23T13:58:37","guid":{"rendered":"http:\/\/dev.nordictrans.com\/asiakirjojen-kaeaennoespalvelut\/"},"modified":"2023-11-15T09:35:43","modified_gmt":"2023-11-15T09:35:43","slug":"asiakirjojen-kaannospalvelut","status":"publish","type":"page","link":"https:\/\/www.nordictrans.com\/fi\/kaannospalveluja\/asiakirjojen-kaannospalvelut\/","title":{"rendered":"Asiakirjojen k\u00e4\u00e4nn\u00f6spalvelut"},"content":{"rendered":"<div class=\"wpb-content-wrapper\"><p>[vc_row][vc_column]\n\t\t\t<!-- START Document Translation REVOLUTION SLIDER 6.6.16 --><p class=\"rs-p-wp-fix\"><\/p>\n\t\t\t<rs-module-wrap id=\"rev_slider_4_1_wrapper\" data-source=\"gallery\" style=\"visibility:hidden;background:transparent;padding:0;margin:0px auto;margin-top:0;margin-bottom:0;\">\n\t\t\t\t<rs-module id=\"rev_slider_4_1\" style=\"\" data-version=\"6.6.16\">\n\t\t\t\t\t<rs-slides style=\"overflow: hidden; position: absolute;\">\n\t\t\t\t\t\t<rs-slide style=\"position: absolute;\" data-key=\"rs-77\" data-title=\"Slide\" data-anim=\"adpr:false;\">\n\t\t\t\t\t\t\t<img decoding=\"async\" src=\"\/\/www.nordictrans.com\/wp-content\/plugins\/revslider\/public\/assets\/assets\/dummy.png\" alt=\"document-translation-2200x1440\" title=\"document-translation-2200&#215;1440\" width=\"1903\" height=\"670\" class=\"rev-slidebg tp-rs-img rs-lazyload\" data-lazyload=\"\/\/www.nordictrans.com\/wp-content\/uploads\/2016\/02\/document-translation-2200x1440-1-1903x670.jpg\" data-parallax=\"15\" data-no-retina>\n<!--\n\t\t\t\t\t\t\t--><rs-layer\n\t\t\t\t\t\t\t\tid=\"slider-4-slide-77-layer-1\" \n\t\t\t\t\t\t\t\tdata-type=\"text\"\n\t\t\t\t\t\t\t\tdata-color=\"rgba(153,153,153,1)\"\n\t\t\t\t\t\t\t\tdata-rsp_ch=\"on\"\n\t\t\t\t\t\t\t\tdata-xy=\"xo:53px,43px,28px,25px;yo:272px,245px,202px,177px;\"\n\t\t\t\t\t\t\t\tdata-text=\"s:50,60,40,30;l:50,60,40,30;fw:700;a:inherit;\"\n\t\t\t\t\t\t\t\tdata-frame_0=\"tp:600;\"\n\t\t\t\t\t\t\t\tdata-frame_1=\"tp:600;st:0;\"\n\t\t\t\t\t\t\t\tdata-frame_999=\"o:0;tp:600;st:w;sR:8699.99969482;\"\n\t\t\t\t\t\t\t\tstyle=\"z-index:5;font-family:'Open Sans';opacity:0.6;\"\n\t\t\t\t\t\t\t>\nASIAKIRJOJEN<br\/>\nK\u00c4\u00c4NN\u00d6SPALVELUT \n\t\t\t\t\t\t\t<\/rs-layer><!--\n-->\t\t\t\t\t\t<\/rs-slide>\n\t\t\t\t\t<\/rs-slides>\n\t\t\t\t<\/rs-module>\n\t\t\t\t<script>\n\t\t\t\t\tsetREVStartSize({c: 'rev_slider_4_1',rl:[1240,1024,778,480],el:[655,600,500,400],gw:[1240,1024,778,480],gh:[655,600,500,400],type:'hero',justify:'',layout:'fullwidth',mh:\"0\"});if (window.RS_MODULES!==undefined && window.RS_MODULES.modules!==undefined && window.RS_MODULES.modules[\"revslider41\"]!==undefined) {window.RS_MODULES.modules[\"revslider41\"].once = false;window.revapi4 = undefined;if (window.RS_MODULES.checkMinimal!==undefined) window.RS_MODULES.checkMinimal()}\n\t\t\t\t<\/script>\n\t\t\t<\/rs-module-wrap>\n\t\t\t<!-- END REVOLUTION SLIDER -->\n[\/vc_column][\/vc_row][vc_row][vc_column][vc_raw_html]JTNDZGl2JTIwaWQlM0QlMjJzZWNvbmRfYnJlZCUyMiUyMGNsYXNzJTNEJTIyd2YtdGQlMjIlM0UlM0MlMkZkaXYlM0U=[\/vc_raw_html][\/vc_column][\/vc_row][vc_row rowtype=&#8221;fullw&#8221; textalign=&#8221;center&#8221;][vc_column][vc_empty_space][vc_column_text css_animation=&#8221;zoomIn&#8221;]<\/p>\n<h1 style=\"text-align: center; color: #2c5a85;\"><strong>Asiakirjojen K\u00e4\u00e4nn\u00f6spalvelut <\/strong><\/h1>\n<p>[\/vc_column_text][vc_empty_space][vc_row_inner][vc_column_inner][vc_column_text]<\/p>\n<p style=\"text-align: center;\">Silloin t\u00e4ll\u00f6in meill\u00e4 on tarpeita k\u00e4\u00e4nt\u00e4\u00e4 asiakirjoja kielelt\u00e4 toiselle. T\u00e4m\u00e4 on ymm\u00e4rrett\u00e4v\u00e4\u00e4, sill\u00e4 liike-el\u00e4m\u00e4ss\u00e4 ympyr\u00e4 on sulkeutunut. Tarve liiketaloudellisten tai oikeudellisten asiakirjojen k\u00e4\u00e4nt\u00e4miselle on erityisen tarpeellista ja t\u00e4rke\u00e4\u00e4 ottaen huomioon, mit\u00e4 kaikkea sill\u00e4 voi saada aikaan. Sinun kannattaa pit\u00e4\u00e4 mieless\u00e4si joitakin seikkoja, kun haluat hy\u00f6dynt\u00e4\u00e4 tarjoamiamme k\u00e4\u00e4nn\u00f6spalveluja.<\/p>\n<p>[\/vc_column_text][\/vc_column_inner][\/vc_row_inner][\/vc_column][\/vc_row][vc_row rowtype=&#8221;fullw&#8221; padding=&#8221;20px 0&#8243;][vc_column][vc_empty_space height=&#8221;70px&#8221;][vc_row_inner][vc_column_inner width=&#8221;1\/2&#8243;][vc_single_image image=&#8221;23333&#8243; img_size=&#8221;full&#8221; css_animation=&#8221;fadeInLeft&#8221;][vc_empty_space][\/vc_column_inner][vc_column_inner width=&#8221;1\/2&#8243;][vc_text_separator title=&#8221;Asiakirjojen ammattik\u00e4\u00e4nn\u00f6kset&#8221; style=&#8221;double&#8221;][vc_empty_space][vc_column_text css_animation=&#8221;fadeInRight&#8221;]<\/p>\n<p style=\"text-align: left;\">NordicTrans tarjoaa laadukkaita asiakirjojen k\u00e4\u00e4nn\u00f6ksi\u00e4 riippumatta siit\u00e4, mink\u00e4 tyyppisi\u00e4 ne ovat. Palveluksessamme on l\u00e4hes mihin tahansa alaan erikoistuneita k\u00e4\u00e4nt\u00e4ji\u00e4, ja me valikoimme asiakirjallesi k\u00e4\u00e4nt\u00e4j\u00e4n tarkoin perustuen t\u00e4m\u00e4n kokemukseen alalta, jota asiakirja koskee. Meill\u00e4 l\u00e4\u00e4ketieteeseen erikoistunut k\u00e4\u00e4nt\u00e4j\u00e4 ei k\u00e4\u00e4nn\u00e4 liiketaloudellista asiakirjaa!<\/p>\n<p style=\"text-align: left;\">Tarjoamme asiakirjojen k\u00e4\u00e4nn\u00f6spalveluja seuraavilla aloilla:<\/p>\n<div style=\"width: 250px; margin-right: auto; margin-left: auto; text-align: left;\">\n<p style=\"text-align: left;\"><i class=\"fa fa-check-circle fa-lg\" style=\"color: #81d742;\"><\/i><strong>\u00a0 Liikeyritys k\u00e4\u00e4nn\u00f6kset<\/strong><\/p>\n<p style=\"text-align: left;\"><i class=\"fa fa-check-circle fa-lg\" style=\"color: #81d742;\"><\/i><strong>\u00a0 Tekninen k\u00e4\u00e4nn\u00f6kset<\/strong><\/p>\n<p style=\"text-align: left;\"><i class=\"fa fa-check-circle fa-lg\" style=\"color: #81d742;\"><\/i><strong>\u00a0 L\u00e4\u00e4ketieteelliset k\u00e4\u00e4nn\u00f6kset<\/strong><\/p>\n<p style=\"text-align: left;\"><i class=\"fa fa-check-circle fa-lg\" style=\"color: #81d742;\"><br \/>\n<\/i><strong>\u00a0 Oikeustieteelliset k\u00e4\u00e4nn\u00f6kset<\/strong><\/p>\n<p style=\"text-align: left;\"><i class=\"fa fa-check-circle fa-lg\" style=\"color: #81d742;\"><\/i><strong>\u00a0 Oikeaksi todistetut k\u00e4\u00e4nn\u00f6kset<\/strong><\/p>\n<p style=\"text-align: left;\"><i class=\"fa fa-check-circle fa-lg\" style=\"color: #81d742;\"><\/i><strong>\u00a0 Viralliset k\u00e4\u00e4nn\u00f6kset<\/strong><\/p>\n<p style=\"text-align: left;\"><i class=\"fa fa-check-circle fa-lg\" style=\"color: #81d742;\"><\/i><strong>\u00a0 Ja monet muut\u2026<\/strong><\/p>\n<\/div>\n<p>[\/vc_column_text][\/vc_column_inner][\/vc_row_inner][vc_empty_space][\/vc_column][\/vc_row][vc_row type=&#8221;vc_default&#8221; bg_type=&#8221;bg_color&#8221; bg_override=&#8221;full&#8221; rowtype=&#8221;fullw&#8221; padding=&#8221;20px 0&#8243; css=&#8221;.vc_custom_1478765602542{padding-top: 20px !important;padding-right: 0px !important;padding-bottom: 20px !important;padding-left: 0px !important;}&#8221; bg_color_value=&#8221;#ebebeb&#8221;][vc_column][vc_empty_space][vc_custom_heading text=&#8221;Tied\u00e4 tarkoin, mist\u00e4 maksat&#8221; font_container=&#8221;tag:h2|text_align:center|color:%232c5a85&#8243; google_fonts=&#8221;font_family:Roboto%3A100%2C100italic%2C300%2C300italic%2Cregular%2Citalic%2C500%2C500italic%2C700%2C700italic%2C900%2C900italic|font_style:400%20regular%3A400%3Anormal&#8221;][vc_empty_space][vc_separator color=&#8221;custom&#8221; border_width=&#8221;5&#8243; el_width=&#8221;10&#8243; accent_color=&#8221;#999999&#8243;][vc_empty_space][vc_column_text css_animation=&#8221;zoomIn&#8221;]<\/p>\n<p style=\"text-align: center;\">K\u00e4yt\u00e4mme paljon aikaa ja vaivaa, jotta tulos olisi kannaltasi paras mahdollinen, ja t\u00e4m\u00e4n vuoksi neuvottelemme usein asiakkaidemme kanssa. Konseptinamme on varmistaa, ett\u00e4 tarjotessamme sinulle asiakirjojen k\u00e4\u00e4nn\u00f6spalveluja sin\u00e4 my\u00f6s ymm\u00e4rr\u00e4t ne v\u00e4ist\u00e4m\u00e4tt\u00f6m\u00e4t rajoitukset, jotka liittyv\u00e4t tekem\u00e4\u00e4mme ty\u00f6h\u00f6n. Kyse ei ole ainoastaan siit\u00e4, ett\u00e4 saat tarvitsemasi palvelut, vaan haluamme my\u00f6s varmistaa, ett\u00e4 ymm\u00e4rr\u00e4t ja arvostat tekem\u00e4\u00e4mme ty\u00f6t\u00e4.<\/p>\n<p style=\"text-align: center;\">Haluamme, ett\u00e4 tehdess\u00e4mme yhteisty\u00f6t\u00e4 tied\u00e4t, mist\u00e4 maksat. Tarkastellessasi neuvottelemaamme ja l\u00e4hett\u00e4m\u00e4\u00e4mme tarjousta koskien asiakirjak\u00e4\u00e4nn\u00f6ksi\u00e4, toivomme sinun ymm\u00e4rt\u00e4v\u00e4n sen sis\u00e4ll\u00f6n ja arvostavan sit\u00e4, miksi ja mist\u00e4 meille maksat. T\u00e4ll\u00e4 tavoin tarjous on mahdollisimman l\u00e4pin\u00e4kyv\u00e4 ja oikeudenmukainen. Kokemuksesta voimme sanoa, ett\u00e4 asiakkaan kannattaa aina tiet\u00e4\u00e4, mist\u00e4 ja miksi h\u00e4nt\u00e4 laskutetaan. T\u00e4m\u00e4n avulla voit my\u00f6s paremmin ymm\u00e4rt\u00e4\u00e4 tarvetta k\u00e4ytt\u00e4\u00e4 tarjoamiamme palveluja, ja miksi olemme toistaiseksi parhaita n\u00e4iden palvelujen tuottamisessa.<\/p>\n<p style=\"text-align: center;\">Voimme taata sinulle, ettei meille mik\u00e4\u00e4n ole liian vaikeaa. Kun annat meille toimeksiannon, varmistamme, ett\u00e4 me toimitamme sinulle palvelun parhaan kykymme mukaan.<\/p>\n<p>[\/vc_column_text][vc_empty_space height=&#8221;50px&#8221;][\/vc_column][\/vc_row][vc_row rowtype=&#8221;fullw&#8221; padding=&#8221;20px 0&#8243;][vc_column][vc_empty_space][vc_custom_heading text=&#8221;Asiakirjojen k\u00e4\u00e4nn\u00f6spalvelut l\u00e4hes mill\u00e4 tahansa kielill\u00e4&#8221; font_container=&#8221;tag:h2|text_align:center|color:%232c5a85&#8243; google_fonts=&#8221;font_family:Roboto%3A100%2C100italic%2C300%2C300italic%2Cregular%2Citalic%2C500%2C500italic%2C700%2C700italic%2C900%2C900italic|font_style:400%20regular%3A400%3Anormal&#8221;][vc_empty_space height=&#8221;20px&#8221;][vc_text_separator title=&#8221;Seuraavassa joitakin vahvuuksiamme:&#8221; el_width=&#8221;60&#8243;][vc_empty_space][vc_column_text css_animation=&#8221;zoomInUp&#8221;]<\/p>\n<div style=\"width: 250px; margin-right: auto; margin-left: auto; text-align: center;\">\n<p style=\"text-align: left;\"><i class=\"fa fa-check-circle fa-lg\" style=\"color: #81d742;\"><\/i><strong>\u00a0 Mik\u00e4 tahansa kieliyhdistelm\u00e4<\/strong><\/p>\n<p style=\"text-align: left;\"><i class=\"fa fa-check-circle fa-lg\" style=\"color: #81d742;\"><\/i><strong>\u00a0 Laadukkaat palvelut<\/strong><\/p>\n<p style=\"text-align: left;\"><i class=\"fa fa-check-circle fa-lg\" style=\"color: #81d742;\"><\/i><strong>\u00a0 \u00c4idinkieliset k\u00e4\u00e4nt\u00e4j\u00e4t<\/strong><\/p>\n<p style=\"text-align: left;\"><i class=\"fa fa-check-circle fa-lg\" style=\"color: #81d742;\"><\/i><strong>\u00a0 Oikoluku<\/strong><\/p>\n<p style=\"text-align: left;\"><i class=\"fa fa-check-circle fa-lg\" style=\"color: #81d742;\"><\/i><strong>\u00a0 Nopeat toimitusajat<\/strong><\/p>\n<p style=\"text-align: left;\"><i class=\"fa fa-check-circle fa-lg\" style=\"color: #81d742;\"><\/i><strong>\u00a0 Edulliset hinnat<\/strong><\/p>\n<p style=\"text-align: left;\"><i class=\"fa fa-check-circle fa-lg\" style=\"color: #81d742;\"><\/i><strong>\u00a0 Tavoitettavissa 24\/7<\/strong><\/p>\n<\/div>\n<p>[\/vc_column_text][vc_empty_space height=&#8221;50px&#8221;][\/vc_column][\/vc_row][vc_row type=&#8221;3&#8243; margin_bottom=&#8221;0px&#8221; full_width_row=&#8221;true&#8221; rowtype=&#8221;fullw&#8221; textalign=&#8221;center&#8221; padding=&#8221;30px 0px&#8221; css=&#8221;.vc_custom_1479125193731{margin-bottom: 0px !important;padding-top: 30px !important;padding-right: 0px !important;padding-bottom: 30px !important;padding-left: 0px !important;}&#8221; el_class=&#8221;live-contact-btn-wrap&#8221;][vc_column][vc_cta h2=&#8221;Er du klar? La oss komme i gang: &#8221; add_button=&#8221;right&#8221; btn_title=&#8221;LEVENDE KONTAKT&#8221; btn_style=&#8221;custom&#8221; btn_custom_background=&#8221;#ffffff&#8221; btn_custom_text=&#8221;#2a4a8f&#8221; btn_shape=&#8221;round&#8221; btn_align=&#8221;center&#8221; btn_custom_onclick=&#8221;true&#8221; btn_smooth_scroll=&#8221;true&#8221; btn_link=&#8221;url:https%3A%2F%2Fwww.nordictrans.com%2Fchat-popup%2F|||&#8221; el_class=&#8221;live-contact-btn&#8221;][\/vc_cta][\/vc_column][\/vc_row]<\/p>\n<\/div>","protected":false},"excerpt":{"rendered":"<p>[vc_row][vc_column][\/vc_column][\/vc_row][vc_row][vc_column][vc_raw_html]JTNDZGl2JTIwaWQlM0QlMjJzZWNvbmRfYnJlZCUyMiUyMGNsYXNzJTNEJTIyd2YtdGQlMjIlM0UlM0MlMkZkaXYlM0U=[\/vc_raw_html][\/vc_column][\/vc_row][vc_row rowtype=&#8221;fullw&#8221; textalign=&#8221;center&#8221;][vc_column][vc_empty_space][vc_column_text css_animation=&#8221;zoomIn&#8221;] Asiakirjojen K\u00e4\u00e4nn\u00f6spalvelut [\/vc_column_text][vc_empty_space][vc_row_inner][vc_column_inner][vc_column_text] Silloin t\u00e4ll\u00f6in meill\u00e4 on tarpeita k\u00e4\u00e4nt\u00e4\u00e4 asiakirjoja kielelt\u00e4 toiselle. T\u00e4m\u00e4 on ymm\u00e4rrett\u00e4v\u00e4\u00e4, sill\u00e4 liike-el\u00e4m\u00e4ss\u00e4 ympyr\u00e4 on sulkeutunut. Tarve liiketaloudellisten tai oikeudellisten asiakirjojen k\u00e4\u00e4nt\u00e4miselle on erityisen tarpeellista ja t\u00e4rke\u00e4\u00e4 ottaen huomioon, mit\u00e4 kaikkea sill\u00e4 voi saada aikaan. Sinun kannattaa pit\u00e4\u00e4 mieless\u00e4si joitakin seikkoja, kun haluat hy\u00f6dynt\u00e4\u00e4 tarjoamiamme k\u00e4\u00e4nn\u00f6spalveluja. [\/vc_column_text][\/vc_column_inner][\/vc_row_inner][\/vc_column][\/vc_row][vc_row&hellip;<\/p>\n","protected":false},"author":1,"featured_media":31776,"parent":23652,"menu_order":0,"comment_status":"closed","ping_status":"closed","template":"","meta":{"_acf_changed":false,"footnotes":""},"class_list":["post-23705","page","type-page","status-publish","has-post-thumbnail","hentry","description-off"],"acf":[],"yoast_head":"<!-- This site is optimized with the Yoast SEO Premium plugin v26.5 (Yoast SEO v26.5) - https:\/\/yoast.com\/wordpress\/plugins\/seo\/ -->\n<title>Asiakirjojen k\u00e4\u00e4nn\u00f6spalvelut \u2013 nopeat toimitusajat - NordicTrans<\/title>\n<meta name=\"description\" content=\"Tarkat ja luotettavat asiakirjojen k\u00e4\u00e4nn\u00f6spalvelut. Kulttuurisesti sopeutetut ratkaisut varmistavat sujuvan viestinn\u00e4n.\" \/>\n<meta name=\"robots\" content=\"index, follow, max-snippet:-1, max-image-preview:large, max-video-preview:-1\" \/>\n<link rel=\"canonical\" href=\"https:\/\/www.nordictrans.com\/fi\/kaannospalveluja\/asiakirjojen-kaannospalvelut\/\" \/>\n<meta property=\"og:locale\" content=\"fi_FI\" \/>\n<meta property=\"og:type\" content=\"article\" \/>\n<meta property=\"og:title\" content=\"Asiakirjojen k\u00e4\u00e4nn\u00f6spalvelut\" \/>\n<meta property=\"og:description\" content=\"The need for business or legal document translation services is particularly useful and important, and we are providing just that at affordable rates.\" \/>\n<meta property=\"og:url\" content=\"https:\/\/www.nordictrans.com\/fi\/kaannospalveluja\/asiakirjojen-kaannospalvelut\/\" \/>\n<meta property=\"og:site_name\" content=\"Nordictrans.com\" \/>\n<meta property=\"article:publisher\" content=\"https:\/\/www.facebook.com\/NordicTrans\" \/>\n<meta property=\"article:modified_time\" content=\"2023-11-15T09:35:43+00:00\" \/>\n<meta property=\"og:image\" content=\"https:\/\/www.nordictrans.com\/wp-content\/uploads\/2018\/04\/document-translation-services.png\" \/>\n\t<meta property=\"og:image:width\" content=\"1903\" \/>\n\t<meta property=\"og:image:height\" content=\"670\" \/>\n\t<meta property=\"og:image:type\" content=\"image\/png\" \/>\n<meta name=\"twitter:card\" content=\"summary_large_image\" \/>\n<meta name=\"twitter:title\" content=\"Document Translation Services - High Quality &amp; Fast Turnaround\" \/>\n<meta name=\"twitter:description\" content=\"No matter if you need business or legal document translation services we are able to provide highly accurate translations for any language at low rates.\" \/>\n<meta name=\"twitter:site\" content=\"@NordicTrans\" \/>\n<meta name=\"twitter:label1\" content=\"Arvioitu lukuaika\" \/>\n\t<meta name=\"twitter:data1\" content=\"2 minuuttia\" \/>\n<!-- \/ Yoast SEO Premium plugin. -->","yoast_head_json":{"title":"Asiakirjojen k\u00e4\u00e4nn\u00f6spalvelut \u2013 nopeat toimitusajat - NordicTrans","description":"Tarkat ja luotettavat asiakirjojen k\u00e4\u00e4nn\u00f6spalvelut. Kulttuurisesti sopeutetut ratkaisut varmistavat sujuvan viestinn\u00e4n.","robots":{"index":"index","follow":"follow","max-snippet":"max-snippet:-1","max-image-preview":"max-image-preview:large","max-video-preview":"max-video-preview:-1"},"canonical":"https:\/\/www.nordictrans.com\/fi\/kaannospalveluja\/asiakirjojen-kaannospalvelut\/","og_locale":"fi_FI","og_type":"article","og_title":"Asiakirjojen k\u00e4\u00e4nn\u00f6spalvelut","og_description":"The need for business or legal document translation services is particularly useful and important, and we are providing just that at affordable rates.","og_url":"https:\/\/www.nordictrans.com\/fi\/kaannospalveluja\/asiakirjojen-kaannospalvelut\/","og_site_name":"Nordictrans.com","article_publisher":"https:\/\/www.facebook.com\/NordicTrans","article_modified_time":"2023-11-15T09:35:43+00:00","og_image":[{"width":1903,"height":670,"url":"https:\/\/www.nordictrans.com\/wp-content\/uploads\/2018\/04\/document-translation-services.png","type":"image\/png"}],"twitter_card":"summary_large_image","twitter_title":"Document Translation Services - High Quality & Fast Turnaround","twitter_description":"No matter if you need business or legal document translation services we are able to provide highly accurate translations for any language at low rates.","twitter_site":"@NordicTrans","twitter_misc":{"Arvioitu lukuaika":"2 minuuttia"},"schema":{"@context":"https:\/\/schema.org","@graph":[{"@type":"WebPage","@id":"https:\/\/www.nordictrans.com\/fi\/kaannospalveluja\/asiakirjojen-kaannospalvelut\/","url":"https:\/\/www.nordictrans.com\/fi\/kaannospalveluja\/asiakirjojen-kaannospalvelut\/","name":"Asiakirjojen k\u00e4\u00e4nn\u00f6spalvelut \u2013 nopeat toimitusajat - NordicTrans","isPartOf":{"@id":"https:\/\/www.nordictrans.com\/fi\/#website"},"primaryImageOfPage":{"@id":"https:\/\/www.nordictrans.com\/fi\/kaannospalveluja\/asiakirjojen-kaannospalvelut\/#primaryimage"},"image":{"@id":"https:\/\/www.nordictrans.com\/fi\/kaannospalveluja\/asiakirjojen-kaannospalvelut\/#primaryimage"},"thumbnailUrl":"https:\/\/www.nordictrans.com\/wp-content\/uploads\/2018\/04\/document-translation-services.png","datePublished":"2016-12-23T13:58:37+00:00","dateModified":"2023-11-15T09:35:43+00:00","description":"Tarkat ja luotettavat asiakirjojen k\u00e4\u00e4nn\u00f6spalvelut. Kulttuurisesti sopeutetut ratkaisut varmistavat sujuvan viestinn\u00e4n.","breadcrumb":{"@id":"https:\/\/www.nordictrans.com\/fi\/kaannospalveluja\/asiakirjojen-kaannospalvelut\/#breadcrumb"},"inLanguage":"fi","potentialAction":[{"@type":"ReadAction","target":["https:\/\/www.nordictrans.com\/fi\/kaannospalveluja\/asiakirjojen-kaannospalvelut\/"]}]},{"@type":"ImageObject","inLanguage":"fi","@id":"https:\/\/www.nordictrans.com\/fi\/kaannospalveluja\/asiakirjojen-kaannospalvelut\/#primaryimage","url":"https:\/\/www.nordictrans.com\/wp-content\/uploads\/2018\/04\/document-translation-services.png","contentUrl":"https:\/\/www.nordictrans.com\/wp-content\/uploads\/2018\/04\/document-translation-services.png","width":1903,"height":670,"caption":"Document Translation Services"},{"@type":"BreadcrumbList","@id":"https:\/\/www.nordictrans.com\/fi\/kaannospalveluja\/asiakirjojen-kaannospalvelut\/#breadcrumb","itemListElement":[{"@type":"ListItem","position":1,"name":"Home","item":"https:\/\/www.nordictrans.com\/fi\/"},{"@type":"ListItem","position":2,"name":"Kaannospalveluja","item":"https:\/\/www.nordictrans.com\/fi\/kaannospalveluja\/"},{"@type":"ListItem","position":3,"name":"Asiakirjojen k\u00e4\u00e4nn\u00f6spalvelut"}]},{"@type":"WebSite","@id":"https:\/\/www.nordictrans.com\/fi\/#website","url":"https:\/\/www.nordictrans.com\/fi\/","name":"Nordictrans.com","description":"Translation Agency specialized in Nordic Languages","publisher":{"@id":"https:\/\/www.nordictrans.com\/fi\/#organization"},"potentialAction":[{"@type":"SearchAction","target":{"@type":"EntryPoint","urlTemplate":"https:\/\/www.nordictrans.com\/fi\/?s={search_term_string}"},"query-input":{"@type":"PropertyValueSpecification","valueRequired":true,"valueName":"search_term_string"}}],"inLanguage":"fi"},{"@type":"Organization","@id":"https:\/\/www.nordictrans.com\/fi\/#organization","name":"NordicTrans","url":"https:\/\/www.nordictrans.com\/fi\/","logo":{"@type":"ImageObject","inLanguage":"fi","@id":"https:\/\/www.nordictrans.com\/fi\/#\/schema\/logo\/image\/","url":"https:\/\/www.nordictrans.com\/wp-content\/uploads\/2015\/02\/logoNT.png","contentUrl":"https:\/\/www.nordictrans.com\/wp-content\/uploads\/2015\/02\/logoNT.png","width":272,"height":92,"caption":"NordicTrans"},"image":{"@id":"https:\/\/www.nordictrans.com\/fi\/#\/schema\/logo\/image\/"},"sameAs":["https:\/\/www.facebook.com\/NordicTrans","https:\/\/x.com\/NordicTrans","https:\/\/www.instagram.com\/NordictransUS","https:\/\/www.linkedin.com\/company\/nordictrans","https:\/\/www.pinterest.com\/nordictrans01","https:\/\/www.youtube.com\/c\/nordictrans"]}]}},"_links":{"self":[{"href":"https:\/\/www.nordictrans.com\/fi\/wp-json\/wp\/v2\/pages\/23705","targetHints":{"allow":["GET"]}}],"collection":[{"href":"https:\/\/www.nordictrans.com\/fi\/wp-json\/wp\/v2\/pages"}],"about":[{"href":"https:\/\/www.nordictrans.com\/fi\/wp-json\/wp\/v2\/types\/page"}],"author":[{"embeddable":true,"href":"https:\/\/www.nordictrans.com\/fi\/wp-json\/wp\/v2\/users\/1"}],"replies":[{"embeddable":true,"href":"https:\/\/www.nordictrans.com\/fi\/wp-json\/wp\/v2\/comments?post=23705"}],"version-history":[{"count":5,"href":"https:\/\/www.nordictrans.com\/fi\/wp-json\/wp\/v2\/pages\/23705\/revisions"}],"predecessor-version":[{"id":62769,"href":"https:\/\/www.nordictrans.com\/fi\/wp-json\/wp\/v2\/pages\/23705\/revisions\/62769"}],"up":[{"embeddable":true,"href":"https:\/\/www.nordictrans.com\/fi\/wp-json\/wp\/v2\/pages\/23652"}],"wp:featuredmedia":[{"embeddable":true,"href":"https:\/\/www.nordictrans.com\/fi\/wp-json\/wp\/v2\/media\/31776"}],"wp:attachment":[{"href":"https:\/\/www.nordictrans.com\/fi\/wp-json\/wp\/v2\/media?parent=23705"}],"curies":[{"name":"wp","href":"https:\/\/api.w.org\/{rel}","templated":true}]}}