{"id":23660,"date":"2016-12-19T11:15:53","date_gmt":"2016-12-19T11:15:53","guid":{"rendered":"http:\/\/dev.nordictrans.com\/fi-website-translation-services\/"},"modified":"2023-11-15T10:07:50","modified_gmt":"2023-11-15T10:07:50","slug":"verkkosivustojen-kaannospalvelut","status":"publish","type":"page","link":"https:\/\/www.nordictrans.com\/fi\/kaannospalveluja\/verkkosivustojen-kaannospalvelut\/","title":{"rendered":"Verkkosivustojen k\u00e4\u00e4nn\u00f6spalvelut"},"content":{"rendered":"<div class=\"wpb-content-wrapper\"><p>[vc_row][vc_column]\n\t\t\t<!-- START Website Translation REVOLUTION SLIDER 6.6.16 --><p class=\"rs-p-wp-fix\"><\/p>\n\t\t\t<rs-module-wrap id=\"rev_slider_5_1_wrapper\" data-source=\"gallery\" style=\"visibility:hidden;background:transparent;padding:0;margin:0px auto;margin-top:0;margin-bottom:0;\">\n\t\t\t\t<rs-module id=\"rev_slider_5_1\" style=\"\" data-version=\"6.6.16\">\n\t\t\t\t\t<rs-slides style=\"overflow: hidden; position: absolute;\">\n\t\t\t\t\t\t<rs-slide style=\"position: absolute;\" data-key=\"rs-76\" data-title=\"Slide\" data-anim=\"adpr:false;\">\n\t\t\t\t\t\t\t<img decoding=\"async\" src=\"\/\/www.nordictrans.com\/wp-content\/plugins\/revslider\/public\/assets\/assets\/dummy.png\" alt=\"\" title=\"Verkkosivustojen k\u00e4\u00e4nn\u00f6spalvelut\" class=\"rev-slidebg tp-rs-img rs-lazyload\" data-lazyload=\"\/\/www.nordictrans.com\/wp-content\/uploads\/2018\/04\/website-translation-services-1.png\" data-parallax=\"15\" data-no-retina>\n<!--\n\t\t\t\t\t\t\t--><rs-layer\n\t\t\t\t\t\t\t\tid=\"slider-5-slide-76-layer-1\" \n\t\t\t\t\t\t\t\tdata-type=\"text\"\n\t\t\t\t\t\t\t\tdata-color=\"rgba(153,153,153,1)\"\n\t\t\t\t\t\t\t\tdata-rsp_ch=\"on\"\n\t\t\t\t\t\t\t\tdata-xy=\"xo:109px,11px,9px,14px;yo:323px,256px,230px,182px;\"\n\t\t\t\t\t\t\t\tdata-text=\"s:50,60,40,30;l:50,60,40,30;fw:700;a:inherit;\"\n\t\t\t\t\t\t\t\tdata-frame_0=\"tp:600;\"\n\t\t\t\t\t\t\t\tdata-frame_1=\"tp:600;st:0;\"\n\t\t\t\t\t\t\t\tdata-frame_999=\"o:0;tp:600;st:w;sR:8700.0006103516;\"\n\t\t\t\t\t\t\t\tstyle=\"z-index:5;font-family:'Open Sans';opacity:0.6;\"\n\t\t\t\t\t\t\t>\nVERKKOSIVUSTOJEN<br\/>\n K\u00c4\u00c4NN\u00d6SPALVELUT \n\t\t\t\t\t\t\t<\/rs-layer><!--\n-->\t\t\t\t\t\t<\/rs-slide>\n\t\t\t\t\t<\/rs-slides>\n\t\t\t\t<\/rs-module>\n\t\t\t\t<script>\n\t\t\t\t\tsetREVStartSize({c: 'rev_slider_5_1',rl:[1240,1024,778,480],el:[655,600,500,400],gw:[1240,1024,778,480],gh:[655,600,500,400],type:'hero',justify:'',layout:'fullwidth',mh:\"0\"});if (window.RS_MODULES!==undefined && window.RS_MODULES.modules!==undefined && window.RS_MODULES.modules[\"revslider51\"]!==undefined) {window.RS_MODULES.modules[\"revslider51\"].once = false;window.revapi5 = undefined;if (window.RS_MODULES.checkMinimal!==undefined) window.RS_MODULES.checkMinimal()}\n\t\t\t\t<\/script>\n\t\t\t<\/rs-module-wrap>\n\t\t\t<!-- END REVOLUTION SLIDER -->\n[\/vc_column][\/vc_row][vc_row][vc_column][vc_raw_html]JTNDZGl2JTIwaWQlM0QlMjJzZWNvbmRfYnJlZCUyMiUyMGNsYXNzJTNEJTIyd2YtdGQlMjIlM0UlM0MlMkZkaXYlM0U=[\/vc_raw_html][\/vc_column][\/vc_row][vc_row rowtype=&#8221;fullw&#8221; textalign=&#8221;center&#8221;][vc_column][vc_empty_space][vc_column_text]<\/p>\n<h1 style=\"text-align: center; color: #2c5a85;\"><strong>Verkkosivustojen K\u00e4\u00e4nn\u00f6spalvelut<\/strong><\/h1>\n<p>[\/vc_column_text][vc_empty_space][vc_row_inner][vc_column_inner][vc_column_text]<\/p>\n<p style=\"text-align: center;\">Tarvitessasi verkkosivustojen k\u00e4\u00e4nn\u00f6spalveluja on t\u00e4rke\u00e4\u00e4 varmistaa, ett\u00e4 saat ne alan ammattilaisilta. Ammattitaitoisten palveluntarjoajien valitsemiseen on monia syit\u00e4. Er\u00e4s t\u00e4rkeimmist\u00e4 on se, ett\u00e4 ammattilaiset tarjoavat verkkosivustojen lokalisointia. Nykyajan liike-el\u00e4m\u00e4ss\u00e4 verkkosivustojen lokalisoinnista ei koskaan voi olla varma, vaan aina on varmistettava, ett\u00e4 se tulee tehty\u00e4 oikein. N\u00e4in sinulla on parempi mahdollisuus saada liiketoiminnastasi voittoa.<\/p>\n<p style=\"text-align: center;\">Internet-liiketoiminta on t\u00e4ll\u00e4 hetkell\u00e4 er\u00e4s yleisimmist\u00e4 tulonl\u00e4hteist\u00e4 monille yritt\u00e4jille. T\u00e4st\u00e4 syyst\u00e4 verkkosivuston k\u00e4\u00e4nt\u00e4minen kannattaa, sill\u00e4 voit uskaltautua laajentumaan tarvitsematta huolehtia mist\u00e4\u00e4n. Yritykset rikkovat rajoja ja pyrkiv\u00e4t valloittamaan uusia alueita. Verkkosivustojen k\u00e4\u00e4nt\u00e4minen on t\u00e4ll\u00e4 hetkell\u00e4 er\u00e4s parhaista edellytyksist\u00e4 menesty\u00e4.<\/p>\n<p>[\/vc_column_text][\/vc_column_inner][\/vc_row_inner][\/vc_column][\/vc_row][vc_row rowtype=&#8221;fullw&#8221; padding=&#8221;20px 0&#8243;][vc_column][vc_empty_space height=&#8221;70px&#8221;][vc_row_inner][vc_column_inner width=&#8221;1\/4&#8243;][vc_single_image image=&#8221;23304&#8243; img_size=&#8221;full&#8221; css_animation=&#8221;fadeInLeft&#8221;][vc_empty_space][\/vc_column_inner][vc_column_inner width=&#8221;3\/4&#8243;][vc_text_separator title=&#8221;Tarvitsetko verkkosivustojen lokalisointipalveluja?&#8221; style=&#8221;double&#8221;][vc_empty_space][vc_column_text css_animation=&#8221;fadeInRight&#8221;]<\/p>\n<p style=\"text-align: left;\">Verkkosivustosi on yrityksesi julkisivu Internet-maailmassa, ja siihen on keskitytt\u00e4v\u00e4 uusien asiakkaiden hankkimiseksi ymp\u00e4ri maailmaa. Yksikieliset sivut eiv\u00e4t mahdollista t\u00e4t\u00e4, vaan ne on k\u00e4\u00e4nnett\u00e4v\u00e4 mahdollisimman monelle kielelle sellaisten asiakkaiden houkuttamiseksi, jotka eiv\u00e4t osaa englantia riitt\u00e4v\u00e4n hyvin. On yleisesti tunnettua, ett\u00e4 vierailijat ovat innokkaampia lukemaan sivustoja tai ostamaan tuotteita, jos sivustot ovat heid\u00e4n omalla \u00e4idinkielell\u00e4\u00e4n. Jos et halua menett\u00e4\u00e4 t\u00e4t\u00e4 mahdollisuutta, verkkosivustojen k\u00e4\u00e4nn\u00f6spalvelumme auttavat sinua.<\/p>\n<p style=\"text-align: left;\">Meill\u00e4 ty\u00f6skentelee erityisi\u00e4 ty\u00f6ryhmi\u00e4, joissa on ammattitaitoisia k\u00e4\u00e4nt\u00e4ji\u00e4, verkkoinsin\u00f6\u00f6rej\u00e4 ja suunnittelijoita. He ovat valmiina k\u00e4ym\u00e4\u00e4n mink\u00e4 tahansa teht\u00e4v\u00e4n kimppuun! Jos sinun on k\u00e4\u00e4nn\u00e4tett\u00e4v\u00e4 ja lokalisoitava verkkosivustosi tietyille markkinoille, voimme tehd\u00e4 sen puolestasi.<\/p>\n<p style=\"text-align: left;\">Tehdess\u00e4si yhteisty\u00f6t\u00e4 meid\u00e4n kanssamme sinun ei tarvitse huolehtia mist\u00e4\u00e4n. Maksuttoman tarjouksen pyyt\u00e4minen vie vain muutaman minuutin, sill\u00e4 tavoitat projektip\u00e4\u00e4llikk\u00f6mme aina live chatista tai muilla yhteydenottotavoilla. T\u00e4m\u00e4n j\u00e4lkeen verkkoinsin\u00f6\u00f6rimme k\u00e4yv\u00e4t l\u00e4pi verkkosivustosi, ja annamme tarjouksen. Kun olet hyv\u00e4ksynyt sen, ty\u00f6ryhm\u00e4mme aloittavat ty\u00f6n projektisi parissa. Kun ty\u00f6 on tehty ja ladattu verkkosivustollesi, laadunhallintaty\u00f6ryhm\u00e4mme suorittaa lopputarkastuksen ja varmistaa, ett\u00e4 kaikki toimii niin kuin pit\u00e4\u00e4.<\/p>\n<p style=\"text-align: left;\">Saat p\u00e4ivityksi\u00e4 toimeksiantosi tilasta milloin tahansa live chat -tukemme kautta; projektillesi nimetty projektip\u00e4\u00e4llikk\u00f6 antaa kaikki tarvitsemasi tiedot.<\/p>\n<p>[\/vc_column_text][\/vc_column_inner][\/vc_row_inner][vc_empty_space][\/vc_column][\/vc_row][vc_row type=&#8221;vc_default&#8221; bg_type=&#8221;bg_color&#8221; bg_override=&#8221;full&#8221; rowtype=&#8221;fullw&#8221; padding=&#8221;20px 0&#8243; css=&#8221;.vc_custom_1478765602542{padding-top: 20px !important;padding-right: 0px !important;padding-bottom: 20px !important;padding-left: 0px !important;}&#8221; bg_color_value=&#8221;#ebebeb&#8221;][vc_column][vc_empty_space][vc_custom_heading text=&#8221;Verkkosivustojen lokalisointia kielimuurien rikkomiseksi?&#8221; font_container=&#8221;tag:h2|text_align:center|color:%232c5a85&#8243; google_fonts=&#8221;font_family:Roboto%3A100%2C100italic%2C300%2C300italic%2Cregular%2Citalic%2C500%2C500italic%2C700%2C700italic%2C900%2C900italic|font_style:400%20regular%3A400%3Anormal&#8221;][vc_empty_space][vc_separator color=&#8221;custom&#8221; border_width=&#8221;5&#8243; el_width=&#8221;10&#8243; accent_color=&#8221;#999999&#8243;][vc_empty_space][vc_column_text css_animation=&#8221;zoomIn&#8221;]<\/p>\n<p style=\"text-align: center;\">Hyv\u00e4 verkkosivustojen k\u00e4\u00e4nn\u00f6spalvelujen tarjoaja on eritt\u00e4in t\u00e4rke\u00e4 erityisesti niille, joiden on rikottava kielimuureja siirty\u00e4kseen uusille markkinoille. K\u00e4\u00e4nn\u00f6sten ansiosta voit olla vuorovaikutuksessa sivustollasi vierailevien ja asiakkaiden kanssa tarvitsematta huolehtia v\u00e4\u00e4rink\u00e4sityksist\u00e4 viestint\u00e4prosessin aikana. Er\u00e4s suurimmista haasteista t\u00e4ll\u00e4 hetkell\u00e4 on se, ett\u00e4 tavallisesti k\u00e4\u00e4nn\u00f6kset halutaan nopeasti.<\/p>\n<p style=\"text-align: center;\">Siin\u00e4 ei ole mit\u00e4\u00e4n v\u00e4\u00e4r\u00e4\u00e4. Erikoistumisemme pohjoismaisiin kieliin varmistaa hy\u00f6dyn sinulle. Emme ainoastaan k\u00e4\u00e4nn\u00e4 ja lokalisoi verkkosivustoja, vaan pystymme my\u00f6s varmistamaan, ett\u00e4 pyyt\u00e4ess\u00e4si n\u00e4it\u00e4 palveluja toimitamme ne sinulle enn\u00e4tysajassa. N\u00e4in sinun tarvitsee kaikkein viimeiseksi olla huolissasi v\u00e4\u00e4rink\u00e4sityksist\u00e4 liiketoimintaa harjoittaessasi, sill\u00e4 me toimitamme palvelut yli odotustesi.<\/p>\n<p>[\/vc_column_text][vc_empty_space height=&#8221;50px&#8221;][\/vc_column][\/vc_row][vc_row rowtype=&#8221;fullw&#8221; padding=&#8221;20px 0&#8243;][vc_column][vc_empty_space][vc_custom_heading text=&#8221;Etk\u00f6 tied\u00e4, kuinka? Meid\u00e4n kanssamme sinun ei tarvitse huolehtia!&#8221; font_container=&#8221;tag:h2|text_align:center|color:%232c5a85&#8243; google_fonts=&#8221;font_family:Roboto%3A100%2C100italic%2C300%2C300italic%2Cregular%2Citalic%2C500%2C500italic%2C700%2C700italic%2C900%2C900italic|font_style:400%20regular%3A400%3Anormal&#8221;][vc_empty_space][vc_column_text css_animation=&#8221;zoomInUp&#8221;]<\/p>\n<p style=\"text-align: center;\">Jos olet huolissasi siit\u00e4, ett\u00e4 et osaa ladata k\u00e4\u00e4nnetty\u00e4 sis\u00e4lt\u00f6\u00e4 sivustollesi, sinun ei tarvitse. Ty\u00f6ryhm\u00e4mme k\u00e4\u00e4nt\u00e4v\u00e4t, lokalisoivat ja oikolukevat sis\u00e4lt\u00f6si. Suunnittelijamme muokkaavat teksti\u00e4 sis\u00e4lt\u00e4vi\u00e4 kuvia ja verkkoinsin\u00f6\u00f6rimme lataavat kaiken sis\u00e4ll\u00f6n sivustollesi varmistaen, ett\u00e4 kaikki on oikein aseteltu ja toimii.<\/p>\n<p style=\"text-align: center;\">Emme j\u00e4t\u00e4 ty\u00f6t\u00e4 kesken, joten k\u00e4ytt\u00e4ess\u00e4si verkkosivustojen k\u00e4\u00e4nn\u00f6s- ja lokalisointipalvelujamme voit olla varma siit\u00e4, ett\u00e4 ME teemme kaiken ty\u00f6n!<\/p>\n<p>[\/vc_column_text][vc_empty_space height=&#8221;50px&#8221;][\/vc_column][\/vc_row][vc_row type=&#8221;3&#8243; margin_bottom=&#8221;0px&#8221; full_width_row=&#8221;true&#8221; rowtype=&#8221;fullw&#8221; textalign=&#8221;center&#8221; padding=&#8221;30px 0px&#8221; css=&#8221;.vc_custom_1479125368276{margin-bottom: 0px !important;padding-top: 30px !important;padding-right: 0px !important;padding-bottom: 30px !important;padding-left: 0px !important;}&#8221; el_class=&#8221;live-contact-btn-wrap&#8221;][vc_column][vc_cta h2=&#8221;Oletko valmis? Aloitetaan:&#8221; add_button=&#8221;right&#8221; btn_title=&#8221;LIVE-YHTEYS&#8221; btn_style=&#8221;custom&#8221; btn_custom_background=&#8221;#ffffff&#8221; btn_custom_text=&#8221;#2a4a8f&#8221; btn_shape=&#8221;round&#8221; btn_align=&#8221;center&#8221; btn_custom_onclick=&#8221;true&#8221; btn_smooth_scroll=&#8221;true&#8221; btn_link=&#8221;url:https%3A%2F%2Fwww.nordictrans.com%2Fchat-popup%2F|||&#8221; el_class=&#8221;live-contact-btn&#8221;][\/vc_cta][\/vc_column][\/vc_row]<\/p>\n<\/div>","protected":false},"excerpt":{"rendered":"<p>[vc_row][vc_column][\/vc_column][\/vc_row][vc_row][vc_column][vc_raw_html]JTNDZGl2JTIwaWQlM0QlMjJzZWNvbmRfYnJlZCUyMiUyMGNsYXNzJTNEJTIyd2YtdGQlMjIlM0UlM0MlMkZkaXYlM0U=[\/vc_raw_html][\/vc_column][\/vc_row][vc_row rowtype=&#8221;fullw&#8221; textalign=&#8221;center&#8221;][vc_column][vc_empty_space][vc_column_text] Verkkosivustojen K\u00e4\u00e4nn\u00f6spalvelut [\/vc_column_text][vc_empty_space][vc_row_inner][vc_column_inner][vc_column_text] Tarvitessasi verkkosivustojen k\u00e4\u00e4nn\u00f6spalveluja on t\u00e4rke\u00e4\u00e4 varmistaa, ett\u00e4 saat ne alan ammattilaisilta. Ammattitaitoisten palveluntarjoajien valitsemiseen on monia syit\u00e4. Er\u00e4s t\u00e4rkeimmist\u00e4 on se, ett\u00e4 ammattilaiset tarjoavat verkkosivustojen lokalisointia. Nykyajan liike-el\u00e4m\u00e4ss\u00e4 verkkosivustojen lokalisoinnista ei koskaan voi olla varma, vaan aina on varmistettava, ett\u00e4 se tulee tehty\u00e4 oikein. N\u00e4in sinulla on parempi mahdollisuus&hellip;<\/p>\n","protected":false},"author":1,"featured_media":32146,"parent":23652,"menu_order":0,"comment_status":"closed","ping_status":"closed","template":"","meta":{"_acf_changed":false,"footnotes":""},"class_list":["post-23660","page","type-page","status-publish","has-post-thumbnail","hentry","description-off"],"acf":[],"yoast_head":"<!-- This site is optimized with the Yoast SEO Premium plugin v26.5 (Yoast SEO v26.5) - https:\/\/yoast.com\/wordpress\/plugins\/seo\/ -->\n<title>Verkkosivustojen k\u00e4\u00e4nn\u00f6spalvelut \u2013 verkkosivustojen lokalisointi<\/title>\n<meta name=\"description\" content=\"Tarkat ja luotettavat verkkosivustojen k\u00e4\u00e4nn\u00f6spalvelut. Monipuoliset ratkaisut tehokkaaseen kieliviestint\u00e4\u00e4n. K\u00e4\u00e4nn\u00f6spartnerisi verkossa.\" \/>\n<meta name=\"robots\" content=\"index, follow, max-snippet:-1, max-image-preview:large, max-video-preview:-1\" \/>\n<link rel=\"canonical\" href=\"https:\/\/www.nordictrans.com\/fi\/kaannospalveluja\/verkkosivustojen-kaannospalvelut\/\" \/>\n<meta property=\"og:locale\" content=\"fi_FI\" \/>\n<meta property=\"og:type\" content=\"article\" \/>\n<meta property=\"og:title\" content=\"Website Translation Services | Nordictrans\" \/>\n<meta property=\"og:description\" content=\"We don&#039;t leave a job unfinished, so when you use our website localization or website translation services, you can rest assured WE are doing all the work!\" \/>\n<meta property=\"og:url\" content=\"https:\/\/www.nordictrans.com\/fi\/kaannospalveluja\/verkkosivustojen-kaannospalvelut\/\" \/>\n<meta property=\"og:site_name\" content=\"Nordictrans.com\" \/>\n<meta property=\"article:publisher\" content=\"https:\/\/www.facebook.com\/NordicTrans\" \/>\n<meta property=\"article:modified_time\" content=\"2023-11-15T10:07:50+00:00\" \/>\n<meta property=\"og:image\" content=\"https:\/\/www.nordictrans.com\/wp-content\/uploads\/2018\/04\/website-translation-services-1.png\" \/>\n\t<meta property=\"og:image:width\" content=\"1903\" \/>\n\t<meta property=\"og:image:height\" content=\"670\" \/>\n\t<meta property=\"og:image:type\" content=\"image\/png\" \/>\n<meta name=\"twitter:card\" content=\"summary_large_image\" \/>\n<meta name=\"twitter:title\" content=\"Website Translation Services | Nordictrans\" \/>\n<meta name=\"twitter:description\" content=\"We provide high-quality translation services for any websites. Globalize your business with Nordictrans. Call us now! ????+1-786-539-4774.\" \/>\n<meta name=\"twitter:site\" content=\"@NordicTrans\" \/>\n<meta name=\"twitter:label1\" content=\"Arvioitu lukuaika\" \/>\n\t<meta name=\"twitter:data1\" content=\"3 minuuttia\" \/>\n<!-- \/ Yoast SEO Premium plugin. -->","yoast_head_json":{"title":"Verkkosivustojen k\u00e4\u00e4nn\u00f6spalvelut \u2013 verkkosivustojen lokalisointi","description":"Tarkat ja luotettavat verkkosivustojen k\u00e4\u00e4nn\u00f6spalvelut. Monipuoliset ratkaisut tehokkaaseen kieliviestint\u00e4\u00e4n. K\u00e4\u00e4nn\u00f6spartnerisi verkossa.","robots":{"index":"index","follow":"follow","max-snippet":"max-snippet:-1","max-image-preview":"max-image-preview:large","max-video-preview":"max-video-preview:-1"},"canonical":"https:\/\/www.nordictrans.com\/fi\/kaannospalveluja\/verkkosivustojen-kaannospalvelut\/","og_locale":"fi_FI","og_type":"article","og_title":"Website Translation Services | Nordictrans","og_description":"We don't leave a job unfinished, so when you use our website localization or website translation services, you can rest assured WE are doing all the work!","og_url":"https:\/\/www.nordictrans.com\/fi\/kaannospalveluja\/verkkosivustojen-kaannospalvelut\/","og_site_name":"Nordictrans.com","article_publisher":"https:\/\/www.facebook.com\/NordicTrans","article_modified_time":"2023-11-15T10:07:50+00:00","og_image":[{"width":1903,"height":670,"url":"https:\/\/www.nordictrans.com\/wp-content\/uploads\/2018\/04\/website-translation-services-1.png","type":"image\/png"}],"twitter_card":"summary_large_image","twitter_title":"Website Translation Services | Nordictrans","twitter_description":"We provide high-quality translation services for any websites. Globalize your business with Nordictrans. Call us now! ????+1-786-539-4774.","twitter_site":"@NordicTrans","twitter_misc":{"Arvioitu lukuaika":"3 minuuttia"},"schema":{"@context":"https:\/\/schema.org","@graph":[{"@type":"WebPage","@id":"https:\/\/www.nordictrans.com\/fi\/kaannospalveluja\/verkkosivustojen-kaannospalvelut\/","url":"https:\/\/www.nordictrans.com\/fi\/kaannospalveluja\/verkkosivustojen-kaannospalvelut\/","name":"Verkkosivustojen k\u00e4\u00e4nn\u00f6spalvelut \u2013 verkkosivustojen lokalisointi","isPartOf":{"@id":"https:\/\/www.nordictrans.com\/fi\/#website"},"primaryImageOfPage":{"@id":"https:\/\/www.nordictrans.com\/fi\/kaannospalveluja\/verkkosivustojen-kaannospalvelut\/#primaryimage"},"image":{"@id":"https:\/\/www.nordictrans.com\/fi\/kaannospalveluja\/verkkosivustojen-kaannospalvelut\/#primaryimage"},"thumbnailUrl":"https:\/\/www.nordictrans.com\/wp-content\/uploads\/2018\/04\/website-translation-services-1.png","datePublished":"2016-12-19T11:15:53+00:00","dateModified":"2023-11-15T10:07:50+00:00","description":"Tarkat ja luotettavat verkkosivustojen k\u00e4\u00e4nn\u00f6spalvelut. Monipuoliset ratkaisut tehokkaaseen kieliviestint\u00e4\u00e4n. K\u00e4\u00e4nn\u00f6spartnerisi verkossa.","breadcrumb":{"@id":"https:\/\/www.nordictrans.com\/fi\/kaannospalveluja\/verkkosivustojen-kaannospalvelut\/#breadcrumb"},"inLanguage":"fi","potentialAction":[{"@type":"ReadAction","target":["https:\/\/www.nordictrans.com\/fi\/kaannospalveluja\/verkkosivustojen-kaannospalvelut\/"]}]},{"@type":"ImageObject","inLanguage":"fi","@id":"https:\/\/www.nordictrans.com\/fi\/kaannospalveluja\/verkkosivustojen-kaannospalvelut\/#primaryimage","url":"https:\/\/www.nordictrans.com\/wp-content\/uploads\/2018\/04\/website-translation-services-1.png","contentUrl":"https:\/\/www.nordictrans.com\/wp-content\/uploads\/2018\/04\/website-translation-services-1.png","width":1903,"height":670,"caption":"Website Translation Services"},{"@type":"BreadcrumbList","@id":"https:\/\/www.nordictrans.com\/fi\/kaannospalveluja\/verkkosivustojen-kaannospalvelut\/#breadcrumb","itemListElement":[{"@type":"ListItem","position":1,"name":"Home","item":"https:\/\/www.nordictrans.com\/fi\/"},{"@type":"ListItem","position":2,"name":"Kaannospalveluja","item":"https:\/\/www.nordictrans.com\/fi\/kaannospalveluja\/"},{"@type":"ListItem","position":3,"name":"Verkkosivustojen k\u00e4\u00e4nn\u00f6spalvelut"}]},{"@type":"WebSite","@id":"https:\/\/www.nordictrans.com\/fi\/#website","url":"https:\/\/www.nordictrans.com\/fi\/","name":"Nordictrans.com","description":"Translation Agency specialized in Nordic Languages","publisher":{"@id":"https:\/\/www.nordictrans.com\/fi\/#organization"},"potentialAction":[{"@type":"SearchAction","target":{"@type":"EntryPoint","urlTemplate":"https:\/\/www.nordictrans.com\/fi\/?s={search_term_string}"},"query-input":{"@type":"PropertyValueSpecification","valueRequired":true,"valueName":"search_term_string"}}],"inLanguage":"fi"},{"@type":"Organization","@id":"https:\/\/www.nordictrans.com\/fi\/#organization","name":"NordicTrans","url":"https:\/\/www.nordictrans.com\/fi\/","logo":{"@type":"ImageObject","inLanguage":"fi","@id":"https:\/\/www.nordictrans.com\/fi\/#\/schema\/logo\/image\/","url":"https:\/\/www.nordictrans.com\/wp-content\/uploads\/2015\/02\/logoNT.png","contentUrl":"https:\/\/www.nordictrans.com\/wp-content\/uploads\/2015\/02\/logoNT.png","width":272,"height":92,"caption":"NordicTrans"},"image":{"@id":"https:\/\/www.nordictrans.com\/fi\/#\/schema\/logo\/image\/"},"sameAs":["https:\/\/www.facebook.com\/NordicTrans","https:\/\/x.com\/NordicTrans","https:\/\/www.instagram.com\/NordictransUS","https:\/\/www.linkedin.com\/company\/nordictrans","https:\/\/www.pinterest.com\/nordictrans01","https:\/\/www.youtube.com\/c\/nordictrans"]}]}},"_links":{"self":[{"href":"https:\/\/www.nordictrans.com\/fi\/wp-json\/wp\/v2\/pages\/23660","targetHints":{"allow":["GET"]}}],"collection":[{"href":"https:\/\/www.nordictrans.com\/fi\/wp-json\/wp\/v2\/pages"}],"about":[{"href":"https:\/\/www.nordictrans.com\/fi\/wp-json\/wp\/v2\/types\/page"}],"author":[{"embeddable":true,"href":"https:\/\/www.nordictrans.com\/fi\/wp-json\/wp\/v2\/users\/1"}],"replies":[{"embeddable":true,"href":"https:\/\/www.nordictrans.com\/fi\/wp-json\/wp\/v2\/comments?post=23660"}],"version-history":[{"count":5,"href":"https:\/\/www.nordictrans.com\/fi\/wp-json\/wp\/v2\/pages\/23660\/revisions"}],"predecessor-version":[{"id":62772,"href":"https:\/\/www.nordictrans.com\/fi\/wp-json\/wp\/v2\/pages\/23660\/revisions\/62772"}],"up":[{"embeddable":true,"href":"https:\/\/www.nordictrans.com\/fi\/wp-json\/wp\/v2\/pages\/23652"}],"wp:featuredmedia":[{"embeddable":true,"href":"https:\/\/www.nordictrans.com\/fi\/wp-json\/wp\/v2\/media\/32146"}],"wp:attachment":[{"href":"https:\/\/www.nordictrans.com\/fi\/wp-json\/wp\/v2\/media?parent=23660"}],"curies":[{"name":"wp","href":"https:\/\/api.w.org\/{rel}","templated":true}]}}