{"id":23652,"date":"2016-12-18T21:24:35","date_gmt":"2016-12-18T21:24:35","guid":{"rendered":"http:\/\/dev.nordictrans.com\/?page_id=23652\/"},"modified":"2020-06-29T14:03:18","modified_gmt":"2020-06-29T14:03:18","slug":"kaannospalveluja","status":"publish","type":"page","link":"https:\/\/www.nordictrans.com\/fi\/kaannospalveluja\/","title":{"rendered":"Kaannospalveluja"},"content":{"rendered":"<div class=\"wpb-content-wrapper\"><p>[vc_row type=&#8221;vc_default&#8221; full_height=&#8221;yes&#8221; bg_type=&#8221;image&#8221; parallax_style=&#8221;vcpb-vz-jquery&#8221; bg_image_new=&#8221;id^9886|url^https:\/\/www.nordictrans.com\/wp-content\/uploads\/2016\/01\/we-understand-deadlines-2200&#215;792-1.jpg|caption^null|alt^null|title^we-understand-deadlines-2200&#215;792|description^null&#8221; bg_image_repeat=&#8221;no-repeat&#8221; bg_img_attach=&#8221;fixed&#8221; parallax_sense=&#8221;1.5&#8243; bg_override=&#8221;full&#8221; disable_on_mobile_img_parallax=&#8221;disable_on_mobile_img_parallax_value&#8221;][vc_column][\/vc_column][\/vc_row][vc_row type=&#8221;vc_default&#8221; full_height=&#8221;yes&#8221; bg_type=&#8221;image&#8221; parallax_style=&#8221;vcpb-vz-jquery&#8221; bg_image_new=&#8221;id^9886|url^https:\/\/www.nordictrans.com\/wp-content\/uploads\/2016\/01\/we-understand-deadlines-2200&#215;792-1.jpg|caption^null|alt^null|title^we-understand-deadlines-2200&#215;792|description^null&#8221; bg_image_repeat=&#8221;no-repeat&#8221; bg_img_attach=&#8221;fixed&#8221; parallax_sense=&#8221;1.5&#8243; bg_override=&#8221;full&#8221; disable_on_mobile_img_parallax=&#8221;disable_on_mobile_img_parallax_value&#8221;][vc_column][vc_raw_html]JTNDZGl2JTIwaWQlM0QlMjJzZWNvbmRfYnJlZCUyMiUyMGNsYXNzJTNEJTIyd2YtdGQlMjIlM0UlM0MlMkZkaXYlM0U=[\/vc_raw_html][\/vc_column][\/vc_row][vc_row gap=&#8221;30&#8243; margin_top=&#8221;70&#8243; margin_bottom=&#8221;70&#8243; rowtype=&#8221;fullw&#8221; padding=&#8221;40px 0px&#8221; css=&#8221;.vc_custom_1478759966076{margin-bottom: 0px !important;padding-top: 40px !important;padding-right: 0px !important;padding-bottom: 40px !important;padding-left: 0px !important;}&#8221;][vc_column][vc_column_text css_animation=&#8221;zoomIn&#8221;]<\/p>\n<h1 style=\"text-align: center;\"><span style=\"color: #2a4a8f;\"><strong>Laadukkaita k\u00e4\u00e4nn\u00f6spalveluja edullisesti<\/strong><\/span><\/h1>\n<p>[\/vc_column_text][vc_empty_space][vc_separator style=&#8221;double&#8221;][vc_empty_space][vc_row_inner][vc_column_inner width=&#8221;1\/2&#8243;][vc_single_image image=&#8221;23333&#8243; img_size=&#8221;full&#8221; alignment=&#8221;center&#8221; css_animation=&#8221;fadeInLeft&#8221;][\/vc_column_inner][vc_column_inner width=&#8221;1\/2&#8243;][vc_column_text css_animation=&#8221;fadeInRight&#8221;]<\/p>\n<h3 style=\"text-align: center;\">Asiakirjojen k\u00e4\u00e4nn\u00f6spalveluja<\/h3>\n<p style=\"text-align: justify;\">NordicTrans on suurin nordic k\u00e4\u00e4nn\u00f6stoimisto palveluntarjoaja, joka tarjoaa laadukkaita k\u00e4\u00e4nn\u00f6spalveluja kaikkien pohjoismaisten kielten v\u00e4lill\u00e4.<\/p>\n<p style=\"text-align: justify;\">Palveluksessamme on yli 1500 ammattilaisk\u00e4\u00e4nt\u00e4j\u00e4\u00e4, jotka ovat erikoistuneet eri aloille. N\u00e4in voimme k\u00e4\u00e4nt\u00e4\u00e4 millaisen tahansa asiakirjan l\u00e4hes mink\u00e4 tahansa kielten v\u00e4lill\u00e4.<\/p>\n<p style=\"text-align: justify;\">Asiakastyytyv\u00e4isyys on meille t\u00e4rkeint\u00e4; sen vuoksi teemme parhaamme tarjotaksemme nopeita, mutta laadukkaita Asiakirjojen k\u00e4\u00e4nn\u00f6spalvelut edulliseen hintaan.<\/p>\n<div style=\"width: 250px; margin-right: auto; margin-left: auto; text-align: left;\">\n<p><i class=\"fa fa-check-circle fa-lg\" style=\"color: #81d742;\"><\/i><strong>\u00a0 \u00c4idinkieliset k\u00e4\u00e4nt\u00e4j\u00e4t<br \/>\n<\/strong><\/p>\n<p><i class=\"fa fa-check-circle fa-lg\" style=\"color: #81d742;\"><\/i><strong>\u00a0 Nopeat toimitusajat<br \/>\n<\/strong><\/p>\n<p><i class=\"fa fa-check-circle fa-lg\" style=\"color: #81d742;\"><\/i><strong>\u00a0 Edulliset hinnat<br \/>\n<\/strong><\/p>\n<p><i class=\"fa fa-check-circle fa-lg\" style=\"color: #81d742;\"><\/i><strong>\u00a0 Tuki 24\/7<br \/>\n<\/strong><\/p>\n<\/div>\n<p>[\/vc_column_text][\/vc_column_inner][\/vc_row_inner][vc_empty_space][\/vc_column][\/vc_row][vc_row type=&#8221;vc_default&#8221; margin_top=&#8221;70&#8243; margin_bottom=&#8221;70&#8243; bg_type=&#8221;image&#8221; parallax_style=&#8221;vcpb-vz-jquery&#8221; bg_image_new=&#8221;id^9910|url^https:\/\/www.nordictrans.com\/wp-content\/uploads\/2016\/01\/chicago_night_-2200&#215;722-2200&#215;722.jpg|caption^null|alt^null|title^chicago_night_-2200&#215;722-2200&#215;722|description^null&#8221; bg_image_repeat=&#8221;no-repeat&#8221; bg_image_size=&#8221;initial&#8221; bg_img_attach=&#8221;fixed&#8221; parallax_sense=&#8221;1.5&#8243; bg_override=&#8221;full&#8221; enable_overlay=&#8221;enable_overlay_value&#8221; overlay_color=&#8221;#3a3e3f&#8221; overlay_pattern=&#8221;transperant&#8221; overlay_pattern_opacity=&#8221;85&#8243; rowtype=&#8221;fullw&#8221; contentcolor=&#8221;light&#8221; bg_pos=&#8221;center center&#8221; use_overlay=&#8221;yes&#8221; overlay_opacity=&#8221;0.85&#8243; padding=&#8221;40px 0px&#8221; css=&#8221;.vc_custom_1478760763208{padding-top: 40px !important;padding-right: 0px !important;padding-bottom: 40px !important;padding-left: 0px !important;background: #ededed url(https:\/\/www.nordictrans.com\/wp-content\/uploads\/2015\/07\/chicago_night_-2200&#215;722.jpg?id=3080) !important;}&#8221;][vc_column][vc_empty_space][vc_row_inner][vc_column_inner width=&#8221;1\/2&#8243;][vc_column_text css_animation=&#8221;fadeInLeft&#8221;]<\/p>\n<h3 style=\"text-align: center;\"><span style=\"color: #ffffff;\">Verkkosivustojen k\u00e4\u00e4nn\u00f6spalvelut<\/span><\/h3>\n<p><span style=\"color: #ffffff;\">Viimeaikaiset tutkimukset ovat osoittaneet, ett\u00e4 Internetin k\u00e4ytt\u00e4j\u00e4t kuluttavat kolme kertaa enemm\u00e4n aikaa sivustollasi, jos se on k\u00e4\u00e4nnetty heid\u00e4n omalle \u00e4idinkielelleen. He ovat my\u00f6s nelj\u00e4 kertaa innokkaampia ostamaan tuotteitasi tai palvelujasi, jos sivustosi puhuu heid\u00e4n \u00e4idinkielt\u00e4\u00e4n.<\/span><\/p>\n<p><span style=\"color: #ffffff;\">Vaikka saattaa vaikuttaa silt\u00e4, ett\u00e4 koko maailma osaa puhua englantia, keskim\u00e4\u00e4rin vain 20 prosenttia koko maailman v\u00e4est\u00f6st\u00e4 ymm\u00e4rt\u00e4\u00e4 sit\u00e4 todella. T\u00e4h\u00e4n prosenttiosuuteen sis\u00e4ltyv\u00e4t englantia \u00e4idinkielen\u00e4\u00e4n ja toisena kielen\u00e4\u00e4n puhuvat. K\u00e4\u00e4nn\u00e4tt\u00e4m\u00e4ll\u00e4 verkkosivustosi tavoitat lopu 80 prosenttia maailman v\u00e4est\u00f6st\u00e4.<\/span><\/p>\n<div class=\"wpb_text_column wpb_content_element \">\n<div class=\"wpb_wrapper\">\n<p>&nbsp;<\/p>\n<p><span style=\"color: #ffffff;\">Jos haluat saada laadukkaita k\u00e4\u00e4nn\u00f6spalveluja mille tahansa projektille, ota yhteytt\u00e4. Emme pet\u00e4 luottamustasi!<\/span><\/p>\n<\/div>\n<\/div>\n<p>[\/vc_column_text][vc_separator][\/vc_column_inner][vc_column_inner width=&#8221;1\/2&#8243;][vc_single_image image=&#8221;23304&#8243; img_size=&#8221;full&#8221; alignment=&#8221;right&#8221; css_animation=&#8221;fadeInUp&#8221;][\/vc_column_inner][\/vc_row_inner][vc_empty_space][\/vc_column][\/vc_row][vc_row margin_top=&#8221;70&#8243; margin_bottom=&#8221;70&#8243;][vc_column width=&#8221;1\/2&#8243;][vc_single_image image=&#8221;23354&#8243; img_size=&#8221;full&#8221; alignment=&#8221;right&#8221; css_animation=&#8221;fadeInLeft&#8221;][\/vc_column][vc_column width=&#8221;1\/2&#8243;][vc_column_text css_animation=&#8221;fadeInRight&#8221;]<\/p>\n<h2 style=\"text-align: center;\">Ohjelmistojen lokalisointi<\/h2>\n<p>Jos myyt ohjelmistoja tai sovelluksia, tied\u00e4t varmasti jo ennest\u00e4\u00e4n, ett\u00e4 niiden lokalisointi on paras tapa lis\u00e4t\u00e4 myynti\u00e4.<\/p>\n<p>NordicTransin palveluja k\u00e4ytt\u00e4m\u00e4ll\u00e4 ohjelmistojen lokalisointi k\u00e4y vaivatta. Omat sis\u00e4iset lokalisointiasiantuntijamme ja k\u00e4\u00e4nt\u00e4j\u00e4mme ovat valmiina avustamaan sinua laadukkailla k\u00e4ytt\u00f6liittymien k\u00e4\u00e4nn\u00f6ksill\u00e4 ja ohjelmistojen lokalisointipalveluilla yli 80 kielelle.<\/p>\n<p>T\u00e4m\u00e4n j\u00e4lkeen laadunvarmistusty\u00f6ryhm\u00e4mme tarkistaa ohjelmistosi lopullisen version ja varmistaa, ett\u00e4 se soveltuu t\u00e4ysin kohdemarkkinoillesi.<\/p>\n<p>Seuraavassa muutamia syit\u00e4, miksi meid\u00e4t kannattaa valita yhteisty\u00f6kumppaniksi:<\/p>\n<div style=\"width: 250px; margin-right: auto; margin-left: auto; text-align: left;\">\n<p><i class=\"fa fa-check-circle fa-lg\" style=\"color: #81d742;\"><\/i><strong>\u00a0 Laadukkaat k\u00e4\u00e4nn\u00f6kset<br \/>\n<\/strong><\/p>\n<p><i class=\"fa fa-check-circle fa-lg\" style=\"color: #81d742;\"><\/i><strong>\u00a0 T\u00e4ydelliset lokalisoinnit<br \/>\n<\/strong><\/p>\n<p><i class=\"fa fa-check-circle fa-lg\" style=\"color: #81d742;\"><\/i><strong>\u00a0 Tuki 24\/7<br \/>\n<\/strong><\/p>\n<\/div>\n<p>[\/vc_column_text][\/vc_column][\/vc_row][vc_row type=&#8221;3&#8243; margin_bottom=&#8221;0px&#8221; full_width_row=&#8221;true&#8221; rowtype=&#8221;fullw&#8221; textalign=&#8221;center&#8221; padding=&#8221;30px 0px&#8221; css=&#8221;.vc_custom_1479125175587{margin-bottom: 0px !important;padding-top: 30px !important;padding-right: 0px !important;padding-bottom: 30px !important;padding-left: 0px !important;background-color: #ccffcc !important;}&#8221; el_class=&#8221;live-contact-btn-wrap&#8221;][vc_column][vc_cta h2=&#8221;&#8221; txt_align=&#8221;center&#8221; add_button=&#8221;right&#8221; btn_title=&#8221;LIVE-YHTEYS&#8221; btn_style=&#8221;custom&#8221; btn_custom_background=&#8221;#428bca&#8221; btn_custom_text=&#8221;#ffffff&#8221; btn_shape=&#8221;round&#8221; btn_align=&#8221;center&#8221; css_animation=&#8221;bottom-to-top&#8221; btn_button_block=&#8221;true&#8221; btn_custom_onclick=&#8221;true&#8221; btn_smooth_scroll=&#8221;true&#8221; btn_link=&#8221;url:https%3A%2F%2Fwww.nordictrans.com%2Fchat-popup%2F|||&#8221; el_class=&#8221;live-contact-btn&#8221;]<\/p>\n<h3 style=\"font-size: 28px; line-height: 40px;\">Oletko valmis? Aloitetaan:<\/h3>\n<p>[\/vc_cta][\/vc_column][\/vc_row]<\/p>\n<\/div>","protected":false},"excerpt":{"rendered":"<p>[vc_row type=&#8221;vc_default&#8221; full_height=&#8221;yes&#8221; bg_type=&#8221;image&#8221; parallax_style=&#8221;vcpb-vz-jquery&#8221; bg_image_new=&#8221;id^9886|url^https:\/\/www.nordictrans.com\/wp-content\/uploads\/2016\/01\/we-understand-deadlines-2200&#215;792-1.jpg|caption^null|alt^null|title^we-understand-deadlines-2200&#215;792|description^null&#8221; bg_image_repeat=&#8221;no-repeat&#8221; bg_img_attach=&#8221;fixed&#8221; parallax_sense=&#8221;1.5&#8243; bg_override=&#8221;full&#8221; disable_on_mobile_img_parallax=&#8221;disable_on_mobile_img_parallax_value&#8221;][vc_column][\/vc_column][\/vc_row][vc_row type=&#8221;vc_default&#8221; full_height=&#8221;yes&#8221; bg_type=&#8221;image&#8221; parallax_style=&#8221;vcpb-vz-jquery&#8221; bg_image_new=&#8221;id^9886|url^https:\/\/www.nordictrans.com\/wp-content\/uploads\/2016\/01\/we-understand-deadlines-2200&#215;792-1.jpg|caption^null|alt^null|title^we-understand-deadlines-2200&#215;792|description^null&#8221; bg_image_repeat=&#8221;no-repeat&#8221; bg_img_attach=&#8221;fixed&#8221; parallax_sense=&#8221;1.5&#8243; bg_override=&#8221;full&#8221; disable_on_mobile_img_parallax=&#8221;disable_on_mobile_img_parallax_value&#8221;][vc_column][vc_raw_html]JTNDZGl2JTIwaWQlM0QlMjJzZWNvbmRfYnJlZCUyMiUyMGNsYXNzJTNEJTIyd2YtdGQlMjIlM0UlM0MlMkZkaXYlM0U=[\/vc_raw_html][\/vc_column][\/vc_row][vc_row gap=&#8221;30&#8243; margin_top=&#8221;70&#8243; margin_bottom=&#8221;70&#8243; rowtype=&#8221;fullw&#8221; padding=&#8221;40px 0px&#8221; css=&#8221;.vc_custom_1478759966076{margin-bottom: 0px !important;padding-top: 40px !important;padding-right: 0px !important;padding-bottom: 40px !important;padding-left: 0px !important;}&#8221;][vc_column][vc_column_text css_animation=&#8221;zoomIn&#8221;] Laadukkaita k\u00e4\u00e4nn\u00f6spalveluja edullisesti [\/vc_column_text][vc_empty_space][vc_separator style=&#8221;double&#8221;][vc_empty_space][vc_row_inner][vc_column_inner width=&#8221;1\/2&#8243;][vc_single_image image=&#8221;23333&#8243; img_size=&#8221;full&#8221; alignment=&#8221;center&#8221; css_animation=&#8221;fadeInLeft&#8221;][\/vc_column_inner][vc_column_inner width=&#8221;1\/2&#8243;][vc_column_text css_animation=&#8221;fadeInRight&#8221;] Asiakirjojen k\u00e4\u00e4nn\u00f6spalveluja NordicTrans on&hellip;<\/p>\n","protected":false},"author":1,"featured_media":31784,"parent":0,"menu_order":0,"comment_status":"closed","ping_status":"closed","template":"","meta":{"_acf_changed":false,"footnotes":""},"class_list":["post-23652","page","type-page","status-publish","has-post-thumbnail","hentry","description-off"],"acf":[],"yoast_head":"<!-- This site is optimized with the Yoast SEO Premium plugin v26.5 (Yoast SEO v26.5) - https:\/\/yoast.com\/wordpress\/plugins\/seo\/ -->\n<title>Laadukkaat asiakirjojen ja verkkosivustojen k\u00e4\u00e4nn\u00f6spalveluja<\/title>\n<meta name=\"description\" content=\"NordicTrans tarjoaa laadukkaita asiakirjojen ja verkkosivustojen k\u00e4\u00e4nn\u00f6spalveluja sek\u00e4 ohjelmistojen lokalisointia kaikista pohjoismaisista kielist\u00e4.\" \/>\n<meta name=\"robots\" content=\"index, follow, max-snippet:-1, max-image-preview:large, max-video-preview:-1\" \/>\n<link rel=\"canonical\" href=\"https:\/\/www.nordictrans.com\/fi\/kaannospalveluja\/\" \/>\n<meta property=\"og:locale\" content=\"fi_FI\" \/>\n<meta property=\"og:type\" content=\"article\" \/>\n<meta property=\"og:title\" content=\"Translation Services for Documents and Websites | NordicTrans\" \/>\n<meta property=\"og:description\" content=\"NordicTrans provides quality translation services for documents, website translation and software localization at fair prices, from and into any language.\" \/>\n<meta property=\"og:url\" content=\"https:\/\/www.nordictrans.com\/fi\/kaannospalveluja\/\" \/>\n<meta property=\"og:site_name\" content=\"Nordictrans.com\" \/>\n<meta property=\"article:publisher\" content=\"https:\/\/www.facebook.com\/NordicTrans\" \/>\n<meta property=\"article:modified_time\" content=\"2020-06-29T14:03:18+00:00\" \/>\n<meta property=\"og:image\" content=\"https:\/\/www.nordictrans.com\/wp-content\/uploads\/2018\/04\/quality-translation-services.png\" \/>\n\t<meta property=\"og:image:width\" content=\"1903\" \/>\n\t<meta property=\"og:image:height\" content=\"670\" \/>\n\t<meta property=\"og:image:type\" content=\"image\/png\" \/>\n<meta name=\"twitter:card\" content=\"summary_large_image\" \/>\n<meta name=\"twitter:title\" content=\"Quality Translation Services for Documents and Websites - NordicTrans\" \/>\n<meta name=\"twitter:description\" content=\"NordicTrans provides quality translation services for documents, website translation and software localization at fair prices, from and into any language.\" \/>\n<meta name=\"twitter:site\" content=\"@NordicTrans\" \/>\n<meta name=\"twitter:label1\" content=\"Arvioitu lukuaika\" \/>\n\t<meta name=\"twitter:data1\" content=\"4 minuuttia\" \/>\n<!-- \/ Yoast SEO Premium plugin. -->","yoast_head_json":{"title":"Laadukkaat asiakirjojen ja verkkosivustojen k\u00e4\u00e4nn\u00f6spalveluja","description":"NordicTrans tarjoaa laadukkaita asiakirjojen ja verkkosivustojen k\u00e4\u00e4nn\u00f6spalveluja sek\u00e4 ohjelmistojen lokalisointia kaikista pohjoismaisista kielist\u00e4.","robots":{"index":"index","follow":"follow","max-snippet":"max-snippet:-1","max-image-preview":"max-image-preview:large","max-video-preview":"max-video-preview:-1"},"canonical":"https:\/\/www.nordictrans.com\/fi\/kaannospalveluja\/","og_locale":"fi_FI","og_type":"article","og_title":"Translation Services for Documents and Websites | NordicTrans","og_description":"NordicTrans provides quality translation services for documents, website translation and software localization at fair prices, from and into any language.","og_url":"https:\/\/www.nordictrans.com\/fi\/kaannospalveluja\/","og_site_name":"Nordictrans.com","article_publisher":"https:\/\/www.facebook.com\/NordicTrans","article_modified_time":"2020-06-29T14:03:18+00:00","og_image":[{"width":1903,"height":670,"url":"https:\/\/www.nordictrans.com\/wp-content\/uploads\/2018\/04\/quality-translation-services.png","type":"image\/png"}],"twitter_card":"summary_large_image","twitter_title":"Quality Translation Services for Documents and Websites - NordicTrans","twitter_description":"NordicTrans provides quality translation services for documents, website translation and software localization at fair prices, from and into any language.","twitter_site":"@NordicTrans","twitter_misc":{"Arvioitu lukuaika":"4 minuuttia"},"schema":{"@context":"https:\/\/schema.org","@graph":[{"@type":"WebPage","@id":"https:\/\/www.nordictrans.com\/fi\/kaannospalveluja\/","url":"https:\/\/www.nordictrans.com\/fi\/kaannospalveluja\/","name":"Laadukkaat asiakirjojen ja verkkosivustojen k\u00e4\u00e4nn\u00f6spalveluja","isPartOf":{"@id":"https:\/\/www.nordictrans.com\/fi\/#website"},"primaryImageOfPage":{"@id":"https:\/\/www.nordictrans.com\/fi\/kaannospalveluja\/#primaryimage"},"image":{"@id":"https:\/\/www.nordictrans.com\/fi\/kaannospalveluja\/#primaryimage"},"thumbnailUrl":"https:\/\/www.nordictrans.com\/wp-content\/uploads\/2018\/04\/quality-translation-services.png","datePublished":"2016-12-18T21:24:35+00:00","dateModified":"2020-06-29T14:03:18+00:00","description":"NordicTrans tarjoaa laadukkaita asiakirjojen ja verkkosivustojen k\u00e4\u00e4nn\u00f6spalveluja sek\u00e4 ohjelmistojen lokalisointia kaikista pohjoismaisista kielist\u00e4.","breadcrumb":{"@id":"https:\/\/www.nordictrans.com\/fi\/kaannospalveluja\/#breadcrumb"},"inLanguage":"fi","potentialAction":[{"@type":"ReadAction","target":["https:\/\/www.nordictrans.com\/fi\/kaannospalveluja\/"]}]},{"@type":"ImageObject","inLanguage":"fi","@id":"https:\/\/www.nordictrans.com\/fi\/kaannospalveluja\/#primaryimage","url":"https:\/\/www.nordictrans.com\/wp-content\/uploads\/2018\/04\/quality-translation-services.png","contentUrl":"https:\/\/www.nordictrans.com\/wp-content\/uploads\/2018\/04\/quality-translation-services.png","width":1903,"height":670,"caption":"Quality Translation Services"},{"@type":"BreadcrumbList","@id":"https:\/\/www.nordictrans.com\/fi\/kaannospalveluja\/#breadcrumb","itemListElement":[{"@type":"ListItem","position":1,"name":"Home","item":"https:\/\/www.nordictrans.com\/fi\/"},{"@type":"ListItem","position":2,"name":"Kaannospalveluja"}]},{"@type":"WebSite","@id":"https:\/\/www.nordictrans.com\/fi\/#website","url":"https:\/\/www.nordictrans.com\/fi\/","name":"Nordictrans.com","description":"Translation Agency specialized in Nordic Languages","publisher":{"@id":"https:\/\/www.nordictrans.com\/fi\/#organization"},"potentialAction":[{"@type":"SearchAction","target":{"@type":"EntryPoint","urlTemplate":"https:\/\/www.nordictrans.com\/fi\/?s={search_term_string}"},"query-input":{"@type":"PropertyValueSpecification","valueRequired":true,"valueName":"search_term_string"}}],"inLanguage":"fi"},{"@type":"Organization","@id":"https:\/\/www.nordictrans.com\/fi\/#organization","name":"NordicTrans","url":"https:\/\/www.nordictrans.com\/fi\/","logo":{"@type":"ImageObject","inLanguage":"fi","@id":"https:\/\/www.nordictrans.com\/fi\/#\/schema\/logo\/image\/","url":"https:\/\/www.nordictrans.com\/wp-content\/uploads\/2015\/02\/logoNT.png","contentUrl":"https:\/\/www.nordictrans.com\/wp-content\/uploads\/2015\/02\/logoNT.png","width":272,"height":92,"caption":"NordicTrans"},"image":{"@id":"https:\/\/www.nordictrans.com\/fi\/#\/schema\/logo\/image\/"},"sameAs":["https:\/\/www.facebook.com\/NordicTrans","https:\/\/x.com\/NordicTrans","https:\/\/www.instagram.com\/NordictransUS","https:\/\/www.linkedin.com\/company\/nordictrans","https:\/\/www.pinterest.com\/nordictrans01","https:\/\/www.youtube.com\/c\/nordictrans"]}]}},"_links":{"self":[{"href":"https:\/\/www.nordictrans.com\/fi\/wp-json\/wp\/v2\/pages\/23652","targetHints":{"allow":["GET"]}}],"collection":[{"href":"https:\/\/www.nordictrans.com\/fi\/wp-json\/wp\/v2\/pages"}],"about":[{"href":"https:\/\/www.nordictrans.com\/fi\/wp-json\/wp\/v2\/types\/page"}],"author":[{"embeddable":true,"href":"https:\/\/www.nordictrans.com\/fi\/wp-json\/wp\/v2\/users\/1"}],"replies":[{"embeddable":true,"href":"https:\/\/www.nordictrans.com\/fi\/wp-json\/wp\/v2\/comments?post=23652"}],"version-history":[{"count":5,"href":"https:\/\/www.nordictrans.com\/fi\/wp-json\/wp\/v2\/pages\/23652\/revisions"}],"predecessor-version":[{"id":48892,"href":"https:\/\/www.nordictrans.com\/fi\/wp-json\/wp\/v2\/pages\/23652\/revisions\/48892"}],"wp:featuredmedia":[{"embeddable":true,"href":"https:\/\/www.nordictrans.com\/fi\/wp-json\/wp\/v2\/media\/31784"}],"wp:attachment":[{"href":"https:\/\/www.nordictrans.com\/fi\/wp-json\/wp\/v2\/media?parent=23652"}],"curies":[{"name":"wp","href":"https:\/\/api.w.org\/{rel}","templated":true}]}}