{"id":11495,"date":"2011-09-15T03:41:36","date_gmt":"2011-09-15T03:41:36","guid":{"rendered":"http:\/\/dev.nordictrans.com\/prices\/"},"modified":"2020-06-29T14:07:25","modified_gmt":"2020-06-29T14:07:25","slug":"hinnasto","status":"publish","type":"page","link":"https:\/\/www.nordictrans.com\/fi\/hinnasto\/","title":{"rendered":"K\u00e4\u00e4nn\u00f6shinnat"},"content":{"rendered":"<div class=\"wpb-content-wrapper\"><p>[vc_row][vc_column]\n\t\t\t<!-- START Pricing Slider REVOLUTION SLIDER 6.6.16 --><p class=\"rs-p-wp-fix\"><\/p>\n\t\t\t<rs-module-wrap id=\"rev_slider_17_1_wrapper\" data-source=\"gallery\" style=\"visibility:hidden;background:transparent;padding:0;margin:0px auto;margin-top:0;margin-bottom:0;\">\n\t\t\t\t<rs-module id=\"rev_slider_17_1\" style=\"\" data-version=\"6.6.16\">\n\t\t\t\t\t<rs-slides style=\"overflow: hidden; position: absolute;\">\n\t\t\t\t\t\t<rs-slide style=\"position: absolute;\" data-key=\"rs-88\" data-title=\"Slide\" data-anim=\"adpr:false;\">\n\t\t\t\t\t\t\t<img decoding=\"async\" src=\"\/\/www.nordictrans.com\/wp-content\/plugins\/revslider\/public\/assets\/assets\/dummy.png\" alt=\"\" title=\"K\u00e4\u00e4nn\u00f6shinnat\" class=\"rev-slidebg tp-rs-img rs-lazyload\" data-lazyload=\"\/\/www.nordictrans.com\/wp-content\/uploads\/2016\/11\/make-money-online.jpg\" data-parallax=\"15\" data-no-retina>\n<!--\n\t\t\t\t\t\t\t--><rs-layer\n\t\t\t\t\t\t\t\tid=\"slider-17-slide-88-layer-1\" \n\t\t\t\t\t\t\t\tdata-type=\"text\"\n\t\t\t\t\t\t\t\tdata-color=\"rgba(255,255,255,1)\"\n\t\t\t\t\t\t\t\tdata-rsp_ch=\"on\"\n\t\t\t\t\t\t\t\tdata-xy=\"x:c;xo:-2px,0,0,0;y:m;yo:1px,0,0,0;\"\n\t\t\t\t\t\t\t\tdata-text=\"s:35,35,30,24;l:40,40,35,24;fw:400,700,700,700;a:center;\"\n\t\t\t\t\t\t\t\tdata-frame_0=\"tp:600;\"\n\t\t\t\t\t\t\t\tdata-frame_1=\"tp:600;st:0;\"\n\t\t\t\t\t\t\t\tdata-frame_999=\"o:0;tp:600;st:w;sR:8699.99969482;\"\n\t\t\t\t\t\t\t\tstyle=\"z-index:5;font-family:'Roboto Slab';opacity:0.6;\"\n\t\t\t\t\t\t\t>Olemme maailman ainoa k\u00e4\u00e4nn\u00f6spalveluyritys,<br\/> joka voi tarjota sinulle kilpailukykyiset<br\/> hinnat pohjoismaisten kielten <br\/>k\u00e4\u00e4nn\u00f6ksist\u00e4 \n\t\t\t\t\t\t\t<\/rs-layer><!--\n-->\t\t\t\t\t\t<\/rs-slide>\n\t\t\t\t\t<\/rs-slides>\n\t\t\t\t<\/rs-module>\n\t\t\t\t<script>\n\t\t\t\t\tsetREVStartSize({c: 'rev_slider_17_1',rl:[1240,1024,778,480],el:[655,600,500,400],gw:[1240,1024,778,480],gh:[655,600,500,400],type:'hero',justify:'',layout:'fullwidth',mh:\"0\"});if (window.RS_MODULES!==undefined && window.RS_MODULES.modules!==undefined && window.RS_MODULES.modules[\"revslider171\"]!==undefined) {window.RS_MODULES.modules[\"revslider171\"].once = false;window.revapi17 = undefined;if (window.RS_MODULES.checkMinimal!==undefined) window.RS_MODULES.checkMinimal()}\n\t\t\t\t<\/script>\n\t\t\t<\/rs-module-wrap>\n\t\t\t<!-- END REVOLUTION SLIDER -->\n[\/vc_column][\/vc_row][vc_row][vc_column][vc_raw_html]JTNDZGl2JTIwaWQlM0QlMjJzZWNvbmRfYnJlZCUyMiUyMGNsYXNzJTNEJTIyd2YtdGQlMjIlM0UlM0MlMkZkaXYlM0U=[\/vc_raw_html][\/vc_column][\/vc_row][vc_row margin_bottom=&#8221;0px&#8221; textalign=&#8221;center&#8221; padding=&#8221;50px 0px 30px&#8221;][vc_column][vc_empty_space][vc_column_text]<\/p>\n<h1 style=\"text-align: center; color: #2c5a85;\">K\u00e4\u00e4nn\u00f6shinnat \u2013 kuinka voit v\u00e4hent\u00e4\u00e4 k\u00e4\u00e4nn\u00f6skustannuksia<\/h1>\n<p>[\/vc_column_text][vc_empty_space][vc_column_text css_animation=&#8221;appear&#8221;]<\/p>\n<p style=\"text-align: center;\">K\u00e4\u00e4nn\u00f6s hinta perustuu koko sanam\u00e4\u00e4r\u00e4 asiakirjan, PDF- tai HTML teksti\u00e4 tai tahansa muodossa olet.<\/p>\n<p>[\/vc_column_text][vc_empty_space][vc_row_inner][vc_column_inner width=&#8221;1\/3&#8243;][vc_icon icon_fontawesome=&#8221;fa fa-scissors&#8221; color=&#8221;custom&#8221; background_style=&#8221;rounded&#8221; background_color=&#8221;blue&#8221; size=&#8221;lg&#8221; align=&#8221;center&#8221; css_animation=&#8221;left-to-right&#8221; custom_color=&#8221;#ccffcc&#8221;][vc_empty_space][vc_column_text css_animation=&#8221;bounceInLeft&#8221;]<\/p>\n<h3 style=\"text-align: center;\">Tarjoamme my\u00f6s<\/h3>\n<div class=\"inner\">\n<p style=\"text-align: center;\"><strong>alennetun hinnan<br \/>\npakettiratkaisuille \u2013 esim. Trados<\/strong><br \/>\n<strong> tai<\/strong><br \/>\n<strong> laajoille k\u00e4\u00e4nn\u00f6st\u00f6ille<\/strong><\/p>\n<\/div>\n<p>[\/vc_column_text][\/vc_column_inner][vc_column_inner width=&#8221;1\/3&#8243;][vc_icon icon_fontawesome=&#8221;fa fa-money&#8221; color=&#8221;custom&#8221; background_style=&#8221;rounded&#8221; background_color=&#8221;blue&#8221; size=&#8221;lg&#8221; align=&#8221;center&#8221; css_animation=&#8221;appear&#8221; custom_color=&#8221;#ccffcc&#8221;][vc_empty_space][vc_column_text css_animation=&#8221;bounceIn&#8221;]<\/p>\n<h3 style=\"text-align: center;\"><strong>Hintojemme normaali vaihteluv\u00e4li on<\/strong><\/h3>\n<p style=\"text-align: center;\"><strong>0,12\u20130,14 euroa<\/strong><br \/>\n<strong> sanalta sis\u00e4lt\u00e4en oikoluvun toisella alkukielisell\u00e4 k\u00e4\u00e4nt\u00e4j\u00e4ll\u00e4<\/strong><\/p>\n<p>[\/vc_column_text][\/vc_column_inner][vc_column_inner width=&#8221;1\/3&#8243;][vc_icon icon_fontawesome=&#8221;fa fa-gift&#8221; color=&#8221;custom&#8221; background_style=&#8221;rounded&#8221; background_color=&#8221;blue&#8221; size=&#8221;lg&#8221; align=&#8221;center&#8221; css_animation=&#8221;right-to-left&#8221; custom_color=&#8221;#ccffcc&#8221;][vc_empty_space][vc_column_text css_animation=&#8221;bounceInRight&#8221;]<\/p>\n<h3 style=\"text-align: center;\"><strong>Emme laskuta ylim\u00e4\u00e4r\u00e4ist\u00e4<\/strong><\/h3>\n<p style=\"text-align: center;\"><strong>Pikak\u00e4\u00e4nn\u00f6ksest\u00e4<\/strong><\/p>\n<p style=\"text-align: center;\"><strong>24 tunnin ty\u00f6ajasta\/palvelusta 7 p\u00e4iv\u00e4\u00e4 viikossa<\/strong><\/p>\n<p>[\/vc_column_text][\/vc_column_inner][\/vc_row_inner][vc_empty_space][\/vc_column][\/vc_row][vc_row type=&#8221;vc_default&#8221; bg_type=&#8221;bg_color&#8221; bg_override=&#8221;full&#8221; bg_color_value=&#8221;#ebebeb&#8221;][vc_column][vc_empty_space][vc_row_inner][vc_column_inner width=&#8221;1\/2&#8243;][vc_single_image image=&#8221;11499&#8243; img_size=&#8221;full&#8221; alignment=&#8221;center&#8221; css_animation=&#8221;fadeInLeftBig&#8221;][\/vc_column_inner][vc_column_inner width=&#8221;1\/2&#8243;][vc_column_text css_animation=&#8221;fadeInRightBig&#8221; css=&#8221;.vc_custom_1479123271397{padding-right: 50px !important;padding-left: 50px !important;}&#8221;]<\/p>\n<h4 style=\"text-align: center;\">\u00c4l\u00e4 ep\u00e4r\u00f6i ottaa meihin yhteytt\u00e4 tiedustellaksesi muista alennuksista. Klikkaa t\u00e4st\u00e4 ottaaksesi yhteytt\u00e4 meihin.<\/h4>\n<h4 style=\"text-align: center;\">Tietysti voit k\u00e4ytt\u00e4\u00e4 my\u00f6s web-pohjaista projektinhallintaj\u00e4rjestelm\u00e4\u00e4 tarjouspyynt\u00f6jen tekemiseen. J\u00e4rjestelm\u00e4 on nopea: saat vastauksen tarjouspyynt\u00f6\u00f6n minuutissa, kun olet rekister\u00f6itynyt ilmaiseksi ja luonut oman online-tilin.<\/h4>\n<p>[\/vc_column_text][\/vc_column_inner][\/vc_row_inner][vc_empty_space][\/vc_column][\/vc_row][vc_row rowtype=&#8221;fullwnc&#8221; padding=&#8221;20px 0px 20px 0px&#8221;][vc_column][vc_empty_space][vc_separator][vc_empty_space][vc_separator][vc_empty_space][\/vc_column][\/vc_row][vc_row][vc_column][vc_column_text css_animation=&#8221;fadeInUp&#8221;]Erityisi\u00e4 k\u00e4\u00e4nn\u00f6shintoja voit kysy\u00e4 chatissa contact us via live chat; projektip\u00e4\u00e4llikk\u00f6 on aina paikalla antamassa lis\u00e4tietoja.<\/p>\n<p>Kun pyyd\u00e4t tarjouksen k\u00e4\u00e4nn\u00f6ksest\u00e4, sinulle luodaan tili hallintaj\u00e4rjestelm\u00e4\u00e4mme. Sen kautta voit keskustella teht\u00e4v\u00e4llesi nimetyn projektip\u00e4\u00e4llik\u00f6n kanssa, lis\u00e4t\u00e4 l\u00e4hdeasiakirjat ja antaa lis\u00e4ohjeita k\u00e4\u00e4nt\u00e4jillemme. Saman j\u00e4rjestelm\u00e4n kautta saat aina tietoa projektisi tilasta.<\/p>\n<h2 style=\"text-align: center;\">Kuinka voit v\u00e4hent\u00e4\u00e4 k\u00e4\u00e4nn\u00f6skustannuksia<\/h2>\n<p>Kokonaisk\u00e4\u00e4nn\u00f6skustannusten v\u00e4hent\u00e4miseen on vain v\u00e4h\u00e4n tapoja. Er\u00e4s niist\u00e4 on k\u00e4ytt\u00e4\u00e4 k\u00e4\u00e4nn\u00f6smuistia, jonka avulla aiempia k\u00e4\u00e4nn\u00f6ksi\u00e4 voidaan hy\u00f6dynt\u00e4\u00e4 nykyisiss\u00e4 projekteissa. Ajan mittaan se tuo kustannuss\u00e4\u00e4st\u00f6j\u00e4. Voit my\u00f6s lukea vinkkimme osoitteesta <a href=\"https:\/\/www.nordictrans.com\/10-tips-to-reduce-your-translation-budget\/\" target=\"_blank\" rel=\"noopener\">following tips to reduce your translation prices<\/a>.[\/vc_column_text][vc_empty_space][\/vc_column][\/vc_row][vc_row type=&#8221;3&#8243; content_placement=&#8221;middle&#8221; full_width_row=&#8221;true&#8221; el_class=&#8221;live-contact-btn-wrap&#8221;][vc_column][vc_cta h2=&#8221;&#8221; txt_align=&#8221;center&#8221; shape=&#8221;square&#8221; add_button=&#8221;right&#8221; btn_title=&#8221;LIVE-YHTEYS&#8221; btn_style=&#8221;classic&#8221; btn_shape=&#8221;round&#8221; btn_color=&#8221;white&#8221; btn_align=&#8221;center&#8221; btn_button_block=&#8221;true&#8221; btn_custom_onclick=&#8221;true&#8221; btn_smooth_scroll=&#8221;true&#8221; css=&#8221;.vc_custom_1593439627776{background-color: #ccffcc !important;}&#8221; el_class=&#8221;live-contact-btn&#8221; btn_link=&#8221;url:https%3A%2F%2Fwww.nordictrans.com%2Fchat-popup%2F|||&#8221;]<\/p>\n<h3 style=\"font-size: 28px; line-height: 40px;\">Oletko valmis? Aloitetaan:<\/h3>\n<p>[\/vc_cta][\/vc_column][\/vc_row]<\/p>\n<\/div>","protected":false},"excerpt":{"rendered":"<p>[vc_row][vc_column][\/vc_column][\/vc_row][vc_row][vc_column][vc_raw_html]JTNDZGl2JTIwaWQlM0QlMjJzZWNvbmRfYnJlZCUyMiUyMGNsYXNzJTNEJTIyd2YtdGQlMjIlM0UlM0MlMkZkaXYlM0U=[\/vc_raw_html][\/vc_column][\/vc_row][vc_row margin_bottom=&#8221;0px&#8221; textalign=&#8221;center&#8221; padding=&#8221;50px 0px 30px&#8221;][vc_column][vc_empty_space][vc_column_text] K\u00e4\u00e4nn\u00f6shinnat \u2013 kuinka voit v\u00e4hent\u00e4\u00e4 k\u00e4\u00e4nn\u00f6skustannuksia [\/vc_column_text][vc_empty_space][vc_column_text css_animation=&#8221;appear&#8221;] K\u00e4\u00e4nn\u00f6s hinta perustuu koko sanam\u00e4\u00e4r\u00e4 asiakirjan, PDF- tai HTML teksti\u00e4 tai tahansa muodossa olet. [\/vc_column_text][vc_empty_space][vc_row_inner][vc_column_inner width=&#8221;1\/3&#8243;][vc_icon icon_fontawesome=&#8221;fa fa-scissors&#8221; color=&#8221;custom&#8221; background_style=&#8221;rounded&#8221; background_color=&#8221;blue&#8221; size=&#8221;lg&#8221; align=&#8221;center&#8221; css_animation=&#8221;left-to-right&#8221; custom_color=&#8221;#ccffcc&#8221;][vc_empty_space][vc_column_text css_animation=&#8221;bounceInLeft&#8221;] Tarjoamme my\u00f6s alennetun hinnan pakettiratkaisuille \u2013 esim. Trados tai laajoille k\u00e4\u00e4nn\u00f6st\u00f6ille [\/vc_column_text][\/vc_column_inner][vc_column_inner width=&#8221;1\/3&#8243;][vc_icon icon_fontawesome=&#8221;fa fa-money&#8221;&hellip;<\/p>\n","protected":false},"author":1,"featured_media":32980,"parent":0,"menu_order":0,"comment_status":"closed","ping_status":"closed","template":"","meta":{"_acf_changed":false,"footnotes":""},"class_list":["post-11495","page","type-page","status-publish","has-post-thumbnail","hentry","description-off"],"acf":[],"yoast_head":"<!-- This site is optimized with the Yoast SEO Premium plugin v26.5 (Yoast SEO v26.5) - https:\/\/yoast.com\/wordpress\/plugins\/seo\/ -->\n<title>K\u00e4\u00e4nn\u00f6shinnat \u2013 kielenk\u00e4\u00e4nn\u00f6skulut - NordicTrans<\/title>\n<meta name=\"description\" content=\"Edulliset k\u00e4\u00e4nn\u00f6shinnat sis\u00e4lt\u00e4v\u00e4t k\u00e4\u00e4nn\u00f6ksen lis\u00e4ksi oikoluvun, jonka suorittaa toinen kielt\u00e4 \u00e4idinkielen\u00e4\u00e4n puhuva k\u00e4\u00e4nt\u00e4j\u00e4.\" \/>\n<meta name=\"robots\" content=\"index, follow, max-snippet:-1, max-image-preview:large, max-video-preview:-1\" \/>\n<link rel=\"canonical\" href=\"https:\/\/www.nordictrans.com\/fi\/hinnasto\/\" \/>\n<meta property=\"og:locale\" content=\"fi_FI\" \/>\n<meta property=\"og:type\" content=\"article\" \/>\n<meta property=\"og:title\" content=\"The Best Prices for Translations Services | NordicTrans\" \/>\n<meta property=\"og:description\" content=\"NordicTrans provides affordable translation prices and quick turnaround times without compromising on quality. Lower your translation cost with us!\" \/>\n<meta property=\"og:url\" content=\"https:\/\/www.nordictrans.com\/fi\/hinnasto\/\" \/>\n<meta property=\"og:site_name\" content=\"Nordictrans.com\" \/>\n<meta property=\"article:publisher\" content=\"https:\/\/www.facebook.com\/NordicTrans\" \/>\n<meta property=\"article:modified_time\" content=\"2020-06-29T14:07:25+00:00\" \/>\n<meta property=\"og:image\" content=\"https:\/\/www.nordictrans.com\/wp-content\/uploads\/2018\/05\/translation-prices.png\" \/>\n\t<meta property=\"og:image:width\" content=\"1903\" \/>\n\t<meta property=\"og:image:height\" content=\"670\" \/>\n\t<meta property=\"og:image:type\" content=\"image\/png\" \/>\n<meta name=\"twitter:card\" content=\"summary_large_image\" \/>\n<meta name=\"twitter:title\" content=\"The Best Prices for Translations Services | NordicTrans\" \/>\n<meta name=\"twitter:description\" content=\"NordicTrans provides affordable translation prices and quick turnaround times without compromising on quality. Lower your translation cost with us!\" \/>\n<meta name=\"twitter:site\" content=\"@NordicTrans\" \/>\n<meta name=\"twitter:label1\" content=\"Arvioitu lukuaika\" \/>\n\t<meta name=\"twitter:data1\" content=\"3 minuuttia\" \/>\n<!-- \/ Yoast SEO Premium plugin. -->","yoast_head_json":{"title":"K\u00e4\u00e4nn\u00f6shinnat \u2013 kielenk\u00e4\u00e4nn\u00f6skulut - NordicTrans","description":"Edulliset k\u00e4\u00e4nn\u00f6shinnat sis\u00e4lt\u00e4v\u00e4t k\u00e4\u00e4nn\u00f6ksen lis\u00e4ksi oikoluvun, jonka suorittaa toinen kielt\u00e4 \u00e4idinkielen\u00e4\u00e4n puhuva k\u00e4\u00e4nt\u00e4j\u00e4.","robots":{"index":"index","follow":"follow","max-snippet":"max-snippet:-1","max-image-preview":"max-image-preview:large","max-video-preview":"max-video-preview:-1"},"canonical":"https:\/\/www.nordictrans.com\/fi\/hinnasto\/","og_locale":"fi_FI","og_type":"article","og_title":"The Best Prices for Translations Services | NordicTrans","og_description":"NordicTrans provides affordable translation prices and quick turnaround times without compromising on quality. Lower your translation cost with us!","og_url":"https:\/\/www.nordictrans.com\/fi\/hinnasto\/","og_site_name":"Nordictrans.com","article_publisher":"https:\/\/www.facebook.com\/NordicTrans","article_modified_time":"2020-06-29T14:07:25+00:00","og_image":[{"width":1903,"height":670,"url":"https:\/\/www.nordictrans.com\/wp-content\/uploads\/2018\/05\/translation-prices.png","type":"image\/png"}],"twitter_card":"summary_large_image","twitter_title":"The Best Prices for Translations Services | NordicTrans","twitter_description":"NordicTrans provides affordable translation prices and quick turnaround times without compromising on quality. Lower your translation cost with us!","twitter_site":"@NordicTrans","twitter_misc":{"Arvioitu lukuaika":"3 minuuttia"},"schema":{"@context":"https:\/\/schema.org","@graph":[{"@type":"WebPage","@id":"https:\/\/www.nordictrans.com\/fi\/hinnasto\/","url":"https:\/\/www.nordictrans.com\/fi\/hinnasto\/","name":"K\u00e4\u00e4nn\u00f6shinnat \u2013 kielenk\u00e4\u00e4nn\u00f6skulut - NordicTrans","isPartOf":{"@id":"https:\/\/www.nordictrans.com\/fi\/#website"},"primaryImageOfPage":{"@id":"https:\/\/www.nordictrans.com\/fi\/hinnasto\/#primaryimage"},"image":{"@id":"https:\/\/www.nordictrans.com\/fi\/hinnasto\/#primaryimage"},"thumbnailUrl":"https:\/\/www.nordictrans.com\/wp-content\/uploads\/2018\/05\/translation-prices.png","datePublished":"2011-09-15T03:41:36+00:00","dateModified":"2020-06-29T14:07:25+00:00","description":"Edulliset k\u00e4\u00e4nn\u00f6shinnat sis\u00e4lt\u00e4v\u00e4t k\u00e4\u00e4nn\u00f6ksen lis\u00e4ksi oikoluvun, jonka suorittaa toinen kielt\u00e4 \u00e4idinkielen\u00e4\u00e4n puhuva k\u00e4\u00e4nt\u00e4j\u00e4.","breadcrumb":{"@id":"https:\/\/www.nordictrans.com\/fi\/hinnasto\/#breadcrumb"},"inLanguage":"fi","potentialAction":[{"@type":"ReadAction","target":["https:\/\/www.nordictrans.com\/fi\/hinnasto\/"]}]},{"@type":"ImageObject","inLanguage":"fi","@id":"https:\/\/www.nordictrans.com\/fi\/hinnasto\/#primaryimage","url":"https:\/\/www.nordictrans.com\/wp-content\/uploads\/2018\/05\/translation-prices.png","contentUrl":"https:\/\/www.nordictrans.com\/wp-content\/uploads\/2018\/05\/translation-prices.png","width":1903,"height":670,"caption":"Translation Prices"},{"@type":"BreadcrumbList","@id":"https:\/\/www.nordictrans.com\/fi\/hinnasto\/#breadcrumb","itemListElement":[{"@type":"ListItem","position":1,"name":"Home","item":"https:\/\/www.nordictrans.com\/fi\/"},{"@type":"ListItem","position":2,"name":"K\u00e4\u00e4nn\u00f6shinnat"}]},{"@type":"WebSite","@id":"https:\/\/www.nordictrans.com\/fi\/#website","url":"https:\/\/www.nordictrans.com\/fi\/","name":"Nordictrans.com","description":"Translation Agency specialized in Nordic Languages","publisher":{"@id":"https:\/\/www.nordictrans.com\/fi\/#organization"},"potentialAction":[{"@type":"SearchAction","target":{"@type":"EntryPoint","urlTemplate":"https:\/\/www.nordictrans.com\/fi\/?s={search_term_string}"},"query-input":{"@type":"PropertyValueSpecification","valueRequired":true,"valueName":"search_term_string"}}],"inLanguage":"fi"},{"@type":"Organization","@id":"https:\/\/www.nordictrans.com\/fi\/#organization","name":"NordicTrans","url":"https:\/\/www.nordictrans.com\/fi\/","logo":{"@type":"ImageObject","inLanguage":"fi","@id":"https:\/\/www.nordictrans.com\/fi\/#\/schema\/logo\/image\/","url":"https:\/\/www.nordictrans.com\/wp-content\/uploads\/2015\/02\/logoNT.png","contentUrl":"https:\/\/www.nordictrans.com\/wp-content\/uploads\/2015\/02\/logoNT.png","width":272,"height":92,"caption":"NordicTrans"},"image":{"@id":"https:\/\/www.nordictrans.com\/fi\/#\/schema\/logo\/image\/"},"sameAs":["https:\/\/www.facebook.com\/NordicTrans","https:\/\/x.com\/NordicTrans","https:\/\/www.instagram.com\/NordictransUS","https:\/\/www.linkedin.com\/company\/nordictrans","https:\/\/www.pinterest.com\/nordictrans01","https:\/\/www.youtube.com\/c\/nordictrans"]}]}},"_links":{"self":[{"href":"https:\/\/www.nordictrans.com\/fi\/wp-json\/wp\/v2\/pages\/11495","targetHints":{"allow":["GET"]}}],"collection":[{"href":"https:\/\/www.nordictrans.com\/fi\/wp-json\/wp\/v2\/pages"}],"about":[{"href":"https:\/\/www.nordictrans.com\/fi\/wp-json\/wp\/v2\/types\/page"}],"author":[{"embeddable":true,"href":"https:\/\/www.nordictrans.com\/fi\/wp-json\/wp\/v2\/users\/1"}],"replies":[{"embeddable":true,"href":"https:\/\/www.nordictrans.com\/fi\/wp-json\/wp\/v2\/comments?post=11495"}],"version-history":[{"count":5,"href":"https:\/\/www.nordictrans.com\/fi\/wp-json\/wp\/v2\/pages\/11495\/revisions"}],"predecessor-version":[{"id":48894,"href":"https:\/\/www.nordictrans.com\/fi\/wp-json\/wp\/v2\/pages\/11495\/revisions\/48894"}],"wp:featuredmedia":[{"embeddable":true,"href":"https:\/\/www.nordictrans.com\/fi\/wp-json\/wp\/v2\/media\/32980"}],"wp:attachment":[{"href":"https:\/\/www.nordictrans.com\/fi\/wp-json\/wp\/v2\/media?parent=11495"}],"curies":[{"name":"wp","href":"https:\/\/api.w.org\/{rel}","templated":true}]}}