{"id":11179,"date":"2011-09-15T03:42:21","date_gmt":"2011-09-15T03:42:21","guid":{"rendered":"http:\/\/dev.nordictrans.com\/focus\/"},"modified":"2018-02-08T14:02:34","modified_gmt":"2018-02-08T14:02:34","slug":"industrie","status":"publish","type":"page","link":"https:\/\/www.nordictrans.com\/fi\/industrie\/","title":{"rendered":"Industrie"},"content":{"rendered":"<div class=\"wpb-content-wrapper\"><p>[vc_row][vc_column]\n\t\t\t<!-- START Industry Focus REVOLUTION SLIDER 6.6.16 --><p class=\"rs-p-wp-fix\"><\/p>\n\t\t\t<rs-module-wrap id=\"rev_slider_20_1_wrapper\" data-source=\"gallery\" style=\"visibility:hidden;background:transparent;padding:0;margin:0px auto;margin-top:0;margin-bottom:0;\">\n\t\t\t\t<rs-module id=\"rev_slider_20_1\" style=\"\" data-version=\"6.6.16\">\n\t\t\t\t\t<rs-slides style=\"overflow: hidden; position: absolute;\">\n\t\t\t\t\t\t<rs-slide style=\"position: absolute;\" data-key=\"rs-106\" data-title=\"Slide\" data-anim=\"adpr:false;\">\n\t\t\t\t\t\t\t<img decoding=\"async\" src=\"\/\/www.nordictrans.com\/wp-content\/plugins\/revslider\/public\/assets\/assets\/dummy.png\" alt=\"\" title=\"Industrie\" class=\"rev-slidebg tp-rs-img rs-lazyload\" data-lazyload=\"\/\/www.nordictrans.com\/wp-content\/uploads\/2018\/05\/specialized-translation-fields.png\" data-parallax=\"15\" data-no-retina>\n<!--\n\t\t\t\t\t\t\t--><rs-layer\n\t\t\t\t\t\t\t\tid=\"slider-20-slide-106-layer-1\" \n\t\t\t\t\t\t\t\tdata-type=\"text\"\n\t\t\t\t\t\t\t\tdata-color=\"rgba(255,255,255,1)\"\n\t\t\t\t\t\t\t\tdata-rsp_ch=\"on\"\n\t\t\t\t\t\t\t\tdata-xy=\"x:c;xo:-4px,0,0,0;y:m;yo:-54px,0,0,0;\"\n\t\t\t\t\t\t\t\tdata-text=\"s:60,35,30,24;l:60,40,35,24;fw:700;a:center;\"\n\t\t\t\t\t\t\t\tdata-frame_0=\"tp:600;\"\n\t\t\t\t\t\t\t\tdata-frame_1=\"tp:600;st:0;\"\n\t\t\t\t\t\t\t\tdata-frame_999=\"o:0;tp:600;st:w;sR:8700.0006103516;\"\n\t\t\t\t\t\t\t\tstyle=\"z-index:5;font-family:'Open Sans';opacity:0.6;\"\n\t\t\t\t\t\t\t>\nOLEMME AVOINNA 24H<br\/>\nVUOROKAUDESSA<br\/>\n \n\t\t\t\t\t\t\t<\/rs-layer><!--\n\n\t\t\t\t\t\t\t--><rs-layer\n\t\t\t\t\t\t\t\tid=\"slider-20-slide-106-layer-3\" \n\t\t\t\t\t\t\t\tdata-type=\"text\"\n\t\t\t\t\t\t\t\tdata-color=\"rgba(255,255,255,1)\"\n\t\t\t\t\t\t\t\tdata-rsp_ch=\"on\"\n\t\t\t\t\t\t\t\tdata-xy=\"x:c;xo:12px,12px,12px,0;y:m;yo:30px,30px,30px,56px;\"\n\t\t\t\t\t\t\t\tdata-text=\"s:30,30,30,28;l:30;a:inherit,inherit,inherit,center;\"\n\t\t\t\t\t\t\t\tdata-frame_0=\"tp:600;\"\n\t\t\t\t\t\t\t\tdata-frame_1=\"tp:600;st:0;\"\n\t\t\t\t\t\t\t\tdata-frame_999=\"o:0;tp:600;st:w;sR:8700.0006103516;\"\n\t\t\t\t\t\t\t\tstyle=\"z-index:6;font-family:'Roboto Slab';\"\n\t\t\t\t\t\t\t>valmiina auttamaan sinua <br\/> kiireisiss\u00e4 k\u00e4\u00e4nn\u00f6sprojekteissa \n\t\t\t\t\t\t\t<\/rs-layer><!--\n-->\t\t\t\t\t\t<\/rs-slide>\n\t\t\t\t\t<\/rs-slides>\n\t\t\t\t<\/rs-module>\n\t\t\t\t<script>\n\t\t\t\t\tsetREVStartSize({c: 'rev_slider_20_1',rl:[1240,1024,778,480],el:[655,600,500,400],gw:[1240,1024,778,480],gh:[655,600,500,400],type:'hero',justify:'',layout:'fullwidth',mh:\"0\"});if (window.RS_MODULES!==undefined && window.RS_MODULES.modules!==undefined && window.RS_MODULES.modules[\"revslider201\"]!==undefined) {window.RS_MODULES.modules[\"revslider201\"].once = false;window.revapi20 = undefined;if (window.RS_MODULES.checkMinimal!==undefined) window.RS_MODULES.checkMinimal()}\n\t\t\t\t<\/script>\n\t\t\t<\/rs-module-wrap>\n\t\t\t<!-- END REVOLUTION SLIDER -->\n[\/vc_column][\/vc_row][vc_row][vc_column][vc_raw_html]JTNDZGl2JTIwaWQlM0QlMjJzZWNvbmRfYnJlZCUyMiUyMGNsYXNzJTNEJTIyd2YtdGQlMjIlM0UlM0MlMkZkaXYlM0U=[\/vc_raw_html][\/vc_column][\/vc_row][vc_row rowtype=&#8221;fullw&#8221; textalign=&#8221;center&#8221; padding=&#8221;50px&#8221;][vc_column][vc_empty_space height=&#8221;50px&#8221;][vc_column_text]<\/p>\n<h1 style=\"text-align: center; color: #2c5a85;\"><strong>K\u00e4\u00e4nt\u00e4misen erikoisalat<\/strong><\/h1>\n<p>[\/vc_column_text][vc_empty_space][vc_separator][vc_empty_space][vc_column_text]<\/p>\n<h2 style=\"text-align: center;\">K\u00e4\u00e4nt\u00e4minen on erikoisalamme, aihealueesta riippumatta<\/h2>\n<p>[\/vc_column_text][vc_empty_space][\/vc_column][\/vc_row][vc_row][vc_column][vc_empty_space][vc_row_inner][vc_column_inner width=&#8221;1\/3&#8243;][vc_single_image image=&#8221;10149&#8243; img_size=&#8221;full&#8221; alignment=&#8221;center&#8221;][vc_column_text]<\/p>\n<h3 style=\"text-align: center;\">PR ja markkinointi<\/h3>\n<p>[\/vc_column_text][\/vc_column_inner][vc_column_inner width=&#8221;1\/3&#8243;][vc_single_image image=&#8221;10157&#8243; img_size=&#8221;full&#8221; alignment=&#8221;center&#8221;][vc_column_text]<\/p>\n<h3 style=\"text-align: center;\">Mediaviestint\u00e4<\/h3>\n<p>[\/vc_column_text][\/vc_column_inner][vc_column_inner width=&#8221;1\/3&#8243;][vc_single_image image=&#8221;3577&#8243; img_size=&#8221;full&#8221; alignment=&#8221;center&#8221;][vc_column_text]<\/p>\n<h3 style=\"text-align: center;\">Verkkosivujen lokalisointi<\/h3>\n<p>[\/vc_column_text][\/vc_column_inner][\/vc_row_inner][vc_empty_space][vc_row_inner][vc_column_inner width=&#8221;1\/3&#8243;][vc_single_image image=&#8221;10165&#8243; img_size=&#8221;full&#8221; alignment=&#8221;center&#8221;][vc_column_text]<\/p>\n<h3 style=\"text-align: center;\">Lakitekstien k\u00e4\u00e4nn\u00f6kset<\/h3>\n<p>[\/vc_column_text][\/vc_column_inner][vc_column_inner width=&#8221;1\/3&#8243;][vc_single_image image=&#8221;10181&#8243; img_size=&#8221;full&#8221; alignment=&#8221;center&#8221;][vc_column_text]<\/p>\n<h3 style=\"text-align: center;\">Verkkokaupan k\u00e4\u00e4nn\u00f6kset<\/h3>\n<p>[\/vc_column_text][\/vc_column_inner][vc_column_inner width=&#8221;1\/3&#8243;][vc_single_image image=&#8221;10189&#8243; img_size=&#8221;full&#8221; alignment=&#8221;center&#8221;][vc_column_text]<\/p>\n<h3 style=\"text-align: center;\">Tekniset k\u00e4\u00e4nn\u00f6kset<\/h3>\n<p>[\/vc_column_text][\/vc_column_inner][\/vc_row_inner][vc_empty_space][vc_row_inner][vc_column_inner width=&#8221;1\/3&#8243;][vc_single_image image=&#8221;10197&#8243; img_size=&#8221;full&#8221; alignment=&#8221;center&#8221;][vc_column_text]<\/p>\n<h3 style=\"text-align: center;\">Tietoliikennealan k\u00e4\u00e4nn\u00f6kset<\/h3>\n<p>[\/vc_column_text][\/vc_column_inner][vc_column_inner width=&#8221;1\/3&#8243;][vc_single_image image=&#8221;11200&#8243; img_size=&#8221;full&#8221; alignment=&#8221;center&#8221;][vc_column_text]<\/p>\n<h3 style=\"text-align: center;\">Avoinna 24h<\/h3>\n<p>[\/vc_column_text][\/vc_column_inner][vc_column_inner width=&#8221;1\/3&#8243;][vc_single_image image=&#8221;10213&#8243; img_size=&#8221;full&#8221; alignment=&#8221;center&#8221;][vc_column_text]<\/p>\n<h3 style=\"text-align: center;\">Pohjoismaisten kielten asiantuntija<\/h3>\n<p>[\/vc_column_text][\/vc_column_inner][\/vc_row_inner][vc_empty_space height=&#8221;50px&#8221;][vc_column_text]<\/p>\n<h3 style=\"text-align: center;\"><strong>K\u00e4\u00e4nt\u00e4misen erikoisalat<\/strong><\/h3>\n<p>[\/vc_column_text][\/vc_column][\/vc_row][vc_row][vc_column width=&#8221;1\/3&#8243;][vc_icon icon_fontawesome=&#8221;fa fa-usd&#8221; color=&#8221;custom&#8221; size=&#8221;lg&#8221; align=&#8221;center&#8221; custom_color=&#8221;#ccffcc&#8221;][vc_column_text]<\/p>\n<h4 class=\"custom-title\" style=\"text-align: center;\">Sek\u00e4 kaikki IT-j\u00e4rjestelm\u00e4lliset liiketoimintaprosessit paikallisten standardien mukaisesti<\/h4>\n<div class=\"inner\">\n<p style=\"text-align: center;\"><span style=\"color: #333333;\">rahoitus<br \/>\nvarastointi<br \/>\nhankinta<br \/>\ntuotanto<br \/>\nmarkkinointi<br \/>\ntoimitusketju- ja<br \/>\nliiketoimintatiedonhallinta<br \/>\ne-liiketoiminta<\/span><\/p>\n<\/div>\n<p>[\/vc_column_text][\/vc_column][vc_column width=&#8221;1\/3&#8243;][vc_icon icon_fontawesome=&#8221;fa fa-globe&#8221; color=&#8221;custom&#8221; size=&#8221;lg&#8221; align=&#8221;center&#8221; custom_color=&#8221;#2c5a85&#8243;][vc_column_text]<\/p>\n<h4 class=\"custom-title\" style=\"text-align: center;\">IT- &amp; telekommunikaatio-ala<\/h4>\n<div class=\"inner\">\n<p style=\"text-align: center;\">ERP-ratkaisut<br \/>\nInternet<br \/>\nViestitys- ja turvallisuusohjelmistot<br \/>\nOhjelmisto- ja laitteistov\u00e4lineet<br \/>\nVerkon- ja j\u00e4rjestelm\u00e4nhallinta<br \/>\nGrafiikka ja CAD<br \/>\nTelekommunikaatio<\/p>\n<\/div>\n<p>[\/vc_column_text][\/vc_column][vc_column width=&#8221;1\/3&#8243;][vc_icon icon_fontawesome=&#8221;fa fa-briefcase&#8221; color=&#8221;custom&#8221; size=&#8221;lg&#8221; align=&#8221;center&#8221; custom_color=&#8221;#2c5a85&#8243;][vc_column_text]<\/p>\n<h4 class=\"custom-title\" style=\"text-align: center;\">Lehdist\u00f6- &amp; toimitusala<\/h4>\n<div class=\"inner\">\n<p style=\"text-align: center;\">Aikakauslehtien paikallistaminen<br \/>\nArtikkelit<br \/>\nReportaasit<br \/>\nTiedonannot<br \/>\nHaastattelut<br \/>\nMainokset<br \/>\nHaastattelut<br \/>\nPressemeddelelser<br \/>\nLehdist\u00f6tiedotteet<br \/>\nBiografiat<br \/>\nK\u00e4sikirja<\/p>\n<\/div>\n<p>[\/vc_column_text][\/vc_column][\/vc_row][vc_row][vc_column width=&#8221;1\/2&#8243;][vc_icon icon_fontawesome=&#8221;fa fa-wrench&#8221; color=&#8221;custom&#8221; size=&#8221;lg&#8221; align=&#8221;center&#8221; custom_color=&#8221;#ccffcc&#8221;][vc_column_text]<\/p>\n<h4 class=\"custom-title\" style=\"text-align: center;\">Teollinen &amp; tekninen ala<\/h4>\n<div class=\"inner\" style=\"text-align: center;\">Tuotantomenetelm\u00e4t<br \/>\nK\u00e4ytt\u00f6oppaat<br \/>\nKaupalliset esitteet<br \/>\nTekniset kuvaukset<br \/>\nStandardit<br \/>\nISO-p\u00e4tevyysmenettely<br \/>\nErikoistumiset<br \/>\nLuettelot<br \/>\nSuunnitelmat<br \/>\nR\u00e4\u00e4t\u00e4l\u00f6ity viestint\u00e4<br \/>\nLiiketoiminnan uutiskirjeet<\/div>\n<p>[\/vc_column_text][\/vc_column][vc_column width=&#8221;1\/2&#8243;][vc_icon icon_fontawesome=&#8221;fa fa-bullhorn&#8221; color=&#8221;custom&#8221; size=&#8221;lg&#8221; align=&#8221;center&#8221; custom_color=&#8221;#8ebee2&#8243;][vc_column_text]<\/p>\n<h4 class=\"custom-title\" style=\"text-align: center;\">PR\/Myynti- &amp; Media- ja kommunikaatio-ala<\/h4>\n<div class=\"inner\">\n<p style=\"text-align: center;\">Luettelot<br \/>\nEsitteet<br \/>\nLehdist\u00f6tiedotteet<br \/>\nMarkkinointitutkimukset<br \/>\nArtikkelit<br \/>\nYhti\u00f6n mainokset<br \/>\nKonferenssimateriaalit<br \/>\nMyyntivoima- &amp; markkinointiesittelyt<br \/>\nKonferenssimateriaalit<br \/>\nMedia- ja lehdist\u00f6-sarjat<\/p>\n<\/div>\n<p>[\/vc_column_text][\/vc_column][\/vc_row][vc_row rowtype=&#8221;fullw&#8221;][vc_column][vc_empty_space][vc_column_text]<\/p>\n<h3><span style=\"color: #2c5a85;\">NordictTransilla on tarvittavat edellytykset ja ty\u00f6voima voidakseen tarjota k\u00e4\u00e4nn\u00f6spalvelut l\u00e4hes mill\u00e4 tahansa alalla. Meill\u00e4 ty\u00f6skentelee erikoistuneita k\u00e4\u00e4nt\u00e4ji\u00e4, jotka pystyv\u00e4t k\u00e4\u00e4nt\u00e4m\u00e4\u00e4n asiakirjoja ja verkkosivuja l\u00e4\u00e4ketieteen, tekniikan, oikeustieteen ja liiketalouden alalla.<\/span><\/h3>\n<p>[\/vc_column_text][vc_empty_space][vc_row_inner][vc_column_inner][vc_empty_space][vc_custom_heading text=&#8221;K\u00e4\u00e4nt\u00e4misen erikoisalat&#8221; font_container=&#8221;tag:h2|text_align:center|color:%23666666&#8243; google_fonts=&#8221;font_family:Roboto%20Slab%3A100%2C300%2Cregular%2C700|font_style:400%20regular%3A400%3Anormal&#8221;][vc_empty_space][vc_column_text]<\/p>\n<p style=\"text-align: center;\">Sinun ja yrityksesi kannattaa ottaa huomioon edut, joita markkinoiden t\u00e4ll\u00e4 hetkell\u00e4 paras k\u00e4\u00e4nn\u00f6spalvelut voi tarjota. T\u00e4m\u00e4 koskee erityisesti oikeustieteellisi\u00e4 k\u00e4\u00e4nn\u00f6ksi\u00e4. T\u00e4llaiset asiakirjat edellytt\u00e4v\u00e4t tavallisesti erityisen suurta t\u00e4sm\u00e4llisyytt\u00e4. T\u00e4m\u00e4n vuoksi joukoissamme olevien ammattilaisten, on k\u00e4\u00e4nnett\u00e4v\u00e4 oikeustieteelliset tekstit.<\/p>\n<p style=\"text-align: center;\">Tulet arvostamaan tekem\u00e4\u00e4mme ty\u00f6t\u00e4 teknisten k\u00e4\u00e4nn\u00f6sten parissa alusta saakka. Hoidamme kaikenlaiset tekniset k\u00e4\u00e4nn\u00f6kset. Pystymme tarjoamaan teknisi\u00e4 k\u00e4\u00e4nn\u00f6ksi\u00e4 hyvin lyhyess\u00e4 ajassa, jotta voit jatkaa liiketoimintaasi ja tavanomaisia toimiasi keskeytym\u00e4tt\u00e4.<\/p>\n<p style=\"text-align: center;\">Siit\u00e4 l\u00e4htien, kun aloimme tarjota k\u00e4\u00e4nn\u00f6spalveluja, olemme laajentuneet koko alueelle. Nyt voit saada meilt\u00e4 my\u00f6s l\u00e4\u00e4ketieteellisi\u00e4 k\u00e4\u00e4nn\u00f6ksi\u00e4, jotta kaikki l\u00e4\u00e4ketieteelliset asiakirjasi ovat helpommin ymm\u00e4rrett\u00e4vi\u00e4. Voit kuvitella tilanteen, ett\u00e4 muutat vieraaseen maahan, mutta l\u00e4\u00e4k\u00e4rintodistuksesi sis\u00e4lt\u00e4mi\u00e4 tietoja ei ymm\u00e4rret\u00e4. Me autamme kiperimmiss\u00e4kin l\u00e4\u00e4ketieteellisiss\u00e4 k\u00e4\u00e4nn\u00f6ksiss\u00e4, jotta sin\u00e4 saat parhaan palvelun.<\/p>\n<p style=\"text-align: center;\"><strong>Tarjoamme laadukkaita k\u00e4\u00e4nn\u00f6ksi\u00e4 edulliseen hintaan kaikilla edell\u00e4 mainituilla erikoisaloilla.<\/strong> Jos niiden joukosta ei l\u00f6ydy etsim\u00e4\u00e4si, ota yhteytt\u00e4 meihin. Voimme melko varmasti tarjota sen sinulle!<\/p>\n<p>[\/vc_column_text][vc_empty_space height=&#8221;50px&#8221;][\/vc_column_inner][\/vc_row_inner][\/vc_column][\/vc_row][vc_row type=&#8221;3&#8243; margin_bottom=&#8221;0px&#8221; full_width_row=&#8221;true&#8221; rowtype=&#8221;fullw&#8221; textalign=&#8221;center&#8221; padding=&#8221;30px 0px&#8221; css=&#8221;.vc_custom_1479126782840{margin-bottom: 0px !important;padding-top: 30px !important;padding-right: 0px !important;padding-bottom: 30px !important;padding-left: 0px !important;background-color: #ccffcc !important;}&#8221; el_class=&#8221;live-contact-btn-wrap&#8221;][vc_column][vc_cta h2=&#8221; Oletko valmis? Aloitetaan:&#8221; txt_align=&#8221;center&#8221; add_button=&#8221;right&#8221; btn_title=&#8221;LIVE-YHTEYS&#8221; btn_style=&#8221;custom&#8221; btn_custom_background=&#8221;#ffffff&#8221; btn_custom_text=&#8221;#2a4a8f&#8221; btn_shape=&#8221;round&#8221; btn_align=&#8221;center&#8221; btn_button_block=&#8221;true&#8221; btn_custom_onclick=&#8221;true&#8221; btn_smooth_scroll=&#8221;true&#8221; btn_link=&#8221;url:https%3A%2F%2Fwww.nordictrans.com%2Fchat-popup%2F|||&#8221; el_class=&#8221;live-contact-btn&#8221;][\/vc_cta][\/vc_column][\/vc_row]<\/p>\n<\/div>","protected":false},"excerpt":{"rendered":"<p>[vc_row][vc_column][\/vc_column][\/vc_row][vc_row][vc_column][vc_raw_html]JTNDZGl2JTIwaWQlM0QlMjJzZWNvbmRfYnJlZCUyMiUyMGNsYXNzJTNEJTIyd2YtdGQlMjIlM0UlM0MlMkZkaXYlM0U=[\/vc_raw_html][\/vc_column][\/vc_row][vc_row rowtype=&#8221;fullw&#8221; textalign=&#8221;center&#8221; padding=&#8221;50px&#8221;][vc_column][vc_empty_space height=&#8221;50px&#8221;][vc_column_text] K\u00e4\u00e4nt\u00e4misen erikoisalat [\/vc_column_text][vc_empty_space][vc_separator][vc_empty_space][vc_column_text] K\u00e4\u00e4nt\u00e4minen on erikoisalamme, aihealueesta riippumatta [\/vc_column_text][vc_empty_space][\/vc_column][\/vc_row][vc_row][vc_column][vc_empty_space][vc_row_inner][vc_column_inner width=&#8221;1\/3&#8243;][vc_single_image image=&#8221;10149&#8243; img_size=&#8221;full&#8221; alignment=&#8221;center&#8221;][vc_column_text] PR ja markkinointi [\/vc_column_text][\/vc_column_inner][vc_column_inner width=&#8221;1\/3&#8243;][vc_single_image image=&#8221;10157&#8243; img_size=&#8221;full&#8221; alignment=&#8221;center&#8221;][vc_column_text] Mediaviestint\u00e4 [\/vc_column_text][\/vc_column_inner][vc_column_inner width=&#8221;1\/3&#8243;][vc_single_image image=&#8221;3577&#8243; img_size=&#8221;full&#8221; alignment=&#8221;center&#8221;][vc_column_text] Verkkosivujen lokalisointi [\/vc_column_text][\/vc_column_inner][\/vc_row_inner][vc_empty_space][vc_row_inner][vc_column_inner width=&#8221;1\/3&#8243;][vc_single_image image=&#8221;10165&#8243; img_size=&#8221;full&#8221; alignment=&#8221;center&#8221;][vc_column_text] Lakitekstien k\u00e4\u00e4nn\u00f6kset [\/vc_column_text][\/vc_column_inner][vc_column_inner width=&#8221;1\/3&#8243;][vc_single_image image=&#8221;10181&#8243; img_size=&#8221;full&#8221; alignment=&#8221;center&#8221;][vc_column_text] Verkkokaupan k\u00e4\u00e4nn\u00f6kset [\/vc_column_text][\/vc_column_inner][vc_column_inner width=&#8221;1\/3&#8243;][vc_single_image image=&#8221;10189&#8243; img_size=&#8221;full&#8221; alignment=&#8221;center&#8221;][vc_column_text] Tekniset k\u00e4\u00e4nn\u00f6kset&hellip;<\/p>\n","protected":false},"author":1,"featured_media":33300,"parent":0,"menu_order":0,"comment_status":"closed","ping_status":"closed","template":"","meta":{"_acf_changed":false,"footnotes":""},"class_list":["post-11179","page","type-page","status-publish","has-post-thumbnail","hentry","description-off"],"acf":[],"yoast_head":"<!-- This site is optimized with the Yoast SEO Premium plugin v26.5 (Yoast SEO v26.5) - https:\/\/yoast.com\/wordpress\/plugins\/seo\/ -->\n<title>Keskittyminen tiettyyn toimialaan \u2013 K\u00e4\u00e4nt\u00e4misen erikoisalat<\/title>\n<meta name=\"description\" content=\"K\u00e4\u00e4nt\u00e4misen erikoisalat: NordicTrans on erikoistunut asiakirjojen k\u00e4\u00e4nt\u00e4miseen englannista tanskaan, hollantiin, ruotsiin, suomeen, norjaan ja saksaan.\" \/>\n<meta name=\"robots\" content=\"index, follow, max-snippet:-1, max-image-preview:large, max-video-preview:-1\" \/>\n<link rel=\"canonical\" href=\"https:\/\/www.nordictrans.com\/fi\/industrie\/\" \/>\n<meta property=\"og:locale\" content=\"fi_FI\" \/>\n<meta property=\"og:type\" content=\"article\" \/>\n<meta property=\"og:title\" content=\"Industrie\" \/>\n<meta property=\"og:description\" content=\"NordicTrans works in the following specialized translation fields: medical, technical, legal and business and can translate from and into over 120 languages\" \/>\n<meta property=\"og:url\" content=\"https:\/\/www.nordictrans.com\/fi\/industrie\/\" \/>\n<meta property=\"og:site_name\" content=\"Nordictrans.com\" \/>\n<meta property=\"article:publisher\" content=\"https:\/\/www.facebook.com\/NordicTrans\" \/>\n<meta property=\"article:modified_time\" content=\"2018-02-08T14:02:34+00:00\" \/>\n<meta property=\"og:image\" content=\"https:\/\/www.nordictrans.com\/wp-content\/uploads\/2018\/05\/specialized-translation-fields.png\" \/>\n\t<meta property=\"og:image:width\" content=\"1903\" \/>\n\t<meta property=\"og:image:height\" content=\"670\" \/>\n\t<meta property=\"og:image:type\" content=\"image\/png\" \/>\n<meta name=\"twitter:card\" content=\"summary_large_image\" \/>\n<meta name=\"twitter:description\" content=\"JTNDZGl2JTIwaWQlM0QlMjJzZWNvbmRfYnJlZCUyMiUyMGNsYXNzJTNEJTIyd2YtdGQlMjIlM0UlM0MlMkZkaXYlM0U= K\u00e4\u00e4nt\u00e4misen erikoisalat K\u00e4\u00e4nt\u00e4minen on erikoisalamme,\" \/>\n<meta name=\"twitter:site\" content=\"@NordicTrans\" \/>\n<meta name=\"twitter:label1\" content=\"Arvioitu lukuaika\" \/>\n\t<meta name=\"twitter:data1\" content=\"5 minuuttia\" \/>\n<!-- \/ Yoast SEO Premium plugin. -->","yoast_head_json":{"title":"Keskittyminen tiettyyn toimialaan \u2013 K\u00e4\u00e4nt\u00e4misen erikoisalat","description":"K\u00e4\u00e4nt\u00e4misen erikoisalat: NordicTrans on erikoistunut asiakirjojen k\u00e4\u00e4nt\u00e4miseen englannista tanskaan, hollantiin, ruotsiin, suomeen, norjaan ja saksaan.","robots":{"index":"index","follow":"follow","max-snippet":"max-snippet:-1","max-image-preview":"max-image-preview:large","max-video-preview":"max-video-preview:-1"},"canonical":"https:\/\/www.nordictrans.com\/fi\/industrie\/","og_locale":"fi_FI","og_type":"article","og_title":"Industrie","og_description":"NordicTrans works in the following specialized translation fields: medical, technical, legal and business and can translate from and into over 120 languages","og_url":"https:\/\/www.nordictrans.com\/fi\/industrie\/","og_site_name":"Nordictrans.com","article_publisher":"https:\/\/www.facebook.com\/NordicTrans","article_modified_time":"2018-02-08T14:02:34+00:00","og_image":[{"width":1903,"height":670,"url":"https:\/\/www.nordictrans.com\/wp-content\/uploads\/2018\/05\/specialized-translation-fields.png","type":"image\/png"}],"twitter_card":"summary_large_image","twitter_description":"JTNDZGl2JTIwaWQlM0QlMjJzZWNvbmRfYnJlZCUyMiUyMGNsYXNzJTNEJTIyd2YtdGQlMjIlM0UlM0MlMkZkaXYlM0U= K\u00e4\u00e4nt\u00e4misen erikoisalat K\u00e4\u00e4nt\u00e4minen on erikoisalamme,","twitter_site":"@NordicTrans","twitter_misc":{"Arvioitu lukuaika":"5 minuuttia"},"schema":{"@context":"https:\/\/schema.org","@graph":[{"@type":"WebPage","@id":"https:\/\/www.nordictrans.com\/fi\/industrie\/","url":"https:\/\/www.nordictrans.com\/fi\/industrie\/","name":"Keskittyminen tiettyyn toimialaan \u2013 K\u00e4\u00e4nt\u00e4misen erikoisalat","isPartOf":{"@id":"https:\/\/www.nordictrans.com\/fi\/#website"},"primaryImageOfPage":{"@id":"https:\/\/www.nordictrans.com\/fi\/industrie\/#primaryimage"},"image":{"@id":"https:\/\/www.nordictrans.com\/fi\/industrie\/#primaryimage"},"thumbnailUrl":"https:\/\/www.nordictrans.com\/wp-content\/uploads\/2018\/05\/specialized-translation-fields.png","datePublished":"2011-09-15T03:42:21+00:00","dateModified":"2018-02-08T14:02:34+00:00","description":"K\u00e4\u00e4nt\u00e4misen erikoisalat: NordicTrans on erikoistunut asiakirjojen k\u00e4\u00e4nt\u00e4miseen englannista tanskaan, hollantiin, ruotsiin, suomeen, norjaan ja saksaan.","breadcrumb":{"@id":"https:\/\/www.nordictrans.com\/fi\/industrie\/#breadcrumb"},"inLanguage":"fi","potentialAction":[{"@type":"ReadAction","target":["https:\/\/www.nordictrans.com\/fi\/industrie\/"]}]},{"@type":"ImageObject","inLanguage":"fi","@id":"https:\/\/www.nordictrans.com\/fi\/industrie\/#primaryimage","url":"https:\/\/www.nordictrans.com\/wp-content\/uploads\/2018\/05\/specialized-translation-fields.png","contentUrl":"https:\/\/www.nordictrans.com\/wp-content\/uploads\/2018\/05\/specialized-translation-fields.png","width":1903,"height":670,"caption":"specialized translation fields"},{"@type":"BreadcrumbList","@id":"https:\/\/www.nordictrans.com\/fi\/industrie\/#breadcrumb","itemListElement":[{"@type":"ListItem","position":1,"name":"Home","item":"https:\/\/www.nordictrans.com\/fi\/"},{"@type":"ListItem","position":2,"name":"Industrie"}]},{"@type":"WebSite","@id":"https:\/\/www.nordictrans.com\/fi\/#website","url":"https:\/\/www.nordictrans.com\/fi\/","name":"Nordictrans.com","description":"Translation Agency specialized in Nordic Languages","publisher":{"@id":"https:\/\/www.nordictrans.com\/fi\/#organization"},"potentialAction":[{"@type":"SearchAction","target":{"@type":"EntryPoint","urlTemplate":"https:\/\/www.nordictrans.com\/fi\/?s={search_term_string}"},"query-input":{"@type":"PropertyValueSpecification","valueRequired":true,"valueName":"search_term_string"}}],"inLanguage":"fi"},{"@type":"Organization","@id":"https:\/\/www.nordictrans.com\/fi\/#organization","name":"NordicTrans","url":"https:\/\/www.nordictrans.com\/fi\/","logo":{"@type":"ImageObject","inLanguage":"fi","@id":"https:\/\/www.nordictrans.com\/fi\/#\/schema\/logo\/image\/","url":"https:\/\/www.nordictrans.com\/wp-content\/uploads\/2015\/02\/logoNT.png","contentUrl":"https:\/\/www.nordictrans.com\/wp-content\/uploads\/2015\/02\/logoNT.png","width":272,"height":92,"caption":"NordicTrans"},"image":{"@id":"https:\/\/www.nordictrans.com\/fi\/#\/schema\/logo\/image\/"},"sameAs":["https:\/\/www.facebook.com\/NordicTrans","https:\/\/x.com\/NordicTrans","https:\/\/www.instagram.com\/NordictransUS","https:\/\/www.linkedin.com\/company\/nordictrans","https:\/\/www.pinterest.com\/nordictrans01","https:\/\/www.youtube.com\/c\/nordictrans"]}]}},"_links":{"self":[{"href":"https:\/\/www.nordictrans.com\/fi\/wp-json\/wp\/v2\/pages\/11179","targetHints":{"allow":["GET"]}}],"collection":[{"href":"https:\/\/www.nordictrans.com\/fi\/wp-json\/wp\/v2\/pages"}],"about":[{"href":"https:\/\/www.nordictrans.com\/fi\/wp-json\/wp\/v2\/types\/page"}],"author":[{"embeddable":true,"href":"https:\/\/www.nordictrans.com\/fi\/wp-json\/wp\/v2\/users\/1"}],"replies":[{"embeddable":true,"href":"https:\/\/www.nordictrans.com\/fi\/wp-json\/wp\/v2\/comments?post=11179"}],"version-history":[{"count":5,"href":"https:\/\/www.nordictrans.com\/fi\/wp-json\/wp\/v2\/pages\/11179\/revisions"}],"predecessor-version":[{"id":26980,"href":"https:\/\/www.nordictrans.com\/fi\/wp-json\/wp\/v2\/pages\/11179\/revisions\/26980"}],"wp:featuredmedia":[{"embeddable":true,"href":"https:\/\/www.nordictrans.com\/fi\/wp-json\/wp\/v2\/media\/33300"}],"wp:attachment":[{"href":"https:\/\/www.nordictrans.com\/fi\/wp-json\/wp\/v2\/media?parent=11179"}],"curies":[{"name":"wp","href":"https:\/\/api.w.org\/{rel}","templated":true}]}}