{"id":11630,"date":"2011-09-15T03:40:21","date_gmt":"2011-09-15T03:40:21","guid":{"rendered":"http:\/\/dev.nordictrans.com\/contact\/"},"modified":"2021-01-03T13:22:51","modified_gmt":"2021-01-03T13:22:51","slug":"kontakt-2","status":"publish","type":"page","link":"https:\/\/www.nordictrans.com\/de\/kontakt-2\/","title":{"rendered":"Kontakt"},"content":{"rendered":"<div class=\"wpb-content-wrapper\"><p>[vc_row rowtype=&#8221;fullwnc&#8221;][vc_column]\n\t\t\t<!-- START Contact Us REVOLUTION SLIDER 6.6.16 --><p class=\"rs-p-wp-fix\"><\/p>\n\t\t\t<rs-module-wrap id=\"rev_slider_33_1_wrapper\" data-source=\"gallery\" style=\"visibility:hidden;background:transparent;padding:0;margin:0px auto;margin-top:0;margin-bottom:0;\">\n\t\t\t\t<rs-module id=\"rev_slider_33_1\" style=\"\" data-version=\"6.6.16\">\n\t\t\t\t\t<rs-slides style=\"overflow: hidden; position: absolute;\">\n\t\t\t\t\t\t<rs-slide style=\"position: absolute;\" data-key=\"rs-37\" data-title=\"Slide\" data-anim=\"adpr:false;\" data-in=\"o:0;\" data-out=\"a:false;\">\n\t\t\t\t\t\t\t<img decoding=\"async\" src=\"\/\/www.nordictrans.com\/wp-content\/plugins\/revslider\/public\/assets\/assets\/dummy.png\" alt=\"\" title=\"Kontakt\" class=\"rev-slidebg tp-rs-img rs-lazyload\" data-lazyload=\"\/\/www.nordictrans.com\/wp-content\/uploads\/2018\/06\/translation-company-in-uk-and-us.png\" data-parallax=\"15\" data-no-retina>\n<!--\n\t\t\t\t\t\t\t--><rs-layer\n\t\t\t\t\t\t\t\tid=\"slider-33-slide-37-layer-0\" \n\t\t\t\t\t\t\t\tdata-type=\"text\"\n\t\t\t\t\t\t\t\tdata-color=\"#fff\"\n\t\t\t\t\t\t\t\tdata-rsp_ch=\"on\"\n\t\t\t\t\t\t\t\tdata-xy=\"xo:394px,325px,246px,151px;yo:229px,189px,143px,88px;\"\n\t\t\t\t\t\t\t\tdata-text=\"w:normal;s:40,33,25,15;l:50,41,31,19;fw:900;\"\n\t\t\t\t\t\t\t\tdata-dim=\"minh:0px,none,none,none;\"\n\t\t\t\t\t\t\t\tdata-frame_999=\"o:0;st:w;\"\n\t\t\t\t\t\t\t\tstyle=\"z-index:5;font-family:'Roboto';text-transform:uppercase;\"\n\t\t\t\t\t\t\t>CONTACT US \n\t\t\t\t\t\t\t<\/rs-layer><!--\n-->\t\t\t\t\t\t<\/rs-slide>\n\t\t\t\t\t<\/rs-slides>\n\t\t\t\t<\/rs-module>\n\t\t\t\t<script>\n\t\t\t\t\tsetREVStartSize({c: 'rev_slider_33_1',rl:[1240,1024,778,480],el:[655,600,500,400],gw:[1240,1024,778,480],gh:[655,600,500,400],type:'hero',justify:'',layout:'fullwidth',mh:\"0\"});if (window.RS_MODULES!==undefined && window.RS_MODULES.modules!==undefined && window.RS_MODULES.modules[\"revslider331\"]!==undefined) {window.RS_MODULES.modules[\"revslider331\"].once = false;window.revapi33 = undefined;if (window.RS_MODULES.checkMinimal!==undefined) window.RS_MODULES.checkMinimal()}\n\t\t\t\t<\/script>\n\t\t\t<\/rs-module-wrap>\n\t\t\t<!-- END REVOLUTION SLIDER -->\n[\/vc_column][\/vc_row][vc_row rowtype=&#8221;fullwnc&#8221;][vc_column][vc_raw_html]JTNDZGl2JTIwaWQlM0QlMjJzZWNvbmRfYnJlZCUyMiUyMGNsYXNzJTNEJTIyd2YtdGQlMjIlM0UlM0MlMkZkaXYlM0U=[\/vc_raw_html][\/vc_column][\/vc_row][vc_row type=&#8221;vc_default&#8221; full_width=&#8221;stretch_row_content_no_spaces&#8221; content_placement=&#8221;top&#8221; full_width_row=&#8221;true&#8221; el_class=&#8221;google-map-wrap&#8221;][vc_column][vc_column_text el_class=&#8221;google-map&#8221;]<\/p>\n<p style=\"text-align: center;\"><div id=\"wpgmza_map\" class=\"wpgmza_map\" data-settings='{\"id\":\"1\",\"map_title\":\"Our Offices\",\"map_width\":\"100\",\"map_height\":\"400\",\"map_start_lat\":\"47.760735\",\"map_start_lng\":\"-50.869035\",\"map_start_location\":\"47.76073545358378,-50.869035193242475\",\"map_start_zoom\":\"3\",\"default_marker\":\"0\",\"type\":\"3\",\"alignment\":\"2\",\"directions_enabled\":\"1\",\"styling_enabled\":\"0\",\"styling_json\":\"\",\"active\":\"0\",\"kml\":\"\",\"bicycle\":\"0\",\"traffic\":\"0\",\"dbox\":\"1\",\"dbox_width\":\"250\",\"listmarkers\":\"0\",\"listmarkers_advanced\":\"0\",\"filterbycat\":\"0\",\"ugm_enabled\":\"0\",\"ugm_category_enabled\":\"0\",\"fusion\":\"\",\"map_width_type\":\"\\\\%\",\"map_height_type\":\"px\",\"mass_marker_support\":\"1\",\"ugm_access\":\"0\",\"order_markers_by\":\"1\",\"order_markers_choice\":\"2\",\"show_user_location\":\"0\",\"default_to\":\"\",\"other_settings\":{\"store_locator_enabled\":2,\"store_locator_distance\":2,\"store_locator_default_radius\":\"10\",\"store_locator_not_found_message\":\"No results found in this location. Please try again.\",\"store_locator_bounce\":1,\"store_locator_query_string\":\"ZIP \\\/ Address:\",\"store_locator_default_address\":\"\",\"wpgmza_store_locator_restrict\":\"\",\"store_locator_style\":\"legacy\",\"wpgmza_store_locator_radius_style\":\"legacy\",\"map_max_zoom\":\"1\",\"transport_layer\":0,\"wpgmza_show_points_of_interest\":0,\"bicycle\":\"0\",\"traffic\":\"0\"}}' data-map-id='1' Data-maps-engine='google-maps' data-shortcode-attributes='{\"id\":\"1\"}' style=\"display:block; overflow:auto; width:100%; height:400px; float:left;\"><\/div>\n<p>[\/vc_column_text][\/vc_column][\/vc_row][vc_row margin_bottom=&#8221;0px&#8221; rowtype=&#8221;fullw&#8221;][vc_column width=&#8221;2\/3&#8243; animation=&#8221;fadeInLeft&#8221; enable_animation=&#8221;true&#8221;][vc_empty_space height=&#8221;50&#8243;][vc_column_text]<\/p>\n<h1>\u00dcbersetzungsunternehmen<\/h1>\n<p>Nehmen Sie \u00fcber das nachfolgende Formular mit uns Kontakt auf. Sie k\u00f6nnen auch anrufen oder das live chat System benutzen, um mit uns zu chatten. Wir arbeiten 24 Stunden t\u00e4glich, 7 Tage die<strong> Woche<\/strong>, so k\u00f6nnen Sie uns jederzeit erreichen, sei es bei Tag oder bei Nacht.<\/p>\n<p><p class=\"wpcf7-contact-form-not-found\"><strong>Fehler:<\/strong> Kontaktformular wurde nicht gefunden.<\/p>[\/vc_column_text][\/vc_column][vc_column width=&#8221;1\/3&#8243;][vc_column_text css_animation=&#8221;left-to-right&#8221;]<\/p>\n<h3 style=\"text-align: center;\">Wir sind hier, um zu helfen. Rufen Sie an!<\/h3>\n<p><img decoding=\"async\" class=\"aligncenter wp-image-3216 \" src=\"https:\/\/www.nordictrans.com\/wp-content\/uploads\/2011\/09\/foto_modelo1-3.png\" alt=\"\u00dcbersetzungsunternehmen im Vereinigten K\u00f6nigreich und in den USA\" width=\"296\" height=\"244\" srcset=\"https:\/\/www.nordictrans.com\/wp-content\/uploads\/2011\/09\/foto_modelo1-3.png 400w, https:\/\/www.nordictrans.com\/wp-content\/uploads\/2011\/09\/foto_modelo1-3-300x248.png 300w, https:\/\/www.nordictrans.com\/wp-content\/uploads\/2011\/09\/foto_modelo1-3-250x206.png 250w, https:\/\/www.nordictrans.com\/wp-content\/uploads\/2011\/09\/foto_modelo1-3-364x300.png 364w\" sizes=\"(max-width: 296px) 100vw, 296px\" \/>[\/vc_column_text][vc_row_inner][vc_column_inner width=&#8221;1\/2&#8243;][vc_single_image image=&#8221;25382&#8243; img_size=&#8221;&#8221;][vc_column_text]<span style=\"color: #2c5a85;\"><strong>\u00dcbersetzungsb\u00fcro USA:<\/strong><\/span><br \/>\n<span style=\"color: #2c5a85;\">2332 Galiano Street<br \/>\n2nd Floor<br \/>\nCoral Gables, FL<br \/>\n33134<\/span><br \/>\n<span style=\"color: #2c5a85;\">United States<\/span><\/p>\n<p><span style=\"color: #2c5a85;\"><strong>Telefon<\/strong><br \/>\n+1-786-539-4774<br \/>\n<\/span><\/p>\n<p><span style=\"color: #2c5a85;\"><strong>E-mail<\/strong><br \/>\nmiami@nordictrans.com<br \/>\n<\/span>[\/vc_column_text][\/vc_column_inner][vc_column_inner width=&#8221;1\/2&#8243;][vc_single_image image=&#8221;25390&#8243; img_size=&#8221;&#8221;][vc_column_text]<span style=\"color: #2c5a85;\"><strong>\u00dcbersetzungsb\u00fcro Vereinigtes K\u00f6nigreich:<\/strong><\/span><br \/>\n<span style=\"color: #2c5a85;\"> 4200 Waterside Centre<\/span><br \/>\n<span style=\"color: #2c5a85;\"> Solihull Parkway<\/span><br \/>\n<span style=\"color: #2c5a85;\"> Birmingham<\/span><br \/>\n<span style=\"color: #2c5a85;\"> B37 7YN<\/span><br \/>\n<span style=\"color: #2c5a85;\"> United Kingdom<\/span><\/p>\n<p><span style=\"color: #2c5a85;\"><strong>Telefon:<\/strong><\/span><br \/>\n<span style=\"color: #2c5a85;\">+44-121-31-482-53<\/span><\/p>\n<p><span style=\"color: #2c5a85;\"><strong>E-mail<\/strong><br \/>\nbirmingham@nordictrans.com<br \/>\n<\/span>[\/vc_column_text][\/vc_column_inner][\/vc_row_inner][vc_column_text]<\/p>\n<p style=\"text-align: center;\"><span style=\"color: #2c5a85;\"><strong>Email:<\/strong><\/span><br \/>\n<span style=\"color: #2c5a85;\"> info@nordictrans.com<strong><br \/>\n<\/strong><\/span><\/p>\n<p>[\/vc_column_text][\/vc_column][\/vc_row][vc_row margin_bottom=&#8221;0px&#8221; rowtype=&#8221;fullwnc&#8221;][vc_column][vc_separator][vc_column_text]<\/p>\n<h2 style=\"text-align: center;\"><span style=\"color: #2c5a85;\"><span style=\"vertical-align: inherit;\"><span style=\"vertical-align: inherit;\">UK and US translation companies<\/span><\/span><\/span><\/h2>\n<p>[\/vc_column_text][\/vc_column][\/vc_row][vc_row][vc_column width=&#8221;1\/4&#8243;][vc_single_image image=&#8221;25399&#8243; img_size=&#8221;&#8221; css_animation=&#8221;fadeInLeft&#8221;][\/vc_column][vc_column width=&#8221;3\/4&#8243;][vc_column_text css_animation=&#8221;fadeInRight&#8221;]NordicTrans ist ein \u00dcbersetzungsunternehmen im Vereinigten K\u00f6nigreich und den Vereinigten Staaten, spezialisiert auf nordische Sprachen. Unsere professionellen in-house \u00dcbersetzer sind qualifiziert jede Art von Dokumenten aus und in D\u00e4nisch, Niederl\u00e4ndisch, Schwedisch, Finnisch, Norwegisch, Isl\u00e4ndisch, Deutsch zu \u00fcbersetzen, sowie auch aus und in 80 zus\u00e4tzliche Sprachen zu \u00fcbersetzen.<\/p>\n<p>Unser \u00dcbersetzungsb\u00fcro in Birmingham ist rund um die Uhr ge\u00f6ffnet sowie auch an Wochenenden. Es ist immer ein Projektmanager verf\u00fcgbar, um Ihnen mit einem beliebigen Dokument zu helfen, von jeder Sprache in jede andere Sprache und was immer der Inhalt sein mag: ob es sich um Gesch\u00e4ftsunterlagen handelt oder um medizinische, juristische oder technische Texte, wir sind da, um sie rasch und zu einem erschwingbaren Preis zu \u00fcbersetzen.<\/p>\n<p>Zufriedene Kunden sind f\u00fcr uns der beste Ma\u00dfstab; deshalb legen wir alles daran alle mit unseren \u00dcbersetzungen gl\u00fccklich zu machen, egal ob es um sich um ein kleines oder ein gro\u00dfes Projekt handelt. Es wird immer ein professioneller \u00dcbersetzer f\u00fcr Ihre Zielsprache und spezialisiert auf dem Gebiet Ihrer \u00dcbersetzung zur Verf\u00fcgung stehen. Ein zweiter Sprachwissenschaftler wird die \u00dcbersetzung Korrektur lesen und editieren und danach pr\u00fcft es unser QA auf Inkonsistenzen und liefert es Ihnen schlie\u00dflich mit einem Qualit\u00e4tsbericht.<\/p>\n<p>Vor kurzem haben wir auch ein B\u00fcro in den USA er\u00f6ffnet und k\u00f6nnen auch beglaubigte \u00dcbersetzungen f\u00fcr die Immigration in die USA \u00fcbernehmen. Unser \u00dcbersetzungsb\u00fcro in Miami bietet beglaubigte \u00dcbersetzungen zu einem Preis von nur 20 $ pro Seite und unsere \u00dcbersetzungen verzeichnen eine Annahmequote von 100% bei USCIS. Wir liefern auch notariell beurkundete \u00dcbersetzungen f\u00fcr die Vereinigten Staaten, fall Sie das brauchen.<\/p>\n<p>Unser Personal arbeitet in drei Schichten, um in der Lage zu sein rasch auf Ihre \u00dcbersetzungsanfragen zu reagieren. Sie k\u00f6nnen jederzeit mit uns <a href=\"https:\/\/www.nordictrans.com\/chat-popup\/\" target=\"_blank\" rel=\"noopener noreferrer\">live chatten<\/a>, wenn Sie ein kostenloses \u00dcbersetzungsangebot ben\u00f6tigen; Sie werden den Preis f\u00fcr Ihre \u00dcbersetzung innerhalb von Minuten erhalten![\/vc_column_text][\/vc_column][\/vc_row][vc_row type=&#8221;3&#8243; margin_bottom=&#8221;0px&#8221; full_width_row=&#8221;true&#8221; bg_cover=&#8221;true&#8221; rowtype=&#8221;fullw&#8221; textalign=&#8221;center&#8221; padding=&#8221;30px 0px&#8221; css=&#8221;.vc_custom_1479355059316{margin-bottom: 0px !important;padding-top: 30px !important;padding-right: 0px !important;padding-bottom: 30px !important;padding-left: 0px !important;}&#8221; el_class=&#8221;live-contact-btn-wrap&#8221;][vc_column][vc_cta h2=&#8221;&#8221; txt_align=&#8221;center&#8221; add_button=&#8221;right&#8221; btn_title=&#8221;HIER KLICKEN!&#8221; btn_style=&#8221;custom&#8221; btn_custom_background=&#8221;#ffffff&#8221; btn_custom_text=&#8221;#2a4a8f&#8221; btn_shape=&#8221;round&#8221; btn_align=&#8221;center&#8221; btn_button_block=&#8221;true&#8221; btn_link=&#8221;url:https%3A%2F%2Fwww.nordictrans.com%2Fchat-popup%2F|||&#8221; el_class=&#8221;live-contact-btn&#8221;]<\/p>\n<h3 style=\"font-size: 28px; line-height: 40px;\">Bist du bereit? Lass uns anfangen:<\/h3>\n<p>[\/vc_cta][\/vc_column][\/vc_row]<\/p>\n<\/div>","protected":false},"excerpt":{"rendered":"<p>[vc_row rowtype=&#8221;fullwnc&#8221;][vc_column][\/vc_column][\/vc_row][vc_row rowtype=&#8221;fullwnc&#8221;][vc_column][vc_raw_html]JTNDZGl2JTIwaWQlM0QlMjJzZWNvbmRfYnJlZCUyMiUyMGNsYXNzJTNEJTIyd2YtdGQlMjIlM0UlM0MlMkZkaXYlM0U=[\/vc_raw_html][\/vc_column][\/vc_row][vc_row type=&#8221;vc_default&#8221; full_width=&#8221;stretch_row_content_no_spaces&#8221; content_placement=&#8221;top&#8221; full_width_row=&#8221;true&#8221; el_class=&#8221;google-map-wrap&#8221;][vc_column][vc_column_text el_class=&#8221;google-map&#8221;] [\/vc_column_text][\/vc_column][\/vc_row][vc_row margin_bottom=&#8221;0px&#8221; rowtype=&#8221;fullw&#8221;][vc_column width=&#8221;2\/3&#8243; animation=&#8221;fadeInLeft&#8221; enable_animation=&#8221;true&#8221;][vc_empty_space height=&#8221;50&#8243;][vc_column_text] \u00dcbersetzungsunternehmen Nehmen Sie \u00fcber das nachfolgende Formular mit uns Kontakt auf. Sie k\u00f6nnen auch anrufen oder das live chat System benutzen, um mit uns zu chatten. Wir arbeiten 24 Stunden t\u00e4glich, 7 Tage die Woche, so k\u00f6nnen Sie uns&hellip;<\/p>\n","protected":false},"author":1,"featured_media":26316,"parent":0,"menu_order":0,"comment_status":"closed","ping_status":"closed","template":"","meta":{"_acf_changed":false,"footnotes":""},"class_list":["post-11630","page","type-page","status-publish","has-post-thumbnail","hentry","description-off"],"acf":[],"yoast_head":"<!-- This site is optimized with the Yoast SEO Premium plugin v26.5 (Yoast SEO v26.5) - https:\/\/yoast.com\/wordpress\/plugins\/seo\/ -->\n<title>\u00dcbersetzungsunternehmen im Vereinigten K\u00f6nigreich und in den USA<\/title>\n<meta name=\"description\" content=\"NordicTrans ist ein \u00dcbersetzungsunternehmen im Vereinigten K\u00f6nigreich und in den USA, das Qualit\u00e4ts\u00fcbersetzungen zu niedrigen Preisen anbietet.\" \/>\n<meta name=\"robots\" content=\"index, follow, max-snippet:-1, max-image-preview:large, max-video-preview:-1\" \/>\n<link rel=\"canonical\" href=\"https:\/\/www.nordictrans.com\/de\/kontakt-2\/\" \/>\n<meta property=\"og:locale\" content=\"de_DE\" \/>\n<meta property=\"og:type\" content=\"article\" \/>\n<meta property=\"og:title\" content=\"Kontakt\" \/>\n<meta property=\"og:description\" content=\"NordicTrans is a leading UK and US translation company which provides accurate translation services for business ad for immigration at affordable rates.\" \/>\n<meta property=\"og:url\" content=\"https:\/\/www.nordictrans.com\/de\/kontakt-2\/\" \/>\n<meta property=\"og:site_name\" content=\"Nordictrans.com\" \/>\n<meta property=\"article:publisher\" content=\"https:\/\/www.facebook.com\/NordicTrans\" \/>\n<meta property=\"article:modified_time\" content=\"2021-01-03T13:22:51+00:00\" \/>\n<meta property=\"og:image\" content=\"https:\/\/www.nordictrans.com\/wp-content\/uploads\/2016\/11\/call-us-new.jpg\" \/>\n\t<meta property=\"og:image:width\" content=\"1903\" \/>\n\t<meta property=\"og:image:height\" content=\"670\" \/>\n\t<meta property=\"og:image:type\" content=\"image\/jpeg\" \/>\n<meta name=\"twitter:card\" content=\"summary_large_image\" \/>\n<meta name=\"twitter:description\" content=\"JTNDZGl2JTIwaWQlM0QlMjJzZWNvbmRfYnJlZCUyMiUyMGNsYXNzJTNEJTIyd2YtdGQlMjIlM0UlM0MlMkZkaXYlM0U= \u00dcbersetzungsunternehmen Nehmen Sie \u00fcber das nachfolgende\" \/>\n<meta name=\"twitter:site\" content=\"@NordicTrans\" \/>\n<meta name=\"twitter:label1\" content=\"Gesch\u00e4tzte Lesezeit\" \/>\n\t<meta name=\"twitter:data1\" content=\"4\u00a0Minuten\" \/>\n<!-- \/ Yoast SEO Premium plugin. -->","yoast_head_json":{"title":"\u00dcbersetzungsunternehmen im Vereinigten K\u00f6nigreich und in den USA","description":"NordicTrans ist ein \u00dcbersetzungsunternehmen im Vereinigten K\u00f6nigreich und in den USA, das Qualit\u00e4ts\u00fcbersetzungen zu niedrigen Preisen anbietet.","robots":{"index":"index","follow":"follow","max-snippet":"max-snippet:-1","max-image-preview":"max-image-preview:large","max-video-preview":"max-video-preview:-1"},"canonical":"https:\/\/www.nordictrans.com\/de\/kontakt-2\/","og_locale":"de_DE","og_type":"article","og_title":"Kontakt","og_description":"NordicTrans is a leading UK and US translation company which provides accurate translation services for business ad for immigration at affordable rates.","og_url":"https:\/\/www.nordictrans.com\/de\/kontakt-2\/","og_site_name":"Nordictrans.com","article_publisher":"https:\/\/www.facebook.com\/NordicTrans","article_modified_time":"2021-01-03T13:22:51+00:00","og_image":[{"width":1903,"height":670,"url":"https:\/\/www.nordictrans.com\/wp-content\/uploads\/2016\/11\/call-us-new.jpg","type":"image\/jpeg"}],"twitter_card":"summary_large_image","twitter_description":"JTNDZGl2JTIwaWQlM0QlMjJzZWNvbmRfYnJlZCUyMiUyMGNsYXNzJTNEJTIyd2YtdGQlMjIlM0UlM0MlMkZkaXYlM0U= \u00dcbersetzungsunternehmen Nehmen Sie \u00fcber das nachfolgende","twitter_site":"@NordicTrans","twitter_misc":{"Gesch\u00e4tzte Lesezeit":"4\u00a0Minuten"},"schema":{"@context":"https:\/\/schema.org","@graph":[{"@type":"WebPage","@id":"https:\/\/www.nordictrans.com\/de\/kontakt-2\/","url":"https:\/\/www.nordictrans.com\/de\/kontakt-2\/","name":"\u00dcbersetzungsunternehmen im Vereinigten K\u00f6nigreich und in den USA","isPartOf":{"@id":"https:\/\/www.nordictrans.com\/de\/#website"},"primaryImageOfPage":{"@id":"https:\/\/www.nordictrans.com\/de\/kontakt-2\/#primaryimage"},"image":{"@id":"https:\/\/www.nordictrans.com\/de\/kontakt-2\/#primaryimage"},"thumbnailUrl":"https:\/\/www.nordictrans.com\/wp-content\/uploads\/2016\/11\/call-us-new.jpg","datePublished":"2011-09-15T03:40:21+00:00","dateModified":"2021-01-03T13:22:51+00:00","description":"NordicTrans ist ein \u00dcbersetzungsunternehmen im Vereinigten K\u00f6nigreich und in den USA, das Qualit\u00e4ts\u00fcbersetzungen zu niedrigen Preisen anbietet.","breadcrumb":{"@id":"https:\/\/www.nordictrans.com\/de\/kontakt-2\/#breadcrumb"},"inLanguage":"de","potentialAction":[{"@type":"ReadAction","target":["https:\/\/www.nordictrans.com\/de\/kontakt-2\/"]}]},{"@type":"ImageObject","inLanguage":"de","@id":"https:\/\/www.nordictrans.com\/de\/kontakt-2\/#primaryimage","url":"https:\/\/www.nordictrans.com\/wp-content\/uploads\/2016\/11\/call-us-new.jpg","contentUrl":"https:\/\/www.nordictrans.com\/wp-content\/uploads\/2016\/11\/call-us-new.jpg","width":1903,"height":670},{"@type":"BreadcrumbList","@id":"https:\/\/www.nordictrans.com\/de\/kontakt-2\/#breadcrumb","itemListElement":[{"@type":"ListItem","position":1,"name":"Home","item":"https:\/\/www.nordictrans.com\/de\/"},{"@type":"ListItem","position":2,"name":"Kontakt"}]},{"@type":"WebSite","@id":"https:\/\/www.nordictrans.com\/de\/#website","url":"https:\/\/www.nordictrans.com\/de\/","name":"Nordictrans.com","description":"Translation Agency specialized in Nordic Languages","publisher":{"@id":"https:\/\/www.nordictrans.com\/de\/#organization"},"potentialAction":[{"@type":"SearchAction","target":{"@type":"EntryPoint","urlTemplate":"https:\/\/www.nordictrans.com\/de\/?s={search_term_string}"},"query-input":{"@type":"PropertyValueSpecification","valueRequired":true,"valueName":"search_term_string"}}],"inLanguage":"de"},{"@type":"Organization","@id":"https:\/\/www.nordictrans.com\/de\/#organization","name":"NordicTrans","url":"https:\/\/www.nordictrans.com\/de\/","logo":{"@type":"ImageObject","inLanguage":"de","@id":"https:\/\/www.nordictrans.com\/de\/#\/schema\/logo\/image\/","url":"https:\/\/www.nordictrans.com\/wp-content\/uploads\/2015\/02\/logoNT.png","contentUrl":"https:\/\/www.nordictrans.com\/wp-content\/uploads\/2015\/02\/logoNT.png","width":272,"height":92,"caption":"NordicTrans"},"image":{"@id":"https:\/\/www.nordictrans.com\/de\/#\/schema\/logo\/image\/"},"sameAs":["https:\/\/www.facebook.com\/NordicTrans","https:\/\/x.com\/NordicTrans","https:\/\/www.instagram.com\/NordictransUS","https:\/\/www.linkedin.com\/company\/nordictrans","https:\/\/www.pinterest.com\/nordictrans01","https:\/\/www.youtube.com\/c\/nordictrans"]}]}},"_links":{"self":[{"href":"https:\/\/www.nordictrans.com\/de\/wp-json\/wp\/v2\/pages\/11630","targetHints":{"allow":["GET"]}}],"collection":[{"href":"https:\/\/www.nordictrans.com\/de\/wp-json\/wp\/v2\/pages"}],"about":[{"href":"https:\/\/www.nordictrans.com\/de\/wp-json\/wp\/v2\/types\/page"}],"author":[{"embeddable":true,"href":"https:\/\/www.nordictrans.com\/de\/wp-json\/wp\/v2\/users\/1"}],"replies":[{"embeddable":true,"href":"https:\/\/www.nordictrans.com\/de\/wp-json\/wp\/v2\/comments?post=11630"}],"version-history":[{"count":5,"href":"https:\/\/www.nordictrans.com\/de\/wp-json\/wp\/v2\/pages\/11630\/revisions"}],"predecessor-version":[{"id":51308,"href":"https:\/\/www.nordictrans.com\/de\/wp-json\/wp\/v2\/pages\/11630\/revisions\/51308"}],"wp:featuredmedia":[{"embeddable":true,"href":"https:\/\/www.nordictrans.com\/de\/wp-json\/wp\/v2\/media\/26316"}],"wp:attachment":[{"href":"https:\/\/www.nordictrans.com\/de\/wp-json\/wp\/v2\/media?parent=11630"}],"curies":[{"name":"wp","href":"https:\/\/api.w.org\/{rel}","templated":true}]}}