{"id":11465,"date":"2011-09-15T03:41:36","date_gmt":"2011-09-15T03:41:36","guid":{"rendered":"http:\/\/dev.nordictrans.com\/prices\/"},"modified":"2020-07-01T14:59:02","modified_gmt":"2020-07-01T14:59:02","slug":"preis","status":"publish","type":"page","link":"https:\/\/www.nordictrans.com\/de\/preis\/","title":{"rendered":"Preis"},"content":{"rendered":"<div class=\"wpb-content-wrapper\"><p>[vc_row][vc_column]\n\t\t\t<!-- START Pricing Slider REVOLUTION SLIDER 6.6.16 --><p class=\"rs-p-wp-fix\"><\/p>\n\t\t\t<rs-module-wrap id=\"rev_slider_17_1_wrapper\" data-source=\"gallery\" style=\"visibility:hidden;background:transparent;padding:0;margin:0px auto;margin-top:0;margin-bottom:0;\">\n\t\t\t\t<rs-module id=\"rev_slider_17_1\" style=\"\" data-version=\"6.6.16\">\n\t\t\t\t\t<rs-slides style=\"overflow: hidden; position: absolute;\">\n\t\t\t\t\t\t<rs-slide style=\"position: absolute;\" data-key=\"rs-91\" data-title=\"Slide\" data-anim=\"adpr:false;\">\n\t\t\t\t\t\t\t<img decoding=\"async\" src=\"\/\/www.nordictrans.com\/wp-content\/plugins\/revslider\/public\/assets\/assets\/dummy.png\" alt=\"\" title=\"Preis\" class=\"rev-slidebg tp-rs-img rs-lazyload\" data-lazyload=\"\/\/www.nordictrans.com\/wp-content\/uploads\/2016\/11\/make-money-online.jpg\" data-parallax=\"15\" data-no-retina>\n<!--\n\t\t\t\t\t\t\t--><rs-layer\n\t\t\t\t\t\t\t\tid=\"slider-17-slide-91-layer-1\" \n\t\t\t\t\t\t\t\tdata-type=\"text\"\n\t\t\t\t\t\t\t\tdata-color=\"rgba(255,255,255,1)\"\n\t\t\t\t\t\t\t\tdata-rsp_ch=\"on\"\n\t\t\t\t\t\t\t\tdata-xy=\"x:c;xo:-2px,0,0,0;y:m;yo:1px,0,0,0;\"\n\t\t\t\t\t\t\t\tdata-text=\"s:35,35,30,24;l:40,40,35,24;fw:400,700,700,700;a:center;\"\n\t\t\t\t\t\t\t\tdata-frame_0=\"tp:600;\"\n\t\t\t\t\t\t\t\tdata-frame_1=\"tp:600;st:0;\"\n\t\t\t\t\t\t\t\tdata-frame_999=\"o:0;tp:600;st:w;sR:8699.99969482;\"\n\t\t\t\t\t\t\t\tstyle=\"z-index:5;font-family:'Roboto Slab';opacity:0.6;\"\n\t\t\t\t\t\t\t>\nWir sind der einzige \u00dcbersetzungsservice der Welt,<br\/> der Ihnen den besten Preis<br\/> f\u00fcr nordische Sprachen<br\/> bieten kann \n\t\t\t\t\t\t\t<\/rs-layer><!--\n-->\t\t\t\t\t\t<\/rs-slide>\n\t\t\t\t\t<\/rs-slides>\n\t\t\t\t<\/rs-module>\n\t\t\t\t<script>\n\t\t\t\t\tsetREVStartSize({c: 'rev_slider_17_1',rl:[1240,1024,778,480],el:[655,600,500,400],gw:[1240,1024,778,480],gh:[655,600,500,400],type:'hero',justify:'',layout:'fullwidth',mh:\"0\"});if (window.RS_MODULES!==undefined && window.RS_MODULES.modules!==undefined && window.RS_MODULES.modules[\"revslider171\"]!==undefined) {window.RS_MODULES.modules[\"revslider171\"].once = false;window.revapi17 = undefined;if (window.RS_MODULES.checkMinimal!==undefined) window.RS_MODULES.checkMinimal()}\n\t\t\t\t<\/script>\n\t\t\t<\/rs-module-wrap>\n\t\t\t<!-- END REVOLUTION SLIDER -->\n[\/vc_column][\/vc_row][vc_row][vc_column][vc_raw_html]JTNDZGl2JTIwaWQlM0QlMjJzZWNvbmRfYnJlZCUyMiUyMGNsYXNzJTNEJTIyd2YtdGQlMjIlM0UlM0MlMkZkaXYlM0U=[\/vc_raw_html][\/vc_column][\/vc_row][vc_row margin_bottom=&#8221;0px&#8221; textalign=&#8221;center&#8221; padding=&#8221;50px 0px 30px&#8221;][vc_column][vc_empty_space][vc_column_text]<\/p>\n<h1 style=\"text-align: center; color: #2c5a85;\">\u00dcbersetzungspreise \u2013 Kosten Sprachen\u00fcbersetzung<\/h1>\n<p>[\/vc_column_text][vc_empty_space][vc_column_text css_animation=&#8221;appear&#8221;]<\/p>\n<p style=\"text-align: center;\">Unsere Preise basieren auf der Gesamtwortzahl eines Dokumentes, PDF, HTML oder welches Format auch immer Sie verwenden.<\/p>\n<p>[\/vc_column_text][vc_empty_space][vc_row_inner][vc_column_inner width=&#8221;1\/3&#8243;][vc_icon icon_fontawesome=&#8221;fa fa-scissors&#8221; color=&#8221;custom&#8221; background_style=&#8221;rounded&#8221; background_color=&#8221;blue&#8221; size=&#8221;lg&#8221; align=&#8221;center&#8221; css_animation=&#8221;left-to-right&#8221; custom_color=&#8221;#ccffcc&#8221;][vc_empty_space][vc_column_text css_animation=&#8221;bounceInLeft&#8221;]<\/p>\n<h3 style=\"text-align: center;\">Wir bieten au\u00dferdem<\/h3>\n<div class=\"inner\">\n<p style=\"text-align: center;\"><strong> Rabatt bei Paketl\u00f6sungen \u2013 z.B. Trados<\/strong><br \/>\n<strong> oder<\/strong><br \/>\n<strong> besonders umfangreichen \u00dcbersetzungen<\/strong><\/p>\n<\/div>\n<p>[\/vc_column_text][\/vc_column_inner][vc_column_inner width=&#8221;1\/3&#8243;][vc_icon icon_fontawesome=&#8221;fa fa-money&#8221; color=&#8221;custom&#8221; background_style=&#8221;rounded&#8221; background_color=&#8221;blue&#8221; size=&#8221;lg&#8221; align=&#8221;center&#8221; css_animation=&#8221;appear&#8221; custom_color=&#8221;#ccffcc&#8221;][vc_empty_space][vc_column_text css_animation=&#8221;bounceIn&#8221;]<\/p>\n<h3 style=\"text-align: center;\"><strong>Unser Standardpreis bewegt sich zwischen<\/strong><\/h3>\n<p style=\"text-align: center;\"><strong>0.12 \u2013 0.14 Euro pro<\/strong><br \/>\n<strong> Wort inklusive Korrekturlesen durch einen zweiten muttersprachlichen \u00dcbersetzer.<\/strong><\/p>\n<p>[\/vc_column_text][\/vc_column_inner][vc_column_inner width=&#8221;1\/3&#8243;][vc_icon icon_fontawesome=&#8221;fa fa-gift&#8221; color=&#8221;custom&#8221; background_style=&#8221;rounded&#8221; background_color=&#8221;blue&#8221; size=&#8221;lg&#8221; align=&#8221;center&#8221; css_animation=&#8221;right-to-left&#8221; custom_color=&#8221;#ccffcc&#8221;][vc_empty_space][vc_column_text css_animation=&#8221;bounceInRight&#8221;]<\/p>\n<h3 style=\"text-align: center;\"><strong>Wir berechnen keine Extrakosten f\u00fcr<\/strong><\/h3>\n<p style=\"text-align: center;\"><strong>Express\u00fcbersetzungen<\/strong><\/p>\n<p style=\"text-align: center;\"><strong>\u2013 24 Stunden Auftr\u00e4ge\/Service 7 Tage pro Woche<\/strong><\/p>\n<p>[\/vc_column_text][\/vc_column_inner][\/vc_row_inner][vc_empty_space][\/vc_column][\/vc_row][vc_row type=&#8221;vc_default&#8221; bg_type=&#8221;bg_color&#8221; bg_override=&#8221;full&#8221; bg_color_value=&#8221;#ebebeb&#8221;][vc_column][vc_empty_space][vc_row_inner][vc_column_inner width=&#8221;1\/2&#8243;][vc_single_image image=&#8221;11469&#8243; img_size=&#8221;full&#8221; alignment=&#8221;center&#8221; css_animation=&#8221;fadeInLeftBig&#8221;][\/vc_column_inner][vc_column_inner width=&#8221;1\/2&#8243;][vc_column_text css_animation=&#8221;fadeInRightBig&#8221; css=&#8221;.vc_custom_1479123271397{padding-right: 50px !important;padding-left: 50px !important;}&#8221;]<\/p>\n<h4 style=\"text-align: center;\">Z\u00f6gern Sie nicht, uns bez\u00fcglich weiterer Rabatte zu kontaktieren. Klicken Sie hier, um uns zu kontaktieren.<\/h4>\n<h4 style=\"text-align: center;\">Nat\u00fcrlich k\u00f6nnen Sie unser Internet-basiertes Projektmanagementsystem auch dazu nutzen, ein Preisangebot einzuholen. Dieses System ist schnell und Sie erhalten Ihr Angebot umgehend, wenn Sie sich kostenlos registrieren und Ihr Onlinekonto einrichten.<\/h4>\n<p>[\/vc_column_text][\/vc_column_inner][\/vc_row_inner][vc_empty_space][\/vc_column][\/vc_row][vc_row rowtype=&#8221;fullwnc&#8221; padding=&#8221;20px 0px 20px 0px&#8221;][vc_column][vc_empty_space][vc_separator][vc_empty_space][vc_separator][vc_empty_space][\/vc_column][\/vc_row][vc_row][vc_column][vc_column_text css_animation=&#8221;fadeInUp&#8221;]<\/p>\n<h2 style=\"text-align: center;\">\u00f6chten Sie jetzt ein Preisangebot anfordern, f\u00fcllen Sie bitte nachstehendes Formular aus.<\/h2>\n<p>[\/vc_column_text][vc_empty_space][\/vc_column][\/vc_row][vc_row type=&#8221;3&#8243; content_placement=&#8221;middle&#8221; full_width_row=&#8221;true&#8221; el_class=&#8221;live-contact-btn-wrap&#8221;][vc_column][vc_cta h2=&#8221;&#8221; txt_align=&#8221;center&#8221; shape=&#8221;square&#8221; add_button=&#8221;right&#8221; btn_title=&#8221;HIER KLICKEN!&#8221; btn_style=&#8221;classic&#8221; btn_shape=&#8221;round&#8221; btn_color=&#8221;white&#8221; btn_align=&#8221;center&#8221; btn_button_block=&#8221;true&#8221; btn_custom_onclick=&#8221;true&#8221; btn_smooth_scroll=&#8221;true&#8221; css=&#8221;.vc_custom_1593433769768{background-color: #ccffcc !important;}&#8221; el_class=&#8221;live-contact-btn&#8221; btn_link=&#8221;url:https%3A%2F%2Fwww.nordictrans.com%2Fchat-popup%2F|||&#8221;]<\/p>\n<h3 style=\"font-size: 28px; line-height: 40px;\">Bist du bereit? Lass uns anfangen:<\/h3>\n<p>[\/vc_cta][\/vc_column][\/vc_row]<\/p>\n<\/div>","protected":false},"excerpt":{"rendered":"<p>[vc_row][vc_column][\/vc_column][\/vc_row][vc_row][vc_column][vc_raw_html]JTNDZGl2JTIwaWQlM0QlMjJzZWNvbmRfYnJlZCUyMiUyMGNsYXNzJTNEJTIyd2YtdGQlMjIlM0UlM0MlMkZkaXYlM0U=[\/vc_raw_html][\/vc_column][\/vc_row][vc_row margin_bottom=&#8221;0px&#8221; textalign=&#8221;center&#8221; padding=&#8221;50px 0px 30px&#8221;][vc_column][vc_empty_space][vc_column_text] \u00dcbersetzungspreise \u2013 Kosten Sprachen\u00fcbersetzung [\/vc_column_text][vc_empty_space][vc_column_text css_animation=&#8221;appear&#8221;] Unsere Preise basieren auf der Gesamtwortzahl eines Dokumentes, PDF, HTML oder welches Format auch immer Sie verwenden. [\/vc_column_text][vc_empty_space][vc_row_inner][vc_column_inner width=&#8221;1\/3&#8243;][vc_icon icon_fontawesome=&#8221;fa fa-scissors&#8221; color=&#8221;custom&#8221; background_style=&#8221;rounded&#8221; background_color=&#8221;blue&#8221; size=&#8221;lg&#8221; align=&#8221;center&#8221; css_animation=&#8221;left-to-right&#8221; custom_color=&#8221;#ccffcc&#8221;][vc_empty_space][vc_column_text css_animation=&#8221;bounceInLeft&#8221;] Wir bieten au\u00dferdem Rabatt bei Paketl\u00f6sungen \u2013 z.B. Trados oder besonders umfangreichen \u00dcbersetzungen [\/vc_column_text][\/vc_column_inner][vc_column_inner&hellip;<\/p>\n","protected":false},"author":1,"featured_media":32982,"parent":0,"menu_order":0,"comment_status":"closed","ping_status":"closed","template":"","meta":{"_acf_changed":false,"footnotes":""},"class_list":["post-11465","page","type-page","status-publish","has-post-thumbnail","hentry","description-off"],"acf":[],"yoast_head":"<!-- This site is optimized with the Yoast SEO Premium plugin v26.5 (Yoast SEO v26.5) - https:\/\/yoast.com\/wordpress\/plugins\/seo\/ -->\n<title>\u00dcbersetzungspreise \u2013 Kosten Sprachen\u00fcbersetzung - NordicTrans<\/title>\n<meta name=\"description\" content=\"Unsere bezahlbaren \u00dcbersetzungspreise enthalten \u00dcbersetzung und Korrekturlesen durch einen zweiten muttersprachlichen \u00dcbersetzer.\" \/>\n<meta name=\"robots\" content=\"index, follow, max-snippet:-1, max-image-preview:large, max-video-preview:-1\" \/>\n<link rel=\"canonical\" href=\"https:\/\/www.nordictrans.com\/de\/preis\/\" \/>\n<meta property=\"og:locale\" content=\"de_DE\" \/>\n<meta property=\"og:type\" content=\"article\" \/>\n<meta property=\"og:title\" content=\"The Best Prices for Translations Services | NordicTrans\" \/>\n<meta property=\"og:description\" content=\"NordicTrans provides affordable translation prices and quick turnaround times without compromising on quality. Lower your translation cost with us!\" \/>\n<meta property=\"og:url\" content=\"https:\/\/www.nordictrans.com\/de\/preis\/\" \/>\n<meta property=\"og:site_name\" content=\"Nordictrans.com\" \/>\n<meta property=\"article:publisher\" content=\"https:\/\/www.facebook.com\/NordicTrans\" \/>\n<meta property=\"article:modified_time\" content=\"2020-07-01T14:59:02+00:00\" \/>\n<meta property=\"og:image\" content=\"https:\/\/www.nordictrans.com\/wp-content\/uploads\/2018\/05\/translation-prices.png\" \/>\n\t<meta property=\"og:image:width\" content=\"1903\" \/>\n\t<meta property=\"og:image:height\" content=\"670\" \/>\n\t<meta property=\"og:image:type\" content=\"image\/png\" \/>\n<meta name=\"twitter:card\" content=\"summary_large_image\" \/>\n<meta name=\"twitter:title\" content=\"The Best Prices for Translations Services | NordicTrans\" \/>\n<meta name=\"twitter:description\" content=\"NordicTrans provides affordable translation prices and quick turnaround times without compromising on quality. Lower your translation cost with us!\" \/>\n<meta name=\"twitter:site\" content=\"@NordicTrans\" \/>\n<meta name=\"twitter:label1\" content=\"Gesch\u00e4tzte Lesezeit\" \/>\n\t<meta name=\"twitter:data1\" content=\"3\u00a0Minuten\" \/>\n<!-- \/ Yoast SEO Premium plugin. -->","yoast_head_json":{"title":"\u00dcbersetzungspreise \u2013 Kosten Sprachen\u00fcbersetzung - NordicTrans","description":"Unsere bezahlbaren \u00dcbersetzungspreise enthalten \u00dcbersetzung und Korrekturlesen durch einen zweiten muttersprachlichen \u00dcbersetzer.","robots":{"index":"index","follow":"follow","max-snippet":"max-snippet:-1","max-image-preview":"max-image-preview:large","max-video-preview":"max-video-preview:-1"},"canonical":"https:\/\/www.nordictrans.com\/de\/preis\/","og_locale":"de_DE","og_type":"article","og_title":"The Best Prices for Translations Services | NordicTrans","og_description":"NordicTrans provides affordable translation prices and quick turnaround times without compromising on quality. Lower your translation cost with us!","og_url":"https:\/\/www.nordictrans.com\/de\/preis\/","og_site_name":"Nordictrans.com","article_publisher":"https:\/\/www.facebook.com\/NordicTrans","article_modified_time":"2020-07-01T14:59:02+00:00","og_image":[{"width":1903,"height":670,"url":"https:\/\/www.nordictrans.com\/wp-content\/uploads\/2018\/05\/translation-prices.png","type":"image\/png"}],"twitter_card":"summary_large_image","twitter_title":"The Best Prices for Translations Services | NordicTrans","twitter_description":"NordicTrans provides affordable translation prices and quick turnaround times without compromising on quality. Lower your translation cost with us!","twitter_site":"@NordicTrans","twitter_misc":{"Gesch\u00e4tzte Lesezeit":"3\u00a0Minuten"},"schema":{"@context":"https:\/\/schema.org","@graph":[{"@type":"WebPage","@id":"https:\/\/www.nordictrans.com\/de\/preis\/","url":"https:\/\/www.nordictrans.com\/de\/preis\/","name":"\u00dcbersetzungspreise \u2013 Kosten Sprachen\u00fcbersetzung - NordicTrans","isPartOf":{"@id":"https:\/\/www.nordictrans.com\/de\/#website"},"primaryImageOfPage":{"@id":"https:\/\/www.nordictrans.com\/de\/preis\/#primaryimage"},"image":{"@id":"https:\/\/www.nordictrans.com\/de\/preis\/#primaryimage"},"thumbnailUrl":"https:\/\/www.nordictrans.com\/wp-content\/uploads\/2018\/05\/translation-prices.png","datePublished":"2011-09-15T03:41:36+00:00","dateModified":"2020-07-01T14:59:02+00:00","description":"Unsere bezahlbaren \u00dcbersetzungspreise enthalten \u00dcbersetzung und Korrekturlesen durch einen zweiten muttersprachlichen \u00dcbersetzer.","breadcrumb":{"@id":"https:\/\/www.nordictrans.com\/de\/preis\/#breadcrumb"},"inLanguage":"de","potentialAction":[{"@type":"ReadAction","target":["https:\/\/www.nordictrans.com\/de\/preis\/"]}]},{"@type":"ImageObject","inLanguage":"de","@id":"https:\/\/www.nordictrans.com\/de\/preis\/#primaryimage","url":"https:\/\/www.nordictrans.com\/wp-content\/uploads\/2018\/05\/translation-prices.png","contentUrl":"https:\/\/www.nordictrans.com\/wp-content\/uploads\/2018\/05\/translation-prices.png","width":1903,"height":670,"caption":"Translation Prices"},{"@type":"BreadcrumbList","@id":"https:\/\/www.nordictrans.com\/de\/preis\/#breadcrumb","itemListElement":[{"@type":"ListItem","position":1,"name":"Home","item":"https:\/\/www.nordictrans.com\/de\/"},{"@type":"ListItem","position":2,"name":"Preis"}]},{"@type":"WebSite","@id":"https:\/\/www.nordictrans.com\/de\/#website","url":"https:\/\/www.nordictrans.com\/de\/","name":"Nordictrans.com","description":"Translation Agency specialized in Nordic Languages","publisher":{"@id":"https:\/\/www.nordictrans.com\/de\/#organization"},"potentialAction":[{"@type":"SearchAction","target":{"@type":"EntryPoint","urlTemplate":"https:\/\/www.nordictrans.com\/de\/?s={search_term_string}"},"query-input":{"@type":"PropertyValueSpecification","valueRequired":true,"valueName":"search_term_string"}}],"inLanguage":"de"},{"@type":"Organization","@id":"https:\/\/www.nordictrans.com\/de\/#organization","name":"NordicTrans","url":"https:\/\/www.nordictrans.com\/de\/","logo":{"@type":"ImageObject","inLanguage":"de","@id":"https:\/\/www.nordictrans.com\/de\/#\/schema\/logo\/image\/","url":"https:\/\/www.nordictrans.com\/wp-content\/uploads\/2015\/02\/logoNT.png","contentUrl":"https:\/\/www.nordictrans.com\/wp-content\/uploads\/2015\/02\/logoNT.png","width":272,"height":92,"caption":"NordicTrans"},"image":{"@id":"https:\/\/www.nordictrans.com\/de\/#\/schema\/logo\/image\/"},"sameAs":["https:\/\/www.facebook.com\/NordicTrans","https:\/\/x.com\/NordicTrans","https:\/\/www.instagram.com\/NordictransUS","https:\/\/www.linkedin.com\/company\/nordictrans","https:\/\/www.pinterest.com\/nordictrans01","https:\/\/www.youtube.com\/c\/nordictrans"]}]}},"_links":{"self":[{"href":"https:\/\/www.nordictrans.com\/de\/wp-json\/wp\/v2\/pages\/11465","targetHints":{"allow":["GET"]}}],"collection":[{"href":"https:\/\/www.nordictrans.com\/de\/wp-json\/wp\/v2\/pages"}],"about":[{"href":"https:\/\/www.nordictrans.com\/de\/wp-json\/wp\/v2\/types\/page"}],"author":[{"embeddable":true,"href":"https:\/\/www.nordictrans.com\/de\/wp-json\/wp\/v2\/users\/1"}],"replies":[{"embeddable":true,"href":"https:\/\/www.nordictrans.com\/de\/wp-json\/wp\/v2\/comments?post=11465"}],"version-history":[{"count":5,"href":"https:\/\/www.nordictrans.com\/de\/wp-json\/wp\/v2\/pages\/11465\/revisions"}],"predecessor-version":[{"id":49040,"href":"https:\/\/www.nordictrans.com\/de\/wp-json\/wp\/v2\/pages\/11465\/revisions\/49040"}],"wp:featuredmedia":[{"embeddable":true,"href":"https:\/\/www.nordictrans.com\/de\/wp-json\/wp\/v2\/media\/32982"}],"wp:attachment":[{"href":"https:\/\/www.nordictrans.com\/de\/wp-json\/wp\/v2\/media?parent=11465"}],"curies":[{"name":"wp","href":"https:\/\/api.w.org\/{rel}","templated":true}]}}