{"id":11447,"date":"2011-09-15T03:41:50","date_gmt":"2011-09-15T03:41:50","guid":{"rendered":"http:\/\/dev.nordictrans.com\/project\/"},"modified":"2023-11-15T09:05:01","modified_gmt":"2023-11-15T09:05:01","slug":"projectablauf","status":"publish","type":"page","link":"https:\/\/www.nordictrans.com\/de\/projectablauf\/","title":{"rendered":"Projectablauf"},"content":{"rendered":"<div class=\"wpb-content-wrapper\"><p>[vc_row][vc_column]\n\t\t\t<!-- START Project Flow REVOLUTION SLIDER 6.6.16 --><p class=\"rs-p-wp-fix\"><\/p>\n\t\t\t<rs-module-wrap id=\"rev_slider_18_1_wrapper\" data-source=\"gallery\" style=\"visibility:hidden;background:transparent;padding:0;margin:0px auto;margin-top:0;margin-bottom:0;\">\n\t\t\t\t<rs-module id=\"rev_slider_18_1\" style=\"\" data-version=\"6.6.16\">\n\t\t\t\t\t<rs-slides style=\"overflow: hidden; position: absolute;\">\n\t\t\t\t\t\t<rs-slide style=\"position: absolute;\" data-key=\"rs-99\" data-title=\"Slide\" data-anim=\"adpr:false;\">\n\t\t\t\t\t\t\t<img decoding=\"async\" src=\"\/\/www.nordictrans.com\/wp-content\/plugins\/revslider\/public\/assets\/assets\/dummy.png\" alt=\"\" title=\"Projectablauf\" class=\"rev-slidebg tp-rs-img rs-lazyload\" data-lazyload=\"\/\/www.nordictrans.com\/wp-content\/uploads\/2016\/11\/viking-boat-1.jpg\" data-parallax=\"15\" data-no-retina>\n<!--\n\t\t\t\t\t\t\t--><rs-layer\n\t\t\t\t\t\t\t\tid=\"slider-18-slide-99-layer-1\" \n\t\t\t\t\t\t\t\tdata-type=\"text\"\n\t\t\t\t\t\t\t\tdata-color=\"rgba(255,255,255,1)\"\n\t\t\t\t\t\t\t\tdata-rsp_ch=\"on\"\n\t\t\t\t\t\t\t\tdata-xy=\"x:c;xo:3px,0,0,-1px;y:m;yo:-35px,-12px,-109px,-41px;\"\n\t\t\t\t\t\t\t\tdata-text=\"s:50,45,45,35;l:50,45,45,35;fw:800,700,700,700;a:center;\"\n\t\t\t\t\t\t\t\tdata-frame_0=\"tp:600;\"\n\t\t\t\t\t\t\t\tdata-frame_1=\"tp:600;st:0;\"\n\t\t\t\t\t\t\t\tdata-frame_999=\"o:0;tp:600;st:w;sR:8699.99969482;\"\n\t\t\t\t\t\t\t\tstyle=\"z-index:5;font-family:'Open Sans';opacity:0.6;\"\n\t\t\t\t\t\t\t>TRANSWISE \n\t\t\t\t\t\t\t<\/rs-layer><!--\n\n\t\t\t\t\t\t\t--><rs-layer\n\t\t\t\t\t\t\t\tid=\"slider-18-slide-99-layer-3\" \n\t\t\t\t\t\t\t\tdata-type=\"text\"\n\t\t\t\t\t\t\t\tdata-color=\"rgba(255,255,255,1)\"\n\t\t\t\t\t\t\t\tdata-rsp_ch=\"on\"\n\t\t\t\t\t\t\t\tdata-xy=\"x:c;yo:242px,242px,242px,339px;\"\n\t\t\t\t\t\t\t\tdata-text=\"l:22;a:inherit;\"\n\t\t\t\t\t\t\t\tdata-frame_0=\"tp:600;\"\n\t\t\t\t\t\t\t\tdata-frame_1=\"tp:600;st:0;\"\n\t\t\t\t\t\t\t\tdata-frame_999=\"o:0;tp:600;st:w;sR:8699.99969482;\"\n\t\t\t\t\t\t\t\tstyle=\"z-index:6;font-family:'Open Sans';font-style:italic;\"\n\t\t\t\t\t\t\t>F\u00fcr das \u00dcbersetzungsmanagement verwenden wir \n\t\t\t\t\t\t\t<\/rs-layer><!--\n\n\t\t\t\t\t\t\t--><rs-layer\n\t\t\t\t\t\t\t\tid=\"slider-18-slide-99-layer-4\" \n\t\t\t\t\t\t\t\tdata-type=\"text\"\n\t\t\t\t\t\t\t\tdata-color=\"rgba(255,255,255,1)\"\n\t\t\t\t\t\t\t\tdata-rsp_ch=\"on\"\n\t\t\t\t\t\t\t\tdata-xy=\"x:c;y:m;yo:12px,31px,-67px,-67px;\"\n\t\t\t\t\t\t\t\tdata-text=\"s:20,20,20,16;l:22,22,22,16;a:inherit;\"\n\t\t\t\t\t\t\t\tdata-frame_0=\"tp:600;\"\n\t\t\t\t\t\t\t\tdata-frame_1=\"tp:600;st:0;\"\n\t\t\t\t\t\t\t\tdata-frame_999=\"o:0;tp:600;st:w;sR:8699.99969482;\"\n\t\t\t\t\t\t\t\tstyle=\"z-index:7;font-family:'Open Sans';\"\n\t\t\t\t\t\t\t>f\u00fcr ein optimales, sicheres Management unserer Projekte \n\t\t\t\t\t\t\t<\/rs-layer><!--\n-->\t\t\t\t\t\t<\/rs-slide>\n\t\t\t\t\t<\/rs-slides>\n\t\t\t\t<\/rs-module>\n\t\t\t\t<script>\n\t\t\t\t\tsetREVStartSize({c: 'rev_slider_18_1',rl:[1240,1024,778,480],el:[655,600,500,400],gw:[1240,1024,778,480],gh:[655,600,500,400],type:'hero',justify:'',layout:'fullwidth',mh:\"0\"});if (window.RS_MODULES!==undefined && window.RS_MODULES.modules!==undefined && window.RS_MODULES.modules[\"revslider181\"]!==undefined) {window.RS_MODULES.modules[\"revslider181\"].once = false;window.revapi18 = undefined;if (window.RS_MODULES.checkMinimal!==undefined) window.RS_MODULES.checkMinimal()}\n\t\t\t\t<\/script>\n\t\t\t<\/rs-module-wrap>\n\t\t\t<!-- END REVOLUTION SLIDER -->\n[\/vc_column][\/vc_row][vc_row][vc_column][vc_raw_html]JTNDZGl2JTIwaWQlM0QlMjJzZWNvbmRfYnJlZCUyMiUyMGNsYXNzJTNEJTIyd2YtdGQlMjIlM0UlM0MlMkZkaXYlM0U=[\/vc_raw_html][\/vc_column][\/vc_row][vc_row textalign=&#8221;center&#8221; padding=&#8221;75px 40px 40px&#8221;][vc_column animation=&#8221;zoomIn&#8221; enable_animation=&#8221;true&#8221; delay=&#8221;300&#8243; speed=&#8221;1400&#8243;][vc_empty_space height=&#8221;50px&#8221;][vc_column_text]<\/p>\n<h1 style=\"text-align: center;\"><span style=\"color: #2c5a85;\"><strong>\u00dcbersetzungsprojektablauf \u2013 \u00dcbersetzungsprozess<\/strong><\/span><\/h1>\n<h3 style=\"text-align: center;\"><span style=\"color: #2c5a85;\"><strong>NordicTrans hat Zugriff auf die aktuellsten und einschl\u00e4gigen Terminologien wie beispielsweise Industrielexika. Den \u00dcbersetzern stehen des weiteren online einfach zu handhabende Terminologieressourcen zur Verf\u00fcgung. Dies tr\u00e4gt dazu bei, Qualit\u00e4t zu garantieren und zu verbessern, h\u00e4lt die Bearbeitungszeit kurz und verbessert die Effektivit\u00e4t der Aussage, von der ersten Phase des Projekts an.<\/strong><\/span><\/h3>\n<p>[\/vc_column_text][vc_empty_space height=&#8221;70px&#8221;][\/vc_column][\/vc_row][vc_row type=&#8221;vc_default&#8221; margin_bottom=&#8221;0px&#8221; full_width_row=&#8221;true&#8221; bg_type=&#8221;bg_color&#8221; bg_override=&#8221;full&#8221; rowtype=&#8221;fullw&#8221; padding=&#8221;50px 0px 50px 0px&#8221; css=&#8221;.vc_custom_1478829454535{margin-bottom: 0px !important;padding-top: 50px !important;padding-right: 0px !important;padding-bottom: 50px !important;padding-left: 0px !important;background-color: #f7f8f9 !important;}&#8221; bg_color_value=&#8221;#ebebeb&#8221;][vc_column animation=&#8221;fadeInLeft&#8221; enable_animation=&#8221;true&#8221; animease=&#8221;easeInOutQuad&#8221; target=&#8221;children&#8221;][vc_empty_space height=&#8221;50px&#8221;][vc_row_inner][vc_column_inner width=&#8221;1\/2&#8243;]<div class=\"dt-fancy-separator\" style=\"width: 100%;\"><div class=\"dt-fancy-title\"><span class=\"separator-holder separator-left\" style=\"border-color: #5472d2;\"><\/span>Sobald NordicTrans ein Projekt von einem Kunden empf\u00e4ngt, werden:<span class=\"separator-holder separator-right\" style=\"border-color: #5472d2;\"><\/span><\/div><\/div>[vc_empty_space][vc_column_text css_animation=&#8221;fadeInLeft&#8221;]<\/p>\n<p style=\"text-align: center;\"><span style=\"color: #2c5a85;\"><strong>\u2022 Werkzeuge zum Terminologiemanagement<\/strong><\/span><\/p>\n<p style=\"text-align: center;\"><span style=\"color: #2c5a85;\"><strong>\u2022 \u00dcbersetzungsdatenbanken<\/strong><\/span><\/p>\n<p style=\"text-align: justify;\">verwendet, um das Projekt zum Erfolg zu f\u00fchren. Diese erlauben sowohl einen hohen Grad an Qualit\u00e4t als auch einen hohen Grad an Konsistenz.<\/p>\n<p>Beide Technologien arbeiten vernetzt und sind in NordicTrans Global Vault eingegliedert, ein entwickeltes Werkzeug, das die vollst\u00e4ndige Integration der Projektdokumente erm\u00f6glicht:<\/p>\n<p style=\"text-align: center;\"><span style=\"color: #2c5a85;\"><strong>\u2022 Sofortiger Online-Zugriff auf die Projekttermine<\/strong><\/span><\/p>\n<p style=\"text-align: center;\"><span style=\"color: #2c5a85;\"><strong> \u2022 Zustandsberichte<\/strong><\/span><\/p>\n<p style=\"text-align: center;\"><span style=\"color: #2c5a85;\"><strong>\u2022 Glossare und \u00dcbersetzungen<\/strong><\/span><\/p>\n<p>[\/vc_column_text][\/vc_column_inner][vc_column_inner width=&#8221;1\/2&#8243;][vc_empty_space][vc_single_image image=&#8221;11453&#8243; img_size=&#8221;full&#8221; alignment=&#8221;center&#8221; css_animation=&#8221;fadeInRightBig&#8221;][\/vc_column_inner][\/vc_row_inner][vc_empty_space height=&#8221;50px&#8221;][\/vc_column][\/vc_row][vc_row rowtype=&#8221;fullwnc&#8221; textalign=&#8221;center&#8221; padding=&#8221;50px 80px&#8221;][vc_column][vc_empty_space height=&#8221;50px&#8221;][vc_column_text css_animation=&#8221;zoomInUp&#8221;]<\/p>\n<h2 style=\"text-align: center;\"><span style=\"color: #2c5a85;\">NORDICTRANS DATENBANKTECHNOLOGIE KANN BEI BEREITS FR\u00dcHER \u00dcBERSETZTEM MATERIAL WIRKSAM EINGESETZT WERDEN.<\/span><\/h2>\n<p>[\/vc_column_text][vc_empty_space][vc_separator el_width=&#8221;70&#8243;][vc_empty_space][vc_column_text]<\/p>\n<p style=\"text-align: center;\"><strong>Dadurch spart der Kunde Zeit und Geld.<\/strong><\/p>\n<p style=\"text-align: center;\">Sobald NordicTrans ein Projekt von einem Kunden empf\u00e4ngt, teilt sich der Projektablauf in folgende Schritte:<\/p>\n<p>[\/vc_column_text][vc_empty_space][vc_row_inner][vc_column_inner width=&#8221;1\/4&#8243;][\/vc_column_inner][vc_column_inner width=&#8221;1\/2&#8243;][vc_progress_bar values=&#8221;%5B%7B%22label%22%3A%22DER%20QUELLTEXT%20WIRD%20VON%20EINEM%20UNSERER%20PROFESSIONELLEN%20LINGUISTEN%20%C3%9CBERSETZT.%22%2C%22value%22%3A%22100%22%2C%22color%22%3A%22custom%22%2C%22customcolor%22%3A%22%232a4a8f%22%2C%22customtxtcolor%22%3A%22%23666666%22%7D%2C%7B%22label%22%3A%22DER%20EDITOR%20PR%C3%9CFT%20UND%20VERFEINERT%20DEN%20%C3%9CBERSETZTEN%20TEXT%2C%20UM%20SICHERZUSTELLEN%2C%20DASS%20ER%20SICH%20EBENSO%20FL%C3%9CSSIG%20WIE%20IN%20DER%20ORIGINALSPRACHE%20LESEN%20L%C3%84SST.%22%2C%22value%22%3A%22100%22%2C%22color%22%3A%22custom%22%2C%22customcolor%22%3A%22%232a4a8f%22%2C%22customtxtcolor%22%3A%22%23666666%22%7D%2C%7B%22label%22%3A%22DER%20KORREKTURLESER%20STELLT%20DANN%20EINEN%20ZUS%C3%84TZLICHEN%20GRAD%20AN%20QUALIT%C3%84TSKONTROLLE%20DAR.%22%2C%22value%22%3A%22100%22%2C%22color%22%3A%22custom%22%2C%22customcolor%22%3A%22%232a4a8f%22%2C%22customtxtcolor%22%3A%22%23666666%22%7D%2C%7B%22label%22%3A%22VOR%20DER%20ENTSENDUNG%20WIRD%20JEDES%20PROJEKT%20EINER%20STRENGEN%20TECHNISCHEN%20UND%20LINGUISTISCHEN%20QUALIT%C3%84TSPR%C3%9CFUNG%20UNTERZOGEN.%22%2C%22value%22%3A%22100%22%2C%22color%22%3A%22custom%22%2C%22customcolor%22%3A%22%232a4a8f%22%2C%22customtxtcolor%22%3A%22%23666666%22%7D%5D&#8221; options=&#8221;animated&#8221; caption_pos=&#8221;top&#8221; units=&#8221;%&#8221; el_class=&#8221;project-flow-process&#8221;][\/vc_column_inner][vc_column_inner width=&#8221;1\/4&#8243;][\/vc_column_inner][\/vc_row_inner][vc_empty_space height=&#8221;50px&#8221;][vc_column_text css_animation=&#8221;bottom-to-top&#8221;]<\/p>\n<p style=\"text-align: center;\"><strong>Die Desktop-Publishing Mitarbeiter von NordicTrans sind mit den wichtigen Paketen bestens vertraut. Z\u00f6gern Sie nicht, mit NordicTrans bez\u00fcglich der verschiedenen verf\u00fcgbaren Pakete in Kontakt zu treten.<\/strong><\/p>\n<p>[\/vc_column_text][\/vc_column][\/vc_row][vc_row][vc_column][vc_empty_space height=&#8221;50px&#8221;][vc_column_text]\u00dcbersetzungen, die von professionellen \u00dcbersetzern in Kombination mit unserem \u00dcbersetzungsprozess ausgef\u00fchrt werden, garantieren ein qualitativ hochwertiges Ergebnis.[\/vc_column_text][vc_empty_space height=&#8221;50px&#8221;][\/vc_column][\/vc_row][vc_row type=&#8221;3&#8243; margin_bottom=&#8221;0px&#8221; full_width_row=&#8221;true&#8221; rowtype=&#8221;fullw&#8221; textalign=&#8221;center&#8221; padding=&#8221;30px 0px&#8221; css=&#8221;.vc_custom_1478830295833{margin-bottom: 0px !important;padding-top: 30px !important;padding-right: 0px !important;padding-bottom: 30px !important;padding-left: 0px !important;background-color: #ccffcc !important;}&#8221; el_class=&#8221;live-contact-btn-wrap&#8221;][vc_column][vc_cta h2=&#8221;&#8221; txt_align=&#8221;center&#8221; add_button=&#8221;right&#8221; btn_title=&#8221;HIER KLICKEN!&#8221; btn_style=&#8221;custom&#8221; btn_custom_background=&#8221;#ffffff&#8221; btn_custom_text=&#8221;#2a4a8f&#8221; btn_shape=&#8221;round&#8221; btn_align=&#8221;center&#8221; btn_button_block=&#8221;true&#8221; btn_link=&#8221;url:https%3A%2F%2Fwww.nordictrans.com%2Fchat-popup%2F|||&#8221; el_class=&#8221;live-contact-btn&#8221;]<\/p>\n<h3 style=\"font-size: 28px; line-height: 40px;\">Bist du bereit? Lass uns anfangen:<\/h3>\n<p>[\/vc_cta][\/vc_column][\/vc_row]<\/p>\n<\/div>","protected":false},"excerpt":{"rendered":"<p>[vc_row][vc_column][\/vc_column][\/vc_row][vc_row][vc_column][vc_raw_html]JTNDZGl2JTIwaWQlM0QlMjJzZWNvbmRfYnJlZCUyMiUyMGNsYXNzJTNEJTIyd2YtdGQlMjIlM0UlM0MlMkZkaXYlM0U=[\/vc_raw_html][\/vc_column][\/vc_row][vc_row textalign=&#8221;center&#8221; padding=&#8221;75px 40px 40px&#8221;][vc_column animation=&#8221;zoomIn&#8221; enable_animation=&#8221;true&#8221; delay=&#8221;300&#8243; speed=&#8221;1400&#8243;][vc_empty_space height=&#8221;50px&#8221;][vc_column_text] \u00dcbersetzungsprojektablauf \u2013 \u00dcbersetzungsprozess NordicTrans hat Zugriff auf die aktuellsten und einschl\u00e4gigen Terminologien wie beispielsweise Industrielexika. Den \u00dcbersetzern stehen des weiteren online einfach zu handhabende Terminologieressourcen zur Verf\u00fcgung. Dies tr\u00e4gt dazu bei, Qualit\u00e4t zu garantieren und zu verbessern, h\u00e4lt die Bearbeitungszeit kurz und verbessert die Effektivit\u00e4t&hellip;<\/p>\n","protected":false},"author":1,"featured_media":32974,"parent":0,"menu_order":0,"comment_status":"closed","ping_status":"closed","template":"","meta":{"_acf_changed":false,"footnotes":""},"class_list":["post-11447","page","type-page","status-publish","has-post-thumbnail","hentry","description-off"],"acf":[],"yoast_head":"<!-- This site is optimized with the Yoast SEO Premium plugin v26.5 (Yoast SEO v26.5) - https:\/\/yoast.com\/wordpress\/plugins\/seo\/ -->\n<title>\u00dcbersetzungsprojektablauf \u2013 \u00dcbersetzungsprozess - NordicTrans<\/title>\n<meta name=\"description\" content=\"&quot;Erfahrener \u00dcbersetzungsprozess f\u00fcr pr\u00e4zise und effiziente Sprachl\u00f6sungen. Vertraue auf Qualit\u00e4t und Kompetenz in jedem Schritt.\" \/>\n<meta name=\"robots\" content=\"index, follow, max-snippet:-1, max-image-preview:large, max-video-preview:-1\" \/>\n<link rel=\"canonical\" href=\"https:\/\/www.nordictrans.com\/de\/projectablauf\/\" \/>\n<meta property=\"og:locale\" content=\"de_DE\" \/>\n<meta property=\"og:type\" content=\"article\" \/>\n<meta property=\"og:title\" content=\"Projectablauf\" \/>\n<meta property=\"og:description\" content=\"How our translation project flow works? Using translation management tools, our translators are able to improve the quality of our translation services.\" \/>\n<meta property=\"og:url\" content=\"https:\/\/www.nordictrans.com\/de\/projectablauf\/\" \/>\n<meta property=\"og:site_name\" content=\"Nordictrans.com\" \/>\n<meta property=\"article:publisher\" content=\"https:\/\/www.facebook.com\/NordicTrans\" \/>\n<meta property=\"article:modified_time\" content=\"2023-11-15T09:05:01+00:00\" \/>\n<meta property=\"og:image\" content=\"https:\/\/www.nordictrans.com\/wp-content\/uploads\/2018\/05\/translation-project-flow.png\" \/>\n\t<meta property=\"og:image:width\" content=\"1903\" \/>\n\t<meta property=\"og:image:height\" content=\"670\" \/>\n\t<meta property=\"og:image:type\" content=\"image\/png\" \/>\n<meta name=\"twitter:card\" content=\"summary_large_image\" \/>\n<meta name=\"twitter:title\" content=\"Translation Management - Translation Project Flow | NordicTrans\" \/>\n<meta name=\"twitter:description\" content=\"How does our translation project flow work? Using translation management tools, our translators are able to improve the quality of our translation services.\" \/>\n<meta name=\"twitter:site\" content=\"@NordicTrans\" \/>\n<meta name=\"twitter:label1\" content=\"Gesch\u00e4tzte Lesezeit\" \/>\n\t<meta name=\"twitter:data1\" content=\"2\u00a0Minuten\" \/>\n<!-- \/ Yoast SEO Premium plugin. -->","yoast_head_json":{"title":"\u00dcbersetzungsprojektablauf \u2013 \u00dcbersetzungsprozess - NordicTrans","description":"\"Erfahrener \u00dcbersetzungsprozess f\u00fcr pr\u00e4zise und effiziente Sprachl\u00f6sungen. Vertraue auf Qualit\u00e4t und Kompetenz in jedem Schritt.","robots":{"index":"index","follow":"follow","max-snippet":"max-snippet:-1","max-image-preview":"max-image-preview:large","max-video-preview":"max-video-preview:-1"},"canonical":"https:\/\/www.nordictrans.com\/de\/projectablauf\/","og_locale":"de_DE","og_type":"article","og_title":"Projectablauf","og_description":"How our translation project flow works? Using translation management tools, our translators are able to improve the quality of our translation services.","og_url":"https:\/\/www.nordictrans.com\/de\/projectablauf\/","og_site_name":"Nordictrans.com","article_publisher":"https:\/\/www.facebook.com\/NordicTrans","article_modified_time":"2023-11-15T09:05:01+00:00","og_image":[{"width":1903,"height":670,"url":"https:\/\/www.nordictrans.com\/wp-content\/uploads\/2018\/05\/translation-project-flow.png","type":"image\/png"}],"twitter_card":"summary_large_image","twitter_title":"Translation Management - Translation Project Flow | NordicTrans","twitter_description":"How does our translation project flow work? Using translation management tools, our translators are able to improve the quality of our translation services.","twitter_site":"@NordicTrans","twitter_misc":{"Gesch\u00e4tzte Lesezeit":"2\u00a0Minuten"},"schema":{"@context":"https:\/\/schema.org","@graph":[{"@type":"WebPage","@id":"https:\/\/www.nordictrans.com\/de\/projectablauf\/","url":"https:\/\/www.nordictrans.com\/de\/projectablauf\/","name":"\u00dcbersetzungsprojektablauf \u2013 \u00dcbersetzungsprozess - NordicTrans","isPartOf":{"@id":"https:\/\/www.nordictrans.com\/de\/#website"},"primaryImageOfPage":{"@id":"https:\/\/www.nordictrans.com\/de\/projectablauf\/#primaryimage"},"image":{"@id":"https:\/\/www.nordictrans.com\/de\/projectablauf\/#primaryimage"},"thumbnailUrl":"https:\/\/www.nordictrans.com\/wp-content\/uploads\/2018\/05\/translation-project-flow.png","datePublished":"2011-09-15T03:41:50+00:00","dateModified":"2023-11-15T09:05:01+00:00","description":"\"Erfahrener \u00dcbersetzungsprozess f\u00fcr pr\u00e4zise und effiziente Sprachl\u00f6sungen. Vertraue auf Qualit\u00e4t und Kompetenz in jedem Schritt.","breadcrumb":{"@id":"https:\/\/www.nordictrans.com\/de\/projectablauf\/#breadcrumb"},"inLanguage":"de","potentialAction":[{"@type":"ReadAction","target":["https:\/\/www.nordictrans.com\/de\/projectablauf\/"]}]},{"@type":"ImageObject","inLanguage":"de","@id":"https:\/\/www.nordictrans.com\/de\/projectablauf\/#primaryimage","url":"https:\/\/www.nordictrans.com\/wp-content\/uploads\/2018\/05\/translation-project-flow.png","contentUrl":"https:\/\/www.nordictrans.com\/wp-content\/uploads\/2018\/05\/translation-project-flow.png","width":1903,"height":670,"caption":"translation project flow"},{"@type":"BreadcrumbList","@id":"https:\/\/www.nordictrans.com\/de\/projectablauf\/#breadcrumb","itemListElement":[{"@type":"ListItem","position":1,"name":"Home","item":"https:\/\/www.nordictrans.com\/de\/"},{"@type":"ListItem","position":2,"name":"Projectablauf"}]},{"@type":"WebSite","@id":"https:\/\/www.nordictrans.com\/de\/#website","url":"https:\/\/www.nordictrans.com\/de\/","name":"Nordictrans.com","description":"Translation Agency specialized in Nordic Languages","publisher":{"@id":"https:\/\/www.nordictrans.com\/de\/#organization"},"potentialAction":[{"@type":"SearchAction","target":{"@type":"EntryPoint","urlTemplate":"https:\/\/www.nordictrans.com\/de\/?s={search_term_string}"},"query-input":{"@type":"PropertyValueSpecification","valueRequired":true,"valueName":"search_term_string"}}],"inLanguage":"de"},{"@type":"Organization","@id":"https:\/\/www.nordictrans.com\/de\/#organization","name":"NordicTrans","url":"https:\/\/www.nordictrans.com\/de\/","logo":{"@type":"ImageObject","inLanguage":"de","@id":"https:\/\/www.nordictrans.com\/de\/#\/schema\/logo\/image\/","url":"https:\/\/www.nordictrans.com\/wp-content\/uploads\/2015\/02\/logoNT.png","contentUrl":"https:\/\/www.nordictrans.com\/wp-content\/uploads\/2015\/02\/logoNT.png","width":272,"height":92,"caption":"NordicTrans"},"image":{"@id":"https:\/\/www.nordictrans.com\/de\/#\/schema\/logo\/image\/"},"sameAs":["https:\/\/www.facebook.com\/NordicTrans","https:\/\/x.com\/NordicTrans","https:\/\/www.instagram.com\/NordictransUS","https:\/\/www.linkedin.com\/company\/nordictrans","https:\/\/www.pinterest.com\/nordictrans01","https:\/\/www.youtube.com\/c\/nordictrans"]}]}},"_links":{"self":[{"href":"https:\/\/www.nordictrans.com\/de\/wp-json\/wp\/v2\/pages\/11447","targetHints":{"allow":["GET"]}}],"collection":[{"href":"https:\/\/www.nordictrans.com\/de\/wp-json\/wp\/v2\/pages"}],"about":[{"href":"https:\/\/www.nordictrans.com\/de\/wp-json\/wp\/v2\/types\/page"}],"author":[{"embeddable":true,"href":"https:\/\/www.nordictrans.com\/de\/wp-json\/wp\/v2\/users\/1"}],"replies":[{"embeddable":true,"href":"https:\/\/www.nordictrans.com\/de\/wp-json\/wp\/v2\/comments?post=11447"}],"version-history":[{"count":5,"href":"https:\/\/www.nordictrans.com\/de\/wp-json\/wp\/v2\/pages\/11447\/revisions"}],"predecessor-version":[{"id":49039,"href":"https:\/\/www.nordictrans.com\/de\/wp-json\/wp\/v2\/pages\/11447\/revisions\/49039"}],"wp:featuredmedia":[{"embeddable":true,"href":"https:\/\/www.nordictrans.com\/de\/wp-json\/wp\/v2\/media\/32974"}],"wp:attachment":[{"href":"https:\/\/www.nordictrans.com\/de\/wp-json\/wp\/v2\/media?parent=11447"}],"curies":[{"name":"wp","href":"https:\/\/api.w.org\/{rel}","templated":true}]}}