{"id":11225,"date":"2011-09-15T03:42:21","date_gmt":"2011-09-15T03:42:21","guid":{"rendered":"http:\/\/dev.nordictrans.com\/focus\/"},"modified":"2018-02-08T14:20:05","modified_gmt":"2018-02-08T14:20:05","slug":"industrieschwer","status":"publish","type":"page","link":"https:\/\/www.nordictrans.com\/de\/industrieschwer\/","title":{"rendered":"Industrieschwer"},"content":{"rendered":"<div class=\"wpb-content-wrapper\"><p>[vc_row][vc_column]\n\t\t\t<!-- START Industry Focus REVOLUTION SLIDER 6.6.16 --><p class=\"rs-p-wp-fix\"><\/p>\n\t\t\t<rs-module-wrap id=\"rev_slider_20_1_wrapper\" data-source=\"gallery\" style=\"visibility:hidden;background:transparent;padding:0;margin:0px auto;margin-top:0;margin-bottom:0;\">\n\t\t\t\t<rs-module id=\"rev_slider_20_1\" style=\"\" data-version=\"6.6.16\">\n\t\t\t\t\t<rs-slides style=\"overflow: hidden; position: absolute;\">\n\t\t\t\t\t\t<rs-slide style=\"position: absolute;\" data-key=\"rs-105\" data-title=\"Slide\" data-anim=\"adpr:false;\">\n\t\t\t\t\t\t\t<img decoding=\"async\" src=\"\/\/www.nordictrans.com\/wp-content\/plugins\/revslider\/public\/assets\/assets\/dummy.png\" alt=\"\" title=\"Industrieschwer\" class=\"rev-slidebg tp-rs-img rs-lazyload\" data-lazyload=\"\/\/www.nordictrans.com\/wp-content\/uploads\/2018\/05\/specialized-translation-fields.png\" data-parallax=\"15\" data-no-retina>\n<!--\n\t\t\t\t\t\t\t--><rs-layer\n\t\t\t\t\t\t\t\tid=\"slider-20-slide-105-layer-1\" \n\t\t\t\t\t\t\t\tdata-type=\"text\"\n\t\t\t\t\t\t\t\tdata-color=\"rgba(255,255,255,1)\"\n\t\t\t\t\t\t\t\tdata-rsp_ch=\"on\"\n\t\t\t\t\t\t\t\tdata-xy=\"x:c;xo:-4px,0,0,0;y:m;yo:-54px,0,0,0;\"\n\t\t\t\t\t\t\t\tdata-text=\"s:60,35,30,24;l:60,40,35,24;fw:700;a:center;\"\n\t\t\t\t\t\t\t\tdata-frame_0=\"tp:600;\"\n\t\t\t\t\t\t\t\tdata-frame_1=\"tp:600;st:0;\"\n\t\t\t\t\t\t\t\tdata-frame_999=\"o:0;tp:600;st:w;sR:8700.0006103516;\"\n\t\t\t\t\t\t\t\tstyle=\"z-index:5;font-family:'Open Sans';opacity:0.6;\"\n\t\t\t\t\t\t\t>\nWIR HABEN T\u00c4GLICH 24 STUNDEN<br\/>\nGE\u00d6FFNET<br\/>\n \n\t\t\t\t\t\t\t<\/rs-layer><!--\n\n\t\t\t\t\t\t\t--><rs-layer\n\t\t\t\t\t\t\t\tid=\"slider-20-slide-105-layer-3\" \n\t\t\t\t\t\t\t\tdata-type=\"text\"\n\t\t\t\t\t\t\t\tdata-color=\"rgba(255,255,255,1)\"\n\t\t\t\t\t\t\t\tdata-rsp_ch=\"on\"\n\t\t\t\t\t\t\t\tdata-xy=\"x:c;xo:12px,12px,12px,0;y:m;yo:30px,30px,30px,56px;\"\n\t\t\t\t\t\t\t\tdata-text=\"s:30,30,30,28;l:30;a:inherit,inherit,inherit,center;\"\n\t\t\t\t\t\t\t\tdata-frame_0=\"tp:600;\"\n\t\t\t\t\t\t\t\tdata-frame_1=\"tp:600;st:0;\"\n\t\t\t\t\t\t\t\tdata-frame_999=\"o:0;tp:600;st:w;sR:8700.0006103516;\"\n\t\t\t\t\t\t\t\tstyle=\"z-index:6;font-family:'Roboto Slab';\"\n\t\t\t\t\t\t\t>um Ihnen mit Ihren dringenden <br\/> \u00dcbersetzungsprojekten zu helfen \n\t\t\t\t\t\t\t<\/rs-layer><!--\n-->\t\t\t\t\t\t<\/rs-slide>\n\t\t\t\t\t<\/rs-slides>\n\t\t\t\t<\/rs-module>\n\t\t\t\t<script>\n\t\t\t\t\tsetREVStartSize({c: 'rev_slider_20_1',rl:[1240,1024,778,480],el:[655,600,500,400],gw:[1240,1024,778,480],gh:[655,600,500,400],type:'hero',justify:'',layout:'fullwidth',mh:\"0\"});if (window.RS_MODULES!==undefined && window.RS_MODULES.modules!==undefined && window.RS_MODULES.modules[\"revslider201\"]!==undefined) {window.RS_MODULES.modules[\"revslider201\"].once = false;window.revapi20 = undefined;if (window.RS_MODULES.checkMinimal!==undefined) window.RS_MODULES.checkMinimal()}\n\t\t\t\t<\/script>\n\t\t\t<\/rs-module-wrap>\n\t\t\t<!-- END REVOLUTION SLIDER -->\n[\/vc_column][\/vc_row][vc_row][vc_column][vc_raw_html]JTNDZGl2JTIwaWQlM0QlMjJzZWNvbmRfYnJlZCUyMiUyMGNsYXNzJTNEJTIyd2YtdGQlMjIlM0UlM0MlMkZkaXYlM0U=[\/vc_raw_html][\/vc_column][\/vc_row][vc_row rowtype=&#8221;fullw&#8221; textalign=&#8221;center&#8221; padding=&#8221;50px&#8221;][vc_column][vc_empty_space height=&#8221;50px&#8221;][vc_column_text]<\/p>\n<h1 style=\"text-align: center; color: #2c5a85;\"><strong>Schwerpunkt Industrie &#8211; Industrieschwer<\/strong><\/h1>\n<p>[\/vc_column_text][vc_empty_space][vc_separator][vc_empty_space][vc_column_text]<\/p>\n<h2 style=\"text-align: center;\">\u00dcbersetzen ist unsere Spezialit\u00e4t, egal, um welche Sache es geht:<\/h2>\n<p>[\/vc_column_text][vc_empty_space][\/vc_column][\/vc_row][vc_row][vc_column][vc_empty_space][vc_row_inner][vc_column_inner width=&#8221;1\/3&#8243;][vc_single_image image=&#8221;11239&#8243; img_size=&#8221;full&#8221; alignment=&#8221;center&#8221;][vc_column_text]<\/p>\n<h3 style=\"text-align: center;\">PR Marketing<\/h3>\n<p>[\/vc_column_text][\/vc_column_inner][vc_column_inner width=&#8221;1\/3&#8243;][vc_single_image image=&#8221;11240&#8243; img_size=&#8221;full&#8221; alignment=&#8221;center&#8221;][vc_column_text]<\/p>\n<h3 style=\"text-align: center;\">Medienkommunikation<\/h3>\n<p>[\/vc_column_text][\/vc_column_inner][vc_column_inner width=&#8221;1\/3&#8243;][vc_single_image image=&#8221;11242&#8243; img_size=&#8221;full&#8221; alignment=&#8221;center&#8221;][vc_column_text]<\/p>\n<h3 style=\"text-align: center;\">Website-Lokalisierung<\/h3>\n<p>[\/vc_column_text][\/vc_column_inner][\/vc_row_inner][vc_empty_space][vc_row_inner][vc_column_inner width=&#8221;1\/3&#8243;][vc_single_image image=&#8221;11241&#8243; img_size=&#8221;full&#8221; alignment=&#8221;center&#8221;][vc_column_text]<\/p>\n<h3 style=\"text-align: center;\">Rechts\u00fcbersetzungen<\/h3>\n<p>[\/vc_column_text][\/vc_column_inner][vc_column_inner width=&#8221;1\/3&#8243;][vc_single_image image=&#8221;11243&#8243; img_size=&#8221;full&#8221; alignment=&#8221;center&#8221;][vc_column_text]<\/p>\n<h3 style=\"text-align: center;\">E-Commerce-\u00dcbersetzungen<\/h3>\n<p>[\/vc_column_text][\/vc_column_inner][vc_column_inner width=&#8221;1\/3&#8243;][vc_single_image image=&#8221;11244&#8243; img_size=&#8221;full&#8221; alignment=&#8221;center&#8221;][vc_column_text]<\/p>\n<h3 style=\"text-align: center;\">Technologische \u00dcbersetzungen<\/h3>\n<p>[\/vc_column_text][\/vc_column_inner][\/vc_row_inner][vc_empty_space][vc_row_inner][vc_column_inner width=&#8221;1\/3&#8243;][vc_single_image image=&#8221;11245&#8243; img_size=&#8221;full&#8221; alignment=&#8221;center&#8221;][vc_column_text]<\/p>\n<h3 style=\"text-align: center;\">Telekommunikation &#8211; \u00dcbersetzungen<\/h3>\n<p>[\/vc_column_text][\/vc_column_inner][vc_column_inner width=&#8221;1\/3&#8243;][vc_single_image image=&#8221;11246&#8243; img_size=&#8221;full&#8221; alignment=&#8221;center&#8221;][vc_column_text]<\/p>\n<h3 style=\"text-align: center;\">24 Stunden ge\u00f6ffnet<\/h3>\n<p>[\/vc_column_text][\/vc_column_inner][vc_column_inner width=&#8221;1\/3&#8243;][vc_single_image image=&#8221;11247&#8243; img_size=&#8221;full&#8221; alignment=&#8221;center&#8221;][vc_column_text]<\/p>\n<h3 style=\"text-align: center;\">Spezialist f\u00fcr nordische Sprachen<\/h3>\n<p>[\/vc_column_text][\/vc_column_inner][\/vc_row_inner][vc_empty_space height=&#8221;50px&#8221;][vc_column_text]<\/p>\n<h3 style=\"text-align: center;\"><strong>Industrieschwer &#8211; Schwerpunkt Industrie<\/strong><\/h3>\n<p>[\/vc_column_text][\/vc_column][\/vc_row][vc_row][vc_column width=&#8221;1\/4&#8243;][vc_icon icon_fontawesome=&#8221;fa fa-usd&#8221; color=&#8221;custom&#8221; size=&#8221;lg&#8221; align=&#8221;center&#8221; custom_color=&#8221;#ccffcc&#8221;][vc_column_text]<\/p>\n<h4 class=\"custom-title\" style=\"text-align: center;\">Sowie alle Gesch\u00e4ftsprozesse in Zusammenhang mit IT Systemen gem\u00e4\u00df allen regionalen Standards<\/h4>\n<div class=\"inner\">\n<p style=\"text-align: center;\"><span style=\"color: #333333;\">Finanzmanagement<br \/>\nLagermanagement<br \/>\nEinkaufsmanagement<br \/>\nProduktionsmanagement<br \/>\nVerkaufsmanagement, Logistikmanagement<br \/>\nE-Business und<br \/>\nBusiness Intelligenz<\/span><\/p>\n<\/div>\n<p>[\/vc_column_text][\/vc_column][vc_column width=&#8221;1\/4&#8243;][vc_icon icon_fontawesome=&#8221;fa fa-globe&#8221; color=&#8221;custom&#8221; size=&#8221;lg&#8221; align=&#8221;center&#8221; custom_color=&#8221;#2c5a85&#8243;][vc_column_text]<\/p>\n<h4 class=\"custom-title\" style=\"text-align: center;\">ERP L\u00f6sungen<\/h4>\n<div class=\"inner\">\n<p style=\"text-align: center;\">ERP L\u00f6sungen<br \/>\nInternet<br \/>\nDatentransfer und Sicherheitssoftware<br \/>\nSoftware und Hardware<br \/>\nNetzwerke und Systemadministration<br \/>\nGrafiken und CAD<br \/>\nTelekommunikation<br \/>\nHerstellungsprozesse<br \/>\nBenutzerhandb\u00fccher<br \/>\nHandelsbrosch\u00fcren<br \/>\nTechnische Beschreibungen<br \/>\nStandards<br \/>\nISO Zertifikation<br \/>\nSpezifizierungen<br \/>\nKataloge<br \/>\nPl\u00e4ne und Entw\u00fcrfe<br \/>\nFirmeninterne Kommunikation<br \/>\nBusiness Newsletter<\/p>\n<\/div>\n<p>[\/vc_column_text][\/vc_column][vc_column width=&#8221;1\/4&#8243;][vc_icon icon_fontawesome=&#8221;fa fa-briefcase&#8221; color=&#8221;custom&#8221; size=&#8221;lg&#8221; align=&#8221;center&#8221; custom_color=&#8221;#2c5a85&#8243;][vc_column_text]<\/p>\n<h4 class=\"custom-title\" style=\"text-align: center;\">Bereich Presse &amp; Editorial<\/h4>\n<div class=\"inner\">\n<p style=\"text-align: center;\">Beitr\u00e4ge in Magazinen<br \/>\nArtikel<br \/>\nReportagen<br \/>\nAnzeigen<br \/>\nInterviews<br \/>\nWerbung<br \/>\nEssays<br \/>\nPressemitteilungen<br \/>\nKataloge<br \/>\nBiographien<br \/>\nHandb\u00fccher<\/p>\n<\/div>\n<p>[\/vc_column_text][\/vc_column][vc_column width=&#8221;1\/4&#8243;][vc_icon icon_fontawesome=&#8221;fa fa-bullhorn&#8221; color=&#8221;custom&#8221; size=&#8221;lg&#8221; align=&#8221;center&#8221; custom_color=&#8221;#8ebee2&#8243;][vc_column_text]<\/p>\n<h4 class=\"custom-title\" style=\"text-align: center;\">Bereich PR\/Marketing &amp; Medienkommunikation<\/h4>\n<div class=\"inner\">\n<p style=\"text-align: center;\">Kataloge<br \/>\nBrosch\u00fcren<br \/>\nPressemitteilungen<br \/>\nMarketingumfragen<br \/>\nArtikel<br \/>\nUnternehmenskampagnen<br \/>\nKonferenzmaterial<br \/>\nVerkaufs- und Marketingpr\u00e4sentation<br \/>\nMediensets<\/p>\n<\/div>\n<p>[\/vc_column_text][\/vc_column][\/vc_row][vc_row rowtype=&#8221;fullw&#8221;][vc_column][vc_empty_space][vc_row_inner][vc_column_inner][vc_empty_space][vc_custom_heading text=&#8221;Industrieschwer&#8221; font_container=&#8221;tag:h2|text_align:center|color:%23666666&#8243; google_fonts=&#8221;font_family:Roboto%20Slab%3A100%2C300%2Cregular%2C700|font_style:400%20regular%3A400%3Anormal&#8221;][vc_empty_space][vc_column_text]<\/p>\n<p style=\"text-align: center;\"><strong>NordicTrans spezialisiert sich auf Dokumenten\u00fcbersetzung englisch-d\u00e4nisch, schwedisch, finnisch, norwegisch und deutsch.<\/strong><\/p>\n<p>[\/vc_column_text][vc_empty_space height=&#8221;50px&#8221;][\/vc_column_inner][\/vc_row_inner][\/vc_column][\/vc_row][vc_row type=&#8221;3&#8243; margin_bottom=&#8221;0px&#8221; full_width_row=&#8221;true&#8221; rowtype=&#8221;fullw&#8221; textalign=&#8221;center&#8221; padding=&#8221;30px 0px&#8221; css=&#8221;.vc_custom_1479126782840{margin-bottom: 0px !important;padding-top: 30px !important;padding-right: 0px !important;padding-bottom: 30px !important;padding-left: 0px !important;background-color: #ccffcc !important;}&#8221; el_class=&#8221;live-contact-btn-wrap&#8221;][vc_column][vc_cta h2=&#8221;Bist du bereit? Lass uns anfangen:&#8221; txt_align=&#8221;center&#8221; add_button=&#8221;right&#8221; btn_title=&#8221;HIER KLICKEN!&#8221; btn_style=&#8221;custom&#8221; btn_custom_background=&#8221;#ffffff&#8221; btn_custom_text=&#8221;#2a4a8f&#8221; btn_shape=&#8221;round&#8221; btn_align=&#8221;center&#8221; btn_button_block=&#8221;true&#8221; btn_custom_onclick=&#8221;true&#8221; btn_smooth_scroll=&#8221;true&#8221; btn_link=&#8221;url:https%3A%2F%2Fwww.nordictrans.com%2Fchat-popup%2F|||&#8221; el_class=&#8221;live-contact-btn&#8221;][\/vc_cta][\/vc_column][\/vc_row]<\/p>\n<\/div>","protected":false},"excerpt":{"rendered":"<p>[vc_row][vc_column][\/vc_column][\/vc_row][vc_row][vc_column][vc_raw_html]JTNDZGl2JTIwaWQlM0QlMjJzZWNvbmRfYnJlZCUyMiUyMGNsYXNzJTNEJTIyd2YtdGQlMjIlM0UlM0MlMkZkaXYlM0U=[\/vc_raw_html][\/vc_column][\/vc_row][vc_row rowtype=&#8221;fullw&#8221; textalign=&#8221;center&#8221; padding=&#8221;50px&#8221;][vc_column][vc_empty_space height=&#8221;50px&#8221;][vc_column_text] Schwerpunkt Industrie &#8211; Industrieschwer [\/vc_column_text][vc_empty_space][vc_separator][vc_empty_space][vc_column_text] \u00dcbersetzen ist unsere Spezialit\u00e4t, egal, um welche Sache es geht: [\/vc_column_text][vc_empty_space][\/vc_column][\/vc_row][vc_row][vc_column][vc_empty_space][vc_row_inner][vc_column_inner width=&#8221;1\/3&#8243;][vc_single_image image=&#8221;11239&#8243; img_size=&#8221;full&#8221; alignment=&#8221;center&#8221;][vc_column_text] PR Marketing [\/vc_column_text][\/vc_column_inner][vc_column_inner width=&#8221;1\/3&#8243;][vc_single_image image=&#8221;11240&#8243; img_size=&#8221;full&#8221; alignment=&#8221;center&#8221;][vc_column_text] Medienkommunikation [\/vc_column_text][\/vc_column_inner][vc_column_inner width=&#8221;1\/3&#8243;][vc_single_image image=&#8221;11242&#8243; img_size=&#8221;full&#8221; alignment=&#8221;center&#8221;][vc_column_text] Website-Lokalisierung [\/vc_column_text][\/vc_column_inner][\/vc_row_inner][vc_empty_space][vc_row_inner][vc_column_inner width=&#8221;1\/3&#8243;][vc_single_image image=&#8221;11241&#8243; img_size=&#8221;full&#8221; alignment=&#8221;center&#8221;][vc_column_text] Rechts\u00fcbersetzungen [\/vc_column_text][\/vc_column_inner][vc_column_inner width=&#8221;1\/3&#8243;][vc_single_image image=&#8221;11243&#8243; img_size=&#8221;full&#8221; alignment=&#8221;center&#8221;][vc_column_text] E-Commerce-\u00dcbersetzungen [\/vc_column_text][\/vc_column_inner][vc_column_inner width=&#8221;1\/3&#8243;][vc_single_image image=&#8221;11244&#8243; img_size=&#8221;full&#8221;&hellip;<\/p>\n","protected":false},"author":1,"featured_media":33302,"parent":0,"menu_order":0,"comment_status":"closed","ping_status":"closed","template":"","meta":{"_acf_changed":false,"footnotes":""},"class_list":["post-11225","page","type-page","status-publish","has-post-thumbnail","hentry","description-off"],"acf":[],"yoast_head":"<!-- This site is optimized with the Yoast SEO Premium plugin v26.5 (Yoast SEO v26.5) - https:\/\/yoast.com\/wordpress\/plugins\/seo\/ -->\n<title>Industrieschwer - Schwerpunkt Industrie \u2013 NordicTrans<\/title>\n<meta name=\"description\" content=\"Industrieschwer: NordicTrans spezialisiert sich auf Dokumenten\u00fcbersetzung englisch-d\u00e4nisch, schwedisch, finnisch, norwegisch und deutsch.\" \/>\n<meta name=\"robots\" content=\"index, follow, max-snippet:-1, max-image-preview:large, max-video-preview:-1\" \/>\n<link rel=\"canonical\" href=\"https:\/\/www.nordictrans.com\/de\/industrieschwer\/\" \/>\n<meta property=\"og:locale\" content=\"de_DE\" \/>\n<meta property=\"og:type\" content=\"article\" \/>\n<meta property=\"og:title\" content=\"Industrieschwer\" \/>\n<meta property=\"og:description\" content=\"NordicTrans works in the following specialized translation fields: medical, technical, legal and business and can translate from and into over 120 languages\" \/>\n<meta property=\"og:url\" content=\"https:\/\/www.nordictrans.com\/de\/industrieschwer\/\" \/>\n<meta property=\"og:site_name\" content=\"Nordictrans.com\" \/>\n<meta property=\"article:publisher\" content=\"https:\/\/www.facebook.com\/NordicTrans\" \/>\n<meta property=\"article:modified_time\" content=\"2018-02-08T14:20:05+00:00\" \/>\n<meta property=\"og:image\" content=\"https:\/\/www.nordictrans.com\/wp-content\/uploads\/2018\/05\/specialized-translation-fields.png\" \/>\n\t<meta property=\"og:image:width\" content=\"1903\" \/>\n\t<meta property=\"og:image:height\" content=\"670\" \/>\n\t<meta property=\"og:image:type\" content=\"image\/png\" \/>\n<meta name=\"twitter:card\" content=\"summary_large_image\" \/>\n<meta name=\"twitter:description\" content=\"JTNDZGl2JTIwaWQlM0QlMjJzZWNvbmRfYnJlZCUyMiUyMGNsYXNzJTNEJTIyd2YtdGQlMjIlM0UlM0MlMkZkaXYlM0U= Schwerpunkt Industrie - Industrieschwer \u00dcbersetzen ist unsere\" \/>\n<meta name=\"twitter:site\" content=\"@NordicTrans\" \/>\n<meta name=\"twitter:label1\" content=\"Gesch\u00e4tzte Lesezeit\" \/>\n\t<meta name=\"twitter:data1\" content=\"4\u00a0Minuten\" \/>\n<!-- \/ Yoast SEO Premium plugin. -->","yoast_head_json":{"title":"Industrieschwer - Schwerpunkt Industrie \u2013 NordicTrans","description":"Industrieschwer: NordicTrans spezialisiert sich auf Dokumenten\u00fcbersetzung englisch-d\u00e4nisch, schwedisch, finnisch, norwegisch und deutsch.","robots":{"index":"index","follow":"follow","max-snippet":"max-snippet:-1","max-image-preview":"max-image-preview:large","max-video-preview":"max-video-preview:-1"},"canonical":"https:\/\/www.nordictrans.com\/de\/industrieschwer\/","og_locale":"de_DE","og_type":"article","og_title":"Industrieschwer","og_description":"NordicTrans works in the following specialized translation fields: medical, technical, legal and business and can translate from and into over 120 languages","og_url":"https:\/\/www.nordictrans.com\/de\/industrieschwer\/","og_site_name":"Nordictrans.com","article_publisher":"https:\/\/www.facebook.com\/NordicTrans","article_modified_time":"2018-02-08T14:20:05+00:00","og_image":[{"width":1903,"height":670,"url":"https:\/\/www.nordictrans.com\/wp-content\/uploads\/2018\/05\/specialized-translation-fields.png","type":"image\/png"}],"twitter_card":"summary_large_image","twitter_description":"JTNDZGl2JTIwaWQlM0QlMjJzZWNvbmRfYnJlZCUyMiUyMGNsYXNzJTNEJTIyd2YtdGQlMjIlM0UlM0MlMkZkaXYlM0U= Schwerpunkt Industrie - Industrieschwer \u00dcbersetzen ist unsere","twitter_site":"@NordicTrans","twitter_misc":{"Gesch\u00e4tzte Lesezeit":"4\u00a0Minuten"},"schema":{"@context":"https:\/\/schema.org","@graph":[{"@type":"WebPage","@id":"https:\/\/www.nordictrans.com\/de\/industrieschwer\/","url":"https:\/\/www.nordictrans.com\/de\/industrieschwer\/","name":"Industrieschwer - Schwerpunkt Industrie \u2013 NordicTrans","isPartOf":{"@id":"https:\/\/www.nordictrans.com\/de\/#website"},"primaryImageOfPage":{"@id":"https:\/\/www.nordictrans.com\/de\/industrieschwer\/#primaryimage"},"image":{"@id":"https:\/\/www.nordictrans.com\/de\/industrieschwer\/#primaryimage"},"thumbnailUrl":"https:\/\/www.nordictrans.com\/wp-content\/uploads\/2018\/05\/specialized-translation-fields.png","datePublished":"2011-09-15T03:42:21+00:00","dateModified":"2018-02-08T14:20:05+00:00","description":"Industrieschwer: NordicTrans spezialisiert sich auf Dokumenten\u00fcbersetzung englisch-d\u00e4nisch, schwedisch, finnisch, norwegisch und deutsch.","breadcrumb":{"@id":"https:\/\/www.nordictrans.com\/de\/industrieschwer\/#breadcrumb"},"inLanguage":"de","potentialAction":[{"@type":"ReadAction","target":["https:\/\/www.nordictrans.com\/de\/industrieschwer\/"]}]},{"@type":"ImageObject","inLanguage":"de","@id":"https:\/\/www.nordictrans.com\/de\/industrieschwer\/#primaryimage","url":"https:\/\/www.nordictrans.com\/wp-content\/uploads\/2018\/05\/specialized-translation-fields.png","contentUrl":"https:\/\/www.nordictrans.com\/wp-content\/uploads\/2018\/05\/specialized-translation-fields.png","width":1903,"height":670,"caption":"specialized translation fields"},{"@type":"BreadcrumbList","@id":"https:\/\/www.nordictrans.com\/de\/industrieschwer\/#breadcrumb","itemListElement":[{"@type":"ListItem","position":1,"name":"Home","item":"https:\/\/www.nordictrans.com\/de\/"},{"@type":"ListItem","position":2,"name":"Industrieschwer"}]},{"@type":"WebSite","@id":"https:\/\/www.nordictrans.com\/de\/#website","url":"https:\/\/www.nordictrans.com\/de\/","name":"Nordictrans.com","description":"Translation Agency specialized in Nordic Languages","publisher":{"@id":"https:\/\/www.nordictrans.com\/de\/#organization"},"potentialAction":[{"@type":"SearchAction","target":{"@type":"EntryPoint","urlTemplate":"https:\/\/www.nordictrans.com\/de\/?s={search_term_string}"},"query-input":{"@type":"PropertyValueSpecification","valueRequired":true,"valueName":"search_term_string"}}],"inLanguage":"de"},{"@type":"Organization","@id":"https:\/\/www.nordictrans.com\/de\/#organization","name":"NordicTrans","url":"https:\/\/www.nordictrans.com\/de\/","logo":{"@type":"ImageObject","inLanguage":"de","@id":"https:\/\/www.nordictrans.com\/de\/#\/schema\/logo\/image\/","url":"https:\/\/www.nordictrans.com\/wp-content\/uploads\/2015\/02\/logoNT.png","contentUrl":"https:\/\/www.nordictrans.com\/wp-content\/uploads\/2015\/02\/logoNT.png","width":272,"height":92,"caption":"NordicTrans"},"image":{"@id":"https:\/\/www.nordictrans.com\/de\/#\/schema\/logo\/image\/"},"sameAs":["https:\/\/www.facebook.com\/NordicTrans","https:\/\/x.com\/NordicTrans","https:\/\/www.instagram.com\/NordictransUS","https:\/\/www.linkedin.com\/company\/nordictrans","https:\/\/www.pinterest.com\/nordictrans01","https:\/\/www.youtube.com\/c\/nordictrans"]}]}},"_links":{"self":[{"href":"https:\/\/www.nordictrans.com\/de\/wp-json\/wp\/v2\/pages\/11225","targetHints":{"allow":["GET"]}}],"collection":[{"href":"https:\/\/www.nordictrans.com\/de\/wp-json\/wp\/v2\/pages"}],"about":[{"href":"https:\/\/www.nordictrans.com\/de\/wp-json\/wp\/v2\/types\/page"}],"author":[{"embeddable":true,"href":"https:\/\/www.nordictrans.com\/de\/wp-json\/wp\/v2\/users\/1"}],"replies":[{"embeddable":true,"href":"https:\/\/www.nordictrans.com\/de\/wp-json\/wp\/v2\/comments?post=11225"}],"version-history":[{"count":5,"href":"https:\/\/www.nordictrans.com\/de\/wp-json\/wp\/v2\/pages\/11225\/revisions"}],"predecessor-version":[{"id":26968,"href":"https:\/\/www.nordictrans.com\/de\/wp-json\/wp\/v2\/pages\/11225\/revisions\/26968"}],"wp:featuredmedia":[{"embeddable":true,"href":"https:\/\/www.nordictrans.com\/de\/wp-json\/wp\/v2\/media\/33302"}],"wp:attachment":[{"href":"https:\/\/www.nordictrans.com\/de\/wp-json\/wp\/v2\/media?parent=11225"}],"curies":[{"name":"wp","href":"https:\/\/api.w.org\/{rel}","templated":true}]}}