{"id":23424,"date":"2016-12-15T11:25:07","date_gmt":"2016-12-15T11:25:07","guid":{"rendered":"http:\/\/dev.nordictrans.com\/juridiske-oversaettelser\/"},"modified":"2018-02-08T13:55:31","modified_gmt":"2018-02-08T13:55:31","slug":"juridiske-oversaettelser","status":"publish","type":"page","link":"https:\/\/www.nordictrans.com\/da\/fokus\/juridiske-oversaettelser\/","title":{"rendered":"Juridiske Overs\u00e6ttelser"},"content":{"rendered":"<div class=\"wpb-content-wrapper\"><p>[vc_row][vc_column]\n\t\t\t<!-- START Legal Translation REVOLUTION SLIDER 6.6.16 --><p class=\"rs-p-wp-fix\"><\/p>\n\t\t\t<rs-module-wrap id=\"rev_slider_25_1_wrapper\" data-source=\"gallery\" style=\"visibility:hidden;background:transparent;padding:0;margin:0px auto;margin-top:0;margin-bottom:0;\">\n\t\t\t\t<rs-module id=\"rev_slider_25_1\" style=\"\" data-version=\"6.6.16\">\n\t\t\t\t\t<rs-slides style=\"overflow: hidden; position: absolute;\">\n\t\t\t\t\t\t<rs-slide style=\"position: absolute;\" data-key=\"rs-61\" data-title=\"Slide\" data-anim=\"adpr:false;\">\n\t\t\t\t\t\t\t<img decoding=\"async\" src=\"\/\/www.nordictrans.com\/wp-content\/plugins\/revslider\/public\/assets\/assets\/dummy.png\" alt=\"\" title=\"Juridiske Overs\u00e6ttelser\" class=\"rev-slidebg tp-rs-img rs-lazyload\" data-lazyload=\"\/\/www.nordictrans.com\/wp-content\/uploads\/2018\/05\/legal-translation-services.png\" data-parallax=\"15\" data-no-retina>\n<!--\n\t\t\t\t\t\t\t--><rs-layer\n\t\t\t\t\t\t\t\tid=\"slider-25-slide-61-layer-1\" \n\t\t\t\t\t\t\t\tdata-type=\"text\"\n\t\t\t\t\t\t\t\tdata-color=\"rgba(255,255,255,1)\"\n\t\t\t\t\t\t\t\tdata-rsp_ch=\"on\"\n\t\t\t\t\t\t\t\tdata-xy=\"x:l,l,l,c;xo:106px,0,0,0;y:m;\"\n\t\t\t\t\t\t\t\tdata-text=\"s:50,50,40,30;l:50,50,40,30;fw:700;a:left,left,left,center;\"\n\t\t\t\t\t\t\t\tdata-frame_0=\"tp:600;\"\n\t\t\t\t\t\t\t\tdata-frame_1=\"tp:600;st:0;\"\n\t\t\t\t\t\t\t\tdata-frame_999=\"o:0;tp:600;st:w;sR:8700.0006103516;\"\n\t\t\t\t\t\t\t\tstyle=\"z-index:5;font-family:'Open Sans';opacity:0.6;\"\n\t\t\t\t\t\t\t>\nJURIDISKE<br\/>\nOVERS\u00c6TTELSER \n\t\t\t\t\t\t\t<\/rs-layer><!--\n-->\t\t\t\t\t\t<\/rs-slide>\n\t\t\t\t\t<\/rs-slides>\n\t\t\t\t<\/rs-module>\n\t\t\t\t<script>\n\t\t\t\t\tsetREVStartSize({c: 'rev_slider_25_1',rl:[1240,1024,778,480],el:[655,600,500,400],gw:[1240,1024,778,480],gh:[655,600,500,400],type:'hero',justify:'',layout:'fullwidth',mh:\"0\"});if (window.RS_MODULES!==undefined && window.RS_MODULES.modules!==undefined && window.RS_MODULES.modules[\"revslider251\"]!==undefined) {window.RS_MODULES.modules[\"revslider251\"].once = false;window.revapi25 = undefined;if (window.RS_MODULES.checkMinimal!==undefined) window.RS_MODULES.checkMinimal()}\n\t\t\t\t<\/script>\n\t\t\t<\/rs-module-wrap>\n\t\t\t<!-- END REVOLUTION SLIDER -->\n[\/vc_column][\/vc_row][vc_row][vc_column][vc_raw_html]JTNDZGl2JTIwaWQlM0QlMjJzZWNvbmRfYnJlZCUyMiUyMGNsYXNzJTNEJTIyd2YtdGQlMjIlM0UlM0MlMkZkaXYlM0U=[\/vc_raw_html][\/vc_column][\/vc_row][vc_row rowtype=&#8221;fullw&#8221; textalign=&#8221;center&#8221;][vc_column][vc_empty_space][vc_column_text css_animation=&#8221;zoomIn&#8221;]<\/p>\n<h1 style=\"text-align: center; color: #2c5a85;\"><strong>Juridiske Overs\u00e6ttelser<\/strong><\/h1>\n<p>[\/vc_column_text][vc_empty_space][vc_row_inner][vc_column_inner][vc_column_text]<\/p>\n<p style=\"text-align: center;\">Vi har igen og igen m\u00f8dt folk, der ikke forst\u00e5r, hvorfor de bliver faktureret det bel\u00f8b, der st\u00e5r p\u00e5 fakturaen. Dette g\u00f8r arbejdet endnu vanskeligere, fordi s\u00e5danne klienter ikke anerkender behovet for den service de modtager. N\u00e5r du leder efter <strong>juridiske overs\u00e6ttelser<\/strong> er en af de vigtigste ting, du skal g\u00f8re, at s\u00f8rge for at du f\u00e5r intet mindre end den bedste serviceudbyder til at g\u00f8re det for dig. Ud over dette skal du s\u00f8rge for at f\u00e5 en god og klar forst\u00e5else for, hvorfor du betaler for den service, du betaler for.<\/p>\n<p style=\"text-align: center;\">For at v\u00e6re helt \u00e6rlig, s\u00e5 er juridiske overs\u00e6ttelser noget, du aldrig b\u00f8r tage for givet. De reultater du f\u00e5r fra dette arbejde vil i h\u00f8j grad bestemme kursen for, hvad du bruger overs\u00e6ttelsen til. Det er derfor du skal s\u00f8rge for, at du leder efter en udbyder af juridiske overs\u00e6ttelser, der er al den tid og resourser du bruger p\u00e5 det.<\/p>\n<p style=\"text-align: center;\">N\u00e5r du leder efter nogen eller et firma, der kan yde dig juridiske overs\u00e6ttelser, er det altid n\u00f8dvendigt at du ser p\u00e5 muligheden for, at du f\u00e5r en udbyder der forst\u00e5r dine behov. For at sikre dette, b\u00f8r du f\u00f8rst forklare dem hvad du har brug for, og grunden eller m\u00e5den du har brug for at f\u00e5 dette gjort p\u00e5. Det meste af tiden leverer folk ikke de passende instruktioner om, hvad de har brug for, og dette g\u00f8r i store tr\u00e6k livet endnu sv\u00e6rere for dem, der skal hj\u00e6lpe.<\/p>\n<p>[\/vc_column_text][\/vc_column_inner][\/vc_row_inner][vc_empty_space height=&#8221;50px&#8221;][\/vc_column][\/vc_row][vc_row padding=&#8221;20px 0&#8243;][vc_column][vc_row_inner][vc_column_inner width=&#8221;1\/2&#8243;][vc_single_image image=&#8221;23436&#8243; img_size=&#8221;full&#8221; alignment=&#8221;center&#8221; css_animation=&#8221;fadeInLeft&#8221;][vc_empty_space][\/vc_column_inner][vc_column_inner width=&#8221;1\/2&#8243;][vc_text_separator title=&#8221;Juridiske Dokumenter Vi Overs\u00e6tter&#8221; style=&#8221;double&#8221;][vc_empty_space][vc_column_text css_animation=&#8221;fadeInRight&#8221;]NordicTrans besk\u00e6ftiger h\u00f8jt kvalificerede overs\u00e6ttere med bred viden om juridiske emner, for at kunne leverer de bedst mulige overs\u00e6ttelser af f\u00f8lgende juridiske dokumenter:[\/vc_column_text][vc_empty_space][vc_column_text css_animation=&#8221;fadeInRight&#8221;]<\/p>\n<div style=\"width: 250px; margin-right: auto; margin-left: auto; text-align: left;\">\n<p style=\"text-align: left;\"><i class=\"fa fa-check-circle fa-lg\" style=\"color: #81d742;\"><\/i><strong>\u00a0 Kontrakter<\/strong><\/p>\n<p style=\"text-align: left;\"><i class=\"fa fa-check-circle fa-lg\" style=\"color: #81d742;\"><\/i><strong>\u00a0 Patenter<\/strong><\/p>\n<p style=\"text-align: left;\"><i class=\"fa fa-check-circle fa-lg\" style=\"color: #81d742;\"><\/i><strong>\u00a0 Juridiske marketingsdokumenter<\/strong><\/p>\n<p style=\"text-align: left;\"><i class=\"fa fa-check-circle fa-lg\" style=\"color: #81d742;\"><\/i><strong>\u00a0 Juridiske skattedokumenter<\/strong><\/p>\n<p style=\"text-align: left;\"><i class=\"fa fa-check-circle fa-lg\" style=\"color: #81d742;\"><\/i><strong>\u00a0 Retsdokumenter<\/strong><\/p>\n<p style=\"text-align: left;\"><i class=\"fa fa-check-circle fa-lg\" style=\"color: #81d742;\"><\/i><strong>\u00a0 Privatlivspolitikker<\/strong><\/p>\n<p style=\"text-align: left;\"><i class=\"fa fa-check-circle fa-lg\" style=\"color: #81d742;\"><\/i><strong>\u00a0 Testamenter eller Sk\u00f8der<\/strong><\/p>\n<\/div>\n<p>[\/vc_column_text][\/vc_column_inner][\/vc_row_inner][vc_empty_space height=&#8221;50px&#8221;][\/vc_column][\/vc_row][vc_row type=&#8221;vc_default&#8221; bg_type=&#8221;bg_color&#8221; bg_override=&#8221;full&#8221; rowtype=&#8221;fullw&#8221; padding=&#8221;20px 0&#8243; css=&#8221;.vc_custom_1478848968464{padding-top: 20px !important;padding-right: 0px !important;padding-bottom: 20px !important;padding-left: 0px !important;}&#8221; bg_color_value=&#8221;#ebebeb&#8221;][vc_column][vc_empty_space][vc_column_text css_animation=&#8221;zoomIn&#8221;]<\/p>\n<h2 class=\"custom_title title_center txt_maincolor title_center borderb\" style=\"text-align: center;\" data-animation=\"zoomIn\" data-anim-target=\"self\" data-delay=\"100\" data-speed=\"800\" data-ease=\"easeInOutQuart\"><span style=\"color: #2a4a8f;\">H\u00f8j kvalitet, Overkommelig pris, Hurtig service<\/span><\/h2>\n<p>[\/vc_column_text][vc_empty_space][vc_separator color=&#8221;custom&#8221; border_width=&#8221;2&#8243; el_width=&#8221;10&#8243; accent_color=&#8221;#666666&#8243;][vc_empty_space][vc_column_text css_animation=&#8221;fadeInUp&#8221;]<\/p>\n<p style=\"text-align: center;\">For at f\u00e5 de bedste juridiske overs\u00e6ttelser ville det v\u00e6re en fantastisk ide, hvis du kunne diskutere de ting, du har brug for, med de mennesker, der leverer dem til dig. Dette vil faktisk g\u00f8re dit arbejde, og vores, lettere. Del konteksten du har behov for bliver d\u00e6kket i den juridiske overs\u00e6ttelse, du leder efter, og vi vil v\u00e6re i stand til at finde den rigtige l\u00f8sning til dine pr\u00e6cise behov.<\/p>\n<p style=\"text-align: center;\">Juridiske overs\u00e6ttelser, selv om de er h\u00f8jt specialiserede, beh\u00f8ver ikke at v\u00e6re alt for dyre. Vi er i stand til at levere overs\u00e6ttelser til enhvert juridisk dokument, fra og til 50 sprog, til en overkommelig pris.<\/p>\n<p>[\/vc_column_text][vc_empty_space][\/vc_column][\/vc_row][vc_row][vc_column][vc_empty_space][vc_column_text css_animation=&#8221;zoomIn&#8221;]<\/p>\n<h2 class=\"custom_title title_center txt_maincolor title_center default\" style=\"text-align: center;\" data-animation=\"showUp\" data-anim-target=\"self\" data-delay=\"100\" data-speed=\"800\" data-ease=\"easeInOutQuart\"><span style=\"color: #2a4a8f;\">Juridiske overs\u00e6ttelser til ethvert brug<\/span><\/h2>\n<p>[\/vc_column_text][vc_empty_space height=&#8221;10px&#8221;]<div class=\"dt-fancy-separator\" style=\"width: 70%;\"><div class=\"dt-fancy-title\"><span class=\"separator-holder separator-left\"><\/span>Nogle af vores klienter<span class=\"separator-holder separator-right\"><\/span><\/div><\/div>[vc_empty_space height=&#8221;20px&#8221;][vc_column_text css_animation=&#8221;zoomIn&#8221;]<\/p>\n<div style=\"width: 250px; margin-right: auto; margin-left: auto; text-align: center;\">\n<p style=\"text-align: left;\"><i class=\"fa fa-check-circle fa-lg\" style=\"color: #81d742;\"><\/i><strong>\u00a0 Advokatfirmaer<\/strong><\/p>\n<p style=\"text-align: left;\"><i class=\"fa fa-check-circle fa-lg\" style=\"color: #81d742;\"><\/i><strong>\u00a0 Juridiske afdelinger<\/strong><\/p>\n<p style=\"text-align: left;\"><i class=\"fa fa-check-circle fa-lg\" style=\"color: #81d742;\"><\/i><strong>\u00a0 Globale koncerner<\/strong><\/p>\n<p style=\"text-align: left;\"><i class=\"fa fa-check-circle fa-lg\" style=\"color: #81d742;\"><\/i><strong>\u00a0 Sm\u00e5 virksomheder<\/strong><\/p>\n<p style=\"text-align: left;\"><i class=\"fa fa-check-circle fa-lg\" style=\"color: #81d742;\"><\/i><strong>\u00a0 Mellemstore virksomheder<\/strong><\/p>\n<p style=\"text-align: left;\"><i class=\"fa fa-check-circle fa-lg\" style=\"color: #81d742;\"><\/i><strong>\u00a0 Revisorfirmaer<\/strong><\/p>\n<p style=\"text-align: left;\"><i class=\"fa fa-check-circle fa-lg\" style=\"color: #81d742;\"><\/i><strong> Juridiske konsulenter<\/strong><\/p>\n<\/div>\n<p>[\/vc_column_text][vc_empty_space height=&#8221;50px&#8221;][\/vc_column][\/vc_row][vc_row type=&#8221;3&#8243; margin_bottom=&#8221;0px&#8221; full_width_row=&#8221;true&#8221; rowtype=&#8221;fullw&#8221; textalign=&#8221;center&#8221; padding=&#8221;30px 0px&#8221; css=&#8221;.vc_custom_1478849030891{margin-bottom: 0px !important;padding-top: 30px !important;padding-right: 0px !important;padding-bottom: 30px !important;padding-left: 0px !important;}&#8221; el_class=&#8221;live-contact-btn-wrap&#8221;][vc_column][vc_cta h2=&#8221;Er du klar? Lad os komme i gang: &#8221; txt_align=&#8221;center&#8221; add_button=&#8221;right&#8221; btn_title=&#8221;LIVE KONTAKT&#8221; btn_style=&#8221;custom&#8221; btn_custom_background=&#8221;#ffffff&#8221; btn_custom_text=&#8221;#2a4a8f&#8221; btn_shape=&#8221;round&#8221; btn_align=&#8221;center&#8221; btn_button_block=&#8221;true&#8221; btn_custom_onclick=&#8221;true&#8221; btn_smooth_scroll=&#8221;true&#8221; btn_link=&#8221;url:https%3A%2F%2Fwww.nordictrans.com%2Fchat-popup%2F|||&#8221; el_class=&#8221;live-contact-btn&#8221;][\/vc_cta][\/vc_column][\/vc_row]<\/p>\n<\/div>","protected":false},"excerpt":{"rendered":"<p>[vc_row][vc_column][\/vc_column][\/vc_row][vc_row][vc_column][vc_raw_html]JTNDZGl2JTIwaWQlM0QlMjJzZWNvbmRfYnJlZCUyMiUyMGNsYXNzJTNEJTIyd2YtdGQlMjIlM0UlM0MlMkZkaXYlM0U=[\/vc_raw_html][\/vc_column][\/vc_row][vc_row rowtype=&#8221;fullw&#8221; textalign=&#8221;center&#8221;][vc_column][vc_empty_space][vc_column_text css_animation=&#8221;zoomIn&#8221;] Juridiske Overs\u00e6ttelser [\/vc_column_text][vc_empty_space][vc_row_inner][vc_column_inner][vc_column_text] Vi har igen og igen m\u00f8dt folk, der ikke forst\u00e5r, hvorfor de bliver faktureret det bel\u00f8b, der st\u00e5r p\u00e5 fakturaen. Dette g\u00f8r arbejdet endnu vanskeligere, fordi s\u00e5danne klienter ikke anerkender behovet for den service de modtager. N\u00e5r du leder efter juridiske overs\u00e6ttelser er en af de vigtigste ting,&hellip;<\/p>\n","protected":false},"author":1,"featured_media":33376,"parent":11133,"menu_order":0,"comment_status":"closed","ping_status":"closed","template":"","meta":{"_acf_changed":false,"footnotes":""},"class_list":["post-23424","page","type-page","status-publish","has-post-thumbnail","hentry","description-off"],"acf":[],"yoast_head":"<!-- This site is optimized with the Yoast SEO Premium plugin v26.5 (Yoast SEO v26.5) - https:\/\/yoast.com\/wordpress\/plugins\/seo\/ -->\n<title>Juridiske overs\u00e6ttelser af dokumenter \u2013 NordicTrans<\/title>\n<meta name=\"description\" content=\"NordicTrans er i stand til at levere juridiske overs\u00e6ttelser af h\u00f8j kvalitet af ethvert dokument, fra og til 50 sprog, hurtigt, og til en overkommelig pris.\" \/>\n<meta name=\"robots\" content=\"index, follow, max-snippet:-1, max-image-preview:large, max-video-preview:-1\" \/>\n<link rel=\"canonical\" href=\"https:\/\/www.nordictrans.com\/da\/fokus\/juridiske-oversaettelser\/\" \/>\n<meta property=\"og:locale\" content=\"da_DK\" \/>\n<meta property=\"og:type\" content=\"article\" \/>\n<meta property=\"og:title\" content=\"Juridiske Overs\u00e6ttelser\" \/>\n<meta property=\"og:description\" content=\"NordicTrans is always available to provide accurate legal translation services for businesses or for individuals at the lowest rates you can find online.\" \/>\n<meta property=\"og:url\" content=\"https:\/\/www.nordictrans.com\/da\/fokus\/juridiske-oversaettelser\/\" \/>\n<meta property=\"og:site_name\" content=\"Nordictrans.com\" \/>\n<meta property=\"article:publisher\" content=\"https:\/\/www.facebook.com\/NordicTrans\" \/>\n<meta property=\"article:modified_time\" content=\"2018-02-08T13:55:31+00:00\" \/>\n<meta property=\"og:image\" content=\"https:\/\/www.nordictrans.com\/wp-content\/uploads\/2018\/05\/legal-translation-services.png\" \/>\n\t<meta property=\"og:image:width\" content=\"1903\" \/>\n\t<meta property=\"og:image:height\" content=\"670\" \/>\n\t<meta property=\"og:image:type\" content=\"image\/png\" \/>\n<meta name=\"twitter:card\" content=\"summary_large_image\" \/>\n<meta name=\"twitter:description\" content=\"JTNDZGl2JTIwaWQlM0QlMjJzZWNvbmRfYnJlZCUyMiUyMGNsYXNzJTNEJTIyd2YtdGQlMjIlM0UlM0MlMkZkaXYlM0U= Juridiske Overs\u00e6ttelser Vi har igen og igen m\u00f8dt folk, der\" \/>\n<meta name=\"twitter:site\" content=\"@NordicTrans\" \/>\n<meta name=\"twitter:label1\" content=\"Estimeret l\u00e6setid\" \/>\n\t<meta name=\"twitter:data1\" content=\"4 minutter\" \/>\n<!-- \/ Yoast SEO Premium plugin. -->","yoast_head_json":{"title":"Juridiske overs\u00e6ttelser af dokumenter \u2013 NordicTrans","description":"NordicTrans er i stand til at levere juridiske overs\u00e6ttelser af h\u00f8j kvalitet af ethvert dokument, fra og til 50 sprog, hurtigt, og til en overkommelig pris.","robots":{"index":"index","follow":"follow","max-snippet":"max-snippet:-1","max-image-preview":"max-image-preview:large","max-video-preview":"max-video-preview:-1"},"canonical":"https:\/\/www.nordictrans.com\/da\/fokus\/juridiske-oversaettelser\/","og_locale":"da_DK","og_type":"article","og_title":"Juridiske Overs\u00e6ttelser","og_description":"NordicTrans is always available to provide accurate legal translation services for businesses or for individuals at the lowest rates you can find online.","og_url":"https:\/\/www.nordictrans.com\/da\/fokus\/juridiske-oversaettelser\/","og_site_name":"Nordictrans.com","article_publisher":"https:\/\/www.facebook.com\/NordicTrans","article_modified_time":"2018-02-08T13:55:31+00:00","og_image":[{"width":1903,"height":670,"url":"https:\/\/www.nordictrans.com\/wp-content\/uploads\/2018\/05\/legal-translation-services.png","type":"image\/png"}],"twitter_card":"summary_large_image","twitter_description":"JTNDZGl2JTIwaWQlM0QlMjJzZWNvbmRfYnJlZCUyMiUyMGNsYXNzJTNEJTIyd2YtdGQlMjIlM0UlM0MlMkZkaXYlM0U= Juridiske Overs\u00e6ttelser Vi har igen og igen m\u00f8dt folk, der","twitter_site":"@NordicTrans","twitter_misc":{"Estimeret l\u00e6setid":"4 minutter"},"schema":{"@context":"https:\/\/schema.org","@graph":[{"@type":"WebPage","@id":"https:\/\/www.nordictrans.com\/da\/fokus\/juridiske-oversaettelser\/","url":"https:\/\/www.nordictrans.com\/da\/fokus\/juridiske-oversaettelser\/","name":"Juridiske overs\u00e6ttelser af dokumenter \u2013 NordicTrans","isPartOf":{"@id":"https:\/\/www.nordictrans.com\/da\/#website"},"primaryImageOfPage":{"@id":"https:\/\/www.nordictrans.com\/da\/fokus\/juridiske-oversaettelser\/#primaryimage"},"image":{"@id":"https:\/\/www.nordictrans.com\/da\/fokus\/juridiske-oversaettelser\/#primaryimage"},"thumbnailUrl":"https:\/\/www.nordictrans.com\/wp-content\/uploads\/2018\/05\/legal-translation-services.png","datePublished":"2016-12-15T11:25:07+00:00","dateModified":"2018-02-08T13:55:31+00:00","description":"NordicTrans er i stand til at levere juridiske overs\u00e6ttelser af h\u00f8j kvalitet af ethvert dokument, fra og til 50 sprog, hurtigt, og til en overkommelig pris.","breadcrumb":{"@id":"https:\/\/www.nordictrans.com\/da\/fokus\/juridiske-oversaettelser\/#breadcrumb"},"inLanguage":"da-DK","potentialAction":[{"@type":"ReadAction","target":["https:\/\/www.nordictrans.com\/da\/fokus\/juridiske-oversaettelser\/"]}]},{"@type":"ImageObject","inLanguage":"da-DK","@id":"https:\/\/www.nordictrans.com\/da\/fokus\/juridiske-oversaettelser\/#primaryimage","url":"https:\/\/www.nordictrans.com\/wp-content\/uploads\/2018\/05\/legal-translation-services.png","contentUrl":"https:\/\/www.nordictrans.com\/wp-content\/uploads\/2018\/05\/legal-translation-services.png","width":1903,"height":670,"caption":"legal translation services"},{"@type":"BreadcrumbList","@id":"https:\/\/www.nordictrans.com\/da\/fokus\/juridiske-oversaettelser\/#breadcrumb","itemListElement":[{"@type":"ListItem","position":1,"name":"Home","item":"https:\/\/www.nordictrans.com\/da\/"},{"@type":"ListItem","position":2,"name":"Industrielt Fokus","item":"https:\/\/www.nordictrans.com\/da\/fokus\/"},{"@type":"ListItem","position":3,"name":"Juridiske Overs\u00e6ttelser"}]},{"@type":"WebSite","@id":"https:\/\/www.nordictrans.com\/da\/#website","url":"https:\/\/www.nordictrans.com\/da\/","name":"Nordictrans.com","description":"Translation Agency specialized in Nordic Languages","publisher":{"@id":"https:\/\/www.nordictrans.com\/da\/#organization"},"potentialAction":[{"@type":"SearchAction","target":{"@type":"EntryPoint","urlTemplate":"https:\/\/www.nordictrans.com\/da\/?s={search_term_string}"},"query-input":{"@type":"PropertyValueSpecification","valueRequired":true,"valueName":"search_term_string"}}],"inLanguage":"da-DK"},{"@type":"Organization","@id":"https:\/\/www.nordictrans.com\/da\/#organization","name":"NordicTrans","url":"https:\/\/www.nordictrans.com\/da\/","logo":{"@type":"ImageObject","inLanguage":"da-DK","@id":"https:\/\/www.nordictrans.com\/da\/#\/schema\/logo\/image\/","url":"https:\/\/www.nordictrans.com\/wp-content\/uploads\/2015\/02\/logoNT.png","contentUrl":"https:\/\/www.nordictrans.com\/wp-content\/uploads\/2015\/02\/logoNT.png","width":272,"height":92,"caption":"NordicTrans"},"image":{"@id":"https:\/\/www.nordictrans.com\/da\/#\/schema\/logo\/image\/"},"sameAs":["https:\/\/www.facebook.com\/NordicTrans","https:\/\/x.com\/NordicTrans","https:\/\/www.instagram.com\/NordictransUS","https:\/\/www.linkedin.com\/company\/nordictrans","https:\/\/www.pinterest.com\/nordictrans01","https:\/\/www.youtube.com\/c\/nordictrans"]}]}},"_links":{"self":[{"href":"https:\/\/www.nordictrans.com\/da\/wp-json\/wp\/v2\/pages\/23424","targetHints":{"allow":["GET"]}}],"collection":[{"href":"https:\/\/www.nordictrans.com\/da\/wp-json\/wp\/v2\/pages"}],"about":[{"href":"https:\/\/www.nordictrans.com\/da\/wp-json\/wp\/v2\/types\/page"}],"author":[{"embeddable":true,"href":"https:\/\/www.nordictrans.com\/da\/wp-json\/wp\/v2\/users\/1"}],"replies":[{"embeddable":true,"href":"https:\/\/www.nordictrans.com\/da\/wp-json\/wp\/v2\/comments?post=23424"}],"version-history":[{"count":5,"href":"https:\/\/www.nordictrans.com\/da\/wp-json\/wp\/v2\/pages\/23424\/revisions"}],"predecessor-version":[{"id":26947,"href":"https:\/\/www.nordictrans.com\/da\/wp-json\/wp\/v2\/pages\/23424\/revisions\/26947"}],"up":[{"embeddable":true,"href":"https:\/\/www.nordictrans.com\/da\/wp-json\/wp\/v2\/pages\/11133"}],"wp:featuredmedia":[{"embeddable":true,"href":"https:\/\/www.nordictrans.com\/da\/wp-json\/wp\/v2\/media\/33376"}],"wp:attachment":[{"href":"https:\/\/www.nordictrans.com\/da\/wp-json\/wp\/v2\/media?parent=23424"}],"curies":[{"name":"wp","href":"https:\/\/api.w.org\/{rel}","templated":true}]}}