{"id":23404,"date":"2016-12-15T10:34:31","date_gmt":"2016-12-15T10:34:31","guid":{"rendered":"http:\/\/dev.nordictrans.com\/medicinske-oversaettelser\/"},"modified":"2020-06-30T10:12:45","modified_gmt":"2020-06-30T10:12:45","slug":"medicinske-oversaettelser","status":"publish","type":"page","link":"https:\/\/www.nordictrans.com\/da\/fokus\/medicinske-oversaettelser\/","title":{"rendered":"Medicinske overs\u00e6ttelser"},"content":{"rendered":"<div class=\"wpb-content-wrapper\"><p>[vc_row][vc_column]\n\t\t\t<!-- START Medical Translation REVOLUTION SLIDER 6.6.16 --><p class=\"rs-p-wp-fix\"><\/p>\n\t\t\t<rs-module-wrap id=\"rev_slider_24_1_wrapper\" data-source=\"gallery\" style=\"visibility:hidden;background:transparent;padding:0;margin:0px auto;margin-top:0;margin-bottom:0;\">\n\t\t\t\t<rs-module id=\"rev_slider_24_1\" style=\"\" data-version=\"6.6.16\">\n\t\t\t\t\t<rs-slides style=\"overflow: hidden; position: absolute;\">\n\t\t\t\t\t\t<rs-slide style=\"position: absolute;\" data-key=\"rs-60\" data-title=\"Slide\" data-anim=\"adpr:false;\">\n\t\t\t\t\t\t\t<img decoding=\"async\" src=\"\/\/www.nordictrans.com\/wp-content\/plugins\/revslider\/public\/assets\/assets\/dummy.png\" alt=\"\" title=\"Medicinske overs\u00e6ttelser\" class=\"rev-slidebg tp-rs-img rs-lazyload\" data-lazyload=\"\/\/www.nordictrans.com\/wp-content\/uploads\/2018\/05\/medical-translation-services.png\" data-parallax=\"15\" data-no-retina>\n<!--\n\t\t\t\t\t\t\t--><rs-layer\n\t\t\t\t\t\t\t\tid=\"slider-24-slide-60-layer-1\" \n\t\t\t\t\t\t\t\tdata-type=\"text\"\n\t\t\t\t\t\t\t\tdata-color=\"rgba(102,102,102,1)\"\n\t\t\t\t\t\t\t\tdata-rsp_ch=\"on\"\n\t\t\t\t\t\t\t\tdata-xy=\"x:l,l,l,c;xo:0,0,0,-11px;y:m;yo:0,0,0,-105px;\"\n\t\t\t\t\t\t\t\tdata-text=\"s:60,50,40,30;l:60,50,40,30;fw:700;a:left,left,left,center;\"\n\t\t\t\t\t\t\t\tdata-frame_0=\"tp:600;\"\n\t\t\t\t\t\t\t\tdata-frame_1=\"tp:600;st:0;\"\n\t\t\t\t\t\t\t\tdata-frame_999=\"o:0;tp:600;st:w;sR:8700.0006103516;\"\n\t\t\t\t\t\t\t\tstyle=\"z-index:5;font-family:'Open Sans';opacity:0.6;\"\n\t\t\t\t\t\t\t>\nMEDICINSKE\n<br\/>OVERS\u00c6TTELSER \n\t\t\t\t\t\t\t<\/rs-layer><!--\n-->\t\t\t\t\t\t<\/rs-slide>\n\t\t\t\t\t<\/rs-slides>\n\t\t\t\t<\/rs-module>\n\t\t\t\t<script>\n\t\t\t\t\tsetREVStartSize({c: 'rev_slider_24_1',rl:[1240,1024,778,480],el:[655,600,500,400],gw:[1240,1024,778,480],gh:[655,600,500,400],type:'hero',justify:'',layout:'fullwidth',mh:\"0\"});if (window.RS_MODULES!==undefined && window.RS_MODULES.modules!==undefined && window.RS_MODULES.modules[\"revslider241\"]!==undefined) {window.RS_MODULES.modules[\"revslider241\"].once = false;window.revapi24 = undefined;if (window.RS_MODULES.checkMinimal!==undefined) window.RS_MODULES.checkMinimal()}\n\t\t\t\t<\/script>\n\t\t\t<\/rs-module-wrap>\n\t\t\t<!-- END REVOLUTION SLIDER -->\n[\/vc_column][\/vc_row][vc_row][vc_column][vc_raw_html]JTNDZGl2JTIwaWQlM0QlMjJzZWNvbmRfYnJlZCUyMiUyMGNsYXNzJTNEJTIyd2YtdGQlMjIlM0UlM0MlMkZkaXYlM0U=[\/vc_raw_html][\/vc_column][\/vc_row][vc_row rowtype=&#8221;fullw&#8221; textalign=&#8221;center&#8221;][vc_column][vc_empty_space][vc_column_text css_animation=&#8221;zoomIn&#8221;]<\/p>\n<h1 style=\"text-align: center; color: #2c5a85;\"><strong>Medicinske overs\u00e6ttelser<\/strong><\/h1>\n<p>[\/vc_column_text][vc_empty_space][vc_row_inner][vc_column_inner][vc_column_text]<\/p>\n<p style=\"text-align: center;\">Overs\u00e6ttelsesindustrien har v\u00e6ret i enorm v\u00e6kst de seneste \u00e5r og i henhold til nylig forskning, vil den forts\u00e6tte med at vokse. Grunden til, at overs\u00e6ttelser er i s\u00e5 h\u00f8j kurs, er globalisering. Virksomheder skal bruge overs\u00e6ttelser, for at udvide deres forretning til nye markeder. Behovet for medicinske overs\u00e6ttelser er noget, der er dukket op i l\u00f8bet af de sidste par \u00e5r. Det er en utrolig oplevelse, som mange mennesker foretr\u00e6kker ikke at tage som en selvf\u00f8lge. Der er mange tilf\u00e6lde, hvor disse services ville v\u00e6re bekvemme for dig, og det er p\u00e5 grund af dette, at du skal s\u00f8rge for at f\u00e5 en rigtig god overs\u00e6tter til at arbejde for dig. N\u00e5r det drejer sig om medicinske overs\u00e6ttelser, kan du regne med, at vi s\u00f8rger for, at du er i en god position til at f\u00e5 pr\u00e6cist, hvad du har brug for.<br \/>\nOvervejelsen af dit arbejde fra et sprog til et andet, hvad ang\u00e5r medicinske overs\u00e6ttelser, er noget du ikke kan tage let p\u00e5. Det er af yderste vigtighed, at du udelukkende f\u00e5r den bedste serviceudbyder, for at f\u00e5 den n\u00f8dvendige bedste information. En af hoved\u00e5rsagerne til at du skal overveje at samarbejde med os, er det faktum, at vi ikke bare overs\u00e6tter fra et sprog til et andet, vi f\u00f8lger ogs\u00e5 den n\u00f8dvendige kontekst af dit arbejde.<\/p>\n<p>[\/vc_column_text][\/vc_column_inner][\/vc_row_inner][vc_empty_space height=&#8221;50px&#8221;][\/vc_column][\/vc_row][vc_row padding=&#8221;20px 0&#8243;][vc_column][vc_row_inner][vc_column_inner width=&#8221;1\/2&#8243;][vc_single_image image=&#8221;24441&#8243; img_size=&#8221;full&#8221; alignment=&#8221;center&#8221; css_animation=&#8221;fadeInLeft&#8221;][vc_empty_space][\/vc_column_inner][vc_column_inner width=&#8221;1\/2&#8243;][vc_empty_space][vc_column_text]<\/p>\n<h2 style=\"text-align: center;\">Hvorfor v\u00e6lge os til Medicinske Overs\u00e6ttelser?<\/h2>\n<p>[\/vc_column_text][vc_column_text css_animation=&#8221;fadeInRight&#8221;]Medicinske overs\u00e6ttelser er et h\u00f8jt specialiseret omr\u00e5de, hvor fejltagelser kan medf\u00f8re katastrofale resultater og s\u00e5danne overs\u00e6ttelser m\u00e5 kun udf\u00f8res af professionelle overs\u00e6ttere med speciale p\u00e5 omr\u00e5det. NordicTrans yder medicinske overs\u00e6ttelser af h\u00f8j kvalitet, af stort set hvilket\u00a0 som helst medicinsk dokument, inklusiv:[\/vc_column_text][vc_empty_space][vc_column_text css_animation=&#8221;fadeInRight&#8221;]<\/p>\n<div style=\"width: 250px; margin-right: auto; margin-left: auto; text-align: left;\">\n<p style=\"text-align: left;\"><i class=\"fa fa-check-circle fa-lg\" style=\"color: #81d742;\"><\/i><strong>\u00a0 Medicinske journaler<\/strong><\/p>\n<p style=\"text-align: left;\"><i class=\"fa fa-check-circle fa-lg\" style=\"color: #81d742;\"><\/i><strong>\u00a0 Medicinske materialer<\/strong><\/p>\n<p style=\"text-align: left;\"><i class=\"fa fa-check-circle fa-lg\" style=\"color: #81d742;\"><\/i><strong>\u00a0 Brugervejledninger<\/strong><\/p>\n<p style=\"text-align: left;\"><i class=\"fa fa-check-circle fa-lg\" style=\"color: #81d742;\"><\/i><strong>\u00a0 Forskningsstudier<\/strong><\/p>\n<p style=\"text-align: left;\"><i class=\"fa fa-check-circle fa-lg\" style=\"color: #81d742;\"><\/i><strong>\u00a0 Kliniske fors\u00f8g<\/strong><\/p>\n<p style=\"text-align: left;\"><i class=\"fa fa-check-circle fa-lg\" style=\"color: #81d742;\"><\/i><strong>\u00a0 Undervisningsmaterialer<\/strong><\/p>\n<p style=\"text-align: left;\"><i class=\"fa fa-check-circle fa-lg\" style=\"color: #81d742;\"><\/i><strong>\u00a0 L\u00e6gemiddeldokumentation<\/strong><\/p>\n<p style=\"text-align: left;\"><i class=\"fa fa-check-circle fa-lg\" style=\"color: #81d742;\"><\/i><strong>\u00a0 Patientinformation<\/strong><\/p>\n<p style=\"text-align: left;\"><i class=\"fa fa-check-circle fa-lg\" style=\"color: #81d742;\"><\/i><strong>\u00a0 Toksikologiske rapporter<\/strong><\/p>\n<\/div>\n<p>[\/vc_column_text][\/vc_column_inner][\/vc_row_inner][vc_empty_space height=&#8221;50px&#8221;][\/vc_column][\/vc_row][vc_row type=&#8221;vc_default&#8221; bg_type=&#8221;bg_color&#8221; bg_override=&#8221;full&#8221; rowtype=&#8221;fullw&#8221; padding=&#8221;20px 0&#8243; css=&#8221;.vc_custom_1478848968464{padding-top: 20px !important;padding-right: 0px !important;padding-bottom: 20px !important;padding-left: 0px !important;}&#8221; bg_color_value=&#8221;#ebebeb&#8221;][vc_column][vc_empty_space][vc_column_text css_animation=&#8221;zoomIn&#8221;]<\/p>\n<h3 class=\"custom_title title_center txt_maincolor title_center borderb\" style=\"text-align: center;\" data-animation=\"zoomIn\" data-anim-target=\"self\" data-delay=\"100\" data-speed=\"800\" data-ease=\"easeInOutQuart\"><span style=\"color: #2a4a8f;\">Overkommeligt, og alligevel Services af H\u00f8j Kvalitet<\/span><\/h3>\n<p>[\/vc_column_text][vc_empty_space][vc_separator color=&#8221;custom&#8221; border_width=&#8221;2&#8243; el_width=&#8221;10&#8243; accent_color=&#8221;#666666&#8243;][vc_empty_space][vc_column_text css_animation=&#8221;fadeInUp&#8221;]N\u00e5r du leder efter en god certificering af medicinske overs\u00e6ttelser, er der en god chance for, at du vil v\u00e6re i stand til at f\u00e5r en bedre oplevelse, n\u00e5r du bruger serviceydelser fra nogen,der kan opretholde det gode flow i dit arbejde. Vores erfaring fort\u00e6ller os, at n\u00e5r vi tilbyder medicinske overs\u00e6ttelser, s\u00e5 skal vi l\u00e6re mere i processen, og vi er s\u00e5 i stand til at udf\u00f8re endnu bedre arbejde for dig.<\/p>\n<p>Vi overs\u00e6tter ikke bare fra et sprog til et andet for dig, vi s\u00f8rger for, at vi bibeholder konteksten i dit arbejde, mens vi overs\u00e6tter. Dette er faktisk den vigtigste del af opgaven. Dit arbejde skal ikke bare overs\u00e6ttes. N\u00e5r vi sender filen tilbage, skal den v\u00e6re i det korrekte format og det skal sikres, at det oprindelige budskab ikke er forvr\u00e6nget.[\/vc_column_text][vc_empty_space][\/vc_column][\/vc_row][vc_row type=&#8221;3&#8243; margin_bottom=&#8221;0px&#8221; full_width_row=&#8221;true&#8221; rowtype=&#8221;fullw&#8221; textalign=&#8221;center&#8221; padding=&#8221;30px 0px&#8221; css=&#8221;.vc_custom_1478849030891{margin-bottom: 0px !important;padding-top: 30px !important;padding-right: 0px !important;padding-bottom: 30px !important;padding-left: 0px !important;}&#8221; el_class=&#8221;live-contact-btn-wrap&#8221;][vc_column][vc_cta h2=&#8221;&#8221; txt_align=&#8221;center&#8221; add_button=&#8221;right&#8221; btn_title=&#8221;LIVEKONTAKT&#8221; btn_style=&#8221;custom&#8221; btn_custom_background=&#8221;#ffffff&#8221; btn_custom_text=&#8221;#2a4a8f&#8221; btn_shape=&#8221;round&#8221; btn_align=&#8221;center&#8221; btn_button_block=&#8221;true&#8221; btn_custom_onclick=&#8221;true&#8221; btn_smooth_scroll=&#8221;true&#8221; btn_link=&#8221;url:https%3A%2F%2Fwww.nordictrans.com%2Fchat-popup%2F|||&#8221; el_class=&#8221;live-contact-btn&#8221;]<\/p>\n<h3 style=\"font-size: 28px; line-height: 40px;\">Er du klar? Lad os komme i gang:<\/h3>\n<p>[\/vc_cta][\/vc_column][\/vc_row]<\/p>\n<\/div>","protected":false},"excerpt":{"rendered":"<p>[vc_row][vc_column][\/vc_column][\/vc_row][vc_row][vc_column][vc_raw_html]JTNDZGl2JTIwaWQlM0QlMjJzZWNvbmRfYnJlZCUyMiUyMGNsYXNzJTNEJTIyd2YtdGQlMjIlM0UlM0MlMkZkaXYlM0U=[\/vc_raw_html][\/vc_column][\/vc_row][vc_row rowtype=&#8221;fullw&#8221; textalign=&#8221;center&#8221;][vc_column][vc_empty_space][vc_column_text css_animation=&#8221;zoomIn&#8221;] Medicinske overs\u00e6ttelser [\/vc_column_text][vc_empty_space][vc_row_inner][vc_column_inner][vc_column_text] Overs\u00e6ttelsesindustrien har v\u00e6ret i enorm v\u00e6kst de seneste \u00e5r og i henhold til nylig forskning, vil den forts\u00e6tte med at vokse. Grunden til, at overs\u00e6ttelser er i s\u00e5 h\u00f8j kurs, er globalisering. Virksomheder skal bruge overs\u00e6ttelser, for at udvide deres forretning til nye markeder. Behovet for medicinske overs\u00e6ttelser&hellip;<\/p>\n","protected":false},"author":1,"featured_media":23414,"parent":11133,"menu_order":0,"comment_status":"closed","ping_status":"closed","template":"","meta":{"_acf_changed":false,"footnotes":""},"class_list":["post-23404","page","type-page","status-publish","has-post-thumbnail","hentry","description-off"],"acf":[],"yoast_head":"<!-- This site is optimized with the Yoast SEO Premium plugin v26.5 (Yoast SEO v26.5) - https:\/\/yoast.com\/wordpress\/plugins\/seo\/ -->\n<title>Farmaceutiske - Medicinske overs\u00e6ttelser - NordicTrans<\/title>\n<meta name=\"description\" content=\"Medicinske overs\u00e6ttelser er specifikke, og fejl f\u00f8rer til katastrofale resultater. NordicTrans yder services af h\u00f8j kvalitet, til overkommelige priser.\" \/>\n<meta name=\"robots\" content=\"index, follow, max-snippet:-1, max-image-preview:large, max-video-preview:-1\" \/>\n<link rel=\"canonical\" href=\"https:\/\/www.nordictrans.com\/da\/fokus\/medicinske-oversaettelser\/\" \/>\n<meta property=\"og:locale\" content=\"da_DK\" \/>\n<meta property=\"og:type\" content=\"article\" \/>\n<meta property=\"og:title\" content=\"Medicinske overs\u00e6ttelser\" \/>\n<meta property=\"og:description\" content=\"Medical translation services are highly specific and we provide accurate translations for any medical documents at affordable rates around the clock.\" \/>\n<meta property=\"og:url\" content=\"https:\/\/www.nordictrans.com\/da\/fokus\/medicinske-oversaettelser\/\" \/>\n<meta property=\"og:site_name\" content=\"Nordictrans.com\" \/>\n<meta property=\"article:publisher\" content=\"https:\/\/www.facebook.com\/NordicTrans\" \/>\n<meta property=\"article:modified_time\" content=\"2020-06-30T10:12:45+00:00\" \/>\n<meta property=\"og:image\" content=\"https:\/\/www.nordictrans.com\/wp-content\/uploads\/2016\/11\/images-nordic-website-medical.png\" \/>\n\t<meta property=\"og:image:width\" content=\"400\" \/>\n\t<meta property=\"og:image:height\" content=\"330\" \/>\n\t<meta property=\"og:image:type\" content=\"image\/png\" \/>\n<meta name=\"twitter:card\" content=\"summary_large_image\" \/>\n<meta name=\"twitter:title\" content=\"Pharmaceutical - Medical Translation Services - NordicTrans\" \/>\n<meta name=\"twitter:description\" content=\"Medical translation services are highly specific and we provide accurate translations for any medical documents at affordable rates around the clock.\" \/>\n<meta name=\"twitter:site\" content=\"@NordicTrans\" \/>\n<meta name=\"twitter:label1\" content=\"Estimeret l\u00e6setid\" \/>\n\t<meta name=\"twitter:data1\" content=\"4 minutter\" \/>\n<!-- \/ Yoast SEO Premium plugin. -->","yoast_head_json":{"title":"Farmaceutiske - Medicinske overs\u00e6ttelser - NordicTrans","description":"Medicinske overs\u00e6ttelser er specifikke, og fejl f\u00f8rer til katastrofale resultater. NordicTrans yder services af h\u00f8j kvalitet, til overkommelige priser.","robots":{"index":"index","follow":"follow","max-snippet":"max-snippet:-1","max-image-preview":"max-image-preview:large","max-video-preview":"max-video-preview:-1"},"canonical":"https:\/\/www.nordictrans.com\/da\/fokus\/medicinske-oversaettelser\/","og_locale":"da_DK","og_type":"article","og_title":"Medicinske overs\u00e6ttelser","og_description":"Medical translation services are highly specific and we provide accurate translations for any medical documents at affordable rates around the clock.","og_url":"https:\/\/www.nordictrans.com\/da\/fokus\/medicinske-oversaettelser\/","og_site_name":"Nordictrans.com","article_publisher":"https:\/\/www.facebook.com\/NordicTrans","article_modified_time":"2020-06-30T10:12:45+00:00","og_image":[{"width":400,"height":330,"url":"https:\/\/www.nordictrans.com\/wp-content\/uploads\/2016\/11\/images-nordic-website-medical.png","type":"image\/png"}],"twitter_card":"summary_large_image","twitter_title":"Pharmaceutical - Medical Translation Services - NordicTrans","twitter_description":"Medical translation services are highly specific and we provide accurate translations for any medical documents at affordable rates around the clock.","twitter_site":"@NordicTrans","twitter_misc":{"Estimeret l\u00e6setid":"4 minutter"},"schema":{"@context":"https:\/\/schema.org","@graph":[{"@type":"WebPage","@id":"https:\/\/www.nordictrans.com\/da\/fokus\/medicinske-oversaettelser\/","url":"https:\/\/www.nordictrans.com\/da\/fokus\/medicinske-oversaettelser\/","name":"Farmaceutiske - Medicinske overs\u00e6ttelser - NordicTrans","isPartOf":{"@id":"https:\/\/www.nordictrans.com\/da\/#website"},"primaryImageOfPage":{"@id":"https:\/\/www.nordictrans.com\/da\/fokus\/medicinske-oversaettelser\/#primaryimage"},"image":{"@id":"https:\/\/www.nordictrans.com\/da\/fokus\/medicinske-oversaettelser\/#primaryimage"},"thumbnailUrl":"https:\/\/www.nordictrans.com\/wp-content\/uploads\/2016\/11\/images-nordic-website-medical.png","datePublished":"2016-12-15T10:34:31+00:00","dateModified":"2020-06-30T10:12:45+00:00","description":"Medicinske overs\u00e6ttelser er specifikke, og fejl f\u00f8rer til katastrofale resultater. NordicTrans yder services af h\u00f8j kvalitet, til overkommelige priser.","breadcrumb":{"@id":"https:\/\/www.nordictrans.com\/da\/fokus\/medicinske-oversaettelser\/#breadcrumb"},"inLanguage":"da-DK","potentialAction":[{"@type":"ReadAction","target":["https:\/\/www.nordictrans.com\/da\/fokus\/medicinske-oversaettelser\/"]}]},{"@type":"ImageObject","inLanguage":"da-DK","@id":"https:\/\/www.nordictrans.com\/da\/fokus\/medicinske-oversaettelser\/#primaryimage","url":"https:\/\/www.nordictrans.com\/wp-content\/uploads\/2016\/11\/images-nordic-website-medical.png","contentUrl":"https:\/\/www.nordictrans.com\/wp-content\/uploads\/2016\/11\/images-nordic-website-medical.png","width":400,"height":330,"caption":"Medicinske overs\u00e6ttelser"},{"@type":"BreadcrumbList","@id":"https:\/\/www.nordictrans.com\/da\/fokus\/medicinske-oversaettelser\/#breadcrumb","itemListElement":[{"@type":"ListItem","position":1,"name":"Home","item":"https:\/\/www.nordictrans.com\/da\/"},{"@type":"ListItem","position":2,"name":"Industrielt Fokus","item":"https:\/\/www.nordictrans.com\/da\/fokus\/"},{"@type":"ListItem","position":3,"name":"Medicinske overs\u00e6ttelser"}]},{"@type":"WebSite","@id":"https:\/\/www.nordictrans.com\/da\/#website","url":"https:\/\/www.nordictrans.com\/da\/","name":"Nordictrans.com","description":"Translation Agency specialized in Nordic Languages","publisher":{"@id":"https:\/\/www.nordictrans.com\/da\/#organization"},"potentialAction":[{"@type":"SearchAction","target":{"@type":"EntryPoint","urlTemplate":"https:\/\/www.nordictrans.com\/da\/?s={search_term_string}"},"query-input":{"@type":"PropertyValueSpecification","valueRequired":true,"valueName":"search_term_string"}}],"inLanguage":"da-DK"},{"@type":"Organization","@id":"https:\/\/www.nordictrans.com\/da\/#organization","name":"NordicTrans","url":"https:\/\/www.nordictrans.com\/da\/","logo":{"@type":"ImageObject","inLanguage":"da-DK","@id":"https:\/\/www.nordictrans.com\/da\/#\/schema\/logo\/image\/","url":"https:\/\/www.nordictrans.com\/wp-content\/uploads\/2015\/02\/logoNT.png","contentUrl":"https:\/\/www.nordictrans.com\/wp-content\/uploads\/2015\/02\/logoNT.png","width":272,"height":92,"caption":"NordicTrans"},"image":{"@id":"https:\/\/www.nordictrans.com\/da\/#\/schema\/logo\/image\/"},"sameAs":["https:\/\/www.facebook.com\/NordicTrans","https:\/\/x.com\/NordicTrans","https:\/\/www.instagram.com\/NordictransUS","https:\/\/www.linkedin.com\/company\/nordictrans","https:\/\/www.pinterest.com\/nordictrans01","https:\/\/www.youtube.com\/c\/nordictrans"]}]}},"_links":{"self":[{"href":"https:\/\/www.nordictrans.com\/da\/wp-json\/wp\/v2\/pages\/23404","targetHints":{"allow":["GET"]}}],"collection":[{"href":"https:\/\/www.nordictrans.com\/da\/wp-json\/wp\/v2\/pages"}],"about":[{"href":"https:\/\/www.nordictrans.com\/da\/wp-json\/wp\/v2\/types\/page"}],"author":[{"embeddable":true,"href":"https:\/\/www.nordictrans.com\/da\/wp-json\/wp\/v2\/users\/1"}],"replies":[{"embeddable":true,"href":"https:\/\/www.nordictrans.com\/da\/wp-json\/wp\/v2\/comments?post=23404"}],"version-history":[{"count":5,"href":"https:\/\/www.nordictrans.com\/da\/wp-json\/wp\/v2\/pages\/23404\/revisions"}],"predecessor-version":[{"id":48977,"href":"https:\/\/www.nordictrans.com\/da\/wp-json\/wp\/v2\/pages\/23404\/revisions\/48977"}],"up":[{"embeddable":true,"href":"https:\/\/www.nordictrans.com\/da\/wp-json\/wp\/v2\/pages\/11133"}],"wp:featuredmedia":[{"embeddable":true,"href":"https:\/\/www.nordictrans.com\/da\/wp-json\/wp\/v2\/media\/23414"}],"wp:attachment":[{"href":"https:\/\/www.nordictrans.com\/da\/wp-json\/wp\/v2\/media?parent=23404"}],"curies":[{"name":"wp","href":"https:\/\/api.w.org\/{rel}","templated":true}]}}