{"id":23385,"date":"2016-12-15T10:20:24","date_gmt":"2016-12-15T10:20:24","guid":{"rendered":"http:\/\/dev.nordictrans.com\/tekniske-oversaettelser\/"},"modified":"2020-06-30T10:06:25","modified_gmt":"2020-06-30T10:06:25","slug":"tekniske-oversaettelser","status":"publish","type":"page","link":"https:\/\/www.nordictrans.com\/da\/fokus\/tekniske-oversaettelser\/","title":{"rendered":"Tekniske overs\u00e6ttelser"},"content":{"rendered":"<div class=\"wpb-content-wrapper\"><p>[vc_row][vc_column]\n\t\t\t<!-- START Technical Translation REVOLUTION SLIDER 6.6.16 --><p class=\"rs-p-wp-fix\"><\/p>\n\t\t\t<rs-module-wrap id=\"rev_slider_23_1_wrapper\" data-source=\"gallery\" style=\"visibility:hidden;background:transparent;padding:0;margin:0px auto;margin-top:0;margin-bottom:0;\">\n\t\t\t\t<rs-module id=\"rev_slider_23_1\" style=\"\" data-version=\"6.6.16\">\n\t\t\t\t\t<rs-slides style=\"overflow: hidden; position: absolute;\">\n\t\t\t\t\t\t<rs-slide style=\"position: absolute;\" data-key=\"rs-59\" data-title=\"Slide\" data-anim=\"adpr:false;\">\n\t\t\t\t\t\t\t<img decoding=\"async\" src=\"\/\/www.nordictrans.com\/wp-content\/plugins\/revslider\/public\/assets\/assets\/dummy.png\" alt=\"\" title=\"Tekniske overs\u00e6ttelser\" class=\"rev-slidebg tp-rs-img rs-lazyload\" data-lazyload=\"\/\/www.nordictrans.com\/wp-content\/uploads\/2018\/05\/technical-translation-services.png\" data-parallax=\"15\" data-no-retina>\n<!--\n\t\t\t\t\t\t\t--><rs-layer\n\t\t\t\t\t\t\t\tid=\"slider-23-slide-59-layer-1\" \n\t\t\t\t\t\t\t\tdata-type=\"text\"\n\t\t\t\t\t\t\t\tdata-color=\"rgba(255,255,255,1)\"\n\t\t\t\t\t\t\t\tdata-rsp_ch=\"on\"\n\t\t\t\t\t\t\t\tdata-xy=\"x:l,l,l,c;y:m;\"\n\t\t\t\t\t\t\t\tdata-text=\"s:60,50,40,30;l:60,50,40,30;fw:700;a:left,left,left,center;\"\n\t\t\t\t\t\t\t\tdata-frame_0=\"tp:600;\"\n\t\t\t\t\t\t\t\tdata-frame_1=\"tp:600;st:0;\"\n\t\t\t\t\t\t\t\tdata-frame_999=\"o:0;tp:600;st:w;sR:8700.0006103516;\"\n\t\t\t\t\t\t\t\tstyle=\"z-index:5;font-family:'Open Sans';opacity:0.6;\"\n\t\t\t\t\t\t\t>\nTEKNISKE <br\/>\nOVERS\u00c6TTELSER \n\t\t\t\t\t\t\t<\/rs-layer><!--\n-->\t\t\t\t\t\t<\/rs-slide>\n\t\t\t\t\t<\/rs-slides>\n\t\t\t\t<\/rs-module>\n\t\t\t\t<script>\n\t\t\t\t\tsetREVStartSize({c: 'rev_slider_23_1',rl:[1240,1024,778,480],el:[655,600,500,400],gw:[1240,1024,778,480],gh:[655,600,500,400],type:'hero',justify:'',layout:'fullwidth',mh:\"0\"});if (window.RS_MODULES!==undefined && window.RS_MODULES.modules!==undefined && window.RS_MODULES.modules[\"revslider231\"]!==undefined) {window.RS_MODULES.modules[\"revslider231\"].once = false;window.revapi23 = undefined;if (window.RS_MODULES.checkMinimal!==undefined) window.RS_MODULES.checkMinimal()}\n\t\t\t\t<\/script>\n\t\t\t<\/rs-module-wrap>\n\t\t\t<!-- END REVOLUTION SLIDER -->\n[\/vc_column][\/vc_row][vc_row][vc_column][vc_raw_html]JTNDZGl2JTIwaWQlM0QlMjJzZWNvbmRfYnJlZCUyMiUyMGNsYXNzJTNEJTIyd2YtdGQlMjIlM0UlM0MlMkZkaXYlM0U=[\/vc_raw_html][\/vc_column][\/vc_row][vc_row rowtype=&#8221;fullw&#8221; textalign=&#8221;center&#8221;][vc_column][vc_empty_space][vc_column_text]<\/p>\n<h1 style=\"text-align: center; color: #2c5a85;\"><strong>Tekniske overs\u00e6ttelser<\/strong><\/h1>\n<p>[\/vc_column_text][vc_empty_space][vc_row_inner][vc_column_inner][vc_column_text css_animation=&#8221;appear&#8221;]<\/p>\n<p style=\"text-align: left;\"><span lang=\"DA\">Der vil altid komme et tidspunkt, hvor du har brug for at f\u00e5 udf\u00f8rt nogle <strong>tekniske overs\u00e6ttelser,<\/strong> og n\u00e5r den tid kommer, s\u00e5 er det vigtigt at finde en service, du kan stole p\u00e5. Der er s\u00e5 mange gode grunde til at vores service er en af de bedste p\u00e5 markedet, og derfor beh\u00f8ver du ikke lede videre end at f\u00e5 udf\u00f8rt dit arbejde af professionelle.<\/span><\/p>\n<p style=\"text-align: left;\"><span lang=\"DA\">Lige siden vi begyndte at tilbyde tekniske overs\u00e6ttelser har der v\u00e6ret mange, der har sendt os deres arbejde med overs\u00e6ttelse af tekniske dokumenter. En af hoved\u00e5rsagerne til dette er, at vi l\u00e6gger m\u00e6rke til detaljer. Det betyder ikke noget, hvor sv\u00e6r du mener opgaven er, bare send den til os, og vi vil f\u00e5 nogen til at h\u00e5ndtere den for dig.<\/span><\/p>\n<p style=\"text-align: left;\"><span lang=\"DA\">Hvad ang\u00e5r tekniske overs\u00e6ttelser, s\u00e5 er der ikke s\u00e5 mange udbydere, der kan prale af det niveau, vi har inden for tekniske dokumenter. Vores overs\u00e6ttere er indf\u00f8dte i det sprog, de overs\u00e6tter til, hvilket g\u00f8r det nemmere for dig at drage fordel af kun at bruge de bedste overs\u00e6ttere.<\/span><\/p>\n<p>[\/vc_column_text][\/vc_column_inner][\/vc_row_inner][vc_empty_space height=&#8221;50px&#8221;][\/vc_column][\/vc_row][vc_row padding=&#8221;20px 0&#8243;][vc_column][vc_row_inner][vc_column_inner width=&#8221;1\/2&#8243;][vc_empty_space][vc_column_text]<\/p>\n<h2>Har du brug for teknisk overs\u00e6ttelse?<\/h2>\n<p>[\/vc_column_text][vc_column_text css_animation=&#8221;fadeInLeft&#8221;]<\/p>\n<p style=\"text-align: left;\">At overs\u00e6tte tekniske dokumenter er ikke den letteste opgave, da det kr\u00e6ver en dyb forst\u00e5else for det tekniske sprog. Det kr\u00e6ver ogs\u00e5 forskning, da nogle af ordene vil v\u00e6re nye, selv for en garvet teknisk overs\u00e6tter.<\/p>\n<p style=\"text-align: left;\">Nogle overs\u00e6tterbureauer vil kr\u00e6ve en h\u00f8jere pris pr. ord, n\u00e5r de skal overs\u00e6tte tekniske dokumenter. Dette er p\u00e5 grund af det faktum, at der er andre ekspertiseomr\u00e5der, hvor de kan f\u00e5 mere ud af deres overs\u00e6ttere, da en almindelig overs\u00e6ttelse tager kortere tid.<\/p>\n<p style=\"text-align: left;\">Det g\u00f8r vi ikke. NordicTrans er i stand til at levere tekniske overs\u00e6ttelser af h\u00f8j kvalitet for:<\/p>\n<div style=\"width: 250px; margin-right: auto; margin-left: auto; text-align: left;\">\n<p style=\"text-align: left;\"><i class=\"fa fa-check-circle fa-lg\" style=\"color: #81d742;\"><\/i><strong>\u00a0 Tekniske dokumentationer<\/strong><\/p>\n<p style=\"text-align: left;\"><i class=\"fa fa-check-circle fa-lg\" style=\"color: #81d742;\"><\/i><strong>\u00a0 Produktmanualer<\/strong><\/p>\n<p style=\"text-align: left;\"><i class=\"fa fa-check-circle fa-lg\" style=\"color: #81d742;\"><\/i><strong>\u00a0 Brugervejledninger<\/strong><\/p>\n<p style=\"text-align: left;\"><i class=\"fa fa-check-circle fa-lg\" style=\"color: #81d742;\"><\/i><strong>\u00a0 Tekniske unders\u00f8gelser<\/strong><\/p>\n<\/div>\n<p>[\/vc_column_text][\/vc_column_inner][vc_column_inner width=&#8221;1\/2&#8243;][vc_single_image image=&#8221;23394&#8243; img_size=&#8221;full&#8221; alignment=&#8221;center&#8221; css_animation=&#8221;fadeInRight&#8221;][\/vc_column_inner][\/vc_row_inner][vc_empty_space height=&#8221;50px&#8221;][\/vc_column][\/vc_row][vc_row type=&#8221;vc_default&#8221; bg_type=&#8221;bg_color&#8221; bg_override=&#8221;full&#8221; rowtype=&#8221;fullw&#8221; padding=&#8221;20px 0&#8243; css=&#8221;.vc_custom_1478848968464{padding-top: 20px !important;padding-right: 0px !important;padding-bottom: 20px !important;padding-left: 0px !important;}&#8221; bg_color_value=&#8221;#ebebeb&#8221;][vc_column][vc_empty_space][vc_custom_heading text=&#8221;Overkommeligt, og alligevel Services af H\u00f8j Kvalitet&#8221; font_container=&#8221;tag:h3|text_align:center|color:%23353535&#8243; google_fonts=&#8221;font_family:Roboto%20Slab%3A100%2C300%2Cregular%2C700|font_style:400%20regular%3A400%3Anormal&#8221;][vc_empty_space][vc_separator color=&#8221;custom&#8221; border_width=&#8221;2&#8243; el_width=&#8221;10&#8243; accent_color=&#8221;#666666&#8243;][vc_empty_space][vc_column_text]Ideelt er det vigtigt for dig at s\u00f8rge for, hver gang du har brug for en teknisk overs\u00e6ttelse, at du i det mindste f\u00e5r professionelle til at udf\u00f8re arbejdet for dig. Hvad ang\u00e5r professionalisme, er der mange gode grunde til, at du samarbejder med os. En af grundene er det faktum, at vi konstant er engageret i at forbedre vores services, s\u00e5 du kan f\u00e5 dit arbejde udf\u00f8rt bedst muligt.. Vi forst\u00e5r hvor vigtigt det er for dig, at bruge nogle af disse services, og det er derfor vi l\u00e6gger s\u00e5 meget anstrengelse i det.<\/p>\n<p style=\"text-align: left;\">Hvad ang\u00e5r levering s\u00e5 kan du stole p\u00e5, at vi leverer dit arbejde s\u00e5 hurtigt som muligt, og p\u00e5 den bedst mulige m\u00e5de. Du beh\u00f8ver ikke at bekymre dig om deadline, og rent faktisk kan du v\u00e6re sikker p\u00e5, at du altid kan stole p\u00e5, at vi l\u00f8ser problemerne, selv ved sidste \u00f8jebliks sp\u00f8rgsm\u00e5l.<\/p>\n<p style=\"text-align: left;\">Vi har h\u00f8jtuddannede indf\u00f8dte overs\u00e6ttere, der er specialiserede i tekniske overs\u00e6ttelser, og vi kan yde kvalitets-overs\u00e6ttelser til overkommelige priser. Vil du pr\u00f8ve? Klik p\u00e5 knappen live chat, for at bede om et gratis tilbud!<\/p>\n<p>[\/vc_column_text][vc_empty_space][\/vc_column][\/vc_row][vc_row type=&#8221;3&#8243; margin_bottom=&#8221;0px&#8221; full_width_row=&#8221;true&#8221; rowtype=&#8221;fullw&#8221; textalign=&#8221;center&#8221; padding=&#8221;30px 0px&#8221; css=&#8221;.vc_custom_1478849030891{margin-bottom: 0px !important;padding-top: 30px !important;padding-right: 0px !important;padding-bottom: 30px !important;padding-left: 0px !important;}&#8221; el_class=&#8221;live-contact-btn-wrap&#8221;][vc_column][vc_cta h2=&#8221;&#8221; txt_align=&#8221;center&#8221; add_button=&#8221;right&#8221; btn_title=&#8221;LIVE KONTAKT&#8221; btn_style=&#8221;custom&#8221; btn_custom_background=&#8221;#ffffff&#8221; btn_custom_text=&#8221;#2a4a8f&#8221; btn_shape=&#8221;round&#8221; btn_align=&#8221;center&#8221; btn_button_block=&#8221;true&#8221; btn_custom_onclick=&#8221;true&#8221; btn_smooth_scroll=&#8221;true&#8221; btn_link=&#8221;url:https%3A%2F%2Fwww.nordictrans.com%2Fchat-popup%2F|||&#8221; el_class=&#8221;live-contact-btn&#8221;]<\/p>\n<h3 style=\"font-size: 28px; line-height: 40px;\">Er du klar? Lad os komme i gang:<\/h3>\n<p>[\/vc_cta][\/vc_column][\/vc_row]<\/p>\n<\/div>","protected":false},"excerpt":{"rendered":"<p>[vc_row][vc_column][\/vc_column][\/vc_row][vc_row][vc_column][vc_raw_html]JTNDZGl2JTIwaWQlM0QlMjJzZWNvbmRfYnJlZCUyMiUyMGNsYXNzJTNEJTIyd2YtdGQlMjIlM0UlM0MlMkZkaXYlM0U=[\/vc_raw_html][\/vc_column][\/vc_row][vc_row rowtype=&#8221;fullw&#8221; textalign=&#8221;center&#8221;][vc_column][vc_empty_space][vc_column_text] Tekniske overs\u00e6ttelser [\/vc_column_text][vc_empty_space][vc_row_inner][vc_column_inner][vc_column_text css_animation=&#8221;appear&#8221;] Der vil altid komme et tidspunkt, hvor du har brug for at f\u00e5 udf\u00f8rt nogle tekniske overs\u00e6ttelser, og n\u00e5r den tid kommer, s\u00e5 er det vigtigt at finde en service, du kan stole p\u00e5. Der er s\u00e5 mange gode grunde til at vores service er en af de&hellip;<\/p>\n","protected":false},"author":1,"featured_media":33315,"parent":11133,"menu_order":0,"comment_status":"closed","ping_status":"closed","template":"","meta":{"_acf_changed":false,"footnotes":""},"class_list":["post-23385","page","type-page","status-publish","has-post-thumbnail","hentry","description-off"],"acf":[],"yoast_head":"<!-- This site is optimized with the Yoast SEO Premium plugin v26.5 (Yoast SEO v26.5) - https:\/\/yoast.com\/wordpress\/plugins\/seo\/ -->\n<title>Alle former for Tekniske Overs\u00e6ttelser - NordicTrans<\/title>\n<meta name=\"description\" content=\"Nordictrans yder tekniske overs\u00e6ttelser fra og til 80 sprog, inklusiv dansk, hollandsk, svensk, finsk, norsk, islandsk og flere.\" \/>\n<meta name=\"robots\" content=\"index, follow, max-snippet:-1, max-image-preview:large, max-video-preview:-1\" \/>\n<link rel=\"canonical\" href=\"https:\/\/www.nordictrans.com\/da\/fokus\/tekniske-oversaettelser\/\" \/>\n<meta property=\"og:locale\" content=\"da_DK\" \/>\n<meta property=\"og:type\" content=\"article\" \/>\n<meta property=\"og:title\" content=\"Tekniske overs\u00e6ttelser\" \/>\n<meta property=\"og:description\" content=\"Whenever you need to have a highly specialized document translated with high accuracy and at an affordable price, use our technical translation services.\" \/>\n<meta property=\"og:url\" content=\"https:\/\/www.nordictrans.com\/da\/fokus\/tekniske-oversaettelser\/\" \/>\n<meta property=\"og:site_name\" content=\"Nordictrans.com\" \/>\n<meta property=\"article:publisher\" content=\"https:\/\/www.facebook.com\/NordicTrans\" \/>\n<meta property=\"article:modified_time\" content=\"2020-06-30T10:06:25+00:00\" \/>\n<meta property=\"og:image\" content=\"https:\/\/www.nordictrans.com\/wp-content\/uploads\/2018\/05\/technical-translation-services.png\" \/>\n\t<meta property=\"og:image:width\" content=\"1903\" \/>\n\t<meta property=\"og:image:height\" content=\"670\" \/>\n\t<meta property=\"og:image:type\" content=\"image\/png\" \/>\n<meta name=\"twitter:card\" content=\"summary_large_image\" \/>\n<meta name=\"twitter:description\" content=\"JTNDZGl2JTIwaWQlM0QlMjJzZWNvbmRfYnJlZCUyMiUyMGNsYXNzJTNEJTIyd2YtdGQlMjIlM0UlM0MlMkZkaXYlM0U= Tekniske overs\u00e6ttelser Der vil altid komme et tidspunkt, hvor\" \/>\n<meta name=\"twitter:site\" content=\"@NordicTrans\" \/>\n<meta name=\"twitter:label1\" content=\"Estimeret l\u00e6setid\" \/>\n\t<meta name=\"twitter:data1\" content=\"4 minutter\" \/>\n<!-- \/ Yoast SEO Premium plugin. -->","yoast_head_json":{"title":"Alle former for Tekniske Overs\u00e6ttelser - NordicTrans","description":"Nordictrans yder tekniske overs\u00e6ttelser fra og til 80 sprog, inklusiv dansk, hollandsk, svensk, finsk, norsk, islandsk og flere.","robots":{"index":"index","follow":"follow","max-snippet":"max-snippet:-1","max-image-preview":"max-image-preview:large","max-video-preview":"max-video-preview:-1"},"canonical":"https:\/\/www.nordictrans.com\/da\/fokus\/tekniske-oversaettelser\/","og_locale":"da_DK","og_type":"article","og_title":"Tekniske overs\u00e6ttelser","og_description":"Whenever you need to have a highly specialized document translated with high accuracy and at an affordable price, use our technical translation services.","og_url":"https:\/\/www.nordictrans.com\/da\/fokus\/tekniske-oversaettelser\/","og_site_name":"Nordictrans.com","article_publisher":"https:\/\/www.facebook.com\/NordicTrans","article_modified_time":"2020-06-30T10:06:25+00:00","og_image":[{"width":1903,"height":670,"url":"https:\/\/www.nordictrans.com\/wp-content\/uploads\/2018\/05\/technical-translation-services.png","type":"image\/png"}],"twitter_card":"summary_large_image","twitter_description":"JTNDZGl2JTIwaWQlM0QlMjJzZWNvbmRfYnJlZCUyMiUyMGNsYXNzJTNEJTIyd2YtdGQlMjIlM0UlM0MlMkZkaXYlM0U= Tekniske overs\u00e6ttelser Der vil altid komme et tidspunkt, hvor","twitter_site":"@NordicTrans","twitter_misc":{"Estimeret l\u00e6setid":"4 minutter"},"schema":{"@context":"https:\/\/schema.org","@graph":[{"@type":"WebPage","@id":"https:\/\/www.nordictrans.com\/da\/fokus\/tekniske-oversaettelser\/","url":"https:\/\/www.nordictrans.com\/da\/fokus\/tekniske-oversaettelser\/","name":"Alle former for Tekniske Overs\u00e6ttelser - NordicTrans","isPartOf":{"@id":"https:\/\/www.nordictrans.com\/da\/#website"},"primaryImageOfPage":{"@id":"https:\/\/www.nordictrans.com\/da\/fokus\/tekniske-oversaettelser\/#primaryimage"},"image":{"@id":"https:\/\/www.nordictrans.com\/da\/fokus\/tekniske-oversaettelser\/#primaryimage"},"thumbnailUrl":"https:\/\/www.nordictrans.com\/wp-content\/uploads\/2018\/05\/technical-translation-services.png","datePublished":"2016-12-15T10:20:24+00:00","dateModified":"2020-06-30T10:06:25+00:00","description":"Nordictrans yder tekniske overs\u00e6ttelser fra og til 80 sprog, inklusiv dansk, hollandsk, svensk, finsk, norsk, islandsk og flere.","breadcrumb":{"@id":"https:\/\/www.nordictrans.com\/da\/fokus\/tekniske-oversaettelser\/#breadcrumb"},"inLanguage":"da-DK","potentialAction":[{"@type":"ReadAction","target":["https:\/\/www.nordictrans.com\/da\/fokus\/tekniske-oversaettelser\/"]}]},{"@type":"ImageObject","inLanguage":"da-DK","@id":"https:\/\/www.nordictrans.com\/da\/fokus\/tekniske-oversaettelser\/#primaryimage","url":"https:\/\/www.nordictrans.com\/wp-content\/uploads\/2018\/05\/technical-translation-services.png","contentUrl":"https:\/\/www.nordictrans.com\/wp-content\/uploads\/2018\/05\/technical-translation-services.png","width":1903,"height":670,"caption":"technical translation services"},{"@type":"BreadcrumbList","@id":"https:\/\/www.nordictrans.com\/da\/fokus\/tekniske-oversaettelser\/#breadcrumb","itemListElement":[{"@type":"ListItem","position":1,"name":"Home","item":"https:\/\/www.nordictrans.com\/da\/"},{"@type":"ListItem","position":2,"name":"Industrielt Fokus","item":"https:\/\/www.nordictrans.com\/da\/fokus\/"},{"@type":"ListItem","position":3,"name":"Tekniske overs\u00e6ttelser"}]},{"@type":"WebSite","@id":"https:\/\/www.nordictrans.com\/da\/#website","url":"https:\/\/www.nordictrans.com\/da\/","name":"Nordictrans.com","description":"Translation Agency specialized in Nordic Languages","publisher":{"@id":"https:\/\/www.nordictrans.com\/da\/#organization"},"potentialAction":[{"@type":"SearchAction","target":{"@type":"EntryPoint","urlTemplate":"https:\/\/www.nordictrans.com\/da\/?s={search_term_string}"},"query-input":{"@type":"PropertyValueSpecification","valueRequired":true,"valueName":"search_term_string"}}],"inLanguage":"da-DK"},{"@type":"Organization","@id":"https:\/\/www.nordictrans.com\/da\/#organization","name":"NordicTrans","url":"https:\/\/www.nordictrans.com\/da\/","logo":{"@type":"ImageObject","inLanguage":"da-DK","@id":"https:\/\/www.nordictrans.com\/da\/#\/schema\/logo\/image\/","url":"https:\/\/www.nordictrans.com\/wp-content\/uploads\/2015\/02\/logoNT.png","contentUrl":"https:\/\/www.nordictrans.com\/wp-content\/uploads\/2015\/02\/logoNT.png","width":272,"height":92,"caption":"NordicTrans"},"image":{"@id":"https:\/\/www.nordictrans.com\/da\/#\/schema\/logo\/image\/"},"sameAs":["https:\/\/www.facebook.com\/NordicTrans","https:\/\/x.com\/NordicTrans","https:\/\/www.instagram.com\/NordictransUS","https:\/\/www.linkedin.com\/company\/nordictrans","https:\/\/www.pinterest.com\/nordictrans01","https:\/\/www.youtube.com\/c\/nordictrans"]}]}},"_links":{"self":[{"href":"https:\/\/www.nordictrans.com\/da\/wp-json\/wp\/v2\/pages\/23385","targetHints":{"allow":["GET"]}}],"collection":[{"href":"https:\/\/www.nordictrans.com\/da\/wp-json\/wp\/v2\/pages"}],"about":[{"href":"https:\/\/www.nordictrans.com\/da\/wp-json\/wp\/v2\/types\/page"}],"author":[{"embeddable":true,"href":"https:\/\/www.nordictrans.com\/da\/wp-json\/wp\/v2\/users\/1"}],"replies":[{"embeddable":true,"href":"https:\/\/www.nordictrans.com\/da\/wp-json\/wp\/v2\/comments?post=23385"}],"version-history":[{"count":5,"href":"https:\/\/www.nordictrans.com\/da\/wp-json\/wp\/v2\/pages\/23385\/revisions"}],"predecessor-version":[{"id":48975,"href":"https:\/\/www.nordictrans.com\/da\/wp-json\/wp\/v2\/pages\/23385\/revisions\/48975"}],"up":[{"embeddable":true,"href":"https:\/\/www.nordictrans.com\/da\/wp-json\/wp\/v2\/pages\/11133"}],"wp:featuredmedia":[{"embeddable":true,"href":"https:\/\/www.nordictrans.com\/da\/wp-json\/wp\/v2\/media\/33315"}],"wp:attachment":[{"href":"https:\/\/www.nordictrans.com\/da\/wp-json\/wp\/v2\/media?parent=23385"}],"curies":[{"name":"wp","href":"https:\/\/api.w.org\/{rel}","templated":true}]}}