{"id":23362,"date":"2016-12-15T10:01:56","date_gmt":"2016-12-15T10:01:56","guid":{"rendered":"http:\/\/dev.nordictrans.com\/erhvervs-oversaettelse\/"},"modified":"2020-06-30T10:01:32","modified_gmt":"2020-06-30T10:01:32","slug":"erhvervs-oversaettelse","status":"publish","type":"page","link":"https:\/\/www.nordictrans.com\/da\/fokus\/erhvervs-oversaettelse\/","title":{"rendered":"Erhvervs-overs\u00e6ttelse"},"content":{"rendered":"<div class=\"wpb-content-wrapper\"><p>[vc_row][vc_column]\n\t\t\t<!-- START Business Translation REVOLUTION SLIDER 6.6.16 --><p class=\"rs-p-wp-fix\"><\/p>\n\t\t\t<rs-module-wrap id=\"rev_slider_22_1_wrapper\" data-source=\"gallery\" style=\"visibility:hidden;background:transparent;padding:0;margin:0px auto;margin-top:0;margin-bottom:0;\">\n\t\t\t\t<rs-module id=\"rev_slider_22_1\" style=\"\" data-version=\"6.6.16\">\n\t\t\t\t\t<rs-slides style=\"overflow: hidden; position: absolute;\">\n\t\t\t\t\t\t<rs-slide style=\"position: absolute;\" data-key=\"rs-58\" data-title=\"Slide\" data-anim=\"adpr:false;\">\n\t\t\t\t\t\t\t<img decoding=\"async\" src=\"\/\/www.nordictrans.com\/wp-content\/plugins\/revslider\/public\/assets\/assets\/dummy.png\" alt=\"\" title=\"Erhvervs-overs\u00e6ttelse\" class=\"rev-slidebg tp-rs-img rs-lazyload\" data-lazyload=\"\/\/www.nordictrans.com\/wp-content\/uploads\/2018\/05\/business-translation-services.png\" data-parallax=\"15\" data-no-retina>\n<!--\n\t\t\t\t\t\t\t--><rs-layer\n\t\t\t\t\t\t\t\tid=\"slider-22-slide-58-layer-1\" \n\t\t\t\t\t\t\t\tdata-type=\"text\"\n\t\t\t\t\t\t\t\tdata-color=\"rgba(255,255,255,1)\"\n\t\t\t\t\t\t\t\tdata-rsp_ch=\"on\"\n\t\t\t\t\t\t\t\tdata-xy=\"x:l,l,l,c;y:m;\"\n\t\t\t\t\t\t\t\tdata-text=\"s:60,50,40,30;l:60,50,40,30;fw:700;a:left,left,left,center;\"\n\t\t\t\t\t\t\t\tdata-frame_0=\"tp:600;\"\n\t\t\t\t\t\t\t\tdata-frame_1=\"tp:600;st:0;\"\n\t\t\t\t\t\t\t\tdata-frame_999=\"o:0;tp:600;st:w;sR:8700.0006103516;\"\n\t\t\t\t\t\t\t\tstyle=\"z-index:5;font-family:'Open Sans';opacity:0.6;\"\n\t\t\t\t\t\t\t>\nERHVERVS<br\/>\nOVERS\u00c6TTELSE \n\t\t\t\t\t\t\t<\/rs-layer><!--\n-->\t\t\t\t\t\t<\/rs-slide>\n\t\t\t\t\t<\/rs-slides>\n\t\t\t\t<\/rs-module>\n\t\t\t\t<script>\n\t\t\t\t\tsetREVStartSize({c: 'rev_slider_22_1',rl:[1240,1024,778,480],el:[655,600,500,400],gw:[1240,1024,778,480],gh:[655,600,500,400],type:'hero',justify:'',layout:'fullwidth',mh:\"0\"});if (window.RS_MODULES!==undefined && window.RS_MODULES.modules!==undefined && window.RS_MODULES.modules[\"revslider221\"]!==undefined) {window.RS_MODULES.modules[\"revslider221\"].once = false;window.revapi22 = undefined;if (window.RS_MODULES.checkMinimal!==undefined) window.RS_MODULES.checkMinimal()}\n\t\t\t\t<\/script>\n\t\t\t<\/rs-module-wrap>\n\t\t\t<!-- END REVOLUTION SLIDER -->\n[\/vc_column][\/vc_row][vc_row][vc_column][vc_raw_html]JTNDZGl2JTIwaWQlM0QlMjJzZWNvbmRfYnJlZCUyMiUyMGNsYXNzJTNEJTIyd2YtdGQlMjIlM0UlM0MlMkZkaXYlM0U=[\/vc_raw_html][\/vc_column][\/vc_row][vc_row rowtype=&#8221;fullw&#8221; textalign=&#8221;center&#8221;][vc_column][vc_empty_space][vc_column_text]<\/p>\n<h1 style=\"text-align: center; color: #2c5a85; font-weight: bold;\">Erhvervs-overs\u00e6ttelse<\/h1>\n<p>[\/vc_column_text][vc_empty_space][vc_row_inner][vc_column_inner][vc_column_text]<\/p>\n<p style=\"text-align: left;\">Der er en rigtig god grund til, at du har behov for at t\u00e6nke p\u00e5 at bruge <strong>erhvervs-overs\u00e6ttelse<\/strong> i dag. Det er en kendsgerning, at vi i disse dage lever i en verden, hvor forretning er g\u00e5et hele vejen rundt, og af denne grund er der en god chance for, at du p\u00e5 et tidspunkt vil st\u00f8de p\u00e5 en partner eller en kunde, hvis behov du ikke kan opfylde uden at f\u00e5 overs\u00e6ttelses-services. Det er derfor, vi tilbyder overs\u00e6ttelse til erhvervskunder. Dette er en service, som du er n\u00f8dt til at g\u00f8re bedst mulig brug af, is\u00e6r n\u00e5r man t\u00e6nker p\u00e5, at vi indtil nu, er et af de bedste, n\u00e5r det kommer til erhvervs <a href=\"https:\/\/www.nordictrans.com\/\">overs\u00e6ttelsesbureauer<\/a>.<\/p>\n<p style=\"text-align: left;\">Der er virkelig s\u00e5 meget du kan t\u00e6nke over, is\u00e6r n\u00e5r du k\u00f8rer en virksomhed, der er p\u00e5 et internationalt plan. Virksomhederne har i lang tid taget forandring og mangfoldighed til sig, og hvis din har denne form for plan, s\u00e5 skal du ikke bekymre dig om noget. Vores kerneforretning i form af erhvervs-overs\u00e6ttelsesservices er at sikre, at vi kan hj\u00e6lpe dig med bringe din virksomhed til live.<\/p>\n<p>[\/vc_column_text][\/vc_column_inner][\/vc_row_inner][\/vc_column][\/vc_row][vc_row padding=&#8221;20px 0&#8243;][vc_column][vc_empty_space height=&#8221;50px&#8221;][vc_row_inner][vc_column_inner width=&#8221;1\/2&#8243;][vc_single_image image=&#8221;23375&#8243; img_size=&#8221;full&#8221; alignment=&#8221;center&#8221; css_animation=&#8221;fadeInLeft&#8221;][vc_empty_space][\/vc_column_inner][vc_column_inner width=&#8221;1\/2&#8243;][vc_text_separator title=&#8221;Det ypperste i overs\u00e6ttelser for erhverv&#8221; style=&#8221;double&#8221;][vc_empty_space][vc_column_text css_animation=&#8221;fadeInRight&#8221;]<\/p>\n<p style=\"text-align: left;\">Hvis din virksomhed markedsf\u00f8rer sine produkter p\u00e5 et internationalt plan, s\u00e5 ved du allerede, at erhvervs-overs\u00e6ttelsesservices er et must. Her er et par grunde til, at du ville \u00f8nsker at g\u00f8re partnerskab med det st\u00f8rste nordiske overs\u00e6ttelsesselskab:<\/p>\n<div style=\"width: 250px; margin-right: auto; margin-left: auto; text-align: left;\">\n<p style=\"text-align: left;\"><i class=\"fa fa-check-circle fa-lg\" style=\"color: #81d742;\"><\/i><strong>\u00a0 Specialiserede i Nordisk Sprog<\/strong><\/p>\n<p style=\"text-align: left;\"><i class=\"fa fa-check-circle fa-lg\" style=\"color: #81d742;\"><\/i><strong>\u00a0 H\u00f8jtuddannede overs\u00e6ttere<\/strong><\/p>\n<p style=\"text-align: left;\"><i class=\"fa fa-check-circle fa-lg\" style=\"color: #81d742;\"><\/i><strong>\u00a0 Kvalitets-overs\u00e6ttelsesservice<\/strong><\/p>\n<p style=\"text-align: left;\"><i class=\"fa fa-check-circle fa-lg\" style=\"color: #81d742;\"><\/i><strong>\u00a0 Overkommelige priser<\/strong><\/p>\n<p style=\"text-align: left;\"><i class=\"fa fa-check-circle fa-lg\" style=\"color: #81d742;\"><\/i><strong>\u00a0 Fuldtids-support<\/strong><\/p>\n<\/div>\n<p>[\/vc_column_text][\/vc_column_inner][\/vc_row_inner][vc_empty_space height=&#8221;50px&#8221;][\/vc_column][\/vc_row][vc_row rowtype=&#8221;fullw&#8221; padding=&#8221;20px 0&#8243;][vc_column][vc_empty_space][vc_custom_heading text=&#8221;Overkommeligt, og alligevel Services af h\u00f8j kvalitet&#8221; font_container=&#8221;tag:h3|text_align:center|color:%23353535&#8243; google_fonts=&#8221;font_family:Roboto%20Slab%3A100%2C300%2Cregular%2C700|font_style:400%20regular%3A400%3Anormal&#8221;][vc_empty_space][vc_separator color=&#8221;custom&#8221; border_width=&#8221;2&#8243; el_width=&#8221;10&#8243; accent_color=&#8221;#999999&#8243;][vc_empty_space][vc_column_text]<\/p>\n<p style=\"text-align: left;\">Hvis du nogensinde leder efter et erhvervs-overs\u00e6ttelsesbureau, der har hvad der skal til, for at din forretning kan h\u00f8ste fordelene af at operere p\u00e5 et bredere felt, s\u00e5 skal du ikke lede andre steder end her. Med tiden har vi ogs\u00e5 v\u00e6ret i stand til at raffinere vores platform, s\u00e5 n\u00e5r du anmoder om en overs\u00e6ttelse til forretningen, kan du v\u00e6re sikker p\u00e5 at dit arbejde vil blive h\u00e5ndteret med pr\u00e6cision.<\/p>\n<p style=\"text-align: left;\">Vi forst\u00e5r og v\u00e6rds\u00e6tter dit behov for kun at f\u00e5 den bedste service indtil videre, og det er p\u00e5 den m\u00e5de, vi p\u00e5tager os at blive ved med at forbedre vores services, s\u00e5 du kun f\u00e5r den bedste behandling. Ideelt er vi her for at hj\u00e6lpe dig med at f\u00e5 din forretning til at vokse. V\u00e6r ikke bange for forretningskontrakter p\u00e5 grund af sprogbarrierer, fordi vi er her for at h\u00e5ndtere det for dig og s\u00f8rge for, at din forretning k\u00f8rer glat.<\/p>\n<p>[\/vc_column_text][vc_empty_space][\/vc_column][\/vc_row][vc_row padding=&#8221;20px 0&#8243;][vc_column][vc_text_separator title=&#8221;Erhvervs-overs\u00e6ttelse for Nordisk Sprog&#8221; el_width=&#8221;80&#8243;][vc_empty_space][vc_custom_heading text=&#8221;H\u00f8jtuddannede, indf\u00f8dte overs\u00e6ttere med speciale i:&#8221; font_container=&#8221;tag:h3|text_align:center|color:%23353535&#8243; google_fonts=&#8221;font_family:Roboto%20Slab%3A100%2C300%2Cregular%2C700|font_style:400%20regular%3A400%3Anormal&#8221;][vc_empty_space][vc_row_inner][vc_column_inner width=&#8221;1\/4&#8243;][\/vc_column_inner][vc_column_inner width=&#8221;1\/4&#8243;][vc_column_text css_animation=&#8221;fadeInLeft&#8221;]<\/p>\n<div style=\"width: 250px; margin-right: auto; margin-left: auto; text-align: center;\">\n<p style=\"text-align: left;\"><i class=\"fa fa-check-circle fa-lg\" style=\"color: #81d742;\"><\/i><strong>\u00a0 Dansk<\/strong><\/p>\n<p style=\"text-align: left;\"><i class=\"fa fa-check-circle fa-lg\" style=\"color: #81d742;\"><\/i><strong>\u00a0 Hollandsk<\/strong><\/p>\n<p style=\"text-align: left;\"><i class=\"fa fa-check-circle fa-lg\" style=\"color: #81d742;\"><\/i><strong>\u00a0 Finsk<\/strong><\/p>\n<p style=\"text-align: left;\"><i class=\"fa fa-check-circle fa-lg\" style=\"color: #81d742;\"><\/i><strong>\u00a0 Norsk<\/strong><\/p>\n<\/div>\n<p>[\/vc_column_text][\/vc_column_inner][vc_column_inner width=&#8221;1\/4&#8243;][vc_column_text css_animation=&#8221;fadeInRight&#8221;]<\/p>\n<div style=\"width: 250px; margin-right: auto; margin-left: auto; text-align: center;\">\n<p style=\"text-align: left;\"><i class=\"fa fa-check-circle fa-lg\" style=\"color: #81d742;\"><\/i><strong> Svensk<\/strong><\/p>\n<p style=\"text-align: left;\"><i class=\"fa fa-check-circle fa-lg\" style=\"color: #81d742;\"><\/i><strong> Islandsk<\/strong><\/p>\n<p style=\"text-align: left;\"><i class=\"fa fa-check-circle fa-lg\" style=\"color: #81d742;\"><\/i><strong> Tysk<\/strong><\/p>\n<p style=\"text-align: left;\"><i class=\"fa fa-check-circle fa-lg\" style=\"color: #81d742;\"><\/i><strong> Og mange flere<\/strong><\/p>\n<\/div>\n<p>[\/vc_column_text][\/vc_column_inner][vc_column_inner width=&#8221;1\/4&#8243;][\/vc_column_inner][\/vc_row_inner][vc_empty_space height=&#8221;50&#8243;][\/vc_column][\/vc_row][vc_row type=&#8221;3&#8243; full_width_row=&#8221;true&#8221; el_class=&#8221;live-contact-btn-wrap&#8221;][vc_column][vc_cta h2=&#8221;Er du klar? Lad os komme i gang: &#8221; txt_align=&#8221;center&#8221; style=&#8221;custom&#8221; add_button=&#8221;right&#8221; btn_title=&#8221;LIVE KONTAKT&#8221; btn_style=&#8221;custom&#8221; btn_custom_background=&#8221;#ffffff&#8221; btn_custom_text=&#8221;#2a4a8f&#8221; btn_shape=&#8221;round&#8221; btn_align=&#8221;center&#8221; btn_button_block=&#8221;true&#8221; btn_custom_onclick=&#8221;true&#8221; btn_smooth_scroll=&#8221;true&#8221; el_class=&#8221;live-contact-btn&#8221; btn_link=&#8221;url:https%3A%2F%2Fwww.nordictrans.com%2Fchat-popup%2F|||&#8221;][\/vc_cta][\/vc_column][\/vc_row]<\/p>\n<\/div>","protected":false},"excerpt":{"rendered":"<p>[vc_row][vc_column][\/vc_column][\/vc_row][vc_row][vc_column][vc_raw_html]JTNDZGl2JTIwaWQlM0QlMjJzZWNvbmRfYnJlZCUyMiUyMGNsYXNzJTNEJTIyd2YtdGQlMjIlM0UlM0MlMkZkaXYlM0U=[\/vc_raw_html][\/vc_column][\/vc_row][vc_row rowtype=&#8221;fullw&#8221; textalign=&#8221;center&#8221;][vc_column][vc_empty_space][vc_column_text] Erhvervs-overs\u00e6ttelse [\/vc_column_text][vc_empty_space][vc_row_inner][vc_column_inner][vc_column_text] Der er en rigtig god grund til, at du har behov for at t\u00e6nke p\u00e5 at bruge erhvervs-overs\u00e6ttelse i dag. Det er en kendsgerning, at vi i disse dage lever i en verden, hvor forretning er g\u00e5et hele vejen rundt, og af denne grund er der en god chance for,&hellip;<\/p>\n","protected":false},"author":1,"featured_media":33323,"parent":11133,"menu_order":0,"comment_status":"closed","ping_status":"closed","template":"","meta":{"_acf_changed":false,"footnotes":""},"class_list":["post-23362","page","type-page","status-publish","has-post-thumbnail","hentry","description-off"],"acf":[],"yoast_head":"<!-- This site is optimized with the Yoast SEO Premium plugin v26.5 (Yoast SEO v26.5) - https:\/\/yoast.com\/wordpress\/plugins\/seo\/ -->\n<title>Erhvervs-overs\u00e6ttelse af dokumenter \u2013 NordicTrans<\/title>\n<meta name=\"description\" content=\"Hvis du planl\u00e6gger at ekspandere i udlandet, s\u00e5 ved du at erhvervs-overs\u00e6ttelse er et must, og vi kan g\u00f8re det for dig, til en fantastisk pris.\" \/>\n<meta name=\"robots\" content=\"index, follow, max-snippet:-1, max-image-preview:large, max-video-preview:-1\" \/>\n<link rel=\"canonical\" href=\"https:\/\/www.nordictrans.com\/da\/fokus\/erhvervs-oversaettelse\/\" \/>\n<meta property=\"og:locale\" content=\"da_DK\" \/>\n<meta property=\"og:type\" content=\"article\" \/>\n<meta property=\"og:title\" content=\"Erhvervs-overs\u00e6ttelse\" \/>\n<meta property=\"og:description\" content=\"Accurate business translation services for your documents or website are highly important and we are able to help you 24\/7 at the lowest rates one can find.\" \/>\n<meta property=\"og:url\" content=\"https:\/\/www.nordictrans.com\/da\/fokus\/erhvervs-oversaettelse\/\" \/>\n<meta property=\"og:site_name\" content=\"Nordictrans.com\" \/>\n<meta property=\"article:publisher\" content=\"https:\/\/www.facebook.com\/NordicTrans\" \/>\n<meta property=\"article:modified_time\" content=\"2020-06-30T10:01:32+00:00\" \/>\n<meta property=\"og:image\" content=\"https:\/\/www.nordictrans.com\/wp-content\/uploads\/2018\/05\/business-translation-services.png\" \/>\n\t<meta property=\"og:image:width\" content=\"1903\" \/>\n\t<meta property=\"og:image:height\" content=\"670\" \/>\n\t<meta property=\"og:image:type\" content=\"image\/png\" \/>\n<meta name=\"twitter:card\" content=\"summary_large_image\" \/>\n<meta name=\"twitter:description\" content=\"JTNDZGl2JTIwaWQlM0QlMjJzZWNvbmRfYnJlZCUyMiUyMGNsYXNzJTNEJTIyd2YtdGQlMjIlM0UlM0MlMkZkaXYlM0U= Erhvervs-overs\u00e6ttelse Der er en rigtig god grund til, at du\" \/>\n<meta name=\"twitter:site\" content=\"@NordicTrans\" \/>\n<meta name=\"twitter:label1\" content=\"Estimeret l\u00e6setid\" \/>\n\t<meta name=\"twitter:data1\" content=\"4 minutter\" \/>\n<!-- \/ Yoast SEO Premium plugin. -->","yoast_head_json":{"title":"Erhvervs-overs\u00e6ttelse af dokumenter \u2013 NordicTrans","description":"Hvis du planl\u00e6gger at ekspandere i udlandet, s\u00e5 ved du at erhvervs-overs\u00e6ttelse er et must, og vi kan g\u00f8re det for dig, til en fantastisk pris.","robots":{"index":"index","follow":"follow","max-snippet":"max-snippet:-1","max-image-preview":"max-image-preview:large","max-video-preview":"max-video-preview:-1"},"canonical":"https:\/\/www.nordictrans.com\/da\/fokus\/erhvervs-oversaettelse\/","og_locale":"da_DK","og_type":"article","og_title":"Erhvervs-overs\u00e6ttelse","og_description":"Accurate business translation services for your documents or website are highly important and we are able to help you 24\/7 at the lowest rates one can find.","og_url":"https:\/\/www.nordictrans.com\/da\/fokus\/erhvervs-oversaettelse\/","og_site_name":"Nordictrans.com","article_publisher":"https:\/\/www.facebook.com\/NordicTrans","article_modified_time":"2020-06-30T10:01:32+00:00","og_image":[{"width":1903,"height":670,"url":"https:\/\/www.nordictrans.com\/wp-content\/uploads\/2018\/05\/business-translation-services.png","type":"image\/png"}],"twitter_card":"summary_large_image","twitter_description":"JTNDZGl2JTIwaWQlM0QlMjJzZWNvbmRfYnJlZCUyMiUyMGNsYXNzJTNEJTIyd2YtdGQlMjIlM0UlM0MlMkZkaXYlM0U= Erhvervs-overs\u00e6ttelse Der er en rigtig god grund til, at du","twitter_site":"@NordicTrans","twitter_misc":{"Estimeret l\u00e6setid":"4 minutter"},"schema":{"@context":"https:\/\/schema.org","@graph":[{"@type":"WebPage","@id":"https:\/\/www.nordictrans.com\/da\/fokus\/erhvervs-oversaettelse\/","url":"https:\/\/www.nordictrans.com\/da\/fokus\/erhvervs-oversaettelse\/","name":"Erhvervs-overs\u00e6ttelse af dokumenter \u2013 NordicTrans","isPartOf":{"@id":"https:\/\/www.nordictrans.com\/da\/#website"},"primaryImageOfPage":{"@id":"https:\/\/www.nordictrans.com\/da\/fokus\/erhvervs-oversaettelse\/#primaryimage"},"image":{"@id":"https:\/\/www.nordictrans.com\/da\/fokus\/erhvervs-oversaettelse\/#primaryimage"},"thumbnailUrl":"https:\/\/www.nordictrans.com\/wp-content\/uploads\/2018\/05\/business-translation-services.png","datePublished":"2016-12-15T10:01:56+00:00","dateModified":"2020-06-30T10:01:32+00:00","description":"Hvis du planl\u00e6gger at ekspandere i udlandet, s\u00e5 ved du at erhvervs-overs\u00e6ttelse er et must, og vi kan g\u00f8re det for dig, til en fantastisk pris.","breadcrumb":{"@id":"https:\/\/www.nordictrans.com\/da\/fokus\/erhvervs-oversaettelse\/#breadcrumb"},"inLanguage":"da-DK","potentialAction":[{"@type":"ReadAction","target":["https:\/\/www.nordictrans.com\/da\/fokus\/erhvervs-oversaettelse\/"]}]},{"@type":"ImageObject","inLanguage":"da-DK","@id":"https:\/\/www.nordictrans.com\/da\/fokus\/erhvervs-oversaettelse\/#primaryimage","url":"https:\/\/www.nordictrans.com\/wp-content\/uploads\/2018\/05\/business-translation-services.png","contentUrl":"https:\/\/www.nordictrans.com\/wp-content\/uploads\/2018\/05\/business-translation-services.png","width":1903,"height":670,"caption":"business translation services"},{"@type":"BreadcrumbList","@id":"https:\/\/www.nordictrans.com\/da\/fokus\/erhvervs-oversaettelse\/#breadcrumb","itemListElement":[{"@type":"ListItem","position":1,"name":"Home","item":"https:\/\/www.nordictrans.com\/da\/"},{"@type":"ListItem","position":2,"name":"Industrielt Fokus","item":"https:\/\/www.nordictrans.com\/da\/fokus\/"},{"@type":"ListItem","position":3,"name":"Erhvervs-overs\u00e6ttelse"}]},{"@type":"WebSite","@id":"https:\/\/www.nordictrans.com\/da\/#website","url":"https:\/\/www.nordictrans.com\/da\/","name":"Nordictrans.com","description":"Translation Agency specialized in Nordic Languages","publisher":{"@id":"https:\/\/www.nordictrans.com\/da\/#organization"},"potentialAction":[{"@type":"SearchAction","target":{"@type":"EntryPoint","urlTemplate":"https:\/\/www.nordictrans.com\/da\/?s={search_term_string}"},"query-input":{"@type":"PropertyValueSpecification","valueRequired":true,"valueName":"search_term_string"}}],"inLanguage":"da-DK"},{"@type":"Organization","@id":"https:\/\/www.nordictrans.com\/da\/#organization","name":"NordicTrans","url":"https:\/\/www.nordictrans.com\/da\/","logo":{"@type":"ImageObject","inLanguage":"da-DK","@id":"https:\/\/www.nordictrans.com\/da\/#\/schema\/logo\/image\/","url":"https:\/\/www.nordictrans.com\/wp-content\/uploads\/2015\/02\/logoNT.png","contentUrl":"https:\/\/www.nordictrans.com\/wp-content\/uploads\/2015\/02\/logoNT.png","width":272,"height":92,"caption":"NordicTrans"},"image":{"@id":"https:\/\/www.nordictrans.com\/da\/#\/schema\/logo\/image\/"},"sameAs":["https:\/\/www.facebook.com\/NordicTrans","https:\/\/x.com\/NordicTrans","https:\/\/www.instagram.com\/NordictransUS","https:\/\/www.linkedin.com\/company\/nordictrans","https:\/\/www.pinterest.com\/nordictrans01","https:\/\/www.youtube.com\/c\/nordictrans"]}]}},"_links":{"self":[{"href":"https:\/\/www.nordictrans.com\/da\/wp-json\/wp\/v2\/pages\/23362","targetHints":{"allow":["GET"]}}],"collection":[{"href":"https:\/\/www.nordictrans.com\/da\/wp-json\/wp\/v2\/pages"}],"about":[{"href":"https:\/\/www.nordictrans.com\/da\/wp-json\/wp\/v2\/types\/page"}],"author":[{"embeddable":true,"href":"https:\/\/www.nordictrans.com\/da\/wp-json\/wp\/v2\/users\/1"}],"replies":[{"embeddable":true,"href":"https:\/\/www.nordictrans.com\/da\/wp-json\/wp\/v2\/comments?post=23362"}],"version-history":[{"count":5,"href":"https:\/\/www.nordictrans.com\/da\/wp-json\/wp\/v2\/pages\/23362\/revisions"}],"predecessor-version":[{"id":48972,"href":"https:\/\/www.nordictrans.com\/da\/wp-json\/wp\/v2\/pages\/23362\/revisions\/48972"}],"up":[{"embeddable":true,"href":"https:\/\/www.nordictrans.com\/da\/wp-json\/wp\/v2\/pages\/11133"}],"wp:featuredmedia":[{"embeddable":true,"href":"https:\/\/www.nordictrans.com\/da\/wp-json\/wp\/v2\/media\/33323"}],"wp:attachment":[{"href":"https:\/\/www.nordictrans.com\/da\/wp-json\/wp\/v2\/media?parent=23362"}],"curies":[{"name":"wp","href":"https:\/\/api.w.org\/{rel}","templated":true}]}}