{"id":23341,"date":"2016-12-15T09:41:46","date_gmt":"2016-12-15T09:41:46","guid":{"rendered":"http:\/\/dev.nordictrans.com\/software-lokalisering\/"},"modified":"2023-11-15T08:05:39","modified_gmt":"2023-11-15T08:05:39","slug":"software-lokalisering","status":"publish","type":"page","link":"https:\/\/www.nordictrans.com\/da\/oversaettelser\/software-lokalisering\/","title":{"rendered":"Software-lokalisering"},"content":{"rendered":"<div class=\"wpb-content-wrapper\"><p>[vc_row][vc_column]\n\t\t\t<!-- START Software Localization REVOLUTION SLIDER 6.6.16 --><p class=\"rs-p-wp-fix\"><\/p>\n\t\t\t<rs-module-wrap id=\"rev_slider_6_1_wrapper\" data-source=\"gallery\" style=\"visibility:hidden;background:transparent;padding:0;margin:0px auto;margin-top:0;margin-bottom:0;\">\n\t\t\t\t<rs-module id=\"rev_slider_6_1\" style=\"\" data-version=\"6.6.16\">\n\t\t\t\t\t<rs-slides style=\"overflow: hidden; position: absolute;\">\n\t\t\t\t\t\t<rs-slide style=\"position: absolute;\" data-key=\"rs-10\" data-title=\"Slide\" data-anim=\"adpr:false;\" data-in=\"o:0;\" data-out=\"a:false;\">\n\t\t\t\t\t\t\t<img decoding=\"async\" src=\"\/\/www.nordictrans.com\/wp-content\/plugins\/revslider\/public\/assets\/assets\/dummy.png\" alt=\"\" title=\"Software-lokalisering\" class=\"rev-slidebg tp-rs-img rs-lazyload\" data-lazyload=\"\/\/www.nordictrans.com\/wp-content\/uploads\/2018\/07\/software-localization-services.png\" data-parallax=\"15\" data-no-retina>\n<!--\n\t\t\t\t\t\t\t--><rs-layer\n\t\t\t\t\t\t\t\tid=\"slider-6-slide-10-layer-0\" \n\t\t\t\t\t\t\t\tdata-type=\"text\"\n\t\t\t\t\t\t\t\tdata-color=\"#fff\"\n\t\t\t\t\t\t\t\tdata-rsp_ch=\"on\"\n\t\t\t\t\t\t\t\tdata-xy=\"xo:341px,281px,213px,131px;yo:46px,37px,28px,17px;\"\n\t\t\t\t\t\t\t\tdata-text=\"w:normal;s:40,33,25,15;l:50,41,31,19;fw:900;\"\n\t\t\t\t\t\t\t\tdata-dim=\"minh:0px,none,none,none;\"\n\t\t\t\t\t\t\t\tdata-frame_999=\"o:0;st:w;\"\n\t\t\t\t\t\t\t\tstyle=\"z-index:5;font-family:'Roboto';text-transform:uppercase;\"\n\t\t\t\t\t\t\t>SOFTWARE LOCALIZATION \n\t\t\t\t\t\t\t<\/rs-layer><!--\n-->\t\t\t\t\t\t<\/rs-slide>\n\t\t\t\t\t<\/rs-slides>\n\t\t\t\t<\/rs-module>\n\t\t\t\t<script>\n\t\t\t\t\tsetREVStartSize({c: 'rev_slider_6_1',rl:[1240,1024,778,480],el:[655,600,500,400],gw:[1240,1024,778,480],gh:[655,600,500,400],type:'hero',justify:'',layout:'fullwidth',mh:\"0\"});if (window.RS_MODULES!==undefined && window.RS_MODULES.modules!==undefined && window.RS_MODULES.modules[\"revslider61\"]!==undefined) {window.RS_MODULES.modules[\"revslider61\"].once = false;window.revapi6 = undefined;if (window.RS_MODULES.checkMinimal!==undefined) window.RS_MODULES.checkMinimal()}\n\t\t\t\t<\/script>\n\t\t\t<\/rs-module-wrap>\n\t\t\t<!-- END REVOLUTION SLIDER -->\n[\/vc_column][\/vc_row][vc_row][vc_column][vc_raw_html]JTNDZGl2JTIwaWQlM0QlMjJzZWNvbmRfYnJlZCUyMiUyMGNsYXNzJTNEJTIyd2YtdGQlMjIlM0UlM0MlMkZkaXYlM0U=[\/vc_raw_html][\/vc_column][\/vc_row][vc_row rowtype=&#8221;fullw&#8221; textalign=&#8221;center&#8221;][vc_column][vc_empty_space][vc_column_text css_animation=&#8221;zoomIn&#8221;]<\/p>\n<h1 style=\"text-align: center; color: #2c5a85;\"><strong>Software-lokalisering<\/strong><\/h1>\n<p>[\/vc_column_text][vc_empty_space][vc_row_inner][vc_column_inner][vc_column_text css_animation=&#8221;zoomInUp&#8221;]<\/p>\n<p style=\"text-align: center;\">I dag har hver virksomhed deres egne unikke behov. Det er vigtigt at forst\u00e5, hvor software-lokalisering blandes med dine behov i denne retning. N\u00e5r du for eksempel driver en virksomhed p\u00e5 en international platform, skal du fra tid til anden bruge et firma, der udf\u00f8rer software-lokalisering. Dette er vigtigt, s\u00e5 du er i stand til at give dine kunder noget \u00e6gte, noget virkeligt at se frem til. Ved brug af disse services, kan dine kunder interagerer med dig i realtid, uden at skulle bekymre sig om noget.<\/p>\n<p style=\"text-align: center;\">For \u00f8jeblikket er der et anseeligt antal mennesker, der leder efter lokalisering p\u00e5 markedet, og ikke s\u00e5 mange, der tilbyder dette i henhold til deres behov. Hvis du nogensinde leder efter nogle af disse, skal du s\u00f8rge for, at du bruger en software-lokaliseringsvirksomhed, der er i stand til at opfylde dine behov. Du skal s\u00f8rge for, at du bruger en virksomhed, der er professionelle i alt, hvad de laver. Dette er, hvad der vil f\u00e5 dit arbejde til at skille sig ud.<\/p>\n<p>[\/vc_column_text][\/vc_column_inner][\/vc_row_inner][\/vc_column][\/vc_row][vc_row rowtype=&#8221;fullw&#8221; padding=&#8221;20px 0&#8243;][vc_column][vc_empty_space height=&#8221;70px&#8221;][vc_row_inner][vc_column_inner width=&#8221;1\/4&#8243;][vc_single_image image=&#8221;23352&#8243; img_size=&#8221;full&#8221; css_animation=&#8221;fadeInLeft&#8221;][vc_empty_space][\/vc_column_inner][vc_column_inner width=&#8221;3\/4&#8243;][vc_text_separator title=&#8221;Professionel Software-lokalisering&#8221; style=&#8221;double&#8221;][vc_empty_space][vc_column_text css_animation=&#8221;fadeInRight&#8221;]<\/p>\n<p style=\"text-align: left;\"><span lang=\"DA\">Software-lokalisering har eksisteret i nogen til, lige siden internationale softwarefirmaer fandt ud af at de kunne \u00f8ge salget, hvis de oversatte og lokaliserede deres software til specifikke markeder. Nogle gjorde et godt stykke arbejde med at lokalisere deres produkter, og lykkedes med at \u00f8ge deres salg, andre gjorde ikke.<\/span><\/p>\n<p style=\"text-align: left;\"><span lang=\"DA\">Der findes kun nogle f\u00e5 virksomheder, der kan yde perfekt lokalisering til din software eller dine apps. Der er ogs\u00e5 forskellige typer af software, der kan hj\u00e6lpe dig med at lokalisere et softwareprodukt til et specifikt marked, men resultatet er ikke det, du har brug for.<\/span><\/p>\n<p style=\"text-align: left;\"><span lang=\"DA\">NordicTrans har de bedste specialister p\u00e5 markedet og leverer lokaliserings-services af h\u00f8j kvalitet. Uanset, om du bare har en lille app eller en fuld softwarepakke, s\u00e5 kan vi levere lokalisering til dem alle.<\/span><\/p>\n<p style=\"text-align: left;\"><span lang=\"DA\">Hvordan virker det? For at sige det enkelt, s\u00e5 vil vores specialister f\u00f8rst udtr\u00e6kke det, der skal overs\u00e6ttes, og sende det til vores overs\u00e6ttere. N\u00e5r overs\u00e6ttelsen er udf\u00f8rt, vil de l\u00e6gge det tilbage i dit produkt. Til slut bliver b\u00e5de front-enden og back-enden af dit produkt oversat og tilpasset til kulturelle og tekniske krav p\u00e5 det p\u00e5t\u00e6nkte marked. Dit software gennemg\u00e5r s\u00e5 en streng testproces for at sikre, at produktet er perfekt.<\/span><\/p>\n<p>[\/vc_column_text][\/vc_column_inner][\/vc_row_inner][vc_empty_space][\/vc_column][\/vc_row][vc_row type=&#8221;vc_default&#8221; bg_type=&#8221;bg_color&#8221; bg_override=&#8221;full&#8221; rowtype=&#8221;fullw&#8221; padding=&#8221;20px 0&#8243; css=&#8221;.vc_custom_1478765602542{padding-top: 20px !important;padding-right: 0px !important;padding-bottom: 20px !important;padding-left: 0px !important;}&#8221; bg_color_value=&#8221;#ebebeb&#8221;][vc_column][vc_empty_space][vc_custom_heading text=&#8221;Fejl i software-lokalisering giver d\u00e5rlige resultater&#8221; font_container=&#8221;tag:h2|text_align:center|color:%232c5a85&#8243; google_fonts=&#8221;font_family:Roboto%3A100%2C100italic%2C300%2C300italic%2Cregular%2Citalic%2C500%2C500italic%2C700%2C700italic%2C900%2C900italic|font_style:400%20regular%3A400%3Anormal&#8221;][vc_empty_space][vc_separator color=&#8221;custom&#8221; border_width=&#8221;5&#8243; el_width=&#8221;10&#8243; accent_color=&#8221;#999999&#8243;][vc_empty_space][vc_column_text css_animation=&#8221;zoomIn&#8221;]<\/p>\n<p style=\"text-align: center;\">N\u00e5r det drejer sig om serviceleveringer, specielt hvad ang\u00e5r online-forretning, er dit behov for at f\u00e5 en virkelig god software-lokalisering ikke noget, du kan tage for givet. Det er af yderste vigtighed for dig at s\u00f8rge for, at du kun samarbejder med de bedste i branchen, s\u00e5 du har en bedre chance for succes. En enkelt fejltagelse kan have katastrofale f\u00f8lger, da dine brugere vil stille sp\u00f8rgsm\u00e5lstegn ved dit produkts kvalitet og lede efter alternativer.<\/p>\n<p style=\"text-align: center;\">Vi tilbyder nogle af de bedste teams, hvad ang\u00e5r lokaliseringsservices for \u00f8jeblikket. Alt du har brug for er tilg\u00e6ngelig lige her. Der er s\u00e5 meget, du skal s\u00f8rge for at g\u00f8re, s\u00e5 du f\u00e5r den bedste mulighed for at profitere af dette. Dog er det af h\u00f8jeste vigtighed at s\u00f8rge for, at du har en liste over de ting, du har brug for, korrekt adresseret, og deler den med os. Derfra vil vi v\u00e6re i stand til at g\u00e5 direkte i gang og klarg\u00f8re alt p\u00e5 den m\u00e5de, du har behov for, s\u00e5 du er i stand til at k\u00f8re din forretning effektivt.<\/p>\n<p>[\/vc_column_text][vc_empty_space height=&#8221;50px&#8221;][\/vc_column][\/vc_row][vc_row rowtype=&#8221;fullw&#8221; padding=&#8221;20px 0&#8243;][vc_column][vc_empty_space][vc_custom_heading text=&#8221;Hvis du har brug for software-lokalisering af h\u00f8j kvalitet, s\u00e5 kontakt os i dag&#8221; font_container=&#8221;tag:h2|text_align:center|color:%232c5a85&#8243; google_fonts=&#8221;font_family:Roboto%3A100%2C100italic%2C300%2C300italic%2Cregular%2Citalic%2C500%2C500italic%2C700%2C700italic%2C900%2C900italic|font_style:400%20regular%3A400%3Anormal&#8221;][vc_empty_space][vc_column_text css_animation=&#8221;zoomInUp&#8221;]<\/p>\n<p style=\"text-align: center;\">Vi arbejde 24 timer om dagen, 7 dage om ugen. At bede om et tilbud, eller om flere detaljer, er nemt, og kan g\u00f8re over telefonen, p\u00e5 e.mail eller p\u00e5 live chat. Vores projektledere er altid online!<\/p>\n<p>[\/vc_column_text][vc_empty_space height=&#8221;50px&#8221;][\/vc_column][\/vc_row][vc_row type=&#8221;3&#8243; margin_bottom=&#8221;0px&#8221; full_width_row=&#8221;true&#8221; rowtype=&#8221;fullw&#8221; textalign=&#8221;center&#8221; padding=&#8221;30px 0px&#8221; css=&#8221;.vc_custom_1479125373281{margin-bottom: 0px !important;padding-top: 30px !important;padding-right: 0px !important;padding-bottom: 30px !important;padding-left: 0px !important;}&#8221; el_class=&#8221;live-contact-btn-wrap&#8221;][vc_column][vc_cta h2=&#8221;Er du klar? Lad os komme i gang:&#8221; add_button=&#8221;right&#8221; btn_title=&#8221;LIVE KONTAKT&#8221; btn_style=&#8221;custom&#8221; btn_custom_background=&#8221;#ffffff&#8221; btn_custom_text=&#8221;#2a4a8f&#8221; btn_shape=&#8221;round&#8221; btn_align=&#8221;center&#8221; btn_custom_onclick=&#8221;true&#8221; btn_smooth_scroll=&#8221;true&#8221; btn_link=&#8221;url:https%3A%2F%2Fwww.nordictrans.com%2Fchat-popup%2F|||&#8221; el_class=&#8221;live-contact-btn&#8221;][\/vc_cta][\/vc_column][\/vc_row]<\/p>\n<\/div>","protected":false},"excerpt":{"rendered":"<p>[vc_row][vc_column][\/vc_column][\/vc_row][vc_row][vc_column][vc_raw_html]JTNDZGl2JTIwaWQlM0QlMjJzZWNvbmRfYnJlZCUyMiUyMGNsYXNzJTNEJTIyd2YtdGQlMjIlM0UlM0MlMkZkaXYlM0U=[\/vc_raw_html][\/vc_column][\/vc_row][vc_row rowtype=&#8221;fullw&#8221; textalign=&#8221;center&#8221;][vc_column][vc_empty_space][vc_column_text css_animation=&#8221;zoomIn&#8221;] Software-lokalisering [\/vc_column_text][vc_empty_space][vc_row_inner][vc_column_inner][vc_column_text css_animation=&#8221;zoomInUp&#8221;] I dag har hver virksomhed deres egne unikke behov. Det er vigtigt at forst\u00e5, hvor software-lokalisering blandes med dine behov i denne retning. N\u00e5r du for eksempel driver en virksomhed p\u00e5 en international platform, skal du fra tid til anden bruge et firma, der udf\u00f8rer software-lokalisering. Dette er&hellip;<\/p>\n","protected":false},"author":1,"featured_media":34625,"parent":23271,"menu_order":0,"comment_status":"closed","ping_status":"closed","template":"","meta":{"_acf_changed":false,"footnotes":""},"class_list":["post-23341","page","type-page","status-publish","has-post-thumbnail","hentry","description-off"],"acf":[],"yoast_head":"<!-- This site is optimized with the Yoast SEO Premium plugin v26.5 (Yoast SEO v26.5) - https:\/\/yoast.com\/wordpress\/plugins\/seo\/ -->\n<title>P\u00e5lidelig software-lokalisering af h\u00f8j kvalitet 24\/7 \u2013 NordicTrans<\/title>\n<meta name=\"description\" content=\"Swift and reliable certified translation services. Get your documents translated quickly without compromising on accuracy. Fast and certified\" \/>\n<meta name=\"robots\" content=\"index, follow, max-snippet:-1, max-image-preview:large, max-video-preview:-1\" \/>\n<link rel=\"canonical\" href=\"https:\/\/www.nordictrans.com\/da\/oversaettelser\/software-lokalisering\/\" \/>\n<meta property=\"og:locale\" content=\"da_DK\" \/>\n<meta property=\"og:type\" content=\"article\" \/>\n<meta property=\"og:title\" content=\"Software Localization Services Company | NordicTrans\" \/>\n<meta property=\"og:description\" content=\"NordicTrans is a company which provides high quality software localization services, if you have a small app or a full software suite, we can do it.\" \/>\n<meta property=\"og:url\" content=\"https:\/\/www.nordictrans.com\/da\/oversaettelser\/software-lokalisering\/\" \/>\n<meta property=\"og:site_name\" content=\"Nordictrans.com\" \/>\n<meta property=\"article:publisher\" content=\"https:\/\/www.facebook.com\/NordicTrans\" \/>\n<meta property=\"article:modified_time\" content=\"2023-11-15T08:05:39+00:00\" \/>\n<meta property=\"og:image\" content=\"https:\/\/www.nordictrans.com\/wp-content\/uploads\/2018\/07\/software-localization-services.png\" \/>\n\t<meta property=\"og:image:width\" content=\"1903\" \/>\n\t<meta property=\"og:image:height\" content=\"670\" \/>\n\t<meta property=\"og:image:type\" content=\"image\/png\" \/>\n<meta name=\"twitter:card\" content=\"summary_large_image\" \/>\n<meta name=\"twitter:title\" content=\"Software Localization Services Company | NordicTrans\" \/>\n<meta name=\"twitter:description\" content=\"Software localization services are providing by Nordictrans Company. If you have a small app or a full software suite, we can do it.\" \/>\n<meta name=\"twitter:site\" content=\"@NordicTrans\" \/>\n<meta name=\"twitter:label1\" content=\"Estimeret l\u00e6setid\" \/>\n\t<meta name=\"twitter:data1\" content=\"4 minutter\" \/>\n<!-- \/ Yoast SEO Premium plugin. -->","yoast_head_json":{"title":"P\u00e5lidelig software-lokalisering af h\u00f8j kvalitet 24\/7 \u2013 NordicTrans","description":"Swift and reliable certified translation services. Get your documents translated quickly without compromising on accuracy. Fast and certified","robots":{"index":"index","follow":"follow","max-snippet":"max-snippet:-1","max-image-preview":"max-image-preview:large","max-video-preview":"max-video-preview:-1"},"canonical":"https:\/\/www.nordictrans.com\/da\/oversaettelser\/software-lokalisering\/","og_locale":"da_DK","og_type":"article","og_title":"Software Localization Services Company | NordicTrans","og_description":"NordicTrans is a company which provides high quality software localization services, if you have a small app or a full software suite, we can do it.","og_url":"https:\/\/www.nordictrans.com\/da\/oversaettelser\/software-lokalisering\/","og_site_name":"Nordictrans.com","article_publisher":"https:\/\/www.facebook.com\/NordicTrans","article_modified_time":"2023-11-15T08:05:39+00:00","og_image":[{"width":1903,"height":670,"url":"https:\/\/www.nordictrans.com\/wp-content\/uploads\/2018\/07\/software-localization-services.png","type":"image\/png"}],"twitter_card":"summary_large_image","twitter_title":"Software Localization Services Company | NordicTrans","twitter_description":"Software localization services are providing by Nordictrans Company. If you have a small app or a full software suite, we can do it.","twitter_site":"@NordicTrans","twitter_misc":{"Estimeret l\u00e6setid":"4 minutter"},"schema":{"@context":"https:\/\/schema.org","@graph":[{"@type":"WebPage","@id":"https:\/\/www.nordictrans.com\/da\/oversaettelser\/software-lokalisering\/","url":"https:\/\/www.nordictrans.com\/da\/oversaettelser\/software-lokalisering\/","name":"P\u00e5lidelig software-lokalisering af h\u00f8j kvalitet 24\/7 \u2013 NordicTrans","isPartOf":{"@id":"https:\/\/www.nordictrans.com\/da\/#website"},"primaryImageOfPage":{"@id":"https:\/\/www.nordictrans.com\/da\/oversaettelser\/software-lokalisering\/#primaryimage"},"image":{"@id":"https:\/\/www.nordictrans.com\/da\/oversaettelser\/software-lokalisering\/#primaryimage"},"thumbnailUrl":"https:\/\/www.nordictrans.com\/wp-content\/uploads\/2018\/07\/software-localization-services.png","datePublished":"2016-12-15T09:41:46+00:00","dateModified":"2023-11-15T08:05:39+00:00","description":"Swift and reliable certified translation services. Get your documents translated quickly without compromising on accuracy. Fast and certified","breadcrumb":{"@id":"https:\/\/www.nordictrans.com\/da\/oversaettelser\/software-lokalisering\/#breadcrumb"},"inLanguage":"da-DK","potentialAction":[{"@type":"ReadAction","target":["https:\/\/www.nordictrans.com\/da\/oversaettelser\/software-lokalisering\/"]}]},{"@type":"ImageObject","inLanguage":"da-DK","@id":"https:\/\/www.nordictrans.com\/da\/oversaettelser\/software-lokalisering\/#primaryimage","url":"https:\/\/www.nordictrans.com\/wp-content\/uploads\/2018\/07\/software-localization-services.png","contentUrl":"https:\/\/www.nordictrans.com\/wp-content\/uploads\/2018\/07\/software-localization-services.png","width":1903,"height":670,"caption":"Software Localization Services"},{"@type":"BreadcrumbList","@id":"https:\/\/www.nordictrans.com\/da\/oversaettelser\/software-lokalisering\/#breadcrumb","itemListElement":[{"@type":"ListItem","position":1,"name":"Home","item":"https:\/\/www.nordictrans.com\/da\/"},{"@type":"ListItem","position":2,"name":"Overs\u00e6ttelser","item":"https:\/\/www.nordictrans.com\/da\/oversaettelser\/"},{"@type":"ListItem","position":3,"name":"Software-lokalisering"}]},{"@type":"WebSite","@id":"https:\/\/www.nordictrans.com\/da\/#website","url":"https:\/\/www.nordictrans.com\/da\/","name":"Nordictrans.com","description":"Translation Agency specialized in Nordic Languages","publisher":{"@id":"https:\/\/www.nordictrans.com\/da\/#organization"},"potentialAction":[{"@type":"SearchAction","target":{"@type":"EntryPoint","urlTemplate":"https:\/\/www.nordictrans.com\/da\/?s={search_term_string}"},"query-input":{"@type":"PropertyValueSpecification","valueRequired":true,"valueName":"search_term_string"}}],"inLanguage":"da-DK"},{"@type":"Organization","@id":"https:\/\/www.nordictrans.com\/da\/#organization","name":"NordicTrans","url":"https:\/\/www.nordictrans.com\/da\/","logo":{"@type":"ImageObject","inLanguage":"da-DK","@id":"https:\/\/www.nordictrans.com\/da\/#\/schema\/logo\/image\/","url":"https:\/\/www.nordictrans.com\/wp-content\/uploads\/2015\/02\/logoNT.png","contentUrl":"https:\/\/www.nordictrans.com\/wp-content\/uploads\/2015\/02\/logoNT.png","width":272,"height":92,"caption":"NordicTrans"},"image":{"@id":"https:\/\/www.nordictrans.com\/da\/#\/schema\/logo\/image\/"},"sameAs":["https:\/\/www.facebook.com\/NordicTrans","https:\/\/x.com\/NordicTrans","https:\/\/www.instagram.com\/NordictransUS","https:\/\/www.linkedin.com\/company\/nordictrans","https:\/\/www.pinterest.com\/nordictrans01","https:\/\/www.youtube.com\/c\/nordictrans"]}]}},"_links":{"self":[{"href":"https:\/\/www.nordictrans.com\/da\/wp-json\/wp\/v2\/pages\/23341","targetHints":{"allow":["GET"]}}],"collection":[{"href":"https:\/\/www.nordictrans.com\/da\/wp-json\/wp\/v2\/pages"}],"about":[{"href":"https:\/\/www.nordictrans.com\/da\/wp-json\/wp\/v2\/types\/page"}],"author":[{"embeddable":true,"href":"https:\/\/www.nordictrans.com\/da\/wp-json\/wp\/v2\/users\/1"}],"replies":[{"embeddable":true,"href":"https:\/\/www.nordictrans.com\/da\/wp-json\/wp\/v2\/comments?post=23341"}],"version-history":[{"count":5,"href":"https:\/\/www.nordictrans.com\/da\/wp-json\/wp\/v2\/pages\/23341\/revisions"}],"predecessor-version":[{"id":62764,"href":"https:\/\/www.nordictrans.com\/da\/wp-json\/wp\/v2\/pages\/23341\/revisions\/62764"}],"up":[{"embeddable":true,"href":"https:\/\/www.nordictrans.com\/da\/wp-json\/wp\/v2\/pages\/23271"}],"wp:featuredmedia":[{"embeddable":true,"href":"https:\/\/www.nordictrans.com\/da\/wp-json\/wp\/v2\/media\/34625"}],"wp:attachment":[{"href":"https:\/\/www.nordictrans.com\/da\/wp-json\/wp\/v2\/media?parent=23341"}],"curies":[{"name":"wp","href":"https:\/\/api.w.org\/{rel}","templated":true}]}}