{"id":23318,"date":"2016-12-15T08:27:22","date_gmt":"2016-12-15T08:27:22","guid":{"rendered":"http:\/\/dev.nordictrans.com\/dokument-oversaettelser\/"},"modified":"2018-02-08T13:57:09","modified_gmt":"2018-02-08T13:57:09","slug":"dokument-oversaettelser","status":"publish","type":"page","link":"https:\/\/www.nordictrans.com\/da\/oversaettelser\/dokument-oversaettelser\/","title":{"rendered":"Dokument-overs\u00e6ttelser"},"content":{"rendered":"<div class=\"wpb-content-wrapper\"><p>[vc_row][vc_column]\n\t\t\t<!-- START Document Translation REVOLUTION SLIDER 6.6.16 --><p class=\"rs-p-wp-fix\"><\/p>\n\t\t\t<rs-module-wrap id=\"rev_slider_4_1_wrapper\" data-source=\"gallery\" style=\"visibility:hidden;background:transparent;padding:0;margin:0px auto;margin-top:0;margin-bottom:0;\">\n\t\t\t\t<rs-module id=\"rev_slider_4_1\" style=\"\" data-version=\"6.6.16\">\n\t\t\t\t\t<rs-slides style=\"overflow: hidden; position: absolute;\">\n\t\t\t\t\t\t<rs-slide style=\"position: absolute;\" data-key=\"rs-57\" data-title=\"Slide\" data-anim=\"adpr:false;\">\n\t\t\t\t\t\t\t<img decoding=\"async\" src=\"\/\/www.nordictrans.com\/wp-content\/plugins\/revslider\/public\/assets\/assets\/dummy.png\" alt=\"document-translation-2200x1440\" title=\"document-translation-2200&#215;1440\" width=\"1903\" height=\"670\" class=\"rev-slidebg tp-rs-img rs-lazyload\" data-lazyload=\"\/\/www.nordictrans.com\/wp-content\/uploads\/2016\/02\/document-translation-2200x1440-1-1903x670.jpg\" data-parallax=\"15\" data-no-retina>\n<!--\n\t\t\t\t\t\t\t--><rs-layer\n\t\t\t\t\t\t\t\tid=\"slider-4-slide-57-layer-1\" \n\t\t\t\t\t\t\t\tdata-type=\"text\"\n\t\t\t\t\t\t\t\tdata-color=\"rgba(153,153,153,1)\"\n\t\t\t\t\t\t\t\tdata-rsp_ch=\"on\"\n\t\t\t\t\t\t\t\tdata-xy=\"xo:55px,43px,28px,25px;yo:273px,245px,202px,177px;\"\n\t\t\t\t\t\t\t\tdata-text=\"s:50,60,40,30;l:50,60,40,30;fw:700;a:inherit;\"\n\t\t\t\t\t\t\t\tdata-frame_0=\"tp:600;\"\n\t\t\t\t\t\t\t\tdata-frame_1=\"tp:600;st:0;\"\n\t\t\t\t\t\t\t\tdata-frame_999=\"o:0;tp:600;st:w;sR:8699.99969482;\"\n\t\t\t\t\t\t\t\tstyle=\"z-index:5;font-family:'Open Sans';opacity:0.6;\"\n\t\t\t\t\t\t\t>\nDOKUMENT<br\/>\nOVERS\u00c6TTELSER \n\t\t\t\t\t\t\t<\/rs-layer><!--\n-->\t\t\t\t\t\t<\/rs-slide>\n\t\t\t\t\t<\/rs-slides>\n\t\t\t\t<\/rs-module>\n\t\t\t\t<script>\n\t\t\t\t\tsetREVStartSize({c: 'rev_slider_4_1',rl:[1240,1024,778,480],el:[655,600,500,400],gw:[1240,1024,778,480],gh:[655,600,500,400],type:'hero',justify:'',layout:'fullwidth',mh:\"0\"});if (window.RS_MODULES!==undefined && window.RS_MODULES.modules!==undefined && window.RS_MODULES.modules[\"revslider41\"]!==undefined) {window.RS_MODULES.modules[\"revslider41\"].once = false;window.revapi4 = undefined;if (window.RS_MODULES.checkMinimal!==undefined) window.RS_MODULES.checkMinimal()}\n\t\t\t\t<\/script>\n\t\t\t<\/rs-module-wrap>\n\t\t\t<!-- END REVOLUTION SLIDER -->\n[\/vc_column][\/vc_row][vc_row][vc_column][vc_raw_html]JTNDZGl2JTIwaWQlM0QlMjJzZWNvbmRfYnJlZCUyMiUyMGNsYXNzJTNEJTIyd2YtdGQlMjIlM0UlM0MlMkZkaXYlM0U=[\/vc_raw_html][\/vc_column][\/vc_row][vc_row rowtype=&#8221;fullw&#8221; textalign=&#8221;center&#8221;][vc_column][vc_empty_space][vc_column_text css_animation=&#8221;zoomIn&#8221;]<\/p>\n<h1 style=\"text-align: center; color: #2c5a85;\"><strong>Dokument-overs\u00e6ttelser<\/strong><\/h1>\n<p>[\/vc_column_text][vc_empty_space][vc_row_inner][vc_column_inner][vc_column_text]<\/p>\n<p style=\"text-align: center;\">Hver anden gang vi m\u00f8der folk, skal de have deres dokumenter oversat fra et andet sprog. Dette er noget, der virkelig giver mening i betragtning af, at forretning stort set er kommet hele vejen rundt i fortiden. <strong>Behovet for overs\u00e6ttelser af forretnings- eller juridiske dokumenter er specielt nyttige<\/strong> og vigtige, hvis man tager de ting, du kan f\u00e5 gjort, n\u00e5r du f\u00f8lger dette i betragtning. Der er visse ting, du skal huske, n\u00e5r du s\u00f8ger at f\u00e5 det bedste ud af den dokument-overs\u00e6ttelse, vi tilbyder.<\/p>\n<p>[\/vc_column_text][\/vc_column_inner][\/vc_row_inner][\/vc_column][\/vc_row][vc_row rowtype=&#8221;fullw&#8221; padding=&#8221;20px 0&#8243;][vc_column][vc_empty_space height=&#8221;70px&#8221;][vc_row_inner][vc_column_inner width=&#8221;1\/2&#8243;][vc_single_image image=&#8221;9894&#8243; img_size=&#8221;full&#8221; css_animation=&#8221;fadeInLeft&#8221;][vc_empty_space][\/vc_column_inner][vc_column_inner width=&#8221;1\/2&#8243;][vc_text_separator title=&#8221;Professionel dokument-overs\u00e6ttelse&#8221; style=&#8221;double&#8221;][vc_empty_space][vc_column_text css_animation=&#8221;fadeInRight&#8221;]NordicTrans leverer kvalitets-overs\u00e6ttelser af dokumenter, uanset typen. Vi har specialiserede sprogfolk p\u00e5 stort set alle felter, og vi vil n\u00f8je udv\u00e6lge overs\u00e6tteren, baseret p\u00e5 hans ekspertise i den branche dokumentet omhandler. Hos os vil du aldrig se en medicinsk overs\u00e6tter arbejde p\u00e5 et forretningsdokument!<\/p>\n<p>Vi leverer dokumentovers\u00e6ttelse p\u00e5 f\u00f8lgende omr\u00e5der:<\/p>\n<p style=\"text-align: center;\"><strong>Forretnings-overs\u00e6ttelser<\/strong><\/p>\n<p style=\"text-align: center;\"><strong>Tekniske overs\u00e6ttelser<\/strong><\/p>\n<p style=\"text-align: center;\"><strong>Medicinske Overs\u00e6ttelser<\/strong><\/p>\n<p style=\"text-align: center;\"><strong>Juridiske Overs\u00e6ttelser<\/strong><\/p>\n<p style=\"text-align: center;\"><strong>Certificerede Overs\u00e6ttelser<\/strong><\/p>\n<p style=\"text-align: center;\"><strong>Notariserede Overs\u00e6ttelser<\/strong><\/p>\n<p style=\"text-align: center;\"><strong>og mange flere<\/strong><\/p>\n<p>[\/vc_column_text][\/vc_column_inner][\/vc_row_inner][vc_empty_space][\/vc_column][\/vc_row][vc_row type=&#8221;vc_default&#8221; bg_type=&#8221;bg_color&#8221; bg_override=&#8221;full&#8221; rowtype=&#8221;fullw&#8221; padding=&#8221;20px 0&#8243; css=&#8221;.vc_custom_1478765602542{padding-top: 20px !important;padding-right: 0px !important;padding-bottom: 20px !important;padding-left: 0px !important;}&#8221; bg_color_value=&#8221;#ebebeb&#8221;][vc_column][vc_empty_space][vc_custom_heading text=&#8221;Du ved pr\u00e6cist, hvad du betaler for&#8221; font_container=&#8221;tag:h2|text_align:center|color:%232c5a85&#8243; google_fonts=&#8221;font_family:Roboto%3A100%2C100italic%2C300%2C300italic%2Cregular%2Citalic%2C500%2C500italic%2C700%2C700italic%2C900%2C900italic|font_style:400%20regular%3A400%3Anormal&#8221;][vc_empty_space][vc_separator color=&#8221;custom&#8221; border_width=&#8221;5&#8243; el_width=&#8221;10&#8243; accent_color=&#8221;#999999&#8243;][vc_empty_space][vc_column_text css_animation=&#8221;zoomIn&#8221;]<\/p>\n<p style=\"text-align: center; background: #EBEBEB;\" align=\"center\"><span lang=\"DA\">Vi bruger en masse ekstra tid og l\u00e6gger anstrengelse i, n\u00e5r vi fors\u00f8ger at give dig det bedste resultat, og det er derfor vi ofte har dr\u00f8ftelser med vores klienter. Vores koncept er at s\u00f8rge for, mens vi tilbyder dig vores dokument-overs\u00e6ttelser, at du ogs\u00e5 er i stand til at forst\u00e5 de n\u00f8dvendige begr\u00e6nsninger i den type arbejde, vi udf\u00f8rer for dig. Dette handler ikke kun om at skaffe dig de services, du leder efter, det handler ogs\u00e5 om at s\u00f8rge for, at du forst\u00e5r og v\u00e6rds\u00e6tter det arbejde, vi udf\u00f8rer.<\/span><\/p>\n<p style=\"text-align: center; background: #EBEBEB;\" align=\"center\"><span lang=\"DA\">Det handler ogs\u00e5 om at tilse, at vi arbejder sammen og at du ved, hvad du betaler for. N\u00e5r du ser p\u00e5 det tilbud, vi diskuterer og sender til dig om den dokument-overs\u00e6ttelse. vi udf\u00f8rer for dig, er det vores forventning, at du vil forst\u00e5 indholde, og v\u00e6rds\u00e6tter hvorfor og hvad du betaler for. Dette g\u00f8r vi, ved at v\u00e6re s\u00e5 \u00e5bne og retf\u00e6rdige som muligt. Vores erfaring fort\u00e6ller os, at det altid er en god ide for klienten at vide pr\u00e6cist, hvad de faktureres for, og hvorfor. Dette g\u00e6lder ogs\u00e5, n\u00e5r det drejer sig om at hj\u00e6lpe dig med at forst\u00e5 dit behov, s\u00e5 du kan anvende den service, vi tilbyder og hvorfor vi er de bedste i branchen indtil nu.<\/span><\/p>\n<p style=\"text-align: center; background: #EBEBEB;\" align=\"center\"><span lang=\"DA\">Vi kan dog garantere dig en ting, og det er det faktum, at der ikke er noget, der er s\u00e5 sv\u00e6rt, at vi ikke kan h\u00e5ndtere det. N\u00e5r du giver os noget arbejde, der skal udf\u00f8res, vil vi s\u00f8rge for, at vi leverer det s\u00e5 perfekt, som vi kan.<\/span><\/p>\n<p>[\/vc_column_text][vc_empty_space height=&#8221;50px&#8221;][\/vc_column][\/vc_row][vc_row rowtype=&#8221;fullw&#8221; padding=&#8221;20px 0&#8243;][vc_column][vc_empty_space][vc_custom_heading text=&#8221;Dokument-overs\u00e6ttelse for stort set ethvert sprog&#8221; font_container=&#8221;tag:h2|text_align:center|color:%232c5a85&#8243; google_fonts=&#8221;font_family:Roboto%3A100%2C100italic%2C300%2C300italic%2Cregular%2Citalic%2C500%2C500italic%2C700%2C700italic%2C900%2C900italic|font_style:400%20regular%3A400%3Anormal&#8221;][vc_empty_space height=&#8221;20px&#8221;][vc_text_separator title=&#8221;Her er et par af vores st\u00e6rke sider:&#8221; el_width=&#8221;60&#8243;][vc_empty_space][vc_column_text css_animation=&#8221;zoomInUp&#8221;]<\/p>\n<p style=\"text-align: center;\"><strong>Hver sprogkombination<\/strong><\/p>\n<p style=\"text-align: center;\"><strong>Kvalitets-service<\/strong><\/p>\n<p style=\"text-align: center;\"><strong>Indf\u00f8dte overs\u00e6ttere<\/strong><\/p>\n<p style=\"text-align: center;\"><strong>Ekstra korrekturl\u00e6sning<\/strong><\/p>\n<p style=\"text-align: center;\"><strong>Hurtig behandling<\/strong><\/p>\n<p style=\"text-align: center;\"><strong>Overkommelige priser<\/strong><\/p>\n<p style=\"text-align: center;\"><strong>Tilg\u00e6ngelige 24\/7<\/strong><\/p>\n<p>[\/vc_column_text][vc_empty_space height=&#8221;50px&#8221;][\/vc_column][\/vc_row][vc_row type=&#8221;3&#8243; margin_bottom=&#8221;0px&#8221; full_width_row=&#8221;true&#8221; rowtype=&#8221;fullw&#8221; textalign=&#8221;center&#8221; padding=&#8221;30px 0px&#8221; css=&#8221;.vc_custom_1479125193731{margin-bottom: 0px !important;padding-top: 30px !important;padding-right: 0px !important;padding-bottom: 30px !important;padding-left: 0px !important;}&#8221; el_class=&#8221;live-contact-btn-wrap&#8221;][vc_column][vc_cta h2=&#8221;Er du klar? Lad os komme i gang: &#8221; add_button=&#8221;right&#8221; btn_title=&#8221;LIVE KONTAKT&#8221; btn_style=&#8221;custom&#8221; btn_custom_background=&#8221;#ffffff&#8221; btn_custom_text=&#8221;#2a4a8f&#8221; btn_shape=&#8221;round&#8221; btn_align=&#8221;center&#8221; btn_custom_onclick=&#8221;true&#8221; btn_smooth_scroll=&#8221;true&#8221; btn_link=&#8221;url:https%3A%2F%2Fwww.nordictrans.com%2Fchat-popup%2F|||&#8221; el_class=&#8221;live-contact-btn&#8221;][\/vc_cta][\/vc_column][\/vc_row]<\/p>\n<\/div>","protected":false},"excerpt":{"rendered":"<p>[vc_row][vc_column][\/vc_column][\/vc_row][vc_row][vc_column][vc_raw_html]JTNDZGl2JTIwaWQlM0QlMjJzZWNvbmRfYnJlZCUyMiUyMGNsYXNzJTNEJTIyd2YtdGQlMjIlM0UlM0MlMkZkaXYlM0U=[\/vc_raw_html][\/vc_column][\/vc_row][vc_row rowtype=&#8221;fullw&#8221; textalign=&#8221;center&#8221;][vc_column][vc_empty_space][vc_column_text css_animation=&#8221;zoomIn&#8221;] Dokument-overs\u00e6ttelser [\/vc_column_text][vc_empty_space][vc_row_inner][vc_column_inner][vc_column_text] Hver anden gang vi m\u00f8der folk, skal de have deres dokumenter oversat fra et andet sprog. Dette er noget, der virkelig giver mening i betragtning af, at forretning stort set er kommet hele vejen rundt i fortiden. Behovet for overs\u00e6ttelser af forretnings- eller juridiske dokumenter er specielt nyttige og&hellip;<\/p>\n","protected":false},"author":1,"featured_media":31774,"parent":23271,"menu_order":0,"comment_status":"closed","ping_status":"closed","template":"","meta":{"_acf_changed":false,"footnotes":""},"class_list":["post-23318","page","type-page","status-publish","has-post-thumbnail","hentry","description-off"],"acf":[],"yoast_head":"<!-- This site is optimized with the Yoast SEO Premium plugin v26.5 (Yoast SEO v26.5) - https:\/\/yoast.com\/wordpress\/plugins\/seo\/ -->\n<title>Dokument-overs\u00e6ttelser - hurtig behandling - NordicTrans<\/title>\n<meta name=\"description\" content=\"Behovet for forretnings- eller juridiske dokument-overs\u00e6ttelser er specielt nyttigt og vigtigt, og vi leverer lige pr\u00e6cist det, til overkommelige priser.\" \/>\n<meta name=\"robots\" content=\"index, follow, max-snippet:-1, max-image-preview:large, max-video-preview:-1\" \/>\n<link rel=\"canonical\" href=\"https:\/\/www.nordictrans.com\/da\/oversaettelser\/dokument-oversaettelser\/\" \/>\n<meta property=\"og:locale\" content=\"da_DK\" \/>\n<meta property=\"og:type\" content=\"article\" \/>\n<meta property=\"og:title\" content=\"Dokument-overs\u00e6ttelser\" \/>\n<meta property=\"og:description\" content=\"The need for business or legal document translation services is particularly useful and important, and we are providing just that at affordable rates.\" \/>\n<meta property=\"og:url\" content=\"https:\/\/www.nordictrans.com\/da\/oversaettelser\/dokument-oversaettelser\/\" \/>\n<meta property=\"og:site_name\" content=\"Nordictrans.com\" \/>\n<meta property=\"article:publisher\" content=\"https:\/\/www.facebook.com\/NordicTrans\" \/>\n<meta property=\"article:modified_time\" content=\"2018-02-08T13:57:09+00:00\" \/>\n<meta property=\"og:image\" content=\"https:\/\/www.nordictrans.com\/wp-content\/uploads\/2018\/04\/document-translation-services.png\" \/>\n\t<meta property=\"og:image:width\" content=\"1903\" \/>\n\t<meta property=\"og:image:height\" content=\"670\" \/>\n\t<meta property=\"og:image:type\" content=\"image\/png\" \/>\n<meta name=\"twitter:card\" content=\"summary_large_image\" \/>\n<meta name=\"twitter:title\" content=\"Document Translation Services - High Quality &amp; Fast Turnaround\" \/>\n<meta name=\"twitter:description\" content=\"No matter if you need business or legal document translation services we are able to provide highly accurate translations for any language at low rates.\" \/>\n<meta name=\"twitter:site\" content=\"@NordicTrans\" \/>\n<meta name=\"twitter:label1\" content=\"Estimeret l\u00e6setid\" \/>\n\t<meta name=\"twitter:data1\" content=\"5 minutter\" \/>\n<!-- \/ Yoast SEO Premium plugin. -->","yoast_head_json":{"title":"Dokument-overs\u00e6ttelser - hurtig behandling - NordicTrans","description":"Behovet for forretnings- eller juridiske dokument-overs\u00e6ttelser er specielt nyttigt og vigtigt, og vi leverer lige pr\u00e6cist det, til overkommelige priser.","robots":{"index":"index","follow":"follow","max-snippet":"max-snippet:-1","max-image-preview":"max-image-preview:large","max-video-preview":"max-video-preview:-1"},"canonical":"https:\/\/www.nordictrans.com\/da\/oversaettelser\/dokument-oversaettelser\/","og_locale":"da_DK","og_type":"article","og_title":"Dokument-overs\u00e6ttelser","og_description":"The need for business or legal document translation services is particularly useful and important, and we are providing just that at affordable rates.","og_url":"https:\/\/www.nordictrans.com\/da\/oversaettelser\/dokument-oversaettelser\/","og_site_name":"Nordictrans.com","article_publisher":"https:\/\/www.facebook.com\/NordicTrans","article_modified_time":"2018-02-08T13:57:09+00:00","og_image":[{"width":1903,"height":670,"url":"https:\/\/www.nordictrans.com\/wp-content\/uploads\/2018\/04\/document-translation-services.png","type":"image\/png"}],"twitter_card":"summary_large_image","twitter_title":"Document Translation Services - High Quality & Fast Turnaround","twitter_description":"No matter if you need business or legal document translation services we are able to provide highly accurate translations for any language at low rates.","twitter_site":"@NordicTrans","twitter_misc":{"Estimeret l\u00e6setid":"5 minutter"},"schema":{"@context":"https:\/\/schema.org","@graph":[{"@type":"WebPage","@id":"https:\/\/www.nordictrans.com\/da\/oversaettelser\/dokument-oversaettelser\/","url":"https:\/\/www.nordictrans.com\/da\/oversaettelser\/dokument-oversaettelser\/","name":"Dokument-overs\u00e6ttelser - hurtig behandling - NordicTrans","isPartOf":{"@id":"https:\/\/www.nordictrans.com\/da\/#website"},"primaryImageOfPage":{"@id":"https:\/\/www.nordictrans.com\/da\/oversaettelser\/dokument-oversaettelser\/#primaryimage"},"image":{"@id":"https:\/\/www.nordictrans.com\/da\/oversaettelser\/dokument-oversaettelser\/#primaryimage"},"thumbnailUrl":"https:\/\/www.nordictrans.com\/wp-content\/uploads\/2018\/04\/document-translation-services.png","datePublished":"2016-12-15T08:27:22+00:00","dateModified":"2018-02-08T13:57:09+00:00","description":"Behovet for forretnings- eller juridiske dokument-overs\u00e6ttelser er specielt nyttigt og vigtigt, og vi leverer lige pr\u00e6cist det, til overkommelige priser.","breadcrumb":{"@id":"https:\/\/www.nordictrans.com\/da\/oversaettelser\/dokument-oversaettelser\/#breadcrumb"},"inLanguage":"da-DK","potentialAction":[{"@type":"ReadAction","target":["https:\/\/www.nordictrans.com\/da\/oversaettelser\/dokument-oversaettelser\/"]}]},{"@type":"ImageObject","inLanguage":"da-DK","@id":"https:\/\/www.nordictrans.com\/da\/oversaettelser\/dokument-oversaettelser\/#primaryimage","url":"https:\/\/www.nordictrans.com\/wp-content\/uploads\/2018\/04\/document-translation-services.png","contentUrl":"https:\/\/www.nordictrans.com\/wp-content\/uploads\/2018\/04\/document-translation-services.png","width":1903,"height":670,"caption":"Document Translation Services"},{"@type":"BreadcrumbList","@id":"https:\/\/www.nordictrans.com\/da\/oversaettelser\/dokument-oversaettelser\/#breadcrumb","itemListElement":[{"@type":"ListItem","position":1,"name":"Home","item":"https:\/\/www.nordictrans.com\/da\/"},{"@type":"ListItem","position":2,"name":"Overs\u00e6ttelser","item":"https:\/\/www.nordictrans.com\/da\/oversaettelser\/"},{"@type":"ListItem","position":3,"name":"Dokument-overs\u00e6ttelser"}]},{"@type":"WebSite","@id":"https:\/\/www.nordictrans.com\/da\/#website","url":"https:\/\/www.nordictrans.com\/da\/","name":"Nordictrans.com","description":"Translation Agency specialized in Nordic Languages","publisher":{"@id":"https:\/\/www.nordictrans.com\/da\/#organization"},"potentialAction":[{"@type":"SearchAction","target":{"@type":"EntryPoint","urlTemplate":"https:\/\/www.nordictrans.com\/da\/?s={search_term_string}"},"query-input":{"@type":"PropertyValueSpecification","valueRequired":true,"valueName":"search_term_string"}}],"inLanguage":"da-DK"},{"@type":"Organization","@id":"https:\/\/www.nordictrans.com\/da\/#organization","name":"NordicTrans","url":"https:\/\/www.nordictrans.com\/da\/","logo":{"@type":"ImageObject","inLanguage":"da-DK","@id":"https:\/\/www.nordictrans.com\/da\/#\/schema\/logo\/image\/","url":"https:\/\/www.nordictrans.com\/wp-content\/uploads\/2015\/02\/logoNT.png","contentUrl":"https:\/\/www.nordictrans.com\/wp-content\/uploads\/2015\/02\/logoNT.png","width":272,"height":92,"caption":"NordicTrans"},"image":{"@id":"https:\/\/www.nordictrans.com\/da\/#\/schema\/logo\/image\/"},"sameAs":["https:\/\/www.facebook.com\/NordicTrans","https:\/\/x.com\/NordicTrans","https:\/\/www.instagram.com\/NordictransUS","https:\/\/www.linkedin.com\/company\/nordictrans","https:\/\/www.pinterest.com\/nordictrans01","https:\/\/www.youtube.com\/c\/nordictrans"]}]}},"_links":{"self":[{"href":"https:\/\/www.nordictrans.com\/da\/wp-json\/wp\/v2\/pages\/23318","targetHints":{"allow":["GET"]}}],"collection":[{"href":"https:\/\/www.nordictrans.com\/da\/wp-json\/wp\/v2\/pages"}],"about":[{"href":"https:\/\/www.nordictrans.com\/da\/wp-json\/wp\/v2\/types\/page"}],"author":[{"embeddable":true,"href":"https:\/\/www.nordictrans.com\/da\/wp-json\/wp\/v2\/users\/1"}],"replies":[{"embeddable":true,"href":"https:\/\/www.nordictrans.com\/da\/wp-json\/wp\/v2\/comments?post=23318"}],"version-history":[{"count":5,"href":"https:\/\/www.nordictrans.com\/da\/wp-json\/wp\/v2\/pages\/23318\/revisions"}],"predecessor-version":[{"id":26934,"href":"https:\/\/www.nordictrans.com\/da\/wp-json\/wp\/v2\/pages\/23318\/revisions\/26934"}],"up":[{"embeddable":true,"href":"https:\/\/www.nordictrans.com\/da\/wp-json\/wp\/v2\/pages\/23271"}],"wp:featuredmedia":[{"embeddable":true,"href":"https:\/\/www.nordictrans.com\/da\/wp-json\/wp\/v2\/media\/31774"}],"wp:attachment":[{"href":"https:\/\/www.nordictrans.com\/da\/wp-json\/wp\/v2\/media?parent=23318"}],"curies":[{"name":"wp","href":"https:\/\/api.w.org\/{rel}","templated":true}]}}