{"id":23277,"date":"2016-11-10T08:40:39","date_gmt":"2016-11-10T08:40:39","guid":{"rendered":"http:\/\/dev.nordictrans.com\/website-translation-services\/"},"modified":"2018-02-08T13:57:23","modified_gmt":"2018-02-08T13:57:23","slug":"hjemmeside-oversaettelse","status":"publish","type":"page","link":"https:\/\/www.nordictrans.com\/da\/oversaettelser\/hjemmeside-oversaettelse\/","title":{"rendered":"Hjemmeside-overs\u00e6ttelse"},"content":{"rendered":"<div class=\"wpb-content-wrapper\"><p>[vc_row][vc_column]\n\t\t\t<!-- START Website Translation REVOLUTION SLIDER 6.6.16 --><p class=\"rs-p-wp-fix\"><\/p>\n\t\t\t<rs-module-wrap id=\"rev_slider_5_1_wrapper\" data-source=\"gallery\" style=\"visibility:hidden;background:transparent;padding:0;margin:0px auto;margin-top:0;margin-bottom:0;\">\n\t\t\t\t<rs-module id=\"rev_slider_5_1\" style=\"\" data-version=\"6.6.16\">\n\t\t\t\t\t<rs-slides style=\"overflow: hidden; position: absolute;\">\n\t\t\t\t\t\t<rs-slide style=\"position: absolute;\" data-key=\"rs-56\" data-title=\"Slide\" data-anim=\"adpr:false;\">\n\t\t\t\t\t\t\t<img decoding=\"async\" src=\"\/\/www.nordictrans.com\/wp-content\/plugins\/revslider\/public\/assets\/assets\/dummy.png\" alt=\"\" title=\"Hjemmeside-overs\u00e6ttelse\" class=\"rev-slidebg tp-rs-img rs-lazyload\" data-lazyload=\"\/\/www.nordictrans.com\/wp-content\/uploads\/2018\/04\/website-translation-services-1.png\" data-parallax=\"15\" data-no-retina>\n<!--\n\t\t\t\t\t\t\t--><rs-layer\n\t\t\t\t\t\t\t\tid=\"slider-5-slide-56-layer-1\" \n\t\t\t\t\t\t\t\tdata-type=\"text\"\n\t\t\t\t\t\t\t\tdata-color=\"rgba(153,153,153,1)\"\n\t\t\t\t\t\t\t\tdata-rsp_ch=\"on\"\n\t\t\t\t\t\t\t\tdata-xy=\"xo:109px,11px,9px,14px;yo:323px,256px,230px,182px;\"\n\t\t\t\t\t\t\t\tdata-text=\"s:50,60,40,30;l:50,60,40,30;fw:700;a:inherit;\"\n\t\t\t\t\t\t\t\tdata-frame_0=\"tp:600;\"\n\t\t\t\t\t\t\t\tdata-frame_1=\"tp:600;st:0;\"\n\t\t\t\t\t\t\t\tdata-frame_999=\"o:0;tp:600;st:w;sR:8700.0006103516;\"\n\t\t\t\t\t\t\t\tstyle=\"z-index:5;font-family:'Open Sans';opacity:0.6;\"\n\t\t\t\t\t\t\t>\nHJEMMESIDE<br\/>\nOVERS\u00c6TTELSE \n\t\t\t\t\t\t\t<\/rs-layer><!--\n-->\t\t\t\t\t\t<\/rs-slide>\n\t\t\t\t\t<\/rs-slides>\n\t\t\t\t<\/rs-module>\n\t\t\t\t<script>\n\t\t\t\t\tsetREVStartSize({c: 'rev_slider_5_1',rl:[1240,1024,778,480],el:[655,600,500,400],gw:[1240,1024,778,480],gh:[655,600,500,400],type:'hero',justify:'',layout:'fullwidth',mh:\"0\"});if (window.RS_MODULES!==undefined && window.RS_MODULES.modules!==undefined && window.RS_MODULES.modules[\"revslider51\"]!==undefined) {window.RS_MODULES.modules[\"revslider51\"].once = false;window.revapi5 = undefined;if (window.RS_MODULES.checkMinimal!==undefined) window.RS_MODULES.checkMinimal()}\n\t\t\t\t<\/script>\n\t\t\t<\/rs-module-wrap>\n\t\t\t<!-- END REVOLUTION SLIDER -->\n[\/vc_column][\/vc_row][vc_row][vc_column][vc_raw_html]JTNDZGl2JTIwaWQlM0QlMjJzZWNvbmRfYnJlZCUyMiUyMGNsYXNzJTNEJTIyd2YtdGQlMjIlM0UlM0MlMkZkaXYlM0U=[\/vc_raw_html][\/vc_column][\/vc_row][vc_row rowtype=&#8221;fullw&#8221; textalign=&#8221;center&#8221;][vc_column][vc_empty_space][vc_column_text]<\/p>\n<h1 style=\"text-align: center; color: #2c5a85;\"><strong>Hjemmeside-overs\u00e6ttelse<\/strong><\/h1>\n<p>[\/vc_column_text][vc_empty_space][vc_row_inner][vc_column_inner][vc_column_text]<\/p>\n<p style=\"text-align: center;\">If you are ever in need of <strong>website translation services<\/strong> it is important for you to make sure that you get these services from the professional providers in the industry. There are so many reasons why professional service providers will help you out. One of the main reasons why you should do this is because professionals offer you <strong>website localization<\/strong>.Hvis du nogensinde f\u00e5r brug for hjemmeside-overs\u00e6ttelse, er det vigtigt for dig at s\u00f8rge for, at du f\u00e5r disse services fra de professionelle udbydere i branchen. Der er mange grunde til, at professionelle serviceudbydere vil hj\u00e6lpe dig. En af hoved\u00e5rsagerne til, at du b\u00f8r g\u00f8re dette, er at professionelle vil tilbyde dig hjemmeside-lokalisering. I dagens forretningsverden er hjemmeside-lokalisering ikke noget, du kan tage for givet. Du skal sikre, at din hjemmeside er korrekt organiseret, s\u00e5 du har en bedre chance for at h\u00f8ste bel\u00f8nningen fra den.<\/p>\n<p style=\"text-align: center;\">Internet-forretningen er for nuv\u00e6rende en af de almindeligste indt\u00e6gtskilder for de fleste iv\u00e6rks\u00e6ttere. Af denne grund ville hjemmeside-overs\u00e6ttelse v\u00e6re en god ide, fordi du har chancen for at bev\u00e6ge dig l\u00e6ngere ind p\u00e5 territorier, uden at skulle bekymre dig om noget. Virksomheder bryder gr\u00e6nserne og r\u00e6kker ud efter at erobre nye territorier. Dette er en af de bedste udsigter til succes for \u00f8jeblikket.<\/p>\n<p>[\/vc_column_text][\/vc_column_inner][\/vc_row_inner][\/vc_column][\/vc_row][vc_row rowtype=&#8221;fullw&#8221; padding=&#8221;20px 0&#8243;][vc_column][vc_empty_space height=&#8221;70px&#8221;][vc_row_inner][vc_column_inner width=&#8221;1\/2&#8243;][vc_single_image image=&#8221;9902&#8243; img_size=&#8221;full&#8221; css_animation=&#8221;fadeInLeft&#8221;][vc_empty_space][\/vc_column_inner][vc_column_inner width=&#8221;1\/2&#8243;][vc_text_separator title=&#8221;Har du brug for lokaliserings-services?&#8221; style=&#8221;double&#8221;][vc_empty_space][vc_column_text css_animation=&#8221;fadeInRight&#8221;]<span lang=\"DA\">Din hjemmeside er din virksomheds ansigt i online-verdenen, derfor skal den fokuseret p\u00e5 at hente nye klienter fra hele verden. En enkeltsproget hjemmeside er ikke nok, du skal overs\u00e6tte din hjemmeside til s\u00e5 mange sprog som muligt, for at tiltr\u00e6kke de kunder, der ikke kan engelsk. Det er almindeligt kendt, at bes\u00f8gende hellere vil l\u00e6se din hjemmeside, eller k\u00f8be dine produkter, hvis hjemmesiden er skrevet p\u00e5 deres sprog. Hvis du ikke \u00f8nsker at g\u00e5 glip af denne mulighed, s\u00e5 kan vores hjemmeside-overs\u00e6ttelse hj\u00e6lpe dig.<\/span><\/p>\n<p><span lang=\"DA\">Vi har specielle teams af professionelle sprogfolk, web-teknikere og webdesignere, som er klar til at tackle enhver opgave! Hvis du skal have din hjemmeside oversat og lokaliseret til et specifikt marked, s\u00e5 kan vi g\u00f8re det for dig.<\/span><\/p>\n<p><span lang=\"DA\">Hos os beh\u00f8ver du ikke bekymre dig om noget. Det vil kun tage et par minutter at bede om et gratis tilbud, da vores projektledere altid er tilg\u00e6ngelige p\u00e5 live chat eller enhver anden form for kommunikation. Vores web-teknikere vil s\u00e5 studere din hjemmeside og finde et tilbud. N\u00e5r du har accepteret det, vil vores team begynde at arbejde p\u00e5 dit projekt. N\u00e5r det hele er gjort og uploadet til din hjemmeside, vil vores QA-team begynde deres endelige kontrol og s\u00f8rge for, at alt virker som det skal.<\/span><\/p>\n<p><span lang=\"DA\">Du kan til enhver tid f\u00e5 opdatering p\u00e5 dit projekt gennem vores liv chat-support, den projektleder der st\u00e5r for dit projekt vil give dig al den information du \u00f8nsker.<\/span>[\/vc_column_text][\/vc_column_inner][\/vc_row_inner][vc_empty_space][\/vc_column][\/vc_row][vc_row type=&#8221;vc_default&#8221; bg_type=&#8221;bg_color&#8221; bg_override=&#8221;full&#8221; rowtype=&#8221;fullw&#8221; padding=&#8221;20px 0&#8243; css=&#8221;.vc_custom_1478765602542{padding-top: 20px !important;padding-right: 0px !important;padding-bottom: 20px !important;padding-left: 0px !important;}&#8221; bg_color_value=&#8221;#ebebeb&#8221;][vc_column][vc_empty_space][vc_custom_heading text=&#8221;Hjemmeside-lokalisering for at Bryde Sprogbarrierer?&#8221; font_container=&#8221;tag:h2|text_align:center|color:%232c5a85&#8243; google_fonts=&#8221;font_family:Roboto%3A100%2C100italic%2C300%2C300italic%2Cregular%2Citalic%2C500%2C500italic%2C700%2C700italic%2C900%2C900italic|font_style:400%20regular%3A400%3Anormal&#8221;][vc_empty_space][vc_separator color=&#8221;custom&#8221; border_width=&#8221;5&#8243; el_width=&#8221;10&#8243; accent_color=&#8221;#999999&#8243;][vc_empty_space][vc_column_text css_animation=&#8221;zoomIn&#8221;]<\/p>\n<p style=\"text-align: center;\">Behovet for en god hjemmeside-overs\u00e6ttelse er af h\u00f8jeste vigtighed, specielt for de, der skal nedbryde barrierer for at komme ind p\u00e5 nye markeder. Det lader dig interagere med dine bes\u00f8gende og kunder, uden at bekymre dig om tab eller misforst\u00e5elser i kommunikationsprocessen. En af de st\u00f8rste udfordringer brugere har haft indtil nu, er det faktum at de normalt \u00f8nsker disse overs\u00e6ttelsesopgaver udf\u00f8rt s\u00e5 hurtigt.<\/p>\n<p style=\"text-align: center;\">Det er der ikke noget galt med. Faktisk s\u00e5 er vores specialitet i at overs\u00e6tte til de nordiske sprog, noget du virkeligt kan drage fordel af. Vi er ikke bare i stand til at udf\u00f8re overs\u00e6ttelsen og hjemmeside-lokaliseringen for dig, men vi har ogs\u00e5 kapacitet til at s\u00f8rge for, at n\u00e5r du beder om vores services, s\u00e5 kan vi levere den p\u00e5 rekordtid. Med dette i tankerne er det sidste, du skal bekymre dig om, et slip i din virksomheds processer, da vi vil levere ud over dine forventninger.<\/p>\n<p>[\/vc_column_text][vc_empty_space height=&#8221;50px&#8221;][\/vc_column][\/vc_row][vc_row rowtype=&#8221;fullw&#8221; padding=&#8221;20px 0&#8243;][vc_column][vc_empty_space][vc_custom_heading text=&#8221;Du ved ikke hvordan? Sammen med os beh\u00f8ver du ikke at vide det!&#8221; font_container=&#8221;tag:h2|text_align:center|color:%232c5a85&#8243; google_fonts=&#8221;font_family:Roboto%3A100%2C100italic%2C300%2C300italic%2Cregular%2Citalic%2C500%2C500italic%2C700%2C700italic%2C900%2C900italic|font_style:400%20regular%3A400%3Anormal&#8221;][vc_empty_space][vc_column_text css_animation=&#8221;zoomInUp&#8221;]<\/p>\n<p style=\"text-align: center;\" align=\"center\"><span lang=\"DA\">Hvis du er bekymret for ikke at kunne uploade det oversatte indhold til dit websted, s\u00e5 skal du ikke bekymre dig l\u00e6ngere. Vores team vil overs\u00e6tte, lokalisere og korrekturl\u00e6se dit indhold, vores designere vil \u00e6ndre ethvert billede, der indeholder tekst, og vores web-teknikere vil uploade det hele til dit websted og s\u00f8rge for, at alt er p\u00e5 plads og fungerer.<\/span><\/p>\n<p style=\"text-align: center;\" align=\"center\"><span lang=\"DA\">Vi afleverer ikke en uf\u00e6rdig opgave, s\u00e5 n\u00e5r du bruger vores hjemmeside-overs\u00e6ttelse, kan du v\u00e6re sikker p\u00e5, at vi g\u00f8r alt arbejdet!<\/span><\/p>\n<p>[\/vc_column_text][vc_empty_space height=&#8221;50px&#8221;][\/vc_column][\/vc_row][vc_row type=&#8221;3&#8243; margin_bottom=&#8221;0px&#8221; full_width_row=&#8221;true&#8221; rowtype=&#8221;fullw&#8221; textalign=&#8221;center&#8221; padding=&#8221;30px 0px&#8221; css=&#8221;.vc_custom_1479125368276{margin-bottom: 0px !important;padding-top: 30px !important;padding-right: 0px !important;padding-bottom: 30px !important;padding-left: 0px !important;}&#8221; el_class=&#8221;live-contact-btn-wrap&#8221;][vc_column][vc_cta h2=&#8221;Er du klar? Lad os komme i gang:&#8221; add_button=&#8221;right&#8221; btn_title=&#8221;LIVE KONTAKT&#8221; btn_style=&#8221;custom&#8221; btn_custom_background=&#8221;#ffffff&#8221; btn_custom_text=&#8221;#2a4a8f&#8221; btn_shape=&#8221;round&#8221; btn_align=&#8221;center&#8221; btn_custom_onclick=&#8221;true&#8221; btn_smooth_scroll=&#8221;true&#8221; btn_link=&#8221;url:https%3A%2F%2Fwww.nordictrans.com%2Fchat-popup%2F|||&#8221; el_class=&#8221;live-contact-btn&#8221;][\/vc_cta][\/vc_column][\/vc_row]<\/p>\n<\/div>","protected":false},"excerpt":{"rendered":"<p>[vc_row][vc_column][\/vc_column][\/vc_row][vc_row][vc_column][vc_raw_html]JTNDZGl2JTIwaWQlM0QlMjJzZWNvbmRfYnJlZCUyMiUyMGNsYXNzJTNEJTIyd2YtdGQlMjIlM0UlM0MlMkZkaXYlM0U=[\/vc_raw_html][\/vc_column][\/vc_row][vc_row rowtype=&#8221;fullw&#8221; textalign=&#8221;center&#8221;][vc_column][vc_empty_space][vc_column_text] Hjemmeside-overs\u00e6ttelse [\/vc_column_text][vc_empty_space][vc_row_inner][vc_column_inner][vc_column_text] If you are ever in need of website translation services it is important for you to make sure that you get these services from the professional providers in the industry. There are so many reasons why professional service providers will help you out. One of the main reasons why you&hellip;<\/p>\n","protected":false},"author":1,"featured_media":32144,"parent":23271,"menu_order":0,"comment_status":"closed","ping_status":"closed","template":"","meta":{"_acf_changed":false,"footnotes":""},"class_list":["post-23277","page","type-page","status-publish","has-post-thumbnail","hentry","description-off"],"acf":[],"yoast_head":"<!-- This site is optimized with the Yoast SEO Premium plugin v26.5 (Yoast SEO v26.5) - https:\/\/yoast.com\/wordpress\/plugins\/seo\/ -->\n<title>Hjemmeside-overs\u00e6ttelse - Hjemmeside-lokalisering - NordicTrans<\/title>\n<meta name=\"description\" content=\"Vi forlader ikke en uf\u00e6rdig opgave, s\u00e5 n\u00e5r du bruger vores hjemmeside-overs\u00e6ttelse, kan du v\u00e6re sikker p\u00e5, at Vi g\u00f8r alt arbejdet!\" \/>\n<meta name=\"robots\" content=\"index, follow, max-snippet:-1, max-image-preview:large, max-video-preview:-1\" \/>\n<link rel=\"canonical\" href=\"https:\/\/www.nordictrans.com\/da\/oversaettelser\/hjemmeside-oversaettelse\/\" \/>\n<meta property=\"og:locale\" content=\"da_DK\" \/>\n<meta property=\"og:type\" content=\"article\" \/>\n<meta property=\"og:title\" content=\"Website Translation Services | Nordictrans\" \/>\n<meta property=\"og:description\" content=\"We don&#039;t leave a job unfinished, so when you use our website localization or website translation services, you can rest assured WE are doing all the work!\" \/>\n<meta property=\"og:url\" content=\"https:\/\/www.nordictrans.com\/da\/oversaettelser\/hjemmeside-oversaettelse\/\" \/>\n<meta property=\"og:site_name\" content=\"Nordictrans.com\" \/>\n<meta property=\"article:publisher\" content=\"https:\/\/www.facebook.com\/NordicTrans\" \/>\n<meta property=\"article:modified_time\" content=\"2018-02-08T13:57:23+00:00\" \/>\n<meta property=\"og:image\" content=\"https:\/\/www.nordictrans.com\/wp-content\/uploads\/2018\/04\/website-translation-services-1.png\" \/>\n\t<meta property=\"og:image:width\" content=\"1903\" \/>\n\t<meta property=\"og:image:height\" content=\"670\" \/>\n\t<meta property=\"og:image:type\" content=\"image\/png\" \/>\n<meta name=\"twitter:card\" content=\"summary_large_image\" \/>\n<meta name=\"twitter:title\" content=\"Website Translation Services | Nordictrans\" \/>\n<meta name=\"twitter:description\" content=\"We provide high-quality translation services for any websites. Globalize your business with Nordictrans. Call us now! ????+1-786-539-4774.\" \/>\n<meta name=\"twitter:site\" content=\"@NordicTrans\" \/>\n<meta name=\"twitter:label1\" content=\"Estimeret l\u00e6setid\" \/>\n\t<meta name=\"twitter:data1\" content=\"6 minutter\" \/>\n<!-- \/ Yoast SEO Premium plugin. -->","yoast_head_json":{"title":"Hjemmeside-overs\u00e6ttelse - Hjemmeside-lokalisering - NordicTrans","description":"Vi forlader ikke en uf\u00e6rdig opgave, s\u00e5 n\u00e5r du bruger vores hjemmeside-overs\u00e6ttelse, kan du v\u00e6re sikker p\u00e5, at Vi g\u00f8r alt arbejdet!","robots":{"index":"index","follow":"follow","max-snippet":"max-snippet:-1","max-image-preview":"max-image-preview:large","max-video-preview":"max-video-preview:-1"},"canonical":"https:\/\/www.nordictrans.com\/da\/oversaettelser\/hjemmeside-oversaettelse\/","og_locale":"da_DK","og_type":"article","og_title":"Website Translation Services | Nordictrans","og_description":"We don't leave a job unfinished, so when you use our website localization or website translation services, you can rest assured WE are doing all the work!","og_url":"https:\/\/www.nordictrans.com\/da\/oversaettelser\/hjemmeside-oversaettelse\/","og_site_name":"Nordictrans.com","article_publisher":"https:\/\/www.facebook.com\/NordicTrans","article_modified_time":"2018-02-08T13:57:23+00:00","og_image":[{"width":1903,"height":670,"url":"https:\/\/www.nordictrans.com\/wp-content\/uploads\/2018\/04\/website-translation-services-1.png","type":"image\/png"}],"twitter_card":"summary_large_image","twitter_title":"Website Translation Services | Nordictrans","twitter_description":"We provide high-quality translation services for any websites. Globalize your business with Nordictrans. Call us now! ????+1-786-539-4774.","twitter_site":"@NordicTrans","twitter_misc":{"Estimeret l\u00e6setid":"6 minutter"},"schema":{"@context":"https:\/\/schema.org","@graph":[{"@type":"WebPage","@id":"https:\/\/www.nordictrans.com\/da\/oversaettelser\/hjemmeside-oversaettelse\/","url":"https:\/\/www.nordictrans.com\/da\/oversaettelser\/hjemmeside-oversaettelse\/","name":"Hjemmeside-overs\u00e6ttelse - Hjemmeside-lokalisering - NordicTrans","isPartOf":{"@id":"https:\/\/www.nordictrans.com\/da\/#website"},"primaryImageOfPage":{"@id":"https:\/\/www.nordictrans.com\/da\/oversaettelser\/hjemmeside-oversaettelse\/#primaryimage"},"image":{"@id":"https:\/\/www.nordictrans.com\/da\/oversaettelser\/hjemmeside-oversaettelse\/#primaryimage"},"thumbnailUrl":"https:\/\/www.nordictrans.com\/wp-content\/uploads\/2018\/04\/website-translation-services-1.png","datePublished":"2016-11-10T08:40:39+00:00","dateModified":"2018-02-08T13:57:23+00:00","description":"Vi forlader ikke en uf\u00e6rdig opgave, s\u00e5 n\u00e5r du bruger vores hjemmeside-overs\u00e6ttelse, kan du v\u00e6re sikker p\u00e5, at Vi g\u00f8r alt arbejdet!","breadcrumb":{"@id":"https:\/\/www.nordictrans.com\/da\/oversaettelser\/hjemmeside-oversaettelse\/#breadcrumb"},"inLanguage":"da-DK","potentialAction":[{"@type":"ReadAction","target":["https:\/\/www.nordictrans.com\/da\/oversaettelser\/hjemmeside-oversaettelse\/"]}]},{"@type":"ImageObject","inLanguage":"da-DK","@id":"https:\/\/www.nordictrans.com\/da\/oversaettelser\/hjemmeside-oversaettelse\/#primaryimage","url":"https:\/\/www.nordictrans.com\/wp-content\/uploads\/2018\/04\/website-translation-services-1.png","contentUrl":"https:\/\/www.nordictrans.com\/wp-content\/uploads\/2018\/04\/website-translation-services-1.png","width":1903,"height":670,"caption":"Website Translation Services"},{"@type":"BreadcrumbList","@id":"https:\/\/www.nordictrans.com\/da\/oversaettelser\/hjemmeside-oversaettelse\/#breadcrumb","itemListElement":[{"@type":"ListItem","position":1,"name":"Home","item":"https:\/\/www.nordictrans.com\/da\/"},{"@type":"ListItem","position":2,"name":"Overs\u00e6ttelser","item":"https:\/\/www.nordictrans.com\/da\/oversaettelser\/"},{"@type":"ListItem","position":3,"name":"Hjemmeside-overs\u00e6ttelse"}]},{"@type":"WebSite","@id":"https:\/\/www.nordictrans.com\/da\/#website","url":"https:\/\/www.nordictrans.com\/da\/","name":"Nordictrans.com","description":"Translation Agency specialized in Nordic Languages","publisher":{"@id":"https:\/\/www.nordictrans.com\/da\/#organization"},"potentialAction":[{"@type":"SearchAction","target":{"@type":"EntryPoint","urlTemplate":"https:\/\/www.nordictrans.com\/da\/?s={search_term_string}"},"query-input":{"@type":"PropertyValueSpecification","valueRequired":true,"valueName":"search_term_string"}}],"inLanguage":"da-DK"},{"@type":"Organization","@id":"https:\/\/www.nordictrans.com\/da\/#organization","name":"NordicTrans","url":"https:\/\/www.nordictrans.com\/da\/","logo":{"@type":"ImageObject","inLanguage":"da-DK","@id":"https:\/\/www.nordictrans.com\/da\/#\/schema\/logo\/image\/","url":"https:\/\/www.nordictrans.com\/wp-content\/uploads\/2015\/02\/logoNT.png","contentUrl":"https:\/\/www.nordictrans.com\/wp-content\/uploads\/2015\/02\/logoNT.png","width":272,"height":92,"caption":"NordicTrans"},"image":{"@id":"https:\/\/www.nordictrans.com\/da\/#\/schema\/logo\/image\/"},"sameAs":["https:\/\/www.facebook.com\/NordicTrans","https:\/\/x.com\/NordicTrans","https:\/\/www.instagram.com\/NordictransUS","https:\/\/www.linkedin.com\/company\/nordictrans","https:\/\/www.pinterest.com\/nordictrans01","https:\/\/www.youtube.com\/c\/nordictrans"]}]}},"_links":{"self":[{"href":"https:\/\/www.nordictrans.com\/da\/wp-json\/wp\/v2\/pages\/23277","targetHints":{"allow":["GET"]}}],"collection":[{"href":"https:\/\/www.nordictrans.com\/da\/wp-json\/wp\/v2\/pages"}],"about":[{"href":"https:\/\/www.nordictrans.com\/da\/wp-json\/wp\/v2\/types\/page"}],"author":[{"embeddable":true,"href":"https:\/\/www.nordictrans.com\/da\/wp-json\/wp\/v2\/users\/1"}],"replies":[{"embeddable":true,"href":"https:\/\/www.nordictrans.com\/da\/wp-json\/wp\/v2\/comments?post=23277"}],"version-history":[{"count":4,"href":"https:\/\/www.nordictrans.com\/da\/wp-json\/wp\/v2\/pages\/23277\/revisions"}],"predecessor-version":[{"id":26935,"href":"https:\/\/www.nordictrans.com\/da\/wp-json\/wp\/v2\/pages\/23277\/revisions\/26935"}],"up":[{"embeddable":true,"href":"https:\/\/www.nordictrans.com\/da\/wp-json\/wp\/v2\/pages\/23271"}],"wp:featuredmedia":[{"embeddable":true,"href":"https:\/\/www.nordictrans.com\/da\/wp-json\/wp\/v2\/media\/32144"}],"wp:attachment":[{"href":"https:\/\/www.nordictrans.com\/da\/wp-json\/wp\/v2\/media?parent=23277"}],"curies":[{"name":"wp","href":"https:\/\/api.w.org\/{rel}","templated":true}]}}