{"id":23271,"date":"2016-01-08T09:36:50","date_gmt":"2016-01-08T09:36:50","guid":{"rendered":"http:\/\/dev.nordictrans.com\/oversaettelse\/"},"modified":"2020-06-29T12:54:10","modified_gmt":"2020-06-29T12:54:10","slug":"oversaettelser","status":"publish","type":"page","link":"https:\/\/www.nordictrans.com\/da\/oversaettelser\/","title":{"rendered":"Overs\u00e6ttelser"},"content":{"rendered":"<div class=\"wpb-content-wrapper\"><p>[vc_row type=&#8221;vc_default&#8221; full_height=&#8221;yes&#8221; bg_type=&#8221;image&#8221; parallax_style=&#8221;vcpb-vz-jquery&#8221; bg_image_new=&#8221;id^9886|url^https:\/\/www.nordictrans.com\/wp-content\/uploads\/2016\/01\/we-understand-deadlines-2200&#215;792-1.jpg|caption^null|alt^null|title^we-understand-deadlines-2200&#215;792|description^null&#8221; bg_image_repeat=&#8221;no-repeat&#8221; bg_img_attach=&#8221;fixed&#8221; parallax_sense=&#8221;1.5&#8243; bg_override=&#8221;full&#8221; disable_on_mobile_img_parallax=&#8221;disable_on_mobile_img_parallax_value&#8221;][vc_column][\/vc_column][\/vc_row][vc_row][vc_column][vc_raw_html]JTNDZGl2JTIwaWQlM0QlMjJzZWNvbmRfYnJlZCUyMiUyMGNsYXNzJTNEJTIyd2YtdGQlMjIlM0UlM0MlMkZkaXYlM0U=[\/vc_raw_html][\/vc_column][\/vc_row][vc_row gap=&#8221;30&#8243; margin_top=&#8221;70&#8243; margin_bottom=&#8221;70&#8243; rowtype=&#8221;fullw&#8221; padding=&#8221;40px 0px&#8221; css=&#8221;.vc_custom_1478759966076{margin-bottom: 0px !important;padding-top: 40px !important;padding-right: 0px !important;padding-bottom: 40px !important;padding-left: 0px !important;}&#8221;][vc_column][vc_column_text css_animation=&#8221;zoomIn&#8221;]<\/p>\n<h1 style=\"text-align: center;\"><span style=\"color: #2a4a8f;\"><strong>Kvalitets-overs\u00e6ttelser til overkommelige priser<\/strong><\/span><\/h1>\n<p>[\/vc_column_text][vc_empty_space][vc_separator style=&#8221;double&#8221;][vc_empty_space][vc_row_inner][vc_column_inner width=&#8221;1\/2&#8243;][vc_single_image image=&#8221;23331&#8243; img_size=&#8221;full&#8221; alignment=&#8221;center&#8221; css_animation=&#8221;fadeInLeft&#8221;][\/vc_column_inner][vc_column_inner width=&#8221;1\/2&#8243;][vc_column_text css_animation=&#8221;fadeInRight&#8221;]<\/p>\n<h3 style=\"text-align: center;\">Dokument-overs\u00e6ttelser<\/h3>\n<p style=\"text-align: justify;\">Nordictrans er det st\u00f8rste Nordiske overs\u00e6ttelsesbureau og yder overs\u00e6ttelser af h\u00f8j kvalitet fra og til alle nordiske sprog.<\/p>\n<p style=\"text-align: justify;\">Vi har et stort team p\u00e5 mere end 1500 professionelle overs\u00e6ttere, der er specialiserede p\u00e5 forskellige felter, og dette giver os mulighed for at overs\u00e6tte enhver type dokument fra og til stort set ethvert sprog.<\/p>\n<p style=\"text-align: justify;\">Vores prim\u00e6re bekymring er kundetilfredshed, derfor g\u00f8r vi vores bedste for at yde hurtig, men h\u00f8j kvalitet dokument-overs\u00e6ttelser til overkommelige priser.<\/p>\n<div style=\"width: 250px; margin-right: auto; margin-left: auto; text-align: left;\">\n<p><i class=\"fa fa-check-circle fa-lg\" style=\"color: #81d742;\"><\/i><strong>\u00a0 Indf\u00f8dte overs\u00e6ttere<br \/>\n<\/strong><\/p>\n<p><i class=\"fa fa-check-circle fa-lg\" style=\"color: #81d742;\"><\/i><strong>\u00a0 Hurtig behandlingstid<br \/>\n<\/strong><\/p>\n<p><i class=\"fa fa-check-circle fa-lg\" style=\"color: #81d742;\"><\/i><strong>\u00a0 Overkommelige priser<br \/>\n<\/strong><\/p>\n<p><i class=\"fa fa-check-circle fa-lg\" style=\"color: #81d742;\"><\/i><strong>\u00a0 24\/7 Support<br \/>\n<\/strong><\/p>\n<\/div>\n<p>[\/vc_column_text][\/vc_column_inner][\/vc_row_inner][vc_empty_space][\/vc_column][\/vc_row][vc_row type=&#8221;vc_default&#8221; margin_top=&#8221;70&#8243; margin_bottom=&#8221;70&#8243; bg_type=&#8221;image&#8221; parallax_style=&#8221;vcpb-vz-jquery&#8221; bg_image_new=&#8221;id^9910|url^https:\/\/www.nordictrans.com\/wp-content\/uploads\/2016\/01\/chicago_night_-2200&#215;722-2200&#215;722.jpg|caption^null|alt^null|title^chicago_night_-2200&#215;722-2200&#215;722|description^null&#8221; bg_image_repeat=&#8221;no-repeat&#8221; bg_image_size=&#8221;initial&#8221; bg_img_attach=&#8221;fixed&#8221; parallax_sense=&#8221;1.5&#8243; bg_override=&#8221;full&#8221; enable_overlay=&#8221;enable_overlay_value&#8221; overlay_color=&#8221;#3a3e3f&#8221; overlay_pattern=&#8221;transperant&#8221; overlay_pattern_opacity=&#8221;85&#8243; rowtype=&#8221;fullw&#8221; contentcolor=&#8221;light&#8221; bg_pos=&#8221;center center&#8221; use_overlay=&#8221;yes&#8221; overlay_opacity=&#8221;0.85&#8243; padding=&#8221;40px 0px&#8221; css=&#8221;.vc_custom_1478760763208{padding-top: 40px !important;padding-right: 0px !important;padding-bottom: 40px !important;padding-left: 0px !important;background: #ededed url(https:\/\/www.nordictrans.com\/wp-content\/uploads\/2015\/07\/chicago_night_-2200&#215;722.jpg?id=3080) !important;}&#8221;][vc_column][vc_empty_space][vc_row_inner][vc_column_inner width=&#8221;1\/2&#8243;][vc_column_text css_animation=&#8221;fadeInLeft&#8221;]<\/p>\n<h3 style=\"text-align: center;\"><span style=\"color: #ffffff;\">Hjemmeside-overs\u00e6ttelse<\/span><\/h3>\n<p><span style=\"color: #ffffff;\">Nylige unders\u00f8gelser viser, at internetbrugere vil bruge 3 gange l\u00e6ngere tid p\u00e5 din hjemmeside, hvis den er oversat til deres eget sprog. Desuden er bes\u00f8gende 4 gange mere villige til at k\u00f8be dine produkter eller serviceydelser, hvis din hjemmeside taler deres sprog.<\/span><\/p>\n<p><span style=\"color: #ffffff;\">Selv om det kan virke som om hele verden taler engelsk, kan kun omkring 20 % af verdens totale befolkning forst\u00e5 engelsk. Denne procentdel best\u00e5r ogs\u00e5 modersm\u00e5lstalende og som andet sprog. Ved at overs\u00e6tte din hjemmeside vil du v\u00e6re i stand til at n\u00e5 80 % af resten af verden.<\/span><\/p>\n<div class=\"wpb_text_column wpb_content_element \">\n<div class=\"wpb_wrapper\">\n<p><span style=\"color: #ffffff;\">Nordictrans har den n\u00f8dvendige arbejdsstyrke og viden til at yde hjemmeside overs\u00e6ttelse til enhver hjemmeside, fra ethvert sprog til alle nordiske sprog. Vores web-teknikere og lokaliserings-fagfolk er klar til at arbejde sammen med vores overs\u00e6ttere, for at udf\u00f8re alle n\u00f8dvendige tilrettelser p\u00e5 din hjemmeside, s\u00e5 du ikke selv beh\u00f8ver at tilf\u00f8je overs\u00e6ttelserne.<\/span><\/p>\n<p><span style=\"color: #ffffff;\">Hvis du er interesseret i at f\u00e5 overs\u00e6ttelser af god kvalitet til enhver type projekt, s\u00e5 tag kontakt med os, vi svigter dig ikke!<\/span><\/p>\n<\/div>\n<\/div>\n<p>[\/vc_column_text][vc_separator][\/vc_column_inner][vc_column_inner width=&#8221;1\/2&#8243;][vc_single_image image=&#8221;23302&#8243; img_size=&#8221;full&#8221; alignment=&#8221;right&#8221; css_animation=&#8221;fadeInUp&#8221;][\/vc_column_inner][\/vc_row_inner][vc_empty_space][\/vc_column][\/vc_row][vc_row margin_top=&#8221;70&#8243; margin_bottom=&#8221;70&#8243;][vc_column width=&#8221;1\/2&#8243;][vc_single_image image=&#8221;23352&#8243; img_size=&#8221;full&#8221; alignment=&#8221;right&#8221; css_animation=&#8221;fadeInLeft&#8221;][\/vc_column][vc_column width=&#8221;1\/2&#8243;][vc_column_text css_animation=&#8221;fadeInRight&#8221;]<\/p>\n<h3 style=\"text-align: center;\">Software-lokalisering<\/h3>\n<p>Hvis du s\u00e6lger software eller apps af enhver slags, s\u00e5 ved du allerede at lokalisering af dine software-applikationer er en af de bedste m\u00e5der at \u00f8ge dit salg p\u00e5.<\/p>\n<p><span class=\"st\">Med Nordictrans er software-lokalisering ikke l\u00e6ngere besv\u00e6rligt. Vores in-house lokaliserings-specialister og overs\u00e6ttere er klar til at hj\u00e6lpe dig med h\u00f8j kvalitet af overs\u00e6ttelse af brugergr\u00e6nseflader og software-lokaliseringer til over 80 sprog.<\/span><\/p>\n<p>N\u00e5r det er gjort, vil vores kvalitetssikrings-team kontrollere den endelige version af din software, og s\u00f8rge for at det er perfekt tilpasset til dit m\u00e5l-marked.<\/p>\n<p>Et par grunde til at du skulle \u00f8nske at samarbejde med os:<\/p>\n<div style=\"width: 250px; margin-right: auto; margin-left: auto; text-align: left;\">\n<p><i class=\"fa fa-check-circle fa-lg\" style=\"color: #81d742;\"><\/i><strong>\u00a0 Kvalitets-overs\u00e6ttelse<br \/>\n<\/strong><\/p>\n<p><i class=\"fa fa-check-circle fa-lg\" style=\"color: #81d742;\"><\/i><strong>\u00a0 Perfekt lokalisering<br \/>\n<\/strong><\/p>\n<p><i class=\"fa fa-check-circle fa-lg\" style=\"color: #81d742;\"><\/i><strong> 24\/7 Support<br \/>\n<\/strong><\/p>\n<\/div>\n<p>[\/vc_column_text][\/vc_column][\/vc_row][vc_row type=&#8221;3&#8243; margin_bottom=&#8221;0px&#8221; full_width_row=&#8221;true&#8221; rowtype=&#8221;fullw&#8221; textalign=&#8221;center&#8221; padding=&#8221;30px 0px&#8221; css=&#8221;.vc_custom_1479125175587{margin-bottom: 0px !important;padding-top: 30px !important;padding-right: 0px !important;padding-bottom: 30px !important;padding-left: 0px !important;background-color: #ccffcc !important;}&#8221; el_class=&#8221;live-contact-btn-wrap&#8221;][vc_column][vc_cta h2=&#8221;&#8221; txt_align=&#8221;center&#8221; add_button=&#8221;right&#8221; btn_title=&#8221;Live Kontakt&#8221; btn_style=&#8221;custom&#8221; btn_custom_background=&#8221;#428bca&#8221; btn_custom_text=&#8221;#ffffff&#8221; btn_shape=&#8221;round&#8221; btn_align=&#8221;center&#8221; css_animation=&#8221;bottom-to-top&#8221; btn_button_block=&#8221;true&#8221; btn_custom_onclick=&#8221;true&#8221; btn_smooth_scroll=&#8221;true&#8221; btn_link=&#8221;url:https%3A%2F%2Fwww.nordictrans.com%2Fchat-popup%2F|||&#8221; el_class=&#8221;live-contact-btn&#8221;]<\/p>\n<h3 style=\"font-size: 28px; line-height: 40px;\">Er du klar? Lad os komme i gang:<\/h3>\n<p>[\/vc_cta][\/vc_column][\/vc_row]<\/p>\n<\/div>","protected":false},"excerpt":{"rendered":"<p>[vc_row type=&#8221;vc_default&#8221; full_height=&#8221;yes&#8221; bg_type=&#8221;image&#8221; parallax_style=&#8221;vcpb-vz-jquery&#8221; bg_image_new=&#8221;id^9886|url^https:\/\/www.nordictrans.com\/wp-content\/uploads\/2016\/01\/we-understand-deadlines-2200&#215;792-1.jpg|caption^null|alt^null|title^we-understand-deadlines-2200&#215;792|description^null&#8221; bg_image_repeat=&#8221;no-repeat&#8221; bg_img_attach=&#8221;fixed&#8221; parallax_sense=&#8221;1.5&#8243; bg_override=&#8221;full&#8221; disable_on_mobile_img_parallax=&#8221;disable_on_mobile_img_parallax_value&#8221;][vc_column][\/vc_column][\/vc_row][vc_row][vc_column][vc_raw_html]JTNDZGl2JTIwaWQlM0QlMjJzZWNvbmRfYnJlZCUyMiUyMGNsYXNzJTNEJTIyd2YtdGQlMjIlM0UlM0MlMkZkaXYlM0U=[\/vc_raw_html][\/vc_column][\/vc_row][vc_row gap=&#8221;30&#8243; margin_top=&#8221;70&#8243; margin_bottom=&#8221;70&#8243; rowtype=&#8221;fullw&#8221; padding=&#8221;40px 0px&#8221; css=&#8221;.vc_custom_1478759966076{margin-bottom: 0px !important;padding-top: 40px !important;padding-right: 0px !important;padding-bottom: 40px !important;padding-left: 0px !important;}&#8221;][vc_column][vc_column_text css_animation=&#8221;zoomIn&#8221;] Kvalitets-overs\u00e6ttelser til overkommelige priser [\/vc_column_text][vc_empty_space][vc_separator style=&#8221;double&#8221;][vc_empty_space][vc_row_inner][vc_column_inner width=&#8221;1\/2&#8243;][vc_single_image image=&#8221;23331&#8243; img_size=&#8221;full&#8221; alignment=&#8221;center&#8221; css_animation=&#8221;fadeInLeft&#8221;][\/vc_column_inner][vc_column_inner width=&#8221;1\/2&#8243;][vc_column_text css_animation=&#8221;fadeInRight&#8221;] Dokument-overs\u00e6ttelser Nordictrans er det st\u00f8rste Nordiske overs\u00e6ttelsesbureau og yder overs\u00e6ttelser af h\u00f8j kvalitet&hellip;<\/p>\n","protected":false},"author":1,"featured_media":31782,"parent":0,"menu_order":0,"comment_status":"closed","ping_status":"closed","template":"","meta":{"_acf_changed":false,"footnotes":""},"class_list":["post-23271","page","type-page","status-publish","has-post-thumbnail","hentry","description-off"],"acf":[],"yoast_head":"<!-- This site is optimized with the Yoast SEO Premium plugin v26.5 (Yoast SEO v26.5) - https:\/\/yoast.com\/wordpress\/plugins\/seo\/ -->\n<title>Kvalitets-overs\u00e6ttelser af dokumenter og hjemmesider \u2013 NordicTrans<\/title>\n<meta name=\"description\" content=\"Nordictrans yder kvalitets dokument overs\u00e6ttelser, hjemmeside-overs\u00e6ttelse og software-lokalisering fra og til alle nordiske sprog\" \/>\n<meta name=\"robots\" content=\"index, follow, max-snippet:-1, max-image-preview:large, max-video-preview:-1\" \/>\n<link rel=\"canonical\" href=\"https:\/\/www.nordictrans.com\/da\/oversaettelser\/\" \/>\n<meta property=\"og:locale\" content=\"da_DK\" \/>\n<meta property=\"og:type\" content=\"article\" \/>\n<meta property=\"og:title\" content=\"Translation Services for Documents and Websites | NordicTrans\" \/>\n<meta property=\"og:description\" content=\"NordicTrans provides quality translation services for documents, website translation and software localization at fair prices, from and into any language.\" \/>\n<meta property=\"og:url\" content=\"https:\/\/www.nordictrans.com\/da\/oversaettelser\/\" \/>\n<meta property=\"og:site_name\" content=\"Nordictrans.com\" \/>\n<meta property=\"article:publisher\" content=\"https:\/\/www.facebook.com\/NordicTrans\" \/>\n<meta property=\"article:modified_time\" content=\"2020-06-29T12:54:10+00:00\" \/>\n<meta property=\"og:image\" content=\"https:\/\/www.nordictrans.com\/wp-content\/uploads\/2018\/04\/quality-translation-services.png\" \/>\n\t<meta property=\"og:image:width\" content=\"1903\" \/>\n\t<meta property=\"og:image:height\" content=\"670\" \/>\n\t<meta property=\"og:image:type\" content=\"image\/png\" \/>\n<meta name=\"twitter:card\" content=\"summary_large_image\" \/>\n<meta name=\"twitter:title\" content=\"Quality Translation Services for Documents and Websites - NordicTrans\" \/>\n<meta name=\"twitter:description\" content=\"NordicTrans provides quality translation services for documents, website translation and software localization at fair prices, from and into any language.\" \/>\n<meta name=\"twitter:site\" content=\"@NordicTrans\" \/>\n<meta name=\"twitter:label1\" content=\"Estimeret l\u00e6setid\" \/>\n\t<meta name=\"twitter:data1\" content=\"5 minutter\" \/>\n<!-- \/ Yoast SEO Premium plugin. -->","yoast_head_json":{"title":"Kvalitets-overs\u00e6ttelser af dokumenter og hjemmesider \u2013 NordicTrans","description":"Nordictrans yder kvalitets dokument overs\u00e6ttelser, hjemmeside-overs\u00e6ttelse og software-lokalisering fra og til alle nordiske sprog","robots":{"index":"index","follow":"follow","max-snippet":"max-snippet:-1","max-image-preview":"max-image-preview:large","max-video-preview":"max-video-preview:-1"},"canonical":"https:\/\/www.nordictrans.com\/da\/oversaettelser\/","og_locale":"da_DK","og_type":"article","og_title":"Translation Services for Documents and Websites | NordicTrans","og_description":"NordicTrans provides quality translation services for documents, website translation and software localization at fair prices, from and into any language.","og_url":"https:\/\/www.nordictrans.com\/da\/oversaettelser\/","og_site_name":"Nordictrans.com","article_publisher":"https:\/\/www.facebook.com\/NordicTrans","article_modified_time":"2020-06-29T12:54:10+00:00","og_image":[{"width":1903,"height":670,"url":"https:\/\/www.nordictrans.com\/wp-content\/uploads\/2018\/04\/quality-translation-services.png","type":"image\/png"}],"twitter_card":"summary_large_image","twitter_title":"Quality Translation Services for Documents and Websites - NordicTrans","twitter_description":"NordicTrans provides quality translation services for documents, website translation and software localization at fair prices, from and into any language.","twitter_site":"@NordicTrans","twitter_misc":{"Estimeret l\u00e6setid":"5 minutter"},"schema":{"@context":"https:\/\/schema.org","@graph":[{"@type":"WebPage","@id":"https:\/\/www.nordictrans.com\/da\/oversaettelser\/","url":"https:\/\/www.nordictrans.com\/da\/oversaettelser\/","name":"Kvalitets-overs\u00e6ttelser af dokumenter og hjemmesider \u2013 NordicTrans","isPartOf":{"@id":"https:\/\/www.nordictrans.com\/da\/#website"},"primaryImageOfPage":{"@id":"https:\/\/www.nordictrans.com\/da\/oversaettelser\/#primaryimage"},"image":{"@id":"https:\/\/www.nordictrans.com\/da\/oversaettelser\/#primaryimage"},"thumbnailUrl":"https:\/\/www.nordictrans.com\/wp-content\/uploads\/2018\/04\/quality-translation-services.png","datePublished":"2016-01-08T09:36:50+00:00","dateModified":"2020-06-29T12:54:10+00:00","description":"Nordictrans yder kvalitets dokument overs\u00e6ttelser, hjemmeside-overs\u00e6ttelse og software-lokalisering fra og til alle nordiske sprog","breadcrumb":{"@id":"https:\/\/www.nordictrans.com\/da\/oversaettelser\/#breadcrumb"},"inLanguage":"da-DK","potentialAction":[{"@type":"ReadAction","target":["https:\/\/www.nordictrans.com\/da\/oversaettelser\/"]}]},{"@type":"ImageObject","inLanguage":"da-DK","@id":"https:\/\/www.nordictrans.com\/da\/oversaettelser\/#primaryimage","url":"https:\/\/www.nordictrans.com\/wp-content\/uploads\/2018\/04\/quality-translation-services.png","contentUrl":"https:\/\/www.nordictrans.com\/wp-content\/uploads\/2018\/04\/quality-translation-services.png","width":1903,"height":670,"caption":"Quality Translation Services"},{"@type":"BreadcrumbList","@id":"https:\/\/www.nordictrans.com\/da\/oversaettelser\/#breadcrumb","itemListElement":[{"@type":"ListItem","position":1,"name":"Home","item":"https:\/\/www.nordictrans.com\/da\/"},{"@type":"ListItem","position":2,"name":"Overs\u00e6ttelser"}]},{"@type":"WebSite","@id":"https:\/\/www.nordictrans.com\/da\/#website","url":"https:\/\/www.nordictrans.com\/da\/","name":"Nordictrans.com","description":"Translation Agency specialized in Nordic Languages","publisher":{"@id":"https:\/\/www.nordictrans.com\/da\/#organization"},"potentialAction":[{"@type":"SearchAction","target":{"@type":"EntryPoint","urlTemplate":"https:\/\/www.nordictrans.com\/da\/?s={search_term_string}"},"query-input":{"@type":"PropertyValueSpecification","valueRequired":true,"valueName":"search_term_string"}}],"inLanguage":"da-DK"},{"@type":"Organization","@id":"https:\/\/www.nordictrans.com\/da\/#organization","name":"NordicTrans","url":"https:\/\/www.nordictrans.com\/da\/","logo":{"@type":"ImageObject","inLanguage":"da-DK","@id":"https:\/\/www.nordictrans.com\/da\/#\/schema\/logo\/image\/","url":"https:\/\/www.nordictrans.com\/wp-content\/uploads\/2015\/02\/logoNT.png","contentUrl":"https:\/\/www.nordictrans.com\/wp-content\/uploads\/2015\/02\/logoNT.png","width":272,"height":92,"caption":"NordicTrans"},"image":{"@id":"https:\/\/www.nordictrans.com\/da\/#\/schema\/logo\/image\/"},"sameAs":["https:\/\/www.facebook.com\/NordicTrans","https:\/\/x.com\/NordicTrans","https:\/\/www.instagram.com\/NordictransUS","https:\/\/www.linkedin.com\/company\/nordictrans","https:\/\/www.pinterest.com\/nordictrans01","https:\/\/www.youtube.com\/c\/nordictrans"]}]}},"_links":{"self":[{"href":"https:\/\/www.nordictrans.com\/da\/wp-json\/wp\/v2\/pages\/23271","targetHints":{"allow":["GET"]}}],"collection":[{"href":"https:\/\/www.nordictrans.com\/da\/wp-json\/wp\/v2\/pages"}],"about":[{"href":"https:\/\/www.nordictrans.com\/da\/wp-json\/wp\/v2\/types\/page"}],"author":[{"embeddable":true,"href":"https:\/\/www.nordictrans.com\/da\/wp-json\/wp\/v2\/users\/1"}],"replies":[{"embeddable":true,"href":"https:\/\/www.nordictrans.com\/da\/wp-json\/wp\/v2\/comments?post=23271"}],"version-history":[{"count":5,"href":"https:\/\/www.nordictrans.com\/da\/wp-json\/wp\/v2\/pages\/23271\/revisions"}],"predecessor-version":[{"id":48878,"href":"https:\/\/www.nordictrans.com\/da\/wp-json\/wp\/v2\/pages\/23271\/revisions\/48878"}],"wp:featuredmedia":[{"embeddable":true,"href":"https:\/\/www.nordictrans.com\/da\/wp-json\/wp\/v2\/media\/31782"}],"wp:attachment":[{"href":"https:\/\/www.nordictrans.com\/da\/wp-json\/wp\/v2\/media?parent=23271"}],"curies":[{"name":"wp","href":"https:\/\/api.w.org\/{rel}","templated":true}]}}