{"id":23251,"date":"2016-12-14T10:27:42","date_gmt":"2016-12-14T10:27:42","guid":{"rendered":"http:\/\/dev.nordictrans.com\/sprogoversaettelser-af-hoej-kvalitet\/"},"modified":"2020-06-30T10:17:14","modified_gmt":"2020-06-30T10:17:14","slug":"sprog","status":"publish","type":"page","link":"https:\/\/www.nordictrans.com\/da\/sprog\/","title":{"rendered":"Sprog"},"content":{"rendered":"<div class=\"wpb-content-wrapper\"><p>[vc_row][vc_column]\n\t\t\t<!-- START HQL Translation REVOLUTION SLIDER 6.6.16 --><p class=\"rs-p-wp-fix\"><\/p>\n\t\t\t<rs-module-wrap id=\"rev_slider_32_1_wrapper\" data-source=\"gallery\" style=\"visibility:hidden;background:transparent;padding:0;margin:0px auto;margin-top:0;margin-bottom:0;\">\n\t\t\t\t<rs-module id=\"rev_slider_32_1\" style=\"\" data-version=\"6.6.16\">\n\t\t\t\t\t<rs-slides style=\"overflow: hidden; position: absolute;\">\n\t\t\t\t\t\t<rs-slide style=\"position: absolute;\" data-key=\"rs-55\" data-title=\"Slide\" data-anim=\"adpr:false;\">\n\t\t\t\t\t\t\t<img decoding=\"async\" src=\"\/\/www.nordictrans.com\/wp-content\/plugins\/revslider\/public\/assets\/assets\/dummy.png\" alt=\"\" title=\"Sprog\" class=\"rev-slidebg tp-rs-img rs-lazyload\" data-lazyload=\"\/\/www.nordictrans.com\/wp-content\/uploads\/2018\/04\/high-quality-language-translation-services.png\" data-parallax=\"15\" data-no-retina>\n<!--\n\t\t\t\t\t\t\t--><rs-layer\n\t\t\t\t\t\t\t\tid=\"slider-32-slide-55-layer-1\" \n\t\t\t\t\t\t\t\tdata-type=\"text\"\n\t\t\t\t\t\t\t\tdata-color=\"rgba(255,255,255,1)||rgba(153,153,153,1)||rgba(153,153,153,1)||rgba(153,153,153,1)\"\n\t\t\t\t\t\t\t\tdata-rsp_ch=\"on\"\n\t\t\t\t\t\t\t\tdata-xy=\"xo:9px;yo:273px,294px,294px,294px;\"\n\t\t\t\t\t\t\t\tdata-text=\"s:50,60,40,30;l:50,60,40,30;fw:700;a:inherit;\"\n\t\t\t\t\t\t\t\tdata-frame_0=\"tp:600;\"\n\t\t\t\t\t\t\t\tdata-frame_1=\"tp:600;st:0;\"\n\t\t\t\t\t\t\t\tdata-frame_999=\"o:0;tp:600;st:w;sR:8700.0006103516;\"\n\t\t\t\t\t\t\t\tstyle=\"z-index:5;font-family:'Open Sans';opacity:0.6;\"\n\t\t\t\t\t\t\t>\nSPROG<br\/>\nOVERS\u00c6TTELSESSERVICE \n\t\t\t\t\t\t\t<\/rs-layer><!--\n-->\t\t\t\t\t\t<\/rs-slide>\n\t\t\t\t\t<\/rs-slides>\n\t\t\t\t<\/rs-module>\n\t\t\t\t<script>\n\t\t\t\t\tsetREVStartSize({c: 'rev_slider_32_1',rl:[1240,1024,778,480],el:[655,600,500,400],gw:[1240,1024,778,480],gh:[655,600,500,400],type:'hero',justify:'',layout:'fullwidth',mh:\"0\"});if (window.RS_MODULES!==undefined && window.RS_MODULES.modules!==undefined && window.RS_MODULES.modules[\"revslider321\"]!==undefined) {window.RS_MODULES.modules[\"revslider321\"].once = false;window.revapi32 = undefined;if (window.RS_MODULES.checkMinimal!==undefined) window.RS_MODULES.checkMinimal()}\n\t\t\t\t<\/script>\n\t\t\t<\/rs-module-wrap>\n\t\t\t<!-- END REVOLUTION SLIDER -->\n[\/vc_column][\/vc_row][vc_row][vc_column][vc_raw_html]JTNDZGl2JTIwaWQlM0QlMjJzZWNvbmRfYnJlZCUyMiUyMGNsYXNzJTNEJTIyd2YtdGQlMjIlM0UlM0MlMkZkaXYlM0U=[\/vc_raw_html][\/vc_column][\/vc_row][vc_row rowtype=&#8221;fullw&#8221;][vc_column][vc_empty_space][vc_column_text]<\/p>\n<h1 style=\"text-align: center; color: #2a4a8f;\"><strong>SPROGOVERS\u00c6TTELSER AF H\u00d8J KVALITET<\/strong><\/h1>\n<p>Hvis der er en ting, du har brug for til din internet-forretning i disse dage, s\u00e5 er det sprogovers\u00e6ttelser. Over tid er virksomheders behov for at g\u00e5 l\u00e6ngere og h\u00f8jere i ydelsen af services til deres kunder blevet endnu vigtigere. Det kr\u00e6ver masser af h\u00e5rdt arbejde at opbygge din forretning, og det er i det samme lys, du b\u00f8r s\u00f8rge for, at du har en platform, der nemt kan opfylde dine brugeres behov.[\/vc_column_text][vc_column_text css_animation=&#8221;appear&#8221;]I tilf\u00e6lde af at du ejer en hjemmeside, eller enhver virksomhed i den nordiske region, kan du komme til os for nordiske overs\u00e6ttelser. Du vil kunne f\u00e5 en masse fordele ud af dem, og det vil v\u00e6re din tid v\u00e6rd at bruge vores sprogovers\u00e6ttelser. Vi har flere teams, der er dedikerede til at arbejde p\u00e5 din overs\u00e6ttelse til de nordiske sprog for at v\u00e6re sikre p\u00e5, at dine behov altid bliver opfyldt s\u00e5 perfekt som muligt.[\/vc_column_text][vc_empty_space height=&#8221;50px&#8221;][vc_row_inner][vc_column_inner width=&#8221;1\/4&#8243;][vc_single_image image=&#8221;23253&#8243; img_size=&#8221;full&#8221; alignment=&#8221;center&#8221; css_animation=&#8221;fadeInUpBig&#8221;][vc_column_text css_animation=&#8221;fadeInUpBig&#8221;]<\/p>\n<h3 style=\"text-align: center;\">Dansk overs\u00e6ttelse<\/h3>\n<p style=\"text-align: left;\">NordicTrans bruger kun danske modersm\u00e5ltalende, n\u00e5r der skal overs\u00e6ttes fra ethvert sprog til dansk, og det sikrer, at dit budskb er korrekt oversat til m\u00e5l-sproget. Yderligere er der korrekturl\u00e6sning af en anden modersm\u00e5lstalende, og vore QA-team tjekker for at sikre, at du kun f\u00e5r den bedste service.<\/p>\n<p>[\/vc_column_text][\/vc_column_inner][vc_column_inner width=&#8221;1\/4&#8243;][vc_single_image image=&#8221;23254&#8243; img_size=&#8221;full&#8221; alignment=&#8221;center&#8221; css_animation=&#8221;fadeInUpBig&#8221;][vc_column_text css_animation=&#8221;fadeInUpBig&#8221;]<\/p>\n<h3 style=\"text-align: center;\">Finsk overs\u00e6ttelse<\/h3>\n<p style=\"text-align: left;\">N\u00e5r et dokument skal overs\u00e6ttes til finsk, s\u00f8rger vi for, at det er de bedste sprogfolk der arbejder p\u00e5 det. Vi udv\u00e6lger overs\u00e6ttere med det i tankerne, at de skal have bevist erfaring p\u00e5 omr\u00e5det. Du f\u00e5r pr\u00e6cise overs\u00e6ttelser, uanset emnet, da vi har specialiserede sprogfolk til n\u00e6sten enhver branche.<\/p>\n<p>[\/vc_column_text][\/vc_column_inner][vc_column_inner width=&#8221;1\/4&#8243;][vc_single_image image=&#8221;23256&#8243; img_size=&#8221;full&#8221; alignment=&#8221;center&#8221; css_animation=&#8221;fadeInUpBig&#8221;][vc_column_text css_animation=&#8221;fadeInUpBig&#8221;]<\/p>\n<h3 style=\"text-align: center;\">Svensk overs\u00e6ttelse<\/h3>\n<p style=\"text-align: left;\">N\u00e5r det drejer sig om svenske overs\u00e6ttelser, vil vores projektledere s\u00f8rge for, at den rigtige overs\u00e6tter v\u00e6lges til jobbet. Vores hovem\u00e5l er kvalitet, og derfor kan du v\u00e6re sikker p\u00e5, at du kun vil f\u00e5 kvalitets-overs\u00e6ttelser. Vores korrekturl\u00e6sere og kvalitetssikrings-team vil s\u00f8rge for, at du ikke f\u00e5r andet.<\/p>\n<p>[\/vc_column_text][\/vc_column_inner][vc_column_inner width=&#8221;1\/4&#8243;][vc_single_image image=&#8221;23255&#8243; img_size=&#8221;full&#8221; alignment=&#8221;center&#8221; css_animation=&#8221;fadeInUpBig&#8221;][vc_column_text css_animation=&#8221;fadeInUpBig&#8221;]<\/p>\n<h3 style=\"text-align: center;\">Norsk overs\u00e6ttelse<\/h3>\n<p style=\"text-align: left;\">Med et hurtigt blik ser det ud til at en stor del af de norske overs\u00e6ttelser, vi har udf\u00f8rt, har at g\u00f8re med import\/eksport-transaktioner, men det betyder ikke, at vi ikke kan udf\u00f8re juridiske eller medicinske overs\u00e6ttelser fra og til norsk. Vi har specialiserede overs\u00e6ttere, der venter p\u00e5 det n\u00e6ste projekt, bliver det dit?<\/p>\n<p>[\/vc_column_text][\/vc_column_inner][\/vc_row_inner][vc_row_inner][vc_column_inner][vc_empty_space height=&#8221;70px&#8221;][vc_column_text]<\/p>\n<h3 class=\"custom_title title_center txt_maincolor title_center default\" style=\"text-align: center;\" data-animation=\"fadeInRight\" data-anim-target=\"self\" data-delay=\"100\" data-speed=\"800\" data-ease=\"easeInOutQuart\"><span style=\"color: #2a4a8f;\">Overs\u00e6ttelse fra og til ethvert sprog<\/span><\/h3>\n<p>[\/vc_column_text][vc_empty_space height=&#8221;70px&#8221;][\/vc_column_inner][\/vc_row_inner][vc_row_inner][vc_column_inner width=&#8221;1\/2&#8243;][vc_single_image image=&#8221;23252&#8243; img_size=&#8221;full&#8221; alignment=&#8221;center&#8221; css_animation=&#8221;fadeInLeftBig&#8221;][\/vc_column_inner][vc_column_inner width=&#8221;1\/2&#8243;][vc_column_text css_animation=&#8221;fadeInRightBig&#8221;]Ud over specialisering i nordiske sprogovers\u00e6ttelser, str\u00e6ber vi ogs\u00e5 efter at f\u00e5 gennemf\u00f8rt og tilbyde dig overs\u00e6ttelse p\u00e5 s\u00e5 mange andre sprog i dag. Dette er noget du helt sikker vil komme til at drage fordel af, og bruge til din fordel.<\/p>\n<p>Mange af de forretningskontrakter du vil m\u00f8de afh\u00e6nger af en god forst\u00e5else mellem klienten og virksomheden, og det er derfor du skal f\u00e5 en god overs\u00e6tter til at arbejde for dig.<\/p>\n<h2><strong>Et par grunde til at arbejde sammen med os:<\/strong><\/h2>\n<div style=\"width: 250px; margin-right: auto; margin-left: auto; text-align: left;\">\n<p style=\"text-align: left;\"><i class=\"fa fa-check-circle fa-lg\" style=\"color: #81d742;\"><\/i><strong>Vi overs\u00e6tter over 80 sprog<\/strong><\/p>\n<p style=\"text-align: left;\"><i class=\"fa fa-check-circle fa-lg\" style=\"color: #81d742;\"><\/i><strong>500 sprogkombinationer<\/strong><\/p>\n<p style=\"text-align: left;\"><i class=\"fa fa-check-circle fa-lg\" style=\"color: #81d742;\"><\/i><strong>Kun indf\u00f8dte overs\u00e6ttere<\/strong><\/p>\n<p style=\"text-align: left;\"><i class=\"fa fa-check-circle fa-lg\" style=\"color: #81d742;\"><\/i><strong>Anden indf\u00f8dt redakt\u00f8r<\/strong><\/p>\n<p style=\"text-align: left;\"><i class=\"fa fa-check-circle fa-lg\" style=\"color: #81d742;\"><\/i><strong>Hurtig behandling<\/strong><\/p>\n<\/div>\n<p>[\/vc_column_text][\/vc_column_inner][\/vc_row_inner][vc_row_inner][vc_column_inner][vc_empty_space height=&#8221;50px&#8221;][vc_column_text css_animation=&#8221;appear&#8221;]Du kan sp\u00f8rge dig selv, hvorfor er vores sprogovers\u00e6ttelser de bedste p\u00e5 markedet? Vi er opm\u00e6rksomme p\u00e5 dine behov og s\u00f8rger for, at n\u00e5r du sender arbejde til os, s\u00e5 s\u00e6tter vi kun det bedste team til at arbejde p\u00e5 det. Dette er et tegn p\u00e5 vores forpligtelse overfor serviceydelser af h\u00f8j kvalitet, som ikke bar har gjort det nemmere at opfylde de l\u00f8fter, vi giver, hvad ang\u00e5r servicelevering, men som ogs\u00e5 er rettet mod at sikre at din virksomhed drager fordel af nogle af de bedste serviceudbyderer i branchen indtil nu.<\/p>\n<p>Tag dig god tid og tag kontakt med os, for at f\u00e5 overs\u00e6ttelser af h\u00f8j kvalitet til overkommelige priser.[\/vc_column_text][vc_empty_space height=&#8221;50px&#8221;][\/vc_column_inner][\/vc_row_inner][\/vc_column][\/vc_row][vc_row type=&#8221;3&#8243; full_width_row=&#8221;true&#8221; el_class=&#8221;live-contact-btn-wrap&#8221;][vc_column][vc_cta h2=&#8221;&#8221; txt_align=&#8221;center&#8221; add_button=&#8221;right&#8221; btn_title=&#8221;LIVE KONTAKT&#8221; btn_style=&#8221;custom&#8221; btn_custom_background=&#8221;#ffffff&#8221; btn_custom_text=&#8221;#2a4a8f&#8221; btn_shape=&#8221;round&#8221; btn_align=&#8221;center&#8221; btn_button_block=&#8221;true&#8221; btn_link=&#8221;url:https%3A%2F%2Fwww.nordictrans.com%2Fchat-popup%2F|||&#8221; el_class=&#8221;live-contact-btn&#8221;]<\/p>\n<h3 style=\"font-size: 28px; line-height: 40px;\">Er du klar? Lad os komme i gang:<\/h3>\n<p>[\/vc_cta][\/vc_column][\/vc_row]<\/p>\n<\/div>","protected":false},"excerpt":{"rendered":"<p>[vc_row][vc_column][\/vc_column][\/vc_row][vc_row][vc_column][vc_raw_html]JTNDZGl2JTIwaWQlM0QlMjJzZWNvbmRfYnJlZCUyMiUyMGNsYXNzJTNEJTIyd2YtdGQlMjIlM0UlM0MlMkZkaXYlM0U=[\/vc_raw_html][\/vc_column][\/vc_row][vc_row rowtype=&#8221;fullw&#8221;][vc_column][vc_empty_space][vc_column_text] SPROGOVERS\u00c6TTELSER AF H\u00d8J KVALITET Hvis der er en ting, du har brug for til din internet-forretning i disse dage, s\u00e5 er det sprogovers\u00e6ttelser. Over tid er virksomheders behov for at g\u00e5 l\u00e6ngere og h\u00f8jere i ydelsen af services til deres kunder blevet endnu vigtigere. Det kr\u00e6ver masser af h\u00e5rdt arbejde at opbygge din&hellip;<\/p>\n","protected":false},"author":1,"featured_media":31825,"parent":0,"menu_order":0,"comment_status":"closed","ping_status":"closed","template":"","meta":{"_acf_changed":false,"footnotes":""},"class_list":["post-23251","page","type-page","status-publish","has-post-thumbnail","hentry","description-off"],"acf":[],"yoast_head":"<!-- This site is optimized with the Yoast SEO Premium plugin v26.5 (Yoast SEO v26.5) - https:\/\/yoast.com\/wordpress\/plugins\/seo\/ -->\n<title>Sprogovers\u00e6ttelser af h\u00f8j kvalitet 24\/7 \u2013 NordicTrans<\/title>\n<meta name=\"description\" content=\"Sprogovers\u00e6ttelser af h\u00f8j kvalitet: Vi s\u00f8rger for at n\u00e5r du sender arbejde til os, s\u00e5 s\u00e6tter vi kun det bedste team til at arbejde p\u00e5 det.\" \/>\n<meta name=\"robots\" content=\"index, follow, max-snippet:-1, max-image-preview:large, max-video-preview:-1\" \/>\n<link rel=\"canonical\" href=\"https:\/\/www.nordictrans.com\/da\/sprog\/\" \/>\n<meta property=\"og:locale\" content=\"da_DK\" \/>\n<meta property=\"og:type\" content=\"article\" \/>\n<meta property=\"og:title\" content=\"Sprog\" \/>\n<meta property=\"og:description\" content=\"We provide high quality language translation services and we make sure that when you send your work to us, we have none but the best team working on it.\" \/>\n<meta property=\"og:url\" content=\"https:\/\/www.nordictrans.com\/da\/sprog\/\" \/>\n<meta property=\"og:site_name\" content=\"Nordictrans.com\" \/>\n<meta property=\"article:publisher\" content=\"https:\/\/www.facebook.com\/NordicTrans\" \/>\n<meta property=\"article:modified_time\" content=\"2020-06-30T10:17:14+00:00\" \/>\n<meta property=\"og:image\" content=\"https:\/\/www.nordictrans.com\/wp-content\/uploads\/2018\/04\/high-quality-language-translation-services.png\" \/>\n\t<meta property=\"og:image:width\" content=\"1903\" \/>\n\t<meta property=\"og:image:height\" content=\"670\" \/>\n\t<meta property=\"og:image:type\" content=\"image\/png\" \/>\n<meta name=\"twitter:card\" content=\"summary_large_image\" \/>\n<meta name=\"twitter:title\" content=\"High Quality Language Translation Services - NordicTrans\" \/>\n<meta name=\"twitter:description\" content=\"Nordictrans provide high-quality language translation services in over 100 languages. Overcome the communication barrier and operate at a global level!\" \/>\n<meta name=\"twitter:site\" content=\"@NordicTrans\" \/>\n<meta name=\"twitter:label1\" content=\"Estimeret l\u00e6setid\" \/>\n\t<meta name=\"twitter:data1\" content=\"5 minutter\" \/>\n<!-- \/ Yoast SEO Premium plugin. -->","yoast_head_json":{"title":"Sprogovers\u00e6ttelser af h\u00f8j kvalitet 24\/7 \u2013 NordicTrans","description":"Sprogovers\u00e6ttelser af h\u00f8j kvalitet: Vi s\u00f8rger for at n\u00e5r du sender arbejde til os, s\u00e5 s\u00e6tter vi kun det bedste team til at arbejde p\u00e5 det.","robots":{"index":"index","follow":"follow","max-snippet":"max-snippet:-1","max-image-preview":"max-image-preview:large","max-video-preview":"max-video-preview:-1"},"canonical":"https:\/\/www.nordictrans.com\/da\/sprog\/","og_locale":"da_DK","og_type":"article","og_title":"Sprog","og_description":"We provide high quality language translation services and we make sure that when you send your work to us, we have none but the best team working on it.","og_url":"https:\/\/www.nordictrans.com\/da\/sprog\/","og_site_name":"Nordictrans.com","article_publisher":"https:\/\/www.facebook.com\/NordicTrans","article_modified_time":"2020-06-30T10:17:14+00:00","og_image":[{"width":1903,"height":670,"url":"https:\/\/www.nordictrans.com\/wp-content\/uploads\/2018\/04\/high-quality-language-translation-services.png","type":"image\/png"}],"twitter_card":"summary_large_image","twitter_title":"High Quality Language Translation Services - NordicTrans","twitter_description":"Nordictrans provide high-quality language translation services in over 100 languages. Overcome the communication barrier and operate at a global level!","twitter_site":"@NordicTrans","twitter_misc":{"Estimeret l\u00e6setid":"5 minutter"},"schema":{"@context":"https:\/\/schema.org","@graph":[{"@type":"WebPage","@id":"https:\/\/www.nordictrans.com\/da\/sprog\/","url":"https:\/\/www.nordictrans.com\/da\/sprog\/","name":"Sprogovers\u00e6ttelser af h\u00f8j kvalitet 24\/7 \u2013 NordicTrans","isPartOf":{"@id":"https:\/\/www.nordictrans.com\/da\/#website"},"primaryImageOfPage":{"@id":"https:\/\/www.nordictrans.com\/da\/sprog\/#primaryimage"},"image":{"@id":"https:\/\/www.nordictrans.com\/da\/sprog\/#primaryimage"},"thumbnailUrl":"https:\/\/www.nordictrans.com\/wp-content\/uploads\/2018\/04\/high-quality-language-translation-services.png","datePublished":"2016-12-14T10:27:42+00:00","dateModified":"2020-06-30T10:17:14+00:00","description":"Sprogovers\u00e6ttelser af h\u00f8j kvalitet: Vi s\u00f8rger for at n\u00e5r du sender arbejde til os, s\u00e5 s\u00e6tter vi kun det bedste team til at arbejde p\u00e5 det.","breadcrumb":{"@id":"https:\/\/www.nordictrans.com\/da\/sprog\/#breadcrumb"},"inLanguage":"da-DK","potentialAction":[{"@type":"ReadAction","target":["https:\/\/www.nordictrans.com\/da\/sprog\/"]}]},{"@type":"ImageObject","inLanguage":"da-DK","@id":"https:\/\/www.nordictrans.com\/da\/sprog\/#primaryimage","url":"https:\/\/www.nordictrans.com\/wp-content\/uploads\/2018\/04\/high-quality-language-translation-services.png","contentUrl":"https:\/\/www.nordictrans.com\/wp-content\/uploads\/2018\/04\/high-quality-language-translation-services.png","width":1903,"height":670,"caption":"high quality language translation services"},{"@type":"BreadcrumbList","@id":"https:\/\/www.nordictrans.com\/da\/sprog\/#breadcrumb","itemListElement":[{"@type":"ListItem","position":1,"name":"Home","item":"https:\/\/www.nordictrans.com\/da\/"},{"@type":"ListItem","position":2,"name":"Sprog"}]},{"@type":"WebSite","@id":"https:\/\/www.nordictrans.com\/da\/#website","url":"https:\/\/www.nordictrans.com\/da\/","name":"Nordictrans.com","description":"Translation Agency specialized in Nordic Languages","publisher":{"@id":"https:\/\/www.nordictrans.com\/da\/#organization"},"potentialAction":[{"@type":"SearchAction","target":{"@type":"EntryPoint","urlTemplate":"https:\/\/www.nordictrans.com\/da\/?s={search_term_string}"},"query-input":{"@type":"PropertyValueSpecification","valueRequired":true,"valueName":"search_term_string"}}],"inLanguage":"da-DK"},{"@type":"Organization","@id":"https:\/\/www.nordictrans.com\/da\/#organization","name":"NordicTrans","url":"https:\/\/www.nordictrans.com\/da\/","logo":{"@type":"ImageObject","inLanguage":"da-DK","@id":"https:\/\/www.nordictrans.com\/da\/#\/schema\/logo\/image\/","url":"https:\/\/www.nordictrans.com\/wp-content\/uploads\/2015\/02\/logoNT.png","contentUrl":"https:\/\/www.nordictrans.com\/wp-content\/uploads\/2015\/02\/logoNT.png","width":272,"height":92,"caption":"NordicTrans"},"image":{"@id":"https:\/\/www.nordictrans.com\/da\/#\/schema\/logo\/image\/"},"sameAs":["https:\/\/www.facebook.com\/NordicTrans","https:\/\/x.com\/NordicTrans","https:\/\/www.instagram.com\/NordictransUS","https:\/\/www.linkedin.com\/company\/nordictrans","https:\/\/www.pinterest.com\/nordictrans01","https:\/\/www.youtube.com\/c\/nordictrans"]}]}},"_links":{"self":[{"href":"https:\/\/www.nordictrans.com\/da\/wp-json\/wp\/v2\/pages\/23251","targetHints":{"allow":["GET"]}}],"collection":[{"href":"https:\/\/www.nordictrans.com\/da\/wp-json\/wp\/v2\/pages"}],"about":[{"href":"https:\/\/www.nordictrans.com\/da\/wp-json\/wp\/v2\/types\/page"}],"author":[{"embeddable":true,"href":"https:\/\/www.nordictrans.com\/da\/wp-json\/wp\/v2\/users\/1"}],"replies":[{"embeddable":true,"href":"https:\/\/www.nordictrans.com\/da\/wp-json\/wp\/v2\/comments?post=23251"}],"version-history":[{"count":5,"href":"https:\/\/www.nordictrans.com\/da\/wp-json\/wp\/v2\/pages\/23251\/revisions"}],"predecessor-version":[{"id":48979,"href":"https:\/\/www.nordictrans.com\/da\/wp-json\/wp\/v2\/pages\/23251\/revisions\/48979"}],"wp:featuredmedia":[{"embeddable":true,"href":"https:\/\/www.nordictrans.com\/da\/wp-json\/wp\/v2\/media\/31825"}],"wp:attachment":[{"href":"https:\/\/www.nordictrans.com\/da\/wp-json\/wp\/v2\/media?parent=23251"}],"curies":[{"name":"wp","href":"https:\/\/api.w.org\/{rel}","templated":true}]}}