{"id":11636,"date":"2011-09-15T03:40:21","date_gmt":"2011-09-15T03:40:21","guid":{"rendered":"http:\/\/dev.nordictrans.com\/contact\/"},"modified":"2020-06-29T12:50:22","modified_gmt":"2020-06-29T12:50:22","slug":"kontakt","status":"publish","type":"page","link":"https:\/\/www.nordictrans.com\/da\/kontakt\/","title":{"rendered":"Kontakt"},"content":{"rendered":"<div class=\"wpb-content-wrapper\"><p>[vc_row rowtype=&#8221;fullwnc&#8221;][vc_column]\n\t\t\t<!-- START Contact Us REVOLUTION SLIDER 6.6.16 --><p class=\"rs-p-wp-fix\"><\/p>\n\t\t\t<rs-module-wrap id=\"rev_slider_33_1_wrapper\" data-source=\"gallery\" style=\"visibility:hidden;background:transparent;padding:0;margin:0px auto;margin-top:0;margin-bottom:0;\">\n\t\t\t\t<rs-module id=\"rev_slider_33_1\" style=\"\" data-version=\"6.6.16\">\n\t\t\t\t\t<rs-slides style=\"overflow: hidden; position: absolute;\">\n\t\t\t\t\t\t<rs-slide style=\"position: absolute;\" data-key=\"rs-37\" data-title=\"Slide\" data-anim=\"adpr:false;\" data-in=\"o:0;\" data-out=\"a:false;\">\n\t\t\t\t\t\t\t<img decoding=\"async\" src=\"\/\/www.nordictrans.com\/wp-content\/plugins\/revslider\/public\/assets\/assets\/dummy.png\" alt=\"\" title=\"Kontakt\" class=\"rev-slidebg tp-rs-img rs-lazyload\" data-lazyload=\"\/\/www.nordictrans.com\/wp-content\/uploads\/2018\/06\/translation-company-in-uk-and-us.png\" data-parallax=\"15\" data-no-retina>\n<!--\n\t\t\t\t\t\t\t--><rs-layer\n\t\t\t\t\t\t\t\tid=\"slider-33-slide-37-layer-0\" \n\t\t\t\t\t\t\t\tdata-type=\"text\"\n\t\t\t\t\t\t\t\tdata-color=\"#fff\"\n\t\t\t\t\t\t\t\tdata-rsp_ch=\"on\"\n\t\t\t\t\t\t\t\tdata-xy=\"xo:394px,325px,246px,151px;yo:229px,189px,143px,88px;\"\n\t\t\t\t\t\t\t\tdata-text=\"w:normal;s:40,33,25,15;l:50,41,31,19;fw:900;\"\n\t\t\t\t\t\t\t\tdata-dim=\"minh:0px,none,none,none;\"\n\t\t\t\t\t\t\t\tdata-frame_999=\"o:0;st:w;\"\n\t\t\t\t\t\t\t\tstyle=\"z-index:5;font-family:'Roboto';text-transform:uppercase;\"\n\t\t\t\t\t\t\t>CONTACT US \n\t\t\t\t\t\t\t<\/rs-layer><!--\n-->\t\t\t\t\t\t<\/rs-slide>\n\t\t\t\t\t<\/rs-slides>\n\t\t\t\t<\/rs-module>\n\t\t\t\t<script>\n\t\t\t\t\tsetREVStartSize({c: 'rev_slider_33_1',rl:[1240,1024,778,480],el:[655,600,500,400],gw:[1240,1024,778,480],gh:[655,600,500,400],type:'hero',justify:'',layout:'fullwidth',mh:\"0\"});if (window.RS_MODULES!==undefined && window.RS_MODULES.modules!==undefined && window.RS_MODULES.modules[\"revslider331\"]!==undefined) {window.RS_MODULES.modules[\"revslider331\"].once = false;window.revapi33 = undefined;if (window.RS_MODULES.checkMinimal!==undefined) window.RS_MODULES.checkMinimal()}\n\t\t\t\t<\/script>\n\t\t\t<\/rs-module-wrap>\n\t\t\t<!-- END REVOLUTION SLIDER -->\n[\/vc_column][\/vc_row][vc_row rowtype=&#8221;fullwnc&#8221;][vc_column][vc_raw_html]JTNDZGl2JTIwaWQlM0QlMjJzZWNvbmRfYnJlZCUyMiUyMGNsYXNzJTNEJTIyd2YtdGQlMjIlM0UlM0MlMkZkaXYlM0U=[\/vc_raw_html][\/vc_column][\/vc_row][vc_row type=&#8221;vc_default&#8221; full_width=&#8221;stretch_row_content_no_spaces&#8221; content_placement=&#8221;top&#8221; full_width_row=&#8221;true&#8221; el_class=&#8221;google-map-wrap&#8221;][vc_column][vc_column_text el_class=&#8221;google-map&#8221;]<\/p>\n<p style=\"text-align: center;\"><div id=\"wpgmza_map\" class=\"wpgmza_map\" data-settings='{\"id\":\"1\",\"map_title\":\"Our Offices\",\"map_width\":\"100\",\"map_height\":\"400\",\"map_start_lat\":\"47.760735\",\"map_start_lng\":\"-50.869035\",\"map_start_location\":\"47.76073545358378,-50.869035193242475\",\"map_start_zoom\":\"3\",\"default_marker\":\"0\",\"type\":\"3\",\"alignment\":\"2\",\"directions_enabled\":\"1\",\"styling_enabled\":\"0\",\"styling_json\":\"\",\"active\":\"0\",\"kml\":\"\",\"bicycle\":\"0\",\"traffic\":\"0\",\"dbox\":\"1\",\"dbox_width\":\"250\",\"listmarkers\":\"0\",\"listmarkers_advanced\":\"0\",\"filterbycat\":\"0\",\"ugm_enabled\":\"0\",\"ugm_category_enabled\":\"0\",\"fusion\":\"\",\"map_width_type\":\"\\\\%\",\"map_height_type\":\"px\",\"mass_marker_support\":\"1\",\"ugm_access\":\"0\",\"order_markers_by\":\"1\",\"order_markers_choice\":\"2\",\"show_user_location\":\"0\",\"default_to\":\"\",\"other_settings\":{\"store_locator_enabled\":2,\"store_locator_distance\":2,\"store_locator_default_radius\":\"10\",\"store_locator_not_found_message\":\"No results found in this location. Please try again.\",\"store_locator_bounce\":1,\"store_locator_query_string\":\"ZIP \\\/ Address:\",\"store_locator_default_address\":\"\",\"wpgmza_store_locator_restrict\":\"\",\"store_locator_style\":\"legacy\",\"wpgmza_store_locator_radius_style\":\"legacy\",\"map_max_zoom\":\"1\",\"transport_layer\":0,\"wpgmza_show_points_of_interest\":0,\"bicycle\":\"0\",\"traffic\":\"0\"}}' data-map-id='1' Data-maps-engine='google-maps' data-shortcode-attributes='{\"id\":\"1\"}' style=\"display:block; overflow:auto; width:100%; height:400px; float:left;\"><\/div>\n<p>[\/vc_column_text][\/vc_column][\/vc_row][vc_row margin_bottom=&#8221;0px&#8221; rowtype=&#8221;fullw&#8221;][vc_column width=&#8221;2\/3&#8243; animation=&#8221;fadeInLeft&#8221; enable_animation=&#8221;true&#8221;][vc_empty_space height=&#8221;50&#8243;][vc_column_text]Kontakt os ved hj\u00e6lp af nedenst\u00e5ende formular. Du kan ogs\u00e5 ringe eller chatte med os ved hj\u00e6lp af livechat-funktionen. Vi arbejder 24 timer i d\u00f8gnet, 7 dage om ugen, s\u00e5 du kan kontakte os til enhver tid, dag eller nat.<\/p>\n<p><p class=\"wpcf7-contact-form-not-found\"><strong>Fejl:<\/strong> Kontaktformular ikke fundet.<\/p>[\/vc_column_text][\/vc_column][vc_column width=&#8221;1\/3&#8243;][vc_column_text css_animation=&#8221;left-to-right&#8221;]<\/p>\n<h3 style=\"text-align: center;\">Vi er her for at hj\u00e6lpe. Ring til os!<\/h3>\n<p><img decoding=\"async\" class=\"aligncenter wp-image-3216 \" src=\"https:\/\/www.nordictrans.com\/wp-content\/uploads\/2011\/09\/foto_modelo1-3.png\" alt=\"Kontakt os - Overs\u00e6ttelsesbureau i UK og USA, \u00e5bent 24\/7\" width=\"296\" height=\"244\" srcset=\"https:\/\/www.nordictrans.com\/wp-content\/uploads\/2011\/09\/foto_modelo1-3.png 400w, https:\/\/www.nordictrans.com\/wp-content\/uploads\/2011\/09\/foto_modelo1-3-300x248.png 300w, https:\/\/www.nordictrans.com\/wp-content\/uploads\/2011\/09\/foto_modelo1-3-250x206.png 250w, https:\/\/www.nordictrans.com\/wp-content\/uploads\/2011\/09\/foto_modelo1-3-364x300.png 364w\" sizes=\"(max-width: 296px) 100vw, 296px\" \/>[\/vc_column_text][vc_row_inner][vc_column_inner width=&#8221;1\/2&#8243;][vc_single_image image=&#8221;25378&#8243; img_size=&#8221;&#8221;][vc_column_text]<span style=\"color: #2c5a85;\"><strong>USA Overs\u00e6ttelseskontor:<\/strong><\/span><br \/>\n<span style=\"color: #2c5a85;\">2332 Galiano Street<br \/>\n2nd Floor<br \/>\nCoral Gables, FL<br \/>\n33134<\/span><br \/>\n<span style=\"color: #2c5a85;\">United States<\/span><\/p>\n<p><span style=\"color: #2c5a85;\"><strong>Telefon<\/strong><br \/>\n+1-786-539-4774<br \/>\n<\/span><\/p>\n<p><span style=\"color: #2c5a85;\"><strong>Email<\/strong><br \/>\nmiami@nordictrans.com<br \/>\n<\/span>[\/vc_column_text][\/vc_column_inner][vc_column_inner width=&#8221;1\/2&#8243;][vc_single_image image=&#8221;25386&#8243; img_size=&#8221;&#8221;][vc_column_text]<span style=\"color: #2c5a85;\"><strong>UK Overs\u00e6ttelseskontor:<\/strong><\/span><br \/>\n<span style=\"color: #2c5a85;\"> 4200 Waterside Centre<\/span><br \/>\n<span style=\"color: #2c5a85;\"> Solihull Parkway<\/span><br \/>\n<span style=\"color: #2c5a85;\"> Birmingham<\/span><br \/>\n<span style=\"color: #2c5a85;\"> B37 7YN<\/span><br \/>\n<span style=\"color: #2c5a85;\"> United Kingdom<\/span><\/p>\n<p><span style=\"color: #2c5a85;\"><strong>Telefon:<\/strong><\/span><br \/>\n<span style=\"color: #2c5a85;\">+44-121-31-482-53<\/span><\/p>\n<p><span style=\"color: #2c5a85;\"><strong>Email<\/strong><br \/>\nbirmingham@nordictrans.com<br \/>\n<\/span>[\/vc_column_text][\/vc_column_inner][\/vc_row_inner][vc_column_text]<\/p>\n<p style=\"text-align: center;\"><span style=\"color: #2c5a85;\"><strong>Email:<\/strong><\/span><br \/>\n<span style=\"color: #2c5a85;\"> info@nordictrans.com<strong><br \/>\n<\/strong><\/span><\/p>\n<p>[\/vc_column_text][\/vc_column][\/vc_row][vc_row margin_bottom=&#8221;0px&#8221; rowtype=&#8221;fullwnc&#8221;][vc_column][vc_separator][vc_column_text]<\/p>\n<h1 style=\"text-align: center;\"><span style=\"color: #2c5a85;\">Overs\u00e6ttelsesbureau i UK og USA<\/span><\/h1>\n<p>[\/vc_column_text][\/vc_column][\/vc_row][vc_row][vc_column width=&#8221;1\/4&#8243;][vc_single_image image=&#8221;25395&#8243; img_size=&#8221;&#8221; css_animation=&#8221;fadeInLeft&#8221;][\/vc_column][vc_column width=&#8221;3\/4&#8243;][vc_column_text css_animation=&#8221;fadeInRight&#8221;]<strong>NordicTrans er et overs\u00e6ttelsesbureau i Storbritannien og USA, der specialiserer sig i de nordiske sprog.<\/strong> Vores interne professionelle overs\u00e6ttere er kvalificerede til at overs\u00e6tte alle typer dokumenter fra og til dansk, hollandsk, svensk, finsk, norsk, islandsk, tysk, men ogs\u00e5 fra og til over 80 yderligere sprog.<\/p>\n<p>Vores overs\u00e6ttelseskontor i Birmingham er \u00e5bent d\u00f8gnet rundt &#8211; ogs\u00e5 i weekenden. Der er altid en projektleder til r\u00e5dighed for at hj\u00e6lpe dig med ethvert dokument, fra og til et hvilket som helst sprog og uanset hvilken type, det er: fra forretningsdokumenter til medicinsk, juridisk eller teknisk dokumentation; vi kan g\u00f8re det hurtigt og til en overkommelig pris.<\/p>\n<p>Vores kunder er vores bedste aktiver; derfor bestr\u00e6ber vi os p\u00e5 at holde alle tilfredse med deres overs\u00e6ttelse uanset om, det er et lille eller et stort projekt. Der vil altid v\u00e6re en professionel overs\u00e6tter, der er hjemmeh\u00f8rende i landet med dit m\u00e5lsprog og er specialiseret i dit felt, til at overs\u00e6tte dit dokument. Yderligere en sprogkyndig vil derefter korrekturl\u00e6se og redigere overs\u00e6ttelsen, og vores QA-team vil kontrollere det for uoverensstemmelser og endelig levere det til dig sammen med en kvalitetsrapport.<\/p>\n<p>Vi har for nylig \u00e5bnet et andet kontor i USA, og vi kan ogs\u00e5 levere certificerede overs\u00e6ttelser til indvandring i USA. Vores overs\u00e6ttelseskontor i Miami tilbyder certificerede overs\u00e6ttelser for kun 20 $ per side, og vores overs\u00e6ttelser har en 100 % acceptfrekvens fra USCIS. Vi leverer ogs\u00e5 notarialt bekr\u00e6ftede overs\u00e6ttelser til USA, hvis du har brug for det.<\/p>\n<p>Vores medarbejdere arbejder i tre skift for at kunne reagere hurtigt p\u00e5 enhver anmodning om ethvert overs\u00e6ttelsesarbejde, du m\u00e5tte have. Du er velkommen til at <a href=\"https:\/\/www.nordictrans.com\/chat-popup\/\" target=\"_blank\" rel=\"noopener noreferrer\">chatte med os<\/a>, n\u00e5r som helst, for at f\u00e5 et gratis overs\u00e6ttelsestilbud; du vil modtage prisen for din overs\u00e6ttelse inden for f\u00e5 minutter![\/vc_column_text][\/vc_column][\/vc_row][vc_row type=&#8221;3&#8243; margin_bottom=&#8221;0px&#8221; full_width_row=&#8221;true&#8221; rowtype=&#8221;fullw&#8221; textalign=&#8221;center&#8221; padding=&#8221;30px 0px&#8221; css=&#8221;.vc_custom_1478830295833{margin-bottom: 0px !important;padding-top: 30px !important;padding-right: 0px !important;padding-bottom: 30px !important;padding-left: 0px !important;background-color: #ccffcc !important;}&#8221; el_class=&#8221;live-contact-btn-wrap&#8221;][vc_column][vc_cta h2=&#8221;&#8221; txt_align=&#8221;center&#8221; style=&#8221;custom&#8221; add_button=&#8221;right&#8221; btn_title=&#8221;LIVEKONTAKT&#8221; btn_style=&#8221;custom&#8221; btn_custom_background=&#8221;#ffffff&#8221; btn_custom_text=&#8221;#2a4a8f&#8221; btn_shape=&#8221;round&#8221; btn_align=&#8221;center&#8221; btn_button_block=&#8221;true&#8221; btn_link=&#8221;url:https%3A%2F%2Fwww.nordictrans.com%2Fchat-popup%2F|||&#8221; el_class=&#8221;live-contact-btn&#8221; custom_background=&#8221;rgba(255,255,255,0.01)&#8221; custom_text=&#8221;#2c5a85&#8243;]<\/p>\n<h3 style=\"font-size: 28px; line-height: 40px;\">Er du klar? Lad os komme i gang:<\/h3>\n<p>[\/vc_cta][\/vc_column][\/vc_row]<\/p>\n<\/div>","protected":false},"excerpt":{"rendered":"<p>[vc_row rowtype=&#8221;fullwnc&#8221;][vc_column][\/vc_column][\/vc_row][vc_row rowtype=&#8221;fullwnc&#8221;][vc_column][vc_raw_html]JTNDZGl2JTIwaWQlM0QlMjJzZWNvbmRfYnJlZCUyMiUyMGNsYXNzJTNEJTIyd2YtdGQlMjIlM0UlM0MlMkZkaXYlM0U=[\/vc_raw_html][\/vc_column][\/vc_row][vc_row type=&#8221;vc_default&#8221; full_width=&#8221;stretch_row_content_no_spaces&#8221; content_placement=&#8221;top&#8221; full_width_row=&#8221;true&#8221; el_class=&#8221;google-map-wrap&#8221;][vc_column][vc_column_text el_class=&#8221;google-map&#8221;] [\/vc_column_text][\/vc_column][\/vc_row][vc_row margin_bottom=&#8221;0px&#8221; rowtype=&#8221;fullw&#8221;][vc_column width=&#8221;2\/3&#8243; animation=&#8221;fadeInLeft&#8221; enable_animation=&#8221;true&#8221;][vc_empty_space height=&#8221;50&#8243;][vc_column_text]Kontakt os ved hj\u00e6lp af nedenst\u00e5ende formular. Du kan ogs\u00e5 ringe eller chatte med os ved hj\u00e6lp af livechat-funktionen. Vi arbejder 24 timer i d\u00f8gnet, 7 dage om ugen, s\u00e5 du kan kontakte os til enhver tid, dag eller nat.&hellip;<\/p>\n","protected":false},"author":1,"featured_media":26312,"parent":0,"menu_order":0,"comment_status":"closed","ping_status":"closed","template":"","meta":{"_acf_changed":false,"footnotes":""},"class_list":["post-11636","page","type-page","status-publish","has-post-thumbnail","hentry","description-off"],"acf":[],"yoast_head":"<!-- This site is optimized with the Yoast SEO Premium plugin v26.5 (Yoast SEO v26.5) - https:\/\/yoast.com\/wordpress\/plugins\/seo\/ -->\n<title>Kontakt os - Overs\u00e6ttelsesbureau i UK og USA, \u00e5bent 24\/7<\/title>\n<meta name=\"description\" content=\"NordicTrans er et overs\u00e6ttelsesbureau i Storbritannien og USA, \u00e5bent 24\/7, og vi leverer kvalitetsovers\u00e6ttelser til lave priser.\" \/>\n<meta name=\"robots\" content=\"index, follow, max-snippet:-1, max-image-preview:large, max-video-preview:-1\" \/>\n<link rel=\"canonical\" href=\"https:\/\/www.nordictrans.com\/da\/kontakt\/\" \/>\n<meta property=\"og:locale\" content=\"da_DK\" \/>\n<meta property=\"og:type\" content=\"article\" \/>\n<meta property=\"og:title\" content=\"Kontakt\" \/>\n<meta property=\"og:description\" content=\"NordicTrans is a leading UK and US translation company which provides accurate translation services for business ad for immigration at affordable rates.\" \/>\n<meta property=\"og:url\" content=\"https:\/\/www.nordictrans.com\/da\/kontakt\/\" \/>\n<meta property=\"og:site_name\" content=\"Nordictrans.com\" \/>\n<meta property=\"article:publisher\" content=\"https:\/\/www.facebook.com\/NordicTrans\" \/>\n<meta property=\"article:modified_time\" content=\"2020-06-29T12:50:22+00:00\" \/>\n<meta property=\"og:image\" content=\"https:\/\/www.nordictrans.com\/wp-content\/uploads\/2016\/11\/call-us-new.jpg\" \/>\n\t<meta property=\"og:image:width\" content=\"1903\" \/>\n\t<meta property=\"og:image:height\" content=\"670\" \/>\n\t<meta property=\"og:image:type\" content=\"image\/jpeg\" \/>\n<meta name=\"twitter:card\" content=\"summary_large_image\" \/>\n<meta name=\"twitter:description\" content=\"JTNDZGl2JTIwaWQlM0QlMjJzZWNvbmRfYnJlZCUyMiUyMGNsYXNzJTNEJTIyd2YtdGQlMjIlM0UlM0MlMkZkaXYlM0U= Kontakt os ved hj\u00e6lp af nedenst\u00e5ende formular. Du kan ogs\u00e5\" \/>\n<meta name=\"twitter:site\" content=\"@NordicTrans\" \/>\n<meta name=\"twitter:label1\" content=\"Estimeret l\u00e6setid\" \/>\n\t<meta name=\"twitter:data1\" content=\"4 minutter\" \/>\n<!-- \/ Yoast SEO Premium plugin. -->","yoast_head_json":{"title":"Kontakt os - Overs\u00e6ttelsesbureau i UK og USA, \u00e5bent 24\/7","description":"NordicTrans er et overs\u00e6ttelsesbureau i Storbritannien og USA, \u00e5bent 24\/7, og vi leverer kvalitetsovers\u00e6ttelser til lave priser.","robots":{"index":"index","follow":"follow","max-snippet":"max-snippet:-1","max-image-preview":"max-image-preview:large","max-video-preview":"max-video-preview:-1"},"canonical":"https:\/\/www.nordictrans.com\/da\/kontakt\/","og_locale":"da_DK","og_type":"article","og_title":"Kontakt","og_description":"NordicTrans is a leading UK and US translation company which provides accurate translation services for business ad for immigration at affordable rates.","og_url":"https:\/\/www.nordictrans.com\/da\/kontakt\/","og_site_name":"Nordictrans.com","article_publisher":"https:\/\/www.facebook.com\/NordicTrans","article_modified_time":"2020-06-29T12:50:22+00:00","og_image":[{"width":1903,"height":670,"url":"https:\/\/www.nordictrans.com\/wp-content\/uploads\/2016\/11\/call-us-new.jpg","type":"image\/jpeg"}],"twitter_card":"summary_large_image","twitter_description":"JTNDZGl2JTIwaWQlM0QlMjJzZWNvbmRfYnJlZCUyMiUyMGNsYXNzJTNEJTIyd2YtdGQlMjIlM0UlM0MlMkZkaXYlM0U= Kontakt os ved hj\u00e6lp af nedenst\u00e5ende formular. Du kan ogs\u00e5","twitter_site":"@NordicTrans","twitter_misc":{"Estimeret l\u00e6setid":"4 minutter"},"schema":{"@context":"https:\/\/schema.org","@graph":[{"@type":"WebPage","@id":"https:\/\/www.nordictrans.com\/da\/kontakt\/","url":"https:\/\/www.nordictrans.com\/da\/kontakt\/","name":"Kontakt os - Overs\u00e6ttelsesbureau i UK og USA, \u00e5bent 24\/7","isPartOf":{"@id":"https:\/\/www.nordictrans.com\/da\/#website"},"primaryImageOfPage":{"@id":"https:\/\/www.nordictrans.com\/da\/kontakt\/#primaryimage"},"image":{"@id":"https:\/\/www.nordictrans.com\/da\/kontakt\/#primaryimage"},"thumbnailUrl":"https:\/\/www.nordictrans.com\/wp-content\/uploads\/2016\/11\/call-us-new.jpg","datePublished":"2011-09-15T03:40:21+00:00","dateModified":"2020-06-29T12:50:22+00:00","description":"NordicTrans er et overs\u00e6ttelsesbureau i Storbritannien og USA, \u00e5bent 24\/7, og vi leverer kvalitetsovers\u00e6ttelser til lave priser.","breadcrumb":{"@id":"https:\/\/www.nordictrans.com\/da\/kontakt\/#breadcrumb"},"inLanguage":"da-DK","potentialAction":[{"@type":"ReadAction","target":["https:\/\/www.nordictrans.com\/da\/kontakt\/"]}]},{"@type":"ImageObject","inLanguage":"da-DK","@id":"https:\/\/www.nordictrans.com\/da\/kontakt\/#primaryimage","url":"https:\/\/www.nordictrans.com\/wp-content\/uploads\/2016\/11\/call-us-new.jpg","contentUrl":"https:\/\/www.nordictrans.com\/wp-content\/uploads\/2016\/11\/call-us-new.jpg","width":1903,"height":670},{"@type":"BreadcrumbList","@id":"https:\/\/www.nordictrans.com\/da\/kontakt\/#breadcrumb","itemListElement":[{"@type":"ListItem","position":1,"name":"Home","item":"https:\/\/www.nordictrans.com\/da\/"},{"@type":"ListItem","position":2,"name":"Kontakt"}]},{"@type":"WebSite","@id":"https:\/\/www.nordictrans.com\/da\/#website","url":"https:\/\/www.nordictrans.com\/da\/","name":"Nordictrans.com","description":"Translation Agency specialized in Nordic Languages","publisher":{"@id":"https:\/\/www.nordictrans.com\/da\/#organization"},"potentialAction":[{"@type":"SearchAction","target":{"@type":"EntryPoint","urlTemplate":"https:\/\/www.nordictrans.com\/da\/?s={search_term_string}"},"query-input":{"@type":"PropertyValueSpecification","valueRequired":true,"valueName":"search_term_string"}}],"inLanguage":"da-DK"},{"@type":"Organization","@id":"https:\/\/www.nordictrans.com\/da\/#organization","name":"NordicTrans","url":"https:\/\/www.nordictrans.com\/da\/","logo":{"@type":"ImageObject","inLanguage":"da-DK","@id":"https:\/\/www.nordictrans.com\/da\/#\/schema\/logo\/image\/","url":"https:\/\/www.nordictrans.com\/wp-content\/uploads\/2015\/02\/logoNT.png","contentUrl":"https:\/\/www.nordictrans.com\/wp-content\/uploads\/2015\/02\/logoNT.png","width":272,"height":92,"caption":"NordicTrans"},"image":{"@id":"https:\/\/www.nordictrans.com\/da\/#\/schema\/logo\/image\/"},"sameAs":["https:\/\/www.facebook.com\/NordicTrans","https:\/\/x.com\/NordicTrans","https:\/\/www.instagram.com\/NordictransUS","https:\/\/www.linkedin.com\/company\/nordictrans","https:\/\/www.pinterest.com\/nordictrans01","https:\/\/www.youtube.com\/c\/nordictrans"]}]}},"_links":{"self":[{"href":"https:\/\/www.nordictrans.com\/da\/wp-json\/wp\/v2\/pages\/11636","targetHints":{"allow":["GET"]}}],"collection":[{"href":"https:\/\/www.nordictrans.com\/da\/wp-json\/wp\/v2\/pages"}],"about":[{"href":"https:\/\/www.nordictrans.com\/da\/wp-json\/wp\/v2\/types\/page"}],"author":[{"embeddable":true,"href":"https:\/\/www.nordictrans.com\/da\/wp-json\/wp\/v2\/users\/1"}],"replies":[{"embeddable":true,"href":"https:\/\/www.nordictrans.com\/da\/wp-json\/wp\/v2\/comments?post=11636"}],"version-history":[{"count":5,"href":"https:\/\/www.nordictrans.com\/da\/wp-json\/wp\/v2\/pages\/11636\/revisions"}],"predecessor-version":[{"id":48876,"href":"https:\/\/www.nordictrans.com\/da\/wp-json\/wp\/v2\/pages\/11636\/revisions\/48876"}],"wp:featuredmedia":[{"embeddable":true,"href":"https:\/\/www.nordictrans.com\/da\/wp-json\/wp\/v2\/media\/26312"}],"wp:attachment":[{"href":"https:\/\/www.nordictrans.com\/da\/wp-json\/wp\/v2\/media?parent=11636"}],"curies":[{"name":"wp","href":"https:\/\/api.w.org\/{rel}","templated":true}]}}