{"id":11250,"date":"2011-09-15T03:42:03","date_gmt":"2011-09-15T03:42:03","guid":{"rendered":"http:\/\/dev.nordictrans.com\/quality\/"},"modified":"2018-02-08T13:56:20","modified_gmt":"2018-02-08T13:56:20","slug":"kvalitet","status":"publish","type":"page","link":"https:\/\/www.nordictrans.com\/da\/kvalitet\/","title":{"rendered":"Kvalitet"},"content":{"rendered":"<div class=\"wpb-content-wrapper\"><p>[vc_row full_height=&#8221;yes&#8221; equal_height=&#8221;yes&#8221; content_placement=&#8221;top&#8221; bg_type=&#8221;image&#8221; parallax_style=&#8221;vcpb-vz-jquery&#8221; bg_image_repeat=&#8221;no-repeat&#8221; bg_image_size=&#8221;contain&#8221; bg_img_attach=&#8221;fixed&#8221; parallax_sense=&#8221;1.5&#8243; bg_override=&#8221;full&#8221; enable_overlay=&#8221;enable_overlay_value&#8221; overlay_color=&#8221;#609cce&#8221; overlay_pattern_opacity=&#8221;27&#8243; overlay_pattern_attachment=&#8221;fixed&#8221;][vc_column]\n\t\t\t<!-- START Quality REVOLUTION SLIDER 6.6.16 --><p class=\"rs-p-wp-fix\"><\/p>\n\t\t\t<rs-module-wrap id=\"rev_slider_19_1_wrapper\" data-source=\"gallery\" style=\"visibility:hidden;background:transparent;padding:0;margin:0px auto;margin-top:0;margin-bottom:0;\">\n\t\t\t\t<rs-module id=\"rev_slider_19_1\" style=\"\" data-version=\"6.6.16\">\n\t\t\t\t\t<rs-slides style=\"overflow: hidden; position: absolute;\">\n\t\t\t\t\t\t<rs-slide style=\"position: absolute;\" data-key=\"rs-23\" data-title=\"Slide\" data-anim=\"adpr:false;\" data-in=\"o:0;\" data-out=\"a:false;\">\n\t\t\t\t\t\t\t<img decoding=\"async\" src=\"\/\/www.nordictrans.com\/wp-content\/plugins\/revslider\/public\/assets\/assets\/dummy.png\" alt=\"\" title=\"Kvalitet\" class=\"rev-slidebg tp-rs-img rs-lazyload\" data-lazyload=\"\/\/www.nordictrans.com\/wp-content\/uploads\/2018\/05\/translation-quality-assurance.png\" data-parallax=\"15\" data-no-retina>\n<!--\n\t\t\t\t\t\t\t--><rs-layer\n\t\t\t\t\t\t\t\tid=\"slider-19-slide-23-layer-0\" \n\t\t\t\t\t\t\t\tdata-type=\"text\"\n\t\t\t\t\t\t\t\tdata-color=\"#fff\"\n\t\t\t\t\t\t\t\tdata-rsp_ch=\"on\"\n\t\t\t\t\t\t\t\tdata-xy=\"xo:484px,399px,303px,186px;yo:52px,42px,31px,19px;\"\n\t\t\t\t\t\t\t\tdata-text=\"w:normal;s:40,33,25,15;l:50,41,31,19;fw:900;\"\n\t\t\t\t\t\t\t\tdata-dim=\"minh:0px,none,none,none;\"\n\t\t\t\t\t\t\t\tdata-frame_999=\"o:0;st:w;\"\n\t\t\t\t\t\t\t\tstyle=\"z-index:5;font-family:'Roboto';text-transform:uppercase;\"\n\t\t\t\t\t\t\t>QUALITY \n\t\t\t\t\t\t\t<\/rs-layer><!--\n-->\t\t\t\t\t\t<\/rs-slide>\n\t\t\t\t\t<\/rs-slides>\n\t\t\t\t<\/rs-module>\n\t\t\t\t<script>\n\t\t\t\t\tsetREVStartSize({c: 'rev_slider_19_1',rl:[1240,1024,778,480],el:[655,600,500,400],gw:[1240,1024,778,480],gh:[655,600,500,400],type:'hero',justify:'',layout:'fullwidth',mh:\"0\"});if (window.RS_MODULES!==undefined && window.RS_MODULES.modules!==undefined && window.RS_MODULES.modules[\"revslider191\"]!==undefined) {window.RS_MODULES.modules[\"revslider191\"].once = false;window.revapi19 = undefined;if (window.RS_MODULES.checkMinimal!==undefined) window.RS_MODULES.checkMinimal()}\n\t\t\t\t<\/script>\n\t\t\t<\/rs-module-wrap>\n\t\t\t<!-- END REVOLUTION SLIDER -->\n[\/vc_column][\/vc_row][vc_row full_height=&#8221;yes&#8221; equal_height=&#8221;yes&#8221; content_placement=&#8221;top&#8221; bg_type=&#8221;image&#8221; parallax_style=&#8221;vcpb-vz-jquery&#8221; bg_image_repeat=&#8221;no-repeat&#8221; bg_image_size=&#8221;contain&#8221; bg_img_attach=&#8221;fixed&#8221; parallax_sense=&#8221;1.5&#8243; bg_override=&#8221;full&#8221; enable_overlay=&#8221;enable_overlay_value&#8221; overlay_color=&#8221;#609cce&#8221; overlay_pattern_opacity=&#8221;27&#8243; overlay_pattern_attachment=&#8221;fixed&#8221;][vc_column][vc_raw_html]JTNDZGl2JTIwaWQlM0QlMjJzZWNvbmRfYnJlZCUyMiUyMGNsYXNzJTNEJTIyd2YtdGQlMjIlM0UlM0MlMkZkaXYlM0U=[\/vc_raw_html][\/vc_column][\/vc_row][vc_row margin_bottom=&#8221;40&#8243; rowtype=&#8221;fullw&#8221; textalign=&#8221;center&#8221; padding=&#8221;50px 0px 0px&#8221;][vc_column][vc_empty_space height=&#8221;50px&#8221;][vc_column_text]<\/p>\n<h1 style=\"text-align: center; color: #2c5a85;\"><strong>Overs\u00e6ttelse Kvalitetssikring (QA)<\/strong><\/h1>\n<p>[\/vc_column_text][vc_empty_space][vc_row_inner][vc_column_inner width=&#8221;1\/4&#8243;][vc_single_image image=&#8221;9784&#8243; img_size=&#8221;medium&#8221; alignment=&#8221;center&#8221; css_animation=&#8221;fadeInUpBig&#8221;][vc_column_text css_animation=&#8221;fadeInUpBig&#8221;]<\/p>\n<h4 class=\"custom-title\" style=\"text-align: center;\"><span style=\"color: #333333;\">FOR VORES OVERS\u00c6TTELSESBUREAU ER KVALITETSSIKRING (QA) ET MEGET VIGTIGT ASPEKT, DA DET ER ET AF HOVEDINGREDIENSERNE I VORES SUCCES.<\/span><\/h4>\n<div class=\"inner\">\n<p style=\"text-align: center;\">Hos overs\u00e6ttelsesbureauer eksisterer kvalitetsaspektet p\u00e5 grund af de standarder, der p\u00e5l\u00e6gges i denne forretning, og det b\u00f8r aldrig blive kompromitteret.<\/p>\n<p style=\"text-align: center;\">Det er grunden til, at et af de f\u00f8rste skridt, som vi p\u00e5 NordicTrans tager i retning af en professionel overs\u00e6ttelse, er forst\u00e5 og analysere dine krav, s\u00e5 dine forventninger ved levering er opfyldt.<\/p>\n<\/div>\n<p>[\/vc_column_text][\/vc_column_inner][vc_column_inner width=&#8221;1\/4&#8243;][vc_single_image image=&#8221;10101&#8243; img_size=&#8221;medium&#8221; alignment=&#8221;center&#8221; css_animation=&#8221;fadeInUpBig&#8221;][vc_column_text css_animation=&#8221;fadeInUpBig&#8221;]<\/p>\n<h4 class=\"custom-title\" style=\"text-align: center;\"><span style=\"color: #333333;\">IGENNEM \u00c5RENE BLEV OVERS\u00c6TTEREN ANSET FOR AT HAVE EN ETISK OG JURIDISK FORPLIGTELSEN MOD SIN KUNDE ELLER ARBEJDSGIVER.<\/span><\/h4>\n<div class=\"inner\">\n<p style=\"text-align: center;\">Med tiden blev denne tankegang meget vigtig med udviklingen af sprogindustrien p\u00e5 globalt plan, og kendskabet til standarder. Det var s\u00e5dan bevidstheden om betydningen af kvalitetssikring i overs\u00e6ttelser gjorde sin vej ind i overs\u00e6ttelsesindustrien og -samfundet.<\/p>\n<p style=\"text-align: center;\">Hos NordicTrans ans\u00e6tter vi kun yderst professionelle overs\u00e6ttere, der har klassificeringssystemer baseret p\u00e5 QA-resultater, kundefeedbac, og som best\u00e5r vores test. Alle disse krav g\u00f8r hele forskellen, n\u00e5r det g\u00e6lder om kvalitet. For at hj\u00e6lpe med QA, har vi ogs\u00e5 gennemf\u00f8rt et kvalitetsstyringssystem.<\/p>\n<\/div>\n<p>[\/vc_column_text][\/vc_column_inner][vc_column_inner width=&#8221;1\/4&#8243;][vc_single_image image=&#8221;10109&#8243; img_size=&#8221;medium&#8221; alignment=&#8221;center&#8221; css_animation=&#8221;fadeInUpBig&#8221;][vc_column_text css_animation=&#8221;fadeInUpBig&#8221;]<\/p>\n<h4 class=\"custom-title\" style=\"text-align: center; text-transform: uppercase;\"><span style=\"color: #333333;\">MED QA-V\u00c6RKTv\u00e6rkt\u00f8jer forbedres kvaliteten af overs\u00e6ttelse, ved at mindske fejl. Men det er ikke nok til at garantere kvalitet!<\/span><\/h4>\n<div class=\"inner\">\n<p style=\"text-align: center;\">Arbejdet udf\u00f8res stadig af vores overs\u00e6ttere, fordi disse v\u00e6rkt\u00f8jer ikke kan opdage de fejl, der opst\u00e5r ved forkert forst\u00e5else af kildeteksten eller et upassende valg af sprogregisteret. P\u00e5 grund af udviklingen af sprogindustrien p\u00e5 globalt plan og kendskab til standarder har gjort, at vigtigheden af kvalitetssikring i overs\u00e6ttelser fandt vej ind i overs\u00e6ttelses-branchen og samfundet.<\/p>\n<\/div>\n<p>[\/vc_column_text][\/vc_column_inner][vc_column_inner width=&#8221;1\/4&#8243;][vc_single_image image=&#8221;11268&#8243; img_size=&#8221;medium&#8221; alignment=&#8221;center&#8221; css_animation=&#8221;fadeInUpBig&#8221;][vc_column_text css_animation=&#8221;fadeInUpBig&#8221;]<\/p>\n<h4 class=\"custom-title\" style=\"text-align: center;\"><span style=\"color: #333333; text-transform: uppercase;\">Hvorfor er indf\u00f8dte overs\u00e6ttere de bedste? Indf\u00f8dte talere har et st\u00f8rre ordforr\u00e5d, en bedre forst\u00e5else for m\u00e5l-sproget<\/span><\/h4>\n<div class=\"inner\">\n<p style=\"text-align: center;\">Og ikke at forglemme, bedre kendskab til grammatikken. Vi danner partnerskab med h\u00f8jt professionelle overs\u00e6ttere for at give dig overs\u00e6ttelser af h\u00f8j kvalitet, til overkommelige priser. Men det er lige s\u00e5 vigtigt at have et validerings- og verificerings-system, for at fjerne enhver tvivl om uoverensstemmelser. Nordic Trans udviklede et s\u00e5dant system for at yde den bedste kvalitet til vores kunder.<\/p>\n<\/div>\n<p>[\/vc_column_text][\/vc_column_inner][\/vc_row_inner][vc_empty_space height=&#8221;50px&#8221;][\/vc_column][\/vc_row][vc_row textalign=&#8221;center&#8221; padding=&#8221;40px&#8221;][vc_column][vc_column_text]<\/p>\n<h2 style=\"text-align: center;\">Kvaliteten af overs\u00e6tterne<\/h2>\n<p>[\/vc_column_text][vc_empty_space height=&#8221;50px&#8221;][vc_row_inner][vc_column_inner width=&#8221;1\/4&#8243;][vc_icon icon_fontawesome=&#8221;fa fa-archive&#8221; color=&#8221;custom&#8221; size=&#8221;lg&#8221; align=&#8221;center&#8221; css_animation=&#8221;bottom-to-top&#8221; custom_color=&#8221;#2c5a85&#8243;][vc_empty_space height=&#8221;10px&#8221;][vc_column_text css_animation=&#8221;fadeInUpBig&#8221;]<\/p>\n<p class=\"custom-title\" style=\"text-align: center;\">XBench, som er det vigtigste v\u00e6rkt\u00f8j, vi har indf\u00f8rt, og det er et integreret referencev\u00e6rkt\u00f8j, som har til form\u00e5l at yde et klart og struktureret billede af terminologien i ethvert overs\u00e6ttelsesprojekt. Dette v\u00e6rkt\u00f8j giver en samlet og praktisk visning af tosprogede oplysninger, der kan prioriteres af brugeren efter behov. Som kvalitetssikringsfunktion kan XBench tjekke for konsistens, numeriske v\u00e6rdier og mere.<\/p>\n<p>[\/vc_column_text][\/vc_column_inner][vc_column_inner width=&#8221;1\/4&#8243;][vc_icon icon_fontawesome=&#8221;fa fa-files-o&#8221; color=&#8221;custom&#8221; size=&#8221;lg&#8221; align=&#8221;center&#8221; css_animation=&#8221;bottom-to-top&#8221; custom_color=&#8221;#a4cbe7&#8243;][vc_empty_space height=&#8221;10px&#8221;][vc_column_text css_animation=&#8221;fadeInUpBig&#8221;]<\/p>\n<p style=\"text-align: center;\">SDL Trados terminologi-verificering og QA-kontrol (ogs\u00e5 kendt som Trados).<\/p>\n<p style=\"text-align: center;\">Disse QA-v\u00e6rkt\u00f8jer er utroligt nyttige til at forbedre overs\u00e6tternes produktivitet, n\u00e5r det drejer sig om store overs\u00e6ttelsesprojekter. S\u00e5danne v\u00e6rkt\u00f8jer hj\u00e6lper faktisk overs\u00e6ttere, ved at tjekke overs\u00e6ttelsen med ordlisten og s\u00f8rge for, at de korrekte udtryk altid bruges i overs\u00e6ttelsen.<\/p>\n<p>[\/vc_column_text][\/vc_column_inner][vc_column_inner width=&#8221;1\/4&#8243;][vc_icon icon_fontawesome=&#8221;fa fa-tasks&#8221; color=&#8221;custom&#8221; size=&#8221;lg&#8221; align=&#8221;center&#8221; css_animation=&#8221;bottom-to-top&#8221; custom_color=&#8221;#ccffcc&#8221;][vc_empty_space height=&#8221;10px&#8221;][vc_column_text css_animation=&#8221;fadeInUpBig&#8221;]<\/p>\n<p style=\"text-align: center;\">Wordfast kvalitetstjekfunktionen (WF) er bedst til kontrol af terminologi og ord, som ikke kan overs\u00e6ttes. Det giver meget god teknisk support til brugerne.<\/p>\n<p style=\"text-align: center;\">Denne funktion advarer overs\u00e6tteren, n\u00e5r mulige fejl viser sig under arbejdet, s\u00e5som trykfejl, tegns\u00e6tning, generel grammatik, men ogs\u00e5 ved den konsekvente brug af terminologi.<\/p>\n<p>[\/vc_column_text][\/vc_column_inner][vc_column_inner width=&#8221;1\/4&#8243;][vc_icon icon_fontawesome=&#8221;fa fa-file-text-o&#8221; color=&#8221;custom&#8221; size=&#8221;lg&#8221; align=&#8221;center&#8221; css_animation=&#8221;bottom-to-top&#8221; custom_color=&#8221;#a4cbe7&#8243;][vc_empty_space height=&#8221;10px&#8221;][vc_column_text css_animation=&#8221;fadeInUpBig&#8221;]<\/p>\n<p style=\"text-align: center;\">QA Distiller (QAD) giver en meget stor fordel ved at have Batch Mode.<\/p>\n<p style=\"text-align: center;\">Dette specifikke v\u00e6rkt\u00f8j underst\u00f8tter over 90 sprog, og det kan opdage almindelige fejl, s\u00e5som forkerte talformater eller dobbelte mellemrum, men det er ogs\u00e5 et godt v\u00e6rkt\u00f8j til at tjekke for udeladelser mellem kildefilen og den faktiske overs\u00e6ttelse. Det kan ogs\u00e5 tjekke uoverensstemmelser mellem sprog og formatteringsfejl.<\/p>\n<p>[\/vc_column_text][\/vc_column_inner][\/vc_row_inner][vc_empty_space height=&#8221;50px&#8221;][\/vc_column][\/vc_row][vc_row type=&#8221;vc_default&#8221; margin_bottom=&#8221;0px&#8221; bg_type=&#8221;image&#8221; parallax_style=&#8221;vcpb-vz-jquery&#8221; bg_image_new=&#8221;id^10128|url^https:\/\/www.nordictrans.com\/wp-content\/uploads\/2011\/09\/bg402-2200&#215;1466-2200&#215;1466.jpg|caption^null|alt^null|title^bg402-2200&#215;1466-2200&#215;1466|description^null&#8221; bg_image_repeat=&#8221;no-repeat&#8221; bg_image_size=&#8221;initial&#8221; bg_img_attach=&#8221;fixed&#8221; parallax_sense=&#8221;1.5&#8243; bg_override=&#8221;full&#8221; enable_overlay=&#8221;enable_overlay_value&#8221; overlay_color=&#8221;#737373&#8243; overlay_pattern_opacity=&#8221;70&#8243; overlay_pattern_attachment=&#8221;fixed&#8221; rowtype=&#8221;fullw&#8221; contentcolor=&#8221;light&#8221; bg_pos=&#8221;center center&#8221; bg_size=&#8221;cover&#8221; use_overlay=&#8221;yes&#8221; overlay_opacity=&#8221;0.7&#8243; textalign=&#8221;center&#8221; padding=&#8221;50px 40px 50px&#8221; css=&#8221;.vc_custom_1478833319583{margin-bottom: 0px !important;padding-top: 50px !important;padding-right: 40px !important;padding-bottom: 50px !important;padding-left: 40px !important;}&#8221;][vc_column][vc_empty_space height=&#8221;50px&#8221;][vc_custom_heading text=&#8221;Kvalitetssikring er en af NordicTrans&#8217; vigtigste skridt i at levere dig det produkt, du har brug for.&#8221; font_container=&#8221;tag:h2|text_align:center|color:%23ffffff&#8221; google_fonts=&#8221;font_family:Roboto%20Slab%3A100%2C300%2Cregular%2C700|font_style:400%20regular%3A400%3Anormal&#8221;][vc_empty_space][vc_row_inner][vc_column_inner width=&#8221;1\/2&#8243;][vc_icon icon_fontawesome=&#8221;fa fa-users&#8221; color=&#8221;custom&#8221; size=&#8221;lg&#8221; align=&#8221;center&#8221; css_animation=&#8221;left-to-right&#8221; custom_color=&#8221;#a4cbe7&#8243;][vc_column_text]<\/p>\n<h3 style=\"text-align: center;\"><span style=\"color: #ffffff;\">Med TQA-v\u00e6rkt\u00f8jer bliver kvaliteten af vores overs\u00e6ttelser forbedret ved faldende fejl. Arbejdet bliver stadig afsluttet af vores overs\u00e6ttere, fordi disse v\u00e6rkt\u00f8jer ikke kan registrere fejl, der skyldes en forkert forst\u00e5else af kildeteksten eller et upassende valg af sprogregister.<\/span><\/h3>\n<p>[\/vc_column_text][\/vc_column_inner][vc_column_inner width=&#8221;1\/2&#8243;][vc_icon icon_fontawesome=&#8221;fa fa-keyboard-o&#8221; color=&#8221;custom&#8221; size=&#8221;lg&#8221; align=&#8221;center&#8221; css_animation=&#8221;left-to-right&#8221; custom_color=&#8221;#ccffcc&#8221;][vc_column_text]<\/p>\n<h3 style=\"text-align: center;\"><span style=\"color: #ffffff;\">Vi samarbejder med yderst professionelle overs\u00e6ttere for at give dig overs\u00e6ttelser i h\u00f8j kvalitet og til overkommelige priser. Men det er lige s\u00e5 vigtigt at have et validerings- og verificeringssystem til at fjerne enhver tvivl om uoverensstemmelser. NordicTrans har udviklet et s\u00e5dant integreret system for at levere den bedste kvalitet til vores kunder.<\/span><\/h3>\n<p>[\/vc_column_text][\/vc_column_inner][\/vc_row_inner][vc_empty_space height=&#8221;50px&#8221;][\/vc_column][\/vc_row][vc_row type=&#8221;3&#8243; margin_bottom=&#8221;0px&#8221; full_width_row=&#8221;true&#8221; rowtype=&#8221;fullw&#8221; textalign=&#8221;center&#8221; padding=&#8221;30px 0px&#8221; css=&#8221;.vc_custom_1479126654315{margin-bottom: 0px !important;padding-top: 30px !important;padding-right: 0px !important;padding-bottom: 30px !important;padding-left: 0px !important;}&#8221; el_class=&#8221;live-contact-btn-wrap&#8221;][vc_column][vc_cta h2=&#8221;Er du klar? Lad os komme i gang:&#8221; txt_align=&#8221;center&#8221; add_button=&#8221;right&#8221; btn_title=&#8221;LIVE KONTAKT&#8221; btn_style=&#8221;custom&#8221; btn_custom_background=&#8221;#ffffff&#8221; btn_custom_text=&#8221;#2a4a8f&#8221; btn_shape=&#8221;round&#8221; btn_align=&#8221;center&#8221; btn_button_block=&#8221;true&#8221; el_class=&#8221;live-contact-btn&#8221; btn_link=&#8221;url:https%3A%2F%2Fwww.nordictrans.com%2Fchat-popup%2F|||&#8221;][\/vc_cta][\/vc_column][\/vc_row]<\/p>\n<\/div>","protected":false},"excerpt":{"rendered":"<p>[vc_row full_height=&#8221;yes&#8221; equal_height=&#8221;yes&#8221; content_placement=&#8221;top&#8221; bg_type=&#8221;image&#8221; parallax_style=&#8221;vcpb-vz-jquery&#8221; bg_image_repeat=&#8221;no-repeat&#8221; bg_image_size=&#8221;contain&#8221; bg_img_attach=&#8221;fixed&#8221; parallax_sense=&#8221;1.5&#8243; bg_override=&#8221;full&#8221; enable_overlay=&#8221;enable_overlay_value&#8221; overlay_color=&#8221;#609cce&#8221; overlay_pattern_opacity=&#8221;27&#8243; overlay_pattern_attachment=&#8221;fixed&#8221;][vc_column][\/vc_column][\/vc_row][vc_row full_height=&#8221;yes&#8221; equal_height=&#8221;yes&#8221; content_placement=&#8221;top&#8221; bg_type=&#8221;image&#8221; parallax_style=&#8221;vcpb-vz-jquery&#8221; bg_image_repeat=&#8221;no-repeat&#8221; bg_image_size=&#8221;contain&#8221; bg_img_attach=&#8221;fixed&#8221; parallax_sense=&#8221;1.5&#8243; bg_override=&#8221;full&#8221; enable_overlay=&#8221;enable_overlay_value&#8221; overlay_color=&#8221;#609cce&#8221; overlay_pattern_opacity=&#8221;27&#8243; overlay_pattern_attachment=&#8221;fixed&#8221;][vc_column][vc_raw_html]JTNDZGl2JTIwaWQlM0QlMjJzZWNvbmRfYnJlZCUyMiUyMGNsYXNzJTNEJTIyd2YtdGQlMjIlM0UlM0MlMkZkaXYlM0U=[\/vc_raw_html][\/vc_column][\/vc_row][vc_row margin_bottom=&#8221;40&#8243; rowtype=&#8221;fullw&#8221; textalign=&#8221;center&#8221; padding=&#8221;50px 0px 0px&#8221;][vc_column][vc_empty_space height=&#8221;50px&#8221;][vc_column_text] Overs\u00e6ttelse Kvalitetssikring (QA) [\/vc_column_text][vc_empty_space][vc_row_inner][vc_column_inner width=&#8221;1\/4&#8243;][vc_single_image image=&#8221;9784&#8243; img_size=&#8221;medium&#8221; alignment=&#8221;center&#8221; css_animation=&#8221;fadeInUpBig&#8221;][vc_column_text css_animation=&#8221;fadeInUpBig&#8221;] FOR VORES OVERS\u00c6TTELSESBUREAU ER KVALITETSSIKRING (QA) ET MEGET VIGTIGT&hellip;<\/p>\n","protected":false},"author":1,"featured_media":33306,"parent":0,"menu_order":0,"comment_status":"closed","ping_status":"closed","template":"","meta":{"_acf_changed":false,"footnotes":""},"class_list":["post-11250","page","type-page","status-publish","has-post-thumbnail","hentry","description-off"],"acf":[],"yoast_head":"<!-- This site is optimized with the Yoast SEO Premium plugin v26.5 (Yoast SEO v26.5) - https:\/\/yoast.com\/wordpress\/plugins\/seo\/ -->\n<title>Overs\u00e6ttelser af h\u00f8j kvalitet - Kvaliteten af overs\u00e6tterne<\/title>\n<meta name=\"description\" content=\"Vi er et skandinavisk overs\u00e6ttelsesbureau, der leverer overs\u00e6ttelser af h\u00f8j kvalitet. Vi er ISO-certificeret, og ans\u00e6tter kun professionelle overs\u00e6ttere.\" \/>\n<meta name=\"robots\" content=\"index, follow, max-snippet:-1, max-image-preview:large, max-video-preview:-1\" \/>\n<link rel=\"canonical\" href=\"https:\/\/www.nordictrans.com\/da\/kvalitet\/\" \/>\n<meta property=\"og:locale\" content=\"da_DK\" \/>\n<meta property=\"og:type\" content=\"article\" \/>\n<meta property=\"og:title\" content=\"Translation Quality Assurance - High-Quality Translation | NordicTrans\" \/>\n<meta property=\"og:description\" content=\"NordicTrans makes use of advanced translation quality assurance tools such as XBench in order to provide high quality translation services.\" \/>\n<meta property=\"og:url\" content=\"https:\/\/www.nordictrans.com\/da\/kvalitet\/\" \/>\n<meta property=\"og:site_name\" content=\"Nordictrans.com\" \/>\n<meta property=\"article:publisher\" content=\"https:\/\/www.facebook.com\/NordicTrans\" \/>\n<meta property=\"article:modified_time\" content=\"2018-02-08T13:56:20+00:00\" \/>\n<meta property=\"og:image\" content=\"https:\/\/www.nordictrans.com\/wp-content\/uploads\/2018\/05\/translation-quality-assurance.png\" \/>\n\t<meta property=\"og:image:width\" content=\"1903\" \/>\n\t<meta property=\"og:image:height\" content=\"670\" \/>\n\t<meta property=\"og:image:type\" content=\"image\/png\" \/>\n<meta name=\"twitter:card\" content=\"summary_large_image\" \/>\n<meta name=\"twitter:title\" content=\"Translation Quality Assurance - High-Quality Translation | NordicTrans\" \/>\n<meta name=\"twitter:description\" content=\"NordicTrans makes use of advanced translation quality assurance tools such as XBench in order to provide high-quality translation services.\" \/>\n<meta name=\"twitter:site\" content=\"@NordicTrans\" \/>\n<meta name=\"twitter:label1\" content=\"Estimeret l\u00e6setid\" \/>\n\t<meta name=\"twitter:data1\" content=\"8 minutter\" \/>\n<!-- \/ Yoast SEO Premium plugin. -->","yoast_head_json":{"title":"Overs\u00e6ttelser af h\u00f8j kvalitet - Kvaliteten af overs\u00e6tterne","description":"Vi er et skandinavisk overs\u00e6ttelsesbureau, der leverer overs\u00e6ttelser af h\u00f8j kvalitet. Vi er ISO-certificeret, og ans\u00e6tter kun professionelle overs\u00e6ttere.","robots":{"index":"index","follow":"follow","max-snippet":"max-snippet:-1","max-image-preview":"max-image-preview:large","max-video-preview":"max-video-preview:-1"},"canonical":"https:\/\/www.nordictrans.com\/da\/kvalitet\/","og_locale":"da_DK","og_type":"article","og_title":"Translation Quality Assurance - High-Quality Translation | NordicTrans","og_description":"NordicTrans makes use of advanced translation quality assurance tools such as XBench in order to provide high quality translation services.","og_url":"https:\/\/www.nordictrans.com\/da\/kvalitet\/","og_site_name":"Nordictrans.com","article_publisher":"https:\/\/www.facebook.com\/NordicTrans","article_modified_time":"2018-02-08T13:56:20+00:00","og_image":[{"width":1903,"height":670,"url":"https:\/\/www.nordictrans.com\/wp-content\/uploads\/2018\/05\/translation-quality-assurance.png","type":"image\/png"}],"twitter_card":"summary_large_image","twitter_title":"Translation Quality Assurance - High-Quality Translation | NordicTrans","twitter_description":"NordicTrans makes use of advanced translation quality assurance tools such as XBench in order to provide high-quality translation services.","twitter_site":"@NordicTrans","twitter_misc":{"Estimeret l\u00e6setid":"8 minutter"},"schema":{"@context":"https:\/\/schema.org","@graph":[{"@type":"WebPage","@id":"https:\/\/www.nordictrans.com\/da\/kvalitet\/","url":"https:\/\/www.nordictrans.com\/da\/kvalitet\/","name":"Overs\u00e6ttelser af h\u00f8j kvalitet - Kvaliteten af overs\u00e6tterne","isPartOf":{"@id":"https:\/\/www.nordictrans.com\/da\/#website"},"primaryImageOfPage":{"@id":"https:\/\/www.nordictrans.com\/da\/kvalitet\/#primaryimage"},"image":{"@id":"https:\/\/www.nordictrans.com\/da\/kvalitet\/#primaryimage"},"thumbnailUrl":"https:\/\/www.nordictrans.com\/wp-content\/uploads\/2018\/05\/translation-quality-assurance.png","datePublished":"2011-09-15T03:42:03+00:00","dateModified":"2018-02-08T13:56:20+00:00","description":"Vi er et skandinavisk overs\u00e6ttelsesbureau, der leverer overs\u00e6ttelser af h\u00f8j kvalitet. Vi er ISO-certificeret, og ans\u00e6tter kun professionelle overs\u00e6ttere.","breadcrumb":{"@id":"https:\/\/www.nordictrans.com\/da\/kvalitet\/#breadcrumb"},"inLanguage":"da-DK","potentialAction":[{"@type":"ReadAction","target":["https:\/\/www.nordictrans.com\/da\/kvalitet\/"]}]},{"@type":"ImageObject","inLanguage":"da-DK","@id":"https:\/\/www.nordictrans.com\/da\/kvalitet\/#primaryimage","url":"https:\/\/www.nordictrans.com\/wp-content\/uploads\/2018\/05\/translation-quality-assurance.png","contentUrl":"https:\/\/www.nordictrans.com\/wp-content\/uploads\/2018\/05\/translation-quality-assurance.png","width":1903,"height":670,"caption":"Translation Quality Assurance"},{"@type":"BreadcrumbList","@id":"https:\/\/www.nordictrans.com\/da\/kvalitet\/#breadcrumb","itemListElement":[{"@type":"ListItem","position":1,"name":"Home","item":"https:\/\/www.nordictrans.com\/da\/"},{"@type":"ListItem","position":2,"name":"Kvalitet"}]},{"@type":"WebSite","@id":"https:\/\/www.nordictrans.com\/da\/#website","url":"https:\/\/www.nordictrans.com\/da\/","name":"Nordictrans.com","description":"Translation Agency specialized in Nordic Languages","publisher":{"@id":"https:\/\/www.nordictrans.com\/da\/#organization"},"potentialAction":[{"@type":"SearchAction","target":{"@type":"EntryPoint","urlTemplate":"https:\/\/www.nordictrans.com\/da\/?s={search_term_string}"},"query-input":{"@type":"PropertyValueSpecification","valueRequired":true,"valueName":"search_term_string"}}],"inLanguage":"da-DK"},{"@type":"Organization","@id":"https:\/\/www.nordictrans.com\/da\/#organization","name":"NordicTrans","url":"https:\/\/www.nordictrans.com\/da\/","logo":{"@type":"ImageObject","inLanguage":"da-DK","@id":"https:\/\/www.nordictrans.com\/da\/#\/schema\/logo\/image\/","url":"https:\/\/www.nordictrans.com\/wp-content\/uploads\/2015\/02\/logoNT.png","contentUrl":"https:\/\/www.nordictrans.com\/wp-content\/uploads\/2015\/02\/logoNT.png","width":272,"height":92,"caption":"NordicTrans"},"image":{"@id":"https:\/\/www.nordictrans.com\/da\/#\/schema\/logo\/image\/"},"sameAs":["https:\/\/www.facebook.com\/NordicTrans","https:\/\/x.com\/NordicTrans","https:\/\/www.instagram.com\/NordictransUS","https:\/\/www.linkedin.com\/company\/nordictrans","https:\/\/www.pinterest.com\/nordictrans01","https:\/\/www.youtube.com\/c\/nordictrans"]}]}},"_links":{"self":[{"href":"https:\/\/www.nordictrans.com\/da\/wp-json\/wp\/v2\/pages\/11250","targetHints":{"allow":["GET"]}}],"collection":[{"href":"https:\/\/www.nordictrans.com\/da\/wp-json\/wp\/v2\/pages"}],"about":[{"href":"https:\/\/www.nordictrans.com\/da\/wp-json\/wp\/v2\/types\/page"}],"author":[{"embeddable":true,"href":"https:\/\/www.nordictrans.com\/da\/wp-json\/wp\/v2\/users\/1"}],"replies":[{"embeddable":true,"href":"https:\/\/www.nordictrans.com\/da\/wp-json\/wp\/v2\/comments?post=11250"}],"version-history":[{"count":5,"href":"https:\/\/www.nordictrans.com\/da\/wp-json\/wp\/v2\/pages\/11250\/revisions"}],"predecessor-version":[{"id":26941,"href":"https:\/\/www.nordictrans.com\/da\/wp-json\/wp\/v2\/pages\/11250\/revisions\/26941"}],"wp:featuredmedia":[{"embeddable":true,"href":"https:\/\/www.nordictrans.com\/da\/wp-json\/wp\/v2\/media\/33306"}],"wp:attachment":[{"href":"https:\/\/www.nordictrans.com\/da\/wp-json\/wp\/v2\/media?parent=11250"}],"curies":[{"name":"wp","href":"https:\/\/api.w.org\/{rel}","templated":true}]}}