{"id":11133,"date":"2011-09-15T03:42:21","date_gmt":"2011-09-15T03:42:21","guid":{"rendered":"http:\/\/dev.nordictrans.com\/focus\/"},"modified":"2023-11-15T09:45:31","modified_gmt":"2023-11-15T09:45:31","slug":"fokus","status":"publish","type":"page","link":"https:\/\/www.nordictrans.com\/da\/fokus\/","title":{"rendered":"Industrielt Fokus"},"content":{"rendered":"<div class=\"wpb-content-wrapper\"><p>[vc_row][vc_column]\n\t\t\t<!-- START Industry Focus REVOLUTION SLIDER 6.6.16 --><p class=\"rs-p-wp-fix\"><\/p>\n\t\t\t<rs-module-wrap id=\"rev_slider_20_1_wrapper\" data-source=\"gallery\" style=\"visibility:hidden;background:transparent;padding:0;margin:0px auto;margin-top:0;margin-bottom:0;\">\n\t\t\t\t<rs-module id=\"rev_slider_20_1\" style=\"\" data-version=\"6.6.16\">\n\t\t\t\t\t<rs-slides style=\"overflow: hidden; position: absolute;\">\n\t\t\t\t\t\t<rs-slide style=\"position: absolute;\" data-key=\"rs-102\" data-title=\"Slide\" data-anim=\"adpr:false;\">\n\t\t\t\t\t\t\t<img decoding=\"async\" src=\"\/\/www.nordictrans.com\/wp-content\/plugins\/revslider\/public\/assets\/assets\/dummy.png\" alt=\"\" title=\"Industrielt Fokus\" class=\"rev-slidebg tp-rs-img rs-lazyload\" data-lazyload=\"\/\/www.nordictrans.com\/wp-content\/uploads\/2018\/05\/specialized-translation-fields.png\" data-parallax=\"15\" data-no-retina>\n<!--\n\t\t\t\t\t\t\t--><rs-layer\n\t\t\t\t\t\t\t\tid=\"slider-20-slide-102-layer-1\" \n\t\t\t\t\t\t\t\tdata-type=\"text\"\n\t\t\t\t\t\t\t\tdata-color=\"rgba(255,255,255,1)\"\n\t\t\t\t\t\t\t\tdata-rsp_ch=\"on\"\n\t\t\t\t\t\t\t\tdata-xy=\"x:c;xo:-4px,0,0,0;y:m;yo:-54px,0,0,0;\"\n\t\t\t\t\t\t\t\tdata-text=\"s:60,35,30,24;l:60,40,35,24;fw:700;a:center;\"\n\t\t\t\t\t\t\t\tdata-frame_0=\"tp:600;\"\n\t\t\t\t\t\t\t\tdata-frame_1=\"tp:600;st:0;\"\n\t\t\t\t\t\t\t\tdata-frame_999=\"o:0;tp:600;st:w;sR:8700.0006103516;\"\n\t\t\t\t\t\t\t\tstyle=\"z-index:5;font-family:'Open Sans';opacity:0.6;\"\n\t\t\t\t\t\t\t>\nVI HAR \u00c5BENT 24 TIMER<br\/>\nI D\u00d8GNET<br\/>\n \n\t\t\t\t\t\t\t<\/rs-layer><!--\n\n\t\t\t\t\t\t\t--><rs-layer\n\t\t\t\t\t\t\t\tid=\"slider-20-slide-102-layer-3\" \n\t\t\t\t\t\t\t\tdata-type=\"text\"\n\t\t\t\t\t\t\t\tdata-color=\"rgba(255,255,255,1)\"\n\t\t\t\t\t\t\t\tdata-rsp_ch=\"on\"\n\t\t\t\t\t\t\t\tdata-xy=\"x:c;xo:12px,12px,12px,0;y:m;yo:29px,29px,30px,56px;\"\n\t\t\t\t\t\t\t\tdata-text=\"s:30,30,30,28;l:30;a:inherit,inherit,inherit,center;\"\n\t\t\t\t\t\t\t\tdata-frame_0=\"tp:600;\"\n\t\t\t\t\t\t\t\tdata-frame_1=\"tp:600;st:0;\"\n\t\t\t\t\t\t\t\tdata-frame_999=\"o:0;tp:600;st:w;sR:8700.0006103516;\"\n\t\t\t\t\t\t\t\tstyle=\"z-index:6;font-family:'Roboto Slab';\"\n\t\t\t\t\t\t\t>for at hj\u00e6lpe dig med hastende<br\/> overs\u00e6ttelsesprojekter \n\t\t\t\t\t\t\t<\/rs-layer><!--\n-->\t\t\t\t\t\t<\/rs-slide>\n\t\t\t\t\t<\/rs-slides>\n\t\t\t\t<\/rs-module>\n\t\t\t\t<script>\n\t\t\t\t\tsetREVStartSize({c: 'rev_slider_20_1',rl:[1240,1024,778,480],el:[655,600,500,400],gw:[1240,1024,778,480],gh:[655,600,500,400],type:'hero',justify:'',layout:'fullwidth',mh:\"0\"});if (window.RS_MODULES!==undefined && window.RS_MODULES.modules!==undefined && window.RS_MODULES.modules[\"revslider201\"]!==undefined) {window.RS_MODULES.modules[\"revslider201\"].once = false;window.revapi20 = undefined;if (window.RS_MODULES.checkMinimal!==undefined) window.RS_MODULES.checkMinimal()}\n\t\t\t\t<\/script>\n\t\t\t<\/rs-module-wrap>\n\t\t\t<!-- END REVOLUTION SLIDER -->\n[\/vc_column][\/vc_row][vc_row][vc_column][vc_raw_html]JTNDZGl2JTIwaWQlM0QlMjJzZWNvbmRfYnJlZCUyMiUyMGNsYXNzJTNEJTIyd2YtdGQlMjIlM0UlM0MlMkZkaXYlM0U=[\/vc_raw_html][\/vc_column][\/vc_row][vc_row rowtype=&#8221;fullw&#8221; textalign=&#8221;center&#8221; padding=&#8221;50px&#8221;][vc_column][vc_empty_space height=&#8221;50px&#8221;][vc_column_text]<\/p>\n<h1 style=\"text-align: center; color: #2c5a85;\"><strong>Specialiserede Overs\u00e6ttelsesomr\u00e5der &#8211; Industrielt Fokus<\/strong><\/h1>\n<p>[\/vc_column_text][vc_empty_space][vc_separator][vc_empty_space][vc_column_text]<\/p>\n<h2 style=\"text-align: center;\">Overs\u00e6ttelse er vores speciale, uanset hvad emnet er<\/h2>\n<p>[\/vc_column_text][vc_empty_space][\/vc_column][\/vc_row][vc_row][vc_column][vc_empty_space][vc_row_inner][vc_column_inner width=&#8221;1\/3&#8243;][vc_single_image image=&#8221;11137&#8243; img_size=&#8221;full&#8221; alignment=&#8221;center&#8221;][vc_column_text]<\/p>\n<h3 style=\"text-align: center;\">PR Marketing<\/h3>\n<p>[\/vc_column_text][\/vc_column_inner][vc_column_inner width=&#8221;1\/3&#8243;][vc_single_image image=&#8221;11148&#8243; img_size=&#8221;full&#8221; alignment=&#8221;center&#8221;][vc_column_text]<\/p>\n<h3 style=\"text-align: center;\">Mediekommunikation<\/h3>\n<p>[\/vc_column_text][\/vc_column_inner][vc_column_inner width=&#8221;1\/3&#8243;][vc_single_image image=&#8221;11139&#8243; img_size=&#8221;full&#8221; alignment=&#8221;center&#8221;][vc_column_text]<\/p>\n<h3 style=\"text-align: center;\">Hjemmesideovers\u00e6ttelse<\/h3>\n<p>[\/vc_column_text][\/vc_column_inner][\/vc_row_inner][vc_empty_space][vc_row_inner][vc_column_inner width=&#8221;1\/3&#8243;][vc_single_image image=&#8221;11149&#8243; img_size=&#8221;full&#8221; alignment=&#8221;center&#8221;][vc_column_text]<\/p>\n<h3 style=\"text-align: center;\">Retslige overs\u00e6ttelser<\/h3>\n<p>[\/vc_column_text][\/vc_column_inner][vc_column_inner width=&#8221;1\/3&#8243;][vc_single_image image=&#8221;11151&#8243; img_size=&#8221;full&#8221; alignment=&#8221;center&#8221;][vc_column_text]<\/p>\n<h3 style=\"text-align: center;\">E-kommercielle overs\u00e6ttelser<\/h3>\n<p>[\/vc_column_text][\/vc_column_inner][vc_column_inner width=&#8221;1\/3&#8243;][vc_single_image image=&#8221;11152&#8243; img_size=&#8221;full&#8221; alignment=&#8221;center&#8221;][vc_column_text]<\/p>\n<h3 style=\"text-align: center;\">Teknologiske overs\u00e6ttelser<\/h3>\n<p>[\/vc_column_text][\/vc_column_inner][\/vc_row_inner][vc_empty_space][vc_row_inner][vc_column_inner width=&#8221;1\/3&#8243;][vc_single_image image=&#8221;11153&#8243; img_size=&#8221;full&#8221; alignment=&#8221;center&#8221;][vc_column_text]<\/p>\n<h3 style=\"text-align: center;\">Telekommunikationsovers\u00e6ttelser<\/h3>\n<p>[\/vc_column_text][\/vc_column_inner][vc_column_inner width=&#8221;1\/3&#8243;][vc_single_image image=&#8221;11154&#8243; img_size=&#8221;full&#8221; alignment=&#8221;center&#8221;][vc_column_text]<\/p>\n<h3 style=\"text-align: center;\">\u00c5bent 24 timer i d\u00f8gnet<\/h3>\n<p>[\/vc_column_text][\/vc_column_inner][vc_column_inner width=&#8221;1\/3&#8243;][vc_single_image image=&#8221;11155&#8243; img_size=&#8221;full&#8221; alignment=&#8221;center&#8221;][vc_column_text]<\/p>\n<h3 style=\"text-align: center;\">Specialist i nordiske sprog<\/h3>\n<p>[\/vc_column_text][\/vc_column_inner][\/vc_row_inner][vc_empty_space height=&#8221;50px&#8221;][\/vc_column][\/vc_row][vc_row][vc_column width=&#8221;1\/4&#8243;][vc_icon icon_fontawesome=&#8221;fa fa-usd&#8221; color=&#8221;custom&#8221; size=&#8221;lg&#8221; align=&#8221;center&#8221; custom_color=&#8221;#ccffcc&#8221;][vc_column_text]<\/p>\n<h4 class=\"custom-title\" style=\"text-align: center;\">Og alle forretningsprocesser i forbindelse med IT systemer i overensstemmelse med alle lokale standarder<\/h4>\n<div class=\"inner\">\n<p style=\"text-align: center;\"><span style=\"color: #333333;\">\u00d8konomistyring<br \/>\nLagerstyring<br \/>\nIndk\u00f8bsstyring<br \/>\nProduktionsstyring<br \/>\nSalgsstyring<br \/>\nSupply Chain Management<br \/>\ne-business og<br \/>\nmarkedsunders\u00f8gelser<\/span><\/p>\n<\/div>\n<p>[\/vc_column_text][\/vc_column][vc_column width=&#8221;1\/4&#8243;][vc_icon icon_fontawesome=&#8221;fa fa-globe&#8221; color=&#8221;custom&#8221; size=&#8221;lg&#8221; align=&#8221;center&#8221; custom_color=&#8221;#2c5a85&#8243;][vc_column_text]<\/p>\n<h4 class=\"custom-title\" style=\"text-align: center;\">IT &amp; Telekommunikationsovers\u00e6ttelser<\/h4>\n<div class=\"inner\">\n<p style=\"text-align: center;\">ERP l\u00f8sninger<br \/>\nInternet<br \/>\nBeskedsystemer og sikkerhedssoftware<br \/>\nSoftware og hardware enheder<br \/>\nNetv\u00e6rk &amp; systemadministration<br \/>\nGrafik og CAD<br \/>\nTelekommunikation<br \/>\nFremstillingsprocesser<br \/>\nBrugermanualer<br \/>\nSalgsbrochurer<br \/>\nTeknisk beskrivelse<br \/>\nStandarder<br \/>\nISO Certificeringsprocedure<br \/>\nSpecifikationer<br \/>\nKataloger<br \/>\nBlue Prints<br \/>\nIntern kommunikation<br \/>\nForretningsm\u00e6ssige nyhedsbreve<\/p>\n<\/div>\n<p>[\/vc_column_text][\/vc_column][vc_column width=&#8221;1\/4&#8243;][vc_icon icon_fontawesome=&#8221;fa fa-desktop&#8221; color=&#8221;custom&#8221; size=&#8221;lg&#8221; align=&#8221;center&#8221; custom_color=&#8221;#8ebee2&#8243;][vc_column_text]<\/p>\n<h4 class=\"custom-title\" style=\"text-align: center;\">PR\/Marketing &amp; Mediekommunikationsovers\u00e6ttelser<\/h4>\n<div class=\"inner\">\n<p style=\"text-align: center;\">Kataloger<br \/>\nBrochurer<br \/>\nPressemeddelelser<br \/>\nMarkedsunders\u00f8gelser<br \/>\nArtikler<br \/>\nFirmaomtale<br \/>\nKonferencematerialer<br \/>\nSalgs- &amp; marketingpr\u00e6sentationer<br \/>\nKonferencematerialer<br \/>\nMedie &amp; presse kit<\/p>\n<\/div>\n<p>[\/vc_column_text][\/vc_column][vc_column width=&#8221;1\/4&#8243;][vc_icon icon_fontawesome=&#8221;fa fa-briefcase&#8221; color=&#8221;custom&#8221; size=&#8221;lg&#8221; align=&#8221;center&#8221; custom_color=&#8221;#2c5a85&#8243;][vc_column_text]<\/p>\n<h4 class=\"custom-title\" style=\"text-align: center;\">Presse &amp; Redaktionsovers\u00e6ttelser<\/h4>\n<div class=\"inner\">\n<p style=\"text-align: center;\">Lokalisering af magasiner<br \/>\nArtikler<br \/>\nReportager<br \/>\nNotitser<br \/>\nInterviews<br \/>\nAnnoncer<br \/>\nEssays<br \/>\nPressemeddelelser<br \/>\nKataloger<br \/>\nBiografier<br \/>\nH\u00e5ndb\u00f8ger<\/p>\n<\/div>\n<p>[\/vc_column_text][\/vc_column][\/vc_row][vc_row rowtype=&#8221;fullw&#8221;][vc_column][vc_empty_space][vc_column_text]<\/p>\n<h3 style=\"text-align: center;\"><span style=\"color: #2c5a85;\">Nordictrans har de n\u00f8dvendige resourser og arbejdsstyrken til at yde overs\u00e6ttelsesservices p\u00e5 n\u00e6sten ethvert omr\u00e5de. Vi har specialiserede overs\u00e6ttere, som fuldt ud er i stand til at yde medicinske overs\u00e6ttelser, tekniske overs\u00e6ttelser, juridiske og forretningsm\u00e6ssige overs\u00e6ttelser af dokumenter og hjemmesider.<\/span><\/h3>\n<p>[\/vc_column_text][vc_empty_space][vc_text_separator title=&#8221;&#8221;][vc_row_inner][vc_column_inner][vc_empty_space][vc_custom_heading text=&#8221;Vores Overs\u00e6ttelsesomr\u00e5der&#8221; font_container=&#8221;tag:h2|text_align:center|color:%23666666&#8243; google_fonts=&#8221;font_family:Roboto%20Slab%3A100%2C300%2Cregular%2C700|font_style:400%20regular%3A400%3Anormal&#8221;][vc_empty_space][vc_column_text]<\/p>\n<p style=\"text-align: center;\" align=\"center\"><span lang=\"DA\">Der er en meget god grund til at du og din virksomhed overvejer fordelene ved at bruge den bedste <a href=\"https:\/\/www.nordictrans.com\/da\/fokus\/erhvervs-oversaettelse\/\">forretnings-overs\u00e6ttelse<\/a> p\u00e5 markedet i dag. Det giver god mening for dig at overveje dette, specielt n\u00e5r du leder efter <a href=\"https:\/\/www.nordictrans.com\/da\/fokus\/juridiske-oversaettelser\/\">juridiske overs\u00e6ttelser<\/a>. Den type dokumenter du vil anvende i l\u00f8bet af s\u00e5danne forretningstransaktioner kr\u00e6ver normalt den yderste diskretion. Af denne grund skal du f\u00e5 dine juridiske overs\u00e6ttelser h\u00e5ndteret af professionelle, som det team vi har.<\/span><\/p>\n<p style=\"text-align: center;\" align=\"center\"><span lang=\"DA\">Fra det \u00f8jeblik vi begynder at arbejde sammen med dig p\u00e5 den tekniske overs\u00e6ttelse, vil du komme til at v\u00e6rds\u00e6tte det arbejde vi udf\u00f8rer. N\u00e5r det handler om denne type forretningstransaktioner, er der ikke noget der er for teknisk for vores team. Vi er i stand til at levere <a href=\"https:\/\/www.nordictrans.com\/da\/fokus\/tekniske-oversaettelser\/\">tekniske overs\u00e6ttelser<\/a> til dig p\u00e5 meget kort tid, s\u00e5 du kan komme tilbage til din forretning, og g\u00f8re, hvad du normalt g\u00f8r med lethed.<\/span><\/p>\n<p style=\"text-align: center;\" align=\"center\"><span lang=\"DA\">Siden vi begyndte at tilbyde vores overs\u00e6ttelser, har vores r\u00e6kkevidde spredt sig over hele regionen. Faktisk kan du nu ogs\u00e5 f\u00e5 <a href=\"https:\/\/www.nordictrans.com\/da\/fokus\/medicinske-oversaettelser\/\">medicinske overs\u00e6ttelser<\/a> fra os, s\u00e5 alle dine medicinske dokumenter er nemmere at forst\u00e5. Du kan forestille dig en situation, hvor du flytter til et nyt land, men ingen kan forst\u00e5 den information, der er p\u00e5 dine l\u00e6gejournaler. Dette er grunden til, at vi vil hj\u00e6lpe dig med medicinske overs\u00e6ttelser til den mest besv\u00e6rlige dialekt indtil nu, s\u00e5 du er i stand til kun at f\u00e5 den bedste service, baseret p\u00e5 samme.<\/span><\/p>\n<p style=\"text-align: center;\" align=\"center\"><strong><span lang=\"DA\">Vi leverer kvalitets-overs\u00e6ttelser til overkommelige priser, til ethvert af omr\u00e5derne ovenfor.<\/span><\/strong><span lang=\"DA\"> Hvis du leder efter noget der ikke er p\u00e5 listen, s\u00e5 tag kontakt med os, der er en god chance for, at vi kan levere det.<\/span><\/p>\n<p>[\/vc_column_text][vc_empty_space height=&#8221;50px&#8221;][\/vc_column_inner][\/vc_row_inner][\/vc_column][\/vc_row][vc_row type=&#8221;3&#8243; margin_bottom=&#8221;0px&#8221; full_width_row=&#8221;true&#8221; rowtype=&#8221;fullw&#8221; textalign=&#8221;center&#8221; padding=&#8221;30px 0px&#8221; css=&#8221;.vc_custom_1479126782840{margin-bottom: 0px !important;padding-top: 30px !important;padding-right: 0px !important;padding-bottom: 30px !important;padding-left: 0px !important;background-color: #ccffcc !important;}&#8221; el_class=&#8221;live-contact-btn-wrap&#8221;][vc_column][vc_cta h2=&#8221;Er du klar? Lad os komme i gang:&#8221; txt_align=&#8221;center&#8221; add_button=&#8221;right&#8221; btn_title=&#8221;LIVE KONTAKT&#8221; btn_style=&#8221;custom&#8221; btn_custom_background=&#8221;#ffffff&#8221; btn_custom_text=&#8221;#2a4a8f&#8221; btn_shape=&#8221;round&#8221; btn_align=&#8221;center&#8221; btn_button_block=&#8221;true&#8221; btn_custom_onclick=&#8221;true&#8221; btn_smooth_scroll=&#8221;true&#8221; btn_link=&#8221;url:https%3A%2F%2Fwww.nordictrans.com%2Fchat-popup%2F|||&#8221; el_class=&#8221;live-contact-btn&#8221;][\/vc_cta][\/vc_column][\/vc_row]<\/p>\n<\/div>","protected":false},"excerpt":{"rendered":"<p>[vc_row][vc_column][\/vc_column][\/vc_row][vc_row][vc_column][vc_raw_html]JTNDZGl2JTIwaWQlM0QlMjJzZWNvbmRfYnJlZCUyMiUyMGNsYXNzJTNEJTIyd2YtdGQlMjIlM0UlM0MlMkZkaXYlM0U=[\/vc_raw_html][\/vc_column][\/vc_row][vc_row rowtype=&#8221;fullw&#8221; textalign=&#8221;center&#8221; padding=&#8221;50px&#8221;][vc_column][vc_empty_space height=&#8221;50px&#8221;][vc_column_text] Specialiserede Overs\u00e6ttelsesomr\u00e5der &#8211; Industrielt Fokus [\/vc_column_text][vc_empty_space][vc_separator][vc_empty_space][vc_column_text] Overs\u00e6ttelse er vores speciale, uanset hvad emnet er [\/vc_column_text][vc_empty_space][\/vc_column][\/vc_row][vc_row][vc_column][vc_empty_space][vc_row_inner][vc_column_inner width=&#8221;1\/3&#8243;][vc_single_image image=&#8221;11137&#8243; img_size=&#8221;full&#8221; alignment=&#8221;center&#8221;][vc_column_text] PR Marketing [\/vc_column_text][\/vc_column_inner][vc_column_inner width=&#8221;1\/3&#8243;][vc_single_image image=&#8221;11148&#8243; img_size=&#8221;full&#8221; alignment=&#8221;center&#8221;][vc_column_text] Mediekommunikation [\/vc_column_text][\/vc_column_inner][vc_column_inner width=&#8221;1\/3&#8243;][vc_single_image image=&#8221;11139&#8243; img_size=&#8221;full&#8221; alignment=&#8221;center&#8221;][vc_column_text] Hjemmesideovers\u00e6ttelse [\/vc_column_text][\/vc_column_inner][\/vc_row_inner][vc_empty_space][vc_row_inner][vc_column_inner width=&#8221;1\/3&#8243;][vc_single_image image=&#8221;11149&#8243; img_size=&#8221;full&#8221; alignment=&#8221;center&#8221;][vc_column_text] Retslige overs\u00e6ttelser [\/vc_column_text][\/vc_column_inner][vc_column_inner width=&#8221;1\/3&#8243;][vc_single_image image=&#8221;11151&#8243; img_size=&#8221;full&#8221; alignment=&#8221;center&#8221;][vc_column_text] E-kommercielle overs\u00e6ttelser [\/vc_column_text][\/vc_column_inner][vc_column_inner width=&#8221;1\/3&#8243;][vc_single_image image=&#8221;11152&#8243;&hellip;<\/p>\n","protected":false},"author":1,"featured_media":33298,"parent":0,"menu_order":0,"comment_status":"closed","ping_status":"closed","template":"","meta":{"_acf_changed":false,"footnotes":""},"class_list":["post-11133","page","type-page","status-publish","has-post-thumbnail","hentry","description-off"],"acf":[],"yoast_head":"<!-- This site is optimized with the Yoast SEO Premium plugin v26.5 (Yoast SEO v26.5) - https:\/\/yoast.com\/wordpress\/plugins\/seo\/ -->\n<title>Industrielt fokus: Effektive l\u00f8sninger<\/title>\n<meta name=\"description\" content=\"Industrielt fokus: NordicTrans specialiserer sig i dokumentovers\u00e6ttelser fra engelsk til dansk, hollandsk, svensk, finsk, norsk og tysk.\" \/>\n<meta name=\"robots\" content=\"index, follow, max-snippet:-1, max-image-preview:large, max-video-preview:-1\" \/>\n<link rel=\"canonical\" href=\"https:\/\/www.nordictrans.com\/da\/fokus\/\" \/>\n<meta property=\"og:locale\" content=\"da_DK\" \/>\n<meta property=\"og:type\" content=\"article\" \/>\n<meta property=\"og:title\" content=\"Industrielt Fokus\" \/>\n<meta property=\"og:description\" content=\"NordicTrans works in the following specialized translation fields: medical, technical, legal and business and can translate from and into over 120 languages\" \/>\n<meta property=\"og:url\" content=\"https:\/\/www.nordictrans.com\/da\/fokus\/\" \/>\n<meta property=\"og:site_name\" content=\"Nordictrans.com\" \/>\n<meta property=\"article:publisher\" content=\"https:\/\/www.facebook.com\/NordicTrans\" \/>\n<meta property=\"article:modified_time\" content=\"2023-11-15T09:45:31+00:00\" \/>\n<meta property=\"og:image\" content=\"https:\/\/www.nordictrans.com\/wp-content\/uploads\/2018\/05\/specialized-translation-fields.png\" \/>\n\t<meta property=\"og:image:width\" content=\"1903\" \/>\n\t<meta property=\"og:image:height\" content=\"670\" \/>\n\t<meta property=\"og:image:type\" content=\"image\/png\" \/>\n<meta name=\"twitter:card\" content=\"summary_large_image\" \/>\n<meta name=\"twitter:description\" content=\"JTNDZGl2JTIwaWQlM0QlMjJzZWNvbmRfYnJlZCUyMiUyMGNsYXNzJTNEJTIyd2YtdGQlMjIlM0UlM0MlMkZkaXYlM0U= Specialiserede Overs\u00e6ttelsesomr\u00e5der - Industrielt Fokus\" \/>\n<meta name=\"twitter:site\" content=\"@NordicTrans\" \/>\n<meta name=\"twitter:label1\" content=\"Estimeret l\u00e6setid\" \/>\n\t<meta name=\"twitter:data1\" content=\"3 minutter\" \/>\n<!-- \/ Yoast SEO Premium plugin. -->","yoast_head_json":{"title":"Industrielt fokus: Effektive l\u00f8sninger","description":"Industrielt fokus: NordicTrans specialiserer sig i dokumentovers\u00e6ttelser fra engelsk til dansk, hollandsk, svensk, finsk, norsk og tysk.","robots":{"index":"index","follow":"follow","max-snippet":"max-snippet:-1","max-image-preview":"max-image-preview:large","max-video-preview":"max-video-preview:-1"},"canonical":"https:\/\/www.nordictrans.com\/da\/fokus\/","og_locale":"da_DK","og_type":"article","og_title":"Industrielt Fokus","og_description":"NordicTrans works in the following specialized translation fields: medical, technical, legal and business and can translate from and into over 120 languages","og_url":"https:\/\/www.nordictrans.com\/da\/fokus\/","og_site_name":"Nordictrans.com","article_publisher":"https:\/\/www.facebook.com\/NordicTrans","article_modified_time":"2023-11-15T09:45:31+00:00","og_image":[{"width":1903,"height":670,"url":"https:\/\/www.nordictrans.com\/wp-content\/uploads\/2018\/05\/specialized-translation-fields.png","type":"image\/png"}],"twitter_card":"summary_large_image","twitter_description":"JTNDZGl2JTIwaWQlM0QlMjJzZWNvbmRfYnJlZCUyMiUyMGNsYXNzJTNEJTIyd2YtdGQlMjIlM0UlM0MlMkZkaXYlM0U= Specialiserede Overs\u00e6ttelsesomr\u00e5der - Industrielt Fokus","twitter_site":"@NordicTrans","twitter_misc":{"Estimeret l\u00e6setid":"3 minutter"},"schema":{"@context":"https:\/\/schema.org","@graph":[{"@type":"WebPage","@id":"https:\/\/www.nordictrans.com\/da\/fokus\/","url":"https:\/\/www.nordictrans.com\/da\/fokus\/","name":"Industrielt fokus: Effektive l\u00f8sninger","isPartOf":{"@id":"https:\/\/www.nordictrans.com\/da\/#website"},"primaryImageOfPage":{"@id":"https:\/\/www.nordictrans.com\/da\/fokus\/#primaryimage"},"image":{"@id":"https:\/\/www.nordictrans.com\/da\/fokus\/#primaryimage"},"thumbnailUrl":"https:\/\/www.nordictrans.com\/wp-content\/uploads\/2018\/05\/specialized-translation-fields.png","datePublished":"2011-09-15T03:42:21+00:00","dateModified":"2023-11-15T09:45:31+00:00","description":"Industrielt fokus: NordicTrans specialiserer sig i dokumentovers\u00e6ttelser fra engelsk til dansk, hollandsk, svensk, finsk, norsk og tysk.","breadcrumb":{"@id":"https:\/\/www.nordictrans.com\/da\/fokus\/#breadcrumb"},"inLanguage":"da-DK","potentialAction":[{"@type":"ReadAction","target":["https:\/\/www.nordictrans.com\/da\/fokus\/"]}]},{"@type":"ImageObject","inLanguage":"da-DK","@id":"https:\/\/www.nordictrans.com\/da\/fokus\/#primaryimage","url":"https:\/\/www.nordictrans.com\/wp-content\/uploads\/2018\/05\/specialized-translation-fields.png","contentUrl":"https:\/\/www.nordictrans.com\/wp-content\/uploads\/2018\/05\/specialized-translation-fields.png","width":1903,"height":670,"caption":"specialized translation fields"},{"@type":"BreadcrumbList","@id":"https:\/\/www.nordictrans.com\/da\/fokus\/#breadcrumb","itemListElement":[{"@type":"ListItem","position":1,"name":"Home","item":"https:\/\/www.nordictrans.com\/da\/"},{"@type":"ListItem","position":2,"name":"Industrielt Fokus"}]},{"@type":"WebSite","@id":"https:\/\/www.nordictrans.com\/da\/#website","url":"https:\/\/www.nordictrans.com\/da\/","name":"Nordictrans.com","description":"Translation Agency specialized in Nordic Languages","publisher":{"@id":"https:\/\/www.nordictrans.com\/da\/#organization"},"potentialAction":[{"@type":"SearchAction","target":{"@type":"EntryPoint","urlTemplate":"https:\/\/www.nordictrans.com\/da\/?s={search_term_string}"},"query-input":{"@type":"PropertyValueSpecification","valueRequired":true,"valueName":"search_term_string"}}],"inLanguage":"da-DK"},{"@type":"Organization","@id":"https:\/\/www.nordictrans.com\/da\/#organization","name":"NordicTrans","url":"https:\/\/www.nordictrans.com\/da\/","logo":{"@type":"ImageObject","inLanguage":"da-DK","@id":"https:\/\/www.nordictrans.com\/da\/#\/schema\/logo\/image\/","url":"https:\/\/www.nordictrans.com\/wp-content\/uploads\/2015\/02\/logoNT.png","contentUrl":"https:\/\/www.nordictrans.com\/wp-content\/uploads\/2015\/02\/logoNT.png","width":272,"height":92,"caption":"NordicTrans"},"image":{"@id":"https:\/\/www.nordictrans.com\/da\/#\/schema\/logo\/image\/"},"sameAs":["https:\/\/www.facebook.com\/NordicTrans","https:\/\/x.com\/NordicTrans","https:\/\/www.instagram.com\/NordictransUS","https:\/\/www.linkedin.com\/company\/nordictrans","https:\/\/www.pinterest.com\/nordictrans01","https:\/\/www.youtube.com\/c\/nordictrans"]}]}},"_links":{"self":[{"href":"https:\/\/www.nordictrans.com\/da\/wp-json\/wp\/v2\/pages\/11133","targetHints":{"allow":["GET"]}}],"collection":[{"href":"https:\/\/www.nordictrans.com\/da\/wp-json\/wp\/v2\/pages"}],"about":[{"href":"https:\/\/www.nordictrans.com\/da\/wp-json\/wp\/v2\/types\/page"}],"author":[{"embeddable":true,"href":"https:\/\/www.nordictrans.com\/da\/wp-json\/wp\/v2\/users\/1"}],"replies":[{"embeddable":true,"href":"https:\/\/www.nordictrans.com\/da\/wp-json\/wp\/v2\/comments?post=11133"}],"version-history":[{"count":5,"href":"https:\/\/www.nordictrans.com\/da\/wp-json\/wp\/v2\/pages\/11133\/revisions"}],"predecessor-version":[{"id":62770,"href":"https:\/\/www.nordictrans.com\/da\/wp-json\/wp\/v2\/pages\/11133\/revisions\/62770"}],"wp:featuredmedia":[{"embeddable":true,"href":"https:\/\/www.nordictrans.com\/da\/wp-json\/wp\/v2\/media\/33298"}],"wp:attachment":[{"href":"https:\/\/www.nordictrans.com\/da\/wp-json\/wp\/v2\/media?parent=11133"}],"curies":[{"name":"wp","href":"https:\/\/api.w.org\/{rel}","templated":true}]}}